{"id":1023,"date":"2024-12-19T06:16:24","date_gmt":"2024-12-19T06:16:24","guid":{"rendered":"https:\/\/fmp-components.com\/product\/10015-hot-sale-double-effect-hydraulic-piston-cylinder-for-transplanter\/"},"modified":"2024-12-26T08:52:47","modified_gmt":"2024-12-26T08:52:47","slug":"10015-hot-sale-double-effect-hydraulic-piston-cylinder-for-transplanter","status":"publish","type":"product","link":"https:\/\/fmp-components.com\/fi\/product\/10015-hot-sale-double-effect-hydraulic-piston-cylinder-for-transplanter\/","title":{"rendered":"10015 Kuuma myynti kaksoisvaikutteinen hydraulinen m\u00e4nt\u00e4sylinteri istutuslaitteeseen"},"content":{"rendered":"<h2>Tuote 10015 Kuuma myynti Kaksoisvaikutteinen hydraulinen m\u00e4nt\u00e4sylinteri istutuslaitteeseen Johdanto:<\/h2>\n<p>Jos etsit korkealaatuista hydraulista m\u00e4nt\u00e4sylinteri\u00e4 istutuskoneeseesi, 10015 Double Effect -m\u00e4nt\u00e4sylinteri on erinomainen valinta. T\u00e4m\u00e4 sylinteri on huolellisesti valmistettu tarjoamaan optimaalista suorituskyky\u00e4, luotettavuutta ja kest\u00e4vyytt\u00e4 jopa vaikeimmissa olosuhteissa.<\/p>\n<p>10015-m\u00e4nt\u00e4sylinteriss\u00e4 on kaksitoiminen rakenne, joka mahdollistaa tasaisemman ja tehokkaamman toiminnan. Sen tarkka suunnittelu varmistaa tasaisen toimivuuden ja suorituskyvyn, ja kest\u00e4v\u00e4t rakennusmateriaalit tekev\u00e4t siit\u00e4 lujan ja pitk\u00e4ik\u00e4isen.<\/p>\n<p>Vankan ja luotettavan rakenteensa ansiosta 10015-m\u00e4nt\u00e4sylinteri sopii erinomaisesti monenlaisiin k\u00e4ytt\u00f6tarkoituksiin, kuten maatalouskoneisiin, rakennuskoneisiin ja paljon muuhun. Jos siis etsit luotettavaa ja tehokasta hydraulista m\u00e4nt\u00e4sylinteri\u00e4, 10015-kaksitehoinen m\u00e4nt\u00e4sylinteri on erinomainen valinta.<\/p>\n<p><img decoding=\"async\" src=\"https:\/\/hzpt.com\/wp-content\/uploads\/2023\/12\/insert-3.webp\" alt=\"\" title=\"\"><\/p>\n<h2>Hitsatun Clevis-tyyppisen sylinterin edut<\/h2>\n<p>Hitsatut haarukkatyyppiset sylinterit ovat suosittu valinta moniin teollisiin sovelluksiin ainutlaatuisten etujensa ja hy\u00f6tyjens\u00e4 ansiosta. T\u00e4ss\u00e4 on joitakin hitsattujen haarukkatyyppisten sylinterien t\u00e4rkeimmist\u00e4 eduista:<\/p>\n<h3>1. Lis\u00e4\u00e4ntynyt lujuus ja kest\u00e4vyys<\/h3>\n<p>Hitsatut haarukkatyyppiset sylinterit on valmistettu hitsatulla p\u00e4\u00e4tykorkilla, joka tarjoaa enemm\u00e4n lujuutta ja kest\u00e4vyytt\u00e4 verrattuna muuntyyppisiin sylintereihin. T\u00e4m\u00e4 tekee niist\u00e4 ihanteellisia raskaisiin sovelluksiin, jotka vaativat korkeaa lujuutta ja kest\u00e4vyytt\u00e4.<\/p>\n<p>Lis\u00e4ksi n\u00e4iden sylinterien hitsattu rakenne tarkoittaa, ett\u00e4 ne vuotavat tai rikkoutuvat ep\u00e4todenn\u00e4k\u00f6isemmin, mik\u00e4 voi auttaa v\u00e4hent\u00e4m\u00e4\u00e4n seisokkiaikoja ja yll\u00e4pitokustannuksia.<\/p>\n<h3>2. Kyky k\u00e4sitell\u00e4 korkeaa painetta<\/h3>\n<p>Hitsatut haarukkatyyppiset sylinterit pystyv\u00e4t k\u00e4sittelem\u00e4\u00e4n my\u00f6s korkeapainesovelluksia, mik\u00e4 tekee niist\u00e4 suositun valinnan esimerkiksi rakennus-, kaivos- sek\u00e4 \u00f6ljy- ja kaasuteollisuudessa. Niiden kyky k\u00e4sitell\u00e4 korkeaa painetta varmistaa luotettavan suorituskyvyn vaativissa ymp\u00e4rist\u00f6iss\u00e4.<\/p>\n<h3>3. Mukautettava muotoilu<\/h3>\n<p>Hitsattuja haarukkatyyppisi\u00e4 sylintereit\u00e4 voidaan suunnitella mittatilausty\u00f6n\u00e4 vastaamaan sovelluksen erityistarpeita. T\u00e4m\u00e4 tarkoittaa, ett\u00e4 ne voidaan r\u00e4\u00e4t\u00e4l\u00f6id\u00e4 tiettyyn kokoon, muotoon tai suorituskykyvaatimukseen. Mukautettava suunnittelu mahdollistaa my\u00f6s suuremman joustavuuden valmistusprosessissa, mik\u00e4 voi johtaa kustannuss\u00e4\u00e4st\u00f6ihin.<\/p>\n<h3>4. Helppo asennus<\/h3>\n<p>Hitsatut haarukkatyyppiset sylinterit on suunniteltu helppoon asennukseen, mik\u00e4 auttaa v\u00e4hent\u00e4m\u00e4\u00e4n asennusaikaa ja ty\u00f6voimakustannuksia. Ne ovat yleens\u00e4 esikoottuja ja k\u00e4ytt\u00f6valmiita suoraan pakkauksesta, mik\u00e4 minimoi lis\u00e4osien tai -komponenttien tarpeen.<\/p>\n<h3>5. Parannettu suorituskyky<\/h3>\n<p>Hitsattujen haarukkatyyppisten sylinterien rakenne mahdollistaa paremman suorituskyvyn verrattuna muuntyyppisiin sylintereihin. Ne pystyv\u00e4t tuottamaan enemm\u00e4n voimaa paineyksikk\u00f6\u00e4 kohden, mik\u00e4 voi auttaa parantamaan tehokkuutta ja tuottavuutta teollisissa sovelluksissa.<\/p>\n<p>Kaiken kaikkiaan hitsatut haarukkatyyppiset sylinterit tarjoavat useita etuja ja hy\u00f6tyj\u00e4, jotka tekev\u00e4t niist\u00e4 suositun valinnan moniin teollisiin sovelluksiin. Niiden lis\u00e4\u00e4ntynyt lujuus ja kest\u00e4vyys, kyky k\u00e4sitell\u00e4 korkeaa painetta, mukautettava suunnittelu, helppo asennus ja parannettu suorituskyky tekev\u00e4t niist\u00e4 ihanteellisen valinnan vaativiin ymp\u00e4rist\u00f6ihin, joissa luotettavuus ja suorituskyky ovat avainasemassa.<\/p>\n<h2>Hitsatun Clevis-tyyppisen sylinterin k\u00e4ytt\u00f6<\/h2>\n<ul>\n<li><strong>Teollisuuskoneet:<\/strong> Hitsattuja sakkelisylintereit\u00e4 k\u00e4ytet\u00e4\u00e4n laajalti erilaisissa teollisuuskoneissa raskaissa sovelluksissa. N\u00e4m\u00e4 sylinterit pystyv\u00e4t tuottamaan suuren voiman koneiden komponenttien nostamiseen ja puristamiseen. Hitsattu sakkelirakenne mahdollistaa helpon asennuksen ja tehokkaan k\u00e4yt\u00f6n, mik\u00e4 tekee siit\u00e4 suositun valinnan valmistajille.\n<ul>\n<li>Valmistavassa teollisuudessa hitsattuja haarukkatyyppisi\u00e4 sylintereit\u00e4 k\u00e4ytet\u00e4\u00e4n hydraulipuristimissa, ruiskuvalukoneissa ja metallinleimauslaitteissa tarvittavan voiman aikaansaamiseksi metallilevyjen muovaukseen ja muotoiluun.<\/li>\n<li>Autoteollisuudessa n\u00e4it\u00e4 sylintereit\u00e4 k\u00e4ytet\u00e4\u00e4n autonostureissa, nostimissa ja kokoonpanokoneissa raskaiden komponenttien nostamiseen valmistusprosessin aikana.<\/li>\n<li>Rakennusteollisuudessa hitsattuja haarukkatyyppisi\u00e4 sylintereit\u00e4 k\u00e4ytet\u00e4\u00e4n nostureissa, kaivinkoneissa ja puskutraktoreissa raskaita kuormia nostavien ja siirt\u00e4vien hydraulij\u00e4rjestelmien voimanl\u00e4hteen\u00e4.<\/li>\n<\/ul>\n<\/li>\n<li><strong>Maatalouskoneet:<\/strong> Maatalouskoneet ovat yksi t\u00e4rkeimmist\u00e4 k\u00e4ytt\u00f6alueista, joilla hitsattuja sakkelityyppisi\u00e4 sylintereit\u00e4 k\u00e4ytet\u00e4\u00e4n. N\u00e4it\u00e4 sylintereit\u00e4 k\u00e4ytet\u00e4\u00e4n erilaisissa maatalouskoneissa, kuten traktoreissa, puimureissa ja auroissa, tarjoamaan tarvittava voima maanmuokkaukseen, istutukseen ja sadonkorjuuseen.\n<ul>\n<li>Maataloudessa hitsattuja sakkelityyppisi\u00e4 sylintereit\u00e4 k\u00e4ytet\u00e4\u00e4n auroissa, kultivaattoreissa ja kylv\u00f6koneissa tarvittavan voiman aikaansaamiseksi maanmuokkaukseen ja siementen kylv\u00f6\u00f6n.<\/li>\n<li>Sadonkorjuuteollisuudessa n\u00e4it\u00e4 sylintereit\u00e4 k\u00e4ytet\u00e4\u00e4n puimureissa, paalaimissa ja ruohonleikkureissa satoa ker\u00e4\u00e4vien ja kuljettavien hydraulij\u00e4rjestelmien voimanl\u00e4hteen\u00e4.<\/li>\n<\/ul>\n<\/li>\n<li><strong>Ilmailu ja puolustus:<\/strong> Hitsattuja Clevis-tyyppisi\u00e4 sylintereit\u00e4 k\u00e4ytet\u00e4\u00e4n my\u00f6s ilmailu- ja puolustusteollisuudessa, jossa niit\u00e4 k\u00e4ytet\u00e4\u00e4n monenlaisissa sovelluksissa lentokoneissa, raketeissa, ohjuksissa ja puolustusj\u00e4rjestelmiss\u00e4.\n<ul>\n<li>Ilmailuteollisuudessa hitsattuja haarukkatyyppisi\u00e4 sylintereit\u00e4 k\u00e4ytet\u00e4\u00e4n lentokoneiden laskutelineiss\u00e4, l\u00e4ppiss\u00e4 ja jarruissa tarvittavan voiman aikaansaamiseksi nousussa ja laskeutumisessa.<\/li>\n<li>Puolustusteollisuudessa n\u00e4it\u00e4 sylintereit\u00e4 k\u00e4ytet\u00e4\u00e4n ohjuslaukaisimissa, tykkitorneissa ja panssarivaunuj\u00e4rjestelmiss\u00e4 aseiden ja ammusten liikett\u00e4 ohjaavien hydraulij\u00e4rjestelmien virransy\u00f6tt\u00f6\u00f6n.<\/li>\n<\/ul>\n<\/li>\n<li><strong>Meriteollisuus:<\/strong> Hitsattuja Clevis-tyyppisi\u00e4 sylintereit\u00e4 k\u00e4ytet\u00e4\u00e4n my\u00f6s laajalti meriteollisuudessa, jossa niit\u00e4 k\u00e4ytet\u00e4\u00e4n erilaisissa sovelluksissa laivoissa, veneiss\u00e4 ja vedenalaisissa ajoneuvoissa.\n<ul>\n<li>Merenkulkualalla hitsattuja haarukkatyyppisi\u00e4 sylintereit\u00e4 k\u00e4ytet\u00e4\u00e4n nostureissa, vinsseiss\u00e4 ja lastink\u00e4sittelylaitteissa tarvittavan voiman aikaansaamiseksi lastin lastaamiseen ja purkamiseen.<\/li>\n<li>Veneteollisuudessa n\u00e4it\u00e4 sylintereit\u00e4 k\u00e4ytet\u00e4\u00e4n ohjausj\u00e4rjestelmiss\u00e4, potkureissa ja ankkurij\u00e4rjestelmiss\u00e4 veneiden ja laivojen liikkeen ohjaamiseen tarvittavan voiman aikaansaamiseksi.<\/li>\n<li>Vedenalaisten ajoneuvojen teollisuudessa hitsattuja haarukkatyyppisi\u00e4 sylintereit\u00e4 k\u00e4ytet\u00e4\u00e4n sukellusveneiss\u00e4, kauko-ohjattavissa ajoneuvoissa (ROV) ja sukellusvarusteissa tarvittavan voiman aikaansaamiseksi vedenalaisiin operaatioihin.<\/li>\n<\/ul>\n<\/li>\n<li><strong>Kaivosteollisuus:<\/strong> Hitsattuja haarukkatyyppisi\u00e4 sylintereit\u00e4 k\u00e4ytet\u00e4\u00e4n my\u00f6s kaivosteollisuudessa, jossa niit\u00e4 k\u00e4ytet\u00e4\u00e4n erilaisissa sovelluksissa mineraalien louhintaan ja materiaalink\u00e4sittelyyn.\n<ul>\n<li>Kaivosteollisuudessa hitsattuja sakkelityyppisi\u00e4 sylintereit\u00e4 k\u00e4ytet\u00e4\u00e4n kuljetinj\u00e4rjestelmiss\u00e4, porakoneissa ja hydraulisissa kaivoksissa tarvittavan voiman aikaansaamiseksi mineraalien ja materiaalien louhintaan kaivoksista ja louhoksista.<\/li>\n<\/ul>\n<\/li>\n<\/ul>\n<h2>Tietoja FMP:st\u00e4<\/h2>\n<p>FMP:ll\u00e4 on johtava asema Italian liikkuvien koneiden hydraulisylintereiden segmentiss\u00e4. 200 000 laitteen tuotantokapasiteettimme, johon kuuluu 300 erilaista t\u00e4ysautomaattista CNC-tuotantolaitetta ja t\u00e4ysautomaattista hydraulisylinterien kokoonpanolaitteistoa, takaa korkealaatuiset tuotteet ja erinomaisen palvelun.<\/p>\n<p>Siirtokoneisiin tarkoitetun kaksoisvaikutteisen hydraulisen m\u00e4nt\u00e4sylinterin lis\u00e4ksi tarjoamme laajan valikoiman muita tuotteita, kuten hydraulisylintereit\u00e4 henkil\u00f6nostimiin, teollisuusajoneuvoihin, porauslautoihin, kuorma-autonostureihin, rakennuskoneisiin, trukkeihin, kaivoskuorma-autoihin, ymp\u00e4rist\u00f6nsuojelukoneisiin ja muihin. Toimitettujen n\u00e4ytteiden ja piirustusten perusteella tehdyt mittatilausty\u00f6n\u00e4 tehdyt mallit ovat tervetulleita.<\/p>\n<h2>Miksi valita FMP?<\/h2>\n<p>FMP:ll\u00e4 tarjoamme korkealaatuisia tuotteita kilpailukykyiseen hintaan ja erinomaista palvelua. Pyrimme t\u00e4ytt\u00e4m\u00e4\u00e4n ja ylitt\u00e4m\u00e4\u00e4n asiakkaiden odotukset.<\/p>\n<p><img loading=\"lazy\" decoding=\"async\" class=\"\" src=\"https:\/\/hzpt.com\/wp-content\/uploads\/2023\/12\/insert-5.webp\" alt=\"FMP-tehdas\" width=\"918\" height=\"514\" title=\"\"><\/p>\n<h2>Usein kysytyt kysymykset<\/h2>\n<ol>\n<li>K: Mik\u00e4 on hydraulisen m\u00e4nt\u00e4sylinterin kuormankantokyky? V: Yksityiskohdat voidaan toimittaa pyynn\u00f6st\u00e4.<\/li>\n<li>K: Kuinka usein hydrauliikka\u00f6ljy on vaihdettava? V: Se riippuu k\u00e4ytt\u00f6tiheydest\u00e4.<\/li>\n<li>K: Voidaanko hydraulista m\u00e4nt\u00e4sylinteri\u00e4 k\u00e4ytt\u00e4\u00e4 muissa koneissa? V: Kyll\u00e4, sit\u00e4 voidaan r\u00e4\u00e4t\u00e4l\u00f6id\u00e4 erilaisiin sovelluksiin.<\/li>\n<li>K: Miten voin mitata hydraulisylinterin? V: Annamme yksityiskohtaisen oppaan.<\/li>\n<li>K: Tarjoaako FMP asennuspalveluita? V: Kyll\u00e4. Ota yhteytt\u00e4 saadaksesi lis\u00e4tietoja.<\/li>\n<\/ol>\n<p>Tekij\u00e4: CX<\/p>","protected":false},"excerpt":{"rendered":"<p>Product 10015 Hot Sale Double Effect Hydraulic Piston Cylinder for Transplanter Introduction: If you&#8217;re looking for a high-quality hydraulic piston cylinder for your transplanter, the 10015 Double Effect Piston Cylinder is an excellent choice. This cylinder is carefully crafted to deliver optimal performance, reliability, and durability in even the toughest conditions. The 10015 piston cylinder [&hellip;]<\/p>","protected":false},"featured_media":1127,"comment_status":"closed","ping_status":"closed","template":"","meta":{"_et_pb_use_builder":"","_et_pb_old_content":"","_et_gb_content_width":""},"product_brand":[],"product_cat":[36],"product_tag":[34,38],"class_list":{"0":"post-1023","1":"product","2":"type-product","3":"status-publish","4":"has-post-thumbnail","6":"product_cat-welded-clevis-type-cylinder","7":"product_tag-hydraulic-cylinder","8":"product_tag-welded-clevis-type-cylinder","10":"first","11":"instock","12":"product-type-simple"},"_links":{"self":[{"href":"https:\/\/fmp-components.com\/fi\/wp-json\/wp\/v2\/product\/1023","targetHints":{"allow":["GET"]}}],"collection":[{"href":"https:\/\/fmp-components.com\/fi\/wp-json\/wp\/v2\/product"}],"about":[{"href":"https:\/\/fmp-components.com\/fi\/wp-json\/wp\/v2\/types\/product"}],"replies":[{"embeddable":true,"href":"https:\/\/fmp-components.com\/fi\/wp-json\/wp\/v2\/comments?post=1023"}],"wp:featuredmedia":[{"embeddable":true,"href":"https:\/\/fmp-components.com\/fi\/wp-json\/wp\/v2\/media\/1127"}],"wp:attachment":[{"href":"https:\/\/fmp-components.com\/fi\/wp-json\/wp\/v2\/media?parent=1023"}],"wp:term":[{"taxonomy":"product_brand","embeddable":true,"href":"https:\/\/fmp-components.com\/fi\/wp-json\/wp\/v2\/product_brand?post=1023"},{"taxonomy":"product_cat","embeddable":true,"href":"https:\/\/fmp-components.com\/fi\/wp-json\/wp\/v2\/product_cat?post=1023"},{"taxonomy":"product_tag","embeddable":true,"href":"https:\/\/fmp-components.com\/fi\/wp-json\/wp\/v2\/product_tag?post=1023"}],"curies":[{"name":"wp","href":"https:\/\/api.w.org\/{rel}","templated":true}]}}