{"id":1019,"date":"2024-12-19T06:16:24","date_gmt":"2024-12-19T06:16:24","guid":{"rendered":"https:\/\/fmp-components.com\/product\/10011-factory-direct-sale-agriculture-stainless-steel-hydraulic-cylinder\/"},"modified":"2024-12-26T08:54:53","modified_gmt":"2024-12-26T08:54:53","slug":"10011-factory-direct-sale-agriculture-stainless-steel-hydraulic-cylinder","status":"publish","type":"product","link":"https:\/\/fmp-components.com\/fi\/product\/10011-factory-direct-sale-agriculture-stainless-steel-hydraulic-cylinder\/","title":{"rendered":"10011 Tehtaan suoramyynti Maatalous Ruostumattomasta ter\u00e4ksest\u00e4 valmistettu hydraulisylinteri"},"content":{"rendered":"<h2>Esittelyss\u00e4 10011 tehtaan suoramyyntiin tarkoitettu maatalouden ruostumattomasta ter\u00e4ksest\u00e4 valmistettu hydraulisylinteri:<\/h2>\n<p>10011 tehtaan suoramyyntiin tarkoitettu maatalouden ruostumattomasta ter\u00e4ksest\u00e4 valmistettu hydraulisylinteri on korkealaatuinen tuote, joka on suunniteltu erityisesti maatalousk\u00e4ytt\u00f6\u00f6n. Kest\u00e4v\u00e4st\u00e4 ruostumattomasta ter\u00e4ksest\u00e4 valmistettu hydraulisylinteri tarjoaa erinomaisen lujuuden ja korroosionkest\u00e4vyyden, mik\u00e4 varmistaa sen luotettavuuden ankarissa maatalousymp\u00e4rist\u00f6iss\u00e4.<\/p>\n<p>Suoraan tehtaalta myynniss\u00e4 oleva hydraulisylinteri tarjoaa asiakkaille erinomaista vastinetta rahalle suorituskyvyst\u00e4 tinkim\u00e4tt\u00e4. Se on suunniteltu tuottamaan tehokasta ja tarkkaa hydraulivoimaa, mik\u00e4 tekee siit\u00e4 ihanteellisen valinnan erilaisiin maatalousteht\u00e4viin, kuten raskaiden kuormien nostamiseen, koneiden k\u00e4ytt\u00f6\u00f6n ja maatalousty\u00f6kalujen voimanl\u00e4hteeseen.<\/p>\n<p>Tehtaan suoramyyntiin tarkoitettu 10011-ruostumattomasta ter\u00e4ksest\u00e4 valmistettu maataloushydraulisylinteri erottuu edukseen poikkeuksellisen muotoilunsa ja rakenteensa ansiosta. Siin\u00e4 on edistynyt tiivistystekniikka, joka varmistaa vuotamattoman suorituskyvyn ja minimoi seisokkiajat. Lis\u00e4ksi sen ruostumattomasta ter\u00e4ksest\u00e4 valmistettu rakenne tarjoaa erinomaisen suojan ruostetta ja korroosiota vastaan, mik\u00e4 pident\u00e4\u00e4 sylinterin k\u00e4ytt\u00f6ik\u00e4\u00e4 ja v\u00e4hent\u00e4\u00e4 yll\u00e4pitokustannuksia.<\/p>\n<p>T\u00e4m\u00e4 hydraulisylinteri on helppo asentaa ja yhteensopiva monenlaisten maatalouskoneiden kanssa. Sen monipuolisuus antaa maanviljelij\u00f6ille ja maatalousalan ammattilaisille mahdollisuuden k\u00e4ytt\u00e4\u00e4 sit\u00e4 erilaisissa sovelluksissa, mik\u00e4 parantaa tuottavuutta ja tehokkuutta pellolla.<\/p>\n<p>Yhteenvetona voidaan todeta, ett\u00e4 10011 tehtaan suoramyyntiin tarkoitettu ruostumattomasta ter\u00e4ksest\u00e4 valmistettu hydraulisylinteri on luotettava ja kest\u00e4v\u00e4 ratkaisu maatalouden hydraulij\u00e4rjestelmiin. Sen erinomainen suorituskyky, korroosionkest\u00e4vyys ja vastine rahalle tekev\u00e4t siit\u00e4 erinomaisen valinnan maanviljelij\u00f6ille ja maatalousalan ammattilaisille, jotka haluavat optimoida toimintaansa.<\/p>\n<h2>T\u00e4rkeimm\u00e4t ominaisuudet ja edut<\/h2>\n<ul>\n<li><strong>Kest\u00e4v\u00e4:<\/strong> Ruostumattomasta ter\u00e4ksest\u00e4 valmistettu rakenne varmistaa, ett\u00e4 sylinteri kest\u00e4\u00e4 vaativimmatkin maatalousymp\u00e4rist\u00f6t.<\/li>\n<li><strong>Energiatehokas:<\/strong> Sylinterin rakenne optimoi hydraulinesteen k\u00e4yt\u00f6n, s\u00e4\u00e4st\u00e4\u00e4 energiaa ja v\u00e4hent\u00e4\u00e4 k\u00e4ytt\u00f6kustannuksia.<\/li>\n<li><strong>Turvallisuus:<\/strong> Sylinteri on suunniteltu turvallisuus mieless\u00e4 pit\u00e4en, mik\u00e4 minimoi onnettomuusriskin k\u00e4yt\u00f6n aikana.<\/li>\n<\/ul>\n<p><img decoding=\"async\" src=\"https:\/\/hzpt.com\/wp-content\/uploads\/2023\/12\/insert-4.webp?v=1694163707\" alt=\"\" title=\"\"><\/p>\n<h2>Hitsatun Clevis-tyyppisen sylinterin edut<\/h2>\n<p>Hitsatut haarukkatyyppiset sylinterit ovat suosittu valinta moniin teollisiin sovelluksiin ainutlaatuisten etujensa ja hy\u00f6tyjens\u00e4 ansiosta. T\u00e4ss\u00e4 on joitakin hitsattujen haarukkatyyppisten sylinterien t\u00e4rkeimmist\u00e4 eduista:<\/p>\n<h3>1. Lis\u00e4\u00e4ntynyt lujuus ja kest\u00e4vyys<\/h3>\n<p>Hitsatut haarukkatyyppiset sylinterit on valmistettu hitsatulla p\u00e4\u00e4tykorkilla, joka tarjoaa enemm\u00e4n lujuutta ja kest\u00e4vyytt\u00e4 verrattuna muuntyyppisiin sylintereihin. T\u00e4m\u00e4 tekee niist\u00e4 ihanteellisia raskaisiin sovelluksiin, jotka vaativat korkeaa lujuutta ja kest\u00e4vyytt\u00e4.<\/p>\n<p>Lis\u00e4ksi n\u00e4iden sylinterien hitsattu rakenne tarkoittaa, ett\u00e4 ne vuotavat tai rikkoutuvat ep\u00e4todenn\u00e4k\u00f6isemmin, mik\u00e4 voi auttaa v\u00e4hent\u00e4m\u00e4\u00e4n seisokkiaikoja ja yll\u00e4pitokustannuksia.<\/p>\n<h3>2. Kyky k\u00e4sitell\u00e4 korkeaa painetta<\/h3>\n<p>Hitsatut haarukkatyyppiset sylinterit pystyv\u00e4t k\u00e4sittelem\u00e4\u00e4n my\u00f6s korkeapainesovelluksia, mik\u00e4 tekee niist\u00e4 suositun valinnan esimerkiksi rakennus-, kaivos- sek\u00e4 \u00f6ljy- ja kaasuteollisuudessa. Niiden kyky k\u00e4sitell\u00e4 korkeaa painetta varmistaa luotettavan suorituskyvyn vaativissa ymp\u00e4rist\u00f6iss\u00e4.<\/p>\n<h3>3. Mukautettava muotoilu<\/h3>\n<p>Hitsattuja haarukkatyyppisi\u00e4 sylintereit\u00e4 voidaan suunnitella mittatilausty\u00f6n\u00e4 vastaamaan sovelluksen erityistarpeita. T\u00e4m\u00e4 tarkoittaa, ett\u00e4 ne voidaan r\u00e4\u00e4t\u00e4l\u00f6id\u00e4 tiettyyn kokoon, muotoon tai suorituskykyvaatimukseen. Mukautettava suunnittelu mahdollistaa my\u00f6s suuremman joustavuuden valmistusprosessissa, mik\u00e4 voi johtaa kustannuss\u00e4\u00e4st\u00f6ihin.<\/p>\n<h3>4. Helppo asennus<\/h3>\n<p>Hitsatut haarukkatyyppiset sylinterit on suunniteltu helppoon asennukseen, mik\u00e4 auttaa v\u00e4hent\u00e4m\u00e4\u00e4n asennusaikaa ja ty\u00f6voimakustannuksia. Ne ovat yleens\u00e4 esikoottuja ja k\u00e4ytt\u00f6valmiita suoraan pakkauksesta, mik\u00e4 minimoi lis\u00e4osien tai -komponenttien tarpeen.<\/p>\n<h3>5. Parannettu suorituskyky<\/h3>\n<p>Hitsattujen haarukkatyyppisten sylinterien rakenne mahdollistaa paremman suorituskyvyn verrattuna muuntyyppisiin sylintereihin. Ne pystyv\u00e4t tuottamaan enemm\u00e4n voimaa paineyksikk\u00f6\u00e4 kohden, mik\u00e4 voi auttaa parantamaan tehokkuutta ja tuottavuutta teollisissa sovelluksissa.<\/p>\n<p>Kaiken kaikkiaan hitsatut haarukkatyyppiset sylinterit tarjoavat useita etuja ja hy\u00f6tyj\u00e4, jotka tekev\u00e4t niist\u00e4 suositun valinnan moniin teollisiin sovelluksiin. Niiden lis\u00e4\u00e4ntynyt lujuus ja kest\u00e4vyys, kyky k\u00e4sitell\u00e4 korkeaa painetta, mukautettava suunnittelu, helppo asennus ja parannettu suorituskyky tekev\u00e4t niist\u00e4 ihanteellisen valinnan vaativiin ymp\u00e4rist\u00f6ihin, joissa luotettavuus ja suorituskyky ovat avainasemassa.<\/p>\n<h2>Hitsatun Clevis-tyyppisen sylinterin k\u00e4ytt\u00f6<\/h2>\n<ul>\n<li><strong>Teollisuuskoneet:<\/strong> Hitsattuja sakkelisylintereit\u00e4 k\u00e4ytet\u00e4\u00e4n laajalti erilaisissa teollisuuskoneissa raskaissa sovelluksissa. N\u00e4m\u00e4 sylinterit pystyv\u00e4t tuottamaan suuren voiman koneiden komponenttien nostamiseen ja puristamiseen. Hitsattu sakkelirakenne mahdollistaa helpon asennuksen ja tehokkaan k\u00e4yt\u00f6n, mik\u00e4 tekee siit\u00e4 suositun valinnan valmistajille.\n<ul>\n<li>Valmistavassa teollisuudessa hitsattuja haarukkatyyppisi\u00e4 sylintereit\u00e4 k\u00e4ytet\u00e4\u00e4n hydraulipuristimissa, ruiskuvalukoneissa ja metallinleimauslaitteissa tarvittavan voiman aikaansaamiseksi metallilevyjen muovaukseen ja muotoiluun.<\/li>\n<li>Autoteollisuudessa n\u00e4it\u00e4 sylintereit\u00e4 k\u00e4ytet\u00e4\u00e4n autonostureissa, nostimissa ja kokoonpanokoneissa raskaiden komponenttien nostamiseen valmistusprosessin aikana.<\/li>\n<li>Rakennusteollisuudessa hitsattuja haarukkatyyppisi\u00e4 sylintereit\u00e4 k\u00e4ytet\u00e4\u00e4n nostureissa, kaivinkoneissa ja puskutraktoreissa raskaita kuormia nostavien ja siirt\u00e4vien hydraulij\u00e4rjestelmien voimanl\u00e4hteen\u00e4.<\/li>\n<\/ul>\n<\/li>\n<li><strong>Maatalouskoneet:<\/strong> Maatalouskoneet ovat yksi t\u00e4rkeimmist\u00e4 k\u00e4ytt\u00f6alueista, joilla hitsattuja sakkelityyppisi\u00e4 sylintereit\u00e4 k\u00e4ytet\u00e4\u00e4n. N\u00e4it\u00e4 sylintereit\u00e4 k\u00e4ytet\u00e4\u00e4n erilaisissa maatalouskoneissa, kuten traktoreissa, puimureissa ja auroissa, tarjoamaan tarvittava voima maanmuokkaukseen, istutukseen ja sadonkorjuuseen.\n<ul>\n<li>Maataloudessa hitsattuja sakkelityyppisi\u00e4 sylintereit\u00e4 k\u00e4ytet\u00e4\u00e4n auroissa, kultivaattoreissa ja kylv\u00f6koneissa tarvittavan voiman aikaansaamiseksi maanmuokkaukseen ja siementen kylv\u00f6\u00f6n.<\/li>\n<li>Sadonkorjuuteollisuudessa n\u00e4it\u00e4 sylintereit\u00e4 k\u00e4ytet\u00e4\u00e4n puimureissa, paalaimissa ja ruohonleikkureissa satoa ker\u00e4\u00e4vien ja kuljettavien hydraulij\u00e4rjestelmien voimanl\u00e4hteen\u00e4.<\/li>\n<\/ul>\n<\/li>\n<li><strong>Ilmailu ja puolustus:<\/strong> Hitsattuja Clevis-tyyppisi\u00e4 sylintereit\u00e4 k\u00e4ytet\u00e4\u00e4n my\u00f6s ilmailu- ja puolustusteollisuudessa, jossa niit\u00e4 k\u00e4ytet\u00e4\u00e4n monenlaisissa sovelluksissa lentokoneissa, raketeissa, ohjuksissa ja puolustusj\u00e4rjestelmiss\u00e4.\n<ul>\n<li>Ilmailuteollisuudessa hitsattuja haarukkatyyppisi\u00e4 sylintereit\u00e4 k\u00e4ytet\u00e4\u00e4n lentokoneiden laskutelineiss\u00e4, l\u00e4ppiss\u00e4 ja jarruissa tarvittavan voiman aikaansaamiseksi nousussa ja laskeutumisessa.<\/li>\n<li>Puolustusteollisuudessa n\u00e4it\u00e4 sylintereit\u00e4 k\u00e4ytet\u00e4\u00e4n ohjuslaukaisimissa, tykkitorneissa ja panssarivaunuj\u00e4rjestelmiss\u00e4 aseiden ja ammusten liikett\u00e4 ohjaavien hydraulij\u00e4rjestelmien virransy\u00f6tt\u00f6\u00f6n.<\/li>\n<\/ul>\n<\/li>\n<li><strong>Meriteollisuus:<\/strong> Hitsattuja Clevis-tyyppisi\u00e4 sylintereit\u00e4 k\u00e4ytet\u00e4\u00e4n my\u00f6s laajalti meriteollisuudessa, jossa niit\u00e4 k\u00e4ytet\u00e4\u00e4n erilaisissa sovelluksissa laivoissa, veneiss\u00e4 ja vedenalaisissa ajoneuvoissa.\n<ul>\n<li>Merenkulkualalla hitsattuja haarukkatyyppisi\u00e4 sylintereit\u00e4 k\u00e4ytet\u00e4\u00e4n nostureissa, vinsseiss\u00e4 ja lastink\u00e4sittelylaitteissa tarvittavan voiman aikaansaamiseksi lastin lastaamiseen ja purkamiseen.<\/li>\n<li>Veneteollisuudessa n\u00e4it\u00e4 sylintereit\u00e4 k\u00e4ytet\u00e4\u00e4n ohjausj\u00e4rjestelmiss\u00e4, potkureissa ja ankkurij\u00e4rjestelmiss\u00e4 veneiden ja laivojen liikkeen ohjaamiseen tarvittavan voiman aikaansaamiseksi.<\/li>\n<li>Vedenalaisten ajoneuvojen teollisuudessa hitsattuja haarukkatyyppisi\u00e4 sylintereit\u00e4 k\u00e4ytet\u00e4\u00e4n sukellusveneiss\u00e4, kauko-ohjattavissa ajoneuvoissa (ROV) ja sukellusvarusteissa tarvittavan voiman aikaansaamiseksi vedenalaisiin operaatioihin.<\/li>\n<\/ul>\n<\/li>\n<li><strong>Kaivosteollisuus:<\/strong> Hitsattuja haarukkatyyppisi\u00e4 sylintereit\u00e4 k\u00e4ytet\u00e4\u00e4n my\u00f6s kaivosteollisuudessa, jossa niit\u00e4 k\u00e4ytet\u00e4\u00e4n erilaisissa sovelluksissa mineraalien louhintaan ja materiaalink\u00e4sittelyyn.\n<ul>\n<li>Kaivosteollisuudessa hitsattuja sakkelityyppisi\u00e4 sylintereit\u00e4 k\u00e4ytet\u00e4\u00e4n kuljetinj\u00e4rjestelmiss\u00e4, porakoneissa ja hydraulisissa kaivoksissa tarvittavan voiman aikaansaamiseksi mineraalien ja materiaalien louhintaan kaivoksista ja louhoksista.<\/li>\n<\/ul>\n<\/li>\n<\/ul>\n<h2>Usein kysytyt kysymykset<\/h2>\n<h3>1. Mik\u00e4 on maatalouden ruostumattomasta ter\u00e4ksest\u00e4 valmistetun hydraulisylinterin kapasiteetti?<\/h3>\n<p>Kapasiteetti vaihtelee mallista riippuen. Lis\u00e4tietoja saat ottamalla meihin yhteytt\u00e4.<\/p>\n<h3>2. Miten hydraulisylinteri asennetaan?<\/h3>\n<p><img decoding=\"async\" src=\"https:\/\/hzpt.com\/wp-content\/uploads\/2023\/12\/insert-1.webp\" alt=\"\" title=\"\"><\/p>\n<p>Asennusohjeet toimitetaan tuotteen mukana. Jos kohtaat ongelmia, asiakaspalvelutiimimme on k\u00e4ytett\u00e4viss\u00e4si.<\/p>\n<h3>3. Kuinka usein hydraulisylinteri vaatii huoltoa?<\/h3>\n<p>S\u00e4\u00e4nn\u00f6llinen huolto on ratkaisevan t\u00e4rke\u00e4\u00e4 hydraulisylinterin pitk\u00e4ik\u00e4isyyden varmistamiseksi. Suosittelemme sylinterin tarkistamista kuuden kuukauden v\u00e4lein.<\/p>\n<h3>4. Voidaanko hydraulisylinteri\u00e4 k\u00e4ytt\u00e4\u00e4 muissakin sovelluksissa kuin maataloudessa?<\/h3>\n<p>Kyll\u00e4, vaikka sylinteri on suunniteltu maatalousk\u00e4ytt\u00f6\u00f6n, sit\u00e4 voidaan k\u00e4ytt\u00e4\u00e4 my\u00f6s muissa sovelluksissa. Ota yhteytt\u00e4 saadaksesi lis\u00e4tietoja.<\/p>\n<h3>5. Voinko mukauttaa hydraulisylinterin vastaamaan erityisvaatimuksiani?<\/h3>\n<p>Kyll\u00e4, tarjoamme r\u00e4\u00e4t\u00e4l\u00f6intipalveluita. Ota meihin yhteytt\u00e4, jos sinulla on erityistarpeita.<\/p>\n<p>Tekij\u00e4: CX<\/p>","protected":false},"excerpt":{"rendered":"<p>Introducing the 10011 Factory Direct Sale Agriculture Stainless Steel Hydraulic Cylinder: The 10011 Factory Direct Sale Agriculture Stainless Steel Hydraulic Cylinder is a high-quality product designed specifically for agricultural applications. Made from durable stainless steel, this hydraulic cylinder offers superior strength and corrosion resistance, ensuring its reliability in harsh agricultural environments. With its factory direct [&hellip;]<\/p>","protected":false},"featured_media":1127,"comment_status":"closed","ping_status":"closed","template":"","meta":{"_et_pb_use_builder":"","_et_pb_old_content":"","_et_gb_content_width":""},"product_brand":[],"product_cat":[36],"product_tag":[34,38],"class_list":{"0":"post-1019","1":"product","2":"type-product","3":"status-publish","4":"has-post-thumbnail","6":"product_cat-welded-clevis-type-cylinder","7":"product_tag-hydraulic-cylinder","8":"product_tag-welded-clevis-type-cylinder","10":"first","11":"instock","12":"product-type-simple"},"_links":{"self":[{"href":"https:\/\/fmp-components.com\/fi\/wp-json\/wp\/v2\/product\/1019","targetHints":{"allow":["GET"]}}],"collection":[{"href":"https:\/\/fmp-components.com\/fi\/wp-json\/wp\/v2\/product"}],"about":[{"href":"https:\/\/fmp-components.com\/fi\/wp-json\/wp\/v2\/types\/product"}],"replies":[{"embeddable":true,"href":"https:\/\/fmp-components.com\/fi\/wp-json\/wp\/v2\/comments?post=1019"}],"wp:featuredmedia":[{"embeddable":true,"href":"https:\/\/fmp-components.com\/fi\/wp-json\/wp\/v2\/media\/1127"}],"wp:attachment":[{"href":"https:\/\/fmp-components.com\/fi\/wp-json\/wp\/v2\/media?parent=1019"}],"wp:term":[{"taxonomy":"product_brand","embeddable":true,"href":"https:\/\/fmp-components.com\/fi\/wp-json\/wp\/v2\/product_brand?post=1019"},{"taxonomy":"product_cat","embeddable":true,"href":"https:\/\/fmp-components.com\/fi\/wp-json\/wp\/v2\/product_cat?post=1019"},{"taxonomy":"product_tag","embeddable":true,"href":"https:\/\/fmp-components.com\/fi\/wp-json\/wp\/v2\/product_tag?post=1019"}],"curies":[{"name":"wp","href":"https:\/\/api.w.org\/{rel}","templated":true}]}}