{"id":1011,"date":"2024-12-19T06:16:24","date_gmt":"2024-12-19T06:16:24","guid":{"rendered":"https:\/\/fmp-components.com\/product\/10005-professional-craftsmanship-stainless-steel-hydraulic-cylinder-hydraulic-ram-cylinder\/"},"modified":"2024-12-26T08:56:12","modified_gmt":"2024-12-26T08:56:12","slug":"10005-professional-craftsmanship-stainless-steel-hydraulic-cylinder-hydraulic-ram-cylinder","status":"publish","type":"product","link":"https:\/\/fmp-components.com\/fi\/product\/10005-professional-craftsmanship-stainless-steel-hydraulic-cylinder-hydraulic-ram-cylinder\/","title":{"rendered":"10005 Ammattimainen k\u00e4sity\u00f6taito ruostumattomasta ter\u00e4ksest\u00e4 valmistettu hydraulisylinteri hydraulinen sylinteri"},"content":{"rendered":"<h2>Tuotteen esittely: 10005 Ammattimainen k\u00e4sity\u00f6taito ruostumattomasta ter\u00e4ksest\u00e4 valmistettu hydraulisylinteri hydraulinen sylinteri<\/h2>\n<p>10005 Professional Craftsmanship -ruostumattomasta ter\u00e4ksest\u00e4 valmistettu hydraulisylinteri on korkealaatuinen ja luotettava laite, joka on suunniteltu erilaisiin hydraulisiin sovelluksiin. Poikkeuksellisen ammattitaidon ja ruostumattomasta ter\u00e4ksest\u00e4 valmistettujen materiaalien ansiosta t\u00e4m\u00e4 sylinteri tarjoaa poikkeuksellisen suorituskyvyn ja kest\u00e4vyyden.<\/p>\n<p>Kest\u00e4v\u00e4n rakenteensa ansiosta t\u00e4m\u00e4 hydraulisylinteri on rakennettu kest\u00e4m\u00e4\u00e4n raskasta k\u00e4ytt\u00f6\u00e4 ja toimimaan luotettavasti vaativissa ymp\u00e4rist\u00f6iss\u00e4. Se on valmistettu huolellisesti k\u00e4ytt\u00e4en edistyneit\u00e4 valmistustekniikoita tarkkuuden ja t\u00e4sm\u00e4llisyyden varmistamiseksi.<\/p>\n<p>T\u00e4m\u00e4n sylinterin ruostumattomasta ter\u00e4ksest\u00e4 valmistettu rakenne parantaa sen korroosionkest\u00e4vyytt\u00e4, joten se soveltuu k\u00e4ytett\u00e4v\u00e4ksi haastavissa olosuhteissa, kuten ulko- ja meriymp\u00e4rist\u00f6iss\u00e4. Se kest\u00e4\u00e4 korkeita paineita ja tuottaa tasaista hydraulista voimaa, joten se sopii erinomaisesti raskaisiin koneisiin, rakennuslaitteisiin ja teollisuussovelluksiin.<\/p>\n<p>Hydraulisella m\u00e4nn\u00e4nvarrella varustettu sylinteri tarjoaa tehokkaan ja voimakkaan voimansiirron. Se on suunniteltu tuottamaan tasaisia \u200b\u200bja tarkkoja liikkeit\u00e4, mik\u00e4 varmistaa optimaalisen suorituskyvyn ja tuottavuuden. Hydraulinen m\u00e4nn\u00e4nvarsi voidaan helposti integroida olemassa oleviin hydraulij\u00e4rjestelmiin, mik\u00e4 tarjoaa monipuolisuutta ja helppok\u00e4ytt\u00f6isyytt\u00e4.<\/p>\n<p>Poikkeuksellisen suorituskykyns\u00e4 lis\u00e4ksi t\u00e4m\u00e4 hydraulisylinteri asettaa turvallisuuden etusijalle. Se on varustettu luotettavilla tiivisteill\u00e4 ja turvamekanismeilla vuotojen ja onnettomuuksien est\u00e4miseksi, mik\u00e4 varmistaa turvallisen ja tehokkaan toiminnan.<\/p>\n<p>10005 Professional Craftsmanship -valmisteinen ruostumattomasta ter\u00e4ksest\u00e4 valmistettu hydraulisylinteri on luotettava ja kest\u00e4v\u00e4 ratkaisu hydraulisiin sovelluksiin. Sen erinomainen ammattitaito, ruostumattomasta ter\u00e4ksest\u00e4 valmistettu rakenne ja tehokas hydraulisylinteri tekev\u00e4t siit\u00e4 erinomaisen valinnan teollisuudenaloille, jotka vaativat tarkkuutta, tehokkuutta ja kest\u00e4vyytt\u00e4 hydraulij\u00e4rjestelmiss\u00e4\u00e4n.<img decoding=\"async\" src=\"https:\/\/hzpt.com\/wp-content\/uploads\/2023\/12\/insert-3.webp\" alt=\"\" title=\"\"><\/p>\n<h2>Hitsatun Clevis-tyyppisen sylinterin edut<\/h2>\n<p>Hitsatut haarukkatyyppiset sylinterit ovat suosittu valinta moniin teollisiin sovelluksiin ainutlaatuisten etujensa ja hy\u00f6tyjens\u00e4 ansiosta. T\u00e4ss\u00e4 on joitakin hitsattujen haarukkatyyppisten sylinterien t\u00e4rkeimmist\u00e4 eduista:<\/p>\n<h3>1. Lis\u00e4\u00e4ntynyt lujuus ja kest\u00e4vyys<\/h3>\n<p>Hitsatut haarukkatyyppiset sylinterit on valmistettu hitsatulla p\u00e4\u00e4tykorkilla, joka tarjoaa enemm\u00e4n lujuutta ja kest\u00e4vyytt\u00e4 verrattuna muuntyyppisiin sylintereihin. T\u00e4m\u00e4 tekee niist\u00e4 ihanteellisia raskaisiin sovelluksiin, jotka vaativat korkeaa lujuutta ja kest\u00e4vyytt\u00e4.<\/p>\n<p>Lis\u00e4ksi n\u00e4iden sylinterien hitsattu rakenne tarkoittaa, ett\u00e4 ne vuotavat tai rikkoutuvat ep\u00e4todenn\u00e4k\u00f6isemmin, mik\u00e4 voi auttaa v\u00e4hent\u00e4m\u00e4\u00e4n seisokkiaikoja ja yll\u00e4pitokustannuksia.<\/p>\n<h3>2. Kyky k\u00e4sitell\u00e4 korkeaa painetta<\/h3>\n<p>Hitsatut haarukkatyyppiset sylinterit pystyv\u00e4t k\u00e4sittelem\u00e4\u00e4n my\u00f6s korkeapainesovelluksia, mik\u00e4 tekee niist\u00e4 suositun valinnan esimerkiksi rakennus-, kaivos- sek\u00e4 \u00f6ljy- ja kaasuteollisuudessa. Niiden kyky k\u00e4sitell\u00e4 korkeaa painetta varmistaa luotettavan suorituskyvyn vaativissa ymp\u00e4rist\u00f6iss\u00e4.<\/p>\n<h3>3. Mukautettava muotoilu<\/h3>\n<p>Hitsattuja haarukkatyyppisi\u00e4 sylintereit\u00e4 voidaan suunnitella mittatilausty\u00f6n\u00e4 vastaamaan sovelluksen erityistarpeita. T\u00e4m\u00e4 tarkoittaa, ett\u00e4 ne voidaan r\u00e4\u00e4t\u00e4l\u00f6id\u00e4 tiettyyn kokoon, muotoon tai suorituskykyvaatimukseen. Mukautettava suunnittelu mahdollistaa my\u00f6s suuremman joustavuuden valmistusprosessissa, mik\u00e4 voi johtaa kustannuss\u00e4\u00e4st\u00f6ihin.<\/p>\n<h3>4. Helppo asennus<\/h3>\n<p>Hitsatut haarukkatyyppiset sylinterit on suunniteltu helppoon asennukseen, mik\u00e4 auttaa v\u00e4hent\u00e4m\u00e4\u00e4n asennusaikaa ja ty\u00f6voimakustannuksia. Ne ovat yleens\u00e4 esikoottuja ja k\u00e4ytt\u00f6valmiita suoraan pakkauksesta, mik\u00e4 minimoi lis\u00e4osien tai -komponenttien tarpeen.<\/p>\n<h3>5. Parannettu suorituskyky<\/h3>\n<p>Hitsattujen haarukkatyyppisten sylinterien rakenne mahdollistaa paremman suorituskyvyn verrattuna muuntyyppisiin sylintereihin. Ne pystyv\u00e4t tuottamaan enemm\u00e4n voimaa paineyksikk\u00f6\u00e4 kohden, mik\u00e4 voi auttaa parantamaan tehokkuutta ja tuottavuutta teollisissa sovelluksissa.<\/p>\n<p>Kaiken kaikkiaan hitsatut haarukkatyyppiset sylinterit tarjoavat useita etuja ja hy\u00f6tyj\u00e4, jotka tekev\u00e4t niist\u00e4 suositun valinnan moniin teollisiin sovelluksiin. Niiden lis\u00e4\u00e4ntynyt lujuus ja kest\u00e4vyys, kyky k\u00e4sitell\u00e4 korkeaa painetta, mukautettava suunnittelu, helppo asennus ja parannettu suorituskyky tekev\u00e4t niist\u00e4 ihanteellisen valinnan vaativiin ymp\u00e4rist\u00f6ihin, joissa luotettavuus ja suorituskyky ovat avainasemassa.<\/p>\n<p><img decoding=\"async\" src=\"https:\/\/hzpt.com\/wp-content\/uploads\/2023\/12\/insert-4.webp?v=1694163707\" alt=\"\" title=\"\"><\/p>\n<h2>Hitsatun Clevis-tyyppisen sylinterin k\u00e4ytt\u00f6<\/h2>\n<ul>\n<li><strong>Teollisuuskoneet:<\/strong> Hitsattuja sakkelisylintereit\u00e4 k\u00e4ytet\u00e4\u00e4n laajalti erilaisissa teollisuuskoneissa raskaissa sovelluksissa. N\u00e4m\u00e4 sylinterit pystyv\u00e4t tuottamaan suuren voiman koneiden komponenttien nostamiseen ja puristamiseen. Hitsattu sakkelirakenne mahdollistaa helpon asennuksen ja tehokkaan k\u00e4yt\u00f6n, mik\u00e4 tekee siit\u00e4 suositun valinnan valmistajille.\n<ul>\n<li>Valmistavassa teollisuudessa hitsattuja haarukkatyyppisi\u00e4 sylintereit\u00e4 k\u00e4ytet\u00e4\u00e4n hydraulipuristimissa, ruiskuvalukoneissa ja metallinleimauslaitteissa tarvittavan voiman aikaansaamiseksi metallilevyjen muovaukseen ja muotoiluun.<\/li>\n<li>Autoteollisuudessa n\u00e4it\u00e4 sylintereit\u00e4 k\u00e4ytet\u00e4\u00e4n autonostureissa, nostimissa ja kokoonpanokoneissa raskaiden komponenttien nostamiseen valmistusprosessin aikana.<\/li>\n<li>Rakennusteollisuudessa hitsattuja haarukkatyyppisi\u00e4 sylintereit\u00e4 k\u00e4ytet\u00e4\u00e4n nostureissa, kaivinkoneissa ja puskutraktoreissa raskaita kuormia nostavien ja siirt\u00e4vien hydraulij\u00e4rjestelmien voimanl\u00e4hteen\u00e4.<\/li>\n<\/ul>\n<\/li>\n<li><strong>Maatalouskoneet:<\/strong> Maatalouskoneet ovat yksi t\u00e4rkeimmist\u00e4 k\u00e4ytt\u00f6alueista, joilla hitsattuja sakkelityyppisi\u00e4 sylintereit\u00e4 k\u00e4ytet\u00e4\u00e4n. N\u00e4it\u00e4 sylintereit\u00e4 k\u00e4ytet\u00e4\u00e4n erilaisissa maatalouskoneissa, kuten traktoreissa, puimureissa ja auroissa, tarjoamaan tarvittava voima maanmuokkaukseen, istutukseen ja sadonkorjuuseen.\n<ul>\n<li>Maataloudessa hitsattuja sakkelityyppisi\u00e4 sylintereit\u00e4 k\u00e4ytet\u00e4\u00e4n auroissa, kultivaattoreissa ja kylv\u00f6koneissa tarvittavan voiman aikaansaamiseksi maanmuokkaukseen ja siementen kylv\u00f6\u00f6n.<\/li>\n<li>Sadonkorjuuteollisuudessa n\u00e4it\u00e4 sylintereit\u00e4 k\u00e4ytet\u00e4\u00e4n puimureissa, paalaimissa ja ruohonleikkureissa satoa ker\u00e4\u00e4vien ja kuljettavien hydraulij\u00e4rjestelmien voimanl\u00e4hteen\u00e4.<\/li>\n<\/ul>\n<\/li>\n<li><strong>Ilmailu ja puolustus:<\/strong> Hitsattuja Clevis-tyyppisi\u00e4 sylintereit\u00e4 k\u00e4ytet\u00e4\u00e4n my\u00f6s ilmailu- ja puolustusteollisuudessa, jossa niit\u00e4 k\u00e4ytet\u00e4\u00e4n monenlaisissa sovelluksissa lentokoneissa, raketeissa, ohjuksissa ja puolustusj\u00e4rjestelmiss\u00e4.\n<ul>\n<li>Ilmailuteollisuudessa hitsattuja haarukkatyyppisi\u00e4 sylintereit\u00e4 k\u00e4ytet\u00e4\u00e4n lentokoneiden laskutelineiss\u00e4, l\u00e4ppiss\u00e4 ja jarruissa tarvittavan voiman aikaansaamiseksi nousussa ja laskeutumisessa.<\/li>\n<li>Puolustusteollisuudessa n\u00e4it\u00e4 sylintereit\u00e4 k\u00e4ytet\u00e4\u00e4n ohjuslaukaisimissa, tykkitorneissa ja panssarivaunuj\u00e4rjestelmiss\u00e4 aseiden ja ammusten liikett\u00e4 ohjaavien hydraulij\u00e4rjestelmien virransy\u00f6tt\u00f6\u00f6n.<\/li>\n<\/ul>\n<\/li>\n<li><strong>Meriteollisuus:<\/strong> Hitsattuja Clevis-tyyppisi\u00e4 sylintereit\u00e4 k\u00e4ytet\u00e4\u00e4n my\u00f6s laajalti meriteollisuudessa, jossa niit\u00e4 k\u00e4ytet\u00e4\u00e4n erilaisissa sovelluksissa laivoissa, veneiss\u00e4 ja vedenalaisissa ajoneuvoissa.\n<ul>\n<li>Merenkulkualalla hitsattuja haarukkatyyppisi\u00e4 sylintereit\u00e4 k\u00e4ytet\u00e4\u00e4n nostureissa, vinsseiss\u00e4 ja lastink\u00e4sittelylaitteissa tarvittavan voiman aikaansaamiseksi lastin lastaamiseen ja purkamiseen.<\/li>\n<li>Veneteollisuudessa n\u00e4it\u00e4 sylintereit\u00e4 k\u00e4ytet\u00e4\u00e4n ohjausj\u00e4rjestelmiss\u00e4, potkureissa ja ankkurij\u00e4rjestelmiss\u00e4 veneiden ja laivojen liikkeen ohjaamiseen tarvittavan voiman aikaansaamiseksi.<\/li>\n<li>Vedenalaisten ajoneuvojen teollisuudessa hitsattuja haarukkatyyppisi\u00e4 sylintereit\u00e4 k\u00e4ytet\u00e4\u00e4n sukellusveneiss\u00e4, kauko-ohjattavissa ajoneuvoissa (ROV) ja sukellusvarusteissa tarvittavan voiman aikaansaamiseksi vedenalaisiin operaatioihin.<\/li>\n<\/ul>\n<\/li>\n<li><strong>Kaivosteollisuus:<\/strong> Hitsattuja haarukkatyyppisi\u00e4 sylintereit\u00e4 k\u00e4ytet\u00e4\u00e4n my\u00f6s kaivosteollisuudessa, jossa niit\u00e4 k\u00e4ytet\u00e4\u00e4n erilaisissa sovelluksissa mineraalien louhintaan ja materiaalink\u00e4sittelyyn.\n<ul>\n<li>Kaivosteollisuudessa hitsattuja sakkelityyppisi\u00e4 sylintereit\u00e4 k\u00e4ytet\u00e4\u00e4n kuljetinj\u00e4rjestelmiss\u00e4, porakoneissa ja hydraulisissa kaivoksissa tarvittavan voiman aikaansaamiseksi mineraalien ja materiaalien louhintaan kaivoksista ja louhoksista.<\/li>\n<\/ul>\n<\/li>\n<\/ul>\n<h2>Tietoja FMP:st\u00e4<\/h2>\n<p>FMP on johtava hydraulisten sylinterien toimittaja Italiassa. Olemme erikoistuneet hydraulisiin kallistussylintereihin, hydraulisiin ohjaussylintereihin ja hydraulisiin nostosylintereihin, ja tuotantokapasiteettimme on 200 000 yksikk\u00f6\u00e4 vuodessa.<\/p>\n<p>FMP tarjoaa laajan valikoiman hydraulisylintereit\u00e4 erilaisiin k\u00e4ytt\u00f6tarkoituksiin, mukaan lukien henkil\u00f6nostinten sylinterit, teollisuusajoneuvojen hydraulisylinterit, porauslauttojen sylinterit, kuorma-autonostureiden sylinterit, rakennuskoneiden hydraulisylinterit, <b>Trukin hydraulisylinterit<\/b>, kaivosten kippiautojen sylinterit ja saniteettikoneiden hydraulisylinterit. Tarjoamme my\u00f6s r\u00e4\u00e4t\u00e4l\u00f6ityj\u00e4 ratkaisuja erityistarpeidesi mukaan.<\/p>\n<p><img decoding=\"async\" src=\"https:\/\/hzpt.com\/wp-content\/uploads\/2023\/12\/insert-5.webp\" alt=\"FMP-tehdas\" title=\"\"><\/p>\n<h2>Usein kysytyt kysymykset<\/h2>\n<p>K1: Mik\u00e4 on hydraulisylinterin kapasiteetti?<\/p>\n<p>A1: Tilavuus on XX l.<\/p>\n<p>K2: Mik\u00e4 on sylinterin kantavuus?<\/p>\n<p>A2: Kantavuus on XX kg.<\/p>\n<p>K3: Onko sylinteri korroosionkest\u00e4v\u00e4?<\/p>\n<p>A3: Kyll\u00e4, sylinteri on valmistettu ruostumattomasta ter\u00e4ksest\u00e4, joka on korroosionkest\u00e4v\u00e4.<\/p>\n<p>K4: Mitk\u00e4 ovat hydraulisylinterin sovellukset?<\/p>\n<p>A4: Sylinteri soveltuu rakentamiseen, valmistukseen ja muille teollisuudenaloille, jotka vaativat raskaiden kuormien nostamista, ty\u00f6nt\u00e4mist\u00e4 tai vet\u00e4mist\u00e4.<\/p>\n<p>K5: Miten huollan hydraulisylinteri\u00e4?<\/p>\n<p>A5: S\u00e4\u00e4nn\u00f6lliseen huoltoon kuuluu vuotojen tarkistaminen, hydraulinesteen puhtaana pit\u00e4minen ja kuluneiden osien vaihtaminen.<\/p>\n<p>Tekij\u00e4: CX<\/p>","protected":false},"excerpt":{"rendered":"<p>Product Introduction: 10005 Professional Craftsmanship Stainless Steel Hydraulic Cylinder Hydraulic Ram Cylinder The 10005 Professional Craftsmanship Stainless Steel Hydraulic Cylinder Hydraulic Ram Cylinder is a high-quality and reliable equipment designed for various hydraulic applications. With its exceptional craftsmanship and use of stainless steel materials, this cylinder offers exceptional performance and durability. Featuring a robust design, [&hellip;]<\/p>","protected":false},"featured_media":1126,"comment_status":"closed","ping_status":"closed","template":"","meta":{"_et_pb_use_builder":"","_et_pb_old_content":"","_et_gb_content_width":""},"product_brand":[],"product_cat":[36],"product_tag":[34,38],"class_list":{"0":"post-1011","1":"product","2":"type-product","3":"status-publish","4":"has-post-thumbnail","6":"product_cat-welded-clevis-type-cylinder","7":"product_tag-hydraulic-cylinder","8":"product_tag-welded-clevis-type-cylinder","10":"first","11":"instock","12":"product-type-simple"},"_links":{"self":[{"href":"https:\/\/fmp-components.com\/fi\/wp-json\/wp\/v2\/product\/1011","targetHints":{"allow":["GET"]}}],"collection":[{"href":"https:\/\/fmp-components.com\/fi\/wp-json\/wp\/v2\/product"}],"about":[{"href":"https:\/\/fmp-components.com\/fi\/wp-json\/wp\/v2\/types\/product"}],"replies":[{"embeddable":true,"href":"https:\/\/fmp-components.com\/fi\/wp-json\/wp\/v2\/comments?post=1011"}],"wp:featuredmedia":[{"embeddable":true,"href":"https:\/\/fmp-components.com\/fi\/wp-json\/wp\/v2\/media\/1126"}],"wp:attachment":[{"href":"https:\/\/fmp-components.com\/fi\/wp-json\/wp\/v2\/media?parent=1011"}],"wp:term":[{"taxonomy":"product_brand","embeddable":true,"href":"https:\/\/fmp-components.com\/fi\/wp-json\/wp\/v2\/product_brand?post=1011"},{"taxonomy":"product_cat","embeddable":true,"href":"https:\/\/fmp-components.com\/fi\/wp-json\/wp\/v2\/product_cat?post=1011"},{"taxonomy":"product_tag","embeddable":true,"href":"https:\/\/fmp-components.com\/fi\/wp-json\/wp\/v2\/product_tag?post=1011"}],"curies":[{"name":"wp","href":"https:\/\/api.w.org\/{rel}","templated":true}]}}