{"id":1009,"date":"2024-12-19T06:16:24","date_gmt":"2024-12-19T06:16:24","guid":{"rendered":"https:\/\/fmp-components.com\/product\/10003-high-quality-hydraulic-piston-cylinder-double-acting-stainless-steel-hydraulic-cylinder\/"},"modified":"2025-03-18T00:49:34","modified_gmt":"2025-03-18T00:49:34","slug":"10003-high-quality-hydraulic-piston-cylinder-double-acting-stainless-steel-hydraulic-cylinder","status":"publish","type":"product","link":"https:\/\/fmp-components.com\/fi\/product\/10003-high-quality-hydraulic-piston-cylinder-double-acting-stainless-steel-hydraulic-cylinder\/","title":{"rendered":"10003 Korkealaatuinen hydraulinen m\u00e4nt\u00e4sylinteri, kaksitoiminen ruostumattomasta ter\u00e4ksest\u00e4 valmistettu hydraulisylinteri"},"content":{"rendered":"<h2>Tuote 10003 Korkealaatuinen hydraulinen m\u00e4nt\u00e4sylinteri, kaksitoiminen ruostumattomasta ter\u00e4ksest\u00e4 valmistettu hydraulisylinteri<\/h2>\n<p>Tuotteen kuvaus:<br \/>\nTuote 10003 Korkealaatuinen hydraulinen m\u00e4nt\u00e4sylinteri on huippuluokan hydraulisylinteri, joka on suunniteltu luotettavaan ja tehokkaaseen suorituskykyyn erilaisissa teollisissa sovelluksissa. Korkealaatuisesta ruostumattomasta ter\u00e4ksest\u00e4 valmistettu hydraulisylinteri tarjoaa poikkeuksellisen kest\u00e4vyyden ja korroosionkest\u00e4vyyden, mik\u00e4 varmistaa sen pitk\u00e4n k\u00e4ytt\u00f6i\u00e4n ja optimaalisen toimivuuden.<\/p>\n<p>Kaksitoimisen rakenteensa ansiosta t\u00e4m\u00e4 hydraulisylinteri voi kohdistaa voimaa molempiin suuntiin, mik\u00e4 mahdollistaa tarkat ja hallitut liikkeet. Olipa kyseess\u00e4 sitten raskaiden kuormien nostaminen, koneiden k\u00e4ytt\u00f6 tai muiden hydraulisten toimintojen suorittaminen, t\u00e4m\u00e4 sylinteri tarjoaa tasaisen ja tehokkaan suorituskyvyn.<\/p>\n<p>M\u00e4nt\u00e4k\u00e4ytt\u00f6isen mekanisminsa ansiosta t\u00e4m\u00e4 hydraulisylinteri tarjoaa tasaisen ja luotettavan toiminnan minimoiden kitkan ja kulumisen. T\u00e4m\u00e4 ominaisuus varmistaa tehokkaan energiansiirron, mik\u00e4 v\u00e4hent\u00e4\u00e4 energiankulutusta ja maksimoi tuottavuuden. Lis\u00e4ksi ruostumattomasta ter\u00e4ksest\u00e4 valmistettu rakenne parantaa sylinterin kulutuskest\u00e4vyytt\u00e4, joten se sopii vaativimpiinkin ymp\u00e4rist\u00f6ihin.<\/p>\n<p>Tuote 10003 Korkealaatuinen hydraulinen m\u00e4nt\u00e4sylinteri on suunniteltu t\u00e4ytt\u00e4m\u00e4\u00e4n tiukat laatustandardit, mik\u00e4 varmistaa sen luotettavuuden ja suorituskyvyn. Se k\u00e4y l\u00e4pi tiukat testaus- ja tarkastusmenettelyt sen erinomaisen laadun ja pitk\u00e4aikaisen suorituskyvyn takaamiseksi.<\/p>\n<p><img loading=\"lazy\" decoding=\"async\" class=\"alignnone size-full wp-image-1073\" src=\"https:\/\/fmp-components.com\/wp-content\/uploads\/2024\/12\/Welded-Clevis-Type-Cylinder2.webp\" alt=\"Hitsattu Clevis-tyyppinen sylinteri\" width=\"800\" height=\"800\" title=\"\" srcset=\"https:\/\/fmp-components.com\/wp-content\/uploads\/2024\/12\/Welded-Clevis-Type-Cylinder2.webp 800w, https:\/\/fmp-components.com\/wp-content\/uploads\/2024\/12\/Welded-Clevis-Type-Cylinder2-480x480.webp 480w\" sizes=\"(min-width: 0px) and (max-width: 480px) 480px, (min-width: 481px) 800px, 100vw\" \/><\/p>\n<p>T\u00e4rkeimm\u00e4t ominaisuudet:<br \/>\n\u2013 Valmistettu korkealaatuisesta ruostumattomasta ter\u00e4ksest\u00e4 kest\u00e4vyyden ja korroosionkest\u00e4vyyden parantamiseksi.<br \/>\n\u2013 Kaksitoiminen rakenne mahdollistaa voiman kohdistamisen molempiin suuntiin.<br \/>\n\u2013 M\u00e4nt\u00e4k\u00e4ytt\u00f6inen mekanismi takaa sujuvan ja luotettavan toiminnan.<br \/>\n\u2013 Tehokas energiansiirto v\u00e4hent\u00e4\u00e4 energiankulutusta ja maksimoi tuottavuuden.<br \/>\n\u2013 Sopii vaativiin teollisuusymp\u00e4rist\u00f6ihin.<br \/>\n\u2013 Suunniteltu ja testattu t\u00e4ytt\u00e4m\u00e4\u00e4n tiukat laatustandardit.<\/p>\n<p>Yhteenvetona voidaan todeta, ett\u00e4 Product 10003 High Quality Hydraulic M\u00e4nt\u00e4sylinteri on huippuluokan hydraulisylinteri, joka tarjoaa poikkeuksellista suorituskyky\u00e4, kest\u00e4vyytt\u00e4 ja luotettavuutta. Sen ruostumattomasta ter\u00e4ksest\u00e4 valmistettu rakenne, kaksitoiminen muotoilu ja m\u00e4nt\u00e4k\u00e4ytt\u00f6inen mekanismi tekev\u00e4t siit\u00e4 ihanteellisen valinnan monenlaisiin teollisiin sovelluksiin.<\/p>\n<h2>Hitsatun Clevis-tyyppisen sylinterin edut<\/h2>\n<p>Hitsatut haarukkatyyppiset sylinterit ovat suosittu valinta moniin teollisiin sovelluksiin ainutlaatuisten etujensa ja hy\u00f6tyjens\u00e4 ansiosta. T\u00e4ss\u00e4 on joitakin hitsattujen haarukkatyyppisten sylinterien t\u00e4rkeimmist\u00e4 eduista:<\/p>\n<h3>1. Lis\u00e4\u00e4ntynyt lujuus ja kest\u00e4vyys<\/h3>\n<p>Hitsatut haarukkatyyppiset sylinterit on valmistettu hitsatulla p\u00e4\u00e4tykorkilla, joka tarjoaa enemm\u00e4n lujuutta ja kest\u00e4vyytt\u00e4 verrattuna muuntyyppisiin sylintereihin. T\u00e4m\u00e4 tekee niist\u00e4 ihanteellisia raskaisiin sovelluksiin, jotka vaativat korkeaa lujuutta ja kest\u00e4vyytt\u00e4.<\/p>\n<p>Lis\u00e4ksi n\u00e4iden sylinterien hitsattu rakenne tarkoittaa, ett\u00e4 ne vuotavat tai rikkoutuvat ep\u00e4todenn\u00e4k\u00f6isemmin, mik\u00e4 voi auttaa v\u00e4hent\u00e4m\u00e4\u00e4n seisokkiaikoja ja yll\u00e4pitokustannuksia.<\/p>\n<h3>2. Kyky k\u00e4sitell\u00e4 korkeaa painetta<\/h3>\n<p>Hitsatut haarukkatyyppiset sylinterit pystyv\u00e4t k\u00e4sittelem\u00e4\u00e4n my\u00f6s korkeapainesovelluksia, mik\u00e4 tekee niist\u00e4 suositun valinnan esimerkiksi rakennus-, kaivos- sek\u00e4 \u00f6ljy- ja kaasuteollisuudessa. Niiden kyky k\u00e4sitell\u00e4 korkeaa painetta varmistaa luotettavan suorituskyvyn vaativissa ymp\u00e4rist\u00f6iss\u00e4.<\/p>\n<h3>3. Mukautettava muotoilu<\/h3>\n<p>Hitsattuja haarukkatyyppisi\u00e4 sylintereit\u00e4 voidaan suunnitella mittatilausty\u00f6n\u00e4 vastaamaan sovelluksen erityistarpeita. T\u00e4m\u00e4 tarkoittaa, ett\u00e4 ne voidaan r\u00e4\u00e4t\u00e4l\u00f6id\u00e4 tiettyyn kokoon, muotoon tai suorituskykyvaatimukseen. Mukautettava suunnittelu mahdollistaa my\u00f6s suuremman joustavuuden valmistusprosessissa, mik\u00e4 voi johtaa kustannuss\u00e4\u00e4st\u00f6ihin.<\/p>\n<h3>4. Helppo asennus<\/h3>\n<p>Hitsatut haarukkatyyppiset sylinterit on suunniteltu helppoon asennukseen, mik\u00e4 auttaa v\u00e4hent\u00e4m\u00e4\u00e4n asennusaikaa ja ty\u00f6voimakustannuksia. Ne ovat yleens\u00e4 esikoottuja ja k\u00e4ytt\u00f6valmiita suoraan pakkauksesta, mik\u00e4 minimoi lis\u00e4osien tai -komponenttien tarpeen.<\/p>\n<h3>5. Parannettu suorituskyky<\/h3>\n<p>Hitsattujen haarukkatyyppisten sylinterien rakenne mahdollistaa paremman suorituskyvyn verrattuna muuntyyppisiin sylintereihin. Ne pystyv\u00e4t tuottamaan enemm\u00e4n voimaa paineyksikk\u00f6\u00e4 kohden, mik\u00e4 voi auttaa parantamaan tehokkuutta ja tuottavuutta teollisissa sovelluksissa.<\/p>\n<p>Kaiken kaikkiaan hitsatut haarukkatyyppiset sylinterit tarjoavat useita etuja ja hy\u00f6tyj\u00e4, jotka tekev\u00e4t niist\u00e4 suositun valinnan moniin teollisiin sovelluksiin. Niiden lis\u00e4\u00e4ntynyt lujuus ja kest\u00e4vyys, kyky k\u00e4sitell\u00e4 korkeaa painetta, mukautettava suunnittelu, helppo asennus ja parannettu suorituskyky tekev\u00e4t niist\u00e4 ihanteellisen valinnan vaativiin ymp\u00e4rist\u00f6ihin, joissa luotettavuus ja suorituskyky ovat avainasemassa.<\/p>\n<p><img decoding=\"async\" src=\"https:\/\/hzpt.com\/wp-content\/uploads\/2023\/12\/insert-2.webp\" alt=\"\" title=\"\"><\/p>\n<h2>Hitsatun Clevis-tyyppisen sylinterin k\u00e4ytt\u00f6<\/h2>\n<ul>\n<li><strong>Teollisuuskoneet:<\/strong> Hitsattuja sakkelisylintereit\u00e4 k\u00e4ytet\u00e4\u00e4n laajalti erilaisissa teollisuuskoneissa raskaissa sovelluksissa. N\u00e4m\u00e4 sylinterit pystyv\u00e4t tuottamaan suuren voiman koneiden komponenttien nostamiseen ja puristamiseen. Hitsattu sakkelirakenne mahdollistaa helpon asennuksen ja tehokkaan k\u00e4yt\u00f6n, mik\u00e4 tekee siit\u00e4 suositun valinnan valmistajille.\n<ul>\n<li>Valmistavassa teollisuudessa hitsattuja haarukkatyyppisi\u00e4 sylintereit\u00e4 k\u00e4ytet\u00e4\u00e4n hydraulipuristimissa, ruiskuvalukoneissa ja metallinleimauslaitteissa tarvittavan voiman aikaansaamiseksi metallilevyjen muovaukseen ja muotoiluun.<\/li>\n<li>Autoteollisuudessa n\u00e4it\u00e4 sylintereit\u00e4 k\u00e4ytet\u00e4\u00e4n autonostureissa, nostimissa ja kokoonpanokoneissa raskaiden komponenttien nostamiseen valmistusprosessin aikana.<\/li>\n<li>Rakennusteollisuudessa hitsattuja haarukkatyyppisi\u00e4 sylintereit\u00e4 k\u00e4ytet\u00e4\u00e4n nostureissa, kaivinkoneissa ja puskutraktoreissa raskaita kuormia nostavien ja siirt\u00e4vien hydraulij\u00e4rjestelmien voimanl\u00e4hteen\u00e4.<\/li>\n<\/ul>\n<\/li>\n<li><strong>Maatalouskoneet:<\/strong> Maatalouskoneet ovat yksi t\u00e4rkeimmist\u00e4 k\u00e4ytt\u00f6alueista, joilla hitsattuja sakkelityyppisi\u00e4 sylintereit\u00e4 k\u00e4ytet\u00e4\u00e4n. N\u00e4it\u00e4 sylintereit\u00e4 k\u00e4ytet\u00e4\u00e4n erilaisissa maatalouskoneissa, kuten traktoreissa, puimureissa ja auroissa, tarjoamaan tarvittava voima maanmuokkaukseen, istutukseen ja sadonkorjuuseen.\n<ul>\n<li>Maataloudessa hitsattuja sakkelityyppisi\u00e4 sylintereit\u00e4 k\u00e4ytet\u00e4\u00e4n auroissa, kultivaattoreissa ja kylv\u00f6koneissa tarvittavan voiman aikaansaamiseksi maanmuokkaukseen ja siementen kylv\u00f6\u00f6n.<\/li>\n<li>Sadonkorjuuteollisuudessa n\u00e4it\u00e4 sylintereit\u00e4 k\u00e4ytet\u00e4\u00e4n puimureissa, paalaimissa ja ruohonleikkureissa satoa ker\u00e4\u00e4vien ja kuljettavien hydraulij\u00e4rjestelmien voimanl\u00e4hteen\u00e4.<\/li>\n<\/ul>\n<\/li>\n<li><strong>Ilmailu ja puolustus:<\/strong> Hitsattuja Clevis-tyyppisi\u00e4 sylintereit\u00e4 k\u00e4ytet\u00e4\u00e4n my\u00f6s ilmailu- ja puolustusteollisuudessa, jossa niit\u00e4 k\u00e4ytet\u00e4\u00e4n monenlaisissa sovelluksissa lentokoneissa, raketeissa, ohjuksissa ja puolustusj\u00e4rjestelmiss\u00e4.\n<ul>\n<li>Ilmailuteollisuudessa hitsattuja haarukkatyyppisi\u00e4 sylintereit\u00e4 k\u00e4ytet\u00e4\u00e4n lentokoneiden laskutelineiss\u00e4, l\u00e4ppiss\u00e4 ja jarruissa tarvittavan voiman aikaansaamiseksi nousussa ja laskeutumisessa.<\/li>\n<li>Puolustusteollisuudessa n\u00e4it\u00e4 sylintereit\u00e4 k\u00e4ytet\u00e4\u00e4n ohjuslaukaisimissa, tykkitorneissa ja panssarivaunuj\u00e4rjestelmiss\u00e4 aseiden ja ammusten liikett\u00e4 ohjaavien hydraulij\u00e4rjestelmien virransy\u00f6tt\u00f6\u00f6n.<\/li>\n<\/ul>\n<\/li>\n<li><strong>Meriteollisuus:<\/strong> Hitsattuja Clevis-tyyppisi\u00e4 sylintereit\u00e4 k\u00e4ytet\u00e4\u00e4n my\u00f6s laajalti meriteollisuudessa, jossa niit\u00e4 k\u00e4ytet\u00e4\u00e4n erilaisissa sovelluksissa laivoissa, veneiss\u00e4 ja vedenalaisissa ajoneuvoissa.\n<ul>\n<li>Merenkulkualalla hitsattuja haarukkatyyppisi\u00e4 sylintereit\u00e4 k\u00e4ytet\u00e4\u00e4n nostureissa, vinsseiss\u00e4 ja lastink\u00e4sittelylaitteissa tarvittavan voiman aikaansaamiseksi lastin lastaamiseen ja purkamiseen.<\/li>\n<li>Veneteollisuudessa n\u00e4it\u00e4 sylintereit\u00e4 k\u00e4ytet\u00e4\u00e4n ohjausj\u00e4rjestelmiss\u00e4, potkureissa ja ankkurij\u00e4rjestelmiss\u00e4 veneiden ja laivojen liikkeen ohjaamiseen tarvittavan voiman aikaansaamiseksi.<\/li>\n<li>Vedenalaisten ajoneuvojen teollisuudessa hitsattuja haarukkatyyppisi\u00e4 sylintereit\u00e4 k\u00e4ytet\u00e4\u00e4n sukellusveneiss\u00e4, kauko-ohjattavissa ajoneuvoissa (ROV) ja sukellusvarusteissa tarvittavan voiman aikaansaamiseksi vedenalaisiin operaatioihin.<\/li>\n<\/ul>\n<\/li>\n<li><strong>Kaivosteollisuus:<\/strong> Hitsattuja haarukkatyyppisi\u00e4 sylintereit\u00e4 k\u00e4ytet\u00e4\u00e4n my\u00f6s kaivosteollisuudessa, jossa niit\u00e4 k\u00e4ytet\u00e4\u00e4n erilaisissa sovelluksissa mineraalien louhintaan ja materiaalink\u00e4sittelyyn.\n<ul>\n<li>Kaivosteollisuudessa hitsattuja sakkelityyppisi\u00e4 sylintereit\u00e4 k\u00e4ytet\u00e4\u00e4n kuljetinj\u00e4rjestelmiss\u00e4, porakoneissa ja hydraulisissa kaivoksissa tarvittavan voiman aikaansaamiseksi mineraalien ja materiaalien louhintaan kaivoksista ja louhoksista.<\/li>\n<\/ul>\n<\/li>\n<\/ul>\n<h2>Tietoja FMP:st\u00e4<\/h2>\n<p>Italiassa toimiva FMP on johtava toimija hydraulisylinterien segmentiss\u00e4 Italian liikkuvien koneiden markkinoilla. Tuotevalikoimaamme kuuluvat hydrauliset kallistussylinterit, hydrauliset ohjaussylinterit ja hydrauliset nostosylinterit. 200 000 kappaleen tuotantokapasiteetillamme meill\u00e4 on 300 erilaista t\u00e4ysautomaattista CNC-tuotantolaitetta ja t\u00e4ysautomaattista hydraulisylinterien kokoonpanolaitteistoa.<\/p>\n<p>T\u00e4m\u00e4n artikkelin lopussa haluamme korostaa FMP-tuotteiden laatua, kilpailukykyisi\u00e4 hintojamme ja erinomaista palveluamme. Mainittujen tuotteiden lis\u00e4ksi toimitamme my\u00f6s henkil\u00f6nostinten sylintereit\u00e4, teollisuusajoneuvojen hydraulisylintereit\u00e4, porauslauttojen sylintereit\u00e4, kuorma-autonostureiden sylintereit\u00e4, rakennuskoneiden hydraulisylintereit\u00e4, <b>Trukin hydraulisylinterit<\/b>, kaivosten kippiautojen sylinterit ja saniteettikoneiden hydraulisylinterit. Toivotamme asiakkaat tervetulleiksi r\u00e4\u00e4t\u00e4l\u00f6im\u00e4\u00e4n tilauksiaan piirustusten tai n\u00e4ytteiden perusteella.<\/p>\n<p><img decoding=\"async\" src=\"https:\/\/hzpt.com\/wp-content\/uploads\/2023\/12\/insert-5.webp\" alt=\"FMP-tehdas\" title=\"\"><\/p>\n<p>Tekij\u00e4: CX<\/p>","protected":false},"excerpt":{"rendered":"<p>Tuote 10003 Korkealaatuinen hydraulinen m\u00e4nt\u00e4sylinteri Kaksitoiminen ruostumattomasta ter\u00e4ksest\u00e4 valmistettu hydraulisylinteri Tuotekuvaus: Tuote 10003 Korkealaatuinen hydraulinen m\u00e4nt\u00e4sylinteri on huippuluokan hydraulisylinteri, joka on suunniteltu luotettavaan ja tehokkaaseen suorituskykyyn erilaisissa teollisissa sovelluksissa. Korkealaatuisesta ruostumattomasta ter\u00e4ksest\u00e4 valmistettu hydraulisylinteri tarjoaa poikkeuksellisen kest\u00e4vyyden ja korroosionkest\u00e4vyyden, mik\u00e4 varmistaa sen pitk\u00e4n k\u00e4ytt\u00f6i\u00e4n [\u2026]<\/p>","protected":false},"featured_media":1126,"comment_status":"closed","ping_status":"closed","template":"","meta":{"_et_pb_use_builder":"","_et_pb_old_content":"","_et_gb_content_width":""},"product_brand":[],"product_cat":[36],"product_tag":[34,38],"class_list":{"0":"post-1009","1":"product","2":"type-product","3":"status-publish","4":"has-post-thumbnail","6":"product_cat-welded-clevis-type-cylinder","7":"product_tag-hydraulic-cylinder","8":"product_tag-welded-clevis-type-cylinder","10":"first","11":"instock","12":"product-type-simple"},"_links":{"self":[{"href":"https:\/\/fmp-components.com\/fi\/wp-json\/wp\/v2\/product\/1009","targetHints":{"allow":["GET"]}}],"collection":[{"href":"https:\/\/fmp-components.com\/fi\/wp-json\/wp\/v2\/product"}],"about":[{"href":"https:\/\/fmp-components.com\/fi\/wp-json\/wp\/v2\/types\/product"}],"replies":[{"embeddable":true,"href":"https:\/\/fmp-components.com\/fi\/wp-json\/wp\/v2\/comments?post=1009"}],"wp:featuredmedia":[{"embeddable":true,"href":"https:\/\/fmp-components.com\/fi\/wp-json\/wp\/v2\/media\/1126"}],"wp:attachment":[{"href":"https:\/\/fmp-components.com\/fi\/wp-json\/wp\/v2\/media?parent=1009"}],"wp:term":[{"taxonomy":"product_brand","embeddable":true,"href":"https:\/\/fmp-components.com\/fi\/wp-json\/wp\/v2\/product_brand?post=1009"},{"taxonomy":"product_cat","embeddable":true,"href":"https:\/\/fmp-components.com\/fi\/wp-json\/wp\/v2\/product_cat?post=1009"},{"taxonomy":"product_tag","embeddable":true,"href":"https:\/\/fmp-components.com\/fi\/wp-json\/wp\/v2\/product_tag?post=1009"}],"curies":[{"name":"wp","href":"https:\/\/api.w.org\/{rel}","templated":true}]}}