{"id":838,"date":"2024-12-18T08:38:14","date_gmt":"2024-12-18T08:38:14","guid":{"rendered":"https:\/\/fmp-components.com\/?page_id=8"},"modified":"2025-03-07T08:50:50","modified_gmt":"2025-03-07T08:50:50","slug":"electric-motors","status":"publish","type":"page","link":"https:\/\/fmp-components.com\/fi\/electric-motors\/","title":{"rendered":"S\u00e4hk\u00f6moottorit"},"content":{"rendered":"<p>[et_pb_section fb_built=&#8221;1&#8243; _builder_version=&#8221;4.27.4&#8243; _module_preset=&#8221;default&#8221; use_background_color_gradient=&#8221;on&#8221; background_color_gradient_stops=&#8221;rgba(8,40,9,0.19) 0%|rgba(8,40,9,0.33) 100%&#8221; background_color_gradient_overlays_image=&#8221;on&#8221; background_image=&#8221;https:\/\/fmp-components.com\/wp-content\/uploads\/2024\/12\/Electric-Motor-Banner.webp&#8221; min_height=&#8221;637px&#8221; global_colors_info=&#8221;{}&#8221;][et_pb_row _builder_version=&#8221;4.27.4&#8243; _module_preset=&#8221;default&#8221; custom_padding=&#8221;81px|||||&#8221; global_colors_info=&#8221;{}&#8221;][et_pb_column type=&#8221;4_4&#8243; _builder_version=&#8221;4.27.4&#8243; _module_preset=&#8221;default&#8221; global_colors_info=&#8221;{}&#8221;][et_pb_text _builder_version=&#8221;4.27.4&#8243; _module_preset=&#8221;default&#8221; header_font=&#8221;Frank Ruhl Libre|500|||||||&#8221; header_text_align=&#8221;center&#8221; header_text_color=&#8221;#FFFFFF&#8221; header_font_size=&#8221;65px&#8221; header_text_shadow_style=&#8221;preset1&#8243; global_colors_info=&#8221;{}&#8221;]<\/p>\n<h1>s\u00e4hk\u00f6moottori<\/h1>\n<p>[\/et_pb_text][\/et_pb_column][\/et_pb_row][et_pb_row _builder_version=&#8221;4.27.4&#8243; _module_preset=&#8221;default&#8221; global_colors_info=&#8221;{}&#8221;][et_pb_column type=&#8221;4_4&#8243; _builder_version=&#8221;4.27.4&#8243; _module_preset=&#8221;default&#8221; global_colors_info=&#8221;{}&#8221;][et_pb_text _builder_version=&#8221;4.27.4&#8243; _module_preset=&#8221;default&#8221; text_text_color=&#8221;#FFFFFF&#8221; text_font_size=&#8221;16px&#8221; text_line_height=&#8221;1.8em&#8221; text_text_shadow_style=&#8221;preset4&#8243; global_colors_info=&#8221;{}&#8221;]<\/p>\n<p>S\u00e4hk\u00f6moottori on monipuolinen laite, joka muuntaa s\u00e4hk\u00f6energian mekaaniseksi energiaksi ja k\u00e4ytt\u00e4\u00e4 monenlaisia \u200b\u200bsovelluksia kodinkoneista teollisuuskoneisiin. N\u00e4m\u00e4 moottorit tunnetaan tehokkuudestaan, luotettavuudestaan \u200b\u200bja helppok\u00e4ytt\u00f6isyydest\u00e4\u00e4n, mink\u00e4 vuoksi ne ovat olennaisia \u200b\u200bkomponentteja eri aloilla.<\/p>\n<p>FMP:ll\u00e4 tarjoamme laajan valikoiman s\u00e4hk\u00f6moottoreita, kuten vaihtovirtamoottoreita, tasavirtamoottoreita ja askelmoottoreita, jotka on r\u00e4\u00e4t\u00e4l\u00f6ity vastaamaan erityistarpeitasi. Otamme vastaan \u200b\u200bmy\u00f6s mittatilausty\u00f6n\u00e4 tehtyj\u00e4 tilauksia varmistaaksemme, ett\u00e4 saat t\u00e4ydellisen moottorin sovellukseesi. Tarvitsetpa sitten vakiomalleja tai erikoisratkaisuja, FMP tarjoaa korkealaatuisia s\u00e4hk\u00f6moottoreita, jotka t\u00e4ytt\u00e4v\u00e4t vaatimuksesi.<\/p>\n<p>[\/et_pb_text][\/et_pb_column][\/et_pb_row][\/et_pb_section][et_pb_section fb_built=&#8221;1&#8243; _builder_version=&#8221;4.27.4&#8243; _module_preset=&#8221;default&#8221; global_colors_info=&#8221;{}&#8221;][et_pb_row _builder_version=&#8221;4.27.4&#8243; _module_preset=&#8221;default&#8221; global_colors_info=&#8221;{}&#8221;][et_pb_column type=&#8221;4_4&#8243; _builder_version=&#8221;4.27.4&#8243; _module_preset=&#8221;default&#8221; global_colors_info=&#8221;{}&#8221;][et_pb_text _builder_version=&#8221;4.27.4&#8243; _module_preset=&#8221;default&#8221; header_2_font=&#8221;Frank Ruhl Libre||||||||&#8221; header_2_text_align=&#8221;center&#8221; header_2_font_size=&#8221;40px&#8221; hover_enabled=&#8221;0&#8243; global_colors_info=&#8221;{}&#8221; sticky_enabled=&#8221;0&#8243;]<\/p>\n<h2>s\u00e4hk\u00f6moottori<\/h2>\n<p>[\/et_pb_text][\/et_pb_column][\/et_pb_row][et_pb_row column_structure=&#8221;1_3,1_3,1_3&#8243; _builder_version=&#8221;4.27.4&#8243; _module_preset=&#8221;default&#8221; global_colors_info=&#8221;{}&#8221;][et_pb_column type=&#8221;1_3&#8243; _builder_version=&#8221;4.27.4&#8243; _module_preset=&#8221;default&#8221; global_colors_info=&#8221;{}&#8221;][et_pb_image src=&#8221;https:\/\/fmp-components.com\/wp-content\/uploads\/2024\/12\/DC-Direct-Current-Motors.webp&#8221; alt=&#8221;DC (Direct Current) Motors&#8221; title_text=&#8221;DC (Direct Current) Motors&#8221; _builder_version=&#8221;4.27.4&#8243; _module_preset=&#8221;default&#8221; global_colors_info=&#8221;{}&#8221;][\/et_pb_image][et_pb_toggle title=&#8221;DC (Direct Current) Motors&#8221; _builder_version=&#8221;4.27.4&#8243; _module_preset=&#8221;default&#8221; global_colors_info=&#8221;{}&#8221;]<\/p>\n<ul>\n<li><a href=\"https:\/\/fmp-components.com\/fi\/product\/italy-supplier-mini-dc-motor-tgp01d-a130-plastic-gearbox-plus-a130\/\">Mini DC-moottori TGP01D-A130 muovinen vaihteisto Plus A130d<\/a><\/li>\n<li><a href=\"https:\/\/fmp-components.com\/fi\/product\/plastic-gearbox-mini-geared-motor-tgp01s-a130\/\">Muovinen vaihdelaatikko Mini-vaihdemoottori TGP01S-A130<\/a><\/li>\n<li><a href=\"https:\/\/fmp-components.com\/fi\/product\/plastic-gearbox-motor-tgp02d-a130-for-toy-robot-remote-control-toy-cars\/\">Muovinen vaihdelaatikkomoottori TGP02D-A130 lelurobottien kauko-ohjattaville leluautoille<\/a><\/li>\n<li><a href=\"https:\/\/fmp-components.com\/fi\/product\/low-noise-basic-dc-toy-motor-for-toy-car-tgp02s-a130\/\">Hiljainen perus DC-lelumoottori leluautoille TGP02S-A130<\/a><\/li>\n<li><a href=\"https:\/\/fmp-components.com\/fi\/product\/zy-jb-dc-gear-motor-series\/\">ZY\/JB DC-vaihdemoottorisarja<\/a><\/li>\n<li><a href=\"https:\/\/fmp-components.com\/fi\/product\/yyyn-jb-gear-reducer-single-three-phase-motor-series\/\">YY(YN)\/JB vaihdev\u00e4hennysmoottorisarja<\/a><\/li>\n<\/ul>\n<p>[\/et_pb_toggle][\/et_pb_column][et_pb_column type=&#8221;1_3&#8243; _builder_version=&#8221;4.27.4&#8243; _module_preset=&#8221;default&#8221; global_colors_info=&#8221;{}&#8221;][et_pb_image src=&#8221;https:\/\/fmp-components.com\/wp-content\/uploads\/2024\/12\/Asynchronous-Motors.webp&#8221; alt=&#8221;Asynchronous Motors&#8221; title_text=&#8221;Asynchronous Motors&#8221; _builder_version=&#8221;4.27.4&#8243; _module_preset=&#8221;default&#8221; global_colors_info=&#8221;{}&#8221;][\/et_pb_image][et_pb_toggle title=&#8221;AC Motors-Asynchronous Motors&#8221; _builder_version=&#8221;4.27.4&#8243; _module_preset=&#8221;default&#8221; global_colors_info=&#8221;{}&#8221;]<\/p>\n<ul>\n<li><a href=\"https:\/\/fmp-components.com\/fi\/product\/y-series-high-efficiency-three-phase-asynchronous-electric-motor\/\">Y-sarjan kolmivaiheinen asynkroninen s\u00e4hk\u00f6moottori<\/a><\/li>\n<li><a href=\"https:\/\/fmp-components.com\/fi\/product\/y2-series-cast-iron-housing-three-phase-asynchronous-electric-motor\/\">Y2-sarjan kolmivaiheinen asynkroninen s\u00e4hk\u00f6moottori<\/a><\/li>\n<li><a href=\"https:\/\/fmp-components.com\/fi\/product\/y3-series-low-voltage-high-power-three-phase-asynchronous-electric-motor\/\">Y3-sarjan kolmivaiheinen asynkroninen moottori<\/a><\/li>\n<li><a href=\"https:\/\/fmp-components.com\/fi\/product\/ys-series-electric-motor\/\">YS-sarjan pienitehoinen kolmivaiheinen asynkroninen moottori<\/a><\/li>\n<li><a href=\"https:\/\/fmp-components.com\/fi\/product\/nema-standard-premium-efficiency-three-phase-induction-electric-motor\/\">NEMA-standardin mukaiset tehokkaat kolmivaiheiset induktiomoottorit<\/a><\/li>\n<li><a href=\"https:\/\/fmp-components.com\/fi\/product\/yd-series-pole-changing-multi-speed-three-phase-asynchronous-electric-motor\/\">YD-sarjan napaa vaihtava moninopeuksinen kolmivaiheinen asynkroninen s\u00e4hk\u00f6moottori<\/a><\/li>\n<li><a href=\"https:\/\/fmp-components.com\/fi\/product\/ydt-series-three-phase-consequent-poles-asynchronous-motor-for-fan-and-pump\/\">YDT-sarjan vaihtonapainen moninopeuksinen kolmivaiheinen asynkroninen moottori tuulettimelle ja pumpulle<\/a><\/li>\n<li><a href=\"https:\/\/fmp-components.com\/fi\/product\/yej-series-electromagnetic-braking-three-phase-asynchronous-motor\/\">YEJ-sarjan s\u00e4hk\u00f6magneettinen jarrutus kolmivaiheinen asynkroninen moottori<\/a><\/li>\n<li><a href=\"https:\/\/fmp-components.com\/fi\/product\/yvf2-series-frequency-variable-speed-regulation-three-phase-asynchronous-motor\/\">YVF2-sarjan taajuuden muuttuvan nopeuden s\u00e4\u00e4t\u00f6 kolmivaiheinen asynkroninen moottori<\/a><\/li>\n<li><a href=\"https:\/\/fmp-components.com\/fi\/product\/yb2-series-explosion-proof-three-phase-asynchronous-motor\/\">YB-sarjan r\u00e4j\u00e4hdyssuojattu kolmivaiheinen asynkroninen moottori<\/a><\/li>\n<li><a href=\"https:\/\/fmp-components.com\/fi\/product\/yc-series-heavy-duty-capacitors-start-single-phase-induction-motor\/\">YC YL -sarjan yksivaiheiset asynkroniset induktiomoottorit<\/a><\/li>\n<\/ul>\n<p>[\/et_pb_toggle][\/et_pb_column][et_pb_column type=&#8221;1_3&#8243; _builder_version=&#8221;4.27.4&#8243; _module_preset=&#8221;default&#8221; global_colors_info=&#8221;{}&#8221;][et_pb_image src=&#8221;https:\/\/fmp-components.com\/wp-content\/uploads\/2024\/12\/Brake-Motors.webp&#8221; alt=&#8221;Brake Motors&#8221; title_text=&#8221;Brake Motors&#8221; _builder_version=&#8221;4.27.4&#8243; _module_preset=&#8221;default&#8221; global_colors_info=&#8221;{}&#8221;][\/et_pb_image][et_pb_toggle title=&#8221;Brake Motors&#8221; _builder_version=&#8221;4.27.4&#8243; _module_preset=&#8221;default&#8221; global_colors_info=&#8221;{}&#8221;]<\/p>\n<ul>\n<li><a href=\"https:\/\/fmp-components.com\/fi\/product\/yej-series-electromagnetic-braking-three-phase-asynchronous-motor\/\">YEJ-sarjan s\u00e4hk\u00f6magneettinen jarrutus kolmivaiheisella asynkronisella moottorilla<\/a><\/li>\n<li><a href=\"https:\/\/fmp-components.com\/fi\/product\/yej2-series-electromagnetic-braking-three-phase-asynchronous-motor\/\">YEJ2-sarjan s\u00e4hk\u00f6magneettinen jarrutus kolmivaiheinen asynkroninen moottori<\/a><\/li>\n<li><a href=\"https:\/\/fmp-components.com\/fi\/product\/yeja-series-ac-electromagnetic-brake-three-phase-asynchronous-motor\/\">YEJA-sarjan AC-s\u00e4hk\u00f6magneettinen jarru Kolmivaiheinen asynkroninen moottori<\/a><\/li>\n<\/ul>\n<p>[\/et_pb_toggle][\/et_pb_column][\/et_pb_row][et_pb_row column_structure=&#8221;1_3,1_3,1_3&#8243; _builder_version=&#8221;4.27.4&#8243; _module_preset=&#8221;default&#8221; global_colors_info=&#8221;{}&#8221;][et_pb_column type=&#8221;1_3&#8243; _builder_version=&#8221;4.27.4&#8243; _module_preset=&#8221;default&#8221; global_colors_info=&#8221;{}&#8221;][et_pb_image src=&#8221;https:\/\/fmp-components.com\/wp-content\/uploads\/2024\/12\/Stainless-Steel-Motors.webp&#8221; alt=&#8221;Stainless Steel Motors&#8221; title_text=&#8221;Stainless Steel Motors&#8221; _builder_version=&#8221;4.27.4&#8243; _module_preset=&#8221;default&#8221; global_colors_info=&#8221;{}&#8221;][\/et_pb_image][et_pb_toggle title=&#8221;Stainless Steel Motors&#8221; _builder_version=&#8221;4.27.4&#8243; _module_preset=&#8221;default&#8221; global_colors_info=&#8221;{}&#8221;]<\/p>\n<ul>\n<li><a href=\"https:\/\/fmp-components.com\/fi\/product\/nema-stainless-steel-stepper-motor-with-double-capacitor\/\">NEMA-ruostumattomasta ter\u00e4ksest\u00e4 valmistettu askelmoottori kaksoiskondensaattorilla<\/a><\/li>\n<li><a href=\"https:\/\/fmp-components.com\/fi\/product\/tefc-stainless-steel-nema-washdown-electric-motor\/\">TEFC ruostumattomasta ter\u00e4ksest\u00e4 valmistettu NEMA-pesumoottori<\/a><\/li>\n<li><a href=\"https:\/\/fmp-components.com\/fi\/product\/tenv-stainless-steel-washdown-nema-motor-with-single-capacitor\/\">TENV ruostumattomasta ter\u00e4ksest\u00e4 valmistettu pest\u00e4v\u00e4 NEMA-moottori yhdell\u00e4 kondensaattorilla<\/a><\/li>\n<li><a href=\"https:\/\/fmp-components.com\/fi\/product\/tefc-nema-stainless-steel-motor\/\">TEFC NEMA ruostumattomasta ter\u00e4ksest\u00e4 valmistettu moottori<\/a><\/li>\n<li><a href=\"https:\/\/fmp-components.com\/fi\/product\/ip67-waterproof-nema-stainless-steel-motor-tenv\/\">IP67 vedenpit\u00e4v\u00e4 NEMA ruostumattomasta ter\u00e4ksest\u00e4 valmistettu moottori TENV<\/a><\/li>\n<li><a href=\"https:\/\/fmp-components.com\/fi\/product\/b5-flange-mounted-stainless-steel-motor-tefc-for-food-machinery\/\">B5 Laippakiinnitteinen ruostumattomasta ter\u00e4ksest\u00e4 valmistettu moottori - TEFC elintarvikekoneisiin<\/a><\/li>\n<li><a href=\"https:\/\/fmp-components.com\/fi\/product\/b14-face-mounted-stainless-steel-motor-tefc\/\">B14 Ruostumattomasta ter\u00e4ksest\u00e4 valmistettu TEFC-moottori, jonka etuosaan on asennettu<\/a><\/li>\n<li><a href=\"https:\/\/fmp-components.com\/fi\/product\/iec-stainless-steel-motor-b3-foot-mounted-tefc\/\">IEC ruostumattomasta ter\u00e4ksest\u00e4 valmistettu moottori B3 jalkaan asennettava TEFC<\/a><\/li>\n<li><a href=\"https:\/\/fmp-components.com\/fi\/product\/iec-motor-b5t-flange-mounted-stainless-steel-motor-tenv-replacement-of-sew-motor\/\">IEC-moottori B5T Laippakiinnitteinen ruostumattomasta ter\u00e4ksest\u00e4 valmistettu moottori TENV SEW-moottorin korvaaja<\/a><\/li>\n<li><a href=\"https:\/\/fmp-components.com\/fi\/product\/iec-b5-flange-mounted-stainless-steel-motor-tenv\/\">IEC B5 laippakiinnitteinen ruostumattomasta ter\u00e4ksest\u00e4 valmistettu moottori -TENV<\/a><\/li>\n<li><a href=\"https:\/\/fmp-components.com\/fi\/product\/iec-b14-face-mounted-stainless-steel-motor-tenv\/\">IEC B14 -kasvoille asennettu ruostumattomasta ter\u00e4ksest\u00e4 valmistettu moottori -TENV<\/a><\/li>\n<li><a href=\"https:\/\/fmp-components.com\/fi\/product\/iec-stainless-steel-motor-b3-foot-mounted-tenv\/\">IEC ruostumattomasta ter\u00e4ksest\u00e4 valmistettu moottori B3, jalkaan asennettava - TENV<\/a><\/li>\n<\/ul>\n<p>[\/et_pb_toggle][\/et_pb_column][et_pb_column type=&#8221;1_3&#8243; _builder_version=&#8221;4.27.4&#8243; _module_preset=&#8221;default&#8221; global_colors_info=&#8221;{}&#8221;][et_pb_image src=&#8221;https:\/\/fmp-components.com\/wp-content\/uploads\/2024\/12\/Spindle-Motors.webp&#8221; alt=&#8221;Spindle Motors&#8221; title_text=&#8221;Spindle Motors&#8221; _builder_version=&#8221;4.27.4&#8243; _module_preset=&#8221;default&#8221; global_colors_info=&#8221;{}&#8221;][\/et_pb_image][et_pb_toggle title=&#8221;Spindle Motors&#8221; _builder_version=&#8221;4.27.4&#8243; _module_preset=&#8221;default&#8221; global_colors_info=&#8221;{}&#8221;]<\/p>\n<ul>\n<li><a href=\"https:\/\/fmp-components.com\/fi\/product\/pneumatic-unclamp-cylinder\/\">Pneumaattinen irrotussylinteri<\/a><\/li>\n<li><a href=\"https:\/\/fmp-components.com\/fi\/product\/electrical-spindle-for-special-usage\/\">S\u00e4hk\u00f6inen kara erikoisk\u00e4ytt\u00f6\u00f6n<\/a><\/li>\n<li><a href=\"https:\/\/fmp-components.com\/fi\/product\/spindle-motor-used-for-lathe-jszd150t-jszd110j\/\">Karan moottori, jota k\u00e4ytet\u00e4\u00e4n sorvissa JSZD150T JSZD110J<\/a><\/li>\n<li><a href=\"https:\/\/fmp-components.com\/fi\/product\/spindle-motor-used-for-lathe-jszd150h\/\">Karan moottori, jota k\u00e4ytet\u00e4\u00e4n sorvissa JSZD280<\/a><\/li>\n<li><a href=\"https:\/\/fmp-components.com\/fi\/product\/spindle-motor-used-for-lathe-jszd150h\/\">Karan moottori, jota k\u00e4ytet\u00e4\u00e4n sorvissa JSZD150H<\/a><\/li>\n<li><a href=\"https:\/\/fmp-components.com\/fi\/product\/spindle-motor-used-for-cnc-spindle-jszd320\/\">Karan moottori, jota k\u00e4ytet\u00e4\u00e4n CNC-karan JSZD320:ssa<\/a><\/li>\n<li><a href=\"https:\/\/fmp-components.com\/fi\/product\/spindle-motor-used-for-cnc-spindle-jszd240\/\">Karan moottori, jota k\u00e4ytet\u00e4\u00e4n CNC-karan JSZD240:ss\u00e4<\/a><\/li>\n<li><a href=\"https:\/\/fmp-components.com\/fi\/product\/spindle-motor-used-for-cnc-spindle-jszd280a\/\">Karan moottori, jota k\u00e4ytet\u00e4\u00e4n CNC-karan JSZD280A:ssa<\/a><\/li>\n<li><a href=\"https:\/\/fmp-components.com\/fi\/product\/spindle-motor-used-for-cnc-spindle-jszd220\/\">Karan moottori, jota k\u00e4ytet\u00e4\u00e4n CNC-karan JSZD220:ssa<\/a><\/li>\n<li><a href=\"https:\/\/fmp-components.com\/fi\/product\/spindle-motor-used-for-cnc-spindle-jszd202\/\">Karan moottori, jota k\u00e4ytet\u00e4\u00e4n CNC-karan JSZD202:ssa<\/a><\/li>\n<li><a href=\"https:\/\/fmp-components.com\/fi\/product\/spindle-motor-used-for-cnc-spindle-jszd170c\/\">Karan moottori, jota k\u00e4ytet\u00e4\u00e4n CNC-karan JSZD170C:ss\u00e4<\/a><\/li>\n<li><a href=\"https:\/\/fmp-components.com\/fi\/product\/spindle-motor-used-for-cnc-spindle-jszd150c\/\">Karan moottori, jota k\u00e4ytet\u00e4\u00e4n CNC-karan JSZD150C:ss\u00e4<\/a><\/li>\n<li><a href=\"https:\/\/fmp-components.com\/fi\/product\/spindle-motor-used-for-grinding-spindle\/\">Karan moottori, jota k\u00e4ytet\u00e4\u00e4n hiontakaran<\/a><\/li>\n<li><a href=\"https:\/\/fmp-components.com\/fi\/product\/spindle-motor-used-for-engraving-and-milling\/\">Karamoottori, jota k\u00e4ytet\u00e4\u00e4n kaiverrukseen ja jyrsint\u00e4\u00e4n<\/a><\/li>\n<\/ul>\n<p>[\/et_pb_toggle][\/et_pb_column][et_pb_column type=&#8221;1_3&#8243; _builder_version=&#8221;4.27.4&#8243; _module_preset=&#8221;default&#8221; global_colors_info=&#8221;{}&#8221;][et_pb_image src=&#8221;https:\/\/fmp-components.com\/wp-content\/uploads\/2024\/12\/Explosion-Proof-Motor.webp&#8221; alt=&#8221;Explosion Proof Motor&#8221; title_text=&#8221;Explosion Proof Motor&#8221; _builder_version=&#8221;4.27.4&#8243; _module_preset=&#8221;default&#8221; global_colors_info=&#8221;{}&#8221;][\/et_pb_image][et_pb_toggle title=&#8221;Explosion Proof Motor&#8221; _builder_version=&#8221;4.27.4&#8243; _module_preset=&#8221;default&#8221; global_colors_info=&#8221;{}&#8221;]<\/p>\n<ul>\n<li><a href=\"https:\/\/fmp-components.com\/fi\/product\/yb2-series-explosion-proof-three-phase-asynchronous-motor\/\">YB2-sarjan r\u00e4j\u00e4hdyssuojattu kolmivaiheinen asynkroninen moottori<\/a><\/li>\n<li><a href=\"https:\/\/fmp-components.com\/fi\/product\/yb3-series-explosion-proof-three-phase-induction-motor\/\">YB3-sarjan r\u00e4j\u00e4hdyssuojattu kolmivaiheinen induktiomoottori<\/a><\/li>\n<li><a href=\"https:\/\/fmp-components.com\/fi\/product\/ybx3-series-explosion-proof-three-phase-asynchronous-motor\/\">YBX3-sarjan r\u00e4j\u00e4hdyssuojattu kolmivaiheinen asynkroninen moottori<\/a><\/li>\n<li><a href=\"https:\/\/fmp-components.com\/fi\/product\/ybx4-series-explosion-proof-three-phase-asynchronous-motor\/\">YBX4-sarjan r\u00e4j\u00e4hdyssuojattu kolmivaiheinen asynkroninen moottori<\/a><\/li>\n<li><a href=\"https:\/\/fmp-components.com\/fi\/product\/ybbp-series-explosion-proof-variable-frequency-adjustable-speed-three-phase-asynchronous-motor\/\">YBBP-sarjan r\u00e4j\u00e4hdyssuojattu s\u00e4\u00e4dett\u00e4v\u00e4n taajuuden ja nopeuden kolmivaiheinen asynkroninen moottori<\/a><\/li>\n<\/ul>\n<p>[\/et_pb_toggle][\/et_pb_column][\/et_pb_row][\/et_pb_section]<\/p>","protected":false},"excerpt":{"rendered":"<p>Electric MotorAn electric motor is a versatile device that converts electrical energy into mechanical energy, powering a wide range of applications from household appliances to industrial machinery. These motors are known for their efficiency, reliability, and ease of use, making them essential components in various sectors. At FMP, we offer a diverse selection of electric [&hellip;]<\/p>","protected":false},"author":2,"featured_media":0,"parent":0,"menu_order":0,"comment_status":"closed","ping_status":"closed","template":"","meta":{"_et_pb_use_builder":"on","_et_pb_old_content":"","_et_gb_content_width":"","footnotes":""},"class_list":["post-838","page","type-page","status-publish","hentry"],"_links":{"self":[{"href":"https:\/\/fmp-components.com\/fi\/wp-json\/wp\/v2\/pages\/838","targetHints":{"allow":["GET"]}}],"collection":[{"href":"https:\/\/fmp-components.com\/fi\/wp-json\/wp\/v2\/pages"}],"about":[{"href":"https:\/\/fmp-components.com\/fi\/wp-json\/wp\/v2\/types\/page"}],"author":[{"embeddable":true,"href":"https:\/\/fmp-components.com\/fi\/wp-json\/wp\/v2\/users\/2"}],"replies":[{"embeddable":true,"href":"https:\/\/fmp-components.com\/fi\/wp-json\/wp\/v2\/comments?post=838"}],"version-history":[{"count":20,"href":"https:\/\/fmp-components.com\/fi\/wp-json\/wp\/v2\/pages\/838\/revisions"}],"predecessor-version":[{"id":6328,"href":"https:\/\/fmp-components.com\/fi\/wp-json\/wp\/v2\/pages\/838\/revisions\/6328"}],"wp:attachment":[{"href":"https:\/\/fmp-components.com\/fi\/wp-json\/wp\/v2\/media?parent=838"}],"curies":[{"name":"wp","href":"https:\/\/api.w.org\/{rel}","templated":true}]}}