{"id":7847,"date":"2025-04-08T08:44:24","date_gmt":"2025-04-08T08:44:24","guid":{"rendered":"https:\/\/fmp-components.com\/?page_id=7847"},"modified":"2025-04-09T05:38:24","modified_gmt":"2025-04-09T05:38:24","slug":"ring-and-pinion-gears","status":"publish","type":"page","link":"https:\/\/fmp-components.com\/fi\/ring-and-pinion-gears\/","title":{"rendered":"Rengas- ja hammaspy\u00f6r\u00e4t"},"content":{"rendered":"<p>[et_pb_section fb_built=&#8221;1&#8243; _builder_version=&#8221;4.27.4&#8243; _module_preset=&#8221;default&#8221; use_background_color_gradient=&#8221;on&#8221; background_color_gradient_stops=&#8221;rgba(0,0,0,0.27) 0%|rgba(0,0,0,0.41) 100%&#8221; background_color_gradient_overlays_image=&#8221;on&#8221; background_image=&#8221;https:\/\/fmp-components.com\/wp-content\/uploads\/2025\/04\/ring-and-pinion-gears-banner-2.webp&#8221; min_height=&#8221;381px&#8221; global_colors_info=&#8221;{}&#8221;][et_pb_row _builder_version=&#8221;4.27.4&#8243; _module_preset=&#8221;default&#8221; global_colors_info=&#8221;{}&#8221;][et_pb_column type=&#8221;4_4&#8243; _builder_version=&#8221;4.27.4&#8243; _module_preset=&#8221;default&#8221; global_colors_info=&#8221;{}&#8221;][et_pb_text _builder_version=&#8221;4.27.4&#8243; _module_preset=&#8221;default&#8221; header_font=&#8221;Frank Ruhl Libre||||||||&#8221; header_text_align=&#8221;center&#8221; header_text_color=&#8221;#FFFFFF&#8221; header_font_size=&#8221;70px&#8221; header_text_shadow_style=&#8221;preset1&#8243; global_colors_info=&#8221;{}&#8221;]<\/p>\n<h1 style=\"text-align: center;\">Rengas- ja hammaspy\u00f6r\u00e4t<\/h1>\n<p>[\/et_pb_text][et_pb_text _builder_version=\u201d4.27.4\u2033 _module_preset=\u201doletus\u201d text_font=\u201dFrank Ruhl Libre|600|||||||\u201d text_text_color=\u201d#FFFFFF\u201d text_font_size=\u201d18px\u201d text_line_height=\u201d1.8em\u201d text_orientation=\u201dkeskelle\u201d global_colors_info=\u201d{}\u201d]<\/p>\n<p>Jos tarvitsemaasi tuotetta ei l\u00f6ydy listalta, pyyd\u00e4 ilmainen tarjous!<\/p>\n<p>[\/et_pb_text][\/et_pb_column][\/et_pb_row][\/et_pb_section][et_pb_section fb_built=&#8221;1&#8243; _builder_version=&#8221;4.27.4&#8243; _module_preset=&#8221;default&#8221; global_colors_info=&#8221;{}&#8221;][et_pb_row _builder_version=&#8221;4.27.4&#8243; _module_preset=&#8221;default&#8221; global_colors_info=&#8221;{}&#8221;][et_pb_column type=&#8221;4_4&#8243; _builder_version=&#8221;4.27.4&#8243; _module_preset=&#8221;default&#8221; global_colors_info=&#8221;{}&#8221;][et_pb_text _builder_version=&#8221;4.27.4&#8243; _module_preset=&#8221;default&#8221; header_2_font=&#8221;Frank Ruhl Libre||||||||&#8221; header_2_font_size=&#8221;40px&#8221; global_colors_info=&#8221;{}&#8221;]<\/p>\n<h2 style=\"text-align: center;\">Parhaat rengas- ja hammaspy\u00f6r\u00e4t<\/h2>\n<p>[\/et_pb_text][et_pb_shop type=&#8221;product_category&#8221; show_pagination=&#8221;on&#8221; include_categories=&#8221;115&#8243; _builder_version=&#8221;4.27.4&#8243; _module_preset=&#8221;default&#8221; title_font=&#8221;Frank Ruhl Libre||||||||&#8221; title_text_align=&#8221;center&#8221; title_font_size=&#8221;17px&#8221; global_colors_info=&#8221;{}&#8221;][\/et_pb_shop][\/et_pb_column][\/et_pb_row][et_pb_row _builder_version=&#8221;4.27.4&#8243; _module_preset=&#8221;default&#8221;][et_pb_column _builder_version=&#8221;4.27.4&#8243; _module_preset=&#8221;default&#8221; type=&#8221;4_4&#8243;][et_pb_divider _builder_version=&#8221;4.27.4&#8243; _module_preset=&#8221;default&#8221; color=&#8221;#E09900&#8243; hover_enabled=&#8221;0&#8243; sticky_enabled=&#8221;0&#8243;][\/et_pb_divider][\/et_pb_column][\/et_pb_row][et_pb_row _builder_version=&#8221;4.27.4&#8243; _module_preset=&#8221;default&#8221; column_structure=&#8221;1_2,1_2&#8243;][et_pb_column _builder_version=&#8221;4.27.4&#8243; _module_preset=&#8221;default&#8221; type=&#8221;1_2&#8243;][et_pb_image src=&#8221;https:\/\/fmp-components.com\/wp-content\/uploads\/2025\/04\/Ring_Pinion_2.gif&#8221; _builder_version=&#8221;4.27.4&#8243; _module_preset=&#8221;default&#8221; alt=&#8221;Ring_Pinion&#8221; title_text=&#8221;Ring_Pinion_2&#8243; hover_enabled=&#8221;0&#8243; sticky_enabled=&#8221;0&#8243;][\/et_pb_image][\/et_pb_column][et_pb_column _builder_version=&#8221;4.27.4&#8243; _module_preset=&#8221;default&#8221; type=&#8221;1_2&#8243;][et_pb_text _builder_version=&#8221;4.27.4&#8243; _module_preset=&#8221;default&#8221; header_3_font=&#8221;Frank Ruhl Libre||||||||&#8221; header_3_font_size=&#8221;30px&#8221; text_font_size=&#8221;16px&#8221; text_line_height=&#8221;1.8em&#8221; hover_enabled=&#8221;0&#8243; sticky_enabled=&#8221;0&#8243;]<\/p>\n<div>\n<h3 dir=\"auto\" class=\"\">Miksi valita rengas- ja hammaspy\u00f6r\u00e4t<\/h3>\n<p dir=\"auto\" class=\"break-words\">Hammaspy\u00f6r\u00e4t ovat ajoneuvon voimansiirron olennaisia \u200b\u200bosia. Ne siirt\u00e4v\u00e4t v\u00e4\u00e4nt\u00f6momentin tehokkaasti moottorista py\u00f6riin ohjaamalla tehoa 90 astetta tasauspy\u00f6r\u00e4st\u00f6n kautta. Saatavilla olevista menetelmist\u00e4 hypoidihammaspy\u00f6r\u00e4t ja -rattaat erottuvat autoteollisuuden ensisijaisena valintana erinomaisen lujuutensa, hiljaisemman k\u00e4yntins\u00e4 ja kykyns\u00e4 k\u00e4sitell\u00e4 suurempia alennussuhteita ansiosta. FMP:ll\u00e4 olemme ylpeit\u00e4 siit\u00e4, ett\u00e4 olemme paras hammaspy\u00f6r\u00e4valmistajia ja -rattaita, jotka toimitamme r\u00e4\u00e4t\u00e4l\u00f6ityj\u00e4 hammaspy\u00f6r\u00e4valmistajia juuri sinun tarpeisiisi. Optimoitpa sitten katuajoon, maastoajoon tai ratak\u00e4ytt\u00f6\u00f6n sopivaa tarkkuutta, FMP:n hammaspy\u00f6r\u00e4sarjat takaavat vertaansa vailla olevan luotettavuuden ja tehokkuuden.<\/p>\n<\/div>\n<p>[\/et_pb_text][\/et_pb_column][\/et_pb_row][et_pb_row _builder_version=&#8221;4.27.4&#8243; _module_preset=&#8221;default&#8221; column_structure=&#8221;1_2,1_2&#8243;][et_pb_column _builder_version=&#8221;4.27.4&#8243; _module_preset=&#8221;default&#8221; type=&#8221;1_2&#8243;][et_pb_text _builder_version=&#8221;4.27.4&#8243; _module_preset=&#8221;default&#8221; text_font_size=&#8221;16px&#8221; text_line_height=&#8221;1.8em&#8221; header_3_font=&#8221;Frank Ruhl Libre||||||||&#8221; header_3_font_size=&#8221;30px&#8221; hover_enabled=&#8221;0&#8243; sticky_enabled=&#8221;0&#8243;]<\/p>\n<div>\n<h3 dir=\"auto\" class=\"\">Ylivertaista laatua FMP:lt\u00e4<\/h3>\n<p dir=\"auto\" class=\"break-words\">Hammaspy\u00f6r\u00e4py\u00f6rien suorituskyky riippuu suuresti niiden suunnittelusta, materiaaleista ja valmistuksen tarkkuudesta \u2013 n\u00e4ill\u00e4 alueilla FMP loistaa alan johtajana. R\u00e4\u00e4t\u00e4l\u00f6idyt hammaspy\u00f6r\u00e4mme on suunniteltu huipputeknologialla ja ne t\u00e4ytt\u00e4v\u00e4t korkeimmat standardit, mukaan lukien TS16949-, ISO9001- ja ISO14001-sertifikaatit. FMP tarjoaa laajan valikoiman v\u00e4lityssuhteita ja toleransseja, joten se tarjoaa parhaat hammaspy\u00f6r\u00e4t aina raskaasta hinauksesta suurnopeuskilpailuihin. Edistyneiden l\u00e4mp\u00f6k\u00e4sittelyprosessien ja tiukan laatutestauksen ansiosta hammaspy\u00f6r\u00e4sarjamme tarjoavat poikkeuksellisen kest\u00e4vyyden ja tehonsiirron, mik\u00e4 tekee FMP:st\u00e4 ensisijainen valinta valmistajille ja harrastajille Yhdysvalloissa, Meksikossa ja Kanadassa.<\/p>\n<\/div>\n<p>[\/et_pb_text][\/et_pb_column][et_pb_column _builder_version=&#8221;4.27.4&#8243; _module_preset=&#8221;default&#8221; type=&#8221;1_2&#8243;][et_pb_image src=&#8221;https:\/\/fmp-components.com\/wp-content\/uploads\/2025\/04\/ring-and-pinion-gears-manufacturer.webp&#8221; _builder_version=&#8221;4.27.4&#8243; _module_preset=&#8221;default&#8221; alt=&#8221;ring-and-pinion-gears-manufacturer&#8221; title_text=&#8221;ring-and-pinion-gears-manufacturer&#8221; hover_enabled=&#8221;0&#8243; sticky_enabled=&#8221;0&#8243;][\/et_pb_image][\/et_pb_column][\/et_pb_row][\/et_pb_section][et_pb_section fb_built=&#8221;1&#8243; _builder_version=&#8221;4.27.4&#8243; _module_preset=&#8221;default&#8221; use_background_color_gradient=&#8221;on&#8221; background_color_gradient_stops=&#8221;rgba(0,0,0,0.37) 0%|rgba(0,0,0,0.26) 100%&#8221; background_color_gradient_overlays_image=&#8221;on&#8221; background_image=&#8221;https:\/\/fmp-components.com\/wp-content\/uploads\/2025\/04\/ring-and-pinion-gears-foot-1.webp&#8221; min_height=&#8221;386px&#8221; global_colors_info=&#8221;{}&#8221;][et_pb_row _builder_version=&#8221;4.27.4&#8243; _module_preset=&#8221;default&#8221; background_color=&#8221;#FFFFFF&#8221; custom_margin=&#8221;0px||0px||false|false&#8221; custom_padding=&#8221;20px|20px|20px|20px|false|false&#8221; box_shadow_style=&#8221;preset1&#8243; global_colors_info=&#8221;{}&#8221;][et_pb_column type=&#8221;4_4&#8243; _builder_version=&#8221;4.27.4&#8243; _module_preset=&#8221;default&#8221; global_colors_info=&#8221;{}&#8221;][et_pb_text _builder_version=&#8221;4.27.4&#8243; _module_preset=&#8221;default&#8221; header_font=&#8221;Frank Ruhl Libre||||||||&#8221; header_font_size=&#8221;40px&#8221; header_2_font=&#8221;Frank Ruhl Libre||||||||&#8221; header_2_font_size=&#8221;40px&#8221; global_colors_info=&#8221;{}&#8221;]<\/p>\n<h2 style=\"text-align: center;\">Mukautetut rengas- ja hammaspy\u00f6r\u00e4t<\/h2>\n<p>[\/et_pb_text][et_pb_text _builder_version=&#8221;4.27.4&#8243; _module_preset=&#8221;default&#8221; text_text_color=&#8221;#000000&#8243; text_font_size=&#8221;16px&#8221; text_line_height=&#8221;1.8em&#8221; global_colors_info=&#8221;{}&#8221;]<\/p>\n<p>FMP:ll\u00e4 olemme erikoistuneet korkealaatuisten, mittatilausty\u00f6n\u00e4 tehtyjen hammaskeh\u00e4- ja vetopy\u00f6r\u00e4st\u00f6jen valmistukseen, jotka on suunniteltu maksimoimaan voimansiirron suorituskyky, olitpa sitten Milanossa, Venetsiassa, Firenzess\u00e4, Bolognassa tai miss\u00e4 tahansa muualla Italiassa. Johtavana valmistajana tuotamme laajan valikoiman hammaskeh\u00e4- ja vetopy\u00f6r\u00e4st\u00f6j\u00e4 eri v\u00e4lityssuhteilla, halkaisijoilla ja uralukum\u00e4\u00e4rill\u00e4, jotka sopivat kaikkiin ajoneuvorakenteisiin. Ensiluokkaiset tarjouksemme kilpailevat alan j\u00e4ttil\u00e4isten, kuten Yukon Gear &amp; Axlen, Strange Engineeringin ja Richmond Gearin, kanssa, ja ne tarjoavat poikkeuksellista kest\u00e4vyytt\u00e4 ja tarkkuutta edistyneiden suunnittelu- ja l\u00e4mp\u00f6k\u00e4sittelytekniikoiden avulla.<\/p>\n<p style=\"text-align: center;\">Tarjoamme ylpe\u00e4n\u00e4 t\u00e4ysin r\u00e4\u00e4t\u00e4l\u00f6ityj\u00e4 ratkaisuja, jotka on r\u00e4\u00e4t\u00e4l\u00f6ity juuri sinun tarpeisiisi. Jos et l\u00f6yd\u00e4 etsim\u00e4\u00e4si mallia tuoteluettelostamme, \u00e4l\u00e4 huoli. Se tarkoittaa yksinkertaisesti sit\u00e4, ettemme ole viel\u00e4 ehtineet ladata sit\u00e4 palveluumme! L\u00e4het\u00e4 meille s\u00e4hk\u00f6postia vaatimuksistasi, niin asiantuntevat insin\u00f6\u00f6rimme vastaavat 24 tunnin kuluessa r\u00e4\u00e4t\u00e4l\u00f6idyll\u00e4 ratkaisulla. FMP on luotettu kumppanisi huippuluokan hammaspy\u00f6r\u00e4- ja hammaspy\u00f6r\u00e4st\u00f6jen toimittajana Italiassa. Ota yhteytt\u00e4 jo t\u00e4n\u00e4\u00e4n, niin aloitetaan projektisi!<\/p>\n<p>[\/et_pb_text][\/et_pb_column][\/et_pb_row][\/et_pb_section]<\/p>","protected":false},"excerpt":{"rendered":"<p>Ring and Pinion GearsIf the product you need is not listed, go ahead and get a free quote!Best Ring and Pinion Gears Why Choose Ring and Pinion Gears Ring and pinion gears are essential components in a vehicle\u2019s drivetrain, efficiently transferring torque from the engine to the wheels by redirecting power 90 degrees through the [&hellip;]<\/p>","protected":false},"author":2,"featured_media":0,"parent":0,"menu_order":0,"comment_status":"closed","ping_status":"closed","template":"","meta":{"_et_pb_use_builder":"on","_et_pb_old_content":"","_et_gb_content_width":"","footnotes":""},"class_list":["post-7847","page","type-page","status-publish","hentry"],"_links":{"self":[{"href":"https:\/\/fmp-components.com\/fi\/wp-json\/wp\/v2\/pages\/7847","targetHints":{"allow":["GET"]}}],"collection":[{"href":"https:\/\/fmp-components.com\/fi\/wp-json\/wp\/v2\/pages"}],"about":[{"href":"https:\/\/fmp-components.com\/fi\/wp-json\/wp\/v2\/types\/page"}],"author":[{"embeddable":true,"href":"https:\/\/fmp-components.com\/fi\/wp-json\/wp\/v2\/users\/2"}],"replies":[{"embeddable":true,"href":"https:\/\/fmp-components.com\/fi\/wp-json\/wp\/v2\/comments?post=7847"}],"version-history":[{"count":12,"href":"https:\/\/fmp-components.com\/fi\/wp-json\/wp\/v2\/pages\/7847\/revisions"}],"predecessor-version":[{"id":7900,"href":"https:\/\/fmp-components.com\/fi\/wp-json\/wp\/v2\/pages\/7847\/revisions\/7900"}],"wp:attachment":[{"href":"https:\/\/fmp-components.com\/fi\/wp-json\/wp\/v2\/media?parent=7847"}],"curies":[{"name":"wp","href":"https:\/\/api.w.org\/{rel}","templated":true}]}}