{"id":7689,"date":"2025-04-03T02:27:56","date_gmt":"2025-04-03T02:27:56","guid":{"rendered":"https:\/\/fmp-components.com\/?page_id=7689"},"modified":"2025-04-03T03:16:32","modified_gmt":"2025-04-03T03:16:32","slug":"energy-technology-hydraulic-cylinders-2","status":"publish","type":"page","link":"https:\/\/fmp-components.com\/fi\/energy-technology-hydraulic-cylinders-2\/","title":{"rendered":"Energiatekniikan hydraulisylinterit"},"content":{"rendered":"<p>[et_pb_section fb_built=&#8221;1&#8243; _builder_version=&#8221;4.27.4&#8243; _module_preset=&#8221;default&#8221; use_background_color_gradient=&#8221;on&#8221; background_color_gradient_stops=&#8221;rgba(0,0,0,0.34) 0%|#5e5e5e 100%&#8221; background_color_gradient_overlays_image=&#8221;on&#8221; background_image=&#8221;https:\/\/fmp-components.com\/wp-content\/uploads\/2025\/04\/Energy-Technology-Hydraulic-Cylinders-1.webp&#8221; custom_padding=&#8221;||214px|||&#8221; global_colors_info=&#8221;{}&#8221;][et_pb_row _builder_version=&#8221;4.27.4&#8243; _module_preset=&#8221;default&#8221; custom_margin=&#8221;70px||||false|false&#8221; global_colors_info=&#8221;{}&#8221;][et_pb_column type=&#8221;4_4&#8243; _builder_version=&#8221;4.27.4&#8243; _module_preset=&#8221;default&#8221; global_colors_info=&#8221;{}&#8221;][et_pb_text _builder_version=&#8221;4.27.4&#8243; _module_preset=&#8221;default&#8221; header_font=&#8221;Frank Ruhl Libre||||||||&#8221; header_text_color=&#8221;#FFFFFF&#8221; header_font_size=&#8221;60px&#8221; header_text_shadow_style=&#8221;preset1&#8243; global_colors_info=&#8221;{}&#8221;]<\/p>\n<h1 style=\"text-align: center;\">Energiatekniikan hydraulisylinterit<\/h1>\n<p>[\/et_pb_text][\/et_pb_column][\/et_pb_row][\/et_pb_section][et_pb_section fb_built=&#8221;1&#8243; _builder_version=&#8221;4.27.4&#8243; _module_preset=&#8221;default&#8221; min_height=&#8221;443px&#8221; custom_padding=&#8221;||8px|||&#8221; global_colors_info=&#8221;{}&#8221;][et_pb_row _builder_version=&#8221;4.27.4&#8243; _module_preset=&#8221;default&#8221;][et_pb_column _builder_version=&#8221;4.27.4&#8243; _module_preset=&#8221;default&#8221; type=&#8221;4_4&#8243;][et_pb_text _builder_version=&#8221;4.27.4&#8243; _module_preset=&#8221;default&#8221; header_2_font=&#8221;Frank Ruhl Libre||||||||&#8221; header_2_font_size=&#8221;30px&#8221; hover_enabled=&#8221;0&#8243; sticky_enabled=&#8221;0&#8243;]<\/p>\n<h2 style=\"text-align: center;\">Energiatekniikan hydraulisylinterien tyypit<\/h2>\n<p>[\/et_pb_text][\/et_pb_column][\/et_pb_row][et_pb_row _builder_version=&#8221;4.27.4&#8243; _module_preset=&#8221;default&#8221; global_colors_info=&#8221;{}&#8221;][et_pb_column type=&#8221;4_4&#8243; _builder_version=&#8221;4.27.4&#8243; _module_preset=&#8221;default&#8221; global_colors_info=&#8221;{}&#8221;][et_pb_shop type=&#8221;product_category&#8221; include_categories=&#8221;29&#8243; columns_number=&#8221;3&#8243; _builder_version=&#8221;4.27.4&#8243; _module_preset=&#8221;default&#8221; title_font=&#8221;Frank Ruhl Libre||||||||&#8221; title_text_align=&#8221;center&#8221; title_font_size=&#8221;22px&#8221; global_colors_info=&#8221;{}&#8221;][\/et_pb_shop][\/et_pb_column][\/et_pb_row][\/et_pb_section][et_pb_section fb_built=&#8221;1&#8243; _builder_version=&#8221;4.27.4&#8243; _module_preset=&#8221;default&#8221; use_background_color_gradient=&#8221;on&#8221; background_color_gradient_stops=&#8221;rgba(0,0,0,0.4) 0%|rgba(0,0,0,0.4) 100%&#8221; background_color_gradient_overlays_image=&#8221;on&#8221; background_image=&#8221;https:\/\/fmp-components.com\/wp-content\/uploads\/2025\/04\/Energy-Technology-Hydraulic-Cylinders-1-1.webp&#8221; custom_padding=&#8221;||33px|||&#8221; global_colors_info=&#8221;{}&#8221;][et_pb_row _builder_version=&#8221;4.27.4&#8243; _module_preset=&#8221;default&#8221; global_colors_info=&#8221;{}&#8221;][et_pb_column type=&#8221;4_4&#8243; _builder_version=&#8221;4.27.4&#8243; _module_preset=&#8221;default&#8221; global_colors_info=&#8221;{}&#8221;][et_pb_text _builder_version=&#8221;4.27.4&#8243; _module_preset=&#8221;default&#8221; text_text_color=&#8221;#FFFFFF&#8221; text_font_size=&#8221;16px&#8221; text_line_height=&#8221;1.8em&#8221; header_2_font=&#8221;Frank Ruhl Libre||||||||&#8221; header_2_text_color=&#8221;#FFFFFF&#8221; header_2_font_size=&#8221;40px&#8221; text_text_shadow_style=&#8221;preset1&#8243; global_colors_info=&#8221;{}&#8221;]<\/p>\n<h2 style=\"text-align: center;\">Energiatekniikan hydraulisylinterit: FMP:n avulla innovaatioita<\/h2>\n<p style=\"text-align: center;\">Energiateknologian nopeasti kehittyv\u00e4ll\u00e4 alalla hydraulisylintereill\u00e4 on ratkaiseva rooli tehokkuuden ja luotettavuuden varmistamisessa eri sovelluksissa, kuten uusiutuvan energian j\u00e4rjestelmiss\u00e4, s\u00e4hk\u00f6ntuotantolaitteissa ja teollisuuskoneissa. FMP Companylla olemme erikoistuneet tuottamaan monipuolisia energiateknologian hydraulisylintereit\u00e4, jotka on suunniteltu vastaamaan t\u00e4m\u00e4n dynaamisen alan ainutlaatuisiin vaatimuksiin. Tavallisista hitsatuista ja teleskooppisylintereist\u00e4 edistyneisiin korkeapaine- ja asennontunnistussylintereihin, tuotteemme on suunniteltu huippusuorituskyky\u00e4 varten. Tarjoamme my\u00f6s t\u00e4ysin r\u00e4\u00e4t\u00e4l\u00f6ityj\u00e4 ratkaisuja, jotka vastaavat erityistarpeitasi, ja palvelemme ylpe\u00e4n\u00e4 energia-alan ammattilaisia \u200b\u200bkaikkialla Italiassa, mukaan lukien t\u00e4rkeimm\u00e4t keskukset, kuten Milano, Venetsia, Firenze ja Bologna. Jos et l\u00f6yd\u00e4 tarvitsemaasi mallia tuoteluettelostamme, sit\u00e4 ei ehk\u00e4 ole viel\u00e4 ladattu \u2013 l\u00e4het\u00e4 meille s\u00e4hk\u00f6postia ja kerro meille spesifikaatiosi, niin asiantuntevat insin\u00f6\u00f6rimme vastaavat 24 tunnin kuluessa r\u00e4\u00e4t\u00e4l\u00f6idyll\u00e4 ratkaisulla varmistaen, ett\u00e4 projektisi Italian energiakent\u00e4ss\u00e4 pysyv\u00e4t aikataulussa.<\/p>\n<p>[\/et_pb_text][\/et_pb_column][\/et_pb_row][\/et_pb_section]<\/p>","protected":false},"excerpt":{"rendered":"<p>Energy Technology Hydraulic CylindersTypes of Energy Technology Hydraulic CylindersEnergy Technology Hydraulic Cylinders: Powering Innovation with FMP In the rapidly evolving field of energy technology, hydraulic cylinders play a critical role in ensuring efficiency and reliability across applications like renewable energy systems, power generation equipment, and industrial machinery. At FMP Company, we specialize in producing a [&hellip;]<\/p>","protected":false},"author":2,"featured_media":0,"parent":0,"menu_order":0,"comment_status":"closed","ping_status":"closed","template":"","meta":{"_et_pb_use_builder":"on","_et_pb_old_content":"","_et_gb_content_width":"","footnotes":""},"class_list":["post-7689","page","type-page","status-publish","hentry"],"_links":{"self":[{"href":"https:\/\/fmp-components.com\/fi\/wp-json\/wp\/v2\/pages\/7689","targetHints":{"allow":["GET"]}}],"collection":[{"href":"https:\/\/fmp-components.com\/fi\/wp-json\/wp\/v2\/pages"}],"about":[{"href":"https:\/\/fmp-components.com\/fi\/wp-json\/wp\/v2\/types\/page"}],"author":[{"embeddable":true,"href":"https:\/\/fmp-components.com\/fi\/wp-json\/wp\/v2\/users\/2"}],"replies":[{"embeddable":true,"href":"https:\/\/fmp-components.com\/fi\/wp-json\/wp\/v2\/comments?post=7689"}],"version-history":[{"count":5,"href":"https:\/\/fmp-components.com\/fi\/wp-json\/wp\/v2\/pages\/7689\/revisions"}],"predecessor-version":[{"id":7696,"href":"https:\/\/fmp-components.com\/fi\/wp-json\/wp\/v2\/pages\/7689\/revisions\/7696"}],"wp:attachment":[{"href":"https:\/\/fmp-components.com\/fi\/wp-json\/wp\/v2\/media?parent=7689"}],"curies":[{"name":"wp","href":"https:\/\/api.w.org\/{rel}","templated":true}]}}