{"id":7581,"date":"2025-03-31T05:23:31","date_gmt":"2025-03-31T05:23:31","guid":{"rendered":"https:\/\/fmp-components.com\/?page_id=7581"},"modified":"2025-04-02T01:46:51","modified_gmt":"2025-04-02T01:46:51","slug":"industrial-engineering-hydraulic-cylinders-2","status":"publish","type":"page","link":"https:\/\/fmp-components.com\/fi\/industrial-engineering-hydraulic-cylinders-2\/","title":{"rendered":"Teollisuustekniikan hydraulisylinterit"},"content":{"rendered":"<p>[et_pb_section fb_built=&#8221;1&#8243; theme_builder_area=&#8221;post_content&#8221; _builder_version=&#8221;4.27.4&#8243; _module_preset=&#8221;default&#8221; alt=&#8221;Industrial-Engineering-Hydraulic-Cylinders&#8221; title_text=&#8221;Industrial-Engineering-Hydraulic-Cylinders-1&#8243; background_image=&#8221;https:\/\/fmp-components.com\/wp-content\/uploads\/2025\/04\/Industrial-Engineering-Hydraulic-Cylinders-1-1.webp&#8221; hover_enabled=&#8221;0&#8243; sticky_enabled=&#8221;0&#8243; custom_padding=&#8221;||146px|||&#8221;][et_pb_row _builder_version=&#8221;4.27.4&#8243; _module_preset=&#8221;default&#8221; theme_builder_area=&#8221;post_content&#8221; custom_margin=&#8221;50px||||false|false&#8221; hover_enabled=&#8221;0&#8243; sticky_enabled=&#8221;0&#8243;][et_pb_column _builder_version=&#8221;4.27.4&#8243; _module_preset=&#8221;default&#8221; type=&#8221;4_4&#8243; theme_builder_area=&#8221;post_content&#8221;][et_pb_text _builder_version=&#8221;4.27.4&#8243; _module_preset=&#8221;default&#8221; theme_builder_area=&#8221;post_content&#8221; header_font=&#8221;Frank Ruhl Libre||||||||&#8221; header_font_size=&#8221;60px&#8221; header_text_color=&#8221;#FFFFFF&#8221; header_text_shadow_style=&#8221;preset1&#8243; hover_enabled=&#8221;0&#8243; sticky_enabled=&#8221;0&#8243;]<\/p>\n<h1 style=\"text-align: center;\">Teollisuustekniikan hydraulisylinterit<\/h1>\n<p>[\/et_pb_text][\/et_pb_column][\/et_pb_row][\/et_pb_section][et_pb_section fb_built=&#8221;1&#8243; theme_builder_area=&#8221;post_content&#8221; _builder_version=&#8221;4.27.4&#8243; _module_preset=&#8221;default&#8221; custom_padding=&#8221;||9px|||&#8221;][et_pb_row _builder_version=&#8221;4.27.4&#8243; _module_preset=&#8221;default&#8221; theme_builder_area=&#8221;post_content&#8221;][et_pb_column _builder_version=&#8221;4.27.4&#8243; _module_preset=&#8221;default&#8221; type=&#8221;4_4&#8243; theme_builder_area=&#8221;post_content&#8221;][et_pb_text _builder_version=&#8221;4.27.4&#8243; _module_preset=&#8221;default&#8221; theme_builder_area=&#8221;post_content&#8221; header_2_font=&#8221;Frank Ruhl Libre||||||||&#8221; header_2_font_size=&#8221;30px&#8221; hover_enabled=&#8221;0&#8243; sticky_enabled=&#8221;0&#8243;]<\/p>\n<h2 style=\"text-align: center;\">Teollisuustekniikan hydraulisylinterien tyypit<\/h2>\n<p>[\/et_pb_text][et_pb_shop _builder_version=&#8221;4.27.4&#8243; _module_preset=&#8221;default&#8221; theme_builder_area=&#8221;post_content&#8221; show_pagination=&#8221;on&#8221; hover_enabled=&#8221;0&#8243; sticky_enabled=&#8221;0&#8243;][\/et_pb_shop][\/et_pb_column][\/et_pb_row][\/et_pb_section][et_pb_section fb_built=&#8221;1&#8243; theme_builder_area=&#8221;post_content&#8221; _builder_version=&#8221;4.27.4&#8243; _module_preset=&#8221;default&#8221;][et_pb_row _builder_version=&#8221;4.27.4&#8243; _module_preset=&#8221;default&#8221; column_structure=&#8221;1_2,1_2&#8243; theme_builder_area=&#8221;post_content&#8221; width=&#8221;100%&#8221; max_width=&#8221;1250px&#8221; hover_enabled=&#8221;0&#8243; sticky_enabled=&#8221;0&#8243;][et_pb_column _builder_version=&#8221;4.27.4&#8243; _module_preset=&#8221;default&#8221; type=&#8221;1_2&#8243; theme_builder_area=&#8221;post_content&#8221;][et_pb_image src=&#8221;https:\/\/fmp-components.com\/wp-content\/uploads\/2025\/04\/Industrial-Engineering-Hydraulic-Cylinders-Factory-2.webp&#8221; _builder_version=&#8221;4.27.4&#8243; _module_preset=&#8221;default&#8221; theme_builder_area=&#8221;post_content&#8221; alt=&#8221;Industrial-Engineering-Hydraulic-Cylinders-Factory&#8221; title_text=&#8221;Industrial-Engineering-Hydraulic-Cylinders-Factory-2&#8243; hover_enabled=&#8221;0&#8243; sticky_enabled=&#8221;0&#8243;][\/et_pb_image][\/et_pb_column][et_pb_column _builder_version=&#8221;4.27.4&#8243; _module_preset=&#8221;default&#8221; type=&#8221;1_2&#8243; theme_builder_area=&#8221;post_content&#8221;][et_pb_text _builder_version=&#8221;4.27.4&#8243; _module_preset=&#8221;default&#8221; theme_builder_area=&#8221;post_content&#8221; header_2_font=&#8221;Frank Ruhl Libre||||||||&#8221; text_font_size=&#8221;16px&#8221; text_line_height=&#8221;1.8em&#8221; hover_enabled=&#8221;0&#8243; sticky_enabled=&#8221;0&#8243;]<\/p>\n<h2>Korkean suorituskyvyn hydraulisylintereit\u00e4 Italian teollisuustekniikan sektorille<\/h2>\n<p>FMP-yritys on erikoistunut valmistamaan korkealaatuisia hydraulisylintereit\u00e4, jotka on suunniteltu vastaamaan teollisuussovellusten tiukkoja vaatimuksia. Milanon tuotantokeskuksista Venetsian meriteollisuuteen, monipuolinen tuotevalikoimamme sis\u00e4lt\u00e4\u00e4\u00a0<em>hitsatut hydraulisylinterit<\/em>,\u00a0<em>integroidut venttiilisylinterit<\/em>,\u00a0<em>paikannuskykyiset \u00e4lykk\u00e4\u00e4t sylinterit<\/em>ja\u00a0<em>korkeapainemallit<\/em>\u00a0Suunniteltu \u00e4\u00e4rimm\u00e4isiin olosuhteisiin. Toimitpa sitten Firenzen tarkkuustekniikan alalla tai Bolognan automaatiopainotteisessa teollisuudessa, toimitamme Purpose-Built\u2122-ratkaisuja, joilla on ISO 9001:2015 -sertifioitu laatu. R\u00e4\u00e4t\u00e4l\u00f6inti on ydint\u00e4mme \u2013 insin\u00f6\u00f6rimme tekev\u00e4t yhteisty\u00f6t\u00e4 integraattoreiden, laitevalmistajien ja j\u00e4lleenmyyjien kanssa kaikkialla Italiassa kehitt\u00e4\u00e4kseen r\u00e4\u00e4t\u00e4l\u00f6ityj\u00e4 hydraulij\u00e4rjestelmi\u00e4, mukaan lukien prototyyppitestaus ja erikoissertifioinnit (ABS, ANSI). Jos tarvitsemaasi mallia ei ole luettelossa, l\u00e4het\u00e4 meille suoraan s\u00e4hk\u00f6postia. Tiimimme vastaa 24 tunnin kuluessa varmistaakseen toteutettavuuden, varmistaen, ett\u00e4 mik\u00e4\u00e4n projekti Italian dynaamisessa teollisuusymp\u00e4rist\u00f6ss\u00e4 ei viiv\u00e4sty.<\/p>\n<p>[\/et_pb_text][\/et_pb_column][\/et_pb_row][et_pb_row _builder_version=&#8221;4.27.4&#8243; _module_preset=&#8221;default&#8221; column_structure=&#8221;1_2,1_2&#8243; theme_builder_area=&#8221;post_content&#8221; width=&#8221;100%&#8221; max_width=&#8221;1250px&#8221; hover_enabled=&#8221;0&#8243; sticky_enabled=&#8221;0&#8243;][et_pb_column _builder_version=&#8221;4.27.4&#8243; _module_preset=&#8221;default&#8221; type=&#8221;1_2&#8243; theme_builder_area=&#8221;post_content&#8221;][et_pb_text _builder_version=&#8221;4.27.4&#8243; _module_preset=&#8221;default&#8221; theme_builder_area=&#8221;post_content&#8221; header_2_font=&#8221;Frank Ruhl Libre||||||||&#8221; text_font_size=&#8221;16px&#8221; text_line_height=&#8221;1.8em&#8221; hover_enabled=&#8221;0&#8243; sticky_enabled=&#8221;0&#8243; custom_padding=&#8221;47px|||||&#8221;]<\/p>\n<h2>Luotettavat hydrauliikkaratkaisut, paikallinen tuki<\/h2>\n<p>FMP:ll\u00e4 yhdist\u00e4mme amerikkalaisen suunnitteluosaamisen paikalliseen tukeen Italian avainalueilla. Tehdask\u00e4ytt\u00f6\u00f6n tarkoitetut sylinterimme ja teleskooppiset hydrauliikkaj\u00e4rjestelm\u00e4mme ovat Milanon ter\u00e4stehtaiden ja Venetsian satamakoneiden luottamia, ja ne tarjoavat vertaansa vailla olevaa kest\u00e4vyytt\u00e4 ja v\u00e4h\u00e4ist\u00e4 huoltoa. Firenzen k\u00e4sity\u00f6l\u00e4isteollisuuden tai Bolognan maatalouskoneiden yrityksille sis\u00e4inen suunnittelun ja tuotannon hallintamme takaa nopeat toimitusajat. Integraattoreiden ja j\u00e4lleenmyyjien sertifioituna kumppanina tarjoamme varastojoustavuutta ja teknist\u00e4 asiantuntemusta markkinaosuutesi laajentamiseksi. Tutustu luetteloomme tai pyyd\u00e4 tarjous jo t\u00e4n\u00e4\u00e4n \u2013 ja jos ihanteellista sylinteri\u00e4si ei l\u00f6ydy listalta, ota meihin yhteytt\u00e4 s\u00e4hk\u00f6postitse.<\/p>\n<p>[\/et_pb_text][\/et_pb_column][et_pb_column _builder_version=&#8221;4.27.4&#8243; _module_preset=&#8221;default&#8221; type=&#8221;1_2&#8243; theme_builder_area=&#8221;post_content&#8221;][et_pb_image src=&#8221;https:\/\/fmp-components.com\/wp-content\/uploads\/2025\/04\/Industrial-Engineering-Hydraulic-Cylinders-Factory-1.webp&#8221; _builder_version=&#8221;4.27.4&#8243; _module_preset=&#8221;default&#8221; theme_builder_area=&#8221;post_content&#8221; alt=&#8221;Industrial-Engineering-Hydraulic-Cylinders-Factory&#8221; title_text=&#8221;Industrial-Engineering-Hydraulic-Cylinders-Factory-1&#8243; hover_enabled=&#8221;0&#8243; sticky_enabled=&#8221;0&#8243;][\/et_pb_image][\/et_pb_column][\/et_pb_row][\/et_pb_section]<\/p>","protected":false},"excerpt":{"rendered":"<p>Industrial Engineering Hydraulic CylindersTypes of Industrial Engineering Hydraulic CylindersHigh-Performance Hydraulic Cylinders for Italy\u2019s Industrial Engineering Sector FMP Company specializes in manufacturing premium hydraulic cylinders engineered to meet the rigorous demands of industrial applications. From\u00a0Milan\u2019s manufacturing hubs\u00a0to\u00a0Venice\u2019s marine industries, our diverse product range includes\u00a0welded hydraulic cylinders,\u00a0integrated valve cylinders,\u00a0position-sensing smart cylinders, and\u00a0high-pressure models\u00a0designed for extreme environments. Whether [&hellip;]<\/p>","protected":false},"author":2,"featured_media":0,"parent":0,"menu_order":0,"comment_status":"closed","ping_status":"closed","template":"","meta":{"_et_pb_use_builder":"on","_et_pb_old_content":"","_et_gb_content_width":"","footnotes":""},"class_list":["post-7581","page","type-page","status-publish","hentry"],"_links":{"self":[{"href":"https:\/\/fmp-components.com\/fi\/wp-json\/wp\/v2\/pages\/7581","targetHints":{"allow":["GET"]}}],"collection":[{"href":"https:\/\/fmp-components.com\/fi\/wp-json\/wp\/v2\/pages"}],"about":[{"href":"https:\/\/fmp-components.com\/fi\/wp-json\/wp\/v2\/types\/page"}],"author":[{"embeddable":true,"href":"https:\/\/fmp-components.com\/fi\/wp-json\/wp\/v2\/users\/2"}],"replies":[{"embeddable":true,"href":"https:\/\/fmp-components.com\/fi\/wp-json\/wp\/v2\/comments?post=7581"}],"version-history":[{"count":8,"href":"https:\/\/fmp-components.com\/fi\/wp-json\/wp\/v2\/pages\/7581\/revisions"}],"predecessor-version":[{"id":7611,"href":"https:\/\/fmp-components.com\/fi\/wp-json\/wp\/v2\/pages\/7581\/revisions\/7611"}],"wp:attachment":[{"href":"https:\/\/fmp-components.com\/fi\/wp-json\/wp\/v2\/media?parent=7581"}],"curies":[{"name":"wp","href":"https:\/\/api.w.org\/{rel}","templated":true}]}}