{"id":6269,"date":"2025-03-07T03:38:27","date_gmt":"2025-03-07T03:38:27","guid":{"rendered":"https:\/\/fmp-components.com\/?page_id=6269"},"modified":"2025-03-07T06:14:40","modified_gmt":"2025-03-07T06:14:40","slug":"steel-2","status":"publish","type":"page","link":"https:\/\/fmp-components.com\/fi\/steel-2\/","title":{"rendered":"Ter\u00e4s"},"content":{"rendered":"<p>[et_pb_section fb_built=&#8221;1&#8243; theme_builder_area=&#8221;post_content&#8221; _builder_version=&#8221;4.27.4&#8243; _module_preset=&#8221;default&#8221; alt=&#8221;Steel&#8221; title_text=&#8221;steel-banner&#8221; background_image=&#8221;https:\/\/fmp-components.com\/wp-content\/uploads\/2025\/03\/steel-banner.webp&#8221; hover_enabled=&#8221;0&#8243; sticky_enabled=&#8221;0&#8243; min_height=&#8221;447px&#8221; use_background_color_gradient=&#8221;on&#8221; background_color_gradient_stops=&#8221;rgba(0,0,0,0.2) 0%|rgba(0,0,0,0.15) 100%&#8221; background_color_gradient_overlays_image=&#8221;on&#8221;][et_pb_row _builder_version=&#8221;4.27.4&#8243; _module_preset=&#8221;default&#8221; theme_builder_area=&#8221;post_content&#8221;][et_pb_column _builder_version=&#8221;4.27.4&#8243; _module_preset=&#8221;default&#8221; type=&#8221;4_4&#8243; theme_builder_area=&#8221;post_content&#8221;][et_pb_text _builder_version=&#8221;4.27.4&#8243; _module_preset=&#8221;default&#8221; theme_builder_area=&#8221;post_content&#8221; text_orientation=&#8221;center&#8221; text_text_color=&#8221;#FFFFFF&#8221; header_font=&#8221;Frank Ruhl Libre||||||||&#8221; header_text_align=&#8221;center&#8221; header_text_color=&#8221;#FFFFFF&#8221; header_font_size=&#8221;70px&#8221; header_text_shadow_style=&#8221;preset1&#8243; hover_enabled=&#8221;0&#8243; sticky_enabled=&#8221;0&#8243;]<\/p>\n<h1 style=\"text-align: center;\">Ter\u00e4s<\/h1>\n<p>[\/et_pb_text][\/et_pb_column][\/et_pb_row][\/et_pb_section][et_pb_section fb_built=&#8221;1&#8243; theme_builder_area=&#8221;post_content&#8221; _builder_version=&#8221;4.27.4&#8243; _module_preset=&#8221;default&#8221;][et_pb_row _builder_version=&#8221;4.27.4&#8243; _module_preset=&#8221;default&#8221; theme_builder_area=&#8221;post_content&#8221;][et_pb_column _builder_version=&#8221;4.27.4&#8243; _module_preset=&#8221;default&#8221; type=&#8221;4_4&#8243; theme_builder_area=&#8221;post_content&#8221;][et_pb_text _builder_version=&#8221;4.27.4&#8243; _module_preset=&#8221;default&#8221; theme_builder_area=&#8221;post_content&#8221; header_font=&#8221;Frank Ruhl Libre||||||||&#8221; header_2_font=&#8221;Frank Ruhl Libre||||||||&#8221; header_2_font_size=&#8221;35px&#8221; hover_enabled=&#8221;0&#8243; sticky_enabled=&#8221;0&#8243;]<\/p>\n<h2>Ter\u00e4sratkaisut FMP:lt\u00e4: Laadulla ja tarkkuudella Italian teollisuuden voimaa<\/h2>\n<p>[\/et_pb_text][et_pb_text _builder_version=&#8221;4.27.4&#8243; _module_preset=&#8221;default&#8221; theme_builder_area=&#8221;post_content&#8221; text_font_size=&#8221;16px&#8221; text_line_height=&#8221;1.8em&#8221; hover_enabled=&#8221;0&#8243; sticky_enabled=&#8221;0&#8243;]<\/p>\n<p>Ter\u00e4ksen suhteen FMP Company on luotettu johtaja Italiassa ja toimittaa laajan valikoiman korkealaatuisia ter\u00e4stuotteita vastaamaan teollisuuden, k\u00e4sity\u00f6l\u00e4isten ja innovaattoreiden tarpeisiin kaikkialla Italian niemimaalla. Ter\u00e4s \u2013 raudan ja hiilen seos, jonka hiilipitoisuus on jopa 2% \u2013 on modernin infrastruktuurin selk\u00e4ranka Milanon korkeista pilvenpiirt\u00e4jist\u00e4 Toscanan ty\u00f6pajojen monimutkaisiin koneisiin. FMP:ll\u00e4 tarjoamme laajan valikoiman ter\u00e4styyppej\u00e4, mukaan lukien hiiliter\u00e4st\u00e4, seoster\u00e4st\u00e4, ruostumatonta ter\u00e4st\u00e4 ja ty\u00f6kaluter\u00e4st\u00e4, jotka kaikki on suunniteltu tukemaan Italian monipuolisia sovelluksia.<\/p>\n<p>[\/et_pb_text][\/et_pb_column][\/et_pb_row][et_pb_row _builder_version=&#8221;4.27.4&#8243; _module_preset=&#8221;default&#8221; theme_builder_area=&#8221;post_content&#8221;][et_pb_column _builder_version=&#8221;4.27.4&#8243; _module_preset=&#8221;default&#8221; type=&#8221;4_4&#8243; theme_builder_area=&#8221;post_content&#8221;][et_pb_text _builder_version=&#8221;4.27.4&#8243; _module_preset=&#8221;default&#8221; theme_builder_area=&#8221;post_content&#8221; header_font=&#8221;Frank Ruhl Libre||||||||&#8221; header_2_font=&#8221;Frank Ruhl Libre||||||||&#8221; header_2_font_size=&#8221;35px&#8221; hover_enabled=&#8221;0&#8243; sticky_enabled=&#8221;0&#8243;]<\/p>\n<h2>Mik\u00e4 tekee ter\u00e4ksest\u00e4 v\u00e4ltt\u00e4m\u00e4tt\u00f6m\u00e4n?<\/h2>\n<p>[\/et_pb_text][et_pb_text _builder_version=&#8221;4.27.4&#8243; _module_preset=&#8221;default&#8221; theme_builder_area=&#8221;post_content&#8221; text_font_size=&#8221;16px&#8221; text_line_height=&#8221;1.8em&#8221; hover_enabled=&#8221;0&#8243; sticky_enabled=&#8221;0&#8243;]<\/p>\n<p>Ter\u00e4ksen monipuolisuus johtuu sen ainutlaatuisesta koostumuksesta: rauta, yksi maapallon runsaimmista alkuaineista, yhdistettyn\u00e4 hiileen luo materiaalin, joka on vahvempaa ja kest\u00e4v\u00e4mp\u00e4\u00e4 kuin pelkk\u00e4 puhdas rauta. Ter\u00e4ksen maailmanlaajuinen tuotanto oli 1,6 miljardia tonnia vuonna 2013 (verrattuna vain 47 miljoonaan tonniin alumiinia, seuraavaksi merkitt\u00e4vint\u00e4 metallia), ja se on maailman k\u00e4ytetyin materiaali. Se muokkaa kaikkea ompeluneuloista \u00f6ljytankkereihin \u2013 ja jopa niiden valmistuksessa k\u00e4ytettyihin ty\u00f6kaluihin. FMP:ll\u00e4 hy\u00f6dynn\u00e4mme ter\u00e4ksen vertaansa vailla olevia mekaanisia ominaisuuksia \u2013 sen kiteisten rakenteiden, kuten ferriitin, austeniitin ja martensiitin, ansiosta \u2013 toimittaaksemme tuotteita, jotka on r\u00e4\u00e4t\u00e4l\u00f6ity Italian teollisuuden ja luovien alojen tarpeisiin.<\/p>\n<p>[\/et_pb_text][\/et_pb_column][\/et_pb_row][et_pb_row _builder_version=&#8221;4.27.4&#8243; _module_preset=&#8221;default&#8221; theme_builder_area=&#8221;post_content&#8221;][et_pb_column _builder_version=&#8221;4.27.4&#8243; _module_preset=&#8221;default&#8221; type=&#8221;4_4&#8243; theme_builder_area=&#8221;post_content&#8221;][et_pb_image src=&#8221;https:\/\/fmp-components.com\/wp-content\/uploads\/2025\/03\/steel-product.webp&#8221; _builder_version=&#8221;4.27.4&#8243; _module_preset=&#8221;default&#8221; theme_builder_area=&#8221;post_content&#8221; alt=&#8221;steel product&#8221; title_text=&#8221;steel-product&#8221; hover_enabled=&#8221;0&#8243; sticky_enabled=&#8221;0&#8243; align=&#8221;center&#8221;][\/et_pb_image][\/et_pb_column][\/et_pb_row][et_pb_row _builder_version=&#8221;4.27.4&#8243; _module_preset=&#8221;default&#8221; theme_builder_area=&#8221;post_content&#8221; custom_padding=&#8221;||3px|||&#8221;][et_pb_column _builder_version=&#8221;4.27.4&#8243; _module_preset=&#8221;default&#8221; type=&#8221;4_4&#8243; theme_builder_area=&#8221;post_content&#8221;][et_pb_text _builder_version=&#8221;4.27.4&#8243; _module_preset=&#8221;default&#8221; theme_builder_area=&#8221;post_content&#8221; header_2_font=&#8221;Frank Ruhl Libre||||||||&#8221; header_2_font_size=&#8221;35px&#8221; hover_enabled=&#8221;0&#8243; sticky_enabled=&#8221;0&#8243;]<\/p>\n<h2 style=\"text-align: center;\">Miksi valita FMP-ter\u00e4stuotteet Italiassa?<\/h2>\n<p>[\/et_pb_text][\/et_pb_column][\/et_pb_row][et_pb_row _builder_version=&#8221;4.27.4&#8243; _module_preset=&#8221;default&#8221; column_structure=&#8221;1_3,1_3,1_3&#8243; theme_builder_area=&#8221;post_content&#8221; use_custom_gutter=&#8221;on&#8221; gutter_width=&#8221;2&#8243; width=&#8221;100%&#8221; max_width=&#8221;1100px&#8221; hover_enabled=&#8221;0&#8243; sticky_enabled=&#8221;0&#8243;][et_pb_column _builder_version=&#8221;4.27.4&#8243; _module_preset=&#8221;default&#8221; type=&#8221;1_3&#8243; theme_builder_area=&#8221;post_content&#8221;][et_pb_text _builder_version=&#8221;4.27.4&#8243; _module_preset=&#8221;default&#8221; theme_builder_area=&#8221;post_content&#8221; header_3_font=&#8221;Frank Ruhl Libre||||||||&#8221; hover_enabled=&#8221;0&#8243; sticky_enabled=&#8221;0&#8243;]<\/p>\n<h3>Kattava ter\u00e4svalikoima<\/h3>\n<div>\n<p>FMP:ll\u00e4 olemme ylpeit\u00e4 voidessamme tarjota laajan valikoiman ter\u00e4slaatuja jokaiseen tarpeeseen:<\/p>\n<ul class=\"marker:text-secondary\">\n<li class=\"break-words\"><strong>hiiliter\u00e4kset<\/strong>V\u00e4h\u00e4hiilisest\u00e4 (0,05\u20130,19%) autoteollisuuden paneeleissa runsashiiliseen (yli 0,5%) rautatiekiskoissa.<\/li>\n<li class=\"break-words\"><strong>Seoster\u00e4kset<\/strong>Parannettu nikkelill\u00e4, kromilla ja molybdeenill\u00e4, mik\u00e4 parantaa lujuutta ja korroosionkest\u00e4vyytt\u00e4.<\/li>\n<li class=\"break-words\"><strong>Ruostumattomat ter\u00e4kset<\/strong>T\u00e4ydellinen Italian elintarviketeollisuudelle ja l\u00e4\u00e4ketieteen aloille, kest\u00e4\u00e4 ruostetta kosteissa ilmastoissa, kuten Venetsiassa.<\/li>\n<li class=\"break-words\"><strong>Ty\u00f6kaluter\u00e4kset<\/strong>Karkaistu Bolognan konepajoissa k\u00e4ytett\u00e4ville tarkkuusleikkausty\u00f6kaluille.<br \/>Valikoimamme kattaa vedetyn langan jopa 0,013 mm:n paksuisuudesta taottuihin tankoihin, joiden halkaisija on jopa 1 100 mm, joten meill\u00e4 on projektiisi sopiva ter\u00e4s.<\/li>\n<\/ul>\n<\/div>\n<p>[\/et_pb_text][\/et_pb_column][et_pb_column _builder_version=&#8221;4.27.4&#8243; _module_preset=&#8221;default&#8221; type=&#8221;1_3&#8243; theme_builder_area=&#8221;post_content&#8221;][et_pb_text _builder_version=&#8221;4.27.4&#8243; _module_preset=&#8221;default&#8221; theme_builder_area=&#8221;post_content&#8221; header_3_font=&#8221;Frank Ruhl Libre||||||||&#8221; hover_enabled=&#8221;0&#8243; sticky_enabled=&#8221;0&#8243;]<\/p>\n<h3>Edistynyt valmistusosaaminen<\/h3>\n<div>\n<p>Ter\u00e4ksen lujuus tulee sen mikrorakenteesta \u2013 olipa kyseess\u00e4 sitten alle 912 \u00b0C:n l\u00e4mp\u00f6tilassa oleva runkokeskeinen kuutiollinen (bcc) ferriitti tai 912\u20131 394 \u00b0C:n l\u00e4mp\u00f6tilassa oleva pintakeskeinen kuutiollinen (fcc) austeniitti. FMP:ll\u00e4 hallitsemme n\u00e4m\u00e4 muutokset tarkkojen l\u00e4mp\u00f6k\u00e4sittelyjen, kuten sammutuksen ja p\u00e4\u00e4st\u00f6n, avulla, jolloin saadaan aikaan martensiittia (jopa 1 000 DPH:n kovuus) tai sitke\u00e4\u00e4 perliitti\u00e4 (noin 200 DPH). Huippumodernit laitoksemme Italiassa varmistavat, ett\u00e4 jokainen ter\u00e4stuote t\u00e4ytt\u00e4\u00e4 kansainv\u00e4liset standardit, kuten ISO 4184, mik\u00e4 tarjoaa luotettavuutta sovelluksiisi.<\/p>\n<\/div>\n<p>[\/et_pb_text][\/et_pb_column][et_pb_column _builder_version=&#8221;4.27.4&#8243; _module_preset=&#8221;default&#8221; type=&#8221;1_3&#8243; theme_builder_area=&#8221;post_content&#8221;][et_pb_text _builder_version=&#8221;4.27.4&#8243; _module_preset=&#8221;default&#8221; theme_builder_area=&#8221;post_content&#8221; header_3_font=&#8221;Frank Ruhl Libre||||||||&#8221; hover_enabled=&#8221;0&#8243; sticky_enabled=&#8221;0&#8243;]<\/p>\n<h3>Mukauttaminen Italian tarpeisiin<\/h3>\n<div>\n<p>Eik\u00f6 tarvitsemaasi ter\u00e4st\u00e4 l\u00f6ydy? FMP on erikoistunut r\u00e4\u00e4t\u00e4l\u00f6ityihin ratkaisuihin. Tarvitsetpa sitten v\u00e4h\u00e4hiilist\u00e4 ter\u00e4st\u00e4, jolla on hyv\u00e4 hitsattavuus, Napolin telakalle tai eritt\u00e4in lujaa seosta Torinon ilmailu- ja avaruusprojektiin, r\u00e4\u00e4t\u00e4l\u00f6imme ter\u00e4ksemme tarpeidesi mukaan. Ota yhteytt\u00e4: <a href=\"mailto:info@fmpcomponents.it\">info@fmpcomponents.it<\/a>, ja insin\u00f6\u00f6rimme valmistavat tuotteen, joka sopii t\u00e4sm\u00e4lleen vaatimuksiisi \u2013 raekokoa ja seoskoostumusta my\u00f6ten.<\/p>\n<\/div>\n<p>[\/et_pb_text][\/et_pb_column][\/et_pb_row][et_pb_row _builder_version=&#8221;4.27.4&#8243; _module_preset=&#8221;default&#8221; column_structure=&#8221;1_3,1_3,1_3&#8243; theme_builder_area=&#8221;post_content&#8221; use_custom_gutter=&#8221;on&#8221; gutter_width=&#8221;2&#8243; width=&#8221;100%&#8221; max_width=&#8221;1100px&#8221; hover_enabled=&#8221;0&#8243; sticky_enabled=&#8221;0&#8243;][et_pb_column _builder_version=&#8221;4.27.4&#8243; _module_preset=&#8221;default&#8221; type=&#8221;1_3&#8243; theme_builder_area=&#8221;post_content&#8221;][et_pb_text _builder_version=&#8221;4.27.4&#8243; _module_preset=&#8221;default&#8221; theme_builder_area=&#8221;post_content&#8221; header_3_font=&#8221;Frank Ruhl Libre||||||||&#8221; hover_enabled=&#8221;0&#8243; sticky_enabled=&#8221;0&#8243;]<\/p>\n<h3>Paikallinen italialainen sitoutuminen<\/h3>\n<div>\n<p>Yrityksemme on Italiassa ja meill\u00e4 on sujuvasti italiaa puhuva asiakaspalvelutiimi. Asiantuntijamme tarjoavat k\u00e4yt\u00e4nn\u00f6n tukea oikean ter\u00e4slaadun valinnasta asennus- ja huolto-ohjeisiin. Tarvitsetko ter\u00e4st\u00e4 kest\u00e4v\u00e4\u00e4n projektiin Firenzess\u00e4? Jopa 94%-kierr\u00e4tysromusta ja v\u00e4h\u00e4hiilidioksidip\u00e4\u00e4st\u00f6isell\u00e4 prosessilla valmistetut vihre\u00e4t ter\u00e4svaihtoehtomme pienent\u00e4v\u00e4t ymp\u00e4rist\u00f6jalanj\u00e4lke\u00e4 83%:ll\u00e4 \u2013 t\u00e4ydellinen valinta Italian ymp\u00e4rist\u00f6tietoiseen tulevaisuuteen.<\/p>\n<\/div>\n<p>[\/et_pb_text][\/et_pb_column][et_pb_column _builder_version=&#8221;4.27.4&#8243; _module_preset=&#8221;default&#8221; type=&#8221;1_3&#8243; theme_builder_area=&#8221;post_content&#8221;][et_pb_text _builder_version=&#8221;4.27.4&#8243; _module_preset=&#8221;default&#8221; theme_builder_area=&#8221;post_content&#8221; header_3_font=&#8221;Frank Ruhl Libre||||||||&#8221; hover_enabled=&#8221;0&#8243; sticky_enabled=&#8221;0&#8243;]<\/p>\n<h3>Vertaansa vailla oleva kest\u00e4vyys ja ominaisuudet<\/h3>\n<div>\n<p>Ter\u00e4ksen ominaisuuksia parannetaan hiilell\u00e4 ja seosaineilla. Esimerkiksi 0,77%-hiilen lis\u00e4\u00e4minen luo perliitti\u00e4, kun taas nopea j\u00e4\u00e4hdytys muodostaa martensiittia maksimaalisen kovuuden saavuttamiseksi. FMP:ll\u00e4 seostamme my\u00f6s titaania, vanadiinia ja mangaania lujuuden, karkenevuuden ja kulutuskest\u00e4vyyden parantamiseksi \u2013 ihanteellinen ratkaisu Italian rakennus-, auto- ja energiasektoreille. Ter\u00e4ksemme kest\u00e4\u00e4 Apulian oliivipuristimien mekaanisia rasituksia ja Ligurian sy\u00f6vytt\u00e4v\u00e4\u00e4 meri-ilmaa.<\/p>\n<\/div>\n<p>[\/et_pb_text][\/et_pb_column][et_pb_column _builder_version=&#8221;4.27.4&#8243; _module_preset=&#8221;default&#8221; type=&#8221;1_3&#8243; theme_builder_area=&#8221;post_content&#8221;][et_pb_text _builder_version=&#8221;4.27.4&#8243; _module_preset=&#8221;default&#8221; theme_builder_area=&#8221;post_content&#8221; header_3_font=&#8221;Frank Ruhl Libre||||||||&#8221; hover_enabled=&#8221;0&#8243; sticky_enabled=&#8221;0&#8243;]<\/p>\n<h3>Italian Industriesin luottama<\/h3>\n<div>\n<p>Sisilian maataloudesta Emilia-Romagnan koneenrakennukseen, FMP-ter\u00e4s on Italian avainsektoreiden voimanl\u00e4hde. Lujat, niukkaseosteiset (HSLA) ter\u00e4ksemme tukevat putkistoja ja offshore-rakenteita, kun taas rikki- ja lyijysulkeumilla varustetut automaattiset ter\u00e4kset pident\u00e4v\u00e4t Brescian valmistajien ty\u00f6kalujen k\u00e4ytt\u00f6ik\u00e4\u00e4. Yli 20 vuoden kokemuksella olemme ansainneet italialaisten ammattilaisten luottamuksen toimittamalla laatua, tarkkuutta ja innovaatioita.<\/p>\n<\/div>\n<p>[\/et_pb_text][\/et_pb_column][\/et_pb_row][et_pb_row _builder_version=&#8221;4.27.4&#8243; _module_preset=&#8221;default&#8221; theme_builder_area=&#8221;post_content&#8221;][et_pb_column _builder_version=&#8221;4.27.4&#8243; _module_preset=&#8221;default&#8221; type=&#8221;4_4&#8243; theme_builder_area=&#8221;post_content&#8221;][et_pb_image src=&#8221;https:\/\/fmp-components.com\/wp-content\/uploads\/2025\/03\/steel-product-1.webp&#8221; _builder_version=&#8221;4.27.4&#8243; _module_preset=&#8221;default&#8221; theme_builder_area=&#8221;post_content&#8221; alt=&#8221;steel product&#8221; title_text=&#8221;steel-product-1&#8243; hover_enabled=&#8221;0&#8243; sticky_enabled=&#8221;0&#8243; align=&#8221;center&#8221;][\/et_pb_image][\/et_pb_column][\/et_pb_row][et_pb_row _builder_version=&#8221;4.27.4&#8243; _module_preset=&#8221;default&#8221; theme_builder_area=&#8221;post_content&#8221; column_structure=&#8221;1_2,1_2&#8243;][et_pb_column _builder_version=&#8221;4.27.4&#8243; _module_preset=&#8221;default&#8221; type=&#8221;1_2&#8243; theme_builder_area=&#8221;post_content&#8221;][et_pb_text _builder_version=&#8221;4.27.4&#8243; _module_preset=&#8221;default&#8221; theme_builder_area=&#8221;post_content&#8221; header_2_font=&#8221;Frank Ruhl Libre||||||||&#8221; header_2_font_size=&#8221;30px&#8221; header_2_text_align=&#8221;left&#8221; text_font_size=&#8221;16px&#8221; text_line_height=&#8221;1.8em&#8221; hover_enabled=&#8221;0&#8243; sticky_enabled=&#8221;0&#8243;]<\/p>\n<h2 style=\"text-align: left;\">Ter\u00e4ssovellukset kaikkialla Italiassa<\/h2>\n<p>Ter\u00e4ksen monipuolisuus loistaa Italian monimuotoisessa maisemassa:<\/p>\n<p>Rakentaminen: Keskihiiliset ter\u00e4slevyt rakentavat siltoja Genovassa ja pilvenpiirt\u00e4ji\u00e4 Milanossa.<br \/>Autoteollisuus: Torinon tehtaissa k\u00e4ytet\u00e4\u00e4n autonkoreja v\u00e4h\u00e4hiilisist\u00e4 levyist\u00e4.<br \/>Maatalous: Ty\u00f6kaluter\u00e4ksist\u00e4 valmistetaan kest\u00e4vi\u00e4 laitteita Umbrian viinitarhoille.<br \/>Energia: Seoster\u00e4kset vahvistavat tuuliturbiineja Adrianmeren rannikolla.<\/p>\n<p>[\/et_pb_text][\/et_pb_column][et_pb_column _builder_version=&#8221;4.27.4&#8243; _module_preset=&#8221;default&#8221; type=&#8221;1_2&#8243; theme_builder_area=&#8221;post_content&#8221;][et_pb_text _builder_version=&#8221;4.27.4&#8243; _module_preset=&#8221;default&#8221; theme_builder_area=&#8221;post_content&#8221; header_2_font=&#8221;Frank Ruhl Libre||||||||&#8221; header_2_font_size=&#8221;30px&#8221; header_2_text_align=&#8221;left&#8221; text_font_size=&#8221;16px&#8221; text_line_height=&#8221;1.8em&#8221; hover_enabled=&#8221;0&#8243; sticky_enabled=&#8221;0&#8243;]<\/p>\n<h2 style=\"text-align: left;\">Miten FMP parantaa ter\u00e4ksen suorituskyky\u00e4<\/h2>\n<p>Emme ainoastaan \u200b\u200btoimita ter\u00e4st\u00e4 \u2013 me optimoimme sit\u00e4. L\u00e4mp\u00f6k\u00e4sittelyprosessimme s\u00e4\u00e4t\u00e4v\u00e4t hiilen diffuusionopeuksia, mik\u00e4 luo hienoja mikrorakenteita lujuuden ja sitkeyden parantamiseksi. Seosaineet, kuten nikkeli ja kromi, parantavat korroosionkest\u00e4vyytt\u00e4, kun taas titaanilla tai niobiumilla tapahtuva erkautuskarkaisu varmistaa pienet raekokot ja lis\u00e4\u00e4 sitkeytt\u00e4. 3D-suunnitteluohjelmistomme muuttaa ideasi todellisuudeksi, mink\u00e4 j\u00e4lkeen seuraa tarkka valmistus ja toimitus.<\/p>\n<p>[\/et_pb_text][\/et_pb_column][\/et_pb_row][\/et_pb_section][et_pb_section fb_built=&#8221;1&#8243; theme_builder_area=&#8221;post_content&#8221; _builder_version=&#8221;4.27.4&#8243; _module_preset=&#8221;default&#8221; alt=&#8221;Steel Product&#8221; title_text=&#8221;steel-product-2&#8243; background_image=&#8221;https:\/\/fmp-components.com\/wp-content\/uploads\/2025\/03\/steel-product-2.webp&#8221; use_background_color_gradient=&#8221;on&#8221; background_color_gradient_stops=&#8221;rgba(0,0,0,0.28) 0%|rgba(0,0,0,0.68) 100%&#8221; background_color_gradient_overlays_image=&#8221;on&#8221; hover_enabled=&#8221;0&#8243; sticky_enabled=&#8221;0&#8243; min_height=&#8221;754px&#8221;][et_pb_row _builder_version=&#8221;4.27.4&#8243; _module_preset=&#8221;default&#8221; theme_builder_area=&#8221;post_content&#8221; custom_margin=&#8221;100px||||false|false&#8221; hover_enabled=&#8221;0&#8243; sticky_enabled=&#8221;0&#8243;][et_pb_column _builder_version=&#8221;4.27.4&#8243; _module_preset=&#8221;default&#8221; type=&#8221;4_4&#8243; theme_builder_area=&#8221;post_content&#8221;][et_pb_text _builder_version=&#8221;4.27.4&#8243; _module_preset=&#8221;default&#8221; theme_builder_area=&#8221;post_content&#8221; header_2_font=&#8221;Frank Ruhl Libre||||||||&#8221; header_2_text_color=&#8221;#FFFFFF&#8221; header_2_text_align=&#8221;center&#8221; header_2_font_size=&#8221;45px&#8221; header_2_text_shadow_style=&#8221;preset1&#8243; hover_enabled=&#8221;0&#8243; sticky_enabled=&#8221;0&#8243;]<\/p>\n<h2>Hanki ter\u00e4sratkaisusi jo t\u00e4n\u00e4\u00e4n!<\/h2>\n<p>[\/et_pb_text][et_pb_text _builder_version=&#8221;4.27.4&#8243; _module_preset=&#8221;default&#8221; theme_builder_area=&#8221;post_content&#8221; text_text_color=&#8221;#FFFFFF&#8221; text_font_size=&#8221;16px&#8221; text_line_height=&#8221;1.8em&#8221; text_orientation=&#8221;center&#8221; hover_enabled=&#8221;0&#8243; sticky_enabled=&#8221;0&#8243;]<\/p>\n<p>Etsitk\u00f6 t\u00e4ydellist\u00e4 ter\u00e4st\u00e4 seuraavaan projektiisi? Tutustu FMP:n laajaan valikoimaan tai ota meihin yhteytt\u00e4 tilauksen tekemiseksi osoitteessa <a href=\"mailto:info@fmpcomponents.it\">info@fmpcomponents.it<\/a>Jos et l\u00f6yd\u00e4 etsim\u00e4\u00e4si, se on todenn\u00e4k\u00f6isesti tuotannossa \u2013 kysy vain! Kest\u00e4v\u00e4st\u00e4 vihre\u00e4st\u00e4 ter\u00e4ksest\u00e4 korkean suorituskyvyn metalliseoksiin, FMP on t\u00e4\u00e4ll\u00e4 ruokkimassa Italian teollisuutta parhailla ter\u00e4sratkaisuilla. Rakennetaan yhdess\u00e4 jotain ainutlaatuista!<\/p>\n<p>[\/et_pb_text][\/et_pb_column][\/et_pb_row][\/et_pb_section]<\/p>","protected":false},"excerpt":{"rendered":"<p>SteelSteel Solutions by FMP: Powering Italy\u2019s Industries with Quality and PrecisionWhen it comes to steel, FMP Company stands as a trusted leader in Italy, delivering a vast range of high-quality steel products to meet the needs of industries, artisans, and innovators across the peninsula. Steel\u2014an alloy of iron and carbon with up to 2% carbon [&hellip;]<\/p>","protected":false},"author":2,"featured_media":0,"parent":0,"menu_order":0,"comment_status":"closed","ping_status":"closed","template":"","meta":{"_et_pb_use_builder":"on","_et_pb_old_content":"","_et_gb_content_width":"","footnotes":""},"class_list":["post-6269","page","type-page","status-publish","hentry"],"_links":{"self":[{"href":"https:\/\/fmp-components.com\/fi\/wp-json\/wp\/v2\/pages\/6269","targetHints":{"allow":["GET"]}}],"collection":[{"href":"https:\/\/fmp-components.com\/fi\/wp-json\/wp\/v2\/pages"}],"about":[{"href":"https:\/\/fmp-components.com\/fi\/wp-json\/wp\/v2\/types\/page"}],"author":[{"embeddable":true,"href":"https:\/\/fmp-components.com\/fi\/wp-json\/wp\/v2\/users\/2"}],"replies":[{"embeddable":true,"href":"https:\/\/fmp-components.com\/fi\/wp-json\/wp\/v2\/comments?post=6269"}],"version-history":[{"count":4,"href":"https:\/\/fmp-components.com\/fi\/wp-json\/wp\/v2\/pages\/6269\/revisions"}],"predecessor-version":[{"id":6306,"href":"https:\/\/fmp-components.com\/fi\/wp-json\/wp\/v2\/pages\/6269\/revisions\/6306"}],"wp:attachment":[{"href":"https:\/\/fmp-components.com\/fi\/wp-json\/wp\/v2\/media?parent=6269"}],"curies":[{"name":"wp","href":"https:\/\/api.w.org\/{rel}","templated":true}]}}