{"id":6250,"date":"2025-03-07T01:22:16","date_gmt":"2025-03-07T01:22:16","guid":{"rendered":"https:\/\/fmp-components.com\/?page_id=6250"},"modified":"2025-03-17T08:42:56","modified_gmt":"2025-03-17T08:42:56","slug":"groove-belts","status":"publish","type":"page","link":"https:\/\/fmp-components.com\/fi\/groove-belts\/","title":{"rendered":"Urahihnat"},"content":{"rendered":"<p>[et_pb_section fb_built=&#8221;1&#8243; _builder_version=&#8221;4.27.4&#8243; _module_preset=&#8221;default&#8221; use_background_color_gradient=&#8221;on&#8221; background_color_gradient_stops=&#8221;rgba(0,0,0,0.33) 0%|rgba(0,0,0,0.34) 100%&#8221; background_color_gradient_overlays_image=&#8221;on&#8221; background_image=&#8221;https:\/\/fmp-components.com\/wp-content\/uploads\/2025\/03\/groove-belt-banner_2.webp&#8221; min_height=&#8221;476px&#8221; hover_enabled=&#8221;0&#8243; global_colors_info=&#8221;{}&#8221; alt=&#8221;groove-belt-banner&#8221; title_text=&#8221;groove-belt-banner_2&#8243; sticky_enabled=&#8221;0&#8243;][et_pb_row _builder_version=&#8221;4.27.4&#8243; _module_preset=&#8221;default&#8221; global_colors_info=&#8221;{}&#8221;][et_pb_column type=&#8221;4_4&#8243; _builder_version=&#8221;4.27.4&#8243; _module_preset=&#8221;default&#8221; global_colors_info=&#8221;{}&#8221;][et_pb_text _builder_version=&#8221;4.27.4&#8243; _module_preset=&#8221;default&#8221; header_font=&#8221;Frank Ruhl Libre||||||||&#8221; header_text_color=&#8221;#FFFFFF&#8221; header_font_size=&#8221;70px&#8221; header_text_shadow_style=&#8221;preset1&#8243; global_colors_info=&#8221;{}&#8221;]<\/p>\n<h1 style=\"text-align: center;\">Urahihnat<\/h1>\n<p>[\/et_pb_text][et_pb_text _builder_version=&#8221;4.27.4&#8243; _module_preset=&#8221;default&#8221; text_text_color=&#8221;#FFFFFF&#8221; text_font_size=&#8221;16px&#8221; text_line_height=&#8221;1.8em&#8221; global_colors_info=&#8221;{}&#8221;]<\/p>\n<p style=\"text-align: center;\">FMP Companylla valmistamme ylpe\u00e4n\u00e4 laajan valikoiman urahihnoja, jotka on suunniteltu vastaamaan erilaisiin tarpeisiin ja mieltymyksiin. Tarjoamme my\u00f6s r\u00e4\u00e4t\u00e4l\u00f6intivaihtoehtoja, jotta l\u00f6yd\u00e4t t\u00e4ydellisen istuvuuden tyyliisi. Jos et l\u00f6yd\u00e4 etsim\u00e4\u00e4si mallia tuoteluettelostamme, se tarkoittaa yksinkertaisesti sit\u00e4, ettemme ole viel\u00e4 ehtineet ladata sit\u00e4 palveluumme \u2013 ota rohkeasti yhteytt\u00e4 s\u00e4hk\u00f6postitse ja kysy tarkalleen tarvitsemaasi mallia!<\/p>\n<p>[\/et_pb_text][\/et_pb_column][\/et_pb_row][\/et_pb_section]<\/p>","protected":false},"excerpt":{"rendered":"<p>Groove BeltsAt FMP Company, we proudly manufacture a wide variety of Groove Belts designed to meet diverse needs and preferences. We also offer customization options to ensure you get the perfect fit for your style. If you don\u2019t find the specific model you\u2019re looking for in our product list, it simply means we haven\u2019t had [&hellip;]<\/p>","protected":false},"author":2,"featured_media":0,"parent":0,"menu_order":0,"comment_status":"closed","ping_status":"closed","template":"","meta":{"_et_pb_use_builder":"on","_et_pb_old_content":"","_et_gb_content_width":"","footnotes":""},"class_list":["post-6250","page","type-page","status-publish","hentry"],"_links":{"self":[{"href":"https:\/\/fmp-components.com\/fi\/wp-json\/wp\/v2\/pages\/6250","targetHints":{"allow":["GET"]}}],"collection":[{"href":"https:\/\/fmp-components.com\/fi\/wp-json\/wp\/v2\/pages"}],"about":[{"href":"https:\/\/fmp-components.com\/fi\/wp-json\/wp\/v2\/types\/page"}],"author":[{"embeddable":true,"href":"https:\/\/fmp-components.com\/fi\/wp-json\/wp\/v2\/users\/2"}],"replies":[{"embeddable":true,"href":"https:\/\/fmp-components.com\/fi\/wp-json\/wp\/v2\/comments?post=6250"}],"version-history":[{"count":12,"href":"https:\/\/fmp-components.com\/fi\/wp-json\/wp\/v2\/pages\/6250\/revisions"}],"predecessor-version":[{"id":7054,"href":"https:\/\/fmp-components.com\/fi\/wp-json\/wp\/v2\/pages\/6250\/revisions\/7054"}],"wp:attachment":[{"href":"https:\/\/fmp-components.com\/fi\/wp-json\/wp\/v2\/media?parent=6250"}],"curies":[{"name":"wp","href":"https:\/\/api.w.org\/{rel}","templated":true}]}}