{"id":5948,"date":"2025-02-24T08:20:19","date_gmt":"2025-02-24T08:20:19","guid":{"rendered":"https:\/\/fmp-components.com\/?page_id=8"},"modified":"2025-03-07T08:46:32","modified_gmt":"2025-03-07T08:46:32","slug":"cardan-shaft-2","status":"publish","type":"page","link":"https:\/\/fmp-components.com\/fi\/cardan-shaft-2\/","title":{"rendered":"Kardaaniakseli"},"content":{"rendered":"<p>[et_pb_section fb_built=&#8221;1&#8243; _builder_version=&#8221;4.27.4&#8243; _module_preset=&#8221;default&#8221; background_color=&#8221;gcid-1df04c5f-e996-4504-8faa-0a9ef0da2d4d&#8221; use_background_color_gradient=&#8221;on&#8221; background_color_gradient_stops=&#8221;rgba(0,0,0,0.43) 0%|rgba(0,0,0,0.45) 100%&#8221; background_color_gradient_overlays_image=&#8221;on&#8221; background_image=&#8221;https:\/\/fmp-components.com\/wp-content\/uploads\/2025\/02\/Cardan-Shaft-1-scaled.webp&#8221; global_colors_info=&#8221;{%22gcid-1df04c5f-e996-4504-8faa-0a9ef0da2d4d%22:%91%22background_color%22%93}&#8221;][et_pb_row _builder_version=&#8221;4.27.4&#8243; _module_preset=&#8221;default&#8221; global_colors_info=&#8221;{}&#8221;][et_pb_column type=&#8221;4_4&#8243; _builder_version=&#8221;4.27.4&#8243; _module_preset=&#8221;default&#8221; global_colors_info=&#8221;{}&#8221;][et_pb_text _builder_version=&#8221;4.27.4&#8243; _module_preset=&#8221;default&#8221; header_font=&#8221;Frank Ruhl Libre|500|||||||&#8221; header_text_align=&#8221;center&#8221; header_text_color=&#8221;#FFFFFF&#8221; header_font_size=&#8221;50px&#8221; header_text_shadow_style=&#8221;preset1&#8243; global_colors_info=&#8221;{}&#8221;]<\/p>\n<h1 class=\"et_pb_toggle_title\">Kardaaniakseli<\/h1>\n<p>[\/et_pb_text][et_pb_text _builder_version=\u201d4.27.4\u2033 _module_preset=\u201doletus\u201d text_font=\u201dFrank Ruhl Libre|600|||||||\u201d text_text_color=\u201d#FFFFFF\u201d text_font_size=\u201d18px\u201d text_line_height=\u201d1.8em\u201d text_orientation=\u201dkeskelle\u201d global_colors_info=\u201d{}\u201d]<\/p>\n<p>Jos tarvitsemaasi tuotetta ei l\u00f6ydy listalta, pyyd\u00e4 ilmainen tarjous!<\/p>\n<p>[\/et_pb_text][\/et_pb_column][\/et_pb_row][\/et_pb_section][et_pb_section fb_built=\u201d1\u2033 _builder_version=\u201d4.27.4\u2033 _module_preset=\u201doletus\u201d global_colors_info=\u201d{}\u201d][et_pb_row _builder_version=\u201d4.27.4\u2033 _module_preset=\u201doletus\u201d global_colors_info=\u201d{}\u201d][et_pb_column type=\u201d4_4\u2033 _builder_version=\u201d4.27.4\u2033 _module_preset=\u201doletus\u201d global_colors_info=\u201d{}\u201d][et_pb_text _builder_version=\u201d4.27.4\u2033 _module_preset=\u201doletus\u201d header_2_font=\u201dFrank Ruhl Libre||||||||\u201d header_2_text_align=\u201dkeskelle\u201d header_2_font_size=\u201d35px\u201d hover_enabled=\u201d0\u201d global_colors_info=\u201d{}\u201d sticky_enabled=\u201d0\u201d]<\/p>\n<h2>Kardaaniakseli<\/h2>\n<p>[\/et_pb_text][\/et_pb_column][\/et_pb_row][et_pb_row column_structure=\u201d1_3,1_3,1_3\u2033 _builder_version=\u201d4.27.4\u2033 _module_preset=\u201ddefault\u201d global_colors_info=\u201d{}\u201d][et_pb_column type=\u201d1_3\u2033 _builder_version=\u201d4.27.4\u2033 _module_preset=\u201ddefault\u201d global_colors_info=\u201d{}\u201d][et_pb_blurb title=\u201dKardaanin vetoakseli murskaimeen\u201d image=\u201dhttps:\/\/fmp-components.com\/wp-content\/uploads\/2025\/02\/Cardan-Drive-Shaft-for-Crusher1.webp\u201d alt=\u201dKardaanin vetoakseli murskaimeen\u201d _builder_version=\u201d4.27.4\u2033 _module_preset=\u201doletus\u201d header_level=\u201dh3\u201d header_font=\u201dFrank Ruhl Libre|||||||||\u201d header_text_align=\u201dcenter\u201d box_shadow_style=\u201dpreset1\u2033 global_colors_info=\u201d{}\u201d][\/et_pb_blurb][\/et_pb_column][et_pb_column type=\u201d1_3\u2033 _builder_version=\u201d4.27.4\u2033 _module_preset=\u201ddefault\u201d global_colors_info=\u201d{}\u201d][et_pb_blurb title=\u201dKardaaniakseli kaivoskoneisiin\u201d image=\u201dhttps:\/\/fmp-components.com\/wp-content\/uploads\/2025\/02\/Cardan-Drive-Shaft-for-Mining-Equipment-Machinery1.webp\u201d alt=\u201dKardaaniakseli kaivoskoneisiin\u201d _builder_version=\u201d4.27.4\u2033 _module_preset=\u201ddefault\u201d header_level=\u201dh3\u2033 header_font=\u201dFrank Ruhl Vapaa|||||||||\u201d header_text_align=\u201dcenter\u201d box_shadow_style=\u201dpreset1\u2033 global_colors_info=\u201d{}\u201d][\/et_pb_blurb][\/et_pb_column][et_pb_column type=\u201d1_3\u2033 _builder_version=\u201d4.27.4\u2033 _module_preset=\u201ddefault\u201d global_colors_info=\u201d{}\u201d][et_pb_blurb title=\u201dKardaanivetoakseli valssilaitoslaitteille\u201d image=\u201dhttps:\/\/fmp-components.com\/wp-content\/uploads\/2025\/02\/Cardan-Drive-Shaft-for-Rolling-Mill-Equipment1.webp\u201d alt=\u201dKardaanivetoakseli valssilaitoslaitteille\u201d _builder_version=\u201d4.27.4\u2033 _module_preset=\u201ddefault\u201d header_level=\u201dh3\u2033 header_font=\u201dFrank Ruhl Vapaa|||||||||\u201d header_text_align=\u201dcenter\u201d box_shadow_style=\u201dpreset1\u2033 global_colors_info=\u201d{}\u201d][\/et_pb_blurb][\/et_pb_column][\/et_pb_row][et_pb_row column_structure=\u201d1_3,1_3,1_3\u2033 _builder_version=\u201d4.27.4\u2033 _module_preset=\u201ddefault\u201d global_colors_info=\u201d{}\u201d][et_pb_column type=\u201d1_3\u2033 _builder_version=\u201d4.27.4\u2033 _module_preset=\u201ddefault\u201d global_colors_info=\u201d{}\u201d][et_pb_blurb title=\u201dTeollinen kardaanin vetoakseli\u201d image=\u201dhttps:\/\/fmp-components.com\/wp-content\/uploads\/2025\/02\/Industrial-Cardan-Shaft.webp\u201d alt=\u201dTeollinen Kardaanin vetoakseli\u201d _builder_version=\u201d4.27.4\u2033 _module_preset=\u201ddefault\u201d header_level=\u201dh3\u2033 header_font=\u201dFrank Ruhl Libre||||||||\u201d header_text_align=\u201dcenter\u201d box_shadow_style=\u201dpreset1\u2033 global_colors_info=\u201d{}\u201d][\/et_pb_blurb][\/et_pb_column][et_pb_column type=\u201d1_3\u2033 _builder_version=\u201d4.27.4\u2033 _module_preset=\u201ddefault\u201d global_colors_info=\u201d{}\u201d][et_pb_blurb title=\u201dKardaaniakseli ter\u00e4sputkien hitsauslaitteille\u201d image=\u201dhttps:\/\/fmp-components.com\/wp-content\/uploads\/2025\/02\/Industrial-Cardan-Drive-Shaft-for-Steel-Pipe-Welding-Equipment1.webp\u201d alt=\u201dKardaaniakseli ter\u00e4sputkien hitsauslaitteille\u201d _builder_version=\u201d4.27.4\u2033 _module_preset=\u201ddefault\u201d header_level=\u201dh3\u2033 header_font=\u201dFrank Ruhl Libre|||||||||\u201d header_text_align=\u201dcenter\u201d box_shadow_style=\u201dpreset1\u2033 global_colors_info=\u201d{}\u201d][\/et_pb_blurb][\/et_pb_column][et_pb_column type=\u201d1_3\u2033 _builder_version=\u201d4.27.4\u2033 _module_preset=\u201doletus\u201d global_colors_info=\u201d{}\u201d][\/et_pb_column][\/et_pb_row][\/et_pb_section][et_pb_section fb_built=\u201d1\u2033 _builder_version=\u201d4.27.4\u2033 _module_preset=\u201doletus\u201d global_colors_info=\u201d{}\u201d][et_pb_row _builder_version=\u201d4.27.4\u2033 _module_preset=\u201doletus\u201d global_colors_info=\u201d{}\u201d][et_pb_column type=\u201d4_4\u2033 _builder_version=\u201d4.27.4\u2033 _module_preset=\u201doletus\u201d global_colors_info=\u201d{}\u201d][et_pb_text _builder_version=\u201d4.27.4\u2033 _module_preset=\u201doletus\u201d header_3_font=\u201dFrank Ruhl Libre||||||||\u201d header_3_font_size=\u201d28px\u201d global_colors_info=\u201d{}\u201d]<\/p>\n<h3>FMP: Luotettu kumppanisi kardaaniakseliratkaisuissa teolliseen huippuosaamiseen<\/h3>\n<p>[\/et_pb_text][et_pb_text _builder_version=\u201d4.27.4\u2033 _module_preset=\u201doletus\u201d text_font_size=\u201d16px\u201d text_line_height=\u201d1.8em\u201d global_colors_info=\u201d{}\u201d]<\/p>\n<p><span>Luotettavien voimansiirtoj\u00e4rjestelmien osalta FMP on innovaatioiden ja asiakaskeskeisen suunnittelun eturintamassa. Johtavana toimijana\u00a0<\/span><span>Kardaaniakselin valmistaja<\/span><span>Olemme erikoistuneet r\u00e4\u00e4t\u00e4l\u00f6ityjen ratkaisujen toimittamiseen ty\u00f6kone- ja teollisuussovelluksiin varmistaen saumattoman suorituskyvyn vaativimmissakin ymp\u00e4rist\u00f6iss\u00e4.<\/span><\/p>\n<p>[\/et_pb_text][et_pb_text _builder_version=\u201d4.27.4\u2033 _module_preset=\u201doletus\u201d text_font_size=\u201d16px\u201d text_line_height=\u201d1.8em\u201d header_4_font=\u201dFrank Ruhl Libre||||||||\u201d header_4_font_size=\u201d20px\u201d global_colors_info=\u201d{}\u201d]<\/p>\n<h4>Tarkkuusvalmisteiset kardaaniakselit jokaiseen tarpeeseen<\/h4>\n<p>FMP tarjoaa laajan valikoiman nivelakseleita, jotka on suunniteltu vastaamaan erilaisiin v\u00e4\u00e4nt\u00f6momentteihin ja k\u00e4ytt\u00f6vaatimuksiin:<\/p>\n<ul>\n<li>\n<p><strong>Kevyen k\u00e4yt\u00f6n sarja<\/strong>Ihanteellinen hitaille nopeuksille, joiden v\u00e4\u00e4nt\u00f6momenttikapasiteetti on jopa<span>\u00a0<\/span><strong>2 500 Nm<\/strong>.<\/p>\n<\/li>\n<li>\n<p><strong>Keskiraskas sarja<\/strong>Suunniteltu yleiseen teollisuusk\u00e4ytt\u00f6\u00f6n, k\u00e4sittelyyn<span>\u00a0<\/span><strong>2\u00a0000\u201345\u00a0000 Nm<\/strong>.<\/p>\n<\/li>\n<li>\n<p><strong>Raskaan sarjan<\/strong>Rakennettu \u00e4\u00e4rimm\u00e4isiin vaatimuksiin, tarjoaa<span>\u00a0<\/span><strong>40 000\u2013580 000 Nm<\/strong><span>\u00a0<\/span>(saatavilla my\u00f6s r\u00e4\u00e4t\u00e4l\u00f6ityj\u00e4 kapasiteetteja).<\/p>\n<\/li>\n<\/ul>\n<p>Akseleitamme on saatavana vakio- tai erikoismalleina, joissa on<span>\u00a0<\/span><strong>yksi- tai kaksipuoliset nivelet<\/strong>ja mukautuvia liitostyyppej\u00e4, kuten laipat, uritetut akselip\u00e4\u00e4t tai uritetut akseliliit\u00e4nn\u00e4t. Tarvitsetpa sitten kompaktin ja kevyen akselin tai kest\u00e4v\u00e4n teollisuusluokan ratkaisun, FMP tarjoaa sinulle kaiken tarvittavan.<\/p>\n<p>[\/et_pb_text][\/et_pb_column][\/et_pb_row][\/et_pb_section]<\/p>","protected":false},"excerpt":{"rendered":"<p>KardaaniakseliJos tarvitsemaasi tuotetta ei ole luettelossa, pyyd\u00e4 ilmainen tarjous!KardaaniakseliFMP: Luotettu kumppanisi kardaaniakseliratkaisuissa teolliseen huippuosaamiseenKun on kyse luotettavista voimansiirtoj\u00e4rjestelmist\u00e4, FMP on innovaatioiden ja asiakaskeskeisen suunnittelun eturintamassa. Johtavana kardaaniakselivalmistajana olemme erikoistuneet r\u00e4\u00e4t\u00e4l\u00f6ityjen ratkaisujen toimittamiseen [\u2026]<\/p>","protected":false},"author":2,"featured_media":0,"parent":0,"menu_order":0,"comment_status":"closed","ping_status":"closed","template":"","meta":{"_et_pb_use_builder":"on","_et_pb_old_content":"","_et_gb_content_width":"","footnotes":""},"class_list":["post-5948","page","type-page","status-publish","hentry"],"_links":{"self":[{"href":"https:\/\/fmp-components.com\/fi\/wp-json\/wp\/v2\/pages\/5948","targetHints":{"allow":["GET"]}}],"collection":[{"href":"https:\/\/fmp-components.com\/fi\/wp-json\/wp\/v2\/pages"}],"about":[{"href":"https:\/\/fmp-components.com\/fi\/wp-json\/wp\/v2\/types\/page"}],"author":[{"embeddable":true,"href":"https:\/\/fmp-components.com\/fi\/wp-json\/wp\/v2\/users\/2"}],"replies":[{"embeddable":true,"href":"https:\/\/fmp-components.com\/fi\/wp-json\/wp\/v2\/comments?post=5948"}],"version-history":[{"count":6,"href":"https:\/\/fmp-components.com\/fi\/wp-json\/wp\/v2\/pages\/5948\/revisions"}],"predecessor-version":[{"id":6327,"href":"https:\/\/fmp-components.com\/fi\/wp-json\/wp\/v2\/pages\/5948\/revisions\/6327"}],"wp:attachment":[{"href":"https:\/\/fmp-components.com\/fi\/wp-json\/wp\/v2\/media?parent=5948"}],"curies":[{"name":"wp","href":"https:\/\/api.w.org\/{rel}","templated":true}]}}