{"id":5517,"date":"2025-02-08T06:56:22","date_gmt":"2025-02-08T06:56:22","guid":{"rendered":"https:\/\/fmp-components.com\/?page_id=8"},"modified":"2025-03-10T00:50:55","modified_gmt":"2025-03-10T00:50:55","slug":"engineering-chain-2","status":"publish","type":"page","link":"https:\/\/fmp-components.com\/fi\/engineering-chain-2\/","title":{"rendered":"Tekninen ketju"},"content":{"rendered":"<p>[et_pb_section fb_built=&#8221;1&#8243; _builder_version=&#8221;4.27.4&#8243; _module_preset=&#8221;default&#8221; use_background_color_gradient=&#8221;on&#8221; background_color_gradient_stops=&#8221;rgba(0,0,0,0.45) 0%|rgba(0,0,0,0.53) 100%&#8221; background_color_gradient_overlays_image=&#8221;on&#8221; background_image=&#8221;https:\/\/fmp-components.com\/wp-content\/uploads\/2025\/02\/engineering-chain-banner-1.webp&#8221; min_height=&#8221;487px&#8221; global_colors_info=&#8221;{}&#8221;][et_pb_row _builder_version=&#8221;4.27.4&#8243; _module_preset=&#8221;default&#8221; global_colors_info=&#8221;{}&#8221;][et_pb_column type=&#8221;4_4&#8243; _builder_version=&#8221;4.27.4&#8243; _module_preset=&#8221;default&#8221; global_colors_info=&#8221;{}&#8221;][et_pb_text _builder_version=&#8221;4.27.4&#8243; _module_preset=&#8221;default&#8221; header_font=&#8221;Frank Ruhl Libre||||||||&#8221; header_text_color=&#8221;#FFFFFF&#8221; header_font_size=&#8221;70px&#8221; header_text_shadow_style=&#8221;preset5&#8243; global_colors_info=&#8221;{}&#8221;]<\/p>\n<h1 style=\"text-align: center;\">Tekninen ketju<\/h1>\n<p>[\/et_pb_text][et_pb_text _builder_version=&#8221;4.27.4&#8243; _module_preset=&#8221;default&#8221; text_text_color=&#8221;#FFFFFF&#8221; text_font_size=&#8221;16px&#8221; text_line_height=&#8221;1.8em&#8221; text_orientation=&#8221;center&#8221; global_colors_info=&#8221;{}&#8221;]<\/p>\n<p>FMP:ll\u00e4 valmistamme laajan valikoiman ketjuja ja ketjupy\u00f6ri\u00e4, jotka on suunniteltu vastaamaan erilaisiin sovellusvaatimuksiin. Tarjontamme sis\u00e4lt\u00e4\u00e4 sek\u00e4 vakio- ett\u00e4 r\u00e4\u00e4t\u00e4l\u00f6ityj\u00e4 ratkaisuja, jotka sopivat erityistarpeisiisi. Jos et l\u00f6yd\u00e4 etsim\u00e4\u00e4si mallia tuoteluettelostamme, sit\u00e4 ei v\u00e4ltt\u00e4m\u00e4tt\u00e4 ole viel\u00e4 saatavilla. Kannustamme sinua l\u00e4hett\u00e4m\u00e4\u00e4n meille s\u00e4hk\u00f6postia ja kertomaan spesifikaatiosi, niin tiimimme auttaa sinua mielell\u00e4\u00e4n l\u00f6yt\u00e4m\u00e4\u00e4n oikean tuotteen projektiisi.<\/p>\n<p>[\/et_pb_text][\/et_pb_column][\/et_pb_row][\/et_pb_section][et_pb_section fb_built=&#8221;1&#8243; _builder_version=&#8221;4.27.4&#8243; _module_preset=&#8221;default&#8221; global_colors_info=&#8221;{}&#8221;][et_pb_row _builder_version=&#8221;4.27.4&#8243; _module_preset=&#8221;default&#8221; global_colors_info=&#8221;{}&#8221;][et_pb_column type=&#8221;4_4&#8243; _builder_version=&#8221;4.27.4&#8243; _module_preset=&#8221;default&#8221; global_colors_info=&#8221;{}&#8221;][et_pb_text _builder_version=&#8221;4.27.4&#8243; _module_preset=&#8221;default&#8221; header_2_font=&#8221;Frank Ruhl Libre||||||||&#8221; header_2_text_align=&#8221;center&#8221; header_2_font_size=&#8221;40px&#8221; hover_enabled=&#8221;0&#8243; global_colors_info=&#8221;{}&#8221; sticky_enabled=&#8221;0&#8243;]<\/p>\n<h2 style=\"text-align: center;\">Tekninen ketju<\/h2>\n<p>[\/et_pb_text][\/et_pb_column][\/et_pb_row][et_pb_row column_structure=&#8221;1_4,1_4,1_4,1_4&#8243; _builder_version=&#8221;4.27.4&#8243; _module_preset=&#8221;default&#8221; global_colors_info=&#8221;{}&#8221;][et_pb_column type=&#8221;1_4&#8243; _builder_version=&#8221;4.27.4&#8243; _module_preset=&#8221;default&#8221; global_colors_info=&#8221;{}&#8221;][et_pb_blurb title=&#8221;Heavy-duty Cranked-link Chains&#8221; image=&#8221;https:\/\/fmp-components.com\/wp-content\/uploads\/2025\/02\/heavy-duty-cranked-link-transmission-chains.webp&#8221; alt=&#8221;heavy-duty-cranked-link-transmission-chains&#8221; _builder_version=&#8221;4.27.4&#8243; _module_preset=&#8221;default&#8221; header_level=&#8221;h3&#8243; header_font=&#8221;Frank Ruhl Libre||||||||&#8221; header_text_align=&#8221;center&#8221; header_font_size=&#8221;20px&#8221; global_colors_info=&#8221;{}&#8221;][\/et_pb_blurb][\/et_pb_column][et_pb_column type=&#8221;1_4&#8243; _builder_version=&#8221;4.27.4&#8243; _module_preset=&#8221;default&#8221; global_colors_info=&#8221;{}&#8221;][et_pb_blurb title=&#8221;Heavy-duty Offset-Sidebar Roller Chains&#8221; image=&#8221;https:\/\/fmp-components.com\/wp-content\/uploads\/2025\/02\/Offset-sidebar-Roller-Chains.webp&#8221; alt=&#8221;Heavy-duty Offset-Sidebar Roller Chains&#8221; _builder_version=&#8221;4.27.4&#8243; _module_preset=&#8221;default&#8221; header_level=&#8221;h3&#8243; header_font=&#8221;Frank Ruhl Libre||||||||&#8221; header_text_align=&#8221;center&#8221; header_font_size=&#8221;20px&#8221; global_colors_info=&#8221;{}&#8221;][\/et_pb_blurb][\/et_pb_column][et_pb_column type=&#8221;1_4&#8243; _builder_version=&#8221;4.27.4&#8243; _module_preset=&#8221;default&#8221; global_colors_info=&#8221;{}&#8221;][et_pb_blurb title=&#8221;Lumber Conveyor Chains&#8221; image=&#8221;https:\/\/fmp-components.com\/wp-content\/uploads\/2025\/02\/Lumber-Conveyor-Chains-1.webp&#8221; alt=&#8221;Lumber Conveyor Chains&#8221; _builder_version=&#8221;4.27.4&#8243; _module_preset=&#8221;default&#8221; header_level=&#8221;h3&#8243; header_font=&#8221;Frank Ruhl Libre||||||||&#8221; header_text_align=&#8221;center&#8221; header_font_size=&#8221;20px&#8221; global_colors_info=&#8221;{}&#8221;][\/et_pb_blurb][\/et_pb_column][et_pb_column type=&#8221;1_4&#8243; _builder_version=&#8221;4.27.4&#8243; _module_preset=&#8221;default&#8221; global_colors_info=&#8221;{}&#8221;][et_pb_blurb title=&#8221;Engineering Welded Steel Chains&#8221; image=&#8221;https:\/\/fmp-components.com\/wp-content\/uploads\/2025\/02\/Engineering-Welded-Steel-Chains.webp&#8221; alt=&#8221;Engineering Welded Steel Chains&#8221; _builder_version=&#8221;4.27.4&#8243; _module_preset=&#8221;default&#8221; header_level=&#8221;h3&#8243; header_font=&#8221;Frank Ruhl Libre||||||||&#8221; header_text_align=&#8221;center&#8221; header_font_size=&#8221;20px&#8221; global_colors_info=&#8221;{}&#8221;][\/et_pb_blurb][\/et_pb_column][\/et_pb_row][et_pb_row column_structure=&#8221;1_4,1_4,1_4,1_4&#8243; _builder_version=&#8221;4.27.4&#8243; _module_preset=&#8221;default&#8221; global_colors_info=&#8221;{}&#8221;][et_pb_column type=&#8221;1_4&#8243; _builder_version=&#8221;4.27.4&#8243; _module_preset=&#8221;default&#8221; global_colors_info=&#8221;{}&#8221;][et_pb_blurb title=&#8221;Hollow Pin Conveyor Chains&#8221; image=&#8221;https:\/\/fmp-components.com\/wp-content\/uploads\/2025\/02\/Hollow-Pin-Roller-Chains-1.webp&#8221; alt=&#8221;Hollow Pin Conveyor Chains&#8221; _builder_version=&#8221;4.27.4&#8243; _module_preset=&#8221;default&#8221; header_level=&#8221;h3&#8243; header_font=&#8221;Frank Ruhl Libre||||||||&#8221; header_text_align=&#8221;center&#8221; header_font_size=&#8221;20px&#8221; global_colors_info=&#8221;{}&#8221;][\/et_pb_blurb][\/et_pb_column][et_pb_column type=&#8221;1_4&#8243; _builder_version=&#8221;4.27.4&#8243; _module_preset=&#8221;default&#8221; global_colors_info=&#8221;{}&#8221;][et_pb_blurb title=&#8221;Trencher Chains&#8221; image=&#8221;https:\/\/fmp-components.com\/wp-content\/uploads\/2025\/02\/Trencher-Chain.webp&#8221; alt=&#8221;Trencher Chains&#8221; _builder_version=&#8221;4.27.4&#8243; _module_preset=&#8221;default&#8221; header_level=&#8221;h3&#8243; header_font=&#8221;Frank Ruhl Libre||||||||&#8221; header_text_align=&#8221;center&#8221; header_font_size=&#8221;20px&#8221; global_colors_info=&#8221;{}&#8221;][\/et_pb_blurb][\/et_pb_column][et_pb_column type=&#8221;1_4&#8243; _builder_version=&#8221;4.27.4&#8243; _module_preset=&#8221;default&#8221; global_colors_info=&#8221;{}&#8221;][et_pb_blurb title=&#8221;Conveyor Chains for Glove Industry&#8221; image=&#8221;https:\/\/fmp-components.com\/wp-content\/uploads\/2025\/02\/Conveyor-Chain-For-Glove-Industry.webp&#8221; alt=&#8221;Conveyor Chains for Glove Industry&#8221; _builder_version=&#8221;4.27.4&#8243; _module_preset=&#8221;default&#8221; header_level=&#8221;h3&#8243; header_font=&#8221;Frank Ruhl Libre||||||||&#8221; header_text_align=&#8221;center&#8221; header_font_size=&#8221;20px&#8221; global_colors_info=&#8221;{}&#8221;][\/et_pb_blurb][\/et_pb_column][et_pb_column type=&#8221;1_4&#8243; _builder_version=&#8221;4.27.4&#8243; _module_preset=&#8221;default&#8221; global_colors_info=&#8221;{}&#8221;][\/et_pb_column][\/et_pb_row][\/et_pb_section]<\/p>","protected":false},"excerpt":{"rendered":"<p>Engineering ChainAt FMP, we produce a wide range of engineering chains and sprockets designed to meet various application requirements. Our offerings include both standard and customized solutions to suit your specific needs. If you can&#8217;t find the exact model you&#8217;re looking for in our product list, it may not yet be available. We encourage you [&hellip;]<\/p>","protected":false},"author":2,"featured_media":0,"parent":0,"menu_order":0,"comment_status":"closed","ping_status":"closed","template":"","meta":{"_et_pb_use_builder":"on","_et_pb_old_content":"","_et_gb_content_width":"","footnotes":""},"class_list":["post-5517","page","type-page","status-publish","hentry"],"_links":{"self":[{"href":"https:\/\/fmp-components.com\/fi\/wp-json\/wp\/v2\/pages\/5517","targetHints":{"allow":["GET"]}}],"collection":[{"href":"https:\/\/fmp-components.com\/fi\/wp-json\/wp\/v2\/pages"}],"about":[{"href":"https:\/\/fmp-components.com\/fi\/wp-json\/wp\/v2\/types\/page"}],"author":[{"embeddable":true,"href":"https:\/\/fmp-components.com\/fi\/wp-json\/wp\/v2\/users\/2"}],"replies":[{"embeddable":true,"href":"https:\/\/fmp-components.com\/fi\/wp-json\/wp\/v2\/comments?post=5517"}],"version-history":[{"count":8,"href":"https:\/\/fmp-components.com\/fi\/wp-json\/wp\/v2\/pages\/5517\/revisions"}],"predecessor-version":[{"id":6340,"href":"https:\/\/fmp-components.com\/fi\/wp-json\/wp\/v2\/pages\/5517\/revisions\/6340"}],"wp:attachment":[{"href":"https:\/\/fmp-components.com\/fi\/wp-json\/wp\/v2\/media?parent=5517"}],"curies":[{"name":"wp","href":"https:\/\/api.w.org\/{rel}","templated":true}]}}