{"id":5110,"date":"2025-01-27T00:43:37","date_gmt":"2025-01-27T00:43:37","guid":{"rendered":"https:\/\/fmp-components.com\/?page_id=5110"},"modified":"2025-01-27T06:24:21","modified_gmt":"2025-01-27T06:24:21","slug":"qd-sprocket","status":"publish","type":"page","link":"https:\/\/fmp-components.com\/fi\/qd-sprocket\/","title":{"rendered":"QD  Sprocket"},"content":{"rendered":"<p>[et_pb_section fb_built=&#8221;1&#8243; _builder_version=&#8221;4.27.4&#8243; _module_preset=&#8221;default&#8221; background_color=&#8221;gcid-1df04c5f-e996-4504-8faa-0a9ef0da2d4d&#8221; hover_enabled=&#8221;0&#8243; global_colors_info=&#8221;{%22gcid-1df04c5f-e996-4504-8faa-0a9ef0da2d4d%22:%91%22background_color%22%93}&#8221; sticky_enabled=&#8221;0&#8243;][et_pb_row _builder_version=&#8221;4.27.4&#8243; _module_preset=&#8221;default&#8221; global_colors_info=&#8221;{}&#8221;][et_pb_column type=&#8221;4_4&#8243; _builder_version=&#8221;4.27.4&#8243; _module_preset=&#8221;default&#8221; global_colors_info=&#8221;{}&#8221;][et_pb_text _builder_version=&#8221;4.27.4&#8243; _module_preset=&#8221;default&#8221; header_font=&#8221;Frank Ruhl Libre|500|||||||&#8221; header_text_align=&#8221;center&#8221; header_text_color=&#8221;#FFFFFF&#8221; header_font_size=&#8221;50px&#8221; header_text_shadow_style=&#8221;preset1&#8243; global_colors_info=&#8221;{}&#8221;]<\/p>\n<h1 class=\"et_pb_toggle_title\"><strong>QD-rattaat<\/strong>\u00a0<\/h1>\n<p>[\/et_pb_text][et_pb_text _builder_version=\u201d4.27.4\u2033 _module_preset=\u201doletus\u201d text_font=\u201dFrank Ruhl Libre|600|||||||\u201d text_text_color=\u201d#FFFFFF\u201d text_font_size=\u201d18px\u201d text_line_height=\u201d1.8em\u201d text_orientation=\u201dkeskelle\u201d global_colors_info=\u201d{}\u201d]<\/p>\n<p>Jos tarvitsemaasi tuotetta ei l\u00f6ydy listalta, pyyd\u00e4 ilmainen tarjous!<\/p>\n<p>[\/et_pb_text][\/et_pb_column][\/et_pb_row][\/et_pb_section][et_pb_section fb_built=&#8221;1&#8243; theme_builder_area=&#8221;post_content&#8221; _builder_version=&#8221;4.27.4&#8243; _module_preset=&#8221;default&#8221;][et_pb_row _builder_version=&#8221;4.27.4&#8243; _module_preset=&#8221;default&#8221; theme_builder_area=&#8221;post_content&#8221; column_structure=&#8221;1_3,1_3,1_3&#8243;][et_pb_column _builder_version=&#8221;4.27.4&#8243; _module_preset=&#8221;default&#8221; type=&#8221;1_3&#8243; theme_builder_area=&#8221;post_content&#8221;][et_pb_blurb title=&#8221;Single QD Sprocket&#8221; image=&#8221;https:\/\/fmp-components.com\/wp-content\/uploads\/2025\/01\/0-qd-sprocket-3.webp&#8221; _builder_version=&#8221;4.27.4&#8243; _module_preset=&#8221;default&#8221; theme_builder_area=&#8221;post_content&#8221; header_level=&#8221;h3&#8243; header_font=&#8221;Frank Ruhl Libre||||||||&#8221; hover_enabled=&#8221;0&#8243; sticky_enabled=&#8221;0&#8243; alt=&#8221;QD sprocket&#8221; title_text=&#8221;0-qd-sprocket-3&#8243; header_text_align=&#8221;center&#8221; header_font_size=&#8221;25px&#8221;][\/et_pb_blurb][\/et_pb_column][et_pb_column _builder_version=&#8221;4.27.4&#8243; _module_preset=&#8221;default&#8221; type=&#8221;1_3&#8243; theme_builder_area=&#8221;post_content&#8221;][et_pb_blurb title=&#8221;Single QD Sprocket&#8221; image=&#8221;https:\/\/fmp-components.com\/wp-content\/uploads\/2025\/01\/0-qd-sprocket-1.webp&#8221; _builder_version=&#8221;4.27.4&#8243; _module_preset=&#8221;default&#8221; theme_builder_area=&#8221;post_content&#8221; header_level=&#8221;h3&#8243; header_font=&#8221;Frank Ruhl Libre||||||||&#8221; hover_enabled=&#8221;0&#8243; sticky_enabled=&#8221;0&#8243; alt=&#8221;QD sprocket&#8221; title_text=&#8221;0-qd-sprocket-1&#8243; header_text_align=&#8221;center&#8221; header_font_size=&#8221;25px&#8221;][\/et_pb_blurb][\/et_pb_column][et_pb_column _builder_version=&#8221;4.27.4&#8243; _module_preset=&#8221;default&#8221; type=&#8221;1_3&#8243; theme_builder_area=&#8221;post_content&#8221;][et_pb_blurb title=&#8221;Single QD Sprocket&#8221; image=&#8221;https:\/\/fmp-components.com\/wp-content\/uploads\/2025\/01\/0-qd-sprocket-2.webp&#8221; _builder_version=&#8221;4.27.4&#8243; _module_preset=&#8221;default&#8221; theme_builder_area=&#8221;post_content&#8221; header_level=&#8221;h3&#8243; header_font=&#8221;Frank Ruhl Libre||||||||&#8221; hover_enabled=&#8221;0&#8243; sticky_enabled=&#8221;0&#8243; alt=&#8221;QD sprocket&#8221; title_text=&#8221;0-qd-sprocket-2&#8243; header_text_align=&#8221;center&#8221; header_font_size=&#8221;25px&#8221;][\/et_pb_blurb][\/et_pb_column][\/et_pb_row][\/et_pb_section][et_pb_section fb_built=&#8221;1&#8243; theme_builder_area=&#8221;post_content&#8221; _builder_version=&#8221;4.27.4&#8243; _module_preset=&#8221;default&#8221;][et_pb_row _builder_version=&#8221;4.27.4&#8243; _module_preset=&#8221;default&#8221; theme_builder_area=&#8221;post_content&#8221;][et_pb_column _builder_version=&#8221;4.27.4&#8243; _module_preset=&#8221;default&#8221; type=&#8221;4_4&#8243; theme_builder_area=&#8221;post_content&#8221;][et_pb_text _builder_version=&#8221;4.27.4&#8243; _module_preset=&#8221;default&#8221; theme_builder_area=&#8221;post_content&#8221; header_2_font=&#8221;Frank Ruhl Libre||||||||&#8221; header_2_text_align=&#8221;center&#8221; header_2_font_size=&#8221;35px&#8221; hover_enabled=&#8221;0&#8243; sticky_enabled=&#8221;0&#8243;]<\/p>\n<h2 style=\"text-align: center;\">QD-rattaan erittely<\/h2>\n<p>[\/et_pb_text][et_pb_text _builder_version=&#8221;4.27.4&#8243; _module_preset=&#8221;default&#8221; theme_builder_area=&#8221;post_content&#8221; hover_enabled=&#8221;0&#8243; sticky_enabled=&#8221;0&#8243;]<\/p>\n<table style=\"border-collapse: collapse; width: 100%;\" border=\"1\" width=\"100%\" cellspacing=\"0\" cellpadding=\"0\">\n<tbody>\n<tr height=\"46\" style=\"height: 27.60pt;\">\n<td class=\"et2\" height=\"46\" width=\"80\" x:str=\"\" style=\"height: 27.60pt; width: 48.00pt;\">Ei.<\/td>\n<td class=\"et2\" width=\"80\" x:str=\"\" style=\"width: 48.00pt;\">Piki<\/td>\n<td class=\"et2\" width=\"80\" x:str=\"\" style=\"width: 48.00pt;\">Rulla<\/td>\n<td class=\"et2\" width=\"97\" x:str=\"\" style=\"width: 58.20pt;\">Hampaan leveys<\/td>\n<td class=\"et2\" width=\"80\" x:str=\"\" style=\"width: 48.00pt;\">hammas nro<\/td>\n<\/tr>\n<tr height=\"24\" style=\"height: 14.40pt;\">\n<td class=\"et3\" height=\"24\" width=\"80\" x:str=\"\" style=\"height: 14.40pt; width: 48.00pt;\">Nro 35<\/td>\n<td class=\"et3\" width=\"80\" x:str=\"\" style=\"width: 48.00pt;\">3\/8&#8243;<\/td>\n<td class=\"et3\" width=\"80\" x:num=\"0.2\" align=\"right\" style=\"width: 48.00pt;\">0.2<\/td>\n<td class=\"et3\" width=\"97\" x:str=\"\" style=\"width: 58.20pt;\">B1=0,168<\/td>\n<td class=\"et3\" width=\"80\" x:str=\"\" style=\"width: 48.00pt;\">19-112<\/td>\n<\/tr>\n<tr height=\"46\" style=\"height: 27.60pt;\">\n<td class=\"et3\" height=\"46\" width=\"80\" x:str=\"\" style=\"height: 27.60pt; width: 48.00pt;\">Nro 35-2<\/td>\n<td class=\"et3\" width=\"80\" x:str=\"\" style=\"width: 48.00pt;\">3\/8&#8243;<\/td>\n<td class=\"et3\" width=\"80\" x:num=\"0.2\" align=\"right\" style=\"width: 48.00pt;\">0.2<\/td>\n<td class=\"et3\" width=\"97\" x:str=\"\" style=\"width: 58.20pt;\">b1=0,162 B2=0,561<\/td>\n<td class=\"et3\" width=\"80\" x:str=\"\" style=\"width: 48.00pt;\">68-102<\/td>\n<\/tr>\n<tr height=\"46\" style=\"height: 27.60pt;\">\n<td class=\"et3\" height=\"46\" width=\"80\" x:str=\"\" style=\"height: 27.60pt; width: 48.00pt;\">Nro 35-3<\/td>\n<td class=\"et3\" width=\"80\" x:str=\"\" style=\"width: 48.00pt;\">3\/8&#8243;<\/td>\n<td class=\"et3\" width=\"80\" x:num=\"0.2\" align=\"right\" style=\"width: 48.00pt;\">0.2<\/td>\n<td class=\"et3\" width=\"97\" x:str=\"\" style=\"width: 58.20pt;\">b1=0,162 B3=0,960<\/td>\n<td class=\"et3\" width=\"80\" x:str=\"\" style=\"width: 48.00pt;\">68-102<\/td>\n<\/tr>\n<tr height=\"24\" style=\"height: 14.40pt;\">\n<td class=\"et3\" height=\"24\" width=\"80\" x:str=\"\" style=\"height: 14.40pt; width: 48.00pt;\">Nro 41<\/td>\n<td class=\"et3\" width=\"80\" x:str=\"\" style=\"width: 48.00pt;\">1\/2&#8243;<\/td>\n<td class=\"et3\" width=\"80\" x:num=\"0.306\" align=\"right\" style=\"width: 48.00pt;\">0.306<\/td>\n<td class=\"et3\" width=\"97\" x:str=\"\" style=\"width: 58.20pt;\">B1=0,227<\/td>\n<td class=\"et3\" width=\"80\" x:str=\"\" style=\"width: 48.00pt;\">15-112<\/td>\n<\/tr>\n<tr height=\"24\" style=\"height: 14.40pt;\">\n<td class=\"et3\" height=\"24\" width=\"80\" x:str=\"\" style=\"height: 14.40pt; width: 48.00pt;\">Nro 40<\/td>\n<td class=\"et3\" width=\"80\" x:str=\"\" style=\"width: 48.00pt;\">1\/2&#8243;<\/td>\n<td class=\"et3\" width=\"80\" x:num=\"0.312\" align=\"right\" style=\"width: 48.00pt;\">0.312<\/td>\n<td class=\"et3\" width=\"97\" x:str=\"\" style=\"width: 58.20pt;\">B1=0,284<\/td>\n<td class=\"et3\" width=\"80\" x:str=\"\" style=\"width: 48.00pt;\">15-112<\/td>\n<\/tr>\n<tr height=\"46\" style=\"height: 27.60pt;\">\n<td class=\"et3\" height=\"46\" width=\"80\" x:str=\"\" style=\"height: 27.60pt; width: 48.00pt;\">Nro 40-2<\/td>\n<td class=\"et3\" width=\"80\" x:str=\"\" style=\"width: 48.00pt;\">1\/2&#8243;<\/td>\n<td class=\"et3\" width=\"80\" x:num=\"0.312\" align=\"right\" style=\"width: 48.00pt;\">0.312<\/td>\n<td class=\"et3\" width=\"97\" x:str=\"\" style=\"width: 58.20pt;\">b1=0,275 B2=0,841<\/td>\n<td class=\"et3\" width=\"80\" x:str=\"\" style=\"width: 48.00pt;\">36-112<\/td>\n<\/tr>\n<tr height=\"69\" style=\"height: 41.40pt;\">\n<td class=\"et3\" height=\"69\" width=\"80\" x:str=\"\" style=\"height: 41.40pt; width: 48.00pt;\">Nro 40-3<\/td>\n<td class=\"et3\" width=\"80\" x:str=\"\" style=\"width: 48.00pt;\">1\/2&#8243;<\/td>\n<td class=\"et3\" width=\"80\" x:num=\"0.312\" align=\"right\" style=\"width: 48.00pt;\">0.312<\/td>\n<td class=\"et3\" width=\"97\" x:str=\"\" style=\"width: 58.20pt;\">b1=0,0,275 B3=1,407<\/td>\n<td class=\"et3\" width=\"80\" x:str=\"\" style=\"width: 48.00pt;\">36-102<\/td>\n<\/tr>\n<tr height=\"24\" style=\"height: 14.40pt;\">\n<td class=\"et3\" height=\"24\" width=\"80\" x:str=\"\" style=\"height: 14.40pt; width: 48.00pt;\">Nro 50<\/td>\n<td class=\"et3\" width=\"80\" x:str=\"\" style=\"width: 48.00pt;\">5\/8&#8243;<\/td>\n<td class=\"et3\" width=\"80\" x:num=\"0.4\" align=\"right\" style=\"width: 48.00pt;\">0.4<\/td>\n<td class=\"et3\" width=\"97\" x:str=\"\" style=\"width: 58.20pt;\">B1=0,343<\/td>\n<td class=\"et3\" width=\"80\" x:str=\"\" style=\"width: 48.00pt;\">12-112<\/td>\n<\/tr>\n<tr height=\"46\" style=\"height: 27.60pt;\">\n<td class=\"et3\" height=\"46\" width=\"80\" x:str=\"\" style=\"height: 27.60pt; width: 48.00pt;\">Nro 50-2<\/td>\n<td class=\"et3\" width=\"80\" x:str=\"\" style=\"width: 48.00pt;\">5\/8&#8243;<\/td>\n<td class=\"et3\" width=\"80\" x:num=\"0.4\" align=\"right\" style=\"width: 48.00pt;\">0.4<\/td>\n<td class=\"et3\" width=\"97\" x:str=\"\" style=\"width: 58.20pt;\">b1=0,332 B2=1,045<\/td>\n<td class=\"et3\" width=\"80\" x:str=\"\" style=\"width: 48.00pt;\">36-112<\/td>\n<\/tr>\n<tr height=\"46\" style=\"height: 27.60pt;\">\n<td class=\"et3\" height=\"46\" width=\"80\" x:str=\"\" style=\"height: 27.60pt; width: 48.00pt;\">Nro 50-3<\/td>\n<td class=\"et3\" width=\"80\" x:str=\"\" style=\"width: 48.00pt;\">5\/8&#8243;<\/td>\n<td class=\"et3\" width=\"80\" x:num=\"0.4\" align=\"right\" style=\"width: 48.00pt;\">0.4<\/td>\n<td class=\"et3\" width=\"97\" x:str=\"\" style=\"width: 58.20pt;\">b1=0,332 B3=1,568<\/td>\n<td class=\"et3\" width=\"80\" x:str=\"\" style=\"width: 48.00pt;\">36-102<\/td>\n<\/tr>\n<tr height=\"24\" style=\"height: 14.40pt;\">\n<td class=\"et3\" height=\"24\" width=\"80\" x:str=\"\" style=\"height: 14.40pt; width: 48.00pt;\">Nro 60<\/td>\n<td class=\"et3\" width=\"80\" x:str=\"\" style=\"width: 48.00pt;\">3\/4&#8243;<\/td>\n<td class=\"et3\" width=\"80\" x:num=\"0.468\" align=\"right\" style=\"width: 48.00pt;\">0.468<\/td>\n<td class=\"et3\" width=\"97\" x:str=\"\" style=\"width: 58.20pt;\">B1=0,459<\/td>\n<td class=\"et3\" width=\"80\" x:str=\"\" style=\"width: 48.00pt;\">11-112<\/td>\n<\/tr>\n<tr height=\"46\" style=\"height: 27.60pt;\">\n<td class=\"et3\" height=\"46\" width=\"80\" x:str=\"\" style=\"height: 27.60pt; width: 48.00pt;\">Nro 60-2<\/td>\n<td class=\"et3\" width=\"80\" x:str=\"\" style=\"width: 48.00pt;\">3\/4&#8243;<\/td>\n<td class=\"et3\" width=\"80\" x:num=\"0.468\" align=\"right\" style=\"width: 48.00pt;\">0.468<\/td>\n<td class=\"et3\" width=\"97\" x:str=\"\" style=\"width: 58.20pt;\">b1=0,444 B2=1,341<\/td>\n<td class=\"et3\" width=\"80\" x:str=\"\" style=\"width: 48.00pt;\">14-95<\/td>\n<\/tr>\n<tr height=\"46\" style=\"height: 27.60pt;\">\n<td class=\"et3\" height=\"46\" width=\"80\" x:str=\"\" style=\"height: 27.60pt; width: 48.00pt;\">Nro 60-3<\/td>\n<td class=\"et3\" width=\"80\" x:str=\"\" style=\"width: 48.00pt;\">3\/4&#8243;<\/td>\n<td class=\"et3\" width=\"80\" x:num=\"0.468\" align=\"right\" style=\"width: 48.00pt;\">0.468<\/td>\n<td class=\"et3\" width=\"97\" x:str=\"\" style=\"width: 58.20pt;\">b1=0,444 B3=2,238<\/td>\n<td class=\"et3\" width=\"80\" x:str=\"\" style=\"width: 48.00pt;\">36-95<\/td>\n<\/tr>\n<tr height=\"24\" style=\"height: 14.40pt;\">\n<td class=\"et3\" height=\"24\" width=\"80\" x:str=\"\" style=\"height: 14.40pt; width: 48.00pt;\">Nro 80<\/td>\n<td class=\"et3\" width=\"80\" x:str=\"\" style=\"width: 48.00pt;\">1&#8243;<\/td>\n<td class=\"et3\" width=\"80\" x:num=\"0.625\" align=\"right\" style=\"width: 48.00pt;\">0.625<\/td>\n<td class=\"et3\" width=\"97\" x:str=\"\" style=\"width: 58.20pt;\">B1=0,575<\/td>\n<td class=\"et3\" width=\"80\" x:str=\"\" style=\"width: 48.00pt;\">11-112<\/td>\n<\/tr>\n<tr height=\"46\" style=\"height: 27.60pt;\">\n<td class=\"et3\" height=\"46\" width=\"80\" x:str=\"\" style=\"height: 27.60pt; width: 48.00pt;\">Nro 80-2<\/td>\n<td class=\"et3\" width=\"80\" x:str=\"\" style=\"width: 48.00pt;\">1&#8243;<\/td>\n<td class=\"et3\" width=\"80\" x:num=\"0.625\" align=\"right\" style=\"width: 48.00pt;\">0.625<\/td>\n<td class=\"et3\" width=\"97\" x:str=\"\" style=\"width: 58.20pt;\">b1=0,557 B2=1,710<\/td>\n<td class=\"et3\" width=\"80\" x:str=\"\" style=\"width: 48.00pt;\">36-95<\/td>\n<\/tr>\n<tr height=\"46\" style=\"height: 27.60pt;\">\n<td class=\"et3\" height=\"46\" width=\"80\" x:str=\"\" style=\"height: 27.60pt; width: 48.00pt;\">Nro 80-3<\/td>\n<td class=\"et3\" width=\"80\" x:str=\"\" style=\"width: 48.00pt;\">1&#8243;<\/td>\n<td class=\"et3\" width=\"80\" x:num=\"0.625\" align=\"right\" style=\"width: 48.00pt;\">0.625<\/td>\n<td class=\"et3\" width=\"97\" x:str=\"\" style=\"width: 58.20pt;\">b1=0,557 B3=2,863<\/td>\n<td class=\"et3\" width=\"80\" x:str=\"\" style=\"width: 48.00pt;\">36-95<\/td>\n<\/tr>\n<tr height=\"24\" style=\"height: 14.40pt;\">\n<td class=\"et3\" height=\"24\" width=\"80\" x:str=\"\" style=\"height: 14.40pt; width: 48.00pt;\">Nro 100<\/td>\n<td class=\"et3\" width=\"80\" x:str=\"\" style=\"width: 48.00pt;\">1-1\/4&#8243;<\/td>\n<td class=\"et3\" width=\"80\" x:num=\"0.75\" align=\"right\" style=\"width: 48.00pt;\">0.75<\/td>\n<td class=\"et3\" width=\"97\" x:str=\"\" style=\"width: 58.20pt;\">b1=0,692<\/td>\n<td class=\"et3\" width=\"80\" x:str=\"\" style=\"width: 48.00pt;\">11-84<\/td>\n<\/tr>\n<tr height=\"46\" style=\"height: 27.60pt;\">\n<td class=\"et3\" height=\"46\" width=\"80\" x:str=\"\" style=\"height: 27.60pt; width: 48.00pt;\">Nro 100-2<\/td>\n<td class=\"et3\" width=\"80\" x:str=\"\" style=\"width: 48.00pt;\">1-1\/4&#8243;<\/td>\n<td class=\"et3\" width=\"80\" x:num=\"0.75\" align=\"right\" style=\"width: 48.00pt;\">0.75<\/td>\n<td class=\"et3\" width=\"97\" x:str=\"\" style=\"width: 58.20pt;\">b1=0,669 B2=2,077<\/td>\n<td class=\"et3\" width=\"80\" x:str=\"\" style=\"width: 48.00pt;\">35-80<\/td>\n<\/tr>\n<tr height=\"46\" style=\"height: 27.60pt;\">\n<td class=\"et3\" height=\"46\" width=\"80\" x:str=\"\" style=\"height: 27.60pt; width: 48.00pt;\">Nro 100-3<\/td>\n<td class=\"et3\" width=\"80\" x:str=\"\" style=\"width: 48.00pt;\">1-1\/4&#8243;<\/td>\n<td class=\"et3\" width=\"80\" x:num=\"0.75\" align=\"right\" style=\"width: 48.00pt;\">0.75<\/td>\n<td class=\"et3\" width=\"97\" x:str=\"\" style=\"width: 58.20pt;\">b1=0,669 B3=3,485<\/td>\n<td class=\"et3\" width=\"80\" x:str=\"\" style=\"width: 48.00pt;\">35-80<\/td>\n<\/tr>\n<tr height=\"24\" style=\"height: 14.40pt;\">\n<td class=\"et3\" height=\"24\" width=\"80\" x:str=\"\" style=\"height: 14.40pt; width: 48.00pt;\">Nro 120<\/td>\n<td class=\"et3\" width=\"80\" x:str=\"\" style=\"width: 48.00pt;\">1-1\/2&#8243;<\/td>\n<td class=\"et3\" width=\"80\" x:num=\"0.875\" align=\"right\" style=\"width: 48.00pt;\">0.875<\/td>\n<td class=\"et3\" width=\"97\" x:str=\"\" style=\"width: 58.20pt;\">B1=0,924<\/td>\n<td class=\"et3\" width=\"80\" x:str=\"\" style=\"width: 48.00pt;\">12-80<\/td>\n<\/tr>\n<tr height=\"46\" style=\"height: 27.60pt;\">\n<td class=\"et3\" height=\"46\" width=\"80\" x:str=\"\" style=\"height: 27.60pt; width: 48.00pt;\">Nro 120-2<\/td>\n<td class=\"et3\" width=\"80\" x:str=\"\" style=\"width: 48.00pt;\">1-1\/2&#8243;<\/td>\n<td class=\"et3\" width=\"80\" x:num=\"0.875\" align=\"right\" style=\"width: 48.00pt;\">0.875<\/td>\n<td class=\"et3\" width=\"97\" x:str=\"\" style=\"width: 58.20pt;\">b1=0,894 B2=2,683<\/td>\n<td class=\"et3\" width=\"80\" x:str=\"\" style=\"width: 48.00pt;\">30-60<\/td>\n<\/tr>\n<tr height=\"24\" style=\"height: 14.40pt;\">\n<td class=\"et3\" height=\"24\" width=\"80\" x:str=\"\" style=\"height: 14.40pt; width: 48.00pt;\">Nro 140<\/td>\n<td class=\"et3\" width=\"80\" x:str=\"\" style=\"width: 48.00pt;\">1-3\/4&#8243;<\/td>\n<td class=\"et3\" width=\"80\" x:num=\"1\" align=\"right\" style=\"width: 48.00pt;\">1<\/td>\n<td class=\"et3\" width=\"97\" x:str=\"\" style=\"width: 58.20pt;\">B1=0,924<\/td>\n<td class=\"et3\" width=\"80\" x:str=\"\" style=\"width: 48.00pt;\">11-80<\/td>\n<\/tr>\n<tr height=\"46\" style=\"height: 27.60pt;\">\n<td class=\"et3\" height=\"46\" width=\"80\" x:str=\"\" style=\"height: 27.60pt; width: 48.00pt;\">Nro 140-2<\/td>\n<td class=\"et3\" width=\"80\" x:str=\"\" style=\"width: 48.00pt;\">1-3\/4&#8243;<\/td>\n<td class=\"et3\" width=\"80\" x:num=\"2\" align=\"right\" style=\"width: 48.00pt;\">2<\/td>\n<td class=\"et3\" width=\"97\" x:str=\"\" style=\"width: 58.20pt;\">b1=0,924 B2=2,818<\/td>\n<td class=\"et3\" width=\"80\" x:str=\"\" style=\"width: 48.00pt;\">35-60<\/td>\n<\/tr>\n<tr height=\"24\" style=\"height: 14.40pt;\">\n<td class=\"et3\" height=\"24\" width=\"80\" x:str=\"\" style=\"height: 14.40pt; width: 48.00pt;\">Nro 160<\/td>\n<td class=\"et3\" width=\"80\" x:str=\"\" style=\"width: 48.00pt;\">2&#8243;<\/td>\n<td class=\"et3\" width=\"80\" x:num=\"1.125\" align=\"right\" style=\"width: 48.00pt;\">1.125<\/td>\n<td class=\"et3\" width=\"97\" x:str=\"\" style=\"width: 58.20pt;\">B1=1,156<\/td>\n<td class=\"et3\" width=\"80\" x:str=\"\" style=\"width: 48.00pt;\">12-80<\/td>\n<\/tr>\n<tr height=\"46\" style=\"height: 27.60pt;\">\n<td class=\"et3\" height=\"46\" width=\"80\" x:str=\"\" style=\"height: 27.60pt; width: 48.00pt;\">Nro 160-2<\/td>\n<td class=\"et3\" width=\"80\" x:str=\"\" style=\"width: 48.00pt;\">2&#8243;<\/td>\n<td class=\"et3\" width=\"80\" x:num=\"1.125\" align=\"right\" style=\"width: 48.00pt;\">1.125<\/td>\n<td class=\"et3\" width=\"97\" x:str=\"\" style=\"width: 58.20pt;\">b1=1,119 B2=3,424<\/td>\n<td class=\"et3\" width=\"80\" x:str=\"\" style=\"width: 48.00pt;\">35-60<\/td>\n<\/tr>\n<tr height=\"24\" style=\"height: 14.40pt;\">\n<td class=\"et3\" height=\"24\" width=\"80\" x:str=\"\" style=\"height: 14.40pt; width: 48.00pt;\">Nro 200<\/td>\n<td class=\"et3\" width=\"80\" x:str=\"\" style=\"width: 48.00pt;\">2-1\/2&#8243;<\/td>\n<td class=\"et3\" width=\"80\" x:num=\"1.562\" align=\"right\" style=\"width: 48.00pt;\">1.562<\/td>\n<td class=\"et3\" width=\"97\" x:str=\"\" style=\"width: 58.20pt;\">B1=1,389<\/td>\n<td class=\"et3\" width=\"80\" x:str=\"\" style=\"width: 48.00pt;\">12-60<\/td>\n<\/tr>\n<\/tbody>\n<\/table>\n<p>[\/et_pb_text][et_pb_text _builder_version=&#8221;4.27.4&#8243; _module_preset=&#8221;default&#8221; theme_builder_area=&#8221;post_content&#8221; hover_enabled=&#8221;0&#8243; sticky_enabled=&#8221;0&#8243;]<\/p>\n<table border=\"1\">\n<tbody>\n<tr><\/tr>\n<tr>\n<td>Holkkityyppi<\/td>\n<td>Pultti (sis\u00e4\u00e4n)<\/td>\n<td><\/td>\n<td>Momenttiavain<\/td>\n<td><\/td>\n<\/tr>\n<tr>\n<td><\/td>\n<td>M\u00e4\u00e4r\u00e4<\/td>\n<td>Koko<\/td>\n<td>lb-ft<\/td>\n<td>lb-in<\/td>\n<\/tr>\n<tr>\n<td>H<\/td>\n<td>2<\/td>\n<td>1\/4 x 3\/4<\/td>\n<td>7.9<\/td>\n<td>95<\/td>\n<\/tr>\n<tr>\n<td>JA<\/td>\n<td>3<\/td>\n<td>10\u201324 x 1<\/td>\n<td>4.5<\/td>\n<td>54<\/td>\n<\/tr>\n<tr>\n<td>SH&amp;SDS<\/td>\n<td>3<\/td>\n<td>1\/4-20 x 1 3\/8<\/td>\n<td>9.0<\/td>\n<td>108<\/td>\n<\/tr>\n<tr>\n<td>SD-kortti<\/td>\n<td>3<\/td>\n<td>1\/4-20 x 1 7\/8<\/td>\n<td>9.0<\/td>\n<td>108<\/td>\n<\/tr>\n<tr>\n<td>SK<\/td>\n<td>3<\/td>\n<td>5\/16-18 x 2<\/td>\n<td>15.0<\/td>\n<td>180<\/td>\n<\/tr>\n<tr>\n<td>SF<\/td>\n<td>3<\/td>\n<td>3\/8-16 x 2<\/td>\n<td>30.0<\/td>\n<td>360<\/td>\n<\/tr>\n<tr>\n<td>E<\/td>\n<td>3<\/td>\n<td>1\/2\u201313 x 2 3\/4<\/td>\n<td>60.0<\/td>\n<td>720<\/td>\n<\/tr>\n<tr>\n<td>F<\/td>\n<td>3<\/td>\n<td>9\/16-12 x 3 5\/8<\/td>\n<td>75.0<\/td>\n<td>900<\/td>\n<\/tr>\n<tr>\n<td>J<\/td>\n<td>3<\/td>\n<td>5\/8-11 x 4 1\/2<\/td>\n<td>135.0<\/td>\n<td>1620<\/td>\n<\/tr>\n<tr>\n<td>M<\/td>\n<td>4<\/td>\n<td>3\/4-10 x 6 3\/4<\/td>\n<td>225.0<\/td>\n<td>2700<\/td>\n<\/tr>\n<tr>\n<td>N<\/td>\n<td>4<\/td>\n<td>7\/8-9 x 8<\/td>\n<td>300.0<\/td>\n<td>3600<\/td>\n<\/tr>\n<tr>\n<td>P<\/td>\n<td>4<\/td>\n<td>1-8 x 9 1\/2<\/td>\n<td>450.0<\/td>\n<td>5400<\/td>\n<\/tr>\n<tr>\n<td>L\u00e4nsi<\/td>\n<td>4<\/td>\n<td>1 1\/8-7 x 11 1\/2<\/td>\n<td>600.0<\/td>\n<td>7200<\/td>\n<\/tr>\n<tr>\n<td>S<\/td>\n<td>5<\/td>\n<td>1 1\/4-7 x 15 1\/2<\/td>\n<td>750.0<\/td>\n<\/tr>\n<\/tbody>\n<\/table>\n<p>[\/et_pb_text][\/et_pb_column][\/et_pb_row][\/et_pb_section]<\/p>","protected":false},"excerpt":{"rendered":"<p>QD\u00a0 Sprocket\u00a0If the product you need is not listed, go ahead and get a free quote!Specification of QD Sprocket No. Pitch Roller Tooth Width tooth No. No.35 3\/8&#8243; 0.2 B1=0.168 19-112 No.35-2 3\/8&#8243; 0.2 b1=0.162 B2=0.561 68-102 No.35-3 3\/8&#8243; 0.2 b1=0.162 B3=0.960 68-102 No.41 1\/2&#8243; 0.306 B1=0.227 15-112 No.40 1\/2&#8243; 0.312 B1=0.284 15-112 No.40-2 1\/2&#8243; [&hellip;]<\/p>","protected":false},"author":2,"featured_media":0,"parent":0,"menu_order":0,"comment_status":"closed","ping_status":"closed","template":"","meta":{"_et_pb_use_builder":"on","_et_pb_old_content":"","_et_gb_content_width":"","footnotes":""},"class_list":["post-5110","page","type-page","status-publish","hentry"],"_links":{"self":[{"href":"https:\/\/fmp-components.com\/fi\/wp-json\/wp\/v2\/pages\/5110","targetHints":{"allow":["GET"]}}],"collection":[{"href":"https:\/\/fmp-components.com\/fi\/wp-json\/wp\/v2\/pages"}],"about":[{"href":"https:\/\/fmp-components.com\/fi\/wp-json\/wp\/v2\/types\/page"}],"author":[{"embeddable":true,"href":"https:\/\/fmp-components.com\/fi\/wp-json\/wp\/v2\/users\/2"}],"replies":[{"embeddable":true,"href":"https:\/\/fmp-components.com\/fi\/wp-json\/wp\/v2\/comments?post=5110"}],"version-history":[{"count":7,"href":"https:\/\/fmp-components.com\/fi\/wp-json\/wp\/v2\/pages\/5110\/revisions"}],"predecessor-version":[{"id":5127,"href":"https:\/\/fmp-components.com\/fi\/wp-json\/wp\/v2\/pages\/5110\/revisions\/5127"}],"wp:attachment":[{"href":"https:\/\/fmp-components.com\/fi\/wp-json\/wp\/v2\/media?parent=5110"}],"curies":[{"name":"wp","href":"https:\/\/api.w.org\/{rel}","templated":true}]}}