{"id":286,"date":"2024-12-09T03:50:21","date_gmt":"2024-12-09T03:50:21","guid":{"rendered":"https:\/\/fmp-components.com\/?page_id=8"},"modified":"2025-03-27T05:37:54","modified_gmt":"2025-03-27T05:37:54","slug":"forklift-hydraulic-cylinders-2","status":"publish","type":"page","link":"https:\/\/fmp-components.com\/fi\/forklift-hydraulic-cylinders-2\/","title":{"rendered":"Trukin hydraulisylinterit"},"content":{"rendered":"<p>[et_pb_section fb_built=&#8221;1&#8243; _builder_version=&#8221;4.27.4&#8243; _module_preset=&#8221;default&#8221; use_background_color_gradient=&#8221;on&#8221; background_color_gradient_stops=&#8221;rgba(0,0,0,0.14) 0%|rgba(0,0,0,0.16) 100%&#8221; background_color_gradient_overlays_image=&#8221;on&#8221; background_image=&#8221;https:\/\/fmp-components.com\/wp-content\/uploads\/2025\/03\/Forklift-Hydraulic-Cylinders.webp&#8221; custom_padding=&#8221;||157px|||&#8221; global_colors_info=&#8221;{}&#8221;][et_pb_row _builder_version=&#8221;4.27.4&#8243; _module_preset=&#8221;default&#8221; global_colors_info=&#8221;{}&#8221;][et_pb_column type=&#8221;4_4&#8243; _builder_version=&#8221;4.27.4&#8243; _module_preset=&#8221;default&#8221; global_colors_info=&#8221;{}&#8221;][et_pb_text _builder_version=&#8221;4.27.4&#8243; _module_preset=&#8221;default&#8221; header_font=&#8221;Frank Ruhl Libre||||||||&#8221; header_text_color=&#8221;#FFFFFF&#8221; header_font_size=&#8221;70px&#8221; header_text_shadow_style=&#8221;preset1&#8243; global_colors_info=&#8221;{}&#8221;]<\/p>\n<h1 style=\"text-align: center;\">Trukin hydraulisylinterit<\/h1>\n<p>[\/et_pb_text][\/et_pb_column][\/et_pb_row][et_pb_row _builder_version=&#8221;4.27.4&#8243; _module_preset=&#8221;default&#8221; global_colors_info=&#8221;{}&#8221;][et_pb_column type=&#8221;4_4&#8243; _builder_version=&#8221;4.27.4&#8243; _module_preset=&#8221;default&#8221; global_colors_info=&#8221;{}&#8221;][et_pb_text _builder_version=&#8221;4.27.4&#8243; _module_preset=&#8221;default&#8221; text_text_color=&#8221;#FFFFFF&#8221; text_font_size=&#8221;16px&#8221; text_line_height=&#8221;1.8em&#8221; text_orientation=&#8221;center&#8221; text_text_shadow_style=&#8221;preset1&#8243; global_colors_info=&#8221;{}&#8221;]<\/p>\n<p>FMP Companylla olemme erikoistuneet tuottamaan laajan valikoiman trukkien hydraulisylintereit\u00e4, jotka ovat kriittisi\u00e4 komponentteja, jotka tarjoavat raskaiden kuormien tehokkaaseen nostamiseen ja laskemiseen tarvittavan tehon ja tarkkuuden. Laaja valikoimamme sis\u00e4lt\u00e4\u00e4 erilaisia \u200b\u200btyyppej\u00e4 ja eritelmi\u00e4, jotka sopivat erilaisiin trukkimalleihin ja teollisuuden tarpeisiin. Tarjoamme my\u00f6s r\u00e4\u00e4t\u00e4l\u00f6intipalveluita ainutlaatuisten vaatimusten t\u00e4ytt\u00e4miseksi, varmistaen, ett\u00e4 jokainen asiakas saa r\u00e4\u00e4t\u00e4l\u00f6idyn ratkaisun. Jos et l\u00f6yd\u00e4 tarvitsemaasi mallia tuoteluettelostamme, se tarkoittaa yksinkertaisesti sit\u00e4, ettemme ole viel\u00e4 ehtineet listata sit\u00e4. L\u00e4het\u00e4 meille s\u00e4hk\u00f6postia vaatimuksistasi, ja ammattitaitoiset insin\u00f6\u00f6rimme vastaavat 24 tunnin kuluessa auttaakseen sinua l\u00f6yt\u00e4m\u00e4\u00e4n tai luomaan t\u00e4ydellisen hydraulisylinterin trukkiisi.<\/p>\n<p>[\/et_pb_text][\/et_pb_column][\/et_pb_row][\/et_pb_section][et_pb_section fb_built=&#8221;1&#8243; _builder_version=&#8221;4.27.4&#8243; _module_preset=&#8221;default&#8221; global_colors_info=&#8221;{}&#8221;][et_pb_row _builder_version=&#8221;4.27.4&#8243; _module_preset=&#8221;default&#8221; global_colors_info=&#8221;{}&#8221;][et_pb_column type=&#8221;4_4&#8243; _builder_version=&#8221;4.27.4&#8243; _module_preset=&#8221;default&#8221; global_colors_info=&#8221;{}&#8221;][et_pb_shop type=&#8221;product_category&#8221; include_categories=&#8221;20&#8243; columns_number=&#8221;3&#8243; _builder_version=&#8221;4.27.4&#8243; _module_preset=&#8221;default&#8221; global_colors_info=&#8221;{}&#8221;][\/et_pb_shop][\/et_pb_column][\/et_pb_row][et_pb_row _builder_version=&#8221;4.27.4&#8243; _module_preset=&#8221;default&#8221; column_structure=&#8221;1_2,1_2&#8243;][et_pb_column _builder_version=&#8221;4.27.4&#8243; _module_preset=&#8221;default&#8221; type=&#8221;1_2&#8243;][et_pb_image src=&#8221;https:\/\/fmp-components.com\/wp-content\/uploads\/2025\/03\/Forklift-Hydraulic-Cylinders-3.webp&#8221; _builder_version=&#8221;4.27.4&#8243; _module_preset=&#8221;default&#8221; alt=&#8221;Forklift-Hydraulic-Cylinders&#8221; title_text=&#8221;Forklift-Hydraulic-Cylinders-3&#8243; hover_enabled=&#8221;0&#8243; sticky_enabled=&#8221;0&#8243;][\/et_pb_image][\/et_pb_column][et_pb_column _builder_version=&#8221;4.27.4&#8243; _module_preset=&#8221;default&#8221; type=&#8221;1_2&#8243;][et_pb_text _builder_version=&#8221;4.27.4&#8243; _module_preset=&#8221;default&#8221; header_2_font=&#8221;Frank Ruhl Libre||||||||&#8221; header_2_font_size=&#8221;30px&#8221; header_3_font=&#8221;Frank Ruhl Libre||||||||&#8221; hover_enabled=&#8221;0&#8243; sticky_enabled=&#8221;0&#8243;]<\/p>\n<h2>Kattava valikoima hydraulisylintereit\u00e4<\/h2>\n<p>Tarjoamme laajan valikoiman trukkien hydraulisylintereit\u00e4, jotka on suunniteltu erilaisiin k\u00e4ytt\u00f6tarkoituksiin. Tuotevalikoimaamme kuuluvat:<\/p>\n<p><strong>Yksitoimiset sylinterit:<\/strong> Ihanteellinen yksinkertaisiin nostoteht\u00e4viin.<br \/><strong>Kaksitoimiset sylinterit:<\/strong> T\u00e4ydellinen sovelluksiin, jotka vaativat voimaa molempiin suuntiin.<br \/><strong>Teleskooppisylinterit:<\/strong> Erinomainen pidempiin ulottuvuuksiin ja kompaktiin s\u00e4ilytykseen.<br \/><strong>Tandem-sylinterit:<\/strong> Rakennettu parantamaan tehoa ja vakautta vaativissa k\u00e4ytt\u00f6olosuhteissa.<br \/>Sylinterimme ovat saatavilla laajassa valikoimassa eri muotoja ja kokoja, ja ne on suunniteltu sopimaan erilaisiin laitetarpeisiin \u2013 olipa kyseess\u00e4 sitten nosto, kallistus tai sivuttaissiirto. FMP:ll\u00e4 on t\u00e4ydellinen ratkaisu sovellukseesi riippumatta.<\/p>\n<p>[\/et_pb_text][\/et_pb_column][\/et_pb_row][et_pb_row _builder_version=&#8221;4.27.4&#8243; _module_preset=&#8221;default&#8221;][et_pb_column _builder_version=&#8221;4.27.4&#8243; _module_preset=&#8221;default&#8221; type=&#8221;4_4&#8243;][et_pb_text _builder_version=&#8221;4.27.4&#8243; _module_preset=&#8221;default&#8221; hover_enabled=&#8221;0&#8243; sticky_enabled=&#8221;0&#8243; header_3_font=&#8221;Frank Ruhl Libre||||||||&#8221; header_3_font_size=&#8221;25px&#8221; text_font_size=&#8221;15px&#8221;]<\/p>\n<h3>Nopea toimitus ja laaja varasto<\/h3>\n<p>Seisokit maksavat rahaa, ja FMP:ll\u00e4 olemme sitoutuneet pit\u00e4m\u00e4\u00e4n toimintasi sujuvana. Meill\u00e4 on laaja varasto hydraulisylintereit\u00e4 sek\u00e4 varaosia ja lis\u00e4varusteita, mik\u00e4 varmistaa nopean toimituksen kiireellisiin tarpeisiisi. Kun valitset FMP:n, voit luottaa nopeaan ja luotettavaan palveluun joka kerta.<\/p>\n<p>[\/et_pb_text][\/et_pb_column][\/et_pb_row][\/et_pb_section][et_pb_section fb_built=&#8221;1&#8243; theme_builder_area=&#8221;post_content&#8221; _builder_version=&#8221;4.27.4&#8243; _module_preset=&#8221;default&#8221; alt=&#8221;Forklift-Hydraulic-Cylinders&#8221; title_text=&#8221;Forklift-Hydraulic-Cylinders-1&#8243; background_image=&#8221;https:\/\/fmp-components.com\/wp-content\/uploads\/2025\/03\/Forklift-Hydraulic-Cylinders-1.webp&#8221; hover_enabled=&#8221;0&#8243; sticky_enabled=&#8221;0&#8243; min_height=&#8221;320px&#8221;][et_pb_row _builder_version=&#8221;4.27.4&#8243; _module_preset=&#8221;default&#8221; theme_builder_area=&#8221;post_content&#8221; background_color=&#8221;rgba(0,0,0,0.28)&#8221; hover_enabled=&#8221;0&#8243; sticky_enabled=&#8221;0&#8243;][et_pb_column _builder_version=&#8221;4.27.4&#8243; _module_preset=&#8221;default&#8221; type=&#8221;4_4&#8243; theme_builder_area=&#8221;post_content&#8221;][et_pb_text _builder_version=&#8221;4.27.4&#8243; _module_preset=&#8221;default&#8221; theme_builder_area=&#8221;post_content&#8221; text_font_size=&#8221;16px&#8221; text_line_height=&#8221;2em&#8221; text_text_color=&#8221;#FFFFFF&#8221; hover_enabled=&#8221;0&#8243; sticky_enabled=&#8221;0&#8243; header_3_font=&#8221;Frank Ruhl Libre||||||||&#8221; header_3_text_color=&#8221;#FFFFFF&#8221; custom_margin=&#8221;0px|||30px|false|false&#8221; header_3_font_size=&#8221;30px&#8221;]<\/p>\n<h3 style=\"text-align: center;\">Miksi valita FMP?<\/h3>\n<p style=\"text-align: left;\"><strong>Valmistettu Italiassa:<\/strong>\u00a0 Huippuluokan ammattitaitoa italialaisesta tehtaastamme.<br \/>Monipuoliset vaihtoehdot: Laaja valikoima sylintereit\u00e4 jokaiseen k\u00e4ytt\u00f6tarkoitukseen.<br \/><strong>Asiantuntijan neuvot:\u00a0<\/strong> Ammattitaitoista tukea osaavalta tiimilt\u00e4mme.<br \/><strong>Nopea palvelu:<\/strong>\u00a0 Suuri varasto ja nopea toimitus seisokkiaikojen minimoimiseksi.<br \/><strong>Mukautettu istuvuus:<\/strong>\u00a0 R\u00e4\u00e4t\u00e4l\u00f6idyt ratkaisut laitteillesi ja toimialallesi.<br \/>Jos etsit italialaisella asiantuntemuksella varustettuja tehokkaita trukkien hydraulisylintereit\u00e4, olet oikea valinta. Ota yhteytt\u00e4 jo t\u00e4n\u00e4\u00e4n ja tutustu valikoimaamme sek\u00e4 siihen, miten voimme tukea yrityst\u00e4si laadukkailla tuotteilla ja poikkeuksellisella palvelulla!<\/p>\n<p>[\/et_pb_text][\/et_pb_column][\/et_pb_row][\/et_pb_section]<\/p>","protected":false},"excerpt":{"rendered":"<p>Forklift Hydraulic CylindersAt FMP Company, we specialize in producing a wide variety of Forklift Hydraulic Cylinders, critical components that deliver the power and precision required to lift and lower heavy loads efficiently. Our extensive range features diverse types and specifications to suit different forklift models and industry needs. We also offer customization services to meet [&hellip;]<\/p>","protected":false},"author":2,"featured_media":0,"parent":0,"menu_order":0,"comment_status":"closed","ping_status":"closed","template":"","meta":{"_et_pb_use_builder":"on","_et_pb_old_content":"","_et_gb_content_width":"","footnotes":""},"class_list":["post-286","page","type-page","status-publish","hentry"],"_links":{"self":[{"href":"https:\/\/fmp-components.com\/fi\/wp-json\/wp\/v2\/pages\/286","targetHints":{"allow":["GET"]}}],"collection":[{"href":"https:\/\/fmp-components.com\/fi\/wp-json\/wp\/v2\/pages"}],"about":[{"href":"https:\/\/fmp-components.com\/fi\/wp-json\/wp\/v2\/types\/page"}],"author":[{"embeddable":true,"href":"https:\/\/fmp-components.com\/fi\/wp-json\/wp\/v2\/users\/2"}],"replies":[{"embeddable":true,"href":"https:\/\/fmp-components.com\/fi\/wp-json\/wp\/v2\/comments?post=286"}],"version-history":[{"count":10,"href":"https:\/\/fmp-components.com\/fi\/wp-json\/wp\/v2\/pages\/286\/revisions"}],"predecessor-version":[{"id":7508,"href":"https:\/\/fmp-components.com\/fi\/wp-json\/wp\/v2\/pages\/286\/revisions\/7508"}],"wp:attachment":[{"href":"https:\/\/fmp-components.com\/fi\/wp-json\/wp\/v2\/media?parent=286"}],"curies":[{"name":"wp","href":"https:\/\/api.w.org\/{rel}","templated":true}]}}