{"id":1265,"date":"2024-12-22T07:23:49","date_gmt":"2024-12-22T07:23:49","guid":{"rendered":"https:\/\/fmp-components.com\/?page_id=8"},"modified":"2025-03-10T06:50:43","modified_gmt":"2025-03-10T06:50:43","slug":"coupling-2","status":"publish","type":"page","link":"https:\/\/fmp-components.com\/fi\/coupling-2\/","title":{"rendered":"Kytkin"},"content":{"rendered":"<p>[et_pb_section fb_built=&#8221;1&#8243; _builder_version=&#8221;4.27.4&#8243; _module_preset=&#8221;default&#8221; use_background_color_gradient=&#8221;on&#8221; background_color_gradient_stops=&#8221;rgba(8,40,9,0.07) 0%|rgba(8,40,9,0.33) 100%&#8221; background_color_gradient_overlays_image=&#8221;on&#8221; background_image=&#8221;https:\/\/fmp-components.com\/wp-content\/uploads\/2024\/12\/coupling-banner.webp&#8221; min_height=&#8221;497px&#8221; global_colors_info=&#8221;{}&#8221;][et_pb_row _builder_version=&#8221;4.27.4&#8243; _module_preset=&#8221;default&#8221; global_colors_info=&#8221;{}&#8221;][et_pb_column type=&#8221;4_4&#8243; _builder_version=&#8221;4.27.4&#8243; _module_preset=&#8221;default&#8221; global_colors_info=&#8221;{}&#8221;][et_pb_text _builder_version=&#8221;4.27.4&#8243; _module_preset=&#8221;default&#8221; header_font=&#8221;Frank Ruhl Libre|500|||||||&#8221; header_text_color=&#8221;#FFFFFF&#8221; header_font_size=&#8221;60px&#8221; header_text_shadow_style=&#8221;preset1&#8243; global_colors_info=&#8221;{}&#8221;]<\/p>\n<h1 style=\"text-align: center;\">Kytkin<\/h1>\n<p>[\/et_pb_text][\/et_pb_column][\/et_pb_row][et_pb_row _builder_version=&#8221;4.27.4&#8243; _module_preset=&#8221;default&#8221; global_colors_info=&#8221;{}&#8221;][et_pb_column type=&#8221;4_4&#8243; _builder_version=&#8221;4.27.4&#8243; _module_preset=&#8221;default&#8221; global_colors_info=&#8221;{}&#8221;][et_pb_text _builder_version=&#8221;4.27.4&#8243; _module_preset=&#8221;default&#8221; text_text_color=&#8221;#FFFFFF&#8221; text_font_size=&#8221;16px&#8221; text_line_height=&#8221;1.8em&#8221; text_text_shadow_style=&#8221;preset1&#8243; global_colors_info=&#8221;{}&#8221;]<\/p>\n<p>Kytkin on mekaaninen laite, jota k\u00e4ytet\u00e4\u00e4n kahden akselin yhdist\u00e4miseen voiman siirt\u00e4miseksi samalla, kun se sallii jonkin verran linjausvirheit\u00e4 ja liikett\u00e4. Kytkimet ovat v\u00e4ltt\u00e4m\u00e4tt\u00f6mi\u00e4 useissa sovelluksissa, kuten moottoreissa, pumpuissa ja teollisuuskoneissa, koska ne auttavat v\u00e4hent\u00e4m\u00e4\u00e4n t\u00e4rin\u00e4\u00e4, kompensoimaan linjausvirheit\u00e4 ja lis\u00e4\u00e4m\u00e4\u00e4n j\u00e4rjestelm\u00e4n joustavuutta.<\/p>\n<p style=\"text-align: left;\">FMP:ll\u00e4 tarjoamme laajan valikoiman kytkimi\u00e4 erilaisiin teollisiin sovelluksiin. Otamme vastaan \u200b\u200bmy\u00f6s r\u00e4\u00e4t\u00e4l\u00f6ityj\u00e4 tilauksia tarjotaksemme r\u00e4\u00e4t\u00e4l\u00f6ityj\u00e4 ratkaisuja, jotka vastaavat erityistarpeitasi. Tarvitsetpa sitten vakiokytkimi\u00e4 tai erikoismalleja, FMP on omistautunut toimittamaan korkealaatuisia tuotteita, jotka parantavat koneesi suorituskyky\u00e4.<\/p>\n<p>[\/et_pb_text][\/et_pb_column][\/et_pb_row][\/et_pb_section][et_pb_section fb_built=&#8221;1&#8243; _builder_version=&#8221;4.27.4&#8243; _module_preset=&#8221;default&#8221; global_colors_info=&#8221;{}&#8221;][et_pb_row _builder_version=&#8221;4.27.4&#8243; _module_preset=&#8221;default&#8221; global_colors_info=&#8221;{}&#8221;][et_pb_column type=&#8221;4_4&#8243; _builder_version=&#8221;4.27.4&#8243; _module_preset=&#8221;default&#8221; global_colors_info=&#8221;{}&#8221;][et_pb_text _builder_version=&#8221;4.27.4&#8243; _module_preset=&#8221;default&#8221; header_2_font=&#8221;Frank Ruhl Libre||||||||&#8221; header_2_font_size=&#8221;40px&#8221; global_colors_info=&#8221;{}&#8221;]<\/p>\n<h2 style=\"text-align: center;\">Kytkintyypit<\/h2>\n<p>[\/et_pb_text][\/et_pb_column][\/et_pb_row][et_pb_row column_structure=&#8221;1_3,1_3,1_3&#8243; _builder_version=&#8221;4.27.4&#8243; _module_preset=&#8221;default&#8221; global_colors_info=&#8221;{}&#8221;][et_pb_column type=&#8221;1_3&#8243; _builder_version=&#8221;4.27.4&#8243; _module_preset=&#8221;default&#8221; global_colors_info=&#8221;{}&#8221;][et_pb_blurb title=&#8221; Fluid Couplings&#8221; image=&#8221;https:\/\/fmp-components.com\/wp-content\/uploads\/2024\/12\/Fluid-Couplings.webp&#8221; alt=&#8221;<br \/>\nFluid Couplings&#8221; _builder_version=&#8221;4.27.4&#8243; _module_preset=&#8221;default&#8221; header_font=&#8221;&#8211;et_global_heading_font|500|||||||&#8221; header_text_align=&#8221;center&#8221; hover_enabled=&#8221;0&#8243; global_colors_info=&#8221;{}&#8221; url=&#8221;https:\/\/fmp-components.com\/en\/product\/fluid-couplings&#8221; sticky_enabled=&#8221;0&#8243;][\/et_pb_blurb][\/et_pb_column][et_pb_column type=&#8221;1_3&#8243; _builder_version=&#8221;4.27.4&#8243; _module_preset=&#8221;default&#8221; global_colors_info=&#8221;{}&#8221;][et_pb_blurb title=&#8221;Flange Flexible Couplings&#8221; image=&#8221;https:\/\/fmp-components.com\/wp-content\/uploads\/2024\/12\/Flange-Flexible-Couplings.webp&#8221; alt=&#8221;Flange Flexible Couplings&#8221; _builder_version=&#8221;4.27.4&#8243; _module_preset=&#8221;default&#8221; header_font=&#8221;&#8211;et_global_heading_font|500|||||||&#8221; header_text_align=&#8221;center&#8221; hover_enabled=&#8221;0&#8243; global_colors_info=&#8221;{}&#8221; url=&#8221;https:\/\/fmp-components.com\/en\/product\/flange-flexible-couplings&#8221; sticky_enabled=&#8221;0&#8243;][\/et_pb_blurb][\/et_pb_column][et_pb_column type=&#8221;1_3&#8243; _builder_version=&#8221;4.27.4&#8243; _module_preset=&#8221;default&#8221; global_colors_info=&#8221;{}&#8221;][et_pb_blurb title=&#8221;Chain Coupling&#8221; image=&#8221;https:\/\/fmp-components.com\/wp-content\/uploads\/2024\/12\/chain-coupling.webp&#8221; alt=&#8221;Chain Coupling&#8221; _builder_version=&#8221;4.27.4&#8243; _module_preset=&#8221;default&#8221; header_font=&#8221;&#8211;et_global_heading_font|500|||||||&#8221; header_text_align=&#8221;center&#8221; hover_enabled=&#8221;0&#8243; global_colors_info=&#8221;{}&#8221; url=&#8221;https:\/\/fmp-components.com\/en\/product\/chain-couplings&#8221; sticky_enabled=&#8221;0&#8243;][\/et_pb_blurb][\/et_pb_column][\/et_pb_row][et_pb_row column_structure=&#8221;1_3,1_3,1_3&#8243; _builder_version=&#8221;4.27.4&#8243; _module_preset=&#8221;default&#8221; global_colors_info=&#8221;{}&#8221;][et_pb_column type=&#8221;1_3&#8243; _builder_version=&#8221;4.27.4&#8243; _module_preset=&#8221;default&#8221; global_colors_info=&#8221;{}&#8221;][et_pb_blurb title=&#8221;HRC Couplings&#8221; image=&#8221;https:\/\/fmp-components.com\/wp-content\/uploads\/2024\/12\/hrc-coupling.webp&#8221; alt=&#8221;HRC Couplings&#8221; _builder_version=&#8221;4.27.4&#8243; _module_preset=&#8221;default&#8221; header_font=&#8221;&#8211;et_global_heading_font|500|||||||&#8221; header_text_align=&#8221;center&#8221; hover_enabled=&#8221;0&#8243; global_colors_info=&#8221;{}&#8221; url=&#8221;https:\/\/fmp-components.com\/en\/product\/hrc-couplings&#8221; sticky_enabled=&#8221;0&#8243;][\/et_pb_blurb][\/et_pb_column][et_pb_column type=&#8221;1_3&#8243; _builder_version=&#8221;4.27.4&#8243; _module_preset=&#8221;default&#8221; global_colors_info=&#8221;{}&#8221;][et_pb_blurb title=&#8221;Fenaflex Spacer Couplings&#8221; image=&#8221;https:\/\/fmp-components.com\/wp-content\/uploads\/2024\/12\/Fenaflex-Spacer-Couplings.webp&#8221; alt=&#8221;Fenaflex Spacer Couplings&#8221; _builder_version=&#8221;4.27.4&#8243; _module_preset=&#8221;default&#8221; header_font=&#8221;&#8211;et_global_heading_font|500|||||||&#8221; header_text_align=&#8221;center&#8221; hover_enabled=&#8221;0&#8243; global_colors_info=&#8221;{}&#8221; url=&#8221;https:\/\/fmp-components.com\/en\/product\/spacer-couplings-replacement-of-fenaflex-spacer-couplings&#8221; sticky_enabled=&#8221;0&#8243;][\/et_pb_blurb][\/et_pb_column][et_pb_column type=&#8221;1_3&#8243; _builder_version=&#8221;4.27.4&#8243; _module_preset=&#8221;default&#8221; global_colors_info=&#8221;{}&#8221;][et_pb_blurb title=&#8221;PIN Couplings&#8221; image=&#8221;https:\/\/fmp-components.com\/wp-content\/uploads\/2024\/12\/PIN-Couplings.webp&#8221; alt=&#8221;PIN Couplings&#8221; _builder_version=&#8221;4.27.4&#8243; _module_preset=&#8221;default&#8221; header_font=&#8221;&#8211;et_global_heading_font|500|||||||&#8221; header_text_align=&#8221;center&#8221; hover_enabled=&#8221;0&#8243; global_colors_info=&#8221;{}&#8221; url=&#8221;https:\/\/fmp-components.com\/en\/product\/pin-couplings&#8221; sticky_enabled=&#8221;0&#8243;][\/et_pb_blurb][\/et_pb_column][\/et_pb_row][et_pb_row column_structure=&#8221;1_3,1_3,1_3&#8243; _builder_version=&#8221;4.27.4&#8243; _module_preset=&#8221;default&#8221; global_colors_info=&#8221;{}&#8221;][et_pb_column type=&#8221;1_3&#8243; _builder_version=&#8221;4.27.4&#8243; _module_preset=&#8221;default&#8221; global_colors_info=&#8221;{}&#8221;][et_pb_blurb title=&#8221;MH Couplings&#8221; image=&#8221;https:\/\/fmp-components.com\/wp-content\/uploads\/2024\/12\/MH-Couplings.webp&#8221; alt=&#8221;MH Couplings&#8221; _builder_version=&#8221;4.27.4&#8243; _module_preset=&#8221;default&#8221; header_font=&#8221;&#8211;et_global_heading_font|500|||||||&#8221; header_text_align=&#8221;center&#8221; hover_enabled=&#8221;0&#8243; global_colors_info=&#8221;{}&#8221; url=&#8221;https:\/\/fmp-components.com\/en\/product\/mh-couplings&#8221; sticky_enabled=&#8221;0&#8243;][\/et_pb_blurb][\/et_pb_column][et_pb_column type=&#8221;1_3&#8243; _builder_version=&#8221;4.27.4&#8243; _module_preset=&#8221;default&#8221; global_colors_info=&#8221;{}&#8221;][et_pb_blurb title=&#8221;Flexible Couplings&#8221; image=&#8221;https:\/\/fmp-components.com\/wp-content\/uploads\/2024\/12\/Flexible-Couplings.webp&#8221; alt=&#8221;Flexible Couplings&#8221; _builder_version=&#8221;4.27.4&#8243; _module_preset=&#8221;default&#8221; header_font=&#8221;&#8211;et_global_heading_font|500|||||||&#8221; header_text_align=&#8221;center&#8221; hover_enabled=&#8221;0&#8243; global_colors_info=&#8221;{}&#8221; url=&#8221;https:\/\/fmp-components.com\/en\/product\/flexible-couplings&#8221; sticky_enabled=&#8221;0&#8243;][\/et_pb_blurb][\/et_pb_column][et_pb_column type=&#8221;1_3&#8243; _builder_version=&#8221;4.27.4&#8243; _module_preset=&#8221;default&#8221; global_colors_info=&#8221;{}&#8221;][et_pb_blurb title=&#8221;Rigid Couplings&#8221; image=&#8221;https:\/\/fmp-components.com\/wp-content\/uploads\/2024\/12\/Rigid-Couplings.webp&#8221; alt=&#8221;Rigid Couplings&#8221; _builder_version=&#8221;4.27.4&#8243; _module_preset=&#8221;default&#8221; header_font=&#8221;&#8211;et_global_heading_font|500|||||||&#8221; header_text_align=&#8221;center&#8221; hover_enabled=&#8221;0&#8243; global_colors_info=&#8221;{}&#8221; url=&#8221;https:\/\/fmp-components.com\/en\/product\/rigid-couplings&#8221; sticky_enabled=&#8221;0&#8243;][\/et_pb_blurb][\/et_pb_column][\/et_pb_row][et_pb_row column_structure=&#8221;1_3,1_3,1_3&#8243; _builder_version=&#8221;4.27.4&#8243; _module_preset=&#8221;default&#8221; global_colors_info=&#8221;{}&#8221;][et_pb_column type=&#8221;1_3&#8243; _builder_version=&#8221;4.27.4&#8243; _module_preset=&#8221;default&#8221; global_colors_info=&#8221;{}&#8221;][et_pb_blurb title=&#8221;NM Couplings&#8221; image=&#8221;https:\/\/fmp-components.com\/wp-content\/uploads\/2024\/12\/NM-Couplings.webp&#8221; alt=&#8221;NM Couplings&#8221; _builder_version=&#8221;4.27.4&#8243; _module_preset=&#8221;default&#8221; header_font=&#8221;&#8211;et_global_heading_font|500|||||||&#8221; header_text_align=&#8221;center&#8221; hover_enabled=&#8221;0&#8243; global_colors_info=&#8221;{}&#8221; url=&#8221;https:\/\/fmp-components.com\/en\/product\/nm-couplings&#8221; sticky_enabled=&#8221;0&#8243;][\/et_pb_blurb][\/et_pb_column][et_pb_column type=&#8221;1_3&#8243; _builder_version=&#8221;4.27.4&#8243; _module_preset=&#8221;default&#8221; global_colors_info=&#8221;{}&#8221;][et_pb_blurb title=&#8221;Spacer Couplings&#8221; image=&#8221;https:\/\/fmp-components.com\/wp-content\/uploads\/2024\/12\/Spacer-Couplings.webp&#8221; alt=&#8221;Spacer Couplings&#8221; _builder_version=&#8221;4.27.4&#8243; _module_preset=&#8221;default&#8221; header_font=&#8221;&#8211;et_global_heading_font|500|||||||&#8221; header_text_align=&#8221;center&#8221; hover_enabled=&#8221;0&#8243; global_colors_info=&#8221;{}&#8221; url=&#8221;https:\/\/fmp-components.com\/en\/product\/spacer-couplings&#8221; sticky_enabled=&#8221;0&#8243;][\/et_pb_blurb][\/et_pb_column][et_pb_column type=&#8221;1_3&#8243; _builder_version=&#8221;4.27.4&#8243; _module_preset=&#8221;default&#8221; global_colors_info=&#8221;{}&#8221;][et_pb_blurb title=&#8221;Jaw Couplings&#8221; image=&#8221;https:\/\/fmp-components.com\/wp-content\/uploads\/2024\/12\/Jaw-Couplings.webp&#8221; alt=&#8221;Jaw Couplings&#8221; _builder_version=&#8221;4.27.4&#8243; _module_preset=&#8221;default&#8221; header_font=&#8221;&#8211;et_global_heading_font|500|||||||&#8221; header_text_align=&#8221;center&#8221; hover_enabled=&#8221;0&#8243; global_colors_info=&#8221;{}&#8221; url=&#8221;https:\/\/fmp-components.com\/en\/product\/jaw-couplings&#8221; sticky_enabled=&#8221;0&#8243;][\/et_pb_blurb][\/et_pb_column][\/et_pb_row][et_pb_row column_structure=&#8221;1_3,1_3,1_3&#8243; _builder_version=&#8221;4.27.4&#8243; _module_preset=&#8221;default&#8221; global_colors_info=&#8221;{}&#8221;][et_pb_column type=&#8221;1_3&#8243; _builder_version=&#8221;4.27.4&#8243; _module_preset=&#8221;default&#8221; global_colors_info=&#8221;{}&#8221;][et_pb_blurb title=&#8221;Gear Couplings&#8221; image=&#8221;https:\/\/fmp-components.com\/wp-content\/uploads\/2024\/12\/gear-coupling.webp&#8221; alt=&#8221;Gear Couplings&#8221; _builder_version=&#8221;4.27.4&#8243; _module_preset=&#8221;default&#8221; header_font=&#8221;&#8211;et_global_heading_font|500|||||||&#8221; header_text_align=&#8221;center&#8221; hover_enabled=&#8221;0&#8243; global_colors_info=&#8221;{}&#8221; url=&#8221;https:\/\/fmp-components.com\/en\/product\/gicl-series-gear-couplings&#8221; sticky_enabled=&#8221;0&#8243;][\/et_pb_blurb][\/et_pb_column][et_pb_column type=&#8221;1_3&#8243; _builder_version=&#8221;4.27.4&#8243; _module_preset=&#8221;default&#8221; global_colors_info=&#8221;{}&#8221;][\/et_pb_column][et_pb_column type=&#8221;1_3&#8243; _builder_version=&#8221;4.27.4&#8243; _module_preset=&#8221;default&#8221; global_colors_info=&#8221;{}&#8221;][\/et_pb_column][\/et_pb_row][\/et_pb_section]<\/p>","protected":false},"excerpt":{"rendered":"<p>CouplingA coupling is a mechanical device used to connect two shafts together for the purpose of transmitting power while allowing for some misalignment and movement. Couplings are essential in various applications, including motors, pumps, and industrial machinery, as they help reduce vibration, compensate for misalignment, and provide flexibility in the system. At FMP, we offer [&hellip;]<\/p>","protected":false},"author":2,"featured_media":0,"parent":0,"menu_order":0,"comment_status":"closed","ping_status":"closed","template":"","meta":{"_et_pb_use_builder":"on","_et_pb_old_content":"","_et_gb_content_width":"","footnotes":""},"class_list":["post-1265","page","type-page","status-publish","hentry"],"_links":{"self":[{"href":"https:\/\/fmp-components.com\/fi\/wp-json\/wp\/v2\/pages\/1265","targetHints":{"allow":["GET"]}}],"collection":[{"href":"https:\/\/fmp-components.com\/fi\/wp-json\/wp\/v2\/pages"}],"about":[{"href":"https:\/\/fmp-components.com\/fi\/wp-json\/wp\/v2\/types\/page"}],"author":[{"embeddable":true,"href":"https:\/\/fmp-components.com\/fi\/wp-json\/wp\/v2\/users\/2"}],"replies":[{"embeddable":true,"href":"https:\/\/fmp-components.com\/fi\/wp-json\/wp\/v2\/comments?post=1265"}],"version-history":[{"count":6,"href":"https:\/\/fmp-components.com\/fi\/wp-json\/wp\/v2\/pages\/1265\/revisions"}],"predecessor-version":[{"id":6439,"href":"https:\/\/fmp-components.com\/fi\/wp-json\/wp\/v2\/pages\/1265\/revisions\/6439"}],"wp:attachment":[{"href":"https:\/\/fmp-components.com\/fi\/wp-json\/wp\/v2\/media?parent=1265"}],"curies":[{"name":"wp","href":"https:\/\/api.w.org\/{rel}","templated":true}]}}