{"id":121,"date":"2024-12-06T00:35:10","date_gmt":"2024-12-06T00:35:10","guid":{"rendered":"https:\/\/fmp-components.com\/?page_id=121"},"modified":"2025-09-16T05:05:25","modified_gmt":"2025-09-16T05:05:25","slug":"about-us","status":"publish","type":"page","link":"https:\/\/fmp-components.com\/fi\/about-us\/","title":{"rendered":"Tietoa meist\u00e4"},"content":{"rendered":"<p>[et_pb_section fb_built=&#8221;1&#8243; admin_label=&#8221;About&#8221; _builder_version=&#8221;4.16&#8243; _module_preset=&#8221;default&#8221; background_color=&#8221;#d8d8d8&#8243; global_colors_info=&#8221;{}&#8221;][et_pb_row _builder_version=&#8221;4.16&#8243; _module_preset=&#8221;default&#8221; global_colors_info=&#8221;{}&#8221;][et_pb_column type=&#8221;4_4&#8243; _builder_version=&#8221;4.16&#8243; _module_preset=&#8221;default&#8221; global_colors_info=&#8221;{}&#8221;][et_pb_text _builder_version=&#8221;4.27.4&#8243; _module_preset=&#8221;b6cb9bd8-0fbd-4699-b58d-51b3d480db23&#8243; text_font=&#8221;Candal|||on|||||&#8221; text_text_color=&#8221;#000000&#8243; text_font_size=&#8221;120px&#8221; text_line_height=&#8221;1em&#8221; header_font=&#8221;Candal||||||||&#8221; header_font_size=&#8221;50px&#8221; header_2_font=&#8221;Candal|||on|||||&#8221; header_2_text_color=&#8221;#000000&#8243; header_2_font_size=&#8221;60px&#8221; header_2_line_height=&#8221;1.1em&#8221; text_font_size_tablet=&#8221;80px&#8221; text_font_size_phone=&#8221;42px&#8221; text_font_size_last_edited=&#8221;on|tablet&#8221; text_line_height_last_edited=&#8221;off|desktop&#8221; header_2_font_size_tablet=&#8221;30px&#8221; header_2_font_size_phone=&#8221;22px&#8221; header_2_font_size_last_edited=&#8221;on|phone&#8221; header_2_line_height_tablet=&#8221;1.2em&#8221; header_2_line_height_phone=&#8221;1.3em&#8221; header_2_line_height_last_edited=&#8221;on|phone&#8221; global_colors_info=&#8221;{}&#8221;]<\/p>\n<h1>Tietoa meist\u00e4<\/h1>\n<p>[\/et_pb_text][\/et_pb_column][\/et_pb_row][et_pb_row column_structure=&#8221;1_3,2_3&#8243; _builder_version=&#8221;4.16&#8243; _module_preset=&#8221;default&#8221; global_colors_info=&#8221;{}&#8221;][et_pb_column type=&#8221;1_3&#8243; _builder_version=&#8221;4.16&#8243; _module_preset=&#8221;default&#8221; global_colors_info=&#8221;{}&#8221;][et_pb_divider color=&#8221;#000000&#8243; divider_weight=&#8221;2px&#8221; _builder_version=&#8221;4.16&#8243; _module_preset=&#8221;dc234230-4e46-48ae-b6af-881b12bbb07c&#8221; max_width=&#8221;320px&#8221; height=&#8221;2px&#8221; custom_margin=&#8221;||20px||false|false&#8221; global_colors_info=&#8221;{}&#8221;][\/et_pb_divider][et_pb_text _builder_version=&#8221;4.27.4&#8243; _module_preset=&#8221;b3f744e8-66fc-4449-a995-41b3c3d24a27&#8243; header_font=&#8221;||||||||&#8221; header_6_font=&#8221;Montserrat|700|||||||&#8221; header_6_text_color=&#8221;#000000&#8243; header_6_font_size=&#8221;18px&#8221; header_6_line_height=&#8221;1.6em&#8221; custom_margin=&#8221;||10px||false|false&#8221; header_6_font_size_tablet=&#8221;16px&#8221; header_6_font_size_phone=&#8221;14px&#8221; header_6_font_size_last_edited=&#8221;on|phone&#8221; module_alignment_tablet=&#8221;left&#8221; module_alignment_last_edited=&#8221;off|desktop&#8221; global_colors_info=&#8221;{}&#8221;]<\/p>\n<h6><span style=\"font-size: 16px;\">FMP COMPONENTS SRL<\/span><\/h6>\n<p>[\/et_pb_text][et_pb_text _builder_version=&#8221;4.27.4&#8243; _module_preset=&#8221;b3f744e8-66fc-4449-a995-41b3c3d24a27&#8243; header_font=&#8221;||||||||&#8221; header_6_font=&#8221;Montserrat|700|||||||&#8221; header_6_text_color=&#8221;#000000&#8243; header_6_font_size=&#8221;18px&#8221; header_6_line_height=&#8221;1.6em&#8221; custom_margin=&#8221;||10px||false|false&#8221; hover_enabled=&#8221;0&#8243; header_6_font_size_tablet=&#8221;16px&#8221; header_6_font_size_phone=&#8221;14px&#8221; header_6_font_size_last_edited=&#8221;on|phone&#8221; module_alignment_tablet=&#8221;left&#8221; module_alignment_last_edited=&#8221;off|desktop&#8221; global_colors_info=&#8221;{}&#8221; sticky_enabled=&#8221;0&#8243;]<\/p>\n<h6><span data-type=\"text\"><span data-type=\"leaf\" color=\"\">Via XXV Aprile, 36 Calderara di Reno (Bologna) <\/span><\/span><span style=\"font-size: 16px;\"><span>\u2013 Italia<\/span><\/span><\/h6>\n<p>[\/et_pb_text][\/et_pb_column][et_pb_column type=&#8221;2_3&#8243; _builder_version=&#8221;4.16&#8243; _module_preset=&#8221;default&#8221; custom_padding=&#8221;|||80px|false|false&#8221; custom_padding_tablet=&#8221;|||0px|false|false&#8221; custom_padding_phone=&#8221;&#8221; custom_padding_last_edited=&#8221;on|tablet&#8221; global_colors_info=&#8221;{}&#8221;][et_pb_text _builder_version=&#8221;4.27.4&#8243; _module_preset=&#8221;f0cf31b9-b2e7-4752-a57c-6e2f73347b36&#8243; text_font=&#8221;Montserrat||||||||&#8221; text_text_color=&#8221;#000000&#8243; text_font_size=&#8221;16px&#8221; text_line_height=&#8221;1.8em&#8221; text_font_size_tablet=&#8221;15px&#8221; text_font_size_phone=&#8221;14px&#8221; text_font_size_last_edited=&#8221;on|desktop&#8221; header_font_size_tablet=&#8221;55px&#8221; header_font_size_last_edited=&#8221;off|desktop&#8221; global_colors_info=&#8221;{}&#8221;]<\/p>\n<p>Meill\u00e4 FMP COMPONENTS SRL:ll\u00e4 on yli 30 vuoden kokemus alalta, korkealaatuisten maatalouskoneiden osien ja mekaanisten tuotteiden suunnittelusta ja valmistuksesta. P\u00e4\u00e4konttorimme sijaitsee Italiassa, ja meist\u00e4 on tullut luotettu kumppani asiakkaillemme ymp\u00e4ri maailmaa. Tarjoamme erinomaisuutta sitoutumisellamme laatuun, innovaatioihin ja asiakaspalveluun.<\/p>\n<div id=\"gtx-trans\" style=\"position: absolute; left: 603px; top: 54.5938px;\">\n<div class=\"gtx-trans-icon\">\u00a0<\/div>\n<\/div>\n<p>[\/et_pb_text][\/et_pb_column][\/et_pb_row][\/et_pb_section][et_pb_section fb_built=&#8221;1&#8243; admin_label=&#8221;Resume&#8221; _builder_version=&#8221;4.16&#8243; _module_preset=&#8221;default&#8221; global_colors_info=&#8221;{}&#8221;][et_pb_row column_structure=&#8221;3_5,2_5&#8243; _builder_version=&#8221;4.16&#8243; _module_preset=&#8221;default&#8221; custom_padding=&#8221;||0px|||&#8221; global_colors_info=&#8221;{}&#8221;][et_pb_column type=&#8221;3_5&#8243; _builder_version=&#8221;4.16&#8243; _module_preset=&#8221;default&#8221; global_colors_info=&#8221;{}&#8221;][et_pb_text _builder_version=&#8221;4.27.4&#8243; _module_preset=&#8221;b6cb9bd8-0fbd-4699-b58d-51b3d480db23&#8243; text_font=&#8221;Candal|||on|||||&#8221; text_text_color=&#8221;#000000&#8243; text_font_size=&#8221;120px&#8221; text_line_height=&#8221;1em&#8221; header_2_font=&#8221;Candal|||on|||||&#8221; header_2_text_color=&#8221;#000000&#8243; header_2_font_size=&#8221;60px&#8221; header_2_line_height=&#8221;1.1em&#8221; header_3_font=&#8221;Candal|||on|||||&#8221; header_3_font_size=&#8221;20px&#8221; text_font_size_tablet=&#8221;80px&#8221; text_font_size_phone=&#8221;42px&#8221; text_font_size_last_edited=&#8221;on|tablet&#8221; text_line_height_last_edited=&#8221;off|desktop&#8221; header_2_font_size_tablet=&#8221;30px&#8221; header_2_font_size_phone=&#8221;22px&#8221; header_2_font_size_last_edited=&#8221;on|phone&#8221; header_2_line_height_tablet=&#8221;1.2em&#8221; header_2_line_height_phone=&#8221;1.3em&#8221; header_2_line_height_last_edited=&#8221;on|phone&#8221; global_colors_info=&#8221;{}&#8221;]<\/p>\n<h3>Asiantuntemuksemme ja sitoutumisemme<\/h3>\n<p>[\/et_pb_text][\/et_pb_column][et_pb_column type=&#8221;2_5&#8243; _builder_version=&#8221;4.16&#8243; _module_preset=&#8221;default&#8221; global_colors_info=&#8221;{}&#8221;][\/et_pb_column][\/et_pb_row][et_pb_row _builder_version=&#8221;4.16&#8243; _module_preset=&#8221;default&#8221; global_colors_info=&#8221;{}&#8221;][et_pb_column type=&#8221;4_4&#8243; _builder_version=&#8221;4.16&#8243; _module_preset=&#8221;default&#8221; global_colors_info=&#8221;{}&#8221;][et_pb_text _builder_version=&#8221;4.27.4&#8243; _module_preset=&#8221;f0cf31b9-b2e7-4752-a57c-6e2f73347b36&#8243; text_font=&#8221;Montserrat||||||||&#8221; text_text_color=&#8221;#000000&#8243; text_font_size=&#8221;16px&#8221; text_line_height=&#8221;1.8em&#8221; custom_margin=&#8221;||0px||false|false&#8221; text_font_size_tablet=&#8221;15px&#8221; text_font_size_phone=&#8221;14px&#8221; text_font_size_last_edited=&#8221;on|desktop&#8221; header_font_size_tablet=&#8221;55px&#8221; header_font_size_last_edited=&#8221;off|desktop&#8221; global_colors_info=&#8221;{}&#8221;]<\/p>\n<ul>\n<li>Taitava tiimimme hy\u00f6dynt\u00e4\u00e4 huippuluokan CAD- ja CAM-teknologiaa toimittaakseen tarkkoja ratkaisuja jokaiseen projektiin. Olemme ylpeit\u00e4 tiiviist\u00e4 yhteisty\u00f6st\u00e4 asiakkaidemme kanssa ja heid\u00e4n teknisten tiimiens\u00e4 kanssa suunnitelmien tarkistamisesta, toteutettavuustutkimusten tekemisest\u00e4 ja tuotteiden hienos\u00e4\u00e4t\u00e4misest\u00e4 tarkkojen eritelmien mukaisesti. Tarvitsetpa sitten r\u00e4\u00e4t\u00e4l\u00f6ity\u00e4 komponenttia tai t\u00e4ydellist\u00e4 mekaanista kokoonpanoa, varmistamme, ett\u00e4 jokainen tuote t\u00e4ytt\u00e4\u00e4 korkeimmat suorituskyvyn, kest\u00e4vyyden ja luotettavuuden standardit.<\/li>\n<\/ul>\n<p>[\/et_pb_text][et_pb_text _builder_version=&#8221;4.16&#8243; _module_preset=&#8221;f0cf31b9-b2e7-4752-a57c-6e2f73347b36&#8243; text_font=&#8221;Montserrat||||||||&#8221; text_text_color=&#8221;#000000&#8243; text_font_size=&#8221;16px&#8221; text_line_height=&#8221;1.8em&#8221; custom_margin=&#8221;||0px||false|false&#8221; text_font_size_tablet=&#8221;15px&#8221; text_font_size_phone=&#8221;14px&#8221; text_font_size_last_edited=&#8221;on|desktop&#8221; header_font_size_tablet=&#8221;55px&#8221; header_font_size_last_edited=&#8221;off|desktop&#8221; global_colors_info=&#8221;{}&#8221;]<\/p>\n<ul>\n<li>Ymm\u00e4rr\u00e4mme projektisi kiireellisyyden ja pyrimme aina tarjoamaan tehokkaimman ja nopeimman ratkaisun. \u00c4l\u00e4 ep\u00e4r\u00f6i \u2013 ota meihin yhteytt\u00e4 jo t\u00e4n\u00e4\u00e4n saadaksesi tarjouksen. Lupaamme toimittaa tarvitsemasi, silloin kun sit\u00e4 tarvitset!<\/li>\n<\/ul>\n<p>[\/et_pb_text][et_pb_text _builder_version=&#8221;4.27.4&#8243; _module_preset=&#8221;f0cf31b9-b2e7-4752-a57c-6e2f73347b36&#8243; text_font=&#8221;Montserrat||||||||&#8221; text_text_color=&#8221;#000000&#8243; text_font_size=&#8221;16px&#8221; text_line_height=&#8221;1.8em&#8221; text_font_size_tablet=&#8221;15px&#8221; text_font_size_phone=&#8221;14px&#8221; text_font_size_last_edited=&#8221;on|desktop&#8221; header_font_size_tablet=&#8221;55px&#8221; header_font_size_last_edited=&#8221;off|desktop&#8221; global_colors_info=&#8221;{}&#8221;]<\/p>\n<ul>\n<li>Tuotevalikoimamme<br \/>FMP COMPONENTSilla olemme erikoistuneet laajaan valikoimaan korkean suorituskyvyn mekaanisia tuotteita, mukaan lukien:<\/li>\n<\/ul>\n<p>Erilaiset hydraulisylinterit, maatalouskoneiden vetoakselit, maatalouskoneiden lis\u00e4varusteet, maatalouskoneiden vaihteistot, erilaiset kytkimet, hammaspy\u00f6r\u00e4t, planeettavaihteistot, kasteluj\u00e4rjestelmien vaihteistot, autonpesukoneiden vaihteistot ja muut vaihteistot, moottorit, erilaiset maatalouskoneiden ketjut, ruostumattomasta ter\u00e4ksest\u00e4 valmistetut ketjut, tempervalurautaiset ketjut, ketjupy\u00f6r\u00e4t, hihnapy\u00f6r\u00e4t, hammastanko, katkaistut ketjut jne. Joustavuutemme on yksi suurimmista vahvuuksistamme. Valmistamme mittatilausty\u00f6n\u00e4 komponentteja eri kokoisina vastaamaan tarkkoja vaatimuksiasi. Olipa tarpeesi sitten pientuotantoa tai laajamittaista valmistusta, pystymme helposti k\u00e4sittelem\u00e4\u00e4n mink\u00e4 tahansa kokoisia projekteja. Edistyneiden kykyjemme avulla varmistamme, ett\u00e4 jokainen osa t\u00e4ytt\u00e4\u00e4 tarkat vaatimuksesi, toimitetaan kilpailukykyiseen hintaan ja vertaansa vailla olevalla laadulla.<\/p>\n<p>\u00c4l\u00e4 odota! Pyyd\u00e4 r\u00e4\u00e4t\u00e4l\u00f6ity tarjous jo t\u00e4n\u00e4\u00e4n ja katso, kuinka voimme auttaa sinua projektisi toteuttamisessa. Nopea toimitus ja ly\u00f6m\u00e4tt\u00f6m\u00e4t hinnat odottavat sinua!<\/p>\n<p>[\/et_pb_text][\/et_pb_column][\/et_pb_row][et_pb_row _builder_version=&#8221;4.16&#8243; _module_preset=&#8221;default&#8221; locked=&#8221;off&#8221; global_colors_info=&#8221;{}&#8221;][et_pb_column type=&#8221;4_4&#8243; _builder_version=&#8221;4.16&#8243; _module_preset=&#8221;default&#8221; global_colors_info=&#8221;{}&#8221;][et_pb_divider color=&#8221;#000000&#8243; divider_weight=&#8221;4px&#8221; _builder_version=&#8221;4.16&#8243; _module_preset=&#8221;2a3f7bff-0d13-4b28-a9ba-f5f90b7f6e77&#8243; height=&#8221;4px&#8221; global_colors_info=&#8221;{}&#8221;][\/et_pb_divider][\/et_pb_column][\/et_pb_row][et_pb_row _builder_version=&#8221;4.16&#8243; _module_preset=&#8221;default&#8221; locked=&#8221;off&#8221; global_colors_info=&#8221;{}&#8221;][et_pb_column type=&#8221;4_4&#8243; _builder_version=&#8221;4.16&#8243; _module_preset=&#8221;default&#8221; global_colors_info=&#8221;{}&#8221;][et_pb_text _builder_version=&#8221;4.27.4&#8243; _module_preset=&#8221;b6cb9bd8-0fbd-4699-b58d-51b3d480db23&#8243; text_font=&#8221;Candal|||on|||||&#8221; text_text_color=&#8221;#000000&#8243; text_font_size=&#8221;120px&#8221; text_line_height=&#8221;1em&#8221; header_2_font=&#8221;Candal|||on|||||&#8221; header_2_text_color=&#8221;#000000&#8243; header_2_font_size=&#8221;60px&#8221; header_2_line_height=&#8221;1.1em&#8221; header_3_font=&#8221;Candal|||on|||||&#8221; header_3_font_size=&#8221;20px&#8221; text_font_size_tablet=&#8221;80px&#8221; text_font_size_phone=&#8221;42px&#8221; text_font_size_last_edited=&#8221;on|tablet&#8221; text_line_height_last_edited=&#8221;off|desktop&#8221; header_2_font_size_tablet=&#8221;30px&#8221; header_2_font_size_phone=&#8221;22px&#8221; header_2_font_size_last_edited=&#8221;on|phone&#8221; header_2_line_height_tablet=&#8221;1.2em&#8221; header_2_line_height_phone=&#8221;1.3em&#8221; header_2_line_height_last_edited=&#8221;on|phone&#8221; global_colors_info=&#8221;{}&#8221;]<\/p>\n<h3>Asiantuntemuksemme ja sitoutumisemme<\/h3>\n<p>[\/et_pb_text][et_pb_text _builder_version=&#8221;4.27.4&#8243; _module_preset=&#8221;f0cf31b9-b2e7-4752-a57c-6e2f73347b36&#8243; text_font=&#8221;Montserrat||||||||&#8221; text_text_color=&#8221;#000000&#8243; text_font_size=&#8221;16px&#8221; text_line_height=&#8221;1.8em&#8221; custom_margin=&#8221;||0px||false|false&#8221; text_font_size_tablet=&#8221;15px&#8221; text_font_size_phone=&#8221;14px&#8221; text_font_size_last_edited=&#8221;on|desktop&#8221; header_font_size_tablet=&#8221;55px&#8221; header_font_size_last_edited=&#8221;off|desktop&#8221; global_colors_info=&#8221;{}&#8221;]<\/p>\n<ul>\n<li>Tinkim\u00e4t\u00f6n laadunvarmistus<br \/>Laatu on kaiken FMP COMPONENTSin toiminnan ytimess\u00e4. Suoritamme 100%-tuotetarkastuksia varmistaaksemme, ett\u00e4 jokainen tehtaaltamme l\u00e4htev\u00e4 tuote t\u00e4ytt\u00e4\u00e4 tiukat laatustandardit. Alkuper\u00e4isest\u00e4 suunnitteluvaiheesta lopputuotteeseen asti varmistamme, ett\u00e4 jokainen komponentti toimii parhaalla mahdollisella tavalla ja lis\u00e4\u00e4 pysyv\u00e4\u00e4 arvoa toimintaasi. Huolellinen laadunvalvontaprosessimme tarkoittaa, ett\u00e4 voit aina luottaa meihin luotettavien ja kest\u00e4vien tuotteiden toimittamisessa.<\/li>\n<\/ul>\n<p>[\/et_pb_text][et_pb_text _builder_version=&#8221;4.27.4&#8243; _module_preset=&#8221;f0cf31b9-b2e7-4752-a57c-6e2f73347b36&#8243; text_font=&#8221;Montserrat||||||||&#8221; text_text_color=&#8221;#000000&#8243; text_font_size=&#8221;16px&#8221; text_line_height=&#8221;1.8em&#8221; custom_margin=&#8221;||0px||false|false&#8221; text_font_size_tablet=&#8221;15px&#8221; text_font_size_phone=&#8221;14px&#8221; text_font_size_last_edited=&#8221;on|desktop&#8221; header_font_size_tablet=&#8221;55px&#8221; header_font_size_last_edited=&#8221;off|desktop&#8221; global_colors_info=&#8221;{}&#8221;]<\/p>\n<ul>\n<li>Nopea, joustava toimitus ja r\u00e4\u00e4t\u00e4l\u00f6idyt ratkaisut<br \/>Hyvin varustetun varastomme ja tehokkaiden logistiikkaj\u00e4rjestelmien ansiosta pystymme hallitsemaan ja t\u00e4ytt\u00e4m\u00e4\u00e4n tarpeitasi ymp\u00e4ri vuoden. Tarvitsetpa sitten prototyypin, n\u00e4ytteen tai suuren volyymin tuotantotilauksen, tarjoamme asiantuntevaa tuoter\u00e4\u00e4t\u00e4l\u00f6inti\u00e4 sek\u00e4 joustavia toimitusaikatauluja, jotka on r\u00e4\u00e4t\u00e4l\u00f6ity ainutlaatuisten tarpeidesi mukaan. Irtotavaratoimituspalvelumme varmistavat, ett\u00e4 saat tuotteesi ajoissa silloin, kun tarvitset niit\u00e4, ja r\u00e4\u00e4t\u00e4l\u00f6idyt ratkaisut on suunniteltu virtaviivaistamaan toimitusketjuasi. Haluatko tehd\u00e4 tilauksen nopeasti? Ota meihin yhteytt\u00e4 jo t\u00e4n\u00e4\u00e4n, niin varmistamme, ett\u00e4 saat tarvitsemasi nopean toimituksen laadusta tinkim\u00e4tt\u00e4.<\/li>\n<\/ul>\n<p>[\/et_pb_text][et_pb_text _builder_version=&#8221;4.16&#8243; _module_preset=&#8221;f0cf31b9-b2e7-4752-a57c-6e2f73347b36&#8243; text_font=&#8221;Montserrat||||||||&#8221; text_text_color=&#8221;#000000&#8243; text_font_size=&#8221;16px&#8221; text_line_height=&#8221;1.8em&#8221; text_font_size_tablet=&#8221;15px&#8221; text_font_size_phone=&#8221;14px&#8221; text_font_size_last_edited=&#8221;on|desktop&#8221; header_font_size_tablet=&#8221;55px&#8221; header_font_size_last_edited=&#8221;off|desktop&#8221; global_colors_info=&#8221;{}&#8221;]<\/p>\n<ul>\n<li>Innovaatio yhteisty\u00f6n kautta<br \/>Innovaatio ohjaa liiketoimintaamme, ja teemme tiivist\u00e4 yhteisty\u00f6t\u00e4 kanssasi kehitt\u00e4\u00e4ksemme projektiisi tehokkaimmat ratkaisut. Alkuper\u00e4isest\u00e4 konseptista tuotantoon asti tiimimme tarjoaa kattavia toteutettavuustutkimuksia varmistaakseen, ett\u00e4 suunnitelmasi toteutuu t\u00e4ysin. Yhteisty\u00f6h\u00f6n perustuva l\u00e4hestymistapamme tarkoittaa, ett\u00e4 olemme tukenasi jokaisessa vaiheessa, autamme sinua vastaamaan kaikkiin haasteisiin ja toimitamme tuotteen, joka t\u00e4ytt\u00e4\u00e4 suorituskyky- ja kest\u00e4vyysvaatimuksesi.<\/li>\n<\/ul>\n<p>[\/et_pb_text][et_pb_text _builder_version=&#8221;4.16&#8243; _module_preset=&#8221;f0cf31b9-b2e7-4752-a57c-6e2f73347b36&#8243; text_font=&#8221;Montserrat||||||||&#8221; text_text_color=&#8221;#000000&#8243; text_font_size=&#8221;16px&#8221; text_line_height=&#8221;1.8em&#8221; text_font_size_tablet=&#8221;15px&#8221; text_font_size_phone=&#8221;14px&#8221; text_font_size_last_edited=&#8221;on|desktop&#8221; header_font_size_tablet=&#8221;55px&#8221; header_font_size_last_edited=&#8221;off|desktop&#8221; global_colors_info=&#8221;{}&#8221;]<\/p>\n<ul>\n<li>\n<p>Tehd\u00e4\u00e4n yhteisty\u00f6t\u00e4<br \/>Etsitk\u00f6 r\u00e4\u00e4t\u00e4l\u00f6ityj\u00e4 osia, korkealaatuisia maatalouskoneiden komponentteja tai asiantuntevaa teknist\u00e4 tukea? FMP COMPONENTS SRL voi t\u00e4ytt\u00e4\u00e4 kaikki konetarpeesi. Vuosikymmenten kokemuksella, joustavalla l\u00e4hestymistavalla ja sitoutumisella laatuun olemme t\u00e4ydellinen kumppani seuraavaan projektiisi.<\/p>\n<p>\u00c4l\u00e4 odota en\u00e4\u00e4 \u2013 ota meihin yhteytt\u00e4 jo t\u00e4n\u00e4\u00e4n! Tiimimme on valmiina tarjoamaan sinulle r\u00e4\u00e4t\u00e4l\u00f6ityj\u00e4 ratkaisuja ja toimittamaan poikkeuksellisia tuotteita, jotka ylitt\u00e4v\u00e4t odotuksesi. Pyyd\u00e4 tarjous jo t\u00e4n\u00e4\u00e4n ja koe FMP:n tarjoama ero!<\/p>\n<\/li>\n<\/ul>\n<p>[\/et_pb_text][\/et_pb_column][\/et_pb_row][et_pb_row _builder_version=&#8221;4.16&#8243; _module_preset=&#8221;default&#8221; locked=&#8221;off&#8221; global_colors_info=&#8221;{}&#8221;][et_pb_column type=&#8221;4_4&#8243; _builder_version=&#8221;4.16&#8243; _module_preset=&#8221;default&#8221; global_colors_info=&#8221;{}&#8221;][et_pb_divider color=&#8221;#000000&#8243; divider_weight=&#8221;4px&#8221; _builder_version=&#8221;4.16&#8243; _module_preset=&#8221;2a3f7bff-0d13-4b28-a9ba-f5f90b7f6e77&#8243; height=&#8221;4px&#8221; global_colors_info=&#8221;{}&#8221;][\/et_pb_divider][\/et_pb_column][\/et_pb_row][\/et_pb_section][et_pb_section fb_built=&#8221;1&#8243; admin_label=&#8221;Resume&#8221; _builder_version=&#8221;4.16&#8243; _module_preset=&#8221;default&#8221; global_colors_info=&#8221;{}&#8221;][et_pb_row _builder_version=&#8221;4.16&#8243; _module_preset=&#8221;default&#8221; global_colors_info=&#8221;{}&#8221;][et_pb_column type=&#8221;4_4&#8243; _builder_version=&#8221;4.16&#8243; _module_preset=&#8221;default&#8221; global_colors_info=&#8221;{}&#8221;][et_pb_text _builder_version=&#8221;4.27.4&#8243; _module_preset=&#8221;b6cb9bd8-0fbd-4699-b58d-51b3d480db23&#8243; header_2_font=&#8221;Candal|||on|||||&#8221; header_2_text_color=&#8221;#000000&#8243; header_2_font_size=&#8221;40px&#8221; header_2_line_height=&#8221;1.1em&#8221; header_2_font_size_tablet=&#8221;30px&#8221; header_2_font_size_phone=&#8221;22px&#8221; header_2_font_size_last_edited=&#8221;on|phone&#8221; header_2_line_height_tablet=&#8221;1.2em&#8221; header_2_line_height_phone=&#8221;1.3em&#8221; header_2_line_height_last_edited=&#8221;on|phone&#8221; locked=&#8221;off&#8221; global_colors_info=&#8221;{}&#8221;]<\/p>\n<h2>Tehdaskuvat<\/h2>\n<p>[\/et_pb_text][\/et_pb_column][\/et_pb_row][et_pb_row column_structure=&#8221;1_2,1_2&#8243; use_custom_gutter=&#8221;on&#8221; gutter_width=&#8221;2&#8243; _builder_version=&#8221;4.27.4&#8243; _module_preset=&#8221;default&#8221; global_colors_info=&#8221;{}&#8221;][et_pb_column type=&#8221;1_2&#8243; _builder_version=&#8221;4.27.4&#8243; _module_preset=&#8221;default&#8221; global_colors_info=&#8221;{}&#8221;][et_pb_image src=&#8221;https:\/\/fmp-components.com\/wp-content\/uploads\/2024\/12\/fmp-factory-1.webp&#8221; alt=&#8221;fmp-factory&#8221; title_text=&#8221;fmp-factory-1&#8243; _builder_version=&#8221;4.27.4&#8243; _module_preset=&#8221;default&#8221; global_colors_info=&#8221;{}&#8221;][\/et_pb_image][\/et_pb_column][et_pb_column type=&#8221;1_2&#8243; _builder_version=&#8221;4.27.4&#8243; _module_preset=&#8221;default&#8221; global_colors_info=&#8221;{}&#8221;][et_pb_image src=&#8221;https:\/\/fmp-components.com\/wp-content\/uploads\/2024\/12\/fmp-factory-2.webp&#8221; alt=&#8221;fmp-factory&#8221; title_text=&#8221;fmp-factory-2&#8243; _builder_version=&#8221;4.27.4&#8243; _module_preset=&#8221;default&#8221; global_colors_info=&#8221;{}&#8221;][\/et_pb_image][\/et_pb_column][\/et_pb_row][et_pb_row _builder_version=&#8221;4.27.4&#8243; _module_preset=&#8221;default&#8221; global_colors_info=&#8221;{}&#8221;][et_pb_column type=&#8221;4_4&#8243; _builder_version=&#8221;4.27.4&#8243; _module_preset=&#8221;default&#8221; global_colors_info=&#8221;{}&#8221;][et_pb_image src=&#8221;https:\/\/fmp-components.com\/wp-content\/uploads\/2024\/12\/cast-iron-pulley-factory.webp&#8221; alt=&#8221;cast-iron-pulley-factory&#8221; title_text=&#8221;cast-iron-pulley-factory&#8221; force_fullwidth=&#8221;on&#8221; _builder_version=&#8221;4.27.4&#8243; _module_preset=&#8221;default&#8221; global_colors_info=&#8221;{}&#8221;][\/et_pb_image][\/et_pb_column][\/et_pb_row][\/et_pb_section][et_pb_section fb_built=&#8221;1&#8243; admin_label=&#8221;Footer&#8221; _builder_version=&#8221;4.16&#8243; _module_preset=&#8221;default&#8221; background_color=&#8221;#000000&#8243; custom_padding=&#8221;||5vw||false|false&#8221; global_colors_info=&#8221;{}&#8221;][et_pb_row _builder_version=&#8221;4.16&#8243; _module_preset=&#8221;default&#8221; global_colors_info=&#8221;{}&#8221;][et_pb_column type=&#8221;4_4&#8243; _builder_version=&#8221;4.16&#8243; _module_preset=&#8221;default&#8221; global_colors_info=&#8221;{}&#8221;][et_pb_text _builder_version=&#8221;4.27.4&#8243; _module_preset=&#8221;default&#8221; text_font=&#8221;Candal||||||||&#8221; text_font_size=&#8221;30px&#8221; text_line_height=&#8221;1.2em&#8221; link_text_color=&#8221;#FFFFFF&#8221; header_4_line_height=&#8221;1.5em&#8221; text_orientation=&#8221;center&#8221; background_layout=&#8221;dark&#8221; custom_margin=&#8221;||20px||false|false&#8221; text_font_size_tablet=&#8221;20px&#8221; text_font_size_phone=&#8221;16px&#8221; text_font_size_last_edited=&#8221;on|tablet&#8221; header_font_size_tablet=&#8221;55px&#8221; header_font_size_last_edited=&#8221;off|desktop&#8221; header_4_font_size_tablet=&#8221;&#8221; header_4_font_size_phone=&#8221;15px&#8221; header_4_font_size_last_edited=&#8221;on|tablet&#8221; global_colors_info=&#8221;{}&#8221;]<\/p>\n<article class=\"4ever-article\" data-clipboard-cangjie=\"[&quot;root&quot;,{&quot;copyFrom&quot;:2066762897},[&quot;p&quot;,{},[&quot;span&quot;,{&quot;data-type&quot;:&quot;text&quot;},[&quot;span&quot;,{&quot;data-type&quot;:&quot;leaf&quot;},&quot;&quot;]],[&quot;a&quot;,{&quot;href&quot;:&quot;mailto:Email:info@fmpcomponents.it&quot;},[&quot;span&quot;,{&quot;data-type&quot;:&quot;text&quot;},[&quot;span&quot;,{&quot;data-type&quot;:&quot;leaf&quot;},&quot;Email:info@fmpcomponents.it&quot;]]],[&quot;span&quot;,{&quot;data-type&quot;:&quot;text&quot;},[&quot;span&quot;,{&quot;data-type&quot;:&quot;leaf&quot;},&quot;&quot;]]]]\">\n<p><span><\/span><a data-link-href-cangjie=\"\" target=\"_blank\" rel=\"noopener noreferrer\"><span>S\u00e4hk\u00f6posti: info@fmpcomponents.it<\/span><\/a><span><\/span><\/p>\n<\/article>\n<p>[\/et_pb_text][et_pb_text _builder_version=&#8221;4.27.4&#8243; _module_preset=&#8221;default&#8221; text_font=&#8221;Candal||||||||&#8221; text_font_size=&#8221;30px&#8221; text_line_height=&#8221;1.2em&#8221; header_4_line_height=&#8221;1.5em&#8221; text_orientation=&#8221;center&#8221; background_layout=&#8221;dark&#8221; text_font_size_tablet=&#8221;20px&#8221; text_font_size_phone=&#8221;16px&#8221; text_font_size_last_edited=&#8221;on|tablet&#8221; header_font_size_tablet=&#8221;55px&#8221; header_font_size_last_edited=&#8221;off|desktop&#8221; header_4_font_size_tablet=&#8221;&#8221; header_4_font_size_phone=&#8221;15px&#8221; header_4_font_size_last_edited=&#8221;on|tablet&#8221; global_colors_info=&#8221;{}&#8221;]<\/p>\n<p>(051) 003-9146<\/p>\n<p>[\/et_pb_text][\/et_pb_column][\/et_pb_row][\/et_pb_section]<\/p>","protected":false},"excerpt":{"rendered":"<p>About usFMP COMPONENTS S.R.LVia XXV Aprile, 36 Calderara di Reno (Bologna) \u2013 ItalyAt FMP COMPONENTS S.R.L., we have over 30 years of experience in the industry, designing and manufacturing high-quality agricultural machinery components and mechanical products. Headquartered in Italy, we have become a trusted partner for our customers around the world, delivering excellence through our [&hellip;]<\/p>","protected":false},"author":2,"featured_media":0,"parent":0,"menu_order":0,"comment_status":"closed","ping_status":"closed","template":"","meta":{"_et_pb_use_builder":"on","_et_pb_old_content":"","_et_gb_content_width":"","footnotes":""},"class_list":["post-121","page","type-page","status-publish","hentry"],"_links":{"self":[{"href":"https:\/\/fmp-components.com\/fi\/wp-json\/wp\/v2\/pages\/121","targetHints":{"allow":["GET"]}}],"collection":[{"href":"https:\/\/fmp-components.com\/fi\/wp-json\/wp\/v2\/pages"}],"about":[{"href":"https:\/\/fmp-components.com\/fi\/wp-json\/wp\/v2\/types\/page"}],"author":[{"embeddable":true,"href":"https:\/\/fmp-components.com\/fi\/wp-json\/wp\/v2\/users\/2"}],"replies":[{"embeddable":true,"href":"https:\/\/fmp-components.com\/fi\/wp-json\/wp\/v2\/comments?post=121"}],"version-history":[{"count":21,"href":"https:\/\/fmp-components.com\/fi\/wp-json\/wp\/v2\/pages\/121\/revisions"}],"predecessor-version":[{"id":8233,"href":"https:\/\/fmp-components.com\/fi\/wp-json\/wp\/v2\/pages\/121\/revisions\/8233"}],"wp:attachment":[{"href":"https:\/\/fmp-components.com\/fi\/wp-json\/wp\/v2\/media?parent=121"}],"curies":[{"name":"wp","href":"https:\/\/api.w.org\/{rel}","templated":true}]}}