{"id":1162,"date":"2024-12-20T01:38:48","date_gmt":"2024-12-20T01:38:48","guid":{"rendered":"https:\/\/fmp-components.com\/?page_id=8"},"modified":"2025-07-22T03:14:30","modified_gmt":"2025-07-22T03:14:30","slug":"planetary-gearbox","status":"publish","type":"page","link":"https:\/\/fmp-components.com\/fi\/planetary-gearbox\/","title":{"rendered":"Planeettavaihteisto"},"content":{"rendered":"<p>[et_pb_section fb_built=&#8221;1&#8243; _builder_version=&#8221;4.27.4&#8243; _module_preset=&#8221;default&#8221; use_background_color_gradient=&#8221;on&#8221; background_color_gradient_stops=&#8221;rgba(4,40,4,0.07) 0%|rgba(8,40,9,0.33) 100%&#8221; background_color_gradient_overlays_image=&#8221;on&#8221; background_image=&#8221;https:\/\/fmp-components.com\/wp-content\/uploads\/2024\/12\/planetary-gearbox-banner.webp&#8221; min_height=&#8221;509px&#8221; global_colors_info=&#8221;{}&#8221;][et_pb_row _builder_version=&#8221;4.27.4&#8243; _module_preset=&#8221;default&#8221; global_colors_info=&#8221;{}&#8221;][et_pb_column type=&#8221;4_4&#8243; _builder_version=&#8221;4.27.4&#8243; _module_preset=&#8221;default&#8221; global_colors_info=&#8221;{}&#8221;][et_pb_text _builder_version=&#8221;4.27.4&#8243; _module_preset=&#8221;default&#8221; header_font=&#8221;Frank Ruhl Libre|500|||||||&#8221; header_text_align=&#8221;center&#8221; header_text_color=&#8221;#FFFFFF&#8221; header_font_size=&#8221;65px&#8221; header_text_shadow_style=&#8221;preset1&#8243; global_colors_info=&#8221;{}&#8221;]<\/p>\n<h1>Planeettavaihteisto<\/h1>\n<p>[\/et_pb_text][\/et_pb_column][\/et_pb_row][et_pb_row _builder_version=&#8221;4.27.4&#8243; _module_preset=&#8221;default&#8221; global_colors_info=&#8221;{}&#8221;][et_pb_column type=&#8221;4_4&#8243; _builder_version=&#8221;4.27.4&#8243; _module_preset=&#8221;default&#8221; global_colors_info=&#8221;{}&#8221;][et_pb_text _builder_version=&#8221;4.27.4&#8243; _module_preset=&#8221;default&#8221; text_text_color=&#8221;#FFFFFF&#8221; text_font_size=&#8221;16px&#8221; text_line_height=&#8221;1.8em&#8221; text_text_shadow_style=&#8221;preset1&#8243; global_colors_info=&#8221;{}&#8221;]<\/p>\n<p>Planeettavaihteisto koostuu keskell\u00e4 olevasta aurinkopy\u00f6r\u00e4st\u00e4, useista planeettapy\u00f6r\u00e4st\u00e4 ja uloimmasta keh\u00e4py\u00f6r\u00e4st\u00e4, mik\u00e4 tarjoaa suuren v\u00e4\u00e4nt\u00f6momenttitiheyden ja kompaktin rakenteen. T\u00e4m\u00e4 kokoonpano tekee siit\u00e4 ihanteellisen sovelluksiin, jotka vaativat tarkkaa nopeuden alentamista ja suurempaa v\u00e4\u00e4nt\u00f6momenttia, ja niit\u00e4 k\u00e4ytet\u00e4\u00e4n yleisesti robotiikassa, autoteollisuudessa ja teollisuuskoneissa.<\/p>\n<p>FMP:ll\u00e4 tarjoamme laajan valikoiman planeettavaihteistoja ja otamme vastaan \u200b\u200br\u00e4\u00e4t\u00e4l\u00f6ityj\u00e4 tilauksia, jotka t\u00e4ytt\u00e4v\u00e4t erityisvaatimuksesi. Tarvitsetpa sitten vakio- tai erikoisratkaisuja, FMP on omistautunut toimittamaan korkealaatuisia, tarpeisiisi r\u00e4\u00e4t\u00e4l\u00f6ityj\u00e4 vaihteistoja.<\/p>\n<p>[\/et_pb_text][\/et_pb_column][\/et_pb_row][\/et_pb_section][et_pb_section fb_built=&#8221;1&#8243; _builder_version=&#8221;4.27.4&#8243; _module_preset=&#8221;default&#8221; custom_padding=&#8221;||5px|||&#8221; global_colors_info=&#8221;{}&#8221;][et_pb_row _builder_version=&#8221;4.27.4&#8243; _module_preset=&#8221;default&#8221; global_colors_info=&#8221;{}&#8221;][et_pb_column type=&#8221;4_4&#8243; _builder_version=&#8221;4.27.4&#8243; _module_preset=&#8221;default&#8221; global_colors_info=&#8221;{}&#8221;][et_pb_text _builder_version=&#8221;4.27.4&#8243; _module_preset=&#8221;default&#8221; header_2_font=&#8221;Frank Ruhl Libre||||||||&#8221; header_2_text_align=&#8221;center&#8221; header_2_font_size=&#8221;40px&#8221; global_colors_info=&#8221;{}&#8221;]<\/p>\n<h2>Planeettavaihteisto<\/h2>\n<p>[\/et_pb_text][\/et_pb_column][\/et_pb_row][et_pb_row column_structure=&#8221;1_3,1_3,1_3&#8243; _builder_version=&#8221;4.27.4&#8243; _module_preset=&#8221;default&#8221; global_colors_info=&#8221;{}&#8221;][et_pb_column type=&#8221;1_3&#8243; _builder_version=&#8221;4.27.4&#8243; _module_preset=&#8221;default&#8221; global_colors_info=&#8221;{}&#8221;][et_pb_image src=&#8221;https:\/\/fmp-components.com\/wp-content\/uploads\/2025\/01\/Track-Drive.webp&#8221; alt=&#8221;Track-Drive&#8221; title_text=&#8221;Track-Drive&#8221; _builder_version=&#8221;4.27.4&#8243; _module_preset=&#8221;default&#8221; global_colors_info=&#8221;{}&#8221;][\/et_pb_image][et_pb_toggle title=&#8221;Track Drive&#8221; _builder_version=&#8221;4.27.4&#8243; _module_preset=&#8221;default&#8221; global_colors_info=&#8221;{}&#8221;]<\/p>\n<ul>\n<li><a href=\"https:\/\/fmp-components.com\/fi\/product\/wheel-drive-planetary-gearbox-reducer-for-access-plateform\/\">Planeettavaihteisto k\u00e4ytt\u00f6alustalle<\/a><\/li>\n<li><a href=\"https:\/\/fmp-components.com\/fi\/product\/wheel-drive-planetary-gearbox-reducer-for-rough-terrain-scissor-lift3679\/\">Planeettavaihteisto ep\u00e4tasaiseen maastoon <\/a><a href=\"https:\/\/fmp-components.com\/fi\/product\/wheel-drive-planetary-gearbox-reducer-for-road-reclaimers-and-grades\/\">Sakset<\/a><\/li>\n<li><a href=\"https:\/\/fmp-components.com\/fi\/product\/wheel-drive-planetary-gearbox-reducer-for-road-reclaimers-and-grades\/\">Planeettavaihteisto tienpuhdistimille ja kaltevuuksille<\/a><\/li>\n<li><a href=\"https:\/\/fmp-components.com\/fi\/product\/wheel-drive-planetary-gearbox-reducer-for-land-clearing-stone-crusher\/\">Planeettavaihteisto maanpuhdistuskiven murskaimelle<\/a><\/li>\n<li><a href=\"https:\/\/fmp-components.com\/fi\/product\/wheel-drive-planetary-gearbox-reducer-for-cranes\/\">Nostureiden planeettavaihteisto<\/a><\/li>\n<\/ul>\n<p>[\/et_pb_toggle][\/et_pb_column][et_pb_column type=&#8221;1_3&#8243; _builder_version=&#8221;4.27.4&#8243; _module_preset=&#8221;default&#8221; global_colors_info=&#8221;{}&#8221;][et_pb_image src=&#8221;https:\/\/fmp-components.com\/wp-content\/uploads\/2024\/12\/Winch-Drive.webp&#8221; alt=&#8221;Winch Drive&#8221; title_text=&#8221;Winch Drive&#8221; _builder_version=&#8221;4.27.4&#8243; _module_preset=&#8221;default&#8221; global_colors_info=&#8221;{}&#8221;][\/et_pb_image][et_pb_toggle title=&#8221;Winch Drive&#8221; _builder_version=&#8221;4.27.4&#8243; _module_preset=&#8221;default&#8221; global_colors_info=&#8221;{}&#8221;]<\/p>\n<ul>\n<li>Planeettavaihteisto ankkurivinssille<\/li>\n<li>Planeettavaihteisto Tugger-vinssille<\/li>\n<li>Planeettavaihteisto offshore-rakennusalukselle<\/li>\n<li>Planeettavaihteisto offshore-alustalle<\/li>\n<li>Planeettavaihteisto porauslautoille<\/li>\n<li>Planeettavaihteisto mets\u00e4- ja puunkorjuuvinssiin<\/li>\n<li>Planeettavaihteisto 3D-varastoihin<\/li>\n<li>Planeettavaihteisto kaivosnostolaitteille<\/li>\n<li>Planeettavaihteisto hissiin<\/li>\n<li>Planeettavaihteisto putkenlaskijoille<\/li>\n<li>Planeettavaihteisto kuorma-auton nosturiin<\/li>\n<li>Planeettavaihteisto kauhanostinkuljettimelle<\/li>\n<li>Planeettavaihteisto uunin oven avaamiseen<\/li>\n<li>Planeettavaihteisto palo- ja pelastusvinsseille<\/li>\n<\/ul>\n<p>[\/et_pb_toggle][\/et_pb_column][et_pb_column type=&#8221;1_3&#8243; _builder_version=&#8221;4.27.4&#8243; _module_preset=&#8221;default&#8221; global_colors_info=&#8221;{}&#8221;][et_pb_image src=&#8221;https:\/\/fmp-components.com\/wp-content\/uploads\/2024\/12\/Wheel-Drive.webp&#8221; alt=&#8221;Wheel Drive&#8221; title_text=&#8221;Wheel Drive&#8221; _builder_version=&#8221;4.27.4&#8243; _module_preset=&#8221;default&#8221; global_colors_info=&#8221;{}&#8221;][\/et_pb_image][et_pb_toggle title=&#8221;Wheel Drive&#8221; _builder_version=&#8221;4.27.4&#8243; _module_preset=&#8221;default&#8221; global_colors_info=&#8221;{}&#8221;]<\/p>\n<ul>\n<li>Planeettavaihteisto omenaharvesteriin<\/li>\n<li>Planeettavaihteisto silppuriin<\/li>\n<li>Planeettavaihteisto perunankorjuukoneelle<\/li>\n<li>Planeettavaihteisto viininkorjuukoneelle<\/li>\n<li>Planeettavaihteisto sokerinkorjuukoneelle<\/li>\n<li>Planeettavaihteisto rehunsekoittimelle<\/li>\n<li>Planeettavaihteisto maalle<br \/>Kivien raivausmurskain<\/li>\n<li>Planeettavaihteisto lineaariseen kasteluun<\/li>\n<li>Planeettavaihteisto kylv\u00f6koneelle<\/li>\n<li>Planeettavaihteisto lannoitteelle<\/li>\n<li>Planeettavaihteisto k\u00e4ytt\u00f6alustalle<\/li>\n<li>Planeettavaihteisto ep\u00e4tasaiseen maastoon tarkoitetulle saksilavanostimelle<\/li>\n<li>Planeettavaihteisto tienpuhdistimille ja kaltevuuksille<\/li>\n<li>Planeettavaihteisto puskutraktorille<\/li>\n<li>Nostureiden planeettavaihteisto<\/li>\n<li>Planeettavaihteisto betonimyllyautoille<\/li>\n<li>Planeettavaihteisto tieh\u00f6ylille<\/li>\n<li>Planeettavaihteisto teloille<\/li>\n<li>Planeettavaihteisto kuormaajille<\/li>\n<li>Planeettavaihteisto kaivinkoneille<\/li>\n<li>Planeettavaihteisto maanalaisiin porausjumboihin<\/li>\n<li>Planeettavaihteisto maanalaisiin lastauslaitteisiin\/LHD-kuormaajiin<\/li>\n<li>Planeettavaihteisto liikkuville murskaus- ja seulontalaitoksille<\/li>\n<li>Planeettavaihteisto kaivoskuorma-autoille<\/li>\n<li>Planeettavaihteisto trukkeihin<\/li>\n<li>Planeettavaihteisto konttinostureille<\/li>\n<li>Planeettavaihteisto automaattiohjattaville ajoneuvoille, AGV:t<\/li>\n<li>Planeettavaihteisto kurottajille<\/li>\n<li>Planeettavaihteisto kumipy\u00f6r\u00e4isille portaalinostureille, RTG<\/li>\n<\/ul>\n<p>[\/et_pb_toggle][\/et_pb_column][\/et_pb_row][et_pb_row column_structure=&#8221;1_3,1_3,1_3&#8243; _builder_version=&#8221;4.27.4&#8243; _module_preset=&#8221;default&#8221; global_colors_info=&#8221;{}&#8221;][et_pb_column type=&#8221;1_3&#8243; _builder_version=&#8221;4.27.4&#8243; _module_preset=&#8221;default&#8221; global_colors_info=&#8221;{}&#8221;][et_pb_image src=&#8221;https:\/\/fmp-components.com\/wp-content\/uploads\/2024\/12\/Slewing-Drive.webp&#8221; alt=&#8221;Slewing Drive&#8221; title_text=&#8221;Slewing Drive&#8221; _builder_version=&#8221;4.27.4&#8243; _module_preset=&#8221;default&#8221; global_colors_info=&#8221;{}&#8221;][\/et_pb_image][et_pb_toggle title=&#8221;Slewing Drive&#8221; _builder_version=&#8221;4.27.4&#8243; _module_preset=&#8221;default&#8221; global_colors_info=&#8221;{}&#8221;]<\/p>\n<ul>\n<li>Tuuliturbiinin planeettavaihteisto<\/li>\n<li>Planeettavaihteisto aurinkoseurantaj\u00e4rjestelm\u00e4lle<\/li>\n<li>Planeettavaihteisto kuorma-autoon asennettavalle betonipumpulle<\/li>\n<li>Planeettavaihteisto ilma-aluksiin<\/li>\n<li>Planeettavaihteisto offshore-porauslautoille<\/li>\n<li>Planeettavaihteisto tutka-antennille<\/li>\n<li>Planeettavaihteisto TBM-leikkurip\u00e4\u00e4h\u00e4n<\/li>\n<li>Planeettavaihteisto kaivinkoneille<\/li>\n<li>Planeettvaihteisto torninosturille<\/li>\n<li>Planeettavaihteisto satamakonttinosturille<\/li>\n<li>Planeettavaihteisto telaketjunosturille<\/li>\n<li>Planeettavaihteisto kuorma-auton nosturiin<\/li>\n<li>Planeettavaihteisto maastoajoon tarkoitettuun nosturiin<\/li>\n<\/ul>\n<p>[\/et_pb_toggle][\/et_pb_column][et_pb_column type=&#8221;1_3&#8243; _builder_version=&#8221;4.27.4&#8243; _module_preset=&#8221;default&#8221; global_colors_info=&#8221;{}&#8221;][et_pb_image src=&#8221;https:\/\/fmp-components.com\/wp-content\/uploads\/2024\/12\/Swing-Gearbox.webp&#8221; alt=&#8221;Swing Gearbox&#8221; title_text=&#8221;Swing Gearbox&#8221; _builder_version=&#8221;4.27.4&#8243; _module_preset=&#8221;default&#8221; global_colors_info=&#8221;{}&#8221;][\/et_pb_image][et_pb_toggle title=&#8221;Swing Gearbox&#8221; _builder_version=&#8221;4.27.4&#8243; _module_preset=&#8221;default&#8221; global_colors_info=&#8221;{}&#8221;]<\/p>\n<ul>\n<li>Planeettavaihteisto <span>Kobelco SK350-8<\/span><\/li>\n<li>Planeettavaihteisto kaivinkoneelle Yuchai YC60-7<\/li>\n<li>Planeettavaihteisto tienpuhdistimille ja kaltevuuksille<\/li>\n<li>Planeettavaihteisto kaivinkoneelle Hitachi ZX70<\/li>\n<li>Planeettavaihteisto kaivinkoneelle CASE CX130<\/li>\n<li>Planeettavaihteisto kaivinkoneelle <span>DX380<\/span><\/li>\n<li>Planeettavaihteisto kaivinkoneelle Caterpillar E307B<\/li>\n<li>Planeettavaihteisto kaivinkoneelle Caterpillar E336D<\/li>\n<li>Planeettavaihteisto kaivinkoneelle <span>EC360<\/span><\/li>\n<li>Planeettavaihteisto kaivinkoneelle Volvo EC460<\/li>\n<li>Planeettavaihteisto kaivinkoneelle <span>EC700<\/span><\/li>\n<li>Planeettavaihteisto kaivinkoneelle Volvo EC360<\/li>\n<li>Planeettavaihteisto kaivinkoneelle Volvo EC460<\/li>\n<li>Planeettavaihteisto kaivinkoneelle <span>EC700<\/span><\/li>\n<li>Planeettavaihteisto kaivinkoneelle Komatsu PC40<\/li>\n<li>Planeettavaihteisto kaivinkoneelle Komatsu PC56-7<\/li>\n<li>Planeettavaihteisto kaivinkoneelle Komatsu PC300-7<\/li>\n<li>Planeettavaihteisto kaivinkoneelle Komatsu PC400-7<\/li>\n<li>Planeettavaihteisto kaivinkoneelle Kobelco SK60-6<\/li>\n<li>Planeettavaihteisto kaivinkoneelle Kobelco SK135<\/li>\n<li>Planeettavaihteisto kaivinkoneelle Kobelco SK200-8<\/li>\n<li>Planeettavaihteisto kaivinkoneelle Daewoo DH300-7<\/li>\n<\/ul>\n<p>[\/et_pb_toggle][\/et_pb_column][et_pb_column type=&#8221;1_3&#8243; _builder_version=&#8221;4.27.4&#8243; _module_preset=&#8221;default&#8221; global_colors_info=&#8221;{}&#8221;][et_pb_image src=&#8221;https:\/\/fmp-components.com\/wp-content\/uploads\/2024\/12\/In-line-Planetary-Gearbox.webp&#8221; alt=&#8221;In-line Planetary Gearbox&#8221; title_text=&#8221;In-line Planetary Gearbox&#8221; _builder_version=&#8221;4.27.4&#8243; _module_preset=&#8221;default&#8221; global_colors_info=&#8221;{}&#8221;][\/et_pb_image][et_pb_toggle title=&#8221;In-line Planetary Gearbox&#8221; _builder_version=&#8221;4.27.4&#8243; _module_preset=&#8221;default&#8221; global_colors_info=&#8221;{}&#8221;]<\/p>\n<ul>\n<li>S-sarjan teollisuusplaneettavaihteisto<\/li>\n<li>E-sarjan planeettavaihteisto<\/li>\n<li>311-sarjan planeettavaihteisto<\/li>\n<li>310-sarjan planeettavaihteisto<\/li>\n<li>306-sarjan planeettavaihteisto<\/li>\n<li>301-sarjan planeettavaihteisto<\/li>\n<\/ul>\n<p>[\/et_pb_toggle][\/et_pb_column][\/et_pb_row][et_pb_row column_structure=&#8221;1_3,1_3,1_3&#8243; _builder_version=&#8221;4.27.4&#8243; _module_preset=&#8221;default&#8221; global_colors_info=&#8221;{}&#8221;][et_pb_column type=&#8221;1_3&#8243; _builder_version=&#8221;4.27.4&#8243; _module_preset=&#8221;default&#8221; global_colors_info=&#8221;{}&#8221;][et_pb_image src=&#8221;https:\/\/fmp-components.com\/wp-content\/uploads\/2024\/12\/Right-Angle-Planetary-Gearbox.webp&#8221; alt=&#8221;Right Angle Planetary Gearbox&#8221; title_text=&#8221;Right Angle Planetary Gearbox&#8221; _builder_version=&#8221;4.27.4&#8243; _module_preset=&#8221;default&#8221; global_colors_info=&#8221;{}&#8221;][\/et_pb_image][et_pb_toggle title=&#8221;Right Angle Planetary Gearbox&#8221; _builder_version=&#8221;4.27.4&#8243; _module_preset=&#8221;default&#8221; global_colors_info=&#8221;{}&#8221;]<\/p>\n<ul>\n<li>307-sarjan planeettavaihteisto<\/li>\n<\/ul>\n<p>[\/et_pb_toggle][\/et_pb_column][et_pb_column type=&#8221;1_3&#8243; _builder_version=&#8221;4.27.4&#8243; _module_preset=&#8221;default&#8221; global_colors_info=&#8221;{}&#8221;][et_pb_image src=&#8221;https:\/\/fmp-components.com\/wp-content\/uploads\/2024\/12\/Planetary-Gearbox-for-Feed-Mixer.webp&#8221; alt=&#8221;Planetary Gearbox for Feed Mixer&#8221; title_text=&#8221;Planetary Gearbox for Feed Mixer&#8221; _builder_version=&#8221;4.27.4&#8243; _module_preset=&#8221;default&#8221; global_colors_info=&#8221;{}&#8221;][\/et_pb_image][et_pb_toggle title=&#8221;Planetary Gearbox for Feed Mixer&#8221; _builder_version=&#8221;4.27.4&#8243; _module_preset=&#8221;default&#8221; global_colors_info=&#8221;{}&#8221;]<\/p>\n<ul>\n<li>Rehunsekoittimen vaihteisto C3A, 1:1, 1,8:1<\/li>\n<li>Rehunsekoituskoneiden vaihdelaatikko C-3A<\/li>\n<li>Rehunsekoituskoneiden vaihteisto D-732A 1:1\/1.41:1<\/li>\n<li>Vaakasuoran rehunsekoittimen vaihdelaatikko D732A 1:1\/1.93:1<\/li>\n<li>Vaakasuoran rehun sekoittimen vaihdelaatikko C3A 1:1<\/li>\n<li>Rehunsekoittimen vaihdelaatikko TMR-sekoittimelle EP RMG<\/li>\n<li>Rehun sekoittimen vaihdelaatikko PGA-1202VM<\/li>\n<li>Rehunsekoituskoneiden vaihdelaatikko PGA-1602<\/li>\n<li>Pystysuuntainen rehunsekoittimen vaihdelaatikko PGA1202VM<\/li>\n<li>Pystysuuntainen sy\u00f6tt\u00f6sekoittimen vaihdelaatikko PGA1602VM<\/li>\n<\/ul>\n<p>[\/et_pb_toggle][\/et_pb_column][et_pb_column type=&#8221;1_3&#8243; _builder_version=&#8221;4.27.4&#8243; _module_preset=&#8221;default&#8221; global_colors_info=&#8221;{}&#8221;][et_pb_image src=&#8221;https:\/\/fmp-components.com\/wp-content\/uploads\/2024\/12\/Planetary-Gearbox-for-Wind-Turbine.webp&#8221; alt=&#8221;Planetary Gearbox for Wind Turbine&#8221; title_text=&#8221;Planetary Gearbox for Wind Turbine&#8221; _builder_version=&#8221;4.27.4&#8243; _module_preset=&#8221;default&#8221; global_colors_info=&#8221;{}&#8221;][\/et_pb_image][et_pb_toggle title=&#8221;Planetary Gearbox for Wind Turbine&#8221; _builder_version=&#8221;4.27.4&#8243; _module_preset=&#8221;default&#8221; global_colors_info=&#8221;{}&#8221;]<\/p>\n<ul>\n<li>SD-sarjan liikkuva k\u00e4\u00e4nt\u00f6py\u00f6r\u00e4n planeettavaihteisto<\/li>\n<li>NB-sarja <span>Suuntavetovaihteisto<\/span><\/li>\n<\/ul>\n<p>[\/et_pb_toggle][\/et_pb_column][\/et_pb_row][\/et_pb_section][et_pb_section fb_built=&#8221;1&#8243; _builder_version=&#8221;4.27.4&#8243; _module_preset=&#8221;default&#8221; global_colors_info=&#8221;{}&#8221;][et_pb_row _builder_version=&#8221;4.27.4&#8243; _module_preset=&#8221;default&#8221; global_colors_info=&#8221;{}&#8221;][et_pb_column type=&#8221;4_4&#8243; _builder_version=&#8221;4.27.4&#8243; _module_preset=&#8221;default&#8221; global_colors_info=&#8221;{}&#8221;][et_pb_text _builder_version=&#8221;4.27.4&#8243; _module_preset=&#8221;default&#8221; header_2_font=&#8221;Frank Ruhl Libre||||||||&#8221; header_2_font_size=&#8221;38px&#8221; global_colors_info=&#8221;{}&#8221;]<\/p>\n<h2 style=\"text-align: center;\">Aiheeseen liittyv\u00e4t tuotteet \u2013 Planeettapy\u00f6r\u00e4t<\/h2>\n<p>[\/et_pb_text][\/et_pb_column][\/et_pb_row][et_pb_row column_structure=&#8221;1_4,1_4,1_4,1_4&#8243; _builder_version=&#8221;4.27.4&#8243; _module_preset=&#8221;default&#8221; global_colors_info=&#8221;{}&#8221;][et_pb_column type=&#8221;1_4&#8243; _builder_version=&#8221;4.27.4&#8243; _module_preset=&#8221;default&#8221; global_colors_info=&#8221;{}&#8221;][et_pb_blurb title=&#8221;Planetary Gear Sets&#8221; url=&#8221;https:\/\/fmp-components.com\/en\/product\/planetary-gear-sets&#8221; url_new_window=&#8221;on&#8221; image=&#8221;https:\/\/fmp-components.com\/wp-content\/uploads\/2025\/01\/Planetary-Gear-set.webp&#8221; alt=&#8221;Planetary Gear set&#8221; _builder_version=&#8221;4.27.4&#8243; _module_preset=&#8221;default&#8221; header_level=&#8221;h3&#8243; header_font=&#8221;Frank Ruhl Libre||||||||&#8221; header_text_align=&#8221;center&#8221; header_font_size=&#8221;20px&#8221; global_colors_info=&#8221;{}&#8221;][\/et_pb_blurb][\/et_pb_column][et_pb_column type=&#8221;1_4&#8243; _builder_version=&#8221;4.27.4&#8243; _module_preset=&#8221;default&#8221; global_colors_info=&#8221;{}&#8221;][et_pb_blurb title=&#8221;Internal Planetary Gear&#8221; url=&#8221;https:\/\/fmp-components.com\/en\/product\/internal-planetary-gear&#8221; url_new_window=&#8221;on&#8221; image=&#8221;https:\/\/fmp-components.com\/wp-content\/uploads\/2025\/01\/Internal-Planetary-Gear.webp&#8221; alt=&#8221;Internal Planetary Gear&#8221; _builder_version=&#8221;4.27.4&#8243; _module_preset=&#8221;default&#8221; header_level=&#8221;h3&#8243; header_font=&#8221;Frank Ruhl Libre||||||||&#8221; header_text_align=&#8221;center&#8221; header_font_size=&#8221;20px&#8221; global_colors_info=&#8221;{}&#8221;][\/et_pb_blurb][\/et_pb_column][et_pb_column type=&#8221;1_4&#8243; _builder_version=&#8221;4.27.4&#8243; _module_preset=&#8221;default&#8221; global_colors_info=&#8221;{}&#8221;][et_pb_blurb title=&#8221;Internal Planetary Gear Kit&#8221; url=&#8221;https:\/\/fmp-components.com\/en\/product\/internal-planetary-gear-kit&#8221; url_new_window=&#8221;on&#8221; image=&#8221;https:\/\/fmp-components.com\/wp-content\/uploads\/2025\/01\/Internal-Planetary-Gear-Kit.webp&#8221; alt=&#8221;Internal Planetary Gear Kit&#8221; _builder_version=&#8221;4.27.4&#8243; _module_preset=&#8221;default&#8221; header_level=&#8221;h3&#8243; header_font=&#8221;Frank Ruhl Libre||||||||&#8221; header_text_align=&#8221;center&#8221; header_font_size=&#8221;20px&#8221; global_colors_info=&#8221;{}&#8221;][\/et_pb_blurb][\/et_pb_column][et_pb_column type=&#8221;1_4&#8243; _builder_version=&#8221;4.27.4&#8243; _module_preset=&#8221;default&#8221; global_colors_info=&#8221;{}&#8221;][et_pb_blurb title=&#8221;Planetary Ring Gear&#8221; url=&#8221;https:\/\/fmp-components.com\/en\/product\/planetary-ring-gear&#8221; url_new_window=&#8221;on&#8221; image=&#8221;https:\/\/fmp-components.com\/wp-content\/uploads\/2025\/01\/Planetary-Ring-Gear.webp&#8221; alt=&#8221;Planetary Ring Gear&#8221; _builder_version=&#8221;4.27.4&#8243; _module_preset=&#8221;default&#8221; header_level=&#8221;h3&#8243; header_font=&#8221;Frank Ruhl Libre||||||||&#8221; header_text_align=&#8221;center&#8221; header_font_size=&#8221;20px&#8221; global_colors_info=&#8221;{}&#8221;][\/et_pb_blurb][\/et_pb_column][\/et_pb_row][\/et_pb_section]<\/p>","protected":false},"excerpt":{"rendered":"<p>Planetary GearboxA planetary gearbox consists of a central sun gear, multiple planet gears, and an outer ring gear, offering high torque density and compact design. This configuration makes it ideal for applications needing precise speed reduction and increased torque, commonly used in robotics, automotive, and industrial machinery. At FMP, we provide a wide range of [&hellip;]<\/p>","protected":false},"author":2,"featured_media":0,"parent":0,"menu_order":0,"comment_status":"closed","ping_status":"closed","template":"","meta":{"_et_pb_use_builder":"on","_et_pb_old_content":"","_et_gb_content_width":"","footnotes":""},"class_list":["post-1162","page","type-page","status-publish","hentry"],"_links":{"self":[{"href":"https:\/\/fmp-components.com\/fi\/wp-json\/wp\/v2\/pages\/1162","targetHints":{"allow":["GET"]}}],"collection":[{"href":"https:\/\/fmp-components.com\/fi\/wp-json\/wp\/v2\/pages"}],"about":[{"href":"https:\/\/fmp-components.com\/fi\/wp-json\/wp\/v2\/types\/page"}],"author":[{"embeddable":true,"href":"https:\/\/fmp-components.com\/fi\/wp-json\/wp\/v2\/users\/2"}],"replies":[{"embeddable":true,"href":"https:\/\/fmp-components.com\/fi\/wp-json\/wp\/v2\/comments?post=1162"}],"version-history":[{"count":30,"href":"https:\/\/fmp-components.com\/fi\/wp-json\/wp\/v2\/pages\/1162\/revisions"}],"predecessor-version":[{"id":8188,"href":"https:\/\/fmp-components.com\/fi\/wp-json\/wp\/v2\/pages\/1162\/revisions\/8188"}],"wp:attachment":[{"href":"https:\/\/fmp-components.com\/fi\/wp-json\/wp\/v2\/media?parent=1162"}],"curies":[{"name":"wp","href":"https:\/\/api.w.org\/{rel}","templated":true}]}}