{"id":965,"date":"2024-12-19T03:40:23","date_gmt":"2024-12-19T03:40:23","guid":{"rendered":"https:\/\/fmp-components.com\/product\/10045-double-acting-stainless-steel-hydraulic-cylinder-for-agriculture\/"},"modified":"2024-12-19T08:41:57","modified_gmt":"2024-12-19T08:41:57","slug":"10045-double-acting-stainless-steel-hydraulic-cylinder-for-agriculture","status":"publish","type":"product","link":"https:\/\/fmp-components.com\/es\/product\/10045-double-acting-stainless-steel-hydraulic-cylinder-for-agriculture\/","title":{"rendered":"Cilindro hidr\u00e1ulico de doble efecto de acero inoxidable 10045 para agricultura"},"content":{"rendered":"<p>Presentamos el cilindro hidr\u00e1ulico de acero inoxidable de doble efecto 10045 de FMP, dise\u00f1ado espec\u00edficamente para aplicaciones agr\u00edcolas. Fabricado en acero inoxidable de primera calidad, este cilindro, altamente robusto y duradero, garantiza un rendimiento duradero incluso en las condiciones m\u00e1s exigentes.<\/p>\n<p>Las especificaciones clave de este cilindro hidr\u00e1ulico incluyen dimensiones variables, alta capacidad y capacidad de carga \u00f3ptima. Sus ventajas \u00fanicas residen en su eficiencia energ\u00e9tica, alto rendimiento y caracter\u00edsticas de seguridad, lo que lo convierte en la opci\u00f3n m\u00e1s rentable para sistemas hidr\u00e1ulicos agr\u00edcolas.<\/p>\n<p>Este cilindro hidr\u00e1ulico, que funciona seg\u00fan el principio de potencia de fluido, transforma la presi\u00f3n en movimiento lineal, creando fuerza mec\u00e1nica a trav\u00e9s del poder del fluido hidr\u00e1ulico presurizado.<\/p>\n<p>El cilindro hidr\u00e1ulico de acero inoxidable de doble efecto 10045 se usa ampliamente en diversas maquinarias agr\u00edcolas, incluidos tractores, cosechadoras y equipos de arado.<\/p>\n<p>Desde entonces, FMP se ha especializado en la fabricaci\u00f3n de cilindros hidr\u00e1ulicos. Nuestros productos est\u00e1n dise\u00f1ados para una f\u00e1cil instalaci\u00f3n, mantenimiento y r\u00e1pida reparaci\u00f3n, garantizando as\u00ed el m\u00e1ximo tiempo de funcionamiento de su maquinaria agr\u00edcola.<\/p>\n<p><img loading=\"lazy\" decoding=\"async\" class=\"alignnone size-full wp-image-976\" src=\"https:\/\/fmp-components.com\/wp-content\/uploads\/2024\/12\/Welded-Tee-Type-Cylinder2.webp\" alt=\"Cilindro tipo T soldado\" width=\"764\" height=\"675\" title=\"\" srcset=\"https:\/\/fmp-components.com\/wp-content\/uploads\/2024\/12\/Welded-Tee-Type-Cylinder2.webp 764w, https:\/\/fmp-components.com\/wp-content\/uploads\/2024\/12\/Welded-Tee-Type-Cylinder2-480x424.webp 480w\" sizes=\"(min-width: 0px) and (max-width: 480px) 480px, (min-width: 481px) 764px, 100vw\" \/><\/p>\n<p>Para elegir el cilindro hidr\u00e1ulico adecuado a sus necesidades, considere factores como el tipo de aceite hidr\u00e1ulico y sellos de aceite necesarios, la necesidad de reemplazo, c\u00f3mo medir el cilindro y c\u00f3mo funciona.<\/p>\n<p>FMP ofrece una amplia gama de cilindros hidr\u00e1ulicos para diversas aplicaciones, incluyendo cilindros para plataformas de trabajo a\u00e9reas, cilindros hidr\u00e1ulicos para veh\u00edculos industriales, cilindros para perforadoras rotativas y cilindros para gr\u00faas automotrices. Nos complace la personalizaci\u00f3n seg\u00fan sus necesidades espec\u00edficas.<\/p>\n<p>En resumen, FMP promete ofrecer productos de alta calidad, precios competitivos y servicios considerados para satisfacer todas sus necesidades de cilindros hidr\u00e1ulicos.<\/p>\n<h2>Ventajas del cilindro tipo T soldado<\/h2>\n<ul>\n<li style=\"list-style-type: none;\">\n<ul>\n<li><strong>Mayor fuerza:<\/strong> Los cilindros soldados tipo T son conocidos por su alta resistencia, lo que los hace ideales para aplicaciones que requieren elevaci\u00f3n de cargas pesadas. El proceso de soldadura empleado en su fabricaci\u00f3n garantiza que no presenten puntos d\u00e9biles y soporten altas presiones y tensiones.<\/li>\n<\/ul>\n<\/li>\n<\/ul>\n<p>Al ejercer presi\u00f3n sobre el cilindro, esta se distribuye uniformemente por toda su superficie, lo que lo hace resistente a la deformaci\u00f3n. Esta caracter\u00edstica garantiza que el cilindro mantenga su forma e integridad estructural incluso en condiciones extremas.<\/p>\n<ul>\n<li style=\"list-style-type: none;\">\n<ul>\n<li><strong>Prevenci\u00f3n de fugas:<\/strong> Los cilindros soldados en T est\u00e1n dise\u00f1ados para evitar fugas. El proceso de soldadura empleado durante su fabricaci\u00f3n garantiza un sellado completo y la ausencia de posibles fugas. Esta caracter\u00edstica los hace ideales para aplicaciones donde las fugas podr\u00edan causar da\u00f1os o lesiones graves.<\/li>\n<\/ul>\n<\/li>\n<\/ul>\n<p>Las uniones soldadas son lisas, sin grietas ni ranuras donde puedan acumularse residuos o suciedad, lo que reduce el riesgo de corrosi\u00f3n y da\u00f1os al cilindro.<\/p>\n<ul>\n<li style=\"list-style-type: none;\">\n<ul>\n<li><strong>Personalizable:<\/strong> Los cilindros soldados tipo T se pueden personalizar para adaptarse a aplicaciones espec\u00edficas. Est\u00e1n disponibles en diferentes tama\u00f1os y formas, y se fabrican para satisfacer los requisitos espec\u00edficos de cada aplicaci\u00f3n.<\/li>\n<\/ul>\n<\/li>\n<\/ul>\n<p>El proceso de personalizaci\u00f3n permite optimizar el rendimiento del cilindro, garantizando su idoneidad para la aplicaci\u00f3n prevista. Esta caracter\u00edstica hace que los cilindros soldados en T sean ideales para diversas aplicaciones industriales, como la construcci\u00f3n, la miner\u00eda y la manipulaci\u00f3n de materiales.<\/p>\n<ul>\n<li style=\"list-style-type: none;\">\n<ul>\n<li><strong>Rentable:<\/strong> Los cilindros soldados en T son m\u00e1s rentables que otros tipos de cilindros. Su proceso de fabricaci\u00f3n es sencillo, lo que los hace m\u00e1s econ\u00f3micos que otros.<\/li>\n<\/ul>\n<\/li>\n<\/ul>\n<p>Adem\u00e1s, la alta resistencia y durabilidad de los cilindros soldados en T reducen la necesidad de reparaciones y reemplazos frecuentes, lo que reduce los costos de mantenimiento. Esta caracter\u00edstica los convierte en una opci\u00f3n popular para muchas industrias, especialmente para aquellas con presupuesto limitado.<\/p>\n<ul>\n<li style=\"list-style-type: none;\">\n<ul>\n<li><strong>Mayor eficiencia:<\/strong> Los cilindros soldados en T son altamente eficientes y eficaces. Su dise\u00f1o garantiza que la fuerza aplicada se transfiera directamente a la carga, lo que reduce la p\u00e9rdida de energ\u00eda y aumenta la eficiencia.<\/li>\n<\/ul>\n<\/li>\n<\/ul>\n<p>Las uniones soldadas son resistentes y r\u00edgidas, lo que minimiza la deflexi\u00f3n y garantiza que el cilindro mantenga su forma e integridad estructural incluso en condiciones extremas. Esta caracter\u00edstica hace que los cilindros soldados tipo T sean ideales para aplicaciones que requieren alta eficiencia y fiabilidad.<\/p>\n<p><img loading=\"lazy\" decoding=\"async\" class=\"alignnone size-full wp-image-975\" src=\"https:\/\/fmp-components.com\/wp-content\/uploads\/2024\/12\/Welded-Tee-Type-Cylinder1.webp\" alt=\"Cilindro tipo T soldado\" width=\"759\" height=\"761\" title=\"\" srcset=\"https:\/\/fmp-components.com\/wp-content\/uploads\/2024\/12\/Welded-Tee-Type-Cylinder1.webp 759w, https:\/\/fmp-components.com\/wp-content\/uploads\/2024\/12\/Welded-Tee-Type-Cylinder1-480x481.webp 480w\" sizes=\"(min-width: 0px) and (max-width: 480px) 480px, (min-width: 481px) 759px, 100vw\" \/><\/p>\n<h2>Aplicaci\u00f3n del cilindro soldado tipo T<\/h2>\n<ul>\n<li>\n<h3>Maquinaria y equipo industrial<\/h3>\n<p>El cilindro soldado en T se utiliza ampliamente en maquinaria y equipos industriales, especialmente en sistemas hidr\u00e1ulicos. El cilindro consta de un pist\u00f3n y un tubo, soldados entre s\u00ed para formar una sola unidad. Este dise\u00f1o ofrece varias ventajas sobre otros tipos de cilindros, como mayor durabilidad, mayor resistencia y mayor precisi\u00f3n.<\/p>\n<p>Una de las aplicaciones m\u00e1s importantes del cilindro soldado en T en maquinaria industrial es su capacidad para proporcionar una fuerza constante y precisa. Esto es esencial en muchos procesos de fabricaci\u00f3n, donde se requiere un control preciso para garantizar la calidad del producto final. El cilindro soldado en T tambi\u00e9n puede utilizarse para regular el flujo de fluidos en sistemas hidr\u00e1ulicos, lo que permite una mayor eficiencia y fiabilidad en diversas aplicaciones industriales.<\/li>\n<li>\n<h3>Equipo agr\u00edcola<\/h3>\n<p>El cilindro soldado en T tambi\u00e9n se utiliza com\u00fanmente en equipos agr\u00edcolas, como tractores y cosechadoras. Estas m\u00e1quinas requieren sistemas hidr\u00e1ulicos potentes y fiables para funcionar eficazmente, y el cilindro soldado en T es la opci\u00f3n ideal para este fin.<\/p>\n<p>La robusta construcci\u00f3n y alta resistencia del cilindro lo hacen altamente resistente al desgaste, incluso en condiciones de operaci\u00f3n adversas. Esto lo convierte en la opci\u00f3n ideal para su uso en equipos agr\u00edcolas, donde la durabilidad es un factor clave. El cilindro soldado en T tambi\u00e9n puede utilizarse para proporcionar el control preciso necesario en numerosos procesos agr\u00edcolas, como la siembra, la cosecha y el riego.<\/li>\n<li>\n<h3>Equipos de construcci\u00f3n<\/h3>\n<p>El cilindro soldado tipo T tambi\u00e9n se utiliza ampliamente en equipos de construcci\u00f3n, como excavadoras, retroexcavadoras y bulldozers. Estas m\u00e1quinas requieren sistemas hidr\u00e1ulicos potentes y fiables para realizar tareas pesadas, como excavar, levantar y empujar cargas pesadas.<\/p>\n<p>La alta resistencia y durabilidad del cilindro soldado en T lo convierten en la opci\u00f3n ideal para equipos de construcci\u00f3n. Su capacidad para proporcionar un control preciso y una fuerza constante es esencial para numerosos procesos de construcci\u00f3n, como excavaci\u00f3n, nivelaci\u00f3n y pavimentaci\u00f3n. El cilindro soldado en T tambi\u00e9n se puede utilizar para regular el flujo de fluidos en sistemas hidr\u00e1ulicos, mejorando la eficiencia y la fiabilidad de los equipos de construcci\u00f3n en diversas aplicaciones.<\/li>\n<\/ul>\n<h3>Acerca de FMP<\/h3>\n<p>FMP, con m\u00e1s de 30 a\u00f1os de experiencia, es un fabricante y proveedor l\u00edder de cilindros hidr\u00e1ulicos. Nuestra planta industrial se encuentra en Italia y nos enorgullecemos de nuestras instalaciones de vanguardia, equipadas con m\u00e1s de 100 m\u00e1quinas de vanguardia.<\/p>\n<p>Nuestra amplia gama de productos incluye:<\/p>\n<ol>\n<li>M\u00e1quina de soldadura autom\u00e1tica con protecci\u00f3n de gas: garantiza procesos de soldadura precisos y eficientes.<\/li>\n<li>M\u00e1quina perforadora de agujeros profundos: permite perforar agujeros profundos y precisos para diversas aplicaciones.<\/li>\n<li>Torno CNC: ofrece mecanizado de alta precisi\u00f3n para componentes hidr\u00e1ulicos complejos.<\/li>\n<li>Rectificadora Cil\u00edndrica: Proporciona acabado fino y precisi\u00f3n dimensional a nuestros cilindros hidr\u00e1ulicos.<\/li>\n<li>M\u00e1quina de limpieza autom\u00e1tica: garantiza la limpieza y elimina cualquier impureza de nuestros productos.<\/li>\n<\/ol>\n<p>En FMP, nos comprometemos a ofrecer cilindros hidr\u00e1ulicos de la m\u00e1s alta calidad a nuestros clientes. Estas son algunas de las principales ventajas de elegir nuestros productos y servicios:<\/p>\n<p>1) Servicio de Dise\u00f1o: Nuestro experimentado equipo de dise\u00f1o se dedica a satisfacer sus necesidades espec\u00edficas. Ya sea que necesite un nuevo producto o busque mejoras, estamos aqu\u00ed para apoyarle durante todo el proceso de dise\u00f1o y desarrollo.<\/p>\n<p>2) Servicio de Producto: Seguimos un proceso de producci\u00f3n integral que incluye la selecci\u00f3n de la materia prima, el corte, el desbaste, las pruebas, la limpieza, el ensamblaje, el empaquetado y el transporte. Esto garantiza que nuestros productos cumplan con los m\u00e1s altos est\u00e1ndares de calidad y confiabilidad.<\/p>\n<p>3) Proceso de Muestras: Ofrecemos desarrollo de muestras seg\u00fan sus requisitos y las modificamos continuamente para satisfacer sus necesidades. Esto le permite probar y evaluar nuestros productos antes de tomar una decisi\u00f3n final.<\/p>\n<p>4) I+D: A medida que evolucionan las tendencias del mercado, nos mantenemos a la vanguardia estudiando las nuevas necesidades del mercado y desarrollando modelos innovadores de cilindros hidr\u00e1ulicos. Esto nos permite ofrecer a nuestros clientes los productos m\u00e1s modernos y eficientes.<\/p>\n<p>5) Personalizaci\u00f3n: Nos especializamos en la fabricaci\u00f3n y venta de diversos tipos de cilindros hidr\u00e1ulicos y aceptamos pedidos personalizados. Nuestro equipo se dedica a satisfacer sus especificaciones espec\u00edficas y a ofrecer soluciones a medida.<\/p>\n<p><img decoding=\"async\" src=\"https:\/\/fmp-components.com\/wp-content\/uploads\/2024\/12\/fmp-factory-4.webp\" alt=\"F\u00e1brica de FMP\" width=\"800\" title=\"\"><\/p>\n<p>Autor: CX<\/p>","protected":false},"excerpt":{"rendered":"<p>Presentamos el cilindro hidr\u00e1ulico de acero inoxidable de doble efecto 10045 de FMP, dise\u00f1ado espec\u00edficamente para aplicaciones agr\u00edcolas. Fabricado en acero inoxidable de primera calidad, este cilindro, altamente robusto y duradero, garantiza un rendimiento duradero incluso en las condiciones m\u00e1s exigentes. Sus caracter\u00edsticas principales incluyen dimensiones variables, alta capacidad y capacidad de carga \u00f3ptima. Sus ventajas \u00fanicas residen en su energ\u00eda [\u2026]<\/p>","protected":false},"featured_media":1132,"comment_status":"closed","ping_status":"closed","template":"","meta":{"_et_pb_use_builder":"","_et_pb_old_content":"","_et_gb_content_width":""},"product_brand":[],"product_cat":[31],"product_tag":[34,35],"class_list":{"0":"post-965","1":"product","2":"type-product","3":"status-publish","4":"has-post-thumbnail","6":"product_cat-welded-tee-type-cylinder","7":"product_tag-hydraulic-cylinder","8":"product_tag-welded-tee-type-cylinder","10":"first","11":"instock","12":"product-type-simple"},"_links":{"self":[{"href":"https:\/\/fmp-components.com\/es\/wp-json\/wp\/v2\/product\/965","targetHints":{"allow":["GET"]}}],"collection":[{"href":"https:\/\/fmp-components.com\/es\/wp-json\/wp\/v2\/product"}],"about":[{"href":"https:\/\/fmp-components.com\/es\/wp-json\/wp\/v2\/types\/product"}],"replies":[{"embeddable":true,"href":"https:\/\/fmp-components.com\/es\/wp-json\/wp\/v2\/comments?post=965"}],"wp:featuredmedia":[{"embeddable":true,"href":"https:\/\/fmp-components.com\/es\/wp-json\/wp\/v2\/media\/1132"}],"wp:attachment":[{"href":"https:\/\/fmp-components.com\/es\/wp-json\/wp\/v2\/media?parent=965"}],"wp:term":[{"taxonomy":"product_brand","embeddable":true,"href":"https:\/\/fmp-components.com\/es\/wp-json\/wp\/v2\/product_brand?post=965"},{"taxonomy":"product_cat","embeddable":true,"href":"https:\/\/fmp-components.com\/es\/wp-json\/wp\/v2\/product_cat?post=965"},{"taxonomy":"product_tag","embeddable":true,"href":"https:\/\/fmp-components.com\/es\/wp-json\/wp\/v2\/product_tag?post=965"}],"curies":[{"name":"gracias","href":"https:\/\/api.w.org\/{rel}","templated":true}]}}