{"id":963,"date":"2024-12-19T03:40:23","date_gmt":"2024-12-19T03:40:23","guid":{"rendered":"https:\/\/fmp-components.com\/product\/10043-premium-quality-double-effect-hydraulic-ram-cylinder-for-sale\/"},"modified":"2024-12-19T08:41:19","modified_gmt":"2024-12-19T08:41:19","slug":"10043-premium-quality-double-effect-hydraulic-ram-cylinder-for-sale","status":"publish","type":"product","link":"https:\/\/fmp-components.com\/es\/product\/10043-premium-quality-double-effect-hydraulic-ram-cylinder-for-sale\/","title":{"rendered":"Cilindro hidr\u00e1ulico de doble efecto de primera calidad 10043 en venta"},"content":{"rendered":"<p>El cilindro hidr\u00e1ulico de doble efecto 10043 de alta calidad est\u00e1 dise\u00f1ado para aplicaciones de alto rendimiento, ofreciendo potencia y versatilidad excepcionales en diversos entornos industriales y agr\u00edcolas. Este cilindro hidr\u00e1ulico es ideal para tareas que requieren tanto extensi\u00f3n como retracci\u00f3n, lo que lo hace perfecto para levantar, empujar y tirar de cargas pesadas.<\/p>\n<h4>Caracter\u00edsticas principales:<\/h4>\n<ul>\n<li><strong>Dise\u00f1o de doble efecto<\/strong>:Permite una operaci\u00f3n eficiente tanto en las fases de extensi\u00f3n como de retracci\u00f3n, maximizando la productividad.<\/li>\n<li><strong>Construcci\u00f3n robusta<\/strong>:Construido con materiales de alta calidad para soportar un uso intensivo y resistir el desgaste.<\/li>\n<li><strong>Alta capacidad de carga<\/strong>Dise\u00f1ado para manejar cargas importantes con facilidad, lo que garantiza un rendimiento confiable en entornos exigentes.<\/li>\n<li><strong>Resistencia a la corrosi\u00f3n<\/strong>:Tratado con recubrimientos protectores para evitar la oxidaci\u00f3n y la corrosi\u00f3n, aumentando la longevidad.<\/li>\n<li><strong>F\u00e1cil instalaci\u00f3n<\/strong>:Dise\u00f1ado para un montaje sencillo y una integraci\u00f3n en sistemas existentes.<\/li>\n<\/ul>\n<p><img decoding=\"async\" class=\"aligncenter\" src=\"https:\/\/hzpt.com\/wp-content\/uploads\/2023\/12\/random-4.webp\" alt=\"\" title=\"\"><\/p>\n<h4>Beneficios:<\/h4>\n<ul>\n<li><strong>Mayor eficiencia<\/strong>:Aumenta la eficiencia operativa al proporcionar un movimiento potente y suave en ambas direcciones.<\/li>\n<li><strong>Soluci\u00f3n rentable<\/strong>:El dise\u00f1o duradero minimiza las necesidades de mantenimiento, lo que garantiza una confiabilidad a largo plazo.<\/li>\n<li><strong>Aplicaciones vers\u00e1tiles<\/strong>:Adecuado para diversos usos en construcci\u00f3n, agricultura y fabricaci\u00f3n.<\/li>\n<\/ul>\n<p>El cilindro hidr\u00e1ulico de doble efecto 10043 de primera calidad es una opci\u00f3n confiable para quienes buscan soluciones hidr\u00e1ulicas de alto rendimiento y durabilidad. Perfecto para optimizar las capacidades de su equipo, es un complemento esencial para cualquier kit de herramientas.<\/p>\n<p>&nbsp;<\/p>\n<p>&nbsp;<\/p>\n<p><img decoding=\"async\" class=\"aligncenter\" src=\"https:\/\/hzpt.com\/wp-content\/uploads\/2023\/12\/random-3.webp\" alt=\"\" title=\"\"><\/p>\n<h2>Ventajas del cilindro tipo T soldado<\/h2>\n<ul>\n<li style=\"list-style-type: none;\">\n<ul>\n<li><strong>Mayor fuerza:<\/strong> Los cilindros soldados tipo T son conocidos por su alta resistencia, lo que los hace ideales para aplicaciones que requieren elevaci\u00f3n de cargas pesadas. El proceso de soldadura empleado en su fabricaci\u00f3n garantiza que no presenten puntos d\u00e9biles y soporten altas presiones y tensiones.<\/li>\n<\/ul>\n<\/li>\n<\/ul>\n<p>Al ejercer presi\u00f3n sobre el cilindro, esta se distribuye uniformemente por toda su superficie, lo que lo hace resistente a la deformaci\u00f3n. Esta caracter\u00edstica garantiza que el cilindro mantenga su forma e integridad estructural incluso en condiciones extremas.<\/p>\n<ul>\n<li style=\"list-style-type: none;\">\n<ul>\n<li><strong>Prevenci\u00f3n de fugas:<\/strong> Los cilindros soldados en T est\u00e1n dise\u00f1ados para evitar fugas. El proceso de soldadura empleado durante su fabricaci\u00f3n garantiza un sellado completo y la ausencia de posibles fugas. Esta caracter\u00edstica los hace ideales para aplicaciones donde las fugas podr\u00edan causar da\u00f1os o lesiones graves.<\/li>\n<\/ul>\n<\/li>\n<\/ul>\n<p>Las uniones soldadas son lisas, sin grietas ni ranuras donde puedan acumularse residuos o suciedad, lo que reduce el riesgo de corrosi\u00f3n y da\u00f1os al cilindro.<\/p>\n<ul>\n<li style=\"list-style-type: none;\">\n<ul>\n<li><strong>Personalizable:<\/strong> Los cilindros soldados tipo T se pueden personalizar para adaptarse a aplicaciones espec\u00edficas. Est\u00e1n disponibles en diferentes tama\u00f1os y formas, y se fabrican para satisfacer los requisitos espec\u00edficos de cada aplicaci\u00f3n.<\/li>\n<\/ul>\n<\/li>\n<\/ul>\n<p>El proceso de personalizaci\u00f3n permite optimizar el rendimiento del cilindro, garantizando su idoneidad para la aplicaci\u00f3n prevista. Esta caracter\u00edstica hace que los cilindros soldados en T sean ideales para diversas aplicaciones industriales, como la construcci\u00f3n, la miner\u00eda y la manipulaci\u00f3n de materiales.<\/p>\n<ul>\n<li style=\"list-style-type: none;\">\n<ul>\n<li><strong>Rentable:<\/strong> Los cilindros soldados en T son m\u00e1s rentables que otros tipos de cilindros. Su proceso de fabricaci\u00f3n es sencillo, lo que los hace m\u00e1s econ\u00f3micos que otros.<\/li>\n<\/ul>\n<\/li>\n<\/ul>\n<p>Adem\u00e1s, la alta resistencia y durabilidad de los cilindros soldados en T reducen la necesidad de reparaciones y reemplazos frecuentes, lo que reduce los costos de mantenimiento. Esta caracter\u00edstica los convierte en una opci\u00f3n popular para muchas industrias, especialmente para aquellas con presupuesto limitado.<\/p>\n<ul>\n<li style=\"list-style-type: none;\">\n<ul>\n<li><strong>Mayor eficiencia:<\/strong> Los cilindros soldados en T son altamente eficientes y eficaces. Su dise\u00f1o garantiza que la fuerza aplicada se transfiera directamente a la carga, lo que reduce la p\u00e9rdida de energ\u00eda y aumenta la eficiencia.<\/li>\n<\/ul>\n<\/li>\n<\/ul>\n<p>Las uniones soldadas son resistentes y r\u00edgidas, lo que minimiza la deflexi\u00f3n y garantiza que el cilindro mantenga su forma e integridad estructural incluso en condiciones extremas. Esta caracter\u00edstica hace que los cilindros soldados tipo T sean ideales para aplicaciones que requieren alta eficiencia y fiabilidad.<\/p>\n<h2>Aplicaci\u00f3n del cilindro soldado tipo T<\/h2>\n<ul>\n<li>\n<h3>Maquinaria y equipo industrial<\/h3>\n<p>El cilindro soldado en T se utiliza ampliamente en maquinaria y equipos industriales, especialmente en sistemas hidr\u00e1ulicos. El cilindro consta de un pist\u00f3n y un tubo, soldados entre s\u00ed para formar una sola unidad. Este dise\u00f1o ofrece varias ventajas sobre otros tipos de cilindros, como mayor durabilidad, mayor resistencia y mayor precisi\u00f3n.<\/p>\n<p>Una de las aplicaciones m\u00e1s importantes del cilindro soldado en T en maquinaria industrial es su capacidad para proporcionar una fuerza constante y precisa. Esto es esencial en muchos procesos de fabricaci\u00f3n, donde se requiere un control preciso para garantizar la calidad del producto final. El cilindro soldado en T tambi\u00e9n puede utilizarse para regular el flujo de fluidos en sistemas hidr\u00e1ulicos, lo que permite una mayor eficiencia y fiabilidad en diversas aplicaciones industriales.<\/li>\n<li>\n<h3>Equipo agr\u00edcola<\/h3>\n<p>El cilindro soldado en T tambi\u00e9n se utiliza com\u00fanmente en equipos agr\u00edcolas, como tractores y cosechadoras. Estas m\u00e1quinas requieren sistemas hidr\u00e1ulicos potentes y fiables para funcionar eficazmente, y el cilindro soldado en T es la opci\u00f3n ideal para este fin.<\/p>\n<p>La robusta construcci\u00f3n y alta resistencia del cilindro lo hacen altamente resistente al desgaste, incluso en condiciones de operaci\u00f3n adversas. Esto lo convierte en la opci\u00f3n ideal para su uso en equipos agr\u00edcolas, donde la durabilidad es un factor clave. El cilindro soldado en T tambi\u00e9n puede utilizarse para proporcionar el control preciso necesario en numerosos procesos agr\u00edcolas, como la siembra, la cosecha y el riego.<\/li>\n<li>\n<h3>Equipos de construcci\u00f3n<\/h3>\n<p>El cilindro soldado tipo T tambi\u00e9n se utiliza ampliamente en equipos de construcci\u00f3n, como excavadoras, retroexcavadoras y bulldozers. Estas m\u00e1quinas requieren sistemas hidr\u00e1ulicos potentes y fiables para realizar tareas pesadas, como excavar, levantar y empujar cargas pesadas.<\/p>\n<p>La alta resistencia y durabilidad del cilindro soldado en T lo convierten en la opci\u00f3n ideal para equipos de construcci\u00f3n. Su capacidad para proporcionar un control preciso y una fuerza constante es esencial para numerosos procesos de construcci\u00f3n, como excavaci\u00f3n, nivelaci\u00f3n y pavimentaci\u00f3n. El cilindro soldado en T tambi\u00e9n se puede utilizar para regular el flujo de fluidos en sistemas hidr\u00e1ulicos, mejorando la eficiencia y la fiabilidad de los equipos de construcci\u00f3n en diversas aplicaciones.<\/li>\n<\/ul>\n<h3>Acerca de FMP<\/h3>\n<p>FMP, con m\u00e1s de 30 a\u00f1os de experiencia en Italia, es un fabricante y proveedor l\u00edder de cilindros hidr\u00e1ulicos. Nos especializamos en la producci\u00f3n y personalizaci\u00f3n de diversos tipos de cilindros hidr\u00e1ulicos para satisfacer las necesidades espec\u00edficas de nuestros clientes. Con un fuerte enfoque en la calidad y la satisfacci\u00f3n del cliente, nos hemos ganado la reputaci\u00f3n de ofrecer productos confiables y de alto rendimiento.<\/p>\n<p><img decoding=\"async\" src=\"https:\/\/fmp-components.com\/wp-content\/uploads\/2024\/12\/fmp-factory-4.webp\" alt=\"F\u00e1brica de FMP\" width=\"800\" title=\"\"><\/p>\n<p>Aqu\u00ed hay cinco ventajas clave de elegir FMP para sus necesidades de cilindros hidr\u00e1ulicos:<\/p>\n<ol>\n<li>Amplio Equipo: Con m\u00e1s de 100 equipos de \u00faltima generaci\u00f3n, incluyendo m\u00e1quinas de soldar autom\u00e1ticas con protecci\u00f3n de gas, m\u00e1quinas perforadoras de agujeros profundos, tornos CNC, rectificadoras cil\u00edndricas, m\u00e1quinas de limpieza autom\u00e1ticas, m\u00e1quinas de instalaci\u00f3n autom\u00e1ticas, bancos de prueba de rendimiento de cilindros hidr\u00e1ulicos autom\u00e1ticos y l\u00edneas de pintura autom\u00e1ticas, garantizamos procesos de fabricaci\u00f3n eficientes y precisos.<\/li>\n<li>Estricto control de calidad: Cada cilindro hidr\u00e1ulico se somete a un riguroso proceso e inspecci\u00f3n para garantizar una calidad excepcional. Cumplimos con estrictos est\u00e1ndares de calidad para ofrecer productos confiables y duraderos a nuestros clientes.<\/li>\n<li>Servicios de Dise\u00f1o: Nuestro experimentado equipo de dise\u00f1o est\u00e1 capacitado para gestionar el dise\u00f1o y desarrollo de productos. Ya sea que tenga requisitos espec\u00edficos para nuevos productos o busque mejoras en los existentes, estamos aqu\u00ed para ayudarle con soluciones innovadoras.<\/li>\n<li>Servicio integral de productos: desde la selecci\u00f3n de la materia prima hasta el corte, el procesamiento en bruto, las pruebas, la limpieza, el ensamblaje, el embalaje y el transporte, contamos con un proceso optimizado para garantizar una producci\u00f3n y una entrega eficientes.<\/li>\n<li>Investigaci\u00f3n y Desarrollo: Nos mantenemos al d\u00eda con las tendencias del mercado y estudiamos continuamente las necesidades cambiantes de la industria. Esto nos permite desarrollar nuevos modelos y tecnolog\u00edas para satisfacer las demandas del mercado.<\/li>\n<\/ol>\n<p>En FMP, nos enorgullecemos de ofrecer cilindros hidr\u00e1ulicos de alta calidad y brindar un excelente servicio al cliente. Ya sea que necesite productos est\u00e1ndar o soluciones personalizadas, nos comprometemos a satisfacer sus necesidades de cilindros hidr\u00e1ulicos con precisi\u00f3n y confiabilidad.<\/p>\n<p>Autor: CX<\/p>","protected":false},"excerpt":{"rendered":"<p>The 10043 Premium Quality Double Effect Hydraulic Ram Cylinder is designed for high-performance applications, providing exceptional power and versatility in various industrial and agricultural settings. This hydraulic ram cylinder is ideal for tasks that require both extension and retraction, making it perfect for lifting, pushing, and pulling heavy loads. Key Features: Double-Acting Design: Allows for [&hellip;]<\/p>","protected":false},"featured_media":1132,"comment_status":"closed","ping_status":"closed","template":"","meta":{"_et_pb_use_builder":"","_et_pb_old_content":"","_et_gb_content_width":""},"product_brand":[],"product_cat":[31],"product_tag":[34,35],"class_list":{"0":"post-963","1":"product","2":"type-product","3":"status-publish","4":"has-post-thumbnail","6":"product_cat-welded-tee-type-cylinder","7":"product_tag-hydraulic-cylinder","8":"product_tag-welded-tee-type-cylinder","10":"first","11":"instock","12":"product-type-simple"},"_links":{"self":[{"href":"https:\/\/fmp-components.com\/es\/wp-json\/wp\/v2\/product\/963","targetHints":{"allow":["GET"]}}],"collection":[{"href":"https:\/\/fmp-components.com\/es\/wp-json\/wp\/v2\/product"}],"about":[{"href":"https:\/\/fmp-components.com\/es\/wp-json\/wp\/v2\/types\/product"}],"replies":[{"embeddable":true,"href":"https:\/\/fmp-components.com\/es\/wp-json\/wp\/v2\/comments?post=963"}],"wp:featuredmedia":[{"embeddable":true,"href":"https:\/\/fmp-components.com\/es\/wp-json\/wp\/v2\/media\/1132"}],"wp:attachment":[{"href":"https:\/\/fmp-components.com\/es\/wp-json\/wp\/v2\/media?parent=963"}],"wp:term":[{"taxonomy":"product_brand","embeddable":true,"href":"https:\/\/fmp-components.com\/es\/wp-json\/wp\/v2\/product_brand?post=963"},{"taxonomy":"product_cat","embeddable":true,"href":"https:\/\/fmp-components.com\/es\/wp-json\/wp\/v2\/product_cat?post=963"},{"taxonomy":"product_tag","embeddable":true,"href":"https:\/\/fmp-components.com\/es\/wp-json\/wp\/v2\/product_tag?post=963"}],"curies":[{"name":"gracias","href":"https:\/\/api.w.org\/{rel}","templated":true}]}}