{"id":961,"date":"2024-12-19T03:40:23","date_gmt":"2024-12-19T03:40:23","guid":{"rendered":"https:\/\/fmp-components.com\/product\/10041-chinese-factory-custom-hydraulic-cylinder-double-acting\/"},"modified":"2025-03-18T02:31:33","modified_gmt":"2025-03-18T02:31:33","slug":"10041-italian-factory-custom-hydraulic-cylinder-double-acting","status":"publish","type":"product","link":"https:\/\/fmp-components.com\/es\/product\/10041-italian-factory-custom-hydraulic-cylinder-double-acting\/","title":{"rendered":"Cilindro hidr\u00e1ulico de doble efecto personalizado de f\u00e1brica italiana 10041"},"content":{"rendered":"<p>El cilindro hidr\u00e1ulico de doble efecto 10041, personalizado en f\u00e1brica italiana, est\u00e1 dise\u00f1ado para satisfacer diversas necesidades industriales con precisi\u00f3n y fiabilidad. Este cilindro hidr\u00e1ulico de alta calidad est\u00e1 dise\u00f1ado para un rendimiento \u00f3ptimo en diversas aplicaciones, como la construcci\u00f3n, la agricultura y la fabricaci\u00f3n.<\/p>\n<h4>Caracter\u00edsticas principales:<\/h4>\n<ul>\n<li><strong>Mecanismo de doble acci\u00f3n<\/strong>:Permite un funcionamiento hidr\u00e1ulico eficiente tanto en extensi\u00f3n como en retracci\u00f3n, mejorando la productividad en todas las tareas.<\/li>\n<li><strong>Fabricaci\u00f3n a medida<\/strong>:Se ofrece en tama\u00f1os y especificaciones personalizables para adaptarse a los requisitos de aplicaciones espec\u00edficas y demandas operativas.<\/li>\n<li><strong>Dise\u00f1o robusto<\/strong>:Construido con materiales de alta calidad para garantizar la durabilidad y soportar cargas pesadas y entornos hostiles.<\/li>\n<li><strong>Recubrimiento resistente a la corrosi\u00f3n<\/strong>:Tratado con acabados protectores para evitar la oxidaci\u00f3n y prolongar la vida \u00fatil del cilindro.<\/li>\n<li><strong>F\u00e1cil instalaci\u00f3n<\/strong>Dise\u00f1ado para una integraci\u00f3n sencilla en sistemas existentes, facilitando una configuraci\u00f3n y operaci\u00f3n r\u00e1pidas.<\/li>\n<\/ul>\n<p><img decoding=\"async\" class=\"aligncenter\" src=\"https:\/\/hzpt.com\/wp-content\/uploads\/2023\/12\/random-5.webp\" alt=\"\" title=\"\"><\/p>\n<h4>Beneficios:<\/h4>\n<ul>\n<li><strong>Mayor eficiencia<\/strong>:Optimiza el rendimiento para diversas aplicaciones al proporcionar una acci\u00f3n hidr\u00e1ulica potente y suave.<\/li>\n<li><strong>Uso vers\u00e1til<\/strong>:Ideal para una amplia gama de industrias, lo que lo convierte en una opci\u00f3n vers\u00e1til para sistemas hidr\u00e1ulicos.<\/li>\n<li><strong>Rentable<\/strong>:La construcci\u00f3n duradera reduce las necesidades de mantenimiento y mejora el valor general.<\/li>\n<\/ul>\n<p>El cilindro hidr\u00e1ulico de doble efecto 10041, personalizado en f\u00e1brica italiana, es una soluci\u00f3n fiable para quienes buscan un cilindro hidr\u00e1ulico de alto rendimiento adaptado a sus necesidades espec\u00edficas. Gracias a su dise\u00f1o robusto y caracter\u00edsticas personalizables, es ideal para entornos exigentes y diversos requisitos operativos.<img decoding=\"async\" src=\"https:\/\/hzpt.com\/wp-content\/uploads\/2023\/12\/random-2.webp\" alt=\"\" title=\"\"><\/p>\n<dl>\n<dt>Pregunta 4?<\/dt>\n<dd>Respuesta 4<\/dd>\n<dt>Pregunta 5?<\/dt>\n<dd>Respuesta 5<\/dd>\n<\/dl>\n<h2>Ventajas del cilindro tipo T soldado<\/h2>\n<ul>\n<li style=\"list-style-type: none;\">\n<ul>\n<li><strong>Mayor fuerza:<\/strong> Los cilindros soldados tipo T son conocidos por su alta resistencia, lo que los hace ideales para aplicaciones que requieren elevaci\u00f3n de cargas pesadas. El proceso de soldadura empleado en su fabricaci\u00f3n garantiza que no presenten puntos d\u00e9biles y soporten altas presiones y tensiones.<\/li>\n<\/ul>\n<\/li>\n<\/ul>\n<p>Al ejercer presi\u00f3n sobre el cilindro, esta se distribuye uniformemente por toda su superficie, lo que lo hace resistente a la deformaci\u00f3n. Esta caracter\u00edstica garantiza que el cilindro mantenga su forma e integridad estructural incluso en condiciones extremas.<\/p>\n<ul>\n<li style=\"list-style-type: none;\">\n<ul>\n<li><strong>Prevenci\u00f3n de fugas:<\/strong> Los cilindros soldados en T est\u00e1n dise\u00f1ados para evitar fugas. El proceso de soldadura empleado durante su fabricaci\u00f3n garantiza un sellado completo y la ausencia de posibles fugas. Esta caracter\u00edstica los hace ideales para aplicaciones donde las fugas podr\u00edan causar da\u00f1os o lesiones graves.<\/li>\n<\/ul>\n<\/li>\n<\/ul>\n<p>Las uniones soldadas son lisas, sin grietas ni ranuras donde puedan acumularse residuos o suciedad, lo que reduce el riesgo de corrosi\u00f3n y da\u00f1os al cilindro.<\/p>\n<ul>\n<li style=\"list-style-type: none;\">\n<ul>\n<li><strong>Personalizable:<\/strong> Los cilindros soldados tipo T se pueden personalizar para adaptarse a aplicaciones espec\u00edficas. Est\u00e1n disponibles en diferentes tama\u00f1os y formas, y se fabrican para satisfacer los requisitos espec\u00edficos de cada aplicaci\u00f3n.<\/li>\n<\/ul>\n<\/li>\n<\/ul>\n<p>El proceso de personalizaci\u00f3n permite optimizar el rendimiento del cilindro, garantizando su idoneidad para la aplicaci\u00f3n prevista. Esta caracter\u00edstica hace que los cilindros soldados en T sean ideales para diversas aplicaciones industriales, como la construcci\u00f3n, la miner\u00eda y la manipulaci\u00f3n de materiales.<\/p>\n<ul>\n<li style=\"list-style-type: none;\">\n<ul>\n<li><strong>Rentable:<\/strong> Los cilindros soldados en T son m\u00e1s rentables que otros tipos de cilindros. Su proceso de fabricaci\u00f3n es sencillo, lo que los hace m\u00e1s econ\u00f3micos que otros.<\/li>\n<\/ul>\n<\/li>\n<\/ul>\n<p>Adem\u00e1s, la alta resistencia y durabilidad de los cilindros soldados en T reducen la necesidad de reparaciones y reemplazos frecuentes, lo que reduce los costos de mantenimiento. Esta caracter\u00edstica los convierte en una opci\u00f3n popular para muchas industrias, especialmente para aquellas con presupuesto limitado.<\/p>\n<ul>\n<li style=\"list-style-type: none;\">\n<ul>\n<li><strong>Mayor eficiencia:<\/strong> Los cilindros soldados en T son altamente eficientes y eficaces. Su dise\u00f1o garantiza que la fuerza aplicada se transfiera directamente a la carga, lo que reduce la p\u00e9rdida de energ\u00eda y aumenta la eficiencia.<\/li>\n<\/ul>\n<\/li>\n<\/ul>\n<p>Las uniones soldadas son resistentes y r\u00edgidas, lo que minimiza la deflexi\u00f3n y garantiza que el cilindro mantenga su forma e integridad estructural incluso en condiciones extremas. Esta caracter\u00edstica hace que los cilindros soldados tipo T sean ideales para aplicaciones que requieren alta eficiencia y fiabilidad.<\/p>\n<h2>Aplicaci\u00f3n del cilindro soldado tipo T<\/h2>\n<ul>\n<li>\n<h3>Maquinaria y equipo industrial<\/h3>\n<p>El cilindro soldado en T se utiliza ampliamente en maquinaria y equipos industriales, especialmente en sistemas hidr\u00e1ulicos. El cilindro consta de un pist\u00f3n y un tubo, soldados entre s\u00ed para formar una sola unidad. Este dise\u00f1o ofrece varias ventajas sobre otros tipos de cilindros, como mayor durabilidad, mayor resistencia y mayor precisi\u00f3n.<\/p>\n<p>Una de las aplicaciones m\u00e1s importantes del cilindro soldado en T en maquinaria industrial es su capacidad para proporcionar una fuerza constante y precisa. Esto es esencial en muchos procesos de fabricaci\u00f3n, donde se requiere un control preciso para garantizar la calidad del producto final. El cilindro soldado en T tambi\u00e9n puede utilizarse para regular el flujo de fluidos en sistemas hidr\u00e1ulicos, lo que permite una mayor eficiencia y fiabilidad en diversas aplicaciones industriales.<\/li>\n<li>\n<h3>Equipo agr\u00edcola<\/h3>\n<p>El cilindro soldado en T tambi\u00e9n se utiliza com\u00fanmente en equipos agr\u00edcolas, como tractores y cosechadoras. Estas m\u00e1quinas requieren sistemas hidr\u00e1ulicos potentes y fiables para funcionar eficazmente, y el cilindro soldado en T es la opci\u00f3n ideal para este fin.<\/p>\n<p>La robusta construcci\u00f3n y alta resistencia del cilindro lo hacen altamente resistente al desgaste, incluso en condiciones de operaci\u00f3n adversas. Esto lo convierte en la opci\u00f3n ideal para su uso en equipos agr\u00edcolas, donde la durabilidad es un factor clave. El cilindro soldado en T tambi\u00e9n puede utilizarse para proporcionar el control preciso necesario en numerosos procesos agr\u00edcolas, como la siembra, la cosecha y el riego.<\/li>\n<li>\n<h3>Equipos de construcci\u00f3n<\/h3>\n<p>El cilindro soldado tipo T tambi\u00e9n se utiliza ampliamente en equipos de construcci\u00f3n, como excavadoras, retroexcavadoras y bulldozers. Estas m\u00e1quinas requieren sistemas hidr\u00e1ulicos potentes y fiables para realizar tareas pesadas, como excavar, levantar y empujar cargas pesadas.<\/p>\n<p>La alta resistencia y durabilidad del cilindro soldado en T lo convierten en la opci\u00f3n ideal para equipos de construcci\u00f3n. Su capacidad para proporcionar un control preciso y una fuerza constante es esencial para numerosos procesos de construcci\u00f3n, como excavaci\u00f3n, nivelaci\u00f3n y pavimentaci\u00f3n. El cilindro soldado en T tambi\u00e9n se puede utilizar para regular el flujo de fluidos en sistemas hidr\u00e1ulicos, mejorando la eficiencia y la fiabilidad de los equipos de construcci\u00f3n en diversas aplicaciones.<\/li>\n<\/ul>\n<h3>Acerca de FMP<\/h3>\n<p>FMP, con m\u00e1s de 30 a\u00f1os de experiencia, es un fabricante y proveedor l\u00edder de cilindros hidr\u00e1ulicos. Nuestra \u00e1rea industrial se encuentra en Italia y cuenta con m\u00e1s de 100 equipos, incluyendo m\u00e1quinas de soldadura autom\u00e1ticas con protecci\u00f3n de gas, mandrinadoras de agujeros profundos, tornos CNC, rectificadoras cil\u00edndricas, m\u00e1quinas de limpieza autom\u00e1ticas, m\u00e1quinas de instalaci\u00f3n autom\u00e1ticas, bancos de pruebas de rendimiento para cilindros hidr\u00e1ulicos y l\u00edneas de pintura autom\u00e1ticas.<\/p>\n<p><img decoding=\"async\" class=\"aligncenter\" src=\"https:\/\/fmp-components.com\/wp-content\/uploads\/2024\/12\/fmp-factory-4.webp\" alt=\"F\u00e1brica de FMP\" width=\"800\" title=\"\"><\/p>\n<p>Nos enorgullecemos del meticuloso procesamiento e inspecci\u00f3n de cada cilindro hidr\u00e1ulico para garantizar la m\u00e1xima calidad a nuestros clientes. Nuestra gama de productos incluye:<\/p>\n<ol>\n<li><strong>Cilindro hidr\u00e1ulico:<\/strong> Nuestros cilindros hidr\u00e1ulicos est\u00e1n dise\u00f1ados y fabricados para satisfacer diversas necesidades. Son reconocidos por su fiabilidad y durabilidad.<\/li>\n<li><strong>Cilindro de pendiente:<\/strong> Nuestros cilindros para aretes est\u00e1n dise\u00f1ados espec\u00edficamente para una fijaci\u00f3n eficiente y segura en diversas aplicaciones. Ofrecen un excelente rendimiento y una f\u00e1cil instalaci\u00f3n.<\/li>\n<li><strong>Cilindro hidr\u00e1ulico telesc\u00f3pico autom\u00e1tico bidireccional:<\/strong> Nuestros cilindros hidr\u00e1ulicos telesc\u00f3picos autom\u00e1ticos bidireccionales son vers\u00e1tiles y ofrecen un funcionamiento suave y preciso. Son ideales para aplicaciones que requieren movimientos extendidos y retr\u00e1ctiles.<\/li>\n<li><strong>Servicio de dise\u00f1o:<\/strong> Nuestro experimentado equipo de dise\u00f1o est\u00e1 listo para ayudarle a desarrollar nuevos productos o mejorar los existentes para satisfacer sus necesidades espec\u00edficas.<\/li>\n<li><strong>Servicio de producto:<\/strong> Desde las materias primas hasta el transporte, nuestro proceso optimizado garantiza la calidad en cada etapa: corte, procesamiento preliminar, pruebas, limpieza, ensamblaje, embalaje y entrega.<\/li>\n<\/ol>\n<p>Adem\u00e1s, ofrecemos servicios de desarrollo de muestras para crear prototipos seg\u00fan sus necesidades. Modificamos continuamente las muestras para garantizar que cumplan con sus especificaciones exactas.<\/p>\n<p>Para satisfacer la demanda del mercado, nuestro dedicado equipo de investigaci\u00f3n y desarrollo estudia nuevas tendencias y dise\u00f1a nuevos modelos para satisfacer las necesidades cambiantes de nuestros clientes.<\/p>\n<p>Elija FMP para sus necesidades de cilindros hidr\u00e1ulicos. Nos comprometemos a ofrecer productos excepcionales y un servicio al cliente excepcional. Cont\u00e1ctenos hoy mismo para hablar sobre sus necesidades y experimentar las ventajas de FMP.<\/p>\n<p>Autor: CX<\/p>","protected":false},"excerpt":{"rendered":"<p>The 10041 Italian Factory Custom Hydraulic Cylinder Double Acting is designed to meet diverse industrial needs with precision and reliability. This high-quality hydraulic cylinder is engineered for optimal performance in a variety of applications, including construction, agriculture, and manufacturing. Key Features: Double Acting Mechanism: Enables efficient hydraulic operation in both extension and retraction, enhancing productivity [&hellip;]<\/p>","protected":false},"featured_media":1133,"comment_status":"closed","ping_status":"closed","template":"","meta":{"_et_pb_use_builder":"","_et_pb_old_content":"","_et_gb_content_width":""},"product_brand":[],"product_cat":[31],"product_tag":[34,35],"class_list":{"0":"post-961","1":"product","2":"type-product","3":"status-publish","4":"has-post-thumbnail","6":"product_cat-welded-tee-type-cylinder","7":"product_tag-hydraulic-cylinder","8":"product_tag-welded-tee-type-cylinder","10":"first","11":"instock","12":"product-type-simple"},"_links":{"self":[{"href":"https:\/\/fmp-components.com\/es\/wp-json\/wp\/v2\/product\/961","targetHints":{"allow":["GET"]}}],"collection":[{"href":"https:\/\/fmp-components.com\/es\/wp-json\/wp\/v2\/product"}],"about":[{"href":"https:\/\/fmp-components.com\/es\/wp-json\/wp\/v2\/types\/product"}],"replies":[{"embeddable":true,"href":"https:\/\/fmp-components.com\/es\/wp-json\/wp\/v2\/comments?post=961"}],"wp:featuredmedia":[{"embeddable":true,"href":"https:\/\/fmp-components.com\/es\/wp-json\/wp\/v2\/media\/1133"}],"wp:attachment":[{"href":"https:\/\/fmp-components.com\/es\/wp-json\/wp\/v2\/media?parent=961"}],"wp:term":[{"taxonomy":"product_brand","embeddable":true,"href":"https:\/\/fmp-components.com\/es\/wp-json\/wp\/v2\/product_brand?post=961"},{"taxonomy":"product_cat","embeddable":true,"href":"https:\/\/fmp-components.com\/es\/wp-json\/wp\/v2\/product_cat?post=961"},{"taxonomy":"product_tag","embeddable":true,"href":"https:\/\/fmp-components.com\/es\/wp-json\/wp\/v2\/product_tag?post=961"}],"curies":[{"name":"gracias","href":"https:\/\/api.w.org\/{rel}","templated":true}]}}