{"id":949,"date":"2024-12-19T03:39:43","date_gmt":"2024-12-19T03:39:43","guid":{"rendered":"https:\/\/fmp-components.com\/product\/10029-customized-mini-welded-hydraulic-cylinders-for-agricultural-machinery\/"},"modified":"2024-12-19T08:44:05","modified_gmt":"2024-12-19T08:44:05","slug":"10029-customized-mini-welded-hydraulic-cylinders-for-agricultural-machinery","status":"publish","type":"product","link":"https:\/\/fmp-components.com\/es\/product\/10029-customized-mini-welded-hydraulic-cylinders-for-agricultural-machinery\/","title":{"rendered":"10029 Mini cilindros hidr\u00e1ulicos soldados personalizados para maquinaria agr\u00edcola"},"content":{"rendered":"<p>Los mini cilindros hidr\u00e1ulicos soldados personalizados 10029 est\u00e1n dise\u00f1ados espec\u00edficamente para maquinaria agr\u00edcola y ofrecen una soluci\u00f3n compacta y potente para diversas aplicaciones agr\u00edcolas. Estos cilindros hidr\u00e1ulicos ofrecen un rendimiento y una durabilidad excepcionales, lo que los hace ideales para espacios reducidos y entornos exigentes.<\/p>\n<h4>Caracter\u00edsticas principales:<\/h4>\n<ul>\n<li><strong>Dise\u00f1o personalizado<\/strong>:Dise\u00f1ado para satisfacer requisitos espec\u00edficos, garantizando la compatibilidad con una amplia gama de equipos agr\u00edcolas.<\/li>\n<li><strong>Tama\u00f1o miniatura<\/strong>:El dise\u00f1o compacto permite la instalaci\u00f3n en espacios limitados sin sacrificar potencia ni rendimiento.<\/li>\n<li><strong>Construcci\u00f3n soldada<\/strong>:Construido con un dise\u00f1o soldado robusto para mayor resistencia y confiabilidad, adecuado para uso intensivo.<\/li>\n<li><strong>Recubrimiento resistente a la corrosi\u00f3n<\/strong>:Tratado con acabados protectores para evitar la oxidaci\u00f3n y la corrosi\u00f3n, asegurando longevidad en condiciones exteriores.<\/li>\n<li><strong>F\u00e1cil integraci\u00f3n<\/strong>Dise\u00f1ado para una instalaci\u00f3n sencilla en diversas m\u00e1quinas agr\u00edcolas, lo que facilita una configuraci\u00f3n r\u00e1pida y un tiempo de inactividad m\u00ednimo.<\/li>\n<\/ul>\n<p><img decoding=\"async\" src=\"https:\/\/hzpt.com\/wp-content\/uploads\/2023\/12\/random-2.webp\" alt=\"\" title=\"\"><\/p>\n<h4>Beneficios:<\/h4>\n<ul>\n<li><strong>Mayor eficiencia<\/strong>:Optimiza el rendimiento de la maquinaria agr\u00edcola, proporcionando una acci\u00f3n hidr\u00e1ulica suave y potente.<\/li>\n<li><strong>Aplicaciones vers\u00e1tiles<\/strong>:Ideal para una variedad de tareas, que incluyen levantar, empujar y tirar en operaciones agr\u00edcolas.<\/li>\n<li><strong>Mantenimiento reducido<\/strong>:La construcci\u00f3n duradera minimiza el desgaste, lo que genera menores costos de mantenimiento a lo largo del tiempo.<\/li>\n<\/ul>\n<p>Los mini cilindros hidr\u00e1ulicos soldados personalizados 10029 son un componente esencial para la maquinaria agr\u00edcola moderna, ofreciendo un rendimiento y eficiencia confiables en un dise\u00f1o compacto. Su dise\u00f1o robusto y sus opciones de personalizaci\u00f3n los convierten en una valiosa incorporaci\u00f3n a cualquier operaci\u00f3n agr\u00edcola.<\/p>\n<p>&nbsp;<\/p>\n<p><img decoding=\"async\" class=\"aligncenter\" src=\"https:\/\/hzpt.com\/wp-content\/uploads\/2023\/12\/random-3.webp\" alt=\"\" title=\"\"><\/p>\n<p><!-- Add 5 Q&A here --><\/p>\n<h2>Ventajas del cilindro tipo T soldado<\/h2>\n<ul>\n<li style=\"list-style-type: none;\">\n<ul>\n<li><strong>Mayor fuerza:<\/strong> Los cilindros soldados tipo T son conocidos por su alta resistencia, lo que los hace ideales para aplicaciones que requieren elevaci\u00f3n de cargas pesadas. El proceso de soldadura empleado en su fabricaci\u00f3n garantiza que no presenten puntos d\u00e9biles y soporten altas presiones y tensiones.<\/li>\n<\/ul>\n<\/li>\n<\/ul>\n<p>Al ejercer presi\u00f3n sobre el cilindro, esta se distribuye uniformemente por toda su superficie, lo que lo hace resistente a la deformaci\u00f3n. Esta caracter\u00edstica garantiza que el cilindro mantenga su forma e integridad estructural incluso en condiciones extremas.<\/p>\n<ul>\n<li style=\"list-style-type: none;\">\n<ul>\n<li><strong>Prevenci\u00f3n de fugas:<\/strong> Los cilindros soldados en T est\u00e1n dise\u00f1ados para evitar fugas. El proceso de soldadura empleado durante su fabricaci\u00f3n garantiza un sellado completo y la ausencia de posibles fugas. Esta caracter\u00edstica los hace ideales para aplicaciones donde las fugas podr\u00edan causar da\u00f1os o lesiones graves.<\/li>\n<\/ul>\n<\/li>\n<\/ul>\n<p>Las uniones soldadas son lisas, sin grietas ni ranuras donde puedan acumularse residuos o suciedad, lo que reduce el riesgo de corrosi\u00f3n y da\u00f1os al cilindro.<\/p>\n<ul>\n<li style=\"list-style-type: none;\">\n<ul>\n<li><strong>Personalizable:<\/strong> Los cilindros soldados tipo T se pueden personalizar para adaptarse a aplicaciones espec\u00edficas. Est\u00e1n disponibles en diferentes tama\u00f1os y formas, y se fabrican para satisfacer los requisitos espec\u00edficos de cada aplicaci\u00f3n.<\/li>\n<\/ul>\n<\/li>\n<\/ul>\n<p>El proceso de personalizaci\u00f3n permite optimizar el rendimiento del cilindro, garantizando su idoneidad para la aplicaci\u00f3n prevista. Esta caracter\u00edstica hace que los cilindros soldados en T sean ideales para diversas aplicaciones industriales, como la construcci\u00f3n, la miner\u00eda y la manipulaci\u00f3n de materiales.<\/p>\n<ul>\n<li style=\"list-style-type: none;\">\n<ul>\n<li><strong>Rentable:<\/strong> Los cilindros soldados en T son m\u00e1s rentables que otros tipos de cilindros. Su proceso de fabricaci\u00f3n es sencillo, lo que los hace m\u00e1s econ\u00f3micos que otros.<\/li>\n<\/ul>\n<\/li>\n<\/ul>\n<p>Adem\u00e1s, la alta resistencia y durabilidad de los cilindros soldados en T reducen la necesidad de reparaciones y reemplazos frecuentes, lo que reduce los costos de mantenimiento. Esta caracter\u00edstica los convierte en una opci\u00f3n popular para muchas industrias, especialmente para aquellas con presupuesto limitado.<\/p>\n<ul>\n<li style=\"list-style-type: none;\">\n<ul>\n<li><strong>Mayor eficiencia:<\/strong> Los cilindros soldados en T son altamente eficientes y eficaces. Su dise\u00f1o garantiza que la fuerza aplicada se transfiera directamente a la carga, lo que reduce la p\u00e9rdida de energ\u00eda y aumenta la eficiencia.<\/li>\n<\/ul>\n<\/li>\n<\/ul>\n<p>Las uniones soldadas son resistentes y r\u00edgidas, lo que minimiza la deflexi\u00f3n y garantiza que el cilindro mantenga su forma e integridad estructural incluso en condiciones extremas. Esta caracter\u00edstica hace que los cilindros soldados tipo T sean ideales para aplicaciones que requieren alta eficiencia y fiabilidad.<\/p>\n<h2>Aplicaci\u00f3n del cilindro soldado tipo T<\/h2>\n<ul>\n<li>\n<h3>Maquinaria y equipo industrial<\/h3>\n<p>El cilindro soldado en T se utiliza ampliamente en maquinaria y equipos industriales, especialmente en sistemas hidr\u00e1ulicos. El cilindro consta de un pist\u00f3n y un tubo, soldados entre s\u00ed para formar una sola unidad. Este dise\u00f1o ofrece varias ventajas sobre otros tipos de cilindros, como mayor durabilidad, mayor resistencia y mayor precisi\u00f3n.<\/p>\n<p>Una de las aplicaciones m\u00e1s importantes del cilindro soldado en T en maquinaria industrial es su capacidad para proporcionar una fuerza constante y precisa. Esto es esencial en muchos procesos de fabricaci\u00f3n, donde se requiere un control preciso para garantizar la calidad del producto final. El cilindro soldado en T tambi\u00e9n puede utilizarse para regular el flujo de fluidos en sistemas hidr\u00e1ulicos, lo que permite una mayor eficiencia y fiabilidad en diversas aplicaciones industriales.<\/li>\n<li>\n<h3>Equipo agr\u00edcola<\/h3>\n<p>El cilindro soldado en T tambi\u00e9n se utiliza com\u00fanmente en equipos agr\u00edcolas, como tractores y cosechadoras. Estas m\u00e1quinas requieren sistemas hidr\u00e1ulicos potentes y fiables para funcionar eficazmente, y el cilindro soldado en T es la opci\u00f3n ideal para este fin.<\/p>\n<p>La robusta construcci\u00f3n y alta resistencia del cilindro lo hacen altamente resistente al desgaste, incluso en condiciones de operaci\u00f3n adversas. Esto lo convierte en la opci\u00f3n ideal para su uso en equipos agr\u00edcolas, donde la durabilidad es un factor clave. El cilindro soldado en T tambi\u00e9n puede utilizarse para proporcionar el control preciso necesario en numerosos procesos agr\u00edcolas, como la siembra, la cosecha y el riego.<\/li>\n<li>\n<h3>Equipos de construcci\u00f3n<\/h3>\n<p>El cilindro soldado tipo T tambi\u00e9n se utiliza ampliamente en equipos de construcci\u00f3n, como excavadoras, retroexcavadoras y bulldozers. Estas m\u00e1quinas requieren sistemas hidr\u00e1ulicos potentes y fiables para realizar tareas pesadas, como excavar, levantar y empujar cargas pesadas.<\/p>\n<p>La alta resistencia y durabilidad del cilindro soldado en T lo convierten en la opci\u00f3n ideal para equipos de construcci\u00f3n. Su capacidad para proporcionar un control preciso y una fuerza constante es esencial para numerosos procesos de construcci\u00f3n, como excavaci\u00f3n, nivelaci\u00f3n y pavimentaci\u00f3n. El cilindro soldado en T tambi\u00e9n se puede utilizar para regular el flujo de fluidos en sistemas hidr\u00e1ulicos, mejorando la eficiencia y la fiabilidad de los equipos de construcci\u00f3n en diversas aplicaciones.<\/li>\n<\/ul>\n<h3>Acerca de FMP<\/h3>\n<p>FMP es un fabricante y proveedor l\u00edder de cilindros hidr\u00e1ulicos con m\u00e1s de 30 a\u00f1os de experiencia en el sector. Ubicada en Italia, nuestra moderna \u00e1rea industrial alberga m\u00e1s de 100 equipos de alta gama, incluyendo m\u00e1quinas de soldadura autom\u00e1ticas con protecci\u00f3n de gas, mandrinadoras de agujeros profundos, tornos CNC, rectificadoras cil\u00edndricas, m\u00e1quinas de limpieza autom\u00e1ticas, m\u00e1quinas de instalaci\u00f3n autom\u00e1ticas, bancos de pruebas de rendimiento para cilindros hidr\u00e1ulicos y l\u00edneas de pintura autom\u00e1ticas.<\/p>\n<p>Nuestros cilindros hidr\u00e1ulicos se procesan e inspeccionan meticulosamente para garantizar una calidad excepcional a nuestros clientes. Ofrecemos una amplia gama de productos, incluyendo cilindros hidr\u00e1ulicos de pendiente, cilindros hidr\u00e1ulicos telesc\u00f3picos autom\u00e1ticos bidireccionales y m\u00e1s. A continuaci\u00f3n, presentamos cinco ventajas clave que nos distinguen:<\/p>\n<p>1) Servicio de Dise\u00f1o: Nuestro experimentado equipo de dise\u00f1o se destaca en el dise\u00f1o y desarrollo de ejes universales. Ya sea que necesite nuevos productos o mejoras en los existentes, estamos aqu\u00ed para apoyarle en cada paso del proceso.<\/p>\n<p>2) Servicio de Producto: Nuestro servicio integral de producto abarca todo el proceso de producci\u00f3n, desde la materia prima hasta el corte, el desbaste, las pruebas, la limpieza, el montaje, el embalaje y el transporte. Gracias a nuestra meticulosa atenci\u00f3n al detalle, puede confiar en que nuestros productos cumplen con los m\u00e1s altos est\u00e1ndares de calidad.<\/p>\n<p>3) Proceso de Muestras: Entendemos la importancia de las soluciones personalizadas. Nuestro equipo puede desarrollar muestras seg\u00fan sus requisitos espec\u00edficos y modificarlas continuamente hasta que se ajusten perfectamente a sus necesidades. Su satisfacci\u00f3n es nuestra prioridad.<\/p>\n<p>4) I+D: En FMP, nos mantenemos a la vanguardia de las tendencias del mercado y nos esforzamos constantemente por innovar. Cuando surgen nuevas demandas del mercado, las estudiamos proactivamente y desarrollamos nuevos modelos para garantizar que nuestros productos se mantengan a la vanguardia de la industria.<\/p>\n<p>5) Personalizaci\u00f3n: Nos especializamos en la producci\u00f3n y venta de diversos tipos de cilindros hidr\u00e1ulicos y aceptamos pedidos personalizados. Nuestro equipo se dedica a adaptar nuestros productos a sus necesidades espec\u00edficas, brind\u00e1ndole soluciones confiables y duraderas.<\/p>\n<p>Asociarse con FMP significa elegir un proveedor confiable que prioriza la calidad, la innovaci\u00f3n y la satisfacci\u00f3n del cliente. Le invitamos a explorar nuestra gama de cilindros hidr\u00e1ulicos y a experimentar la diferencia que nuestros productos y servicios pueden marcar en su negocio.<\/p>\n<p><img decoding=\"async\" src=\"https:\/\/fmp-components.com\/wp-content\/uploads\/2024\/12\/fmp-factory-4.webp\" alt=\"F\u00e1brica de FMP\" width=\"800\" title=\"\"><br \/>\nAutor: CX<\/p>","protected":false},"excerpt":{"rendered":"<p>The 10029 Customized Mini Welded Hydraulic Cylinders are specifically designed for agricultural machinery, providing a compact and powerful solution for various farming applications. These hydraulic cylinders offer exceptional performance and durability, making them ideal for use in tight spaces and demanding environments. Key Features: Customized Design: Tailored to meet specific requirements, ensuring compatibility with a [&hellip;]<\/p>","protected":false},"featured_media":1133,"comment_status":"closed","ping_status":"closed","template":"","meta":{"_et_pb_use_builder":"","_et_pb_old_content":"","_et_gb_content_width":""},"product_brand":[],"product_cat":[31],"product_tag":[34,35],"class_list":{"0":"post-949","1":"product","2":"type-product","3":"status-publish","4":"has-post-thumbnail","6":"product_cat-welded-tee-type-cylinder","7":"product_tag-hydraulic-cylinder","8":"product_tag-welded-tee-type-cylinder","10":"first","11":"instock","12":"product-type-simple"},"_links":{"self":[{"href":"https:\/\/fmp-components.com\/es\/wp-json\/wp\/v2\/product\/949","targetHints":{"allow":["GET"]}}],"collection":[{"href":"https:\/\/fmp-components.com\/es\/wp-json\/wp\/v2\/product"}],"about":[{"href":"https:\/\/fmp-components.com\/es\/wp-json\/wp\/v2\/types\/product"}],"replies":[{"embeddable":true,"href":"https:\/\/fmp-components.com\/es\/wp-json\/wp\/v2\/comments?post=949"}],"wp:featuredmedia":[{"embeddable":true,"href":"https:\/\/fmp-components.com\/es\/wp-json\/wp\/v2\/media\/1133"}],"wp:attachment":[{"href":"https:\/\/fmp-components.com\/es\/wp-json\/wp\/v2\/media?parent=949"}],"wp:term":[{"taxonomy":"product_brand","embeddable":true,"href":"https:\/\/fmp-components.com\/es\/wp-json\/wp\/v2\/product_brand?post=949"},{"taxonomy":"product_cat","embeddable":true,"href":"https:\/\/fmp-components.com\/es\/wp-json\/wp\/v2\/product_cat?post=949"},{"taxonomy":"product_tag","embeddable":true,"href":"https:\/\/fmp-components.com\/es\/wp-json\/wp\/v2\/product_tag?post=949"}],"curies":[{"name":"gracias","href":"https:\/\/api.w.org\/{rel}","templated":true}]}}