{"id":941,"date":"2024-12-19T03:39:43","date_gmt":"2024-12-19T03:39:43","guid":{"rendered":"https:\/\/fmp-components.com\/product\/10021-hot-sale-customized-hydraulic-cylinder-for-agriculture\/"},"modified":"2024-12-19T08:54:09","modified_gmt":"2024-12-19T08:54:09","slug":"10021-hot-sale-customized-hydraulic-cylinder-for-agriculture","status":"publish","type":"product","link":"https:\/\/fmp-components.com\/es\/product\/10021-hot-sale-customized-hydraulic-cylinder-for-agriculture\/","title":{"rendered":"Cilindro hidr\u00e1ulico personalizado para agricultura, oferta 10021"},"content":{"rendered":"<p>El cilindro hidr\u00e1ulico personalizado 10021 Hot Sale est\u00e1 dise\u00f1ado espec\u00edficamente para aplicaciones agr\u00edcolas y ofrece soluciones a medida para satisfacer las diversas necesidades de los agricultores. Este cilindro hidr\u00e1ulico combina una construcci\u00f3n robusta con caracter\u00edsticas personalizables, lo que garantiza un rendimiento \u00f3ptimo en diversas tareas agr\u00edcolas.<\/p>\n<h4>Caracter\u00edsticas principales:<\/h4>\n<ul>\n<li><strong>Dise\u00f1o personalizado<\/strong>:Dise\u00f1ado para satisfacer requisitos espec\u00edficos, facilitando la compatibilidad con una amplia gama de equipos y maquinaria agr\u00edcola.<\/li>\n<li><strong>Construcci\u00f3n de alta calidad<\/strong>:Fabricado con materiales duraderos para garantizar longevidad y confiabilidad, capaz de soportar los rigores del uso agr\u00edcola.<\/li>\n<li><strong>Mecanismo de doble acci\u00f3n<\/strong>:Proporciona un funcionamiento eficiente tanto en extensi\u00f3n como en retracci\u00f3n, lo que permite un control preciso durante las tareas de elevaci\u00f3n y descenso.<\/li>\n<li><strong>Recubrimiento resistente a la corrosi\u00f3n<\/strong>:Tratado con acabados protectores para evitar la oxidaci\u00f3n y la corrosi\u00f3n, asegurando un rendimiento duradero en ambientes exteriores.<\/li>\n<li><strong>F\u00e1cil instalaci\u00f3n<\/strong>Dise\u00f1ado para una integraci\u00f3n sencilla en los sistemas agr\u00edcolas existentes, minimizando el tiempo de inactividad y mejorando la productividad.<\/li>\n<\/ul>\n<p><img loading=\"lazy\" decoding=\"async\" class=\"size-full wp-image-977 aligncenter\" src=\"https:\/\/fmp-components.com\/wp-content\/uploads\/2024\/12\/Welded-Tee-Type-Cylinder3.webp\" alt=\"Cilindro tipo T soldado\" width=\"653\" height=\"600\" title=\"\" srcset=\"https:\/\/fmp-components.com\/wp-content\/uploads\/2024\/12\/Welded-Tee-Type-Cylinder3.webp 653w, https:\/\/fmp-components.com\/wp-content\/uploads\/2024\/12\/Welded-Tee-Type-Cylinder3-480x441.webp 480w\" sizes=\"(min-width: 0px) and (max-width: 480px) 480px, (min-width: 481px) 653px, 100vw\" \/><\/p>\n<h4>Beneficios:<\/h4>\n<ul>\n<li><strong>Mayor eficiencia<\/strong>:Optimiza el rendimiento de la maquinaria agr\u00edcola, facilitando operaciones suaves y efectivas en el campo.<\/li>\n<li><strong>Aplicaciones vers\u00e1tiles<\/strong>:Adecuado para una variedad de tareas, que incluyen levantar, empujar y tirar, lo que lo convierte en una opci\u00f3n vers\u00e1til para los agricultores.<\/li>\n<li><strong>Soluci\u00f3n rentable<\/strong>:Ofrece un alto rendimiento a un precio competitivo, garantizando un excelente valor para la inversi\u00f3n.<\/li>\n<\/ul>\n<p>El cilindro hidr\u00e1ulico personalizado 10021, de gran oferta, es un componente esencial para las operaciones agr\u00edcolas modernas, ofreciendo un rendimiento confiable y gran adaptabilidad. Su dise\u00f1o robusto y sus opciones de personalizaci\u00f3n lo convierten en una valiosa incorporaci\u00f3n a cualquier l\u00ednea de equipos agr\u00edcolas.<\/p>\n<h2>Ventajas del cilindro tipo T soldado<\/h2>\n<ul>\n<li style=\"list-style-type: none;\">\n<ul>\n<li><strong>Mayor fuerza:<\/strong> Los cilindros soldados tipo T son conocidos por su alta resistencia, lo que los hace ideales para aplicaciones que requieren elevaci\u00f3n de cargas pesadas. El proceso de soldadura empleado en su fabricaci\u00f3n garantiza que no presenten puntos d\u00e9biles y soporten altas presiones y tensiones.<\/li>\n<\/ul>\n<\/li>\n<\/ul>\n<p>Al ejercer presi\u00f3n sobre el cilindro, esta se distribuye uniformemente por toda su superficie, lo que lo hace resistente a la deformaci\u00f3n. Esta caracter\u00edstica garantiza que el cilindro mantenga su forma e integridad estructural incluso en condiciones extremas.<\/p>\n<ul>\n<li style=\"list-style-type: none;\">\n<ul>\n<li><strong>Prevenci\u00f3n de fugas:<\/strong> Los cilindros soldados en T est\u00e1n dise\u00f1ados para evitar fugas. El proceso de soldadura empleado durante su fabricaci\u00f3n garantiza un sellado completo y la ausencia de posibles fugas. Esta caracter\u00edstica los hace ideales para aplicaciones donde las fugas podr\u00edan causar da\u00f1os o lesiones graves.<\/li>\n<\/ul>\n<\/li>\n<\/ul>\n<p>Las uniones soldadas son lisas, sin grietas ni ranuras donde puedan acumularse residuos o suciedad, lo que reduce el riesgo de corrosi\u00f3n y da\u00f1os al cilindro.<\/p>\n<ul>\n<li style=\"list-style-type: none;\">\n<ul>\n<li><strong>Personalizable:<\/strong> Los cilindros soldados tipo T se pueden personalizar para adaptarse a aplicaciones espec\u00edficas. Est\u00e1n disponibles en diferentes tama\u00f1os y formas, y se fabrican para satisfacer los requisitos espec\u00edficos de cada aplicaci\u00f3n.<\/li>\n<\/ul>\n<\/li>\n<\/ul>\n<p>El proceso de personalizaci\u00f3n permite optimizar el rendimiento del cilindro, garantizando su idoneidad para la aplicaci\u00f3n prevista. Esta caracter\u00edstica hace que los cilindros soldados en T sean ideales para diversas aplicaciones industriales, como la construcci\u00f3n, la miner\u00eda y la manipulaci\u00f3n de materiales.<\/p>\n<ul>\n<li style=\"list-style-type: none;\">\n<ul>\n<li><strong>Rentable:<\/strong> Los cilindros soldados en T son m\u00e1s rentables que otros tipos de cilindros. Su proceso de fabricaci\u00f3n es sencillo, lo que los hace m\u00e1s econ\u00f3micos que otros.<\/li>\n<\/ul>\n<\/li>\n<\/ul>\n<p>Adem\u00e1s, la alta resistencia y durabilidad de los cilindros soldados en T reducen la necesidad de reparaciones y reemplazos frecuentes, lo que reduce los costos de mantenimiento. Esta caracter\u00edstica los convierte en una opci\u00f3n popular para muchas industrias, especialmente para aquellas con presupuesto limitado.<\/p>\n<ul>\n<li style=\"list-style-type: none;\">\n<ul>\n<li><strong>Mayor eficiencia:<\/strong> Los cilindros soldados en T son altamente eficientes y eficaces. Su dise\u00f1o garantiza que la fuerza aplicada se transfiera directamente a la carga, lo que reduce la p\u00e9rdida de energ\u00eda y aumenta la eficiencia.<\/li>\n<\/ul>\n<\/li>\n<\/ul>\n<p>Las uniones soldadas son resistentes y r\u00edgidas, lo que minimiza la deflexi\u00f3n y garantiza que el cilindro mantenga su forma e integridad estructural incluso en condiciones extremas. Esta caracter\u00edstica hace que los cilindros soldados tipo T sean ideales para aplicaciones que requieren alta eficiencia y fiabilidad.<\/p>\n<h2>Aplicaci\u00f3n del cilindro soldado tipo T<\/h2>\n<h3>Introducci\u00f3n<\/h3>\n<p>El cilindro hidr\u00e1ulico con te soldada es un tipo de cilindro com\u00fanmente utilizado en aplicaciones industriales. Est\u00e1 dise\u00f1ado para proporcionar una alta fuerza en un formato compacto y econ\u00f3mico. Este tipo de cilindro consta de una te soldada y un v\u00e1stago de pist\u00f3n unido a la te. La te est\u00e1 conectada al cuerpo del cilindro y contiene un pist\u00f3n que se mueve dentro del cuerpo para generar fuerza.<\/p>\n<h3>Ventajas del cilindro tipo T soldado<\/h3>\n<p>El uso de un cilindro tipo T soldado en aplicaciones industriales tiene varias ventajas:<\/p>\n<ul>\n<li><b>Dise\u00f1o compacto:<\/b> Los cilindros tipo T soldados est\u00e1n dise\u00f1ados para ser compactos, lo que los hace ideales para usar en aplicaciones donde el espacio es limitado.<\/li>\n<li><b>Alta eficiencia:<\/b> Los cilindros soldados tipo T son altamente eficientes, lo que significa que pueden generar una gran cantidad de fuerza con un m\u00ednimo aporte de energ\u00eda.<\/li>\n<li><b>Durable:<\/b> Los cilindros tipo T soldados est\u00e1n dise\u00f1ados para ser muy duraderos, lo que significa que pueden soportar duras condiciones de funcionamiento y durar mucho tiempo.<\/li>\n<li><b>Rentable:<\/b> Los cilindros tipo T soldados son rentables, lo que significa que ofrecen una buena relaci\u00f3n calidad-precio.<\/li>\n<\/ul>\n<p><img loading=\"lazy\" decoding=\"async\" class=\"alignnone size-full wp-image-974\" src=\"https:\/\/fmp-components.com\/wp-content\/uploads\/2024\/12\/application-of-Welded-Tee-Type-Cylinder.webp\" alt=\"Aplicaci\u00f3n de cilindros soldados tipo T\" width=\"760\" height=\"860\" title=\"\" srcset=\"https:\/\/fmp-components.com\/wp-content\/uploads\/2024\/12\/application-of-Welded-Tee-Type-Cylinder.webp 760w, https:\/\/fmp-components.com\/wp-content\/uploads\/2024\/12\/application-of-Welded-Tee-Type-Cylinder-480x543.webp 480w\" sizes=\"(min-width: 0px) and (max-width: 480px) 480px, (min-width: 481px) 760px, 100vw\" \/><\/p>\n<h3>Aplicaciones del cilindro soldado tipo T<\/h3>\n<p>Existen muchas aplicaciones para los cilindros tipo T soldados en diversas industrias, entre ellas:<\/p>\n<ul>\n<li><b>Fabricaci\u00f3n:<\/b> Los cilindros soldados tipo T se utilizan en la fabricaci\u00f3n para operar maquinaria, mover cargas pesadas y dar forma a piezas met\u00e1licas.<\/li>\n<li><b>Agricultura:<\/b> Los cilindros tipo T soldados se utilizan en la agricultura para operar sistemas hidr\u00e1ulicos en tractores, cosechadoras y otros equipos agr\u00edcolas.<\/li>\n<li><b>Construcci\u00f3n:<\/b> Los cilindros tipo T soldados se utilizan en la construcci\u00f3n para operar maquinaria como gr\u00faas, excavadoras y retroexcavadoras.<\/li>\n<li><b>Miner\u00eda:<\/b> Los cilindros tipo T soldados se utilizan en miner\u00eda para operar sistemas hidr\u00e1ulicos en equipos pesados \u200b\u200bcomo excavadoras, cargadoras y perforadoras de roca.<\/li>\n<li><b>Transporte:<\/b> Los cilindros tipo T soldados se utilizan en el transporte para operar sistemas hidr\u00e1ulicos en camiones, autobuses y otros veh\u00edculos.<\/li>\n<\/ul>\n<p>En conclusi\u00f3n, los cilindros soldados en T son un componente importante en muchas aplicaciones industriales. Su dise\u00f1o compacto, eficiente, duradero y rentable los convierte en la opci\u00f3n ideal para una amplia gama de aplicaciones. Ya sea que opere maquinaria en una planta de fabricaci\u00f3n, maquinaria agr\u00edcola en una granja o equipo pesado en una mina, los cilindros soldados en T le ayudan a realizar su trabajo de forma eficiente y eficaz.<\/p>\n<h3>Acerca de FMP<\/h3>\n<p>FMP es un fabricante l\u00edder de cilindros hidr\u00e1ulicos de alta calidad con m\u00e1s de 30 a\u00f1os de experiencia en el sector. Nuestra planta industrial se encuentra en Italia y contamos con m\u00e1s de 100 equipos, incluyendo m\u00e1quinas de soldadura autom\u00e1ticas con protecci\u00f3n de gas, mandrinadoras de agujeros profundos, tornos CNC, rectificadoras cil\u00edndricas, m\u00e1quinas de limpieza autom\u00e1ticas, m\u00e1quinas de instalaci\u00f3n autom\u00e1ticas, bancos de pruebas de rendimiento para cilindros hidr\u00e1ulicos y l\u00edneas de pintura autom\u00e1ticas.<\/p>\n<p>Ofrecemos varios tipos de cilindros hidr\u00e1ulicos, incluidos cilindros hidr\u00e1ulicos tipo pendiente, cilindros hidr\u00e1ulicos telesc\u00f3picos autom\u00e1ticos bidireccionales y m\u00e1s, todos los cuales se someten a un estricto procesamiento e inspecci\u00f3n para garantizar la calidad a nuestros clientes.<\/p>\n<h4>Nuestros Servicios y Ventajas<\/h4>\n<ol>\n<li><strong>Servicio de dise\u00f1o:<\/strong> Nuestro equipo de dise\u00f1o cuenta con amplia experiencia en el dise\u00f1o y desarrollo de ejes universales. Podemos ayudarle con sus necesidades de nuevos productos o con la mejora de sus productos existentes.<\/li>\n<li><strong>Servicio de producto:<\/strong> Nuestro proceso de producci\u00f3n incluye la selecci\u00f3n de materia prima, corte, procesamiento en bruto, pruebas, limpieza, ensamblaje, embalaje y transporte para garantizar que nuestros productos cumplan con los m\u00e1s altos est\u00e1ndares de calidad.<\/li>\n<li><strong>Proceso de muestra:<\/strong> Podemos desarrollar muestras seg\u00fan sus requisitos y modificarlas continuamente para satisfacerlos. Esto garantiza que reciba el producto exacto que necesita para su aplicaci\u00f3n espec\u00edfica.<\/li>\n<li><strong>I+D:<\/strong> Nuestro equipo estudia continuamente el mercado para desarrollar nuevos modelos que satisfagan las necesidades emergentes. Esto nos permite mantenernos a la vanguardia de la industria y ofrecer a nuestros clientes los productos m\u00e1s innovadores y de mayor calidad.<\/li>\n<li><strong>Personalizaci\u00f3n:<\/strong> Aceptamos pedidos personalizados y fabricamos cilindros hidr\u00e1ulicos que se ajustan a sus especificaciones exactas. Gracias a nuestro amplio equipo y equipo profesional, podemos ofrecer una soluci\u00f3n a medida para cada cliente.<\/li>\n<\/ol>\n<p>Al elegir FMP, puede estar seguro de obtener cilindros hidr\u00e1ulicos de alta calidad, dise\u00f1ados y fabricados con el m\u00e1ximo cuidado. Cont\u00e1ctenos para obtener m\u00e1s informaci\u00f3n sobre c\u00f3mo podemos ayudarle con sus necesidades de cilindros hidr\u00e1ulicos.<\/p>\n<p><img decoding=\"async\" src=\"https:\/\/fmp-components.com\/wp-content\/uploads\/2024\/12\/fmp-factory-4.webp\" alt=\"F\u00e1brica de FMP\" width=\"800\" title=\"\"><br \/>\nAutor: CX<\/p>","protected":false},"excerpt":{"rendered":"<p>The 10021 Hot Sale Customized Hydraulic Cylinder is specifically designed for agricultural applications, providing tailored solutions to meet the diverse needs of farmers. This hydraulic cylinder combines robust construction with customizable features, ensuring optimal performance in various farming tasks. Key Features: Customized Design: Tailored to meet specific requirements, facilitating compatibility with a wide range of [&hellip;]<\/p>","protected":false},"featured_media":1132,"comment_status":"closed","ping_status":"closed","template":"","meta":{"_et_pb_use_builder":"","_et_pb_old_content":"","_et_gb_content_width":""},"product_brand":[],"product_cat":[31],"product_tag":[34,35],"class_list":{"0":"post-941","1":"product","2":"type-product","3":"status-publish","4":"has-post-thumbnail","6":"product_cat-welded-tee-type-cylinder","7":"product_tag-hydraulic-cylinder","8":"product_tag-welded-tee-type-cylinder","10":"first","11":"instock","12":"product-type-simple"},"_links":{"self":[{"href":"https:\/\/fmp-components.com\/es\/wp-json\/wp\/v2\/product\/941","targetHints":{"allow":["GET"]}}],"collection":[{"href":"https:\/\/fmp-components.com\/es\/wp-json\/wp\/v2\/product"}],"about":[{"href":"https:\/\/fmp-components.com\/es\/wp-json\/wp\/v2\/types\/product"}],"replies":[{"embeddable":true,"href":"https:\/\/fmp-components.com\/es\/wp-json\/wp\/v2\/comments?post=941"}],"wp:featuredmedia":[{"embeddable":true,"href":"https:\/\/fmp-components.com\/es\/wp-json\/wp\/v2\/media\/1132"}],"wp:attachment":[{"href":"https:\/\/fmp-components.com\/es\/wp-json\/wp\/v2\/media?parent=941"}],"wp:term":[{"taxonomy":"product_brand","embeddable":true,"href":"https:\/\/fmp-components.com\/es\/wp-json\/wp\/v2\/product_brand?post=941"},{"taxonomy":"product_cat","embeddable":true,"href":"https:\/\/fmp-components.com\/es\/wp-json\/wp\/v2\/product_cat?post=941"},{"taxonomy":"product_tag","embeddable":true,"href":"https:\/\/fmp-components.com\/es\/wp-json\/wp\/v2\/product_tag?post=941"}],"curies":[{"name":"gracias","href":"https:\/\/api.w.org\/{rel}","templated":true}]}}