{"id":925,"date":"2024-12-19T03:39:00","date_gmt":"2024-12-19T03:39:00","guid":{"rendered":"https:\/\/fmp-components.com\/product\/direct-supply-wt-3000psi-welded-tee-hydraulic-cylinder\/"},"modified":"2024-12-19T09:01:47","modified_gmt":"2024-12-19T09:01:47","slug":"direct-supply-wt-3000psi-welded-tee-hydraulic-cylinder","status":"publish","type":"product","link":"https:\/\/fmp-components.com\/es\/product\/direct-supply-wt-3000psi-welded-tee-hydraulic-cylinder\/","title":{"rendered":"Cilindro hidr\u00e1ulico en T soldado de 3000 psi con suministro directo"},"content":{"rendered":"<p>El cilindro hidr\u00e1ulico en T soldado Wt-3000Psi de Direct Supply es un producto de primera calidad de FMP, un reconocido fabricante fundado en 2006. Conocido por su compromiso con la calidad y la innovaci\u00f3n, FMP ha dise\u00f1ado este cilindro hidr\u00e1ulico espec\u00edficamente para aplicaciones de alta presi\u00f3n, garantizando as\u00ed su cumplimiento de las rigurosas exigencias de diversas tareas industriales. Con un enfoque en la durabilidad y la eficiencia, el modelo Wt-3000Psi se destaca como una opci\u00f3n confiable para profesionales que buscan soluciones hidr\u00e1ulicas potentes.<\/p>\n<p><img loading=\"lazy\" decoding=\"async\" class=\"size-full wp-image-975 aligncenter\" src=\"https:\/\/fmp-components.com\/wp-content\/uploads\/2024\/12\/Welded-Tee-Type-Cylinder1.webp\" alt=\"Cilindro tipo T soldado\" width=\"759\" height=\"761\" title=\"\" srcset=\"https:\/\/fmp-components.com\/wp-content\/uploads\/2024\/12\/Welded-Tee-Type-Cylinder1.webp 759w, https:\/\/fmp-components.com\/wp-content\/uploads\/2024\/12\/Welded-Tee-Type-Cylinder1-480x481.webp 480w\" sizes=\"(min-width: 0px) and (max-width: 480px) 480px, (min-width: 481px) 759px, 100vw\" \/><\/p>\n<h3>Caracter\u00edsticas y ventajas clave<\/h3>\n<ul>\n<li><strong>Alta capacidad:<\/strong><br \/>\nEl cilindro hidr\u00e1ulico Wt-3000Psi est\u00e1 dise\u00f1ado para soportar presiones de hasta 3000 PSI, lo que lo hace ideal para aplicaciones de servicio pesado. Su alta capacidad le permite manejar cargas considerables y un rendimiento eficaz en entornos exigentes, como obras de construcci\u00f3n, plantas de fabricaci\u00f3n y operaciones agr\u00edcolas.<\/li>\n<li><strong>Durabilidad:<\/strong><br \/>\nCon un dise\u00f1o de te soldada, este cilindro hidr\u00e1ulico est\u00e1 dise\u00f1ado para durar. Su robusta construcci\u00f3n minimiza el riesgo de fugas y fallos estructurales, garantizando un rendimiento duradero incluso en condiciones de funcionamiento extremas. Esta durabilidad se traduce en menores costes de mantenimiento y tiempo de inactividad, lo que lo convierte en una inversi\u00f3n rentable para las empresas.<\/li>\n<li><strong>Eficiencia:<\/strong><br \/>\nDise\u00f1ado para un funcionamiento suave, el cilindro hidr\u00e1ulico Wt-3000Psi ofrece un excelente rendimiento a la vez que optimiza el consumo de energ\u00eda. Su dise\u00f1o eficiente minimiza el consumo de fluido hidr\u00e1ulico, lo que contribuye a reducir los costos operativos y el impacto ambiental. Esta eficiencia es crucial para maximizar la productividad en diversas aplicaciones.<\/li>\n<\/ul>\n<p><img decoding=\"async\" src=\"https:\/\/hzpt.com\/wp-content\/uploads\/2023\/12\/random-2.webp\" alt=\"\" title=\"\"><\/p>\n<h3>Especificaciones t\u00e9cnicas<\/h3>\n<p>Las especificaciones t\u00e9cnicas del cilindro hidr\u00e1ulico en T soldado Wt-3000Psi incluyen sus dimensiones, peso, tipos de conexi\u00f3n y otros par\u00e1metros esenciales que definen su rendimiento y compatibilidad con los sistemas hidr\u00e1ulicos. Comprender estas especificaciones es fundamental para garantizar una correcta integraci\u00f3n en la maquinaria existente y obtener resultados \u00f3ptimos.<\/p>\n<table style=\"width: 91.2201%; height: 195px;\">\n<thead>\n<tr>\n<th>Especificaci\u00f3n<\/th>\n<th>Descripci\u00f3n<\/th>\n<\/tr>\n<\/thead>\n<tbody>\n<tr>\n<td><strong>Presi\u00f3n m\u00e1xima<\/strong><\/td>\n<td>3000 PSI<\/td>\n<\/tr>\n<tr>\n<td><strong>Longitud del trazo<\/strong><\/td>\n<td>Personalizable<\/td>\n<\/tr>\n<tr>\n<td><strong>Material<\/strong><\/td>\n<td>Acero de alta resistencia<\/td>\n<\/tr>\n<tr>\n<td><strong>Tipo de conexi\u00f3n<\/strong><\/td>\n<td>Con bridas o roscadas<\/td>\n<\/tr>\n<tr>\n<td><strong>Peso<\/strong><\/td>\n<td>Var\u00eda seg\u00fan el tama\u00f1o<\/td>\n<\/tr>\n<\/tbody>\n<\/table>\n<h3><\/h3>\n<h3><img loading=\"lazy\" decoding=\"async\" class=\"size-full wp-image-976 aligncenter\" src=\"https:\/\/fmp-components.com\/wp-content\/uploads\/2024\/12\/Welded-Tee-Type-Cylinder2.webp\" alt=\"Cilindro tipo T soldado\" width=\"764\" height=\"675\" title=\"\" srcset=\"https:\/\/fmp-components.com\/wp-content\/uploads\/2024\/12\/Welded-Tee-Type-Cylinder2.webp 764w, https:\/\/fmp-components.com\/wp-content\/uploads\/2024\/12\/Welded-Tee-Type-Cylinder2-480x424.webp 480w\" sizes=\"(min-width: 0px) and (max-width: 480px) 480px, (min-width: 481px) 764px, 100vw\" \/>Sistemas hidr\u00e1ulicos y principio de funcionamiento<\/h3>\n<p>El cilindro hidr\u00e1ulico funciona seg\u00fan el principio fundamental de convertir la energ\u00eda hidr\u00e1ulica en energ\u00eda mec\u00e1nica. Este proceso comienza con el movimiento del fluido hidr\u00e1ulico, que se bombea al cilindro. Al entrar, el fluido ejerce presi\u00f3n sobre el pist\u00f3n dentro del cilindro.<\/p>\n<p>Este movimiento del pist\u00f3n, impulsado por la presi\u00f3n, genera una fuerza lineal que se utiliza para realizar diversas tareas, como levantar, empujar o jalar cargas pesadas. La capacidad de controlar la velocidad y la direcci\u00f3n del pist\u00f3n permite operaciones precisas en una amplia gama de aplicaciones.<\/p>\n<p>El cilindro hidr\u00e1ulico en T soldado Wt-3000Psi de Direct Supply es un componente potente y confiable, dise\u00f1ado para entornos de alta presi\u00f3n. Sus caracter\u00edsticas \u00fanicas y su eficiente funcionamiento lo convierten en una herramienta esencial para industrias que requieren soluciones hidr\u00e1ulicas robustas, garantizando seguridad, confiabilidad y una mayor productividad.<\/p>\n<h2>Historial y mantenimiento del producto<\/h2>\n<p>La historia del cilindro hidr\u00e1ulico en T soldado Wt-3000Psi demuestra el compromiso de FMP con la calidad y la innovaci\u00f3n. El mantenimiento regular garantiza su durabilidad y un funcionamiento eficiente.<\/p>\n<p>&nbsp;<\/p>\n<p><img decoding=\"async\" class=\"aligncenter\" src=\"https:\/\/hzpt.com\/wp-content\/uploads\/2023\/12\/random-3.webp\" alt=\"\" title=\"\"><\/p>\n<h2>Ventajas del cilindro tipo T soldado<\/h2>\n<ul>\n<li style=\"list-style-type: none;\">\n<ul>\n<li><strong>Mayor fuerza:<\/strong> Los cilindros soldados tipo T son conocidos por su alta resistencia, lo que los hace ideales para aplicaciones que requieren elevaci\u00f3n de cargas pesadas. El proceso de soldadura empleado en su fabricaci\u00f3n garantiza que no presenten puntos d\u00e9biles y soporten altas presiones y tensiones.<\/li>\n<\/ul>\n<\/li>\n<\/ul>\n<p>Al ejercer presi\u00f3n sobre el cilindro, esta se distribuye uniformemente por toda su superficie, lo que lo hace resistente a la deformaci\u00f3n. Esta caracter\u00edstica garantiza que el cilindro mantenga su forma e integridad estructural incluso en condiciones extremas.<\/p>\n<ul>\n<li style=\"list-style-type: none;\">\n<ul>\n<li><strong>Prevenci\u00f3n de fugas:<\/strong> Los cilindros soldados en T est\u00e1n dise\u00f1ados para evitar fugas. El proceso de soldadura empleado durante su fabricaci\u00f3n garantiza un sellado completo y la ausencia de posibles fugas. Esta caracter\u00edstica los hace ideales para aplicaciones donde las fugas podr\u00edan causar da\u00f1os o lesiones graves.<\/li>\n<\/ul>\n<\/li>\n<\/ul>\n<p>Las uniones soldadas son lisas, sin grietas ni ranuras donde puedan acumularse residuos o suciedad, lo que reduce el riesgo de corrosi\u00f3n y da\u00f1os al cilindro.<\/p>\n<ul>\n<li style=\"list-style-type: none;\">\n<ul>\n<li><strong>Personalizable:<\/strong> Los cilindros soldados tipo T se pueden personalizar para adaptarse a aplicaciones espec\u00edficas. Est\u00e1n disponibles en diferentes tama\u00f1os y formas, y se fabrican para satisfacer los requisitos espec\u00edficos de cada aplicaci\u00f3n.<\/li>\n<\/ul>\n<\/li>\n<\/ul>\n<p>El proceso de personalizaci\u00f3n permite optimizar el rendimiento del cilindro, garantizando su idoneidad para la aplicaci\u00f3n prevista. Esta caracter\u00edstica hace que los cilindros soldados en T sean ideales para diversas aplicaciones industriales, como la construcci\u00f3n, la miner\u00eda y la manipulaci\u00f3n de materiales.<\/p>\n<ul>\n<li style=\"list-style-type: none;\">\n<ul>\n<li><strong>Rentable:<\/strong> Los cilindros soldados en T son m\u00e1s rentables que otros tipos de cilindros. Su proceso de fabricaci\u00f3n es sencillo, lo que los hace m\u00e1s econ\u00f3micos que otros.<\/li>\n<\/ul>\n<\/li>\n<\/ul>\n<p>Adem\u00e1s, la alta resistencia y durabilidad de los cilindros soldados en T reducen la necesidad de reparaciones y reemplazos frecuentes, lo que reduce los costos de mantenimiento. Esta caracter\u00edstica los convierte en una opci\u00f3n popular para muchas industrias, especialmente para aquellas con presupuesto limitado.<\/p>\n<ul>\n<li style=\"list-style-type: none;\">\n<ul>\n<li><strong>Mayor eficiencia:<\/strong> Los cilindros soldados en T son altamente eficientes y eficaces. Su dise\u00f1o garantiza que la fuerza aplicada se transfiera directamente a la carga, lo que reduce la p\u00e9rdida de energ\u00eda y aumenta la eficiencia.<\/li>\n<\/ul>\n<\/li>\n<\/ul>\n<p>Las uniones soldadas son resistentes y r\u00edgidas, lo que minimiza la deflexi\u00f3n y garantiza que el cilindro mantenga su forma e integridad estructural incluso en condiciones extremas. Esta caracter\u00edstica hace que los cilindros soldados tipo T sean ideales para aplicaciones que requieren alta eficiencia y fiabilidad.<\/p>\n<h2>Aplicaci\u00f3n del cilindro soldado tipo T<\/h2>\n<ul>\n<li>\n<h3>Maquinaria y equipo industrial<\/h3>\n<p>El cilindro soldado en T se utiliza ampliamente en maquinaria y equipos industriales, especialmente en sistemas hidr\u00e1ulicos. El cilindro consta de un pist\u00f3n y un tubo, soldados entre s\u00ed para formar una sola unidad. Este dise\u00f1o ofrece varias ventajas sobre otros tipos de cilindros, como mayor durabilidad, mayor resistencia y mayor precisi\u00f3n.<\/p>\n<p>Una de las aplicaciones m\u00e1s importantes del cilindro soldado en T en maquinaria industrial es su capacidad para proporcionar una fuerza constante y precisa. Esto es esencial en muchos procesos de fabricaci\u00f3n, donde se requiere un control preciso para garantizar la calidad del producto final. El cilindro soldado en T tambi\u00e9n puede utilizarse para regular el flujo de fluidos en sistemas hidr\u00e1ulicos, lo que permite una mayor eficiencia y fiabilidad en diversas aplicaciones industriales.<\/li>\n<li>\n<h3>Equipo agr\u00edcola<\/h3>\n<p>El cilindro soldado en T tambi\u00e9n se utiliza com\u00fanmente en equipos agr\u00edcolas, como tractores y cosechadoras. Estas m\u00e1quinas requieren sistemas hidr\u00e1ulicos potentes y fiables para funcionar eficazmente, y el cilindro soldado en T es la opci\u00f3n ideal para este fin.<\/p>\n<p>La robusta construcci\u00f3n y alta resistencia del cilindro lo hacen altamente resistente al desgaste, incluso en condiciones de operaci\u00f3n adversas. Esto lo convierte en la opci\u00f3n ideal para su uso en equipos agr\u00edcolas, donde la durabilidad es un factor clave. El cilindro soldado en T tambi\u00e9n puede utilizarse para proporcionar el control preciso necesario en numerosos procesos agr\u00edcolas, como la siembra, la cosecha y el riego.<\/li>\n<li>\n<h3>Equipos de construcci\u00f3n<\/h3>\n<p>El cilindro soldado tipo T tambi\u00e9n se utiliza ampliamente en equipos de construcci\u00f3n, como excavadoras, retroexcavadoras y bulldozers. Estas m\u00e1quinas requieren sistemas hidr\u00e1ulicos potentes y fiables para realizar tareas pesadas, como excavar, levantar y empujar cargas pesadas.<\/p>\n<p>La alta resistencia y durabilidad del cilindro soldado en T lo convierten en la opci\u00f3n ideal para equipos de construcci\u00f3n. Su capacidad para proporcionar un control preciso y una fuerza constante es esencial para numerosos procesos de construcci\u00f3n, como excavaci\u00f3n, nivelaci\u00f3n y pavimentaci\u00f3n. El cilindro soldado en T tambi\u00e9n se puede utilizar para regular el flujo de fluidos en sistemas hidr\u00e1ulicos, mejorando la eficiencia y la fiabilidad de los equipos de construcci\u00f3n en diversas aplicaciones.<\/li>\n<\/ul>\n<p><img loading=\"lazy\" decoding=\"async\" class=\"size-full wp-image-974 aligncenter\" src=\"https:\/\/fmp-components.com\/wp-content\/uploads\/2024\/12\/application-of-Welded-Tee-Type-Cylinder.webp\" alt=\"Aplicaci\u00f3n de cilindros soldados tipo T\" width=\"760\" height=\"860\" title=\"\" srcset=\"https:\/\/fmp-components.com\/wp-content\/uploads\/2024\/12\/application-of-Welded-Tee-Type-Cylinder.webp 760w, https:\/\/fmp-components.com\/wp-content\/uploads\/2024\/12\/application-of-Welded-Tee-Type-Cylinder-480x543.webp 480w\" sizes=\"(min-width: 0px) and (max-width: 480px) 480px, (min-width: 481px) 760px, 100vw\" \/><\/p>\n<h3>Acerca de FMP<\/h3>\n<p>FMP, con m\u00e1s de 30 a\u00f1os de experiencia, es un fabricante y proveedor profesional de diversos tipos de cilindros hidr\u00e1ulicos, con sede en Italia. Contamos con m\u00e1s de 100 equipos, incluyendo m\u00e1quinas de soldadura autom\u00e1ticas con protecci\u00f3n de gas, mandrinadoras de agujeros profundos, tornos CNC, rectificadoras cil\u00edndricas, m\u00e1quinas de limpieza autom\u00e1ticas, m\u00e1quinas de instalaci\u00f3n autom\u00e1ticas, bancos de prueba de rendimiento para cilindros hidr\u00e1ulicos, l\u00edneas de pintura autom\u00e1ticas y m\u00e1s.<\/p>\n<p>Nuestros cilindros hidr\u00e1ulicos se someten a un riguroso proceso e inspecci\u00f3n para garantizar la mejor calidad a nuestros clientes. Ofrecemos una gama de productos, que incluye pendientes para cilindros hidr\u00e1ulicos, cilindros hidr\u00e1ulicos telesc\u00f3picos autom\u00e1ticos bidireccionales y m\u00e1s.<\/p>\n<h4>Nuestras ventajas:<\/h4>\n<ul>\n<li><strong>Servicio de dise\u00f1o:<\/strong> Nuestro experimentado equipo de dise\u00f1o puede ayudarle con el desarrollo de nuevos productos o mejoras en productos existentes para satisfacer sus necesidades.<\/li>\n<li><strong>Servicio de producto:<\/strong> Seguimos meticulosamente nuestro proceso de producci\u00f3n, desde las materias primas hasta el transporte, para garantizar productos de la m\u00e1s alta calidad.<\/li>\n<li><strong>Proceso de muestra:<\/strong> Podemos desarrollar muestras para satisfacer sus necesidades espec\u00edficas y modificarlas continuamente hasta cumplir con sus requisitos.<\/li>\n<li><strong>I+D:<\/strong> Realizamos investigaci\u00f3n y desarrollo para estudiar nuevas necesidades del mercado y desarrollar nuevos modelos cuando se introducen nuevos autom\u00f3viles al mercado.<\/li>\n<li><strong>Personalizaci\u00f3n:<\/strong> Ofrecemos una gama de opciones de personalizaci\u00f3n para satisfacer sus requisitos espec\u00edficos.<\/li>\n<\/ul>\n<p>En FMP, nos dedicamos a proporcionar cilindros hidr\u00e1ulicos de alta calidad y un servicio al cliente excepcional. Cont\u00e1ctenos hoy mismo para descubrir c\u00f3mo podemos ayudarle con sus necesidades de cilindros hidr\u00e1ulicos.<\/p>\n<p><img decoding=\"async\" src=\"https:\/\/fmp-components.com\/wp-content\/uploads\/2024\/12\/fmp-factory-4.webp\" alt=\"F\u00e1brica de FMP\" width=\"800\" title=\"\"><br \/>\nAutor: CX<\/p>","protected":false},"excerpt":{"rendered":"<p>The Wt-3000Psi Welded Tee Hydraulic Cylinder by Direct Supply is a premier product from FMP, a renowned manufacturer established in 2006. Known for its commitment to quality and innovation, FMP has designed this hydraulic cylinder specifically for high-pressure applications, ensuring it meets the rigorous demands of various industrial tasks. With a focus on durability and [&hellip;]<\/p>","protected":false},"featured_media":1133,"comment_status":"closed","ping_status":"closed","template":"","meta":{"_et_pb_use_builder":"","_et_pb_old_content":"","_et_gb_content_width":""},"product_brand":[],"product_cat":[31],"product_tag":[34,35],"class_list":{"0":"post-925","1":"product","2":"type-product","3":"status-publish","4":"has-post-thumbnail","6":"product_cat-welded-tee-type-cylinder","7":"product_tag-hydraulic-cylinder","8":"product_tag-welded-tee-type-cylinder","10":"first","11":"instock","12":"product-type-simple"},"_links":{"self":[{"href":"https:\/\/fmp-components.com\/es\/wp-json\/wp\/v2\/product\/925","targetHints":{"allow":["GET"]}}],"collection":[{"href":"https:\/\/fmp-components.com\/es\/wp-json\/wp\/v2\/product"}],"about":[{"href":"https:\/\/fmp-components.com\/es\/wp-json\/wp\/v2\/types\/product"}],"replies":[{"embeddable":true,"href":"https:\/\/fmp-components.com\/es\/wp-json\/wp\/v2\/comments?post=925"}],"wp:featuredmedia":[{"embeddable":true,"href":"https:\/\/fmp-components.com\/es\/wp-json\/wp\/v2\/media\/1133"}],"wp:attachment":[{"href":"https:\/\/fmp-components.com\/es\/wp-json\/wp\/v2\/media?parent=925"}],"wp:term":[{"taxonomy":"product_brand","embeddable":true,"href":"https:\/\/fmp-components.com\/es\/wp-json\/wp\/v2\/product_brand?post=925"},{"taxonomy":"product_cat","embeddable":true,"href":"https:\/\/fmp-components.com\/es\/wp-json\/wp\/v2\/product_cat?post=925"},{"taxonomy":"product_tag","embeddable":true,"href":"https:\/\/fmp-components.com\/es\/wp-json\/wp\/v2\/product_tag?post=925"}],"curies":[{"name":"gracias","href":"https:\/\/api.w.org\/{rel}","templated":true}]}}