{"id":885,"date":"2024-12-19T02:48:59","date_gmt":"2024-12-19T02:48:59","guid":{"rendered":"https:\/\/fmp-components.com\/?page_id=8"},"modified":"2024-12-19T02:50:44","modified_gmt":"2024-12-19T02:50:44","slug":"hydraulic-cylinder-for-double-shield-tunnel-boring-machine","status":"publish","type":"product","link":"https:\/\/fmp-components.com\/es\/product\/hydraulic-cylinder-for-double-shield-tunnel-boring-machine\/","title":{"rendered":"Cilindro hidr\u00e1ulico para tuneladora de doble escudo"},"content":{"rendered":"<p style=\"text-align: center;\"><span style=\"font-size: 18pt;\">Cilindro hidr\u00e1ulico para tuneladora de doble escudo<\/span><\/p>\n<p>El cilindro hidr\u00e1ulico para tuneladoras de doble escudo es un componente esencial dise\u00f1ado para mejorar la eficiencia y la precisi\u00f3n de la excavaci\u00f3n de t\u00faneles. Este avanzado sistema hidr\u00e1ulico permite un funcionamiento eficaz dentro del exclusivo sistema de doble escudo, posibilitando la perforaci\u00f3n del t\u00fanel y la instalaci\u00f3n de soportes simult\u00e1neamente.<\/p>\n<p><img loading=\"lazy\" decoding=\"async\" class=\"alignnone size-full wp-image-911\" src=\"https:\/\/fmp-components.com\/wp-content\/uploads\/2024\/12\/Double-Shield-Tunnel-Boring-Machine-Support-Shoe-Cylinder-1.webp\" alt=\"Cilindro de soporte de zapata para tuneladora de doble escudo\" width=\"980\" height=\"554\" title=\"\" srcset=\"https:\/\/fmp-components.com\/wp-content\/uploads\/2024\/12\/Double-Shield-Tunnel-Boring-Machine-Support-Shoe-Cylinder-1.webp 980w, https:\/\/fmp-components.com\/wp-content\/uploads\/2024\/12\/Double-Shield-Tunnel-Boring-Machine-Support-Shoe-Cylinder-1-480x271.webp 480w\" sizes=\"(min-width: 0px) and (max-width: 480px) 480px, (min-width: 481px) 980px, 100vw\" \/><\/p>\n<h4>Caracter\u00edsticas principales:<\/h4>\n<ul>\n<li><strong>Alta capacidad de empuje:<\/strong><br \/>\nDise\u00f1ados para proporcionar una fuerza sustancial, estos cilindros hidr\u00e1ulicos facilitan una excavaci\u00f3n r\u00e1pida, reduciendo significativamente los plazos de los proyectos y mejorando la productividad general.<\/li>\n<li><strong>Gran durabilidad:<\/strong><br \/>\nConstruidos con materiales de alta resistencia, los cilindros est\u00e1n dise\u00f1ados para soportar las duras condiciones que se encuentran en la construcci\u00f3n de t\u00faneles, lo que garantiza un rendimiento y una fiabilidad duraderos.<\/li>\n<li><strong>Control de precisi\u00f3n:<\/strong><br \/>\nEl sistema hidr\u00e1ulico permite un movimiento y control precisos de la tuneladora, lo que posibilita una alineaci\u00f3n y perforaci\u00f3n exactas, algo fundamental para cumplir con las especificaciones del proyecto y las normas de seguridad.<\/li>\n<li><strong>Estabilidad mejorada:<\/strong><br \/>\nEstos cilindros contribuyen a la estabilidad general del sistema de doble blindaje, garantizando un funcionamiento seguro a trav\u00e9s de diversas formaciones geol\u00f3gicas y minimizando el riesgo de accidentes.<\/li>\n<li><strong>Aplicaciones vers\u00e1tiles:<\/strong><br \/>\nAptos para una amplia gama de proyectos, incluidos sistemas de metro, t\u00faneles de servicios p\u00fablicos y desarrollos de infraestructura, estos cilindros hidr\u00e1ulicos se adaptan a diversas necesidades de tunelizaci\u00f3n.<\/li>\n<li><strong>Requisitos de bajo mantenimiento:<\/strong><br \/>\nSu dise\u00f1o duradero reduce el desgaste, lo que conlleva menores costes de mantenimiento y menos tiempo de inactividad, mejorando as\u00ed la eficiencia general del proyecto.<\/li>\n<li><strong>Caracter\u00edsticas de seguridad avanzadas:<\/strong><br \/>\nEquipados con mecanismos de seguridad para evitar la desconexi\u00f3n accidental, estos cilindros hidr\u00e1ulicos garantizan un funcionamiento seguro, protegiendo tanto al personal como a la maquinaria durante la excavaci\u00f3n.<\/li>\n<\/ul>\n<p>El cilindro hidr\u00e1ulico para tuneladoras de doble escudo es un componente vital en la tecnolog\u00eda moderna de tunelizaci\u00f3n, ya que proporciona alto rendimiento, durabilidad y seguridad. Su integraci\u00f3n en las tuneladoras mejora significativamente la eficiencia y el \u00e9xito de los proyectos de construcci\u00f3n subterr\u00e1nea, convirti\u00e9ndolo en un elemento indispensable para el desarrollo de infraestructuras.<\/p>\n<h2>Cilindro de soporte de zapata para tuneladora de doble escudo<\/h2>\n<p><img loading=\"lazy\" decoding=\"async\" class=\"size-full wp-image-912 aligncenter\" src=\"https:\/\/fmp-components.com\/wp-content\/uploads\/2024\/12\/Double-Shield-Tunnel-Boring-Machine-Support-Shoe-Cylinder.webp\" alt=\"Cilindro de soporte de zapata para tuneladora de doble escudo\" width=\"500\" height=\"200\" title=\"\" srcset=\"https:\/\/fmp-components.com\/wp-content\/uploads\/2024\/12\/Double-Shield-Tunnel-Boring-Machine-Support-Shoe-Cylinder.webp 500w, https:\/\/fmp-components.com\/wp-content\/uploads\/2024\/12\/Double-Shield-Tunnel-Boring-Machine-Support-Shoe-Cylinder-480x192.webp 480w\" sizes=\"(min-width: 0px) and (max-width: 480px) 480px, (min-width: 481px) 500px, 100vw\" \/><\/p>\n<table style=\"width: 94.1786%; height: 146px;\" border=\"1\" cellspacing=\"0\" cellpadding=\"0\">\n<tbody>\n<tr>\n<td>Nombre del producto<\/td>\n<td>Cilindro de soporte de zapata para tuneladora de doble escudo<\/td>\n<\/tr>\n<tr>\n<td>Caracter\u00edsticas:<\/td>\n<td>Proporciona el empuje del cabezal de corte para la tunelizaci\u00f3n.<\/td>\n<\/tr>\n<tr>\n<td>Di\u00e1metro del orificio:<\/td>\n<td>320 mm \uff5e700 mm<\/td>\n<\/tr>\n<tr>\n<td>Di\u00e1metro de la varilla:<\/td>\n<td>220 mm \uff5e 500 mm<br \/>\nCarrera: 300 mm \uff5e 1200 mm<\/td>\n<\/tr>\n<tr>\n<td>Presi\u00f3n:<\/td>\n<td>hasta 35 MPa<\/td>\n<\/tr>\n<tr>\n<td>Aplicaciones:<\/td>\n<td>M\u00e1quina perforadora de t\u00faneles de doble escudo<\/td>\n<\/tr>\n<\/tbody>\n<\/table>\n<h2>Cilindro de torsi\u00f3n de la tuneladora de doble escudo<\/h2>\n<p><img loading=\"lazy\" decoding=\"async\" class=\"size-full wp-image-907 aligncenter\" src=\"https:\/\/fmp-components.com\/wp-content\/uploads\/2024\/12\/Double-Shield-Tunnel-Boring-Machine-Torque-Cylinder.webp\" alt=\"Cilindro de torsi\u00f3n de la tuneladora de doble escudo\" width=\"500\" height=\"200\" title=\"\" srcset=\"https:\/\/fmp-components.com\/wp-content\/uploads\/2024\/12\/Double-Shield-Tunnel-Boring-Machine-Torque-Cylinder.webp 500w, https:\/\/fmp-components.com\/wp-content\/uploads\/2024\/12\/Double-Shield-Tunnel-Boring-Machine-Torque-Cylinder-480x192.webp 480w\" sizes=\"(min-width: 0px) and (max-width: 480px) 480px, (min-width: 481px) 500px, 100vw\" \/><\/p>\n<table style=\"width: 94.832%; height: 150px;\" border=\"1\" cellspacing=\"0\" cellpadding=\"0\">\n<tbody>\n<tr>\n<td>Nombre del producto<\/td>\n<td>Cilindro de torsi\u00f3n de la tuneladora de doble escudo<\/td>\n<\/tr>\n<tr>\n<td>Caracter\u00edsticas:<\/td>\n<td>Transmitir el par de torsi\u00f3n del cabezal de corte<\/td>\n<\/tr>\n<tr>\n<td>Especificaci\u00f3n:<\/td>\n<td>Se pueden dise\u00f1ar y fabricar cilindros de torsi\u00f3n con diversas estructuras y especificaciones seg\u00fan las necesidades del cliente.<\/td>\n<\/tr>\n<tr>\n<td>Presi\u00f3n:<\/td>\n<td>hasta 25 MPa<br \/>\nRequisitos especiales hasta 35 MPa<\/td>\n<\/tr>\n<tr>\n<td>Aplicaciones:<\/td>\n<td>M\u00e1quina perforadora de t\u00faneles de doble escudo<\/td>\n<\/tr>\n<\/tbody>\n<\/table>\n<h2>Cilindro de empuje principal de la tuneladora de doble escudo<\/h2>\n<p><img loading=\"lazy\" decoding=\"async\" class=\"size-full wp-image-906 aligncenter\" src=\"https:\/\/fmp-components.com\/wp-content\/uploads\/2024\/12\/Double-Shield-Tunnel-Boring-Machine-Main-Thrust-Cylinder.webp\" alt=\"Cilindro de empuje principal de la tuneladora de doble escudo\" width=\"500\" height=\"200\" title=\"\" srcset=\"https:\/\/fmp-components.com\/wp-content\/uploads\/2024\/12\/Double-Shield-Tunnel-Boring-Machine-Main-Thrust-Cylinder.webp 500w, https:\/\/fmp-components.com\/wp-content\/uploads\/2024\/12\/Double-Shield-Tunnel-Boring-Machine-Main-Thrust-Cylinder-480x192.webp 480w\" sizes=\"(min-width: 0px) and (max-width: 480px) 480px, (min-width: 481px) 500px, 100vw\" \/><\/p>\n<table style=\"width: 96.1207%; height: 146px;\" border=\"1\" cellspacing=\"0\" cellpadding=\"0\">\n<tbody>\n<tr>\n<td>Nombre del producto<\/td>\n<td>Cilindro de empuje principal de la tuneladora de doble escudo<\/td>\n<\/tr>\n<tr>\n<td>Caracter\u00edsticas:<\/td>\n<td>Proporcionar el impulso necesario para el avance del t\u00fanel mediante tuneladoras (TBM).<\/td>\n<\/tr>\n<tr>\n<td>Di\u00e1metro del orificio:<\/td>\n<td>220 mm \uff5e 380 mm<\/td>\n<\/tr>\n<tr>\n<td>Di\u00e1metro de la varilla:<\/td>\n<td>150 mm \uff5e 280 mm<br \/>\nCarrera: 1100 mm \uff5e 1700 mm<\/td>\n<\/tr>\n<tr>\n<td>Presi\u00f3n:<\/td>\n<td>hasta 35 MPa<\/td>\n<\/tr>\n<tr>\n<td>Aplicaciones:<\/td>\n<td>M\u00e1quina perforadora de t\u00faneles de doble escudo<\/td>\n<\/tr>\n<\/tbody>\n<\/table>\n<h2>Cilindro de empuje auxiliar de la tuneladora de doble escudo<\/h2>\n<p><img loading=\"lazy\" decoding=\"async\" class=\"size-full wp-image-904 aligncenter\" src=\"https:\/\/fmp-components.com\/wp-content\/uploads\/2024\/12\/Double-Shield-Tunnel-Boring-Machine-Auxiliary-Thrust-Cylinder.webp\" alt=\"Cilindro de empuje auxiliar de la tuneladora de doble escudo\" width=\"500\" height=\"200\" title=\"\" srcset=\"https:\/\/fmp-components.com\/wp-content\/uploads\/2024\/12\/Double-Shield-Tunnel-Boring-Machine-Auxiliary-Thrust-Cylinder.webp 500w, https:\/\/fmp-components.com\/wp-content\/uploads\/2024\/12\/Double-Shield-Tunnel-Boring-Machine-Auxiliary-Thrust-Cylinder-480x192.webp 480w\" sizes=\"(min-width: 0px) and (max-width: 480px) 480px, (min-width: 481px) 500px, 100vw\" \/><\/p>\n<table style=\"width: 97.5599%; height: 190px;\" border=\"1\" cellspacing=\"0\" cellpadding=\"0\">\n<tbody>\n<tr>\n<td>Nombre del producto<\/td>\n<td>Cilindro de empuje auxiliar de la tuneladora de doble escudo<\/td>\n<\/tr>\n<tr>\n<td>Caracter\u00edsticas:<\/td>\n<td>Aprovechando la fuerza de reacci\u00f3n del cilindro de empuje auxiliar para impulsar el tubo y hacer avanzar la tuneladora, esta avanzar\u00e1.<\/td>\n<\/tr>\n<tr>\n<td>Di\u00e1metro del orificio:<\/td>\n<td>220 mm \uff5e 320 mm<\/td>\n<\/tr>\n<tr>\n<td>Di\u00e1metro de la varilla:<\/td>\n<td>180 mm \uff5e 240 mm<br \/>\nCarrera: 2100 mm \uff5e 2600 mm<\/td>\n<\/tr>\n<tr>\n<td>Presi\u00f3n:<\/td>\n<td>hasta 35 MPa<br \/>\nRequisitos especiales hasta 45 MPa<\/td>\n<\/tr>\n<tr>\n<td>Aplicaciones:<\/td>\n<td>M\u00e1quina perforadora de t\u00faneles de doble escudo<\/td>\n<\/tr>\n<\/tbody>\n<\/table>\n<h3><\/h3>\n<h3>\u00bfC\u00f3mo funciona el cilindro hidr\u00e1ulico de la tuneladora de doble escudo?<\/h3>\n<p>El cilindro hidr\u00e1ulico de una tuneladora de doble escudo (TBM) desempe\u00f1a un papel crucial en el proceso de excavaci\u00f3n del t\u00fanel. A continuaci\u00f3n, se ofrece una descripci\u00f3n general de su funcionamiento:<\/p>\n<ul>\n<li><strong>Generaci\u00f3n de energ\u00eda hidr\u00e1ulica:<\/strong><br \/>\nEl sistema hidr\u00e1ulico genera energ\u00eda mediante el uso de fluido hidr\u00e1ulico, que se presuriza a trav\u00e9s de bombas hidr\u00e1ulicas. Esta presurizaci\u00f3n crea la fuerza que se transmite a los cilindros hidr\u00e1ulicos.<\/li>\n<li><strong>Generaci\u00f3n de empuje:<\/strong><br \/>\nEl cilindro hidr\u00e1ulico convierte la energ\u00eda del fluido hidr\u00e1ulico en energ\u00eda mec\u00e1nica, proporcionando empuje a la tuneladora. Este empuje impulsa la m\u00e1quina hacia adelante contra la roca o el suelo, permitiendo una excavaci\u00f3n eficaz.<\/li>\n<li><strong>Mecanismo de doble protecci\u00f3n:<\/strong><br \/>\nEn una tuneladora de doble escudo, hay dos escudos: el escudo delantero (escudo de corte) y el escudo trasero (escudo de soporte). Ambos escudos integran cilindros hidr\u00e1ulicos, lo que permite la excavaci\u00f3n y la instalaci\u00f3n de soportes simult\u00e1neamente.<\/li>\n<li><strong>Funcionamiento del cabezal de corte:<\/strong><br \/>\nLos cilindros hidr\u00e1ulicos controlan el movimiento del cabezal de corte situado en la parte delantera de la tuneladora. Al extenderse y retraerse, ayudan a posicionar las herramientas de corte para penetrar eficazmente en el terreno.<\/li>\n<\/ul>\n<p><img loading=\"lazy\" decoding=\"async\" class=\"alignnone size-full wp-image-909\" src=\"https:\/\/fmp-components.com\/wp-content\/uploads\/2024\/12\/Double-Shield-Tunnel-Boring-Machine-Torque-Cylinder-1.webp\" alt=\"Cilindro de par de la tuneladora de doble escudo\" width=\"1024\" height=\"555\" title=\"\" srcset=\"https:\/\/fmp-components.com\/wp-content\/uploads\/2024\/12\/Double-Shield-Tunnel-Boring-Machine-Torque-Cylinder-1.webp 1024w, https:\/\/fmp-components.com\/wp-content\/uploads\/2024\/12\/Double-Shield-Tunnel-Boring-Machine-Torque-Cylinder-1-980x531.webp 980w, https:\/\/fmp-components.com\/wp-content\/uploads\/2024\/12\/Double-Shield-Tunnel-Boring-Machine-Torque-Cylinder-1-480x260.webp 480w\" sizes=\"(min-width: 0px) and (max-width: 480px) 480px, (min-width: 481px) and (max-width: 980px) 980px, (min-width: 981px) 1024px, 100vw\" \/><\/p>\n<ul>\n<li><strong>Soporte para la instalaci\u00f3n:<\/strong><br \/>\nA medida que la m\u00e1quina avanza, el escudo trasero utiliza cilindros hidr\u00e1ulicos para instalar estructuras de soporte (como segmentos o revestimientos) detr\u00e1s del cabezal de corte, lo que garantiza la estabilidad del t\u00fanel durante la excavaci\u00f3n.<\/li>\n<li><strong>Control de retroalimentaci\u00f3n:<\/strong><br \/>\nEl sistema hidr\u00e1ulico est\u00e1 equipado con sensores y sistemas de control que supervisan la presi\u00f3n y la posici\u00f3n de los cilindros hidr\u00e1ulicos. Esta informaci\u00f3n permite realizar ajustes precisos, garantizando un rendimiento y una seguridad \u00f3ptimos.<\/li>\n<li><strong>Estabilidad y seguridad:<\/strong><br \/>\nLos cilindros hidr\u00e1ulicos contribuyen a la estabilidad general de la tuneladora, ayudando a mantener la alineaci\u00f3n y el equilibrio, lo que reduce el riesgo de accidentes e interrupciones operativas.<\/li>\n<li><strong>Adaptabilidad:<\/strong><br \/>\nEl sistema hidr\u00e1ulico puede ajustarse para adaptarse a diferentes tipos de suelo y condiciones geol\u00f3gicas, lo que lo hace vers\u00e1til para diversos proyectos de t\u00faneles.<\/li>\n<\/ul>\n<p>Mediante una gesti\u00f3n eficaz del empuje, la estabilidad y el soporte, los cilindros hidr\u00e1ulicos de una tuneladora de doble escudo son esenciales para una excavaci\u00f3n de t\u00faneles exitosa y segura, mejorando la eficiencia y la fiabilidad de la construcci\u00f3n subterr\u00e1nea moderna.<\/p>\n<p><img loading=\"lazy\" decoding=\"async\" class=\"alignnone  wp-image-914\" src=\"https:\/\/fmp-components.com\/wp-content\/uploads\/2024\/12\/Double-Shield-Tunnel-Boring-Machine-Main-Thrust-Cylinder-1.webp\" alt=\"Cilindro de empuje principal de la tuneladora de doble escudo\" width=\"907\" height=\"305\" title=\"\" srcset=\"https:\/\/fmp-components.com\/wp-content\/uploads\/2024\/12\/Double-Shield-Tunnel-Boring-Machine-Main-Thrust-Cylinder-1.webp 907w, https:\/\/fmp-components.com\/wp-content\/uploads\/2024\/12\/Double-Shield-Tunnel-Boring-Machine-Main-Thrust-Cylinder-1-480x161.webp 480w\" sizes=\"(min-width: 0px) and (max-width: 480px) 480px, (min-width: 481px) 907px, 100vw\" \/><\/p>\n<h3>Acerca de FMP<\/h3>\n<p>FMP es una empresa especializada en la fabricaci\u00f3n de cilindros hidr\u00e1ulicos. Desde su fundaci\u00f3n, la empresa se ha centrado en la investigaci\u00f3n y fabricaci\u00f3n de tecnolog\u00eda hidr\u00e1ulica, pasando de una gama de productos diversificada que inclu\u00eda maquinaria de cosecha y construcci\u00f3n a una especializaci\u00f3n en componentes para tractores agr\u00edcolas. Con m\u00e1s de una d\u00e9cada de experiencia en fabricaci\u00f3n y gesti\u00f3n, FMP garantiza productos de alta calidad mediante t\u00e9cnicas de producci\u00f3n avanzadas.<\/p>\n<p>A medida que la empresa ha evolucionado, ha desarrollado una l\u00ednea integral de producci\u00f3n de mecanizado, una l\u00ednea de ensamblaje y una l\u00ednea de recubrimiento. Nuestro equipo est\u00e1 formado por personal directivo cualificado, dise\u00f1adores mec\u00e1nicos con amplia experiencia y t\u00e9cnicos altamente capacitados que trabajan en equipo para mantener una calidad de producci\u00f3n estable, a la vez que controlan eficazmente la continuidad y la eficiencia del proceso.<\/p>\n<p>FMP defiende la filosof\u00eda de \u00abInnovaci\u00f3n tecnol\u00f3gica que impulsa el progreso, calidad que crea marcas, artesan\u00eda que garantiza la calidad y relaciones mutuamente beneficiosas a largo plazo\u00bb. Nuestro compromiso de ofrecer productos de alta calidad y un servicio al cliente superior sigue siendo un objetivo fundamental para satisfacer las cambiantes necesidades del mercado.<\/p>\n<p><img loading=\"lazy\" decoding=\"async\" class=\"alignnone size-full wp-image-426\" src=\"https:\/\/fmp-components.com\/wp-content\/uploads\/2024\/12\/Sanitation-Machinery-Locking-Hydraulic-Cylinder-factory.webp\" sizes=\"(min-width: 0px) and (max-width: 480px) 480px, (min-width: 481px) and (max-width: 980px) 980px, (min-width: 981px) and (max-width: 1280px) 1280px, (min-width: 1281px) 1414px, 100vw\" srcset=\"https:\/\/fmp-components.com\/wp-content\/uploads\/2024\/12\/Sanitation-Machinery-Locking-Hydraulic-Cylinder-factory.webp 1414w, https:\/\/fmp-components.com\/wp-content\/uploads\/2024\/12\/Sanitation-Machinery-Locking-Hydraulic-Cylinder-factory-1280x529.webp 1280w, https:\/\/fmp-components.com\/wp-content\/uploads\/2024\/12\/Sanitation-Machinery-Locking-Hydraulic-Cylinder-factory-980x405.webp 980w, https:\/\/fmp-components.com\/wp-content\/uploads\/2024\/12\/Sanitation-Machinery-Locking-Hydraulic-Cylinder-factory-480x198.webp 480w\" alt=\"F\u00e1brica de cilindros hidr\u00e1ulicos de bloqueo de maquinaria de saneamiento\" width=\"1414\" height=\"584\" title=\"\"><\/p>\n<p>Autor: CX<\/p>","protected":false},"excerpt":{"rendered":"<p>El cilindro hidr\u00e1ulico para tuneladoras de doble escudo es un componente cr\u00edtico dise\u00f1ado para proporcionar un empuje robusto y un control preciso durante la excavaci\u00f3n. Dise\u00f1ado para operar eficazmente en condiciones geol\u00f3gicas exigentes, estos cilindros soportan el sistema de doble escudo, permitiendo la excavaci\u00f3n y la instalaci\u00f3n de soportes simult\u00e1neamente. Su construcci\u00f3n robusta garantiza una larga vida \u00fatil y fiabilidad, mientras que la avanzada tecnolog\u00eda hidr\u00e1ulica permite movimientos suaves y precisos, esenciales para mantener la alineaci\u00f3n y la seguridad. Este sistema hidr\u00e1ulico mejora significativamente la eficiencia y la eficacia de la construcci\u00f3n de t\u00faneles, haci\u00e9ndolo id\u00f3neo para una variedad de proyectos subterr\u00e1neos, incluyendo sistemas de metro y t\u00faneles de servicios p\u00fablicos.<\/p>","protected":false},"featured_media":908,"comment_status":"open","ping_status":"closed","template":"","meta":{"_et_pb_use_builder":"","_et_pb_old_content":"","_et_gb_content_width":""},"product_brand":[],"product_cat":[30],"product_tag":[],"class_list":{"0":"post-885","1":"product","2":"type-product","3":"status-publish","4":"has-post-thumbnail","6":"product_cat-tunnel-boring-machine-hydraulic-cylinders","8":"first","9":"instock","10":"shipping-taxable","11":"product-type-simple"},"_links":{"self":[{"href":"https:\/\/fmp-components.com\/es\/wp-json\/wp\/v2\/product\/885","targetHints":{"allow":["GET"]}}],"collection":[{"href":"https:\/\/fmp-components.com\/es\/wp-json\/wp\/v2\/product"}],"about":[{"href":"https:\/\/fmp-components.com\/es\/wp-json\/wp\/v2\/types\/product"}],"replies":[{"embeddable":true,"href":"https:\/\/fmp-components.com\/es\/wp-json\/wp\/v2\/comments?post=885"}],"wp:featuredmedia":[{"embeddable":true,"href":"https:\/\/fmp-components.com\/es\/wp-json\/wp\/v2\/media\/908"}],"wp:attachment":[{"href":"https:\/\/fmp-components.com\/es\/wp-json\/wp\/v2\/media?parent=885"}],"wp:term":[{"taxonomy":"product_brand","embeddable":true,"href":"https:\/\/fmp-components.com\/es\/wp-json\/wp\/v2\/product_brand?post=885"},{"taxonomy":"product_cat","embeddable":true,"href":"https:\/\/fmp-components.com\/es\/wp-json\/wp\/v2\/product_cat?post=885"},{"taxonomy":"product_tag","embeddable":true,"href":"https:\/\/fmp-components.com\/es\/wp-json\/wp\/v2\/product_tag?post=885"}],"curies":[{"name":"gracias","href":"https:\/\/api.w.org\/{rel}","templated":true}]}}