{"id":866,"date":"2024-12-19T00:54:04","date_gmt":"2024-12-19T00:54:04","guid":{"rendered":"https:\/\/fmp-components.com\/?page_id=8"},"modified":"2024-12-19T02:46:26","modified_gmt":"2024-12-19T02:46:26","slug":"hydraulic-cylinder-for-shield-machine","status":"publish","type":"product","link":"https:\/\/fmp-components.com\/es\/product\/hydraulic-cylinder-for-shield-machine\/","title":{"rendered":"Cilindro hidr\u00e1ulico para m\u00e1quina de escudo"},"content":{"rendered":"<p style=\"text-align: center;\"><span style=\"font-size: 18pt;\">Cilindro hidr\u00e1ulico para m\u00e1quina de escudo<\/span><\/p>\n<p>El cilindro hidr\u00e1ulico para tuneladoras es un componente esencial dise\u00f1ado espec\u00edficamente para aplicaciones de perforaci\u00f3n de t\u00faneles. Dise\u00f1ado para proporcionar un empuje y soporte de alto rendimiento, estos cilindros desempe\u00f1an un papel crucial en el funcionamiento eficiente de las tuneladoras utilizadas en excavaciones subterr\u00e1neas.<\/p>\n<p><img loading=\"lazy\" decoding=\"async\" class=\"alignnone size-full wp-image-870\" src=\"https:\/\/fmp-components.com\/wp-content\/uploads\/2024\/12\/Shield-Machine-Thrust-Cylinder-2.webp\" alt=\"Cilindro de empuje de la m\u00e1quina de escudo\" width=\"1024\" height=\"559\" title=\"\" srcset=\"https:\/\/fmp-components.com\/wp-content\/uploads\/2024\/12\/Shield-Machine-Thrust-Cylinder-2.webp 1024w, https:\/\/fmp-components.com\/wp-content\/uploads\/2024\/12\/Shield-Machine-Thrust-Cylinder-2-980x535.webp 980w, https:\/\/fmp-components.com\/wp-content\/uploads\/2024\/12\/Shield-Machine-Thrust-Cylinder-2-480x262.webp 480w\" sizes=\"(min-width: 0px) and (max-width: 480px) 480px, (min-width: 481px) and (max-width: 980px) 980px, (min-width: 981px) 1024px, 100vw\" \/><\/p>\n<h4>Caracter\u00edsticas principales:<\/h4>\n<ul>\n<li><strong>Resistencia a alta presi\u00f3n:<\/strong> Dise\u00f1ados para soportar presiones extremas, estos cilindros hidr\u00e1ulicos garantizan un rendimiento fiable incluso en condiciones geol\u00f3gicas dif\u00edciles.<\/li>\n<li><strong>Construcci\u00f3n duradera:<\/strong> Fabricados con materiales de alta resistencia, est\u00e1n dise\u00f1ados para soportar entornos hostiles, lo que proporciona una larga vida \u00fatil y reduce las necesidades de mantenimiento.<\/li>\n<li><strong>Movimiento de precisi\u00f3n:<\/strong> Los cilindros hidr\u00e1ulicos facilitan movimientos precisos y controlados del escudo, lo que permite una tunelizaci\u00f3n y alineaci\u00f3n efectivas dentro del t\u00fanel.<\/li>\n<li><strong>Estabilidad y apoyo:<\/strong> Contribuyen significativamente a la estabilidad general de la tuneladora, permiti\u00e9ndole desplazarse por diversos tipos de suelo y mantener su integridad operativa.<\/li>\n<li><strong>Aplicaciones vers\u00e1tiles:<\/strong> Aptos para diversos proyectos de tunelizaci\u00f3n, estos cilindros son ideales para la construcci\u00f3n de metros, sistemas de alcantarillado y otras infraestructuras subterr\u00e1neas.<\/li>\n<\/ul>\n<p>El cilindro hidr\u00e1ulico para tuneladoras es un elemento fundamental en la tecnolog\u00eda moderna de t\u00faneles, ya que garantiza procesos de excavaci\u00f3n seguros, eficientes y eficaces. Su dise\u00f1o robusto y sus capacidades de alto rendimiento lo convierten en un componente indispensable para el \u00e9xito de los proyectos subterr\u00e1neos.<\/p>\n<p><img loading=\"lazy\" decoding=\"async\" class=\"alignnone wp-image-868\" src=\"https:\/\/fmp-components.com\/wp-content\/uploads\/2024\/12\/Shield-Machine-Articulated-Cylinder-for-Tunnel-Boring.webp\" alt=\"Cilindro articulado para tuneladora\" width=\"904\" height=\"303\" title=\"\" srcset=\"https:\/\/fmp-components.com\/wp-content\/uploads\/2024\/12\/Shield-Machine-Articulated-Cylinder-for-Tunnel-Boring.webp 904w, https:\/\/fmp-components.com\/wp-content\/uploads\/2024\/12\/Shield-Machine-Articulated-Cylinder-for-Tunnel-Boring-480x161.webp 480w\" sizes=\"(min-width: 0px) and (max-width: 480px) 480px, (min-width: 481px) 904px, 100vw\" \/><\/p>\n<h2>Cilindro de empuje de la m\u00e1quina blindada<\/h2>\n<p><img loading=\"lazy\" decoding=\"async\" class=\"size-full wp-image-878 aligncenter\" src=\"https:\/\/fmp-components.com\/wp-content\/uploads\/2024\/12\/Shield-Machine-Thrust-Cylinder-for-Tunnel-Boring.webp\" alt=\"Cilindro de empuje de tuneladora\" width=\"500\" height=\"200\" title=\"\" srcset=\"https:\/\/fmp-components.com\/wp-content\/uploads\/2024\/12\/Shield-Machine-Thrust-Cylinder-for-Tunnel-Boring.webp 500w, https:\/\/fmp-components.com\/wp-content\/uploads\/2024\/12\/Shield-Machine-Thrust-Cylinder-for-Tunnel-Boring-480x192.webp 480w\" sizes=\"(min-width: 0px) and (max-width: 480px) 480px, (min-width: 481px) 500px, 100vw\" \/><\/p>\n<table style=\"width: 97.095%; height: 210px;\" border=\"1\" cellspacing=\"0\" cellpadding=\"0\">\n<tbody>\n<tr>\n<td>Nombre del producto<\/td>\n<td>Cilindro de empuje de la m\u00e1quina blindada<\/td>\n<\/tr>\n<tr>\n<td>Caracter\u00edsticas:<\/td>\n<td>Mueva la m\u00e1quina de escudo hacia adelante<\/td>\n<\/tr>\n<tr>\n<td>Di\u00e1metro del orificio:<\/td>\n<td>140 mm \uff5e 550 mm<\/td>\n<\/tr>\n<tr>\n<td>Di\u00e1metro de la varilla:<\/td>\n<td>120 mm \uff5e 420 mm<br \/>\nCarrera: 900 mm \uff5e 4100 mm<\/td>\n<\/tr>\n<tr>\n<td>Presi\u00f3n:<\/td>\n<td>hasta 35 MPa<br \/>\nLos requisitos especiales pueden alcanzar hasta 45 MPa.<\/td>\n<\/tr>\n<tr>\n<td>Aplicaciones:<\/td>\n<td>M\u00e1quina de escudo, maquinaria perforadora de t\u00faneles<\/td>\n<\/tr>\n<\/tbody>\n<\/table>\n<h2><img loading=\"lazy\" decoding=\"async\" class=\"alignnone wp-image-872\" src=\"https:\/\/fmp-components.com\/wp-content\/uploads\/2024\/12\/Shield-Machine-Thrust-Cylinder.webp\" alt=\"Cilindro de empuje de la m\u00e1quina de escudo\" width=\"901\" height=\"513\" title=\"\">Cilindro articulado de la m\u00e1quina escudo<\/h2>\n<p><img loading=\"lazy\" decoding=\"async\" class=\"size-full wp-image-875 aligncenter\" src=\"https:\/\/fmp-components.com\/wp-content\/uploads\/2024\/12\/Shield-Machine-Articulated-Cylinder-for-Tunnel-Boring-1.webp\" alt=\"Cilindro articulado para tuneladora\" width=\"500\" height=\"200\" title=\"\" srcset=\"https:\/\/fmp-components.com\/wp-content\/uploads\/2024\/12\/Shield-Machine-Articulated-Cylinder-for-Tunnel-Boring-1.webp 500w, https:\/\/fmp-components.com\/wp-content\/uploads\/2024\/12\/Shield-Machine-Articulated-Cylinder-for-Tunnel-Boring-1-480x192.webp 480w\" sizes=\"(min-width: 0px) and (max-width: 480px) 480px, (min-width: 481px) 500px, 100vw\" \/><\/p>\n<table style=\"width: 97.2566%; height: 209px;\" border=\"1\" cellspacing=\"0\" cellpadding=\"0\">\n<tbody>\n<tr>\n<td>Nombre del producto<\/td>\n<td>Cilindro articulado de la m\u00e1quina escudo<\/td>\n<\/tr>\n<tr>\n<td>Caracter\u00edsticas:<\/td>\n<td>Articulaci\u00f3n activa: direcci\u00f3n del cabezal de corte\/cambio coordinado de herramienta<br \/>\nArticulaci\u00f3n pasiva: arrastrar la cola del escudo hacia adelante<\/td>\n<\/tr>\n<tr>\n<td>Di\u00e1metro del orificio:<\/td>\n<td>125 mm \uff5e 550 mm<\/td>\n<\/tr>\n<tr>\n<td>Di\u00e1metro de la varilla:<\/td>\n<td>\u00a070 mm \uff5e370 mm<br \/>\nCarrera 140 mm \uff5e 1200 mm<\/td>\n<\/tr>\n<tr>\n<td>Presi\u00f3n:<\/td>\n<td>Hasta 35 MPa<\/td>\n<\/tr>\n<tr>\n<td>Aplicaciones:<\/td>\n<td>M\u00e1quina de escudo, maquinaria perforadora de t\u00faneles<\/td>\n<\/tr>\n<\/tbody>\n<\/table>\n<p><img loading=\"lazy\" decoding=\"async\" class=\"alignnone wp-image-882\" src=\"https:\/\/fmp-components.com\/wp-content\/uploads\/2024\/12\/Shield-Machine-Articulated-Cylinder-1.webp\" alt=\"M\u00e1quina de escudos con cilindro articulado\" width=\"901\" height=\"501\" title=\"\" srcset=\"https:\/\/fmp-components.com\/wp-content\/uploads\/2024\/12\/Shield-Machine-Articulated-Cylinder-1.webp 901w, https:\/\/fmp-components.com\/wp-content\/uploads\/2024\/12\/Shield-Machine-Articulated-Cylinder-1-480x267.webp 480w\" sizes=\"(min-width: 0px) and (max-width: 480px) 480px, (min-width: 481px) 901px, 100vw\" \/><\/p>\n<h2>Cilindro de elevaci\u00f3n del conjunto de la m\u00e1quina blindada<\/h2>\n<p><img loading=\"lazy\" decoding=\"async\" class=\"size-full wp-image-876 aligncenter\" src=\"https:\/\/fmp-components.com\/wp-content\/uploads\/2024\/12\/Shield-Machine-Assembly-Lifting-Cylinder-for-Tunnel-Boring.webp\" alt=\"Cilindro de elevaci\u00f3n del conjunto de la tuneladora para perforaci\u00f3n de t\u00faneles\" width=\"500\" height=\"200\" title=\"\" srcset=\"https:\/\/fmp-components.com\/wp-content\/uploads\/2024\/12\/Shield-Machine-Assembly-Lifting-Cylinder-for-Tunnel-Boring.webp 500w, https:\/\/fmp-components.com\/wp-content\/uploads\/2024\/12\/Shield-Machine-Assembly-Lifting-Cylinder-for-Tunnel-Boring-480x192.webp 480w\" sizes=\"(min-width: 0px) and (max-width: 480px) 480px, (min-width: 481px) 500px, 100vw\" \/><\/p>\n<table style=\"width: 97.9899%; height: 171px;\" border=\"1\" cellspacing=\"0\" cellpadding=\"0\">\n<tbody>\n<tr>\n<td>Nombre del producto<\/td>\n<td>Cilindro de elevaci\u00f3n del conjunto de la m\u00e1quina blindada<\/td>\n<\/tr>\n<tr>\n<td>Caracter\u00edsticas:<\/td>\n<td>Transporta los segmentos a la posici\u00f3n designada y ens\u00e1mblalos formando un anillo.<\/td>\n<\/tr>\n<tr>\n<td>Especificaci\u00f3n:<\/td>\n<td>Generalmente, la estructura es de dos niveles.<br \/>\nEl empuje y la tracci\u00f3n son proporcionados por el peque\u00f1o cilindro de aceite interno.<br \/>\nVarilla de pist\u00f3n peque\u00f1a fija<br \/>\nLos v\u00e1stagos de pist\u00f3n de gran tama\u00f1o pueden soportar grandes fuerzas laterales cuando se telescopan.<\/td>\n<\/tr>\n<tr>\n<td>Aplicaciones:<\/td>\n<td>M\u00e1quina de escudo, maquinaria perforadora de t\u00faneles<\/td>\n<\/tr>\n<\/tbody>\n<\/table>\n<h2><img loading=\"lazy\" decoding=\"async\" class=\"alignnone wp-image-881\" src=\"https:\/\/fmp-components.com\/wp-content\/uploads\/2024\/12\/Shield-Machine-Assembly-Lifting-Cylinder-1.webp\" alt=\"Cilindro de elevaci\u00f3n de conjunto de m\u00e1quina de escudo\" width=\"896\" height=\"637\" title=\"\" srcset=\"https:\/\/fmp-components.com\/wp-content\/uploads\/2024\/12\/Shield-Machine-Assembly-Lifting-Cylinder-1.webp 896w, https:\/\/fmp-components.com\/wp-content\/uploads\/2024\/12\/Shield-Machine-Assembly-Lifting-Cylinder-1-480x341.webp 480w\" sizes=\"(min-width: 0px) and (max-width: 480px) 480px, (min-width: 481px) 896px, 100vw\" \/>Cilindro antitorsi\u00f3n de la m\u00e1quina blindada<\/h2>\n<p><img loading=\"lazy\" decoding=\"async\" class=\"size-full wp-image-874 aligncenter\" src=\"https:\/\/fmp-components.com\/wp-content\/uploads\/2024\/12\/Shield-Machine-Anti-torque-Cylinder-for-Tunnel-Boring-1.webp\" alt=\"Cilindro antitorsi\u00f3n para tuneladora\" width=\"500\" height=\"200\" title=\"\" srcset=\"https:\/\/fmp-components.com\/wp-content\/uploads\/2024\/12\/Shield-Machine-Anti-torque-Cylinder-for-Tunnel-Boring-1.webp 500w, https:\/\/fmp-components.com\/wp-content\/uploads\/2024\/12\/Shield-Machine-Anti-torque-Cylinder-for-Tunnel-Boring-1-480x192.webp 480w\" sizes=\"(min-width: 0px) and (max-width: 480px) 480px, (min-width: 481px) 500px, 100vw\" \/><\/p>\n<table style=\"width: 97.4236%; height: 200px;\" border=\"1\" cellspacing=\"0\" cellpadding=\"0\">\n<tbody>\n<tr>\n<td>Nombre del producto<\/td>\n<td>Cilindro antitorsi\u00f3n de la m\u00e1quina blindada<\/td>\n<\/tr>\n<tr>\n<td>Caracter\u00edsticas:<\/td>\n<td>Transmitir el par cuando gira el cabezal de corte<\/td>\n<\/tr>\n<tr>\n<td>Di\u00e1metro del orificio:<\/td>\n<td>330 mm \uff5e 570 mm<\/td>\n<\/tr>\n<tr>\n<td>Di\u00e1metro de la varilla:<\/td>\n<td>260 mm \uff5e 530 mm<br \/>\nCarrera 120 mm \uff5e 160 mm<\/td>\n<\/tr>\n<tr>\n<td>Presi\u00f3n:<\/td>\n<td>Generalmente hasta 35 MPa<br \/>\nM\u00e1ximo hasta 42 MPa<\/td>\n<\/tr>\n<tr>\n<td>Aplicaciones:<\/td>\n<td>M\u00e1quina de escudo, maquinaria perforadora de t\u00faneles<\/td>\n<\/tr>\n<\/tbody>\n<\/table>\n<p><img loading=\"lazy\" decoding=\"async\" class=\"alignnone wp-image-880\" src=\"https:\/\/fmp-components.com\/wp-content\/uploads\/2024\/12\/Shield-Machine-Anti-torque-Cylinder-1.webp\" alt=\"Cilindro antitorsi\u00f3n de la m\u00e1quina de protecci\u00f3n\" width=\"906\" height=\"453\" title=\"\"><\/p>\n<h2>Cilindro de trituradora de m\u00e1quina de escudo<\/h2>\n<p><img loading=\"lazy\" decoding=\"async\" class=\"size-full wp-image-877 aligncenter\" src=\"https:\/\/fmp-components.com\/wp-content\/uploads\/2024\/12\/Shield-Machine-Crusher-Cylinder-for-Tunnel-Boring.webp\" alt=\"Cilindro triturador de tuneladora para perforaci\u00f3n de t\u00faneles\" width=\"500\" height=\"200\" title=\"\" srcset=\"https:\/\/fmp-components.com\/wp-content\/uploads\/2024\/12\/Shield-Machine-Crusher-Cylinder-for-Tunnel-Boring.webp 500w, https:\/\/fmp-components.com\/wp-content\/uploads\/2024\/12\/Shield-Machine-Crusher-Cylinder-for-Tunnel-Boring-480x192.webp 480w\" sizes=\"(min-width: 0px) and (max-width: 480px) 480px, (min-width: 481px) 500px, 100vw\" \/><\/p>\n<table style=\"width: 97.4971%; height: 117px;\" border=\"1\" cellspacing=\"0\" cellpadding=\"0\">\n<tbody>\n<tr style=\"height: 23px;\">\n<td style=\"height: 23px;\">Nombre del producto<\/td>\n<td style=\"height: 23px;\">Cilindro de trituradora de m\u00e1quina de escudo<\/td>\n<\/tr>\n<tr style=\"height: 23px;\">\n<td style=\"height: 23px;\">Caracter\u00edsticas:<\/td>\n<td style=\"height: 23px;\">Sujete las tenazas trituradoras para asegurarse de que los trozos grandes de grava se trituren antes de que entren en el puerto de descarga.<\/td>\n<\/tr>\n<tr style=\"height: 23px;\">\n<td style=\"height: 23px;\">\n<div class=\"txtboxL\">Especificaci\u00f3n:<\/div>\n<\/td>\n<td style=\"height: 23px;\">Se pueden dise\u00f1ar y fabricar cilindros para trituradoras con diversas especificaciones seg\u00fan los requisitos del cliente.<\/td>\n<\/tr>\n<tr style=\"height: 23px;\">\n<td style=\"height: 23px;\">Aplicaciones:<\/td>\n<td style=\"height: 23px;\">M\u00e1quina de escudo, maquinaria perforadora de t\u00faneles<\/td>\n<\/tr>\n<\/tbody>\n<\/table>\n<p><img loading=\"lazy\" decoding=\"async\" class=\"alignnone wp-image-869\" src=\"https:\/\/fmp-components.com\/wp-content\/uploads\/2024\/12\/Shield-Machine-Crusher-Cylinder-for-Tunnel-Boring2.webp\" alt=\"Cilindro triturador de tuneladora para perforaci\u00f3n de t\u00faneles2\" width=\"907\" height=\"324\" title=\"\" srcset=\"https:\/\/fmp-components.com\/wp-content\/uploads\/2024\/12\/Shield-Machine-Crusher-Cylinder-for-Tunnel-Boring2.webp 907w, https:\/\/fmp-components.com\/wp-content\/uploads\/2024\/12\/Shield-Machine-Crusher-Cylinder-for-Tunnel-Boring2-480x171.webp 480w\" sizes=\"(min-width: 0px) and (max-width: 480px) 480px, (min-width: 481px) 907px, 100vw\" \/><\/p>\n<h3>Ventajas del cilindro hidr\u00e1ulico de la tuneladora<\/h3>\n<ol>\n<li><strong>Alta eficiencia:<\/strong><br \/>\nLos cilindros hidr\u00e1ulicos de las tuneladoras est\u00e1n dise\u00f1ados para proporcionar un empuje potente, lo que mejora significativamente la velocidad y la eficiencia de las operaciones de excavaci\u00f3n. Esta capacidad permite a los equipos de construcci\u00f3n completar los proyectos con mayor rapidez, reduciendo as\u00ed los plazos generales. Con mayores velocidades de excavaci\u00f3n, los contratistas pueden cumplir los plazos de forma m\u00e1s eficaz, lo que se traduce en una mayor productividad y un ahorro de costes.<\/li>\n<li><strong>Gran durabilidad:<\/strong><br \/>\nEstos cilindros hidr\u00e1ulicos est\u00e1n fabricados con materiales de alta resistencia, dise\u00f1ados espec\u00edficamente para soportar las duras condiciones ambientales y las presiones extremas que se presentan durante la construcci\u00f3n de t\u00faneles. Su robusta durabilidad garantiza una fiabilidad a largo plazo, minimizando el riesgo de fallos que podr\u00edan ocasionar costosos retrasos. Esta resistencia los hace id\u00f3neos para diversas formaciones geol\u00f3gicas, asegurando un rendimiento constante durante todo el ciclo de vida del proyecto.<\/li>\n<li><strong>Control de precisi\u00f3n:<\/strong><br \/>\nEl sistema hidr\u00e1ulico de los cilindros de la tuneladora permite un movimiento de alta precisi\u00f3n del escudo, esencial para una excavaci\u00f3n y alineaci\u00f3n exactas. Esta precisi\u00f3n es crucial para el \u00e9xito de la excavaci\u00f3n, ya que permite a los operadores desenvolverse con seguridad en entornos subterr\u00e1neos complejos. La capacidad de controlar los movimientos finos reduce el riesgo de desalineaci\u00f3n y garantiza que el t\u00fanel cumpla con los par\u00e1metros de dise\u00f1o especificados.<\/li>\n<li><strong>Estabilidad mejorada:<\/strong><br \/>\nEstos cilindros desempe\u00f1an un papel fundamental en el mantenimiento de la estabilidad de la tuneladora durante su funcionamiento. Al proporcionar un soporte constante, permiten que la m\u00e1quina se desplace por diversas condiciones geol\u00f3gicas sin comprometer la seguridad. Esta estabilidad es esencial para prevenir accidentes y garantizar la seguridad tanto de los trabajadores como de la propia maquinaria, especialmente en entornos impredecibles.<\/li>\n<li><strong>Mantenimiento reducido:<\/strong><br \/>\nEl dise\u00f1o robusto de los cilindros hidr\u00e1ulicos de las tuneladoras minimiza el desgaste, lo que reduce los costos de mantenimiento y el tiempo de inactividad. Al requerir menos reparaciones y reemplazos, estos cilindros contribuyen a la eficiencia general del proyecto. Esta reducci\u00f3n en el mantenimiento no solo ahorra dinero, sino que tambi\u00e9n permite una operaci\u00f3n m\u00e1s continua, lo que mejora la productividad en la obra.<\/li>\n<li><strong>Versatilidad:<\/strong><br \/>\nLos cilindros hidr\u00e1ulicos para tuneladoras son id\u00f3neos para una amplia gama de aplicaciones, como metros, sistemas de alcantarillado y otras infraestructuras subterr\u00e1neas. Su adaptabilidad los convierte en la opci\u00f3n ideal para diversas necesidades de tunelizaci\u00f3n, permitiendo a los contratistas utilizar el mismo equipo en diferentes proyectos. Esta versatilidad simplifica la log\u00edstica y reduce la necesidad de m\u00faltiples herramientas especializadas.<\/li>\n<li><strong>Caracter\u00edsticas de seguridad:<\/strong><br \/>\nEquipados con mecanismos de seguridad avanzados, estos cilindros hidr\u00e1ulicos ayudan a prevenir la desconexi\u00f3n accidental durante el funcionamiento. Esta caracter\u00edstica garantiza un funcionamiento seguro incluso en tareas de excavaci\u00f3n exigentes, lo que mejora significativamente la seguridad del proceso de tunelizaci\u00f3n. Estas medidas de seguridad son cruciales para mantener un entorno de trabajo seguro y proteger el bienestar de los trabajadores.<\/li>\n<li><strong>Potencia hidr\u00e1ulica:<\/strong><br \/>\nEl uso de sistemas hidr\u00e1ulicos en estos cilindros permite generar mayor fuerza en un dise\u00f1o compacto. Esta capacidad facilita el manejo de cargas pesadas y la ejecuci\u00f3n de movimientos complejos con precisi\u00f3n. La potencia hidr\u00e1ulica permite que las tuneladoras funcionen de manera eficiente, incluso en condiciones adversas, mejorando as\u00ed la eficacia general de las operaciones de excavaci\u00f3n de t\u00faneles.<\/li>\n<\/ol>\n<p>Gracias a estas ventajas, los cilindros hidr\u00e1ulicos de las tuneladoras desempe\u00f1an un papel crucial en el \u00e9xito de los proyectos modernos de t\u00faneles, garantizando eficiencia, seguridad y fiabilidad durante todo el proceso de excavaci\u00f3n. Su integraci\u00f3n en la maquinaria de tunelaci\u00f3n es vital para satisfacer las demandas del desarrollo de infraestructuras actual.<\/p>\n<p><img loading=\"lazy\" decoding=\"async\" class=\"alignnone wp-image-879\" src=\"https:\/\/fmp-components.com\/wp-content\/uploads\/2024\/12\/Shield-Machine-Crusher-Cylinder-1.webp\" alt=\"Cilindro triturador de escudo-m\u00e1quina\" width=\"903\" height=\"601\" title=\"\"><\/p>\n<h3>Acerca de FMP<\/h3>\n<p>FMP es una empresa especializada en la fabricaci\u00f3n de cilindros hidr\u00e1ulicos. Desde su fundaci\u00f3n, la empresa se ha centrado en la investigaci\u00f3n y fabricaci\u00f3n de tecnolog\u00eda hidr\u00e1ulica, pasando de una gama de productos diversificada que inclu\u00eda maquinaria de cosecha y construcci\u00f3n a una especializaci\u00f3n en componentes para tractores agr\u00edcolas. Con m\u00e1s de una d\u00e9cada de experiencia en fabricaci\u00f3n y gesti\u00f3n, FMP garantiza productos de alta calidad mediante t\u00e9cnicas de producci\u00f3n avanzadas.<\/p>\n<p>A medida que la empresa ha evolucionado, ha desarrollado una l\u00ednea integral de producci\u00f3n de mecanizado, una l\u00ednea de ensamblaje y una l\u00ednea de recubrimiento. Nuestro equipo est\u00e1 formado por personal directivo cualificado, dise\u00f1adores mec\u00e1nicos con amplia experiencia y t\u00e9cnicos altamente capacitados que trabajan en equipo para mantener una calidad de producci\u00f3n estable, a la vez que controlan eficazmente la continuidad y la eficiencia del proceso.<\/p>\n<p>FMP defiende la filosof\u00eda de \u00abInnovaci\u00f3n tecnol\u00f3gica que impulsa el progreso, calidad que crea marcas, artesan\u00eda que garantiza la calidad y relaciones mutuamente beneficiosas a largo plazo\u00bb. Nuestro compromiso de ofrecer productos de alta calidad y un servicio al cliente superior sigue siendo un objetivo fundamental para satisfacer las cambiantes necesidades del mercado.<\/p>\n<p><img loading=\"lazy\" decoding=\"async\" class=\"alignnone size-full wp-image-426\" src=\"https:\/\/fmp-components.com\/wp-content\/uploads\/2024\/12\/Sanitation-Machinery-Locking-Hydraulic-Cylinder-factory.webp\" sizes=\"(min-width: 0px) and (max-width: 480px) 480px, (min-width: 481px) and (max-width: 980px) 980px, (min-width: 981px) and (max-width: 1280px) 1280px, (min-width: 1281px) 1414px, 100vw\" srcset=\"https:\/\/fmp-components.com\/wp-content\/uploads\/2024\/12\/Sanitation-Machinery-Locking-Hydraulic-Cylinder-factory.webp 1414w, https:\/\/fmp-components.com\/wp-content\/uploads\/2024\/12\/Sanitation-Machinery-Locking-Hydraulic-Cylinder-factory-1280x529.webp 1280w, https:\/\/fmp-components.com\/wp-content\/uploads\/2024\/12\/Sanitation-Machinery-Locking-Hydraulic-Cylinder-factory-980x405.webp 980w, https:\/\/fmp-components.com\/wp-content\/uploads\/2024\/12\/Sanitation-Machinery-Locking-Hydraulic-Cylinder-factory-480x198.webp 480w\" alt=\"F\u00e1brica de cilindros hidr\u00e1ulicos de bloqueo de maquinaria de saneamiento\" width=\"1414\" height=\"584\" title=\"\"><\/p>\n<p>Autor: CX<\/p>","protected":false},"excerpt":{"rendered":"<p>El cilindro hidr\u00e1ulico para tuneladoras es un componente cr\u00edtico dise\u00f1ado para proporcionar un empuje y soporte potentes durante las operaciones de perforaci\u00f3n de t\u00faneles. Estos cilindros est\u00e1n dise\u00f1ados para soportar altas presiones y condiciones extremas, garantizando un rendimiento fiable durante la excavaci\u00f3n. Su robusta construcci\u00f3n facilita los movimientos precisos del escudo, permitiendo una perforaci\u00f3n precisa y una operaci\u00f3n eficiente. Los cilindros hidr\u00e1ulicos tambi\u00e9n desempe\u00f1an un papel vital en el mantenimiento de la estabilidad de la m\u00e1quina, permiti\u00e9ndole desplazarse a trav\u00e9s de diversas formaciones geol\u00f3gicas. Su durabilidad y eficiencia los hacen indispensables en los proyectos de tunelizaci\u00f3n modernos, contribuyendo a la finalizaci\u00f3n exitosa de la infraestructura subterr\u00e1nea.<\/p>","protected":false},"featured_media":873,"comment_status":"open","ping_status":"closed","template":"","meta":{"_et_pb_use_builder":"","_et_pb_old_content":"","_et_gb_content_width":""},"product_brand":[],"product_cat":[30],"product_tag":[],"class_list":{"0":"post-866","1":"product","2":"type-product","3":"status-publish","4":"has-post-thumbnail","6":"product_cat-tunnel-boring-machine-hydraulic-cylinders","8":"first","9":"instock","10":"shipping-taxable","11":"product-type-simple"},"_links":{"self":[{"href":"https:\/\/fmp-components.com\/es\/wp-json\/wp\/v2\/product\/866","targetHints":{"allow":["GET"]}}],"collection":[{"href":"https:\/\/fmp-components.com\/es\/wp-json\/wp\/v2\/product"}],"about":[{"href":"https:\/\/fmp-components.com\/es\/wp-json\/wp\/v2\/types\/product"}],"replies":[{"embeddable":true,"href":"https:\/\/fmp-components.com\/es\/wp-json\/wp\/v2\/comments?post=866"}],"wp:featuredmedia":[{"embeddable":true,"href":"https:\/\/fmp-components.com\/es\/wp-json\/wp\/v2\/media\/873"}],"wp:attachment":[{"href":"https:\/\/fmp-components.com\/es\/wp-json\/wp\/v2\/media?parent=866"}],"wp:term":[{"taxonomy":"product_brand","embeddable":true,"href":"https:\/\/fmp-components.com\/es\/wp-json\/wp\/v2\/product_brand?post=866"},{"taxonomy":"product_cat","embeddable":true,"href":"https:\/\/fmp-components.com\/es\/wp-json\/wp\/v2\/product_cat?post=866"},{"taxonomy":"product_tag","embeddable":true,"href":"https:\/\/fmp-components.com\/es\/wp-json\/wp\/v2\/product_tag?post=866"}],"curies":[{"name":"gracias","href":"https:\/\/api.w.org\/{rel}","templated":true}]}}