{"id":816,"date":"2024-12-18T07:55:12","date_gmt":"2024-12-18T07:55:12","guid":{"rendered":"https:\/\/fmp-components.com\/?page_id=8"},"modified":"2024-12-18T08:06:02","modified_gmt":"2024-12-18T08:06:02","slug":"hydraulic-cylinder-for-wave-tide-power-generation","status":"publish","type":"product","link":"https:\/\/fmp-components.com\/es\/product\/hydraulic-cylinder-for-wave-tide-power-generation\/","title":{"rendered":"Cilindro hidr\u00e1ulico para generaci\u00f3n de energ\u00eda undimotriz\/mareomotriz"},"content":{"rendered":"<p style=\"text-align: center;\"><span style=\"font-size: 18pt;\">Cilindro hidr\u00e1ulico para generaci\u00f3n de energ\u00eda undimotriz\/mareomotriz<\/span><\/p>\n<p>El cilindro hidr\u00e1ulico para la generaci\u00f3n de energ\u00eda undimotriz es un dispositivo de vanguardia dise\u00f1ado para aprovechar la energ\u00eda de las olas y las mareas. Esta innovadora soluci\u00f3n convierte la energ\u00eda cin\u00e9tica en energ\u00eda utilizable, contribuyendo as\u00ed a la producci\u00f3n de energ\u00eda sostenible.<\/p>\n<h4>Caracter\u00edsticas principales:<\/h4>\n<ul>\n<li><strong>Dise\u00f1o robusto:<\/strong> Dise\u00f1ado para soportar entornos marinos hostiles, nuestro cilindro hidr\u00e1ulico est\u00e1 construido con materiales de alta resistencia que resisten la corrosi\u00f3n y el desgaste.<\/li>\n<li><strong>Alta eficiencia:<\/strong> Optimizado para la m\u00e1xima extracci\u00f3n de energ\u00eda, el sistema hidr\u00e1ulico garantiza la conversi\u00f3n efectiva de la energ\u00eda de las olas y las mareas en energ\u00eda hidr\u00e1ulica.<\/li>\n<li><strong>Aplicaci\u00f3n vers\u00e1til:<\/strong> Adecuado para diversos proyectos de energ\u00eda marina, incluidas instalaciones costeras y en alta mar, este cilindro hidr\u00e1ulico se puede integrar en sistemas de energ\u00eda existentes o utilizarse en nuevos desarrollos.<\/li>\n<li><strong>F\u00e1cil mantenimiento:<\/strong> Dise\u00f1ado para la accesibilidad, el cilindro hidr\u00e1ulico simplifica los procedimientos de mantenimiento, garantizando confiabilidad a largo plazo y reduciendo el tiempo de inactividad.<\/li>\n<li><strong>Respetuoso con el medio ambiente:<\/strong> Al utilizar energ\u00eda marina renovable, este producto contribuye a reducir las emisiones de carbono y promueve soluciones energ\u00e9ticas sostenibles.<\/li>\n<\/ul>\n<p>El cilindro hidr\u00e1ulico para la generaci\u00f3n de energ\u00eda undimotriz\/mareomotriz representa un avance significativo en el campo de las energ\u00edas renovables. Al aprovechar eficazmente la energ\u00eda de los movimientos oce\u00e1nicos, desempe\u00f1a un papel crucial en la transici\u00f3n hacia un futuro energ\u00e9tico m\u00e1s sostenible.<\/p>\n<h2>Cilindro hidr\u00e1ulico para equipos de generaci\u00f3n de energ\u00eda undimotriz\/mareomotriz<\/h2>\n<table border=\"1\" cellspacing=\"0\" cellpadding=\"0\">\n<tbody>\n<tr>\n<td>Nombre del producto<\/td>\n<td>Cilindro para equipo de generaci\u00f3n de energ\u00eda undimotriz\/mareomotriz<\/td>\n<\/tr>\n<tr>\n<td>Caracter\u00edsticas:<\/td>\n<td>Convierte la energ\u00eda de las olas en energ\u00eda hidr\u00e1ulica para impulsar los cilindros hidr\u00e1ulicos. El aceite a alta presi\u00f3n impulsa el motor el\u00e9ctrico para generar electricidad, que finalmente se convierte en energ\u00eda el\u00e9ctrica.<\/td>\n<\/tr>\n<tr>\n<td>Di\u00e1metro del orificio:<\/td>\n<td>\u00a0Hasta 250 mm<\/td>\n<\/tr>\n<tr>\n<td>Di\u00e1metro de la varilla:<\/td>\n<td>Hasta 190 mm<br \/>\nCarrera hasta 4800 mm<\/td>\n<\/tr>\n<tr>\n<td>Presi\u00f3n:<\/td>\n<td>hasta 31,5 MPa<\/td>\n<\/tr>\n<tr>\n<td>Aplicaciones:<\/td>\n<td>Generaci\u00f3n de energ\u00eda undimotriz\/mareomotriz<\/td>\n<\/tr>\n<\/tbody>\n<\/table>\n<h3>Ventajas de los cilindros hidr\u00e1ulicos en equipos de generaci\u00f3n de energ\u00eda undimotriz\/mareomotriz<\/h3>\n<p>Los cilindros hidr\u00e1ulicos desempe\u00f1an un papel crucial en el funcionamiento de los sistemas de generaci\u00f3n de energ\u00eda undimotriz y mareomotriz. Estas son las principales ventajas de su uso en este contexto:<\/p>\n<ol>\n<li><strong>Alta densidad de potencia:<\/strong> Los cilindros hidr\u00e1ulicos ofrecen una excelente relaci\u00f3n potencia-peso, lo que permite dise\u00f1os compactos y eficientes. Esto resulta especialmente beneficioso en aplicaciones de energ\u00eda undimotriz y mareomotriz, donde el espacio es limitado y los equipos a menudo deben estar sumergidos.<\/li>\n<li><strong>Durabilidad y fiabilidad:<\/strong> Conocidos por su robustez, los cilindros hidr\u00e1ulicos soportan entornos marinos hostiles, incluyendo agua salada y condiciones clim\u00e1ticas extremas. Est\u00e1n dise\u00f1ados para un funcionamiento a largo plazo con un mantenimiento m\u00ednimo, lo que los hace ideales para sistemas expuestos continuamente a la intemperie.<\/li>\n<li><strong>Control preciso:<\/strong> Estos cilindros ofrecen un control preciso del movimiento de los componentes en sistemas de energ\u00eda undimotriz y mareomotriz. Esto es esencial para optimizar la captaci\u00f3n de energ\u00eda y adaptarse a las condiciones ambientales cambiantes.<\/li>\n<li><strong>Escalabilidad:<\/strong> Los sistemas hidr\u00e1ulicos son f\u00e1cilmente escalables, lo que permite su personalizaci\u00f3n seg\u00fan las diferentes necesidades de generaci\u00f3n de energ\u00eda. Al modificar el tama\u00f1o y el n\u00famero de cilindros, el equipo puede adaptarse a las necesidades energ\u00e9ticas espec\u00edficas.<\/li>\n<li><strong>Eficiencia de conversi\u00f3n de energ\u00eda:<\/strong> Los cilindros hidr\u00e1ulicos convierten eficazmente los movimientos de las olas y las mareas en energ\u00eda mec\u00e1nica, capturando eficientemente la energ\u00eda y transform\u00e1ndola en movimiento de rotaci\u00f3n para generadores u otros dispositivos.<\/li>\n<li><strong>Impacto ambiental m\u00ednimo:<\/strong> En comparaci\u00f3n con otros m\u00e9todos de generaci\u00f3n de energ\u00eda, los cilindros hidr\u00e1ulicos tienen una baja huella ambiental. No producen emisiones directas y funcionan silenciosamente, minimizando la contaminaci\u00f3n ac\u00fastica y protegiendo los ecosistemas marinos.<\/li>\n<li><strong>Flexibilidad de dise\u00f1o:<\/strong> Los cilindros hidr\u00e1ulicos ofrecen una importante flexibilidad de dise\u00f1o, lo que permite a los ingenieros personalizar el tama\u00f1o, la longitud de la carrera y la fuerza de salida para optimizar el rendimiento y la eficiencia del sistema para aplicaciones espec\u00edficas de generaci\u00f3n de energ\u00eda undimotriz y marea.<\/li>\n<\/ol>\n<p><img loading=\"lazy\" decoding=\"async\" class=\"alignnone  wp-image-819\" src=\"https:\/\/fmp-components.com\/wp-content\/uploads\/2024\/12\/Wave-Tide-Power-Generation-Equipment-Hydraulic-Cylinder.webp\" alt=\"Cilindro hidr\u00e1ulico para equipos de generaci\u00f3n de energ\u00eda undimotriz\" width=\"925\" height=\"308\" title=\"\" srcset=\"https:\/\/fmp-components.com\/wp-content\/uploads\/2024\/12\/Wave-Tide-Power-Generation-Equipment-Hydraulic-Cylinder.webp 925w, https:\/\/fmp-components.com\/wp-content\/uploads\/2024\/12\/Wave-Tide-Power-Generation-Equipment-Hydraulic-Cylinder-480x160.webp 480w\" sizes=\"(min-width: 0px) and (max-width: 480px) 480px, (min-width: 481px) 925px, 100vw\" \/><\/p>\n<h3>Elija cilindros hidr\u00e1ulicos FMP para la generaci\u00f3n de energ\u00eda undimotriz\/mareomotriz<\/h3>\n<p>FMP es un fabricante l\u00edder de cilindros hidr\u00e1ulicos dise\u00f1ados espec\u00edficamente para la generaci\u00f3n de energ\u00eda undimotriz y mareomotriz. Reconocidos por su calidad, durabilidad y fiabilidad, los cilindros FMP son perfectos para el duro entorno marino.<\/p>\n<h4>Beneficios de elegir cilindros hidr\u00e1ulicos FMP:<\/h4>\n<ul>\n<li><strong>Alta eficiencia:<\/strong> Los cilindros hidr\u00e1ulicos FMP est\u00e1n dise\u00f1ados para una eficiencia \u00f3ptima, convirtiendo la energ\u00eda de las olas y las mareas en energ\u00eda hidr\u00e1ulica con p\u00e9rdidas m\u00ednimas.<\/li>\n<li><strong>Larga vida \u00fatil:<\/strong> Dise\u00f1ados para durar, estos cilindros cuentan con componentes robustos y una construcci\u00f3n que soporta condiciones marinas exigentes.<\/li>\n<li><strong>Bajo mantenimiento:<\/strong> Dise\u00f1ados para un mantenimiento m\u00ednimo, los cilindros hidr\u00e1ulicos FMP requieren poco mantenimiento y al mismo tiempo garantizan un rendimiento confiable.<\/li>\n<li><strong>Dise\u00f1o personalizable:<\/strong> FMP ofrece una amplia gama de dise\u00f1os de cilindros hidr\u00e1ulicos dise\u00f1ados para satisfacer los requisitos espec\u00edficos de cada proyecto de generaci\u00f3n de energ\u00eda undimotriz y marea.<\/li>\n<\/ul>\n<p>Los cilindros hidr\u00e1ulicos FMP se han implementado con \u00e9xito en diversos proyectos en todo el mundo, incluida la planta de energ\u00eda undimotriz Oyster en Orkney, Escocia, y la laguna mareal de Penghu en Taiw\u00e1n.<\/p>\n<h4>Consideraciones para la selecci\u00f3n de cilindros hidr\u00e1ulicos FMP:<\/h4>\n<ol>\n<li><strong>Tipo de dispositivo de generaci\u00f3n de energ\u00eda:<\/strong> Los requisitos espec\u00edficos de sus cilindros hidr\u00e1ulicos depender\u00e1n del dispositivo utilizado. Por ejemplo, los convertidores de energ\u00eda undimotriz (WEC) pueden requerir cilindros con alta densidad de potencia y mayor longitud de carrera, mientras que las presas de marea requieren cilindros con mayor capacidad de fuerza.<\/li>\n<li><strong>Entorno operativo:<\/strong> Tenga en cuenta factores como la profundidad del agua, la salinidad y la temperatura, ya que pueden influir en el rendimiento y la longevidad de los cilindros hidr\u00e1ulicos.<\/li>\n<li><strong>Presupuesto:<\/strong> FMP ofrece una variedad de cilindros hidr\u00e1ulicos en diferentes rangos de precios. Es fundamental encontrar el equilibrio entre su presupuesto y la calidad y el rendimiento que necesita.<\/li>\n<\/ol>\n<p>Para obtener ayuda para seleccionar los cilindros hidr\u00e1ulicos FMP adecuados para su proyecto de generaci\u00f3n de energ\u00eda undimotriz o mareomotriz, no dude en contactar directamente con FMP. Sus ingenieros expertos est\u00e1n listos para ayudarle a identificar las mejores soluciones adaptadas a sus necesidades espec\u00edficas.<\/p>\n<p><img loading=\"lazy\" decoding=\"async\" class=\"alignnone size-full wp-image-818\" src=\"https:\/\/fmp-components.com\/wp-content\/uploads\/2024\/12\/Wave-Tide-Power-Generation-Equipment-Hydraulic-Cylinder-Advantages.webp\" alt=\"Ventajas de los equipos de generaci\u00f3n de energ\u00eda undimotriz y marea: cilindros hidr\u00e1ulicos\" width=\"1000\" height=\"501\" title=\"\" srcset=\"https:\/\/fmp-components.com\/wp-content\/uploads\/2024\/12\/Wave-Tide-Power-Generation-Equipment-Hydraulic-Cylinder-Advantages.webp 1000w, https:\/\/fmp-components.com\/wp-content\/uploads\/2024\/12\/Wave-Tide-Power-Generation-Equipment-Hydraulic-Cylinder-Advantages-980x491.webp 980w, https:\/\/fmp-components.com\/wp-content\/uploads\/2024\/12\/Wave-Tide-Power-Generation-Equipment-Hydraulic-Cylinder-Advantages-480x240.webp 480w\" sizes=\"(min-width: 0px) and (max-width: 480px) 480px, (min-width: 481px) and (max-width: 980px) 980px, (min-width: 981px) 1000px, 100vw\" \/><\/p>\n<h3>Acerca de FMP<\/h3>\n<p>FMP es una empresa especializada en la fabricaci\u00f3n de cilindros hidr\u00e1ulicos. Desde su fundaci\u00f3n, la empresa se ha centrado en la investigaci\u00f3n y fabricaci\u00f3n de tecnolog\u00eda hidr\u00e1ulica, pasando de una gama de productos diversificada que inclu\u00eda maquinaria de cosecha y construcci\u00f3n a una especializaci\u00f3n en componentes para tractores agr\u00edcolas. Con m\u00e1s de una d\u00e9cada de experiencia en fabricaci\u00f3n y gesti\u00f3n, FMP garantiza productos de alta calidad mediante t\u00e9cnicas de producci\u00f3n avanzadas.<\/p>\n<p>A medida que la empresa ha evolucionado, ha desarrollado una l\u00ednea integral de producci\u00f3n de mecanizado, una l\u00ednea de ensamblaje y una l\u00ednea de recubrimiento. Nuestro equipo est\u00e1 formado por personal directivo cualificado, dise\u00f1adores mec\u00e1nicos con amplia experiencia y t\u00e9cnicos altamente capacitados que trabajan en equipo para mantener una calidad de producci\u00f3n estable, a la vez que controlan eficazmente la continuidad y la eficiencia del proceso.<\/p>\n<p>FMP defiende la filosof\u00eda de \u00abInnovaci\u00f3n tecnol\u00f3gica que impulsa el progreso, calidad que crea marcas, artesan\u00eda que garantiza la calidad y relaciones mutuamente beneficiosas a largo plazo\u00bb. Nuestro compromiso de ofrecer productos de alta calidad y un servicio al cliente superior sigue siendo un objetivo fundamental para satisfacer las cambiantes necesidades del mercado.<\/p>\n<p><img loading=\"lazy\" decoding=\"async\" class=\"alignnone size-full wp-image-426\" src=\"https:\/\/fmp-components.com\/wp-content\/uploads\/2024\/12\/Sanitation-Machinery-Locking-Hydraulic-Cylinder-factory.webp\" sizes=\"(min-width: 0px) and (max-width: 480px) 480px, (min-width: 481px) and (max-width: 980px) 980px, (min-width: 981px) and (max-width: 1280px) 1280px, (min-width: 1281px) 1414px, 100vw\" srcset=\"https:\/\/fmp-components.com\/wp-content\/uploads\/2024\/12\/Sanitation-Machinery-Locking-Hydraulic-Cylinder-factory.webp 1414w, https:\/\/fmp-components.com\/wp-content\/uploads\/2024\/12\/Sanitation-Machinery-Locking-Hydraulic-Cylinder-factory-1280x529.webp 1280w, https:\/\/fmp-components.com\/wp-content\/uploads\/2024\/12\/Sanitation-Machinery-Locking-Hydraulic-Cylinder-factory-980x405.webp 980w, https:\/\/fmp-components.com\/wp-content\/uploads\/2024\/12\/Sanitation-Machinery-Locking-Hydraulic-Cylinder-factory-480x198.webp 480w\" alt=\"F\u00e1brica de cilindros hidr\u00e1ulicos de bloqueo de maquinaria de saneamiento\" width=\"1414\" height=\"584\" title=\"\"><\/p>\n<p>Autor: CX<\/p>","protected":false},"excerpt":{"rendered":"<p>El cilindro hidr\u00e1ulico para equipos de generaci\u00f3n de energ\u00eda undimotriz\/mareomotriz es un componente hidr\u00e1ulico vital dise\u00f1ado para aprovechar la energ\u00eda de las olas y el movimiento de las mareas. Este cilindro desempe\u00f1a un papel crucial en la conversi\u00f3n de la energ\u00eda cin\u00e9tica del agua en energ\u00eda mec\u00e1nica, facilitando el funcionamiento de diversos mecanismos de generaci\u00f3n de energ\u00eda. Fabricado con materiales de alta resistencia y resistentes a la corrosi\u00f3n, est\u00e1 dise\u00f1ado para soportar las duras condiciones marinas, incluyendo la exposici\u00f3n al agua salada y a condiciones clim\u00e1ticas extremas. El sistema hidr\u00e1ulico permite movimientos suaves y eficientes, maximizando la captura de energ\u00eda y garantizando la fiabilidad y durabilidad del equipo. Este cilindro hidr\u00e1ulico es esencial para optimizar el rendimiento de los sistemas de energ\u00eda undimotriz y mareomotriz, contribuyendo significativamente a las soluciones energ\u00e9ticas sostenibles y renovables.<\/p>","protected":false},"featured_media":817,"comment_status":"open","ping_status":"closed","template":"","meta":{"_et_pb_use_builder":"","_et_pb_old_content":"","_et_gb_content_width":""},"product_brand":[],"product_cat":[29],"product_tag":[],"class_list":{"0":"post-816","1":"product","2":"type-product","3":"status-publish","4":"has-post-thumbnail","6":"product_cat-energy-technology-hydraulic-cylinders","8":"first","9":"instock","10":"shipping-taxable","11":"product-type-simple"},"_links":{"self":[{"href":"https:\/\/fmp-components.com\/es\/wp-json\/wp\/v2\/product\/816","targetHints":{"allow":["GET"]}}],"collection":[{"href":"https:\/\/fmp-components.com\/es\/wp-json\/wp\/v2\/product"}],"about":[{"href":"https:\/\/fmp-components.com\/es\/wp-json\/wp\/v2\/types\/product"}],"replies":[{"embeddable":true,"href":"https:\/\/fmp-components.com\/es\/wp-json\/wp\/v2\/comments?post=816"}],"wp:featuredmedia":[{"embeddable":true,"href":"https:\/\/fmp-components.com\/es\/wp-json\/wp\/v2\/media\/817"}],"wp:attachment":[{"href":"https:\/\/fmp-components.com\/es\/wp-json\/wp\/v2\/media?parent=816"}],"wp:term":[{"taxonomy":"product_brand","embeddable":true,"href":"https:\/\/fmp-components.com\/es\/wp-json\/wp\/v2\/product_brand?post=816"},{"taxonomy":"product_cat","embeddable":true,"href":"https:\/\/fmp-components.com\/es\/wp-json\/wp\/v2\/product_cat?post=816"},{"taxonomy":"product_tag","embeddable":true,"href":"https:\/\/fmp-components.com\/es\/wp-json\/wp\/v2\/product_tag?post=816"}],"curies":[{"name":"gracias","href":"https:\/\/api.w.org\/{rel}","templated":true}]}}