{"id":809,"date":"2024-12-18T07:45:43","date_gmt":"2024-12-18T07:45:43","guid":{"rendered":"https:\/\/fmp-components.com\/?page_id=8"},"modified":"2024-12-18T07:51:27","modified_gmt":"2024-12-18T07:51:27","slug":"desalination-equipment-hydraulic-cylinders","status":"publish","type":"product","link":"https:\/\/fmp-components.com\/es\/product\/desalination-equipment-hydraulic-cylinders\/","title":{"rendered":"Cilindros hidr\u00e1ulicos para equipos de desalinizaci\u00f3n"},"content":{"rendered":"<p style=\"text-align: center;\"><span style=\"font-size: 18pt;\">Cilindros hidr\u00e1ulicos para equipos de desalinizaci\u00f3n<\/span><\/p>\n<p>Los cilindros hidr\u00e1ulicos para equipos de desalinizaci\u00f3n son componentes hidr\u00e1ulicos esenciales dise\u00f1ados espec\u00edficamente para su uso en plantas desalinizadoras. Estos cilindros desempe\u00f1an un papel fundamental al facilitar el movimiento y el funcionamiento de diversas m\u00e1quinas involucradas en el proceso de tratamiento de agua, como bombas, v\u00e1lvulas y sistemas de filtraci\u00f3n.<\/p>\n<h4>Caracter\u00edsticas principales:<\/h4>\n<ul>\n<li><strong>Construcci\u00f3n de alta resistencia:<\/strong> Fabricados con materiales duraderos y resistentes a la corrosi\u00f3n, estos cilindros hidr\u00e1ulicos est\u00e1n dise\u00f1ados para soportar los entornos hostiles t\u00edpicos de las operaciones de desalinizaci\u00f3n, incluida la exposici\u00f3n al agua salada y a altas presiones.<\/li>\n<li><strong>Rendimiento confiable:<\/strong> Dise\u00f1ados para una alta eficiencia, estos cilindros proporcionan una fuerza hidr\u00e1ulica constante y potente, lo que garantiza el funcionamiento eficaz de los equipos de desalinizaci\u00f3n y contribuye a la fiabilidad general del proceso de tratamiento del agua.<\/li>\n<li><strong>Control preciso:<\/strong> El dise\u00f1o hidr\u00e1ulico permite realizar ajustes suaves y precisos, mejorando la eficiencia operativa de v\u00e1lvulas y bombas, lo cual es crucial para optimizar el flujo de agua y los procesos de tratamiento.<\/li>\n<li><strong>Aplicaci\u00f3n vers\u00e1til:<\/strong> Aptos para diversas tecnolog\u00edas de desalinizaci\u00f3n, incluidas la \u00f3smosis inversa y la destilaci\u00f3n instant\u00e1nea multietapa, estos cilindros hidr\u00e1ulicos pueden adaptarse a diferentes necesidades operativas, lo que los hace vers\u00e1tiles para diversas aplicaciones.<\/li>\n<li><strong>Requisitos de bajo mantenimiento:<\/strong> Dise\u00f1ados para minimizar el desgaste, estos cilindros reducen la necesidad de un mantenimiento frecuente, lo que contribuye a disminuir los costos operativos y aumentar la productividad en las plantas desalinizadoras.<\/li>\n<\/ul>\n<p>En resumen, los cilindros hidr\u00e1ulicos de los equipos de desalinizaci\u00f3n son componentes vitales que optimizan el rendimiento y la eficiencia de las plantas desalinizadoras, mejorando significativamente su eficacia para proporcionar agua dulce a partir del agua de mar y garantizando una gesti\u00f3n sostenible de los recursos h\u00eddricos.<\/p>\n<h2>Cilindro hidr\u00e1ulico para equipo de desalinizaci\u00f3n<\/h2>\n<table style=\"width: 98.4268%; height: 316px;\" border=\"1\" cellspacing=\"0\" cellpadding=\"0\">\n<tbody>\n<tr>\n<td>Nombre del producto<\/td>\n<td>Cilindros hidr\u00e1ulicos para equipos de desalinizaci\u00f3n<\/td>\n<\/tr>\n<tr>\n<td>Caracter\u00edsticas:<\/td>\n<td>Extraer y comprimir el agua de mar y enviarla al dispositivo de filtrado.<\/td>\n<\/tr>\n<tr>\n<td>Di\u00e1metro del orificio:<\/td>\n<td>Hasta 300 mm<\/td>\n<\/tr>\n<tr>\n<td>Di\u00e1metro de la varilla:<\/td>\n<td>Hasta 185 mm<br \/>\nCarrera de hasta 1000 mm<\/td>\n<\/tr>\n<tr>\n<td>Temperatura de funcionamiento:<\/td>\n<td>-20~30\u2103<\/td>\n<\/tr>\n<tr>\n<td>Velocidad de trabajo:<\/td>\n<td>hasta 110 mm\/s<\/td>\n<\/tr>\n<tr>\n<td>Frecuencia de trabajo:<\/td>\n<td>24 horas<\/td>\n<\/tr>\n<tr>\n<td>Fugas internas y externas:<\/td>\n<td>&lt; 5 ml\/min<\/td>\n<\/tr>\n<tr>\n<td>Presi\u00f3n:<\/td>\n<td>hasta 11 MPa<br \/>\nPresi\u00f3n inicial &lt; 0,1 MPa<\/td>\n<\/tr>\n<tr>\n<td>Aplicaciones:<\/td>\n<td>Equipos de desalinizaci\u00f3n<\/td>\n<\/tr>\n<\/tbody>\n<\/table>\n<h2>Caracter\u00edsticas de dise\u00f1o del cilindro hidr\u00e1ulico del equipo de desalinizaci\u00f3n<\/h2>\n<ul>\n<li><strong>Resistencia a la corrosi\u00f3n:<\/strong> Construido en acero inoxidable d\u00faplex sin soldaduras, este dise\u00f1o resiste eficazmente la corrosi\u00f3n del agua de mar, garantizando durabilidad y fiabilidad.<\/li>\n<li><strong>Mayor durabilidad:<\/strong> El cilindro hidr\u00e1ulico y el v\u00e1stago del pist\u00f3n est\u00e1n recubiertos con pintura cer\u00e1mica, lo que proporciona una mayor resistencia al desgaste superficial y una mayor durabilidad general.<\/li>\n<li><strong>Sellado personalizado:<\/strong> Se utilizan configuraciones y materiales de sellado especializados para eliminar eficazmente los microbios y la arena fina del agua de mar, maximizando as\u00ed la fiabilidad y la vida \u00fatil de los sellos.<\/li>\n<li><strong>Dise\u00f1o de v\u00e1lvula optimizado:<\/strong> El cilindro hidr\u00e1ulico cuenta con una v\u00e1lvula de entrada y salida de agua de mar especialmente dise\u00f1ada, lo que garantiza un transporte eficiente del agua de mar.<\/li>\n<li><strong>Proceso de ensamblaje limpio:<\/strong> Un procedimiento \u00fanico de montaje y desengrasado garantiza que el cilindro hidr\u00e1ulico est\u00e9 libre de manchas de aceite, manteniendo un rendimiento y una limpieza \u00f3ptimos.<\/li>\n<\/ul>\n<p><img loading=\"lazy\" decoding=\"async\" class=\"wp-image-813 aligncenter\" src=\"https:\/\/fmp-components.com\/wp-content\/uploads\/2024\/12\/Hydraulic-Cylinders-in-Desalination-Equipment-Benefits.webp\" alt=\"Beneficios de los cilindros hidr\u00e1ulicos en los equipos de desalinizaci\u00f3n\" width=\"814\" height=\"407\" title=\"\"><\/p>\n<h2>Beneficios de los cilindros hidr\u00e1ulicos en los equipos de desalinizaci\u00f3n<\/h2>\n<p>Los cilindros hidr\u00e1ulicos ofrecen numerosas ventajas para los equipos de desalinizaci\u00f3n, entre ellas:<\/p>\n<ol>\n<li><strong>Alta relaci\u00f3n potencia-peso:<\/strong> Estos cilindros proporcionan una fuerza sustancial a la vez que siguen siendo relativamente ligeros, lo cual es crucial para los sistemas de desalinizaci\u00f3n que necesitan transportar componentes pesados \u200b\u200bcomo membranas de \u00f3smosis inversa y colectores de salmuera.<\/li>\n<li><strong>Control de velocidad variable:<\/strong> Los cilindros hidr\u00e1ulicos pueden ajustarse para moverse a diversas velocidades, lo que permite un control preciso de los procesos de desalinizaci\u00f3n, como la tasa de rechazo de salmuera y la velocidad de limpieza de la membrana.<\/li>\n<li><strong>Precisi\u00f3n de posicionamiento:<\/strong> Permiten un posicionamiento de alta precisi\u00f3n de los componentes del equipo, garantizando un funcionamiento y una eficiencia \u00f3ptimos en los procesos de desalinizaci\u00f3n.<\/li>\n<li><strong>Uso eficiente de la energ\u00eda:<\/strong> Los sistemas hidr\u00e1ulicos son conocidos por su eficiencia energ\u00e9tica, lo cual es esencial para las plantas desalinizadoras que deben funcionar de forma continua.<\/li>\n<li><strong>Durabilidad y fiabilidad:<\/strong> Los cilindros hidr\u00e1ulicos est\u00e1n dise\u00f1ados para ser robustos y fiables, capaces de soportar las duras condiciones t\u00edpicas de las plantas desalinizadoras, incluidas las altas temperaturas y la exposici\u00f3n a productos qu\u00edmicos corrosivos.<\/li>\n<\/ol>\n<p><img loading=\"lazy\" decoding=\"async\" class=\"alignnone  wp-image-814\" src=\"https:\/\/fmp-components.com\/wp-content\/uploads\/2024\/12\/Desalination-Equipment-Hydraulic-Cylinder.webp\" alt=\"Equipo de desalinizaci\u00f3n - Cilindro hidr\u00e1ulico\" width=\"900\" height=\"451\" title=\"\"><\/p>\n<h3>Acerca de FMP<\/h3>\n<p>FMP es una empresa especializada en la fabricaci\u00f3n de cilindros hidr\u00e1ulicos. Desde su fundaci\u00f3n, la empresa se ha centrado en la investigaci\u00f3n y fabricaci\u00f3n de tecnolog\u00eda hidr\u00e1ulica, pasando de una gama de productos diversificada que inclu\u00eda maquinaria de cosecha y construcci\u00f3n a una especializaci\u00f3n en componentes para tractores agr\u00edcolas. Con m\u00e1s de una d\u00e9cada de experiencia en fabricaci\u00f3n y gesti\u00f3n, FMP garantiza productos de alta calidad mediante t\u00e9cnicas de producci\u00f3n avanzadas.<\/p>\n<p>A medida que la empresa ha evolucionado, ha desarrollado una l\u00ednea integral de producci\u00f3n de mecanizado, una l\u00ednea de ensamblaje y una l\u00ednea de recubrimiento. Nuestro equipo est\u00e1 formado por personal directivo cualificado, dise\u00f1adores mec\u00e1nicos con amplia experiencia y t\u00e9cnicos altamente capacitados que trabajan en equipo para mantener una calidad de producci\u00f3n estable, a la vez que controlan eficazmente la continuidad y la eficiencia del proceso.<\/p>\n<p>FMP defiende la filosof\u00eda de \u00abInnovaci\u00f3n tecnol\u00f3gica que impulsa el progreso, calidad que crea marcas, artesan\u00eda que garantiza la calidad y relaciones mutuamente beneficiosas a largo plazo\u00bb. Nuestro compromiso de ofrecer productos de alta calidad y un servicio al cliente superior sigue siendo un objetivo fundamental para satisfacer las cambiantes necesidades del mercado.<\/p>\n<p><img loading=\"lazy\" decoding=\"async\" class=\"alignnone size-full wp-image-426\" src=\"https:\/\/fmp-components.com\/wp-content\/uploads\/2024\/12\/Sanitation-Machinery-Locking-Hydraulic-Cylinder-factory.webp\" sizes=\"(min-width: 0px) and (max-width: 480px) 480px, (min-width: 481px) and (max-width: 980px) 980px, (min-width: 981px) and (max-width: 1280px) 1280px, (min-width: 1281px) 1414px, 100vw\" srcset=\"https:\/\/fmp-components.com\/wp-content\/uploads\/2024\/12\/Sanitation-Machinery-Locking-Hydraulic-Cylinder-factory.webp 1414w, https:\/\/fmp-components.com\/wp-content\/uploads\/2024\/12\/Sanitation-Machinery-Locking-Hydraulic-Cylinder-factory-1280x529.webp 1280w, https:\/\/fmp-components.com\/wp-content\/uploads\/2024\/12\/Sanitation-Machinery-Locking-Hydraulic-Cylinder-factory-980x405.webp 980w, https:\/\/fmp-components.com\/wp-content\/uploads\/2024\/12\/Sanitation-Machinery-Locking-Hydraulic-Cylinder-factory-480x198.webp 480w\" alt=\"F\u00e1brica de cilindros hidr\u00e1ulicos de bloqueo de maquinaria de saneamiento\" width=\"1414\" height=\"584\" title=\"\"><\/p>\n<p>Autor: CX<\/p>\n<p>&nbsp;<\/p>","protected":false},"excerpt":{"rendered":"<p>Los cilindros hidr\u00e1ulicos para equipos de desalinizaci\u00f3n son componentes cr\u00edticos en las plantas desalinizadoras, ya que facilitan el movimiento y el funcionamiento de la maquinaria involucrada en el proceso de tratamiento del agua. Estos cilindros proporcionan la fuerza necesaria para controlar v\u00e1lvulas, bombas y otros equipos, garantizando un funcionamiento eficiente en la conversi\u00f3n de agua de mar en agua dulce. Fabricados con materiales de alta resistencia y resistentes a la corrosi\u00f3n, est\u00e1n dise\u00f1ados para soportar las duras condiciones t\u00edpicas de los entornos de desalinizaci\u00f3n, incluyendo la exposici\u00f3n al agua salada y a altas presiones. Su suave acci\u00f3n hidr\u00e1ulica permite un control y ajustes precisos, mejorando la eficiencia y la fiabilidad del proceso de desalinizaci\u00f3n. Estos cilindros hidr\u00e1ulicos desempe\u00f1an un papel fundamental en la optimizaci\u00f3n del rendimiento de los equipos de desalinizaci\u00f3n, contribuyendo significativamente a una gesti\u00f3n eficaz de los recursos h\u00eddricos.<\/p>","protected":false},"featured_media":812,"comment_status":"open","ping_status":"closed","template":"","meta":{"_et_pb_use_builder":"","_et_pb_old_content":"","_et_gb_content_width":""},"product_brand":[],"product_cat":[29],"product_tag":[],"class_list":{"0":"post-809","1":"product","2":"type-product","3":"status-publish","4":"has-post-thumbnail","6":"product_cat-energy-technology-hydraulic-cylinders","8":"first","9":"instock","10":"shipping-taxable","11":"product-type-simple"},"_links":{"self":[{"href":"https:\/\/fmp-components.com\/es\/wp-json\/wp\/v2\/product\/809","targetHints":{"allow":["GET"]}}],"collection":[{"href":"https:\/\/fmp-components.com\/es\/wp-json\/wp\/v2\/product"}],"about":[{"href":"https:\/\/fmp-components.com\/es\/wp-json\/wp\/v2\/types\/product"}],"replies":[{"embeddable":true,"href":"https:\/\/fmp-components.com\/es\/wp-json\/wp\/v2\/comments?post=809"}],"wp:featuredmedia":[{"embeddable":true,"href":"https:\/\/fmp-components.com\/es\/wp-json\/wp\/v2\/media\/812"}],"wp:attachment":[{"href":"https:\/\/fmp-components.com\/es\/wp-json\/wp\/v2\/media?parent=809"}],"wp:term":[{"taxonomy":"product_brand","embeddable":true,"href":"https:\/\/fmp-components.com\/es\/wp-json\/wp\/v2\/product_brand?post=809"},{"taxonomy":"product_cat","embeddable":true,"href":"https:\/\/fmp-components.com\/es\/wp-json\/wp\/v2\/product_cat?post=809"},{"taxonomy":"product_tag","embeddable":true,"href":"https:\/\/fmp-components.com\/es\/wp-json\/wp\/v2\/product_tag?post=809"}],"curies":[{"name":"gracias","href":"https:\/\/api.w.org\/{rel}","templated":true}]}}