{"id":8005,"date":"2025-04-15T05:33:41","date_gmt":"2025-04-15T05:33:41","guid":{"rendered":"https:\/\/fmp-components.com\/?post_type=product&#038;p=8005"},"modified":"2025-04-15T06:05:24","modified_gmt":"2025-04-15T06:05:24","slug":"plastic-gear-rack","status":"publish","type":"product","link":"https:\/\/fmp-components.com\/es\/product\/plastic-gear-rack\/","title":{"rendered":"Cremallera de pl\u00e1stico"},"content":{"rendered":"<h2>Cremallera de pl\u00e1stico: Precisi\u00f3n y rendimiento para la industria italiana<\/h2>\n<p>Las cremalleras de pl\u00e1stico son componentes clave en maquinaria, sistemas de automatizaci\u00f3n y mecanismos de direcci\u00f3n que transforman el movimiento rotatorio en un movimiento lineal preciso. A diferencia de las cremalleras met\u00e1licas tradicionales, las cremalleras de pl\u00e1stico fabricadas con materiales de alto rendimiento como el nailon y el polioximetileno (POM) ofrecen ventajas \u00fanicas, como resistencia a la corrosi\u00f3n, bajo nivel de ruido y propiedades autolubricantes, lo que las convierte en una opci\u00f3n ideal para una amplia gama de industrias en Italia.<\/p>\n<p><img loading=\"lazy\" decoding=\"async\" class=\"size-full wp-image-8009 aligncenter\" src=\"https:\/\/fmp-components.com\/wp-content\/uploads\/2025\/04\/plastic-gear-rack-product-1.webp\" alt=\"producto de cremallera de pl\u00e1stico\" width=\"1000\" height=\"1000\" title=\"\" srcset=\"https:\/\/fmp-components.com\/wp-content\/uploads\/2025\/04\/plastic-gear-rack-product-1.webp 1000w, https:\/\/fmp-components.com\/wp-content\/uploads\/2025\/04\/plastic-gear-rack-product-1-980x980.webp 980w, https:\/\/fmp-components.com\/wp-content\/uploads\/2025\/04\/plastic-gear-rack-product-1-480x480.webp 480w\" sizes=\"(min-width: 0px) and (max-width: 480px) 480px, (min-width: 481px) and (max-width: 980px) 980px, (min-width: 981px) 1000px, 100vw\" \/><\/p>\n<div class=\"message-bubble rounded-3xl prose dark:prose-invert break-words text-primary min-h-7 prose-p:opacity-95 prose-strong:opacity-100 w-full max-w-none\" dir=\"auto\">\n<h3 class=\"\" dir=\"auto\">\u00bfPor qu\u00e9 elegir cremalleras de pl\u00e1stico?<\/h3>\n<p class=\"break-words\" dir=\"auto\">Las cremalleras de pl\u00e1stico, en particular las de 20\u00b0 de \u00e1ngulo de presi\u00f3n, son el est\u00e1ndar industrial debido a sus dientes m\u00e1s gruesos y resistentes en comparaci\u00f3n con las alternativas de 14,5\u00b0. Fabricadas con materiales como nailon apto para uso alimentario y POM blanco, destacan en entornos que requieren higiene, como plantas de procesamiento de alimentos o aplicaciones cient\u00edficas. Sus principales ventajas son:<\/p>\n<ul class=\"marker:text-secondary\" dir=\"auto\">\n<li class=\"break-words\"><strong>Durabilidad y resistencia al desgaste<\/strong>Las cremalleras de nailon y acetal resisten el desgaste, la suciedad y el polvo, lo que garantiza un rendimiento duradero.<\/li>\n<li class=\"break-words\"><strong>No requiere lubricaci\u00f3n<\/strong>Sus propiedades autolubricantes los hacen adecuados para entornos exigentes, como m\u00e1quinas CNC o sistemas ferroviarios.<\/li>\n<li class=\"break-words\"><strong>Operaci\u00f3n silenciosa<\/strong>Las cremalleras de pl\u00e1stico son m\u00e1s silenciosas que las de metal, perfectas para aplicaciones sensibles al ruido.<\/li>\n<li class=\"break-words\"><strong>Resistencia a la corrosi\u00f3n y a los productos qu\u00edmicos<\/strong>Ideal para industrias donde los componentes met\u00e1licos pueden degradarse.<\/li>\n<\/ul>\n<p class=\"break-words\" dir=\"auto\">Las cremalleras de pl\u00e1stico ofrecen precisi\u00f3n y fiabilidad para aplicaciones como sistemas de automatizaci\u00f3n y ascensores.<\/p>\n<div>\n<h3 dir=\"auto\">Aplicaciones de cremalleras de pl\u00e1stico<\/h3>\n<p class=\"break-words\" dir=\"auto\">Las cremalleras de pl\u00e1stico son vers\u00e1tiles y dan soporte a una amplia gama de industrias en toda Italia:<\/p>\n<ul class=\"marker:text-secondary\" dir=\"auto\">\n<li class=\"break-words\"><strong>M\u00e1quinas CNC<\/strong>En las zonas industriales de Mil\u00e1n, las cremalleras garantizan un control preciso del movimiento.<\/li>\n<li class=\"break-words\"><strong>Procesamiento de alimentos<\/strong>El sector alimentario de Bolonia se beneficia de las estanter\u00edas de POM aptas para uso alimentario que cumplen con estrictos est\u00e1ndares de higiene.<\/li>\n<li class=\"break-words\"><strong>Sistemas de automatizaci\u00f3n<\/strong>Desde Venecia hasta Florencia, las cremalleras accionan la rob\u00f3tica y los sistemas de transporte.<\/li>\n<li class=\"break-words\"><strong>Mecanismos de direcci\u00f3n<\/strong>: Se utiliza en veh\u00edculos y maquinaria en toda Italia, garantizando un funcionamiento sin problemas.<\/li>\n<\/ul>\n<p class=\"break-words\" dir=\"auto\">Su dise\u00f1o ligero y su alta capacidad de carga los convierten en una opci\u00f3n ideal para los ingenieros que buscan eficiencia y rendimiento.<\/p>\n<table style=\"border-collapse: collapse; width: 96.3542%; height: 122px;\" border=\"0\" width=\"180\" cellspacing=\"0\" cellpadding=\"0\">\n<tbody>\n<tr style=\"height: 14.40pt;\">\n<td style=\"height: 14.40pt; width: 54.00pt;\" align=\"right\" width=\"90\" height=\"24\"><img loading=\"lazy\" decoding=\"async\" class=\"size-full wp-image-8013 aligncenter\" src=\"https:\/\/fmp-components.com\/wp-content\/uploads\/2025\/04\/plastic-gear-rack-product-5.webp\" alt=\"producto de cremallera de pl\u00e1stico\" width=\"810\" height=\"810\" title=\"\" srcset=\"https:\/\/fmp-components.com\/wp-content\/uploads\/2025\/04\/plastic-gear-rack-product-5.webp 810w, https:\/\/fmp-components.com\/wp-content\/uploads\/2025\/04\/plastic-gear-rack-product-5-480x480.webp 480w\" sizes=\"(min-width: 0px) and (max-width: 480px) 480px, (min-width: 481px) 810px, 100vw\" \/><\/td>\n<td style=\"width: 54.00pt;\" align=\"right\" width=\"90\"><img loading=\"lazy\" decoding=\"async\" class=\"size-full wp-image-8012 aligncenter\" src=\"https:\/\/fmp-components.com\/wp-content\/uploads\/2025\/04\/plastic-gear-rack-product-6.webp\" alt=\"producto de cremallera de pl\u00e1stico\" width=\"810\" height=\"810\" title=\"\" srcset=\"https:\/\/fmp-components.com\/wp-content\/uploads\/2025\/04\/plastic-gear-rack-product-6.webp 810w, https:\/\/fmp-components.com\/wp-content\/uploads\/2025\/04\/plastic-gear-rack-product-6-480x480.webp 480w\" sizes=\"(min-width: 0px) and (max-width: 480px) 480px, (min-width: 481px) 810px, 100vw\" \/><\/td>\n<\/tr>\n<tr style=\"height: 14.40pt;\">\n<td style=\"height: 14.40pt;\" align=\"right\" height=\"24\"><img loading=\"lazy\" decoding=\"async\" class=\"size-full wp-image-8014 aligncenter\" src=\"https:\/\/fmp-components.com\/wp-content\/uploads\/2025\/04\/plastic-gear-rack-product-4.webp\" alt=\"producto de cremallera de pl\u00e1stico\" width=\"810\" height=\"810\" title=\"\" srcset=\"https:\/\/fmp-components.com\/wp-content\/uploads\/2025\/04\/plastic-gear-rack-product-4.webp 810w, https:\/\/fmp-components.com\/wp-content\/uploads\/2025\/04\/plastic-gear-rack-product-4-480x480.webp 480w\" sizes=\"(min-width: 0px) and (max-width: 480px) 480px, (min-width: 481px) 810px, 100vw\" \/><\/td>\n<td align=\"right\"><img loading=\"lazy\" decoding=\"async\" class=\"size-full wp-image-8015 aligncenter\" src=\"https:\/\/fmp-components.com\/wp-content\/uploads\/2025\/04\/plastic-gear-rack-product-3.webp\" alt=\"producto de cremallera de pl\u00e1stico\" width=\"810\" height=\"810\" title=\"\" srcset=\"https:\/\/fmp-components.com\/wp-content\/uploads\/2025\/04\/plastic-gear-rack-product-3.webp 810w, https:\/\/fmp-components.com\/wp-content\/uploads\/2025\/04\/plastic-gear-rack-product-3-480x480.webp 480w\" sizes=\"(min-width: 0px) and (max-width: 480px) 480px, (min-width: 481px) 810px, 100vw\" \/><\/td>\n<\/tr>\n<\/tbody>\n<\/table>\n<div>\n<h2 class=\"\" dir=\"auto\">Especificaciones t\u00e9cnicas del m\u00f3dulo 1: Cremallera dentada de pl\u00e1stico<\/h2>\n<p class=\"break-words\" dir=\"auto\">Nuestro m\u00f3dulo 1 de cremallera de pl\u00e1stico, fabricado en POM blanco, es un excelente ejemplo de ingenier\u00eda de calidad. Sus principales especificaciones incluyen:<\/p>\n<ul class=\"marker:text-secondary\" dir=\"auto\">\n<li class=\"break-words\"><strong>Dimensiones<\/strong>: 15 mm (b) x 15 mm (H) x 14 mm (h), con una longitud nominal de 250 mm.<\/li>\n<li class=\"break-words\"><strong>M\u00f3dulo<\/strong>: 1, cumpliendo las normas DIN 867\/DIN 3972.<\/li>\n<li class=\"break-words\"><strong>\u00c1ngulo de presi\u00f3n<\/strong>: 20\u00b0, lo que garantiza la compatibilidad con engranajes rectos est\u00e1ndar.<\/li>\n<li class=\"break-words\"><strong>Peso<\/strong>Solo 75 gramos, ideal para ensamblajes ligeros.<\/li>\n<li class=\"break-words\"><strong>Material<\/strong>POM de calidad alimentaria, apto para aplicaciones abrasivas y cient\u00edficas.<\/li>\n<\/ul>\n<p class=\"break-words\" dir=\"auto\">Esta cremallera se acopla perfectamente con engranajes rectos compatibles, lo que permite un movimiento lineal suave en aplicaciones que van desde la rob\u00f3tica en Bolonia hasta los sistemas ferroviarios en Venecia.<\/p>\n<div>\n<h2 class=\"\" dir=\"auto\">Acerca de FMP: Su socio de confianza para cremalleras de pl\u00e1stico<\/h2>\n<p class=\"break-words\" dir=\"auto\">En FMP, nos especializamos en la fabricaci\u00f3n de una amplia gama de cremalleras de pl\u00e1stico, incluyendo productos de nylon y acetal (POM), dise\u00f1adas para satisfacer las necesidades de las industrias en toda Italia. Gracias a la experiencia de nuestra empresa de mecanizado de pl\u00e1sticos, producimos cremalleras OEM y de repuesto para metal que cumplen con los est\u00e1ndares de la industria, ofreciendo a la vez una resistencia al desgaste superior y un funcionamiento silencioso. Nuestra l\u00ednea de productos incluye la gama completa Poly-Hi Solidur, lo que garantiza versatilidad para aplicaciones en Mil\u00e1n, Venecia, Florencia, Bolonia y otras ciudades.<\/p>\n<p class=\"break-words\" dir=\"auto\">Entendemos que su proyecto puede requerir especificaciones \u00fanicas. Por eso, ofrecemos cremalleras de pl\u00e1stico personalizadas, adaptadas a sus necesidades exactas. Si no encuentra el modelo que busca en nuestro cat\u00e1logo, no se preocupe: es posible que a\u00fan no est\u00e9 disponible. Simplemente env\u00edenos un correo electr\u00f3nico con sus requisitos y nuestros ingenieros le responder\u00e1n en 24 horas con una soluci\u00f3n. Contacte hoy mismo con FMP para optimizar su maquinaria con cremalleras de pl\u00e1stico de ingenier\u00eda de precisi\u00f3n, al servicio de las industrias innovadoras de Italia.<\/p>\n<p dir=\"auto\"><img loading=\"lazy\" decoding=\"async\" class=\"size-full wp-image-8010 aligncenter\" src=\"https:\/\/fmp-components.com\/wp-content\/uploads\/2025\/04\/plastic-gear-rack-product-2.webp\" alt=\"producto de cremallera de pl\u00e1stico\" width=\"1005\" height=\"638\" title=\"\"><\/p>\n<\/div>\n<\/div>\n<\/div>\n<\/div>","protected":false},"excerpt":{"rendered":"<p>Plastic Gear Rack: Precision and Performance for Italian Industries Plastic racks are key components in machinery, automation systems and steering mechanisms that convert rotary motion into precise linear motion. Unlike traditional metal racks, plastic racks made from high-performance materials such as nylon and polyoxymethylene (POM) offer unique advantages, including corrosion resistance, low noise and self-lubricating [&hellip;]<\/p>","protected":false},"featured_media":8008,"comment_status":"open","ping_status":"closed","template":"","meta":{"_et_pb_use_builder":"","_et_pb_old_content":"","_et_gb_content_width":""},"product_brand":[],"product_cat":[117],"product_tag":[],"class_list":{"0":"post-8005","1":"product","2":"type-product","3":"status-publish","4":"has-post-thumbnail","6":"product_cat-plastic-gears","8":"first","9":"instock","10":"shipping-taxable","11":"product-type-simple"},"_links":{"self":[{"href":"https:\/\/fmp-components.com\/es\/wp-json\/wp\/v2\/product\/8005","targetHints":{"allow":["GET"]}}],"collection":[{"href":"https:\/\/fmp-components.com\/es\/wp-json\/wp\/v2\/product"}],"about":[{"href":"https:\/\/fmp-components.com\/es\/wp-json\/wp\/v2\/types\/product"}],"replies":[{"embeddable":true,"href":"https:\/\/fmp-components.com\/es\/wp-json\/wp\/v2\/comments?post=8005"}],"wp:featuredmedia":[{"embeddable":true,"href":"https:\/\/fmp-components.com\/es\/wp-json\/wp\/v2\/media\/8008"}],"wp:attachment":[{"href":"https:\/\/fmp-components.com\/es\/wp-json\/wp\/v2\/media?parent=8005"}],"wp:term":[{"taxonomy":"product_brand","embeddable":true,"href":"https:\/\/fmp-components.com\/es\/wp-json\/wp\/v2\/product_brand?post=8005"},{"taxonomy":"product_cat","embeddable":true,"href":"https:\/\/fmp-components.com\/es\/wp-json\/wp\/v2\/product_cat?post=8005"},{"taxonomy":"product_tag","embeddable":true,"href":"https:\/\/fmp-components.com\/es\/wp-json\/wp\/v2\/product_tag?post=8005"}],"curies":[{"name":"gracias","href":"https:\/\/api.w.org\/{rel}","templated":true}]}}