{"id":7978,"date":"2025-04-15T02:14:53","date_gmt":"2025-04-15T02:14:53","guid":{"rendered":"https:\/\/fmp-components.com\/?post_type=product&#038;p=7978"},"modified":"2025-04-15T02:31:38","modified_gmt":"2025-04-15T02:31:38","slug":"plastic-rack-and-pinion","status":"publish","type":"product","link":"https:\/\/fmp-components.com\/es\/product\/plastic-rack-and-pinion\/","title":{"rendered":"Cremallera y pi\u00f1\u00f3n de pl\u00e1stico"},"content":{"rendered":"<h2>Cremallera y pi\u00f1\u00f3n de pl\u00e1stico: precisi\u00f3n y durabilidad para las industrias italianas<\/h2>\n<p>En ingenier\u00eda mec\u00e1nica, los sistemas de cremallera y pi\u00f1\u00f3n de pl\u00e1stico son una soluci\u00f3n fiable para convertir el movimiento rotatorio en movimiento lineal (o viceversa). Compuesto por una cremallera lineal y pi\u00f1ones engranados, este mecanismo se utiliza en una amplia gama de industrias por su precisi\u00f3n, durabilidad y versatilidad. En Italia, desde el coraz\u00f3n industrial de Mil\u00e1n hasta el centro de fabricaci\u00f3n de Bolonia, los sistemas de cremallera y pi\u00f1\u00f3n de pl\u00e1stico se han convertido en parte integral de aplicaciones como la automatizaci\u00f3n, las m\u00e1quinas herramienta CNC y los sistemas de direcci\u00f3n.<\/p>\n<p>Fabricados con materiales de alto rendimiento como nailon y polioximetileno, los sistemas de cremallera y pi\u00f1\u00f3n de pl\u00e1stico ofrecen ventajas significativas sobre los sistemas de cremallera y pi\u00f1\u00f3n met\u00e1licos. Estas ventajas incluyen menor ruido, mayor resistencia al desgaste y propiedades autolubricantes, lo que los hace ideales para entornos con altos requisitos de mantenimiento. Ya sea en un taller art\u00edstico en Florencia o en la industria mar\u00edtima en Venecia, los engranajes de pl\u00e1stico ofrecen soluciones rentables y de alta calidad para satisfacer diversas necesidades.<\/p>\n<div>\n<h3 dir=\"auto\">Beneficios del sistema de cremallera y pi\u00f1\u00f3n de pl\u00e1stico<\/h3>\n<h4 dir=\"auto\">Durabilidad y resistencia al desgaste<\/h4>\n<p class=\"break-words\" dir=\"auto\">Las cremalleras de pl\u00e1stico, en particular las de nailon o acetal, est\u00e1n dise\u00f1adas para una larga vida \u00fatil. Su resistencia inherente al desgaste garantiza un rendimiento constante en aplicaciones exigentes, como ascensores y sistemas ferroviarios en ciudades italianas como Mil\u00e1n y Bolonia. A diferencia de los engranajes met\u00e1licos, las cremalleras de pl\u00e1stico resisten la corrosi\u00f3n y requieren una lubricaci\u00f3n m\u00ednima, lo que reduce los costes de mantenimiento.<\/p>\n<h4 dir=\"auto\">Reducci\u00f3n de ruido<\/h4>\n<p class=\"break-words\" dir=\"auto\">En entornos donde el control del ruido es crucial, como las m\u00e1quinas de embalaje en Florencia o los sistemas de automatizaci\u00f3n en Venecia, los sistemas de cremallera y pi\u00f1\u00f3n de pl\u00e1stico son excelentes. Los pol\u00edmeros utilizados amortiguan las vibraciones, lo que resulta en un funcionamiento m\u00e1s silencioso en comparaci\u00f3n con las alternativas met\u00e1licas, mejorando as\u00ed la seguridad y la comodidad en el trabajo.<\/p>\n<h4 dir=\"auto\">Ligero y rentable<\/h4>\n<p class=\"break-words\" dir=\"auto\">Los engranajes de pl\u00e1stico son significativamente m\u00e1s ligeros que los de metal, lo que los hace ideales para aplicaciones que requieren un peso reducido, como salvaescaleras o actuadores neum\u00e1ticos en Bolonia. Su rentabilidad tambi\u00e9n resulta atractiva para las empresas que buscan soluciones de alta calidad sin exceder el presupuesto, una prioridad para las industrias de toda Italia.<\/p>\n<h4 dir=\"auto\">Propiedades autolubricantes<\/h4>\n<p class=\"break-words\" dir=\"auto\">Los materiales de la gama de productos FMP son autolubricantes y no requieren lubricaci\u00f3n frecuente, una propiedad particularmente importante en los entornos polvorientos o sucios comunes en las plantas de fabricaci\u00f3n de Mil\u00e1n y Venecia, donde los m\u00e9todos de lubricaci\u00f3n tradicionales no son pr\u00e1cticos.<\/p>\n<div>\n<h3 dir=\"auto\">Aplicaciones de cremallera y pi\u00f1\u00f3n de pl\u00e1stico<\/h3>\n<p class=\"break-words\" dir=\"auto\">Los sistemas de cremallera y pi\u00f1\u00f3n de pl\u00e1stico son muy vers\u00e1tiles y prestan servicio a una amplia gama de industrias con un rendimiento confiable:<\/p>\n<ul class=\"marker:text-secondary\" dir=\"auto\">\n<li class=\"break-words\"><strong>Automatizaci\u00f3n y m\u00e1quinas CNC<\/strong>:Las cremalleras de pl\u00e1stico proporcionan un movimiento lineal preciso en m\u00e1quinas CNC, lo que mejora la productividad en entornos de fabricaci\u00f3n avanzados.<\/li>\n<li class=\"break-words\"><strong>Mecanismos de direcci\u00f3n<\/strong>Desde veh\u00edculos peque\u00f1os hasta equipos industriales, los bastidores de pl\u00e1stico brindan soluciones de direcci\u00f3n livianas y con capacidad de respuesta.<\/li>\n<li class=\"break-words\"><strong>Ascensores y sistemas de elevaci\u00f3n<\/strong>Las cremalleras de pl\u00e1stico garantizan un funcionamiento duradero y eficiente en ascensores y sistemas de elevaci\u00f3n, donde el espacio y la fiabilidad son fundamentales.<\/li>\n<li class=\"break-words\"><strong>Sistemas de embalaje y posicionamiento<\/strong>En las m\u00e1quinas de embalaje, los bastidores de pl\u00e1stico ofrecen un control de movimiento suave y preciso, lo que favorece operaciones de alta precisi\u00f3n.<\/li>\n<\/ul>\n<p class=\"break-words\" dir=\"auto\">Estas aplicaciones demuestran la adaptabilidad de los sistemas de cremallera y pi\u00f1\u00f3n de pl\u00e1stico, satisfaciendo diversas demandas industriales con precisi\u00f3n y eficiencia.<\/p>\n<p dir=\"auto\"><img loading=\"lazy\" decoding=\"async\" class=\"size-full wp-image-7987 aligncenter\" src=\"https:\/\/fmp-components.com\/wp-content\/uploads\/2025\/04\/custom-nylon-rack-and-pinion-2.webp\" alt=\"cremallera y pi\u00f1\u00f3n de nailon personalizados\" width=\"720\" height=\"720\" title=\"\" srcset=\"https:\/\/fmp-components.com\/wp-content\/uploads\/2025\/04\/custom-nylon-rack-and-pinion-2.webp 720w, https:\/\/fmp-components.com\/wp-content\/uploads\/2025\/04\/custom-nylon-rack-and-pinion-2-480x480.webp 480w\" sizes=\"(min-width: 0px) and (max-width: 480px) 480px, (min-width: 481px) 720px, 100vw\" \/><\/p>\n<div>\n<h3 dir=\"auto\">\u00bfPor qu\u00e9 elegir pl\u00e1stico en lugar de metal?<\/h3>\n<p class=\"break-words\" dir=\"auto\">Si bien las cremalleras de metal son robustas, las cremalleras de pl\u00e1stico ofrecen ventajas \u00fanicas que se alinean con las necesidades industriales modernas:<\/p>\n<ul class=\"marker:text-secondary\" dir=\"auto\">\n<li class=\"break-words\"><strong>Resistencia a la corrosi\u00f3n<\/strong>:Los estantes de pl\u00e1stico resisten la humedad sin oxidarse, lo que los hace ideales para entornos h\u00famedos o desafiantes.<\/li>\n<li class=\"break-words\"><strong>Personalizaci\u00f3n<\/strong>Los estantes de pl\u00e1stico se pueden adaptar a tama\u00f1os y m\u00f3dulos espec\u00edficos, cumpliendo requisitos personalizados para dise\u00f1os innovadores.<\/li>\n<li class=\"break-words\"><strong>Ecol\u00f3gico<\/strong>:Los engranajes de pl\u00e1stico, especialmente aquellos fabricados con materiales reciclables, respaldan pr\u00e1cticas sustentables y resultan atractivos para empresas conscientes del medio ambiente.<\/li>\n<\/ul>\n<p class=\"break-words\" dir=\"auto\">Para los fabricantes de equipos originales (OEM) y las necesidades de reemplazo de metal, los sistemas de pi\u00f1\u00f3n y cremallera de pl\u00e1stico ofrecen un rendimiento que coincide con los est\u00e1ndares de la industria, lo que garantiza una integraci\u00f3n perfecta en las configuraciones existentes.<\/p>\n<div class=\"message-bubble rounded-3xl prose dark:prose-invert break-words text-primary min-h-7 prose-p:opacity-95 prose-strong:opacity-100 w-full max-w-none\" dir=\"auto\">\n<h3 dir=\"auto\">Especificaciones t\u00e9cnicas<\/h3>\n<p class=\"break-words\" dir=\"auto\">Los sistemas de cremallera y pi\u00f1\u00f3n de pl\u00e1stico est\u00e1n disponibles en diversas configuraciones para adaptarse a aplicaciones espec\u00edficas. Por ejemplo:<\/p>\n<ul class=\"marker:text-secondary\" dir=\"auto\">\n<li class=\"break-words\"><strong>M\u00f3dulo<\/strong>:Con un rango de 0,5 a 10, se adapta tanto a tareas de peque\u00f1a escala como a tareas pesadas.<\/li>\n<li class=\"break-words\"><strong>Materiales<\/strong>Opciones como el nailon y el acetal rellenos de aceite de grado alimenticio garantizan el cumplimiento de los est\u00e1ndares de seguridad, vitales para diversas industrias.<\/li>\n<li class=\"break-words\"><strong>Tallas<\/strong>:Longitudes est\u00e1ndar de 100 mm a 2000 mm, con longitudes personalizadas disponibles para proyectos especializados.<\/li>\n<li class=\"break-words\"><strong>Acabados<\/strong>:Dientes rectificados o sin rectificar para distintos niveles de precisi\u00f3n, satisfaciendo las necesidades de los sectores de alta tecnolog\u00eda.<\/li>\n<\/ul>\n<p class=\"break-words\" dir=\"auto\">Estas especificaciones hacen que los bastidores de pl\u00e1stico sean vers\u00e1tiles para aplicaciones, desde medidores de profundidad hasta sistemas de compuertas, en m\u00faltiples industrias.<\/p>\n<p dir=\"auto\"><img loading=\"lazy\" decoding=\"async\" class=\"wp-image-7985 aligncenter\" src=\"https:\/\/fmp-components.com\/wp-content\/uploads\/2025\/04\/high-quality-material.webp\" alt=\"material de alta calidad\" width=\"837\" height=\"699\" title=\"\" srcset=\"https:\/\/fmp-components.com\/wp-content\/uploads\/2025\/04\/high-quality-material.webp 837w, https:\/\/fmp-components.com\/wp-content\/uploads\/2025\/04\/high-quality-material-480x401.webp 480w\" sizes=\"(min-width: 0px) and (max-width: 480px) 480px, (min-width: 481px) 837px, 100vw\" \/><\/p>\n<div>\n<h2 class=\"\" dir=\"auto\">Acerca de FMP: Su socio de confianza para engranajes de pl\u00e1stico en Italia<\/h2>\n<p class=\"break-words\" dir=\"auto\">En FMP, nos enorgullecemos de ser un fabricante l\u00edder de engranajes de pl\u00e1stico, incluyendo sistemas de pi\u00f1\u00f3n y cremallera de alta calidad. Nuestra gama de productos incluye engranajes rectos mecanizados est\u00e1ndar, engranajes moldeados y cremalleras fabricadas con materiales de primera calidad como nailon y acetal, dise\u00f1ados para satisfacer diversas demandas industriales.<\/p>\n<p class=\"break-words\" dir=\"auto\">FMP tambi\u00e9n se especializa en engranajes de pl\u00e1stico personalizados, ofreciendo soluciones a medida para aplicaciones \u00fanicas. Si no encuentra el modelo que necesita en nuestra lista de productos, no se preocupe, puede que a\u00fan no est\u00e9 disponible. Simplemente env\u00edenos un correo electr\u00f3nico con sus requisitos y nuestros ingenieros expertos le responder\u00e1n en 24 horas con una soluci\u00f3n adaptada a sus especificaciones.<\/p>\n<p class=\"break-words\" dir=\"auto\">Comun\u00edquese con FMP hoy para explorar nuestra gama completa de productos de engranajes de pl\u00e1stico y descubrir c\u00f3mo podemos respaldar sus proyectos en toda Italia.<\/p>\n<p dir=\"auto\"><img loading=\"lazy\" decoding=\"async\" class=\"size-full wp-image-7986 aligncenter\" src=\"https:\/\/fmp-components.com\/wp-content\/uploads\/2025\/04\/plastic-gear-and-rack.webp\" alt=\"engranaje y cremallera de pl\u00e1stico\" width=\"891\" height=\"279\" title=\"\" srcset=\"https:\/\/fmp-components.com\/wp-content\/uploads\/2025\/04\/plastic-gear-and-rack.webp 891w, https:\/\/fmp-components.com\/wp-content\/uploads\/2025\/04\/plastic-gear-and-rack-480x150.webp 480w\" sizes=\"(min-width: 0px) and (max-width: 480px) 480px, (min-width: 481px) 891px, 100vw\" \/><\/p>\n<\/div>\n<\/div>\n<\/div>\n<\/div>\n<\/div>","protected":false},"excerpt":{"rendered":"<p>Plastic Rack and Pinion: Precision and Durability for Italian Industries In mechanical engineering, plastic rack and pinion systems are a reliable solution for converting rotary motion to linear motion (or vice versa). Consisting of a linear rack and meshing pinions, the mechanism is used across a wide range of industries for its precision, durability and [&hellip;]<\/p>","protected":false},"featured_media":7989,"comment_status":"open","ping_status":"closed","template":"","meta":{"_et_pb_use_builder":"","_et_pb_old_content":"","_et_gb_content_width":""},"product_brand":[],"product_cat":[117],"product_tag":[],"class_list":{"0":"post-7978","1":"product","2":"type-product","3":"status-publish","4":"has-post-thumbnail","6":"product_cat-plastic-gears","8":"first","9":"instock","10":"shipping-taxable","11":"product-type-simple"},"_links":{"self":[{"href":"https:\/\/fmp-components.com\/es\/wp-json\/wp\/v2\/product\/7978","targetHints":{"allow":["GET"]}}],"collection":[{"href":"https:\/\/fmp-components.com\/es\/wp-json\/wp\/v2\/product"}],"about":[{"href":"https:\/\/fmp-components.com\/es\/wp-json\/wp\/v2\/types\/product"}],"replies":[{"embeddable":true,"href":"https:\/\/fmp-components.com\/es\/wp-json\/wp\/v2\/comments?post=7978"}],"wp:featuredmedia":[{"embeddable":true,"href":"https:\/\/fmp-components.com\/es\/wp-json\/wp\/v2\/media\/7989"}],"wp:attachment":[{"href":"https:\/\/fmp-components.com\/es\/wp-json\/wp\/v2\/media?parent=7978"}],"wp:term":[{"taxonomy":"product_brand","embeddable":true,"href":"https:\/\/fmp-components.com\/es\/wp-json\/wp\/v2\/product_brand?post=7978"},{"taxonomy":"product_cat","embeddable":true,"href":"https:\/\/fmp-components.com\/es\/wp-json\/wp\/v2\/product_cat?post=7978"},{"taxonomy":"product_tag","embeddable":true,"href":"https:\/\/fmp-components.com\/es\/wp-json\/wp\/v2\/product_tag?post=7978"}],"curies":[{"name":"gracias","href":"https:\/\/api.w.org\/{rel}","templated":true}]}}