{"id":7977,"date":"2025-04-15T01:36:16","date_gmt":"2025-04-15T01:36:16","guid":{"rendered":"https:\/\/fmp-components.com\/?post_type=product&#038;p=7977"},"modified":"2025-04-15T01:50:22","modified_gmt":"2025-04-15T01:50:22","slug":"plastic-gear-set","status":"publish","type":"product","link":"https:\/\/fmp-components.com\/es\/product\/plastic-gear-set\/","title":{"rendered":"Juego de engranajes de pl\u00e1stico"},"content":{"rendered":"<h2>Juegos de engranajes de pl\u00e1stico: Precisi\u00f3n y versatilidad para aplicaciones mec\u00e1nicas<\/h2>\n<p>Los juegos de engranajes de pl\u00e1stico son componentes esenciales en los sistemas mec\u00e1nicos modernos, ya que ofrecen soluciones ligeras, duraderas y rentables para la transmisi\u00f3n de potencia. Estos juegos suelen incluir engranajes de diferentes tama\u00f1os y n\u00famero de dientes, dise\u00f1ados para funcionar en perfecta sincron\u00eda en aplicaciones que abarcan desde la rob\u00f3tica hasta la electr\u00f3nica de consumo. En ciudades italianas l\u00edderes en innovaci\u00f3n como Mil\u00e1n, Venecia, Florencia y Bolonia, los juegos de engranajes de pl\u00e1stico se utilizan ampliamente por su resistencia a la corrosi\u00f3n, su bajo mantenimiento y su capacidad para funcionar sin lubricaci\u00f3n. Fabricados con pl\u00e1sticos de ingenier\u00eda de alta calidad, proporcionan un rendimiento fiable en diversos sectores.<\/p>\n<div>\n<h3 dir=\"auto\">Ventajas de los juegos de engranajes de pl\u00e1stico<\/h3>\n<p class=\"break-words\" dir=\"auto\">Los juegos de engranajes de pl\u00e1stico ofrecen varias ventajas que los convierten en una opci\u00f3n preferida frente a las alternativas met\u00e1licas, especialmente en los centros de dise\u00f1o y fabricaci\u00f3n de Italia:<\/p>\n<ul class=\"marker:text-secondary\" dir=\"auto\">\n<li class=\"break-words\"><strong>Ligero<\/strong>Fabricados con materiales como poliacetal (POM), nailon y Duracon, los engranajes de pl\u00e1stico reducen el peso del sistema, ideales para aplicaciones en los laboratorios de rob\u00f3tica de Florencia o en los sectores de automatizaci\u00f3n de Venecia.<\/li>\n<li class=\"break-words\"><strong>Resistencia a la corrosi\u00f3n<\/strong>A diferencia de los engranajes met\u00e1licos, los juegos de engranajes de pl\u00e1stico son inoxidables, lo que garantiza su durabilidad en ambientes h\u00famedos o expuestos a productos qu\u00edmicos, comunes en las zonas industriales de Bolonia.<\/li>\n<li class=\"break-words\"><strong>Ruido bajo<\/strong>Los engranajes de pl\u00e1stico funcionan silenciosamente, lo que los hace adecuados para la electr\u00f3nica de consumo y los dispositivos m\u00e9dicos producidos en los mercados tecnol\u00f3gicos de Mil\u00e1n.<\/li>\n<li class=\"break-words\"><strong>Producci\u00f3n rentable<\/strong>El moldeo por inyecci\u00f3n permite la producci\u00f3n en grandes vol\u00famenes a bajo coste, lo que favorece la fabricaci\u00f3n a gran escala para las empresas italianas.<\/li>\n<li class=\"break-words\"><strong>No necesita lubricaci\u00f3n<\/strong>Muchos engranajes de pl\u00e1stico, como los fabricados con nailon, pueden acoplarse con engranajes met\u00e1licos sin lubricaci\u00f3n, lo que reduce los costes de mantenimiento.<\/li>\n<\/ul>\n<p class=\"break-words\" dir=\"auto\">A pesar de su menor resistencia en comparaci\u00f3n con el metal, una cuidadosa selecci\u00f3n de materiales y un dise\u00f1o adecuado mitigan estas limitaciones, garantizando un rendimiento fiable para cargas y condiciones espec\u00edficas.<\/p>\n<div>\n<h3 dir=\"auto\">Materiales utilizados en juegos de engranajes de pl\u00e1stico<\/h3>\n<p class=\"break-words\" dir=\"auto\">El rendimiento de un juego de engranajes de pl\u00e1stico depende en gran medida de su material. Algunas opciones comunes son:<\/p>\n<ul class=\"marker:text-secondary\" dir=\"auto\">\n<li class=\"break-words\"><strong>Poliacetal (POM)<\/strong>Conocido por su baja fricci\u00f3n y alta resistencia al desgaste, ideal para engranajes de precisi\u00f3n en aplicaciones automotrices e industriales.<\/li>\n<li class=\"break-words\"><strong>Nylon (MC901)<\/strong>Ofrece una excelente resistencia a la tracci\u00f3n y elasticidad, perfecta para juegos de engranajes de alta resistencia en el sector de maquinaria de Bolonia.<\/li>\n<li class=\"break-words\"><strong>Duracon<\/strong>Una opci\u00f3n rentable para engranajes moldeados por inyecci\u00f3n, adecuada para aplicaciones de carga ligera como proyectos de bricolaje en Florencia.<\/li>\n<li class=\"break-words\"><strong>PEEK y U-PE<\/strong>: Se utiliza en entornos de alto rendimiento que requieren resistencia qu\u00edmica, como en la fabricaci\u00f3n de dispositivos m\u00e9dicos en Mil\u00e1n.<\/li>\n<li class=\"break-words\"><strong>Variantes reforzadas<\/strong>Los engranajes con bujes de acero inoxidable o lat\u00f3n (por ejemplo, acetal con n\u00facleos SUS303) mejoran la durabilidad en entornos exigentes.<\/li>\n<\/ul>\n<p class=\"break-words\" dir=\"auto\">Estos materiales permiten a los fabricantes italianos adaptar los juegos de engranajes a necesidades espec\u00edficas, equilibrando resistencia, peso y resistencia ambiental.<\/p>\n<p dir=\"auto\"><img loading=\"lazy\" decoding=\"async\" class=\"size-full wp-image-7983 aligncenter\" src=\"https:\/\/fmp-components.com\/wp-content\/uploads\/2025\/04\/plastic-gear-set-product.webp\" alt=\"juego de engranajes de pl\u00e1stico\" width=\"853\" height=\"697\" title=\"\" srcset=\"https:\/\/fmp-components.com\/wp-content\/uploads\/2025\/04\/plastic-gear-set-product.webp 853w, https:\/\/fmp-components.com\/wp-content\/uploads\/2025\/04\/plastic-gear-set-product-480x392.webp 480w\" sizes=\"(min-width: 0px) and (max-width: 480px) 480px, (min-width: 481px) 853px, 100vw\" \/><\/p>\n<div>\n<h3 dir=\"auto\">Tipos de engranajes en juegos de engranajes de pl\u00e1stico<\/h3>\n<p class=\"break-words\" dir=\"auto\">Los juegos de engranajes de pl\u00e1stico suelen incluir una variedad de tipos de engranajes para adaptarse a diferentes requisitos mec\u00e1nicos:<\/p>\n<ul class=\"marker:text-secondary\" dir=\"auto\">\n<li class=\"break-words\"><strong>Engranajes rectos<\/strong>: Simple y eficiente, se utiliza para la transmisi\u00f3n de energ\u00eda directa en productos de consumo.<\/li>\n<li class=\"break-words\"><strong>Engranajes c\u00f3nicos<\/strong>Facilitar el movimiento angular, com\u00fan en sistemas rob\u00f3ticos y automotrices en Venecia.<\/li>\n<li class=\"break-words\"><strong>Engranajes de inglete<\/strong>Permite la transferencia de potencia a 90 grados, ideal para maquinaria compacta.<\/li>\n<li class=\"break-words\"><strong>Ruedas helicoidales y gusanos<\/strong>: Proporcionan relaciones de transmisi\u00f3n elevadas para un control preciso, utilizadas en los equipos de automatizaci\u00f3n de Mil\u00e1n.<\/li>\n<li class=\"break-words\"><strong>Estanter\u00edas<\/strong>Convierte el movimiento rotacional en lineal, dando soporte a aplicaciones como las m\u00e1quinas CNC en Bolonia.<\/li>\n<\/ul>\n<p class=\"break-words\" dir=\"auto\">Los m\u00f3dulos var\u00edan de 0,5 a 4, con acabados de dientes cortados o moldeados por inyecci\u00f3n para lograr grados como JIS N9-N12, lo que garantiza la compatibilidad con diversos sistemas.<\/p>\n<div>\n<h3 dir=\"auto\">Aplicaciones en diferentes industrias<\/h3>\n<p class=\"break-words\" dir=\"auto\">Los juegos de engranajes de pl\u00e1stico son vers\u00e1tiles y sirven a una amplia gama de industrias en la din\u00e1mica econom\u00eda italiana:<\/p>\n<ul class=\"marker:text-secondary\" dir=\"auto\">\n<li class=\"break-words\"><strong>Rob\u00f3tica<\/strong>Los engranajes ligeros permiten un movimiento \u00e1gil en los prototipos desarrollados en los centros tecnol\u00f3gicos de Florencia.<\/li>\n<li class=\"break-words\"><strong>Electr\u00f3nica de consumo<\/strong>Engranajes silenciosos y duraderos alimentan dispositivos como impresoras y c\u00e1maras, populares en los estudios de dise\u00f1o de Mil\u00e1n.<\/li>\n<li class=\"break-words\"><strong>Equipo m\u00e9dico<\/strong>Los engranajes no corrosivos garantizan la fiabilidad de las herramientas de diagn\u00f3stico fabricadas en Bolonia.<\/li>\n<li class=\"break-words\"><strong>Automotor<\/strong>Los engranajes de pl\u00e1stico reducen el peso en los sistemas auxiliares, lo que beneficia a los proveedores de la industria automotriz de Venecia.<\/li>\n<li class=\"break-words\"><strong>Bricolaje y educaci\u00f3n<\/strong>Los kits de equipamiento asequibles inspiran la innovaci\u00f3n en aulas y espacios de creaci\u00f3n en toda Italia.<\/li>\n<\/ul>\n<p class=\"break-words\" dir=\"auto\">Su adaptabilidad las convierte en una pieza clave tanto para la creaci\u00f3n de prototipos como para la producci\u00f3n en el panorama industrial italiano.<\/p>\n<div>\n<h2 class=\"\" dir=\"auto\">Acerca de FMP: Su fuente confiable de engranajes de pl\u00e1stico<\/h2>\n<p class=\"break-words\" dir=\"auto\">En FMP, nos enorgullecemos de ser un fabricante l\u00edder de engranajes de pl\u00e1stico, con presencia en Mil\u00e1n, Venecia, Florencia y Bolonia. Nuestra amplia gama incluye engranajes rectos, c\u00f3nicos, de inglete, sinf\u00edn y de cremallera, fabricados con precisi\u00f3n para satisfacer las necesidades de industrias que van desde la rob\u00f3tica hasta la automoci\u00f3n. Nos especializamos en:<\/p>\n<ul class=\"marker:text-secondary\" dir=\"auto\">\n<li class=\"break-words\"><strong>Soluciones integrales de engranajes<\/strong>Ofrecemos una variedad de engranajes de pl\u00e1stico para adaptarnos a cualquier aplicaci\u00f3n mec\u00e1nica.<\/li>\n<li class=\"break-words\"><strong>Fabricaci\u00f3n a medida<\/strong>Aceptamos pedidos totalmente personalizados, dise\u00f1ando engranajes seg\u00fan sus especificaciones exactas, ya sea para prototipos o para producci\u00f3n en serie.<\/li>\n<li class=\"break-words\"><strong>Soporte r\u00e1pido<\/strong>\u00bfNo encuentra el modelo de engranaje que necesita en nuestro cat\u00e1logo? Es probable que a\u00fan no lo hayamos subido. Env\u00edenos un correo electr\u00f3nico con sus requisitos y nuestros ingenieros le responder\u00e1n en 24 horas con una soluci\u00f3n personalizada.<\/li>\n<\/ul>\n<p class=\"break-words\" dir=\"auto\">Con sede en el coraz\u00f3n industrial de Italia, FMP combina la tecnolog\u00eda de moldeo por inyecci\u00f3n m\u00e1s avanzada con un firme compromiso con la calidad, garantizando el \u00e9xito de sus proyectos. Cont\u00e1ctenos hoy mismo. <a href=\"mailto:info@fmpcomponents.it\">info@fmpcomponents.it<\/a> para explorar c\u00f3mo nuestros juegos de engranajes de pl\u00e1stico pueden impulsar su innovaci\u00f3n.<\/p>\n<p dir=\"auto\"><img loading=\"lazy\" decoding=\"async\" class=\"wp-image-7981 aligncenter\" src=\"https:\/\/fmp-components.com\/wp-content\/uploads\/2025\/04\/plastic-gear-set-factory.webp\" alt=\"f\u00e1brica de juegos de engranajes de pl\u00e1stico\" width=\"901\" height=\"751\" title=\"\" srcset=\"https:\/\/fmp-components.com\/wp-content\/uploads\/2025\/04\/plastic-gear-set-factory.webp 901w, https:\/\/fmp-components.com\/wp-content\/uploads\/2025\/04\/plastic-gear-set-factory-480x400.webp 480w\" sizes=\"(min-width: 0px) and (max-width: 480px) 480px, (min-width: 481px) 901px, 100vw\" \/><\/p>\n<\/div>\n<\/div>\n<\/div>\n<\/div>\n<\/div>","protected":false},"excerpt":{"rendered":"<p>Plastic Gear Sets: Precision and Versatility for Mechanical Applications Plastic gear sets are essential components in modern mechanical systems, offering lightweight, durable, and cost-effective solutions for power transmission. These sets typically include gears of varying sizes and tooth counts, designed to work seamlessly together in applications ranging from robotics to consumer electronics. In Italy\u2019s innovation-driven [&hellip;]<\/p>","protected":false},"featured_media":7960,"comment_status":"open","ping_status":"closed","template":"","meta":{"_et_pb_use_builder":"","_et_pb_old_content":"","_et_gb_content_width":""},"product_brand":[],"product_cat":[117],"product_tag":[],"class_list":{"0":"post-7977","1":"product","2":"type-product","3":"status-publish","4":"has-post-thumbnail","6":"product_cat-plastic-gears","8":"first","9":"instock","10":"shipping-taxable","11":"product-type-simple"},"_links":{"self":[{"href":"https:\/\/fmp-components.com\/es\/wp-json\/wp\/v2\/product\/7977","targetHints":{"allow":["GET"]}}],"collection":[{"href":"https:\/\/fmp-components.com\/es\/wp-json\/wp\/v2\/product"}],"about":[{"href":"https:\/\/fmp-components.com\/es\/wp-json\/wp\/v2\/types\/product"}],"replies":[{"embeddable":true,"href":"https:\/\/fmp-components.com\/es\/wp-json\/wp\/v2\/comments?post=7977"}],"wp:featuredmedia":[{"embeddable":true,"href":"https:\/\/fmp-components.com\/es\/wp-json\/wp\/v2\/media\/7960"}],"wp:attachment":[{"href":"https:\/\/fmp-components.com\/es\/wp-json\/wp\/v2\/media?parent=7977"}],"wp:term":[{"taxonomy":"product_brand","embeddable":true,"href":"https:\/\/fmp-components.com\/es\/wp-json\/wp\/v2\/product_brand?post=7977"},{"taxonomy":"product_cat","embeddable":true,"href":"https:\/\/fmp-components.com\/es\/wp-json\/wp\/v2\/product_cat?post=7977"},{"taxonomy":"product_tag","embeddable":true,"href":"https:\/\/fmp-components.com\/es\/wp-json\/wp\/v2\/product_tag?post=7977"}],"curies":[{"name":"gracias","href":"https:\/\/api.w.org\/{rel}","templated":true}]}}