{"id":7920,"date":"2025-04-11T03:30:53","date_gmt":"2025-04-11T03:30:53","guid":{"rendered":"https:\/\/fmp-components.com\/?post_type=product&#038;p=7920"},"modified":"2025-04-11T03:45:02","modified_gmt":"2025-04-11T03:45:02","slug":"external-ring-gear","status":"publish","type":"product","link":"https:\/\/fmp-components.com\/es\/product\/external-ring-gear\/","title":{"rendered":"Engranaje de anillo externo"},"content":{"rendered":"<h2>Engranajes anulares externos de alta calidad para ingenier\u00eda de precisi\u00f3n<\/h2>\n<p>Los engranajes de anillo externos son componentes cr\u00edticos en diversos sistemas mec\u00e1nicos, conocidos por su durabilidad y precisi\u00f3n en la transmisi\u00f3n de par y movimiento. Estos engranajes, con dientes en la circunferencia exterior, se utilizan ampliamente en industrias como la automotriz, la aeroespacial y la maquinaria industrial. En ciudades como Mil\u00e1n y Venecia, donde prospera la manufactura avanzada, los engranajes de anillo externos desempe\u00f1an un papel fundamental para garantizar el funcionamiento continuo de equipos de alto rendimiento. Dise\u00f1ados para engranar con pi\u00f1ones u otros engranajes, proporcionan una transmisi\u00f3n de potencia fiable, lo que los hace indispensables para aplicaciones que requieren soluciones mec\u00e1nicas robustas y eficientes.<\/p>\n<h2>Mezcladora de cemento Micro de 5000 mm con engranaje de anillo de acero fundido externo<\/h2>\n<p>FMP se dedica principalmente a la investigaci\u00f3n, el desarrollo y la fabricaci\u00f3n de engranajes de baja velocidad, alta carga y alta potencia. Ha establecido un sistema de especificaciones est\u00e1ndar para el dise\u00f1o, la fabricaci\u00f3n, las pruebas y la inspecci\u00f3n basado en est\u00e1ndares avanzados y cuenta con un equipo de ingenieros y t\u00e9cnicos innovadores.<\/p>\n<p><img loading=\"lazy\" decoding=\"async\" class=\"size-full wp-image-7922 aligncenter\" src=\"https:\/\/fmp-components.com\/wp-content\/uploads\/2025\/04\/External-Ring-Gear-1.webp\" alt=\"Engranaje de anillo externo\" width=\"790\" height=\"686\" title=\"\" srcset=\"https:\/\/fmp-components.com\/wp-content\/uploads\/2025\/04\/External-Ring-Gear-1.webp 790w, https:\/\/fmp-components.com\/wp-content\/uploads\/2025\/04\/External-Ring-Gear-1-480x417.webp 480w\" sizes=\"(min-width: 0px) and (max-width: 480px) 480px, (min-width: 481px) 790px, 100vw\" \/><\/p>\n<table style=\"width: 100%;\" border=\"1\" width=\"100%\" cellspacing=\"0\" cellpadding=\"0\">\n<tbody>\n<tr>\n<th style=\"width: 13.8116%;\">Forma:<\/th>\n<td style=\"width: 35.9743%;\">Gusano<\/td>\n<th style=\"width: 15.2034%;\">Condici\u00f3n:<\/th>\n<td style=\"width: 34.6895%;\">Nuevo<\/td>\n<\/tr>\n<tr class=\"bg_gray\">\n<th style=\"width: 13.8116%;\">Industrias aplicables:<\/th>\n<td style=\"width: 35.9743%;\">Planta de fabricaci\u00f3n, obras de construcci\u00f3n, energ\u00eda y miner\u00eda<\/td>\n<th style=\"width: 15.2034%;\">Ubicaci\u00f3n de la sala de exposici\u00f3n:<\/th>\n<td style=\"width: 34.6895%;\">Ninguno<\/td>\n<\/tr>\n<tr>\n<th style=\"width: 13.8116%;\">Material:<\/th>\n<td style=\"width: 35.9743%;\">Acero inoxidable, ZG35CrMo\/42CrMo<\/td>\n<th style=\"width: 15.2034%;\">Est\u00e1ndar o no est\u00e1ndar:<\/th>\n<td style=\"width: 34.6895%;\">No est\u00e1ndar<\/td>\n<\/tr>\n<tr class=\"bg_gray\">\n<th style=\"width: 13.8116%;\">Direcci\u00f3n:<\/th>\n<td style=\"width: 35.9743%;\">Izquierda, Derecha<\/td>\n<th style=\"width: 15.2034%;\">Nombre:<\/th>\n<td style=\"width: 34.6895%;\">Piezas de mezcladora de cemento Micro engranaje helicoidal de acero<\/td>\n<\/tr>\n<tr>\n<th style=\"width: 13.8116%;\">Di\u00e1metro:<\/th>\n<td style=\"width: 35.9743%;\">2000-8000 mm<\/td>\n<th style=\"width: 15.2034%;\">Tipo de procesamiento:<\/th>\n<td style=\"width: 34.6895%;\">Fundici\u00f3n<\/td>\n<\/tr>\n<tr class=\"bg_gray\">\n<th style=\"width: 13.8116%;\">Certificado:<\/th>\n<td style=\"width: 35.9743%;\">ISO 9001:2000, ANSI, ASME, GES<\/td>\n<th style=\"width: 15.2034%;\">Rango de aplicaci\u00f3n:<\/th>\n<td style=\"width: 34.6895%;\">Instalaciones de cemento y miner\u00eda, reductor de velocidad, molino de bolas, elevador de mina<\/td>\n<\/tr>\n<tr>\n<th style=\"width: 13.8116%;\">\u00c1reas de exportaci\u00f3n:<\/th>\n<td style=\"width: 35.9743%;\">Rusia, Sudeste Asi\u00e1tico, India, Sud\u00e1frica, Australia<\/td>\n<th style=\"width: 15.2034%;\">Dureza:<\/th>\n<td style=\"width: 34.6895%;\">&lt;=217<\/td>\n<\/tr>\n<tr>\n<th style=\"width: 13.8116%;\" colspan=\"1\">Destacar:<\/th>\n<td style=\"width: 85.8672%;\" colspan=\"3\">Engranaje helicoidal de acero micro, engranaje helicoidal de acero de 5000 mm<\/td>\n<\/tr>\n<\/tbody>\n<\/table>\n<h3>FMP: Su socio de confianza para engranajes de anillo externos<\/h3>\n<p>En FMP, nos enorgullecemos de fabricar una amplia gama de productos externos. <a href=\"https:\/\/fmp-components.com\/es\/ring-gear\/\">engranajes anulares<\/a>Fabricados para cumplir con los m\u00e1s altos est\u00e1ndares de la industria. Ubicados en el coraz\u00f3n de la red industrial italiana, atendemos a empresas en Mil\u00e1n, Venecia, Florencia, Bolonia y otras ciudades, ofreciendo soluciones est\u00e1ndar y personalizadas. Si no encuentra el modelo de corona dentada que necesita en nuestra lista de productos, no se preocupe, probablemente a\u00fan no lo hayamos publicado. Simplemente env\u00edenos un correo electr\u00f3nico con sus requisitos y nuestros ingenieros expertos le responder\u00e1n en 24 horas con soluciones a medida para impulsar sus operaciones. Elija FMP para obtener precisi\u00f3n, fiabilidad y un servicio al cliente inigualable en toda Italia.<\/p>\n<p><img loading=\"lazy\" decoding=\"async\" class=\"wp-image-7924 aligncenter\" src=\"https:\/\/fmp-components.com\/wp-content\/uploads\/2025\/04\/external_casting_steel_ring_gear_1.webp\" alt=\"Engranaje de anillo de acero fundido externo \" width=\"913\" height=\"667\" title=\"\" srcset=\"https:\/\/fmp-components.com\/wp-content\/uploads\/2025\/04\/external_casting_steel_ring_gear_1.webp 913w, https:\/\/fmp-components.com\/wp-content\/uploads\/2025\/04\/external_casting_steel_ring_gear_1-480x351.webp 480w\" sizes=\"(min-width: 0px) and (max-width: 480px) 480px, (min-width: 481px) 913px, 100vw\" \/><\/p>","protected":false},"excerpt":{"rendered":"<p>High-Quality External Ring Gears for Precision Engineering External ring gears are critical components in various mechanical systems, known for their durability and precision in transmitting torque and motion. These gears, featuring teeth on the outer circumference, are widely used in industries such as automotive, aerospace, and industrial machinery. In cities like Milan and Venice, where [&hellip;]<\/p>","protected":false},"featured_media":7923,"comment_status":"open","ping_status":"closed","template":"","meta":{"_et_pb_use_builder":"on","_et_pb_old_content":"<h2>High-Quality External Ring Gears for Precision Engineering<\/h2>\r\nExternal ring gears are critical components in various mechanical systems, known for their durability and precision in transmitting torque and motion. These gears, featuring teeth on the outer circumference, are widely used in industries such as automotive, aerospace, and industrial machinery. In cities like Milan and Venice, where advanced manufacturing thrives, external ring gears play a pivotal role in ensuring seamless operations for high-performance equipment. Designed to mesh with pinions or other gears, they provide reliable power transmission, making them indispensable for applications requiring robust and efficient mechanical solutions.\r\n<h2>Cement Parts Mixer Micro 5000mm External Casting Steel Ring Gear<\/h2>\r\nFMP is mainly engaged in the research, development and manufacturing of low-speed, heavy-load and high-power gears. It has established a standard specification system for design, manufacturing, testing and inspection based on advanced standards and has a group of innovative engineering and technical personnel.\r\n\r\n<img class=\"size-full wp-image-7922 aligncenter\" src=\"https:\/\/fmp-components.com\/wp-content\/uploads\/2025\/04\/External-Ring-Gear-1.webp\" alt=\"External Ring Gear\" width=\"790\" height=\"686\" \/>\r\n<table style=\"width: 100%;\" border=\"1\" width=\"100%\" cellspacing=\"0\" cellpadding=\"0\">\r\n<tbody>\r\n<tr>\r\n<th style=\"width: 13.8116%;\">Shape:<\/th>\r\n<td style=\"width: 35.9743%;\">Worm<\/td>\r\n<th style=\"width: 15.2034%;\">Condition:<\/th>\r\n<td style=\"width: 34.6895%;\">New<\/td>\r\n<\/tr>\r\n<tr class=\"bg_gray\">\r\n<th style=\"width: 13.8116%;\">Applicable Industries:<\/th>\r\n<td style=\"width: 35.9743%;\">Manufacturing Plant, Construction Works\u00a0, Energy &amp; Mining<\/td>\r\n<th style=\"width: 15.2034%;\">Showroom Location:<\/th>\r\n<td style=\"width: 34.6895%;\">None<\/td>\r\n<\/tr>\r\n<tr>\r\n<th style=\"width: 13.8116%;\">Material:<\/th>\r\n<td style=\"width: 35.9743%;\">Stainless Steel, ZG35CrMo\/42CrMo<\/td>\r\n<th style=\"width: 15.2034%;\">Standard Or Nonstandard:<\/th>\r\n<td style=\"width: 34.6895%;\">Nonstandard<\/td>\r\n<\/tr>\r\n<tr class=\"bg_gray\">\r\n<th style=\"width: 13.8116%;\">Direction:<\/th>\r\n<td style=\"width: 35.9743%;\">Left, Right<\/td>\r\n<th style=\"width: 15.2034%;\">Name:<\/th>\r\n<td style=\"width: 34.6895%;\">Cement Mixer Parts Micro Steel Worm Gear<\/td>\r\n<\/tr>\r\n<tr>\r\n<th style=\"width: 13.8116%;\">Diameter:<\/th>\r\n<td style=\"width: 35.9743%;\">2000-8000mm<\/td>\r\n<th style=\"width: 15.2034%;\">Processing Type:<\/th>\r\n<td style=\"width: 34.6895%;\">Casting<\/td>\r\n<\/tr>\r\n<tr class=\"bg_gray\">\r\n<th style=\"width: 13.8116%;\">Certificate:<\/th>\r\n<td style=\"width: 35.9743%;\">ISO 9001:2000,ANSI,ASME,GES<\/td>\r\n<th style=\"width: 15.2034%;\">Application Range:<\/th>\r\n<td style=\"width: 34.6895%;\">Cement And Mining Facilities,speed Reducer,ball Mill,mine Hoist<\/td>\r\n<\/tr>\r\n<tr>\r\n<th style=\"width: 13.8116%;\">Export Areas:<\/th>\r\n<td style=\"width: 35.9743%;\">Russia, Southeast Asia, India,South Africa, Australia<\/td>\r\n<th style=\"width: 15.2034%;\">Hardness:<\/th>\r\n<td style=\"width: 34.6895%;\">&lt;=217<\/td>\r\n<\/tr>\r\n<tr>\r\n<th style=\"width: 13.8116%;\" colspan=\"1\">High Light:<\/th>\r\n<td style=\"width: 85.8672%;\" colspan=\"3\">micro steel worm gear,\u00a0 5000mm steel worm gear<\/td>\r\n<\/tr>\r\n<\/tbody>\r\n<\/table>\r\n<h3>FMP: Your Trusted Partner for External Ring Gears<\/h3>\r\nAt FMP, we pride ourselves on manufacturing a wide range of external <a href=\"https:\/\/fmp-components.com\/en\/ring-gear\">ring gears<\/a>, crafted to meet the highest industry standards. Based in the heart of Italy\u2019s industrial network, we serve businesses in Milan, Venice, Florence, Bologna, and beyond, offering both standard and custom solutions. If you don\u2019t find the specific ring gear model you need in our product list, don\u2019t worry\u2014we likely haven\u2019t had the chance to upload it yet. Simply email us with your requirements, and our skilled engineers will respond within 24 hours with tailored solutions to power your operations. Choose FMP for precision, reliability, and unmatched customer service across Italy.\r\n\r\n<img class=\"wp-image-7924 aligncenter\" src=\"https:\/\/fmp-components.com\/wp-content\/uploads\/2025\/04\/external_casting_steel_ring_gear_1.webp\" alt=\"external casting steel ring gear \" width=\"913\" height=\"667\" \/>","_et_gb_content_width":""},"product_brand":[],"product_cat":[114],"product_tag":[],"class_list":{"0":"post-7920","1":"product","2":"type-product","3":"status-publish","4":"has-post-thumbnail","6":"product_cat-ring-gear","8":"first","9":"instock","10":"shipping-taxable","11":"product-type-simple"},"_links":{"self":[{"href":"https:\/\/fmp-components.com\/es\/wp-json\/wp\/v2\/product\/7920","targetHints":{"allow":["GET"]}}],"collection":[{"href":"https:\/\/fmp-components.com\/es\/wp-json\/wp\/v2\/product"}],"about":[{"href":"https:\/\/fmp-components.com\/es\/wp-json\/wp\/v2\/types\/product"}],"replies":[{"embeddable":true,"href":"https:\/\/fmp-components.com\/es\/wp-json\/wp\/v2\/comments?post=7920"}],"wp:featuredmedia":[{"embeddable":true,"href":"https:\/\/fmp-components.com\/es\/wp-json\/wp\/v2\/media\/7923"}],"wp:attachment":[{"href":"https:\/\/fmp-components.com\/es\/wp-json\/wp\/v2\/media?parent=7920"}],"wp:term":[{"taxonomy":"product_brand","embeddable":true,"href":"https:\/\/fmp-components.com\/es\/wp-json\/wp\/v2\/product_brand?post=7920"},{"taxonomy":"product_cat","embeddable":true,"href":"https:\/\/fmp-components.com\/es\/wp-json\/wp\/v2\/product_cat?post=7920"},{"taxonomy":"product_tag","embeddable":true,"href":"https:\/\/fmp-components.com\/es\/wp-json\/wp\/v2\/product_tag?post=7920"}],"curies":[{"name":"gracias","href":"https:\/\/api.w.org\/{rel}","templated":true}]}}