{"id":7898,"date":"2025-04-09T08:43:15","date_gmt":"2025-04-09T08:43:15","guid":{"rendered":"https:\/\/fmp-components.com\/?post_type=product&#038;p=7898"},"modified":"2025-04-14T08:55:11","modified_gmt":"2025-04-14T08:55:11","slug":"internal-ring-gear","status":"publish","type":"product","link":"https:\/\/fmp-components.com\/es\/product\/internal-ring-gear\/","title":{"rendered":"Engranaje de anillo interno"},"content":{"rendered":"<h2>Comprensi\u00f3n de los engranajes anulares internos<\/h2>\n<div><\/div>\n<div>Interno <a href=\"https:\/\/fmp-components.com\/es\/ring-gear\/\">engranajes anulares<\/a> Son componentes esenciales en sistemas mec\u00e1nicos dise\u00f1ados para reducir la velocidad y aumentar el par en aplicaciones con ejes en l\u00ednea. A diferencia de los engranajes externos, estos engranajes cil\u00edndricos presentan dientes tallados en el di\u00e1metro interior, lo que les permite engranar a la perfecci\u00f3n con engranajes rectos o pi\u00f1ones. Este dise\u00f1o permite que el pi\u00f1\u00f3n impulsor gire dentro del engranaje, ofreciendo un rendimiento suave y eficiente. Los engranajes de anillo internos se utilizan ampliamente en sistemas de engranajes planetarios, acoplamientos de engranajes y otras configuraciones que requieren soluciones compactas de alto par. La fabricaci\u00f3n de estos engranajes generalmente implica m\u00e1quinas de conformado de engranajes con cortadores de pi\u00f1\u00f3n, aunque t\u00e9cnicas modernas como el biselado han mejorado la eficiencia de la producci\u00f3n. Sin embargo, su compleja geometr\u00eda plantea desaf\u00edos, especialmente para anillos m\u00e1s delgados, que pueden enfrentar problemas de integridad estructural o tensiones durante el mecanizado.<\/div>\n<h3>Especificaci\u00f3n<\/h3>\n<p>Engranaje de anillo interno que tiene dientes en la superficie interior de su borde.<\/p>\n<table border=\"1\" width=\"881\" cellspacing=\"0\" cellpadding=\"0\">\n<tbody>\n<tr>\n<td height=\"39\">Productos<\/td>\n<td>Engranaje de anillo interno<\/td>\n<\/tr>\n<tr>\n<td height=\"39\">Por encargo<\/td>\n<td>\u221a<\/td>\n<\/tr>\n<tr>\n<td height=\"39\">Tipo de perfil de engranaje<\/td>\n<td>Engranaje de anillo cil\u00edndrico<\/td>\n<\/tr>\n<tr>\n<td height=\"39\">Fabricaci\u00f3n de dientes de engranajes<\/td>\n<td>Modelado de engranajes<\/td>\n<\/tr>\n<tr>\n<td height=\"39\">Rectificado de dientes de engranajes<\/td>\n<td>* Si es necesario<\/td>\n<\/tr>\n<tr>\n<td height=\"39\">M\u00f3dulo (M)<\/td>\n<td>Costumbre<\/td>\n<\/tr>\n<tr>\n<td height=\"39\">N\u00famero de dientes (Z)<\/td>\n<td>Costumbre<\/td>\n<\/tr>\n<tr>\n<td>\u00c1ngulo de presi\u00f3n (\u03b1)<\/td>\n<td>Costumbre<\/td>\n<\/tr>\n<tr>\n<td height=\"31\">\u00c1ngulo de h\u00e9lice (\u03b2)<\/td>\n<td>Costumbre<\/td>\n<\/tr>\n<tr>\n<td height=\"23\">Grado de precisi\u00f3n de los dientes<\/td>\n<td>Grado ISO 8-9<\/td>\n<\/tr>\n<tr>\n<td height=\"15\">Tratamiento t\u00e9rmico<\/td>\n<td>Temple y revenido\/endurecimiento por inducci\u00f3n<\/td>\n<\/tr>\n<tr>\n<td>Dureza<\/td>\n<td>230-260 HB<\/td>\n<\/tr>\n<\/tbody>\n<\/table>\n<p>&nbsp;<\/p>\n<table style=\"width: 99.1544%;\" border=\"1\" width=\"796\" cellspacing=\"0\" cellpadding=\"0\">\n<tbody>\n<tr>\n<td style=\"width: 116.377%;\" colspan=\"6\" height=\"36\">COMPARACI\u00d3N DE GRADOS DEL C\u00d3DIGO DE ACERO<\/td>\n<\/tr>\n<tr>\n<td style=\"width: 18.5139%;\" height=\"36\">CHINA\/GB<\/td>\n<td style=\"width: 18.136%;\">ISO<\/td>\n<td style=\"width: 17.3804%;\">GOST<\/td>\n<td style=\"width: 10.0756%;\">ASTM<\/td>\n<td style=\"width: 16.4987%;\">JIS<\/td>\n<td style=\"width: 35.7722%;\">ESTRUENDO<\/td>\n<\/tr>\n<tr>\n<td style=\"width: 18.5139%;\" height=\"36\">45<\/td>\n<td style=\"width: 18.136%;\">C45E4<\/td>\n<td style=\"width: 17.3804%;\">45<\/td>\n<td style=\"width: 10.0756%;\">1045<\/td>\n<td style=\"width: 16.4987%;\">S45C<\/td>\n<td style=\"width: 35.7722%;\">CK45<\/td>\n<\/tr>\n<tr>\n<td style=\"width: 18.5139%;\" height=\"36\">40Cr<\/td>\n<td style=\"width: 18.136%;\">41Cr4<\/td>\n<td style=\"width: 17.3804%;\">40X<\/td>\n<td style=\"width: 10.0756%;\">5140<\/td>\n<td style=\"width: 16.4987%;\">SCr440<\/td>\n<td style=\"width: 35.7722%;\">41Cr4<\/td>\n<\/tr>\n<tr>\n<td style=\"width: 18.5139%;\" height=\"36\">20CrMo<\/td>\n<td style=\"width: 18.136%;\">18CrMo4<\/td>\n<td style=\"width: 17.3804%;\">20\u0425\u041c<\/td>\n<td style=\"width: 10.0756%;\">4118<\/td>\n<td style=\"width: 16.4987%;\">SCM22<\/td>\n<td style=\"width: 35.7722%;\">25CrMo4<\/td>\n<\/tr>\n<tr>\n<td style=\"width: 18.5139%;\" height=\"36\">42CrMo<\/td>\n<td style=\"width: 18.136%;\">42CrMo4<\/td>\n<td style=\"width: 17.3804%;\">38XM<\/td>\n<td style=\"width: 10.0756%;\">4140<\/td>\n<td style=\"width: 16.4987%;\">SCM440<\/td>\n<td style=\"width: 35.7722%;\">42CrMo4<\/td>\n<\/tr>\n<tr>\n<td style=\"width: 18.5139%;\" height=\"36\">20CrMnTi<\/td>\n<td style=\"width: 18.136%;\"><\/td>\n<td style=\"width: 17.3804%;\">18XGT<\/td>\n<td style=\"width: 10.0756%;\"><\/td>\n<td style=\"width: 16.4987%;\">SMK22<\/td>\n<td style=\"width: 35.7722%;\"><\/td>\n<\/tr>\n<tr>\n<td style=\"width: 18.5139%;\" height=\"36\">20Cr2Ni4<\/td>\n<td style=\"width: 18.136%;\"><\/td>\n<td style=\"width: 17.3804%;\">20X2H4A<\/td>\n<td style=\"width: 10.0756%;\"><\/td>\n<td style=\"width: 16.4987%;\"><\/td>\n<td style=\"width: 35.7722%;\"><\/td>\n<\/tr>\n<tr>\n<td style=\"width: 18.5139%;\" height=\"36\">20CrNiMo<\/td>\n<td style=\"width: 18.136%;\">20CrNiMo2<\/td>\n<td style=\"width: 17.3804%;\">20XHM<\/td>\n<td style=\"width: 10.0756%;\">8720<\/td>\n<td style=\"width: 16.4987%;\">SNCM220<\/td>\n<td style=\"width: 35.7722%;\">21NiCrMo2<\/td>\n<\/tr>\n<tr>\n<td style=\"width: 18.5139%;\" height=\"36\">40CrNiMoA<\/td>\n<td style=\"width: 18.136%;\"><\/td>\n<td style=\"width: 17.3804%;\">40XH2MA\/<br \/>\n40XHMA<\/td>\n<td style=\"width: 10.0756%;\">4340<\/td>\n<td style=\"width: 16.4987%;\">SNCM439<\/td>\n<td style=\"width: 35.7722%;\">40NiCrMo6\/<br \/>\n36NiCrMo4<\/td>\n<\/tr>\n<tr>\n<td style=\"width: 18.5139%;\" height=\"36\">20CrNi2Mo<\/td>\n<td style=\"width: 18.136%;\">20NiCrMo7<\/td>\n<td style=\"width: 17.3804%;\">20XH2MA<\/td>\n<td style=\"width: 10.0756%;\">4320<\/td>\n<td style=\"width: 16.4987%;\">SNCM420<\/td>\n<td style=\"width: 35.7722%;\"><\/td>\n<\/tr>\n<\/tbody>\n<\/table>\n<p><img loading=\"lazy\" decoding=\"async\" class=\"alignnone size-full wp-image-7899\" src=\"https:\/\/fmp-components.com\/wp-content\/uploads\/2025\/04\/internal-ring-gear-product-image.webp\" alt=\"imagen del producto de engranaje de anillo interno\" width=\"2000\" height=\"1400\" title=\"\" srcset=\"https:\/\/fmp-components.com\/wp-content\/uploads\/2025\/04\/internal-ring-gear-product-image.webp 2000w, https:\/\/fmp-components.com\/wp-content\/uploads\/2025\/04\/internal-ring-gear-product-image-1280x896.webp 1280w, https:\/\/fmp-components.com\/wp-content\/uploads\/2025\/04\/internal-ring-gear-product-image-980x686.webp 980w, https:\/\/fmp-components.com\/wp-content\/uploads\/2025\/04\/internal-ring-gear-product-image-480x336.webp 480w\" sizes=\"(min-width: 0px) and (max-width: 480px) 480px, (min-width: 481px) and (max-width: 980px) 980px, (min-width: 981px) and (max-width: 1280px) 1280px, (min-width: 1281px) 2000px, 100vw\" \/><\/p>\n<h2>Perspectivas de dise\u00f1o y aplicaci\u00f3n<\/h2>\n<div>El rendimiento de un engranaje de anillo interno depende de par\u00e1metros clave como el di\u00e1metro exterior, el espesor y el perfil del diente. Un di\u00e1metro exterior suficientemente grande garantiza la estabilidad estructural, mientras que un espesor adecuado evita tensiones excesivas durante el funcionamiento. Estos engranajes pueden fabricarse con materiales como acero, lat\u00f3n, bronce o pl\u00e1stico, y se endurecen seg\u00fan las necesidades de resistencia y durabilidad. Al combinarse con un engranaje recto o un pi\u00f1\u00f3n, la compatibilidad en cuanto a paso, \u00e1ngulo de presi\u00f3n y \u00e1ngulo de h\u00e9lice (en el caso de engranajes helicoidales) es fundamental, junto con la comprobaci\u00f3n de interferencias de evolvente, trocoide y recorte para garantizar un funcionamiento impecable. Los engranajes internos destacan en las transmisiones por engranajes planetarios, ofreciendo diversas relaciones de transmisi\u00f3n de velocidad y direcciones de rotaci\u00f3n seg\u00fan la configuraci\u00f3n, lo que los convierte en una opci\u00f3n vers\u00e1til en diferentes industrias.<\/div>\n<div><img loading=\"lazy\" decoding=\"async\" class=\"size-full wp-image-7913 aligncenter\" src=\"https:\/\/fmp-components.com\/wp-content\/uploads\/2025\/04\/internal_spur_ring_gear.webp\" alt=\"engranaje de anillo recto interno\" width=\"1024\" height=\"764\" title=\"\" srcset=\"https:\/\/fmp-components.com\/wp-content\/uploads\/2025\/04\/internal_spur_ring_gear.webp 1024w, https:\/\/fmp-components.com\/wp-content\/uploads\/2025\/04\/internal_spur_ring_gear-980x731.webp 980w, https:\/\/fmp-components.com\/wp-content\/uploads\/2025\/04\/internal_spur_ring_gear-480x358.webp 480w\" sizes=\"(min-width: 0px) and (max-width: 480px) 480px, (min-width: 481px) and (max-width: 980px) 980px, (min-width: 981px) 1024px, 100vw\" \/><\/div>\n<div>\n<h2>FMP: Su socio de confianza en Italia<\/h2>\n<p>En FMP, nos enorgullecemos de producir una amplia gama de engranajes de corona internos para satisfacer las demandas industriales en toda Italia, desde los pr\u00f3speros centros de fabricaci\u00f3n de Mil\u00e1n hasta los centros de ingenier\u00eda de precisi\u00f3n de Venecia, los talleres artesanales de Florencia y el sector automotriz de Bolonia. Nuestra gama de productos incluye engranajes internos est\u00e1ndar en varios tama\u00f1os y especificaciones, pero nuestra fortaleza reside en la personalizaci\u00f3n: soluciones a medida para sus necesidades espec\u00edficas. Si no encuentra el modelo que desea en nuestra lista de productos, significa que a\u00fan no lo hemos publicado. Cont\u00e1ctenos por correo electr\u00f3nico con sus especificaciones y nuestros ingenieros expertos le responder\u00e1n en 24 horas con una soluci\u00f3n a su medida.<\/p>\n<p><img loading=\"lazy\" decoding=\"async\" class=\"size-full wp-image-7914 aligncenter\" src=\"https:\/\/fmp-components.com\/wp-content\/uploads\/2025\/04\/fmp-ring-gear-product.webp\" alt=\"Producto de engranaje anular fmp\" width=\"1040\" height=\"502\" title=\"\" srcset=\"https:\/\/fmp-components.com\/wp-content\/uploads\/2025\/04\/fmp-ring-gear-product.webp 1040w, https:\/\/fmp-components.com\/wp-content\/uploads\/2025\/04\/fmp-ring-gear-product-980x473.webp 980w, https:\/\/fmp-components.com\/wp-content\/uploads\/2025\/04\/fmp-ring-gear-product-480x232.webp 480w\" sizes=\"(min-width: 0px) and (max-width: 480px) 480px, (min-width: 481px) and (max-width: 980px) 980px, (min-width: 981px) 1040px, 100vw\" \/><\/p>\n<\/div>","protected":false},"excerpt":{"rendered":"<p>Understanding Internal Ring Gears Internal ring gears are essential components in mechanical systems designed to reduce speed and increase torque in inline shaft applications. Unlike external gears, these cylindrical gears feature teeth cut into the inside diameter, allowing them to mesh seamlessly with spur gears or pinions. This design enables the driving pinion to rotate [&hellip;]<\/p>","protected":false},"featured_media":7911,"comment_status":"open","ping_status":"closed","template":"","meta":{"_et_pb_use_builder":"","_et_pb_old_content":"","_et_gb_content_width":""},"product_brand":[],"product_cat":[114],"product_tag":[],"class_list":{"0":"post-7898","1":"product","2":"type-product","3":"status-publish","4":"has-post-thumbnail","6":"product_cat-ring-gear","8":"first","9":"instock","10":"shipping-taxable","11":"product-type-simple"},"_links":{"self":[{"href":"https:\/\/fmp-components.com\/es\/wp-json\/wp\/v2\/product\/7898","targetHints":{"allow":["GET"]}}],"collection":[{"href":"https:\/\/fmp-components.com\/es\/wp-json\/wp\/v2\/product"}],"about":[{"href":"https:\/\/fmp-components.com\/es\/wp-json\/wp\/v2\/types\/product"}],"replies":[{"embeddable":true,"href":"https:\/\/fmp-components.com\/es\/wp-json\/wp\/v2\/comments?post=7898"}],"wp:featuredmedia":[{"embeddable":true,"href":"https:\/\/fmp-components.com\/es\/wp-json\/wp\/v2\/media\/7911"}],"wp:attachment":[{"href":"https:\/\/fmp-components.com\/es\/wp-json\/wp\/v2\/media?parent=7898"}],"wp:term":[{"taxonomy":"product_brand","embeddable":true,"href":"https:\/\/fmp-components.com\/es\/wp-json\/wp\/v2\/product_brand?post=7898"},{"taxonomy":"product_cat","embeddable":true,"href":"https:\/\/fmp-components.com\/es\/wp-json\/wp\/v2\/product_cat?post=7898"},{"taxonomy":"product_tag","embeddable":true,"href":"https:\/\/fmp-components.com\/es\/wp-json\/wp\/v2\/product_tag?post=7898"}],"curies":[{"name":"gracias","href":"https:\/\/api.w.org\/{rel}","templated":true}]}}