{"id":7810,"date":"2025-04-08T06:03:12","date_gmt":"2025-04-08T06:03:12","guid":{"rendered":"https:\/\/fmp-components.com\/?post_type=product&#038;p=7810"},"modified":"2025-04-08T06:27:38","modified_gmt":"2025-04-08T06:27:38","slug":"differential-ring-and-pinion-gears10-bolt","status":"publish","type":"product","link":"https:\/\/fmp-components.com\/es\/product\/differential-ring-and-pinion-gears10-bolt\/","title":{"rendered":"Engranajes de anillo y pi\u00f1\u00f3n diferencial (10 pernos) FMP-D35-411"},"content":{"rendered":"<h2>Especificaci\u00f3n<\/h2>\n<table style=\"width: 100%;\" border=\"1\" width=\"100%\" cellspacing=\"0\" cellpadding=\"0\">\n<thead>\n<tr>\n<th><strong>Especificaci\u00f3n<\/strong><\/th>\n<th><strong>Valor<\/strong><\/th>\n<\/tr>\n<\/thead>\n<tbody>\n<tr>\n<td>Modelo de aplicaci\u00f3n<\/td>\n<td>Dana 35 Est\u00e1ndar<\/td>\n<\/tr>\n<tr>\n<td>Cantidad de pernos de cubierta<\/td>\n<td>10<\/td>\n<\/tr>\n<tr>\n<td>Rotura del portador diferencial<\/td>\n<td>Relaci\u00f3n 3,54 y superior<\/td>\n<\/tr>\n<tr>\n<td>Tipo de dise\u00f1o de caja diferencial<\/td>\n<td>Dana 35<\/td>\n<\/tr>\n<tr>\n<td>Relaci\u00f3n de transmisi\u00f3n<\/td>\n<td>4.11<\/td>\n<\/tr>\n<tr>\n<td>Cantidad de dientes del pi\u00f1\u00f3n<\/td>\n<td>9<\/td>\n<\/tr>\n<tr>\n<td>Di\u00e1metro del eje del pi\u00f1\u00f3n<\/td>\n<td>1,376 (pulgadas)<\/td>\n<\/tr>\n<tr>\n<td>Recuento de estr\u00edas del pi\u00f1\u00f3n<\/td>\n<td>26<\/td>\n<\/tr>\n<tr>\n<td>Cantidad de pernos de la corona dentada<\/td>\n<td>8<\/td>\n<\/tr>\n<tr>\n<td>Material del engranaje anular<\/td>\n<td>Acero 8620<\/td>\n<\/tr>\n<tr>\n<td>Di\u00e1metro exterior del engranaje anular<\/td>\n<td>7,5 (pulgadas)<\/td>\n<\/tr>\n<tr>\n<td>Rotaci\u00f3n del engranaje anular<\/td>\n<td>Est\u00e1ndar<\/td>\n<\/tr>\n<tr>\n<td>Cantidad de dientes del engranaje anular<\/td>\n<td>37<\/td>\n<\/tr>\n<tr>\n<td>Taxonom\u00eda A<\/td>\n<td>Diferencial LD<\/td>\n<\/tr>\n<tr>\n<td>Taxonom\u00eda B<\/td>\n<td>Anillo y pi\u00f1\u00f3n<\/td>\n<\/tr>\n<tr>\n<td>Taxonom\u00eda C<\/td>\n<td>Delantero, Trasero<\/td>\n<\/tr>\n<tr>\n<td>Taxonom\u00eda D<\/td>\n<td>4.11<\/td>\n<\/tr>\n<\/tbody>\n<\/table>\n<div><\/div>\n<div><img loading=\"lazy\" decoding=\"async\" class=\"size-full wp-image-7817 aligncenter\" src=\"https:\/\/fmp-components.com\/wp-content\/uploads\/2025\/04\/FMP_D35_411_5.webp\" alt=\"Engranajes de anillo y pi\u00f1\u00f3n diferencial (10 pernos)\" width=\"1500\" height=\"500\" title=\"\" srcset=\"https:\/\/fmp-components.com\/wp-content\/uploads\/2025\/04\/FMP_D35_411_5.webp 1500w, https:\/\/fmp-components.com\/wp-content\/uploads\/2025\/04\/FMP_D35_411_5-1280x427.webp 1280w, https:\/\/fmp-components.com\/wp-content\/uploads\/2025\/04\/FMP_D35_411_5-980x327.webp 980w, https:\/\/fmp-components.com\/wp-content\/uploads\/2025\/04\/FMP_D35_411_5-480x160.webp 480w\" sizes=\"(min-width: 0px) and (max-width: 480px) 480px, (min-width: 481px) and (max-width: 980px) 980px, (min-width: 981px) and (max-width: 1280px) 1280px, (min-width: 1281px) 1500px, 100vw\" \/><\/div>\n<div class=\"Message_messageMetadataContainer__nBPq7\">\n<h3 class=\"\" dir=\"auto\">FMP: Soluciones premium para engranajes de anillo y pi\u00f1\u00f3n<\/h3>\n<p class=\"break-words\" dir=\"auto\">En FMP, fabricamos con orgullo juegos de engranajes de corona y pi\u00f1\u00f3n de primera calidad, dise\u00f1ados para ser compatibles con los diferenciales Ford de 10.5 pulgadas, ofreciendo un rendimiento excepcional en diversos terrenos. Ya sea que se enfrente a senderos todoterreno dif\u00edciles o conduzca con suavidad por la carretera, nuestros juegos de engranajes premium est\u00e1n dise\u00f1ados para mejorar su experiencia de conducci\u00f3n. Con m\u00e1s de 40 a\u00f1os de experiencia, en FMP nos comprometemos a proporcionar componentes de alta calidad que elevan la capacidad del veh\u00edculo, garantizando que disfrute de potencia y precisi\u00f3n al volante.<\/p>\n<p class=\"break-words\" dir=\"auto\">Nuestros juegos de coronas y pi\u00f1ones ofrecen una gama de ventajas clave adaptadas a sus necesidades. Fabricados en acero de alta calidad mediante procesos avanzados de corte de precisi\u00f3n y tratamiento t\u00e9rmico, proporcionan una resistencia y durabilidad superiores, cumpliendo o incluso superando los est\u00e1ndares de los equipos originales. Esto garantiza un rendimiento fiable en condiciones de conducci\u00f3n diarias o en condiciones todoterreno extremas. Las relaciones de transmisi\u00f3n optimizadas mejoran la entrega de par para una mejor tracci\u00f3n, eficiencia de remolque y control, a la vez que optimizan el consumo de combustible a velocidades de autopista al mantener las RPM ideales del motor. Adem\u00e1s, nuestros juegos de engranajes est\u00e1n dise\u00f1ados para una f\u00e1cil instalaci\u00f3n y un funcionamiento silencioso, eliminando ruidos no deseados para una conducci\u00f3n c\u00f3moda.<\/p>\n<p class=\"break-words\" dir=\"auto\">FMP respalda cada producto con confianza y ofrece una garant\u00eda de 2 a\u00f1os contra defectos de fabricaci\u00f3n. Nuestros juegos de corona y pi\u00f1\u00f3n se prueban meticulosamente para aplicaciones en carretera, todoterreno e incluso en competici\u00f3n, lo que los convierte en una opci\u00f3n de confianza tanto para aficionados como para profesionales. Actualizar con FMP no es solo una modificaci\u00f3n: es una inversi\u00f3n en rendimiento, eficiencia y fiabilidad a largo plazo. Para soluciones personalizadas o consultas espec\u00edficas, cont\u00e1ctenos y nuestro equipo dedicado se asegurar\u00e1 de que obtenga el juego de engranajes perfecto para su veh\u00edculo.<\/p>\n<\/div>","protected":false},"excerpt":{"rendered":"<p>Specification Specification Value App Model Dana 35 Standard Cover Bolt Quantity 10 Differential Carrier Break 3.54 Ratio and Higher Differential Case Design Type Dana 35 Gear Ratio 4.11 Pinion Gear Tooth Quantity 9 Pinion Shaft Diameter 1.376 (Inch) Pinion Spline Count 26 Ring Gear Bolt Quantity 8 Ring Gear Material 8620 Steel Ring Gear Outside [&hellip;]<\/p>","protected":false},"featured_media":7818,"comment_status":"open","ping_status":"closed","template":"","meta":{"_et_pb_use_builder":"","_et_pb_old_content":"","_et_gb_content_width":""},"product_brand":[],"product_cat":[115],"product_tag":[],"class_list":{"0":"post-7810","1":"product","2":"type-product","3":"status-publish","4":"has-post-thumbnail","6":"product_cat-ring-and-pinion-gears","8":"first","9":"instock","10":"shipping-taxable","11":"product-type-simple"},"_links":{"self":[{"href":"https:\/\/fmp-components.com\/es\/wp-json\/wp\/v2\/product\/7810","targetHints":{"allow":["GET"]}}],"collection":[{"href":"https:\/\/fmp-components.com\/es\/wp-json\/wp\/v2\/product"}],"about":[{"href":"https:\/\/fmp-components.com\/es\/wp-json\/wp\/v2\/types\/product"}],"replies":[{"embeddable":true,"href":"https:\/\/fmp-components.com\/es\/wp-json\/wp\/v2\/comments?post=7810"}],"wp:featuredmedia":[{"embeddable":true,"href":"https:\/\/fmp-components.com\/es\/wp-json\/wp\/v2\/media\/7818"}],"wp:attachment":[{"href":"https:\/\/fmp-components.com\/es\/wp-json\/wp\/v2\/media?parent=7810"}],"wp:term":[{"taxonomy":"product_brand","embeddable":true,"href":"https:\/\/fmp-components.com\/es\/wp-json\/wp\/v2\/product_brand?post=7810"},{"taxonomy":"product_cat","embeddable":true,"href":"https:\/\/fmp-components.com\/es\/wp-json\/wp\/v2\/product_cat?post=7810"},{"taxonomy":"product_tag","embeddable":true,"href":"https:\/\/fmp-components.com\/es\/wp-json\/wp\/v2\/product_tag?post=7810"}],"curies":[{"name":"gracias","href":"https:\/\/api.w.org\/{rel}","templated":true}]}}