{"id":7791,"date":"2025-04-04T07:56:43","date_gmt":"2025-04-04T07:56:43","guid":{"rendered":"https:\/\/fmp-components.com\/?post_type=product&#038;p=7791"},"modified":"2025-04-04T08:14:26","modified_gmt":"2025-04-04T08:14:26","slug":"ring-gear-for-aerospace-and-satellite","status":"publish","type":"product","link":"https:\/\/fmp-components.com\/es\/product\/ring-gear-for-aerospace-and-satellite\/","title":{"rendered":"Engranaje de anillo para la industria aeroespacial y sat\u00e9lites"},"content":{"rendered":"<p>A <a href=\"https:\/\/fmp-components.com\/es\/ring-gear\/\">engranaje anular<\/a> Dise\u00f1ado para aplicaciones aeroespaciales y satelitales, este engranaje interno de ingenier\u00eda de precisi\u00f3n presenta un perfil de diente evolvente en la superficie interna de un anillo cil\u00edndrico ligero y duradero. Desempe\u00f1a un papel fundamental en los sistemas de engranajes planetarios, proporcionando un alto par y una transmisi\u00f3n de potencia fiable dentro de las estrictas limitaciones de tama\u00f1o y peso propias del entorno aeroespacial. Fabricado con materiales avanzados como el titanio o aleaciones de alta resistencia, garantiza una excepcional relaci\u00f3n resistencia-peso y resistencia a temperaturas y vibraciones extremas. Este engranaje permite un engrane suave y eficiente con los engranajes planetarios, lo que sustenta funciones cr\u00edticas como los mecanismos de posicionamiento de sat\u00e9lites o los sistemas de actuaci\u00f3n de aeronaves, donde la precisi\u00f3n y la fiabilidad son primordiales.<\/p>\n<h2>Especificaciones del engranaje anular<\/h2>\n<table border=\"1\">\n<tbody>\n<tr>\n<td>Usar<\/td>\n<td>Los engranajes anulares se utilizan con frecuencia en aplicaciones aeroespaciales y satelitales o en cualquier situaci\u00f3n donde sea necesario convertir el par motor.<\/td>\n<\/tr>\n<tr>\n<td>N\u00famero de dientes<\/td>\n<td>Hay disponibles hasta 197 dientes.<\/td>\n<\/tr>\n<tr>\n<td>\u00c1ngulo de presi\u00f3n<\/td>\n<td>\u00c1ngulos de presi\u00f3n de 14, 20 y 25 grados disponibles<\/td>\n<\/tr>\n<tr>\n<td>Espesor<\/td>\n<td>Abrir hasta 1\u201d.<\/td>\n<\/tr>\n<tr>\n<td>DP \u2013 Paso diametral<\/td>\n<td>Hasta m\u00e1s de 250 DP<\/td>\n<\/tr>\n<tr>\n<td>Di\u00e1metro interior<\/td>\n<td>Se abre hasta 48\u201d.<\/td>\n<\/tr>\n<tr>\n<td>Di\u00e1metro externo<\/td>\n<td>Disponibles con di\u00e1metros exteriores de engranaje de 0,05\" a 30\".<\/td>\n<\/tr>\n<tr>\n<td>Control de calidad<\/td>\n<td>Cumple con los requisitos generales de control de calidad militar, como se indica a continuaci\u00f3n: MIL-I-45208A, MIL-STD-45662A, ISO 9001:2000 y la certificaci\u00f3n de dispositivo m\u00e9dico ISO 13485 est\u00e1 pendiente.<\/td>\n<\/tr>\n<tr>\n<td>Aplicaciones<\/td>\n<td>Nos especializamos en el suministro de engranajes anulares a las industrias satelital, militar y aeroespacial.<\/td>\n<\/tr>\n<tr>\n<td>Cantidades<\/td>\n<td>10+<\/td>\n<\/tr>\n<tr>\n<td>plazo de entrega<\/td>\n<td>El plazo medio de entrega para los pedidos de coronas dentadas es de cuatro semanas.<\/td>\n<\/tr>\n<tr>\n<td>Formatos de dibujo preferidos<\/td>\n<td>Preferimos recibir los archivos CAD de sus dise\u00f1os en formato DXF.<\/td>\n<\/tr>\n<\/tbody>\n<\/table>\n<h2>Capacidades<\/h2>\n<table border=\"1\">\n<tbody>\n<tr>\n<td>Industrias<\/td>\n<td>Engranajes aeroespaciales<br \/>\nEquipos de defensa<br \/>\nEngranajes gubernamentales<br \/>\nEngranajes industrialesEngranajes de instrumentaci\u00f3n<br \/>\nEquipos para dispositivos m\u00e9dicos<br \/>\nEquipos militares<br \/>\nEngranajes para petr\u00f3leo y gas<\/td>\n<\/tr>\n<tr>\n<td>Materiales<\/td>\n<td>Acero<br \/>\nAcero inoxidable 303<br \/>\nAcero inoxidable 17-4<br \/>\nAcero inoxidable 440 tratado t\u00e9rmicamente<br \/>\nAcero carbono<br \/>\nAcero inoxidable cromado<br \/>\nAcero al cromo<br \/>\nAcero al cromo-molibdeno<br \/>\nAcero al cromo-molibdeno-vanadio<br \/>\nAcero al cromo-vanadio<br \/>\nAcero de alta resistencia (Impact\u2122, MicroTec\u00ae, WHS-100\u2122)<br \/>\nAcero de alta temperatura<br \/>\nAcero al manganeso Acero al molibdeno<br \/>\nAcero al n\u00edquel-cromo<br \/>\nAcero al n\u00edquel-cromo-molibdeno<br \/>\nAcero al n\u00edquel-molibdeno<br \/>\nAcero al silicio-manganeso<br \/>\nAcero especial para rodamientos<br \/>\nAluminio<br \/>\nHierro fundido<br \/>\nBronce<br \/>\nPl\u00e1stico<br \/>\nAVEC<br \/>\nNylon<br \/>\nDelrin<\/td>\n<\/tr>\n<tr>\n<td>Est\u00e1ndares<\/td>\n<td>Capaz de cumplir con el nivel de calidad AGMA 12 para todos los engranajes (Precisi\u00f3n 3), ANSI\/AGMA 2001. Engranajes para dispositivos m\u00e9dicos, engranajes aeroespaciales personalizados, engranajes para rob\u00f3tica personalizados, proveedor de engranajes personalizados.<\/td>\n<\/tr>\n<\/tbody>\n<\/table>\n<h2>Caracter\u00edsticas del engranaje anular<\/h2>\n<div>\n<p class=\"break-words\" dir=\"auto\">Un engranaje anular, generalmente interno, presenta dientes tallados en la superficie interior de un anillo cil\u00edndrico, normalmente con un perfil evolvente para un engranaje suave y eficiente con engranajes externos como los planetarios en un sistema planetario. Este dise\u00f1o garantiza una relaci\u00f3n de velocidad angular constante y una distribuci\u00f3n de carga efectiva entre los dientes, lo que mejora la durabilidad y el rendimiento. Su orientaci\u00f3n interna le permite rodear engranajes acoplados, proporcionando una combinaci\u00f3n \u00fanica de compacidad y resistencia, id\u00f3nea para diversos sistemas mec\u00e1nicos.<\/p>\n<p class=\"break-words\" dir=\"auto\">El gran di\u00e1metro y la geometr\u00eda c\u00f3ncava de los dientes de la corona permiten una alta transmisi\u00f3n de par y relaciones de reducci\u00f3n sustanciales, convirti\u00e9ndola en un componente cr\u00edtico para aplicaciones que requieren potencia en espacios reducidos. Gira en el mismo sentido que los engranajes con los que se acopla, simplificando la din\u00e1mica de movimiento en sistemas como las transmisiones planetarias. A menudo fabricada con un perfil modificado para evitar interferencias y reforzar la resistencia de los dientes, destaca en escenarios de alta carga, desde diferenciales automotrices hasta maquinaria industrial.<\/p>\n<p class=\"break-words\" dir=\"auto\">La fabricaci\u00f3n de una corona dentada generalmente implica el tallado de engranajes en lugar del mecanizado por generaci\u00f3n de engranajes debido a su estructura interna, lo que exige precisi\u00f3n para mantener tolerancias ajustadas y evitar problemas de engrane. Los materiales var\u00edan desde el acero para uso general hasta aleaciones ligeras para aplicaciones especializadas, buscando un equilibrio entre resistencia y peso. Su versatilidad, fiabilidad y capacidad para soportar condiciones de carga complejas la convierten en un elemento indispensable en diversas industrias, como la aeroespacial, la automotriz y la rob\u00f3tica.<\/p>\n<\/div>","protected":false},"excerpt":{"rendered":"<p>A ring gear designed for aerospace and satellite applications is a precision-engineered internal gear, typically featuring an involute tooth profile on the inner surface of a lightweight, durable cylindrical ring. It plays a critical role in planetary gear systems, providing high torque and reliable power transmission within the stringent size and weight constraints of aerospace [&hellip;]<\/p>","protected":false},"featured_media":4644,"comment_status":"open","ping_status":"closed","template":"","meta":{"_et_pb_use_builder":"","_et_pb_old_content":"","_et_gb_content_width":""},"product_brand":[],"product_cat":[114],"product_tag":[],"class_list":{"0":"post-7791","1":"product","2":"type-product","3":"status-publish","4":"has-post-thumbnail","6":"product_cat-ring-gear","8":"first","9":"instock","10":"shipping-taxable","11":"product-type-simple"},"_links":{"self":[{"href":"https:\/\/fmp-components.com\/es\/wp-json\/wp\/v2\/product\/7791","targetHints":{"allow":["GET"]}}],"collection":[{"href":"https:\/\/fmp-components.com\/es\/wp-json\/wp\/v2\/product"}],"about":[{"href":"https:\/\/fmp-components.com\/es\/wp-json\/wp\/v2\/types\/product"}],"replies":[{"embeddable":true,"href":"https:\/\/fmp-components.com\/es\/wp-json\/wp\/v2\/comments?post=7791"}],"wp:featuredmedia":[{"embeddable":true,"href":"https:\/\/fmp-components.com\/es\/wp-json\/wp\/v2\/media\/4644"}],"wp:attachment":[{"href":"https:\/\/fmp-components.com\/es\/wp-json\/wp\/v2\/media?parent=7791"}],"wp:term":[{"taxonomy":"product_brand","embeddable":true,"href":"https:\/\/fmp-components.com\/es\/wp-json\/wp\/v2\/product_brand?post=7791"},{"taxonomy":"product_cat","embeddable":true,"href":"https:\/\/fmp-components.com\/es\/wp-json\/wp\/v2\/product_cat?post=7791"},{"taxonomy":"product_tag","embeddable":true,"href":"https:\/\/fmp-components.com\/es\/wp-json\/wp\/v2\/product_tag?post=7791"}],"curies":[{"name":"gracias","href":"https:\/\/api.w.org\/{rel}","templated":true}]}}