{"id":7788,"date":"2025-04-04T07:30:31","date_gmt":"2025-04-04T07:30:31","guid":{"rendered":"https:\/\/fmp-components.com\/?post_type=product&#038;p=7788"},"modified":"2025-04-04T07:37:12","modified_gmt":"2025-04-04T07:37:12","slug":"involute-internal-gear","status":"publish","type":"product","link":"https:\/\/fmp-components.com\/es\/product\/involute-internal-gear\/","title":{"rendered":"Engranaje interno evolvente"},"content":{"rendered":"<p>Un engranaje interno evolvente es un tipo de engranaje con dientes cortados a lo largo de una curva evolvente en su superficie cil\u00edndrica interna, dise\u00f1ado para engranar con un engranaje externo, ofreciendo una transmisi\u00f3n de potencia suave, alta eficiencia y ruido reducido en sistemas mec\u00e1nicos.<\/p>\n<h2>Especificaci\u00f3n del producto<\/h2>\n<div class=\"table-responsive\">\n<table class=\"table\" style=\"width: 99.4216%;\" border=\"1\">\n<tbody>\n<tr>\n<td style=\"width: 38.9027%;\">Forma del diente<\/td>\n<td style=\"width: 191.521%;\">Evolvente<\/td>\n<\/tr>\n<tr>\n<td style=\"width: 38.9027%;\">Material<\/td>\n<td style=\"width: 191.521%;\">Acero aleado y acero inoxidable<\/td>\n<\/tr>\n<tr>\n<td style=\"width: 38.9027%;\">Forma<\/td>\n<td style=\"width: 191.521%;\">Redondo<\/td>\n<\/tr>\n<tr>\n<td style=\"width: 38.9027%;\">M\u00f3dulo<\/td>\n<td style=\"width: 191.521%;\">M\u00e1ximo hasta 4,0 mm<\/td>\n<\/tr>\n<tr>\n<td style=\"width: 38.9027%;\">Di\u00e1metro interior<\/td>\n<td style=\"width: 191.521%;\">M\u00e1ximo 30 mm<\/td>\n<\/tr>\n<tr>\n<td style=\"width: 38.9027%;\">Solicitud<\/td>\n<td style=\"width: 191.521%;\">Cajas de engranajes planetarios y automoci\u00f3n.<\/td>\n<\/tr>\n<tr>\n<td style=\"width: 38.9027%;\">Cantidad m\u00ednima de pedido<\/td>\n<td style=\"width: 191.521%;\">50 piezas<\/td>\n<\/tr>\n<\/tbody>\n<\/table>\n<\/div>\n<p>Los dientes del c\u00edrculo interior son engranajes internos, generalmente en mecanismos de engranajes de engrane interno, y los engranajes del <a href=\"https:\/\/fmp-components.com\/es\/ring-gear\/\">engranaje anular<\/a> son internos<\/p>\n<h2>Caracter\u00edsticas del engranaje interno evolvente<\/h2>\n<div>\n<p class=\"break-words\" dir=\"auto\">Un engranaje interno evolvente presenta dientes con un perfil de curva evolvente cortados en la superficie interior de un anillo cil\u00edndrico, lo que permite un engrane suave con un engranaje externo. La forma evolvente garantiza una acci\u00f3n conjugada y una relaci\u00f3n de velocidad constante, mientras que un \u00e1ngulo de presi\u00f3n t\u00edpico de 20\u00b0 mantiene una distribuci\u00f3n uniforme de la fuerza. Este dise\u00f1o permite la rotaci\u00f3n en la misma direcci\u00f3n con su engranaje acoplado, lo que lo distingue de los pares de engranajes externos.<\/p>\n<p class=\"break-words\" dir=\"auto\">El dise\u00f1o compacto del engranaje y su considerable desplazamiento del perfil ayudan a evitar interferencias (involutas, trocoides o desbarbado) y mejoran la resistencia de los dientes, lo que lo hace ideal para aplicaciones de alta reducci\u00f3n, como sistemas planetarios. Su perfil c\u00f3ncavo mejora la distribuci\u00f3n de la carga, aumentando potencialmente la durabilidad. Estas caracter\u00edsticas lo hacen ideal para aplicaciones de alto par y con espacio limitado, como diferenciales de autom\u00f3viles y maquinaria industrial.<\/p>\n<p class=\"break-words\" dir=\"auto\">La fabricaci\u00f3n de engranajes internos suele implicar el conformado de los engranajes en lugar del tallado con fresa madre, debido a su geometr\u00eda interna, lo que requiere herramientas especializadas. La gesti\u00f3n de interferencias es fundamental, y a menudo se soluciona ajustando el addendum, el dedendum o el desplazamiento del perfil, lo que garantiza un rendimiento fiable en aplicaciones exigentes.<\/p>\n<\/div>","protected":false},"excerpt":{"rendered":"<p>An involute internal gear is a type of gear with teeth cut along an involute curve on its inner cylindrical surface, designed to mesh with an external gear, offering smooth power transmission, high efficiency, and reduced noise in mechanical systems. Product Specification Tooth Form Involute Material Alloy Steel And Stainless Steel Shape Round Module Max [&hellip;]<\/p>","protected":false},"featured_media":4640,"comment_status":"open","ping_status":"closed","template":"","meta":{"_et_pb_use_builder":"","_et_pb_old_content":"","_et_gb_content_width":""},"product_brand":[],"product_cat":[114],"product_tag":[],"class_list":{"0":"post-7788","1":"product","2":"type-product","3":"status-publish","4":"has-post-thumbnail","6":"product_cat-ring-gear","8":"first","9":"instock","10":"shipping-taxable","11":"product-type-simple"},"_links":{"self":[{"href":"https:\/\/fmp-components.com\/es\/wp-json\/wp\/v2\/product\/7788","targetHints":{"allow":["GET"]}}],"collection":[{"href":"https:\/\/fmp-components.com\/es\/wp-json\/wp\/v2\/product"}],"about":[{"href":"https:\/\/fmp-components.com\/es\/wp-json\/wp\/v2\/types\/product"}],"replies":[{"embeddable":true,"href":"https:\/\/fmp-components.com\/es\/wp-json\/wp\/v2\/comments?post=7788"}],"wp:featuredmedia":[{"embeddable":true,"href":"https:\/\/fmp-components.com\/es\/wp-json\/wp\/v2\/media\/4640"}],"wp:attachment":[{"href":"https:\/\/fmp-components.com\/es\/wp-json\/wp\/v2\/media?parent=7788"}],"wp:term":[{"taxonomy":"product_brand","embeddable":true,"href":"https:\/\/fmp-components.com\/es\/wp-json\/wp\/v2\/product_brand?post=7788"},{"taxonomy":"product_cat","embeddable":true,"href":"https:\/\/fmp-components.com\/es\/wp-json\/wp\/v2\/product_cat?post=7788"},{"taxonomy":"product_tag","embeddable":true,"href":"https:\/\/fmp-components.com\/es\/wp-json\/wp\/v2\/product_tag?post=7788"}],"curies":[{"name":"gracias","href":"https:\/\/api.w.org\/{rel}","templated":true}]}}