{"id":7787,"date":"2025-04-04T07:21:01","date_gmt":"2025-04-04T07:21:01","guid":{"rendered":"https:\/\/fmp-components.com\/?post_type=product&#038;p=7787"},"modified":"2025-04-04T07:21:43","modified_gmt":"2025-04-04T07:21:43","slug":"internal-spur-gear","status":"publish","type":"product","link":"https:\/\/fmp-components.com\/es\/product\/internal-spur-gear\/","title":{"rendered":"Engranaje recto interno"},"content":{"rendered":"<div>\n<p class=\"break-words\" dir=\"auto\">Los engranajes rectos internos se diferencian de los engranajes rectos t\u00edpicos en que sus dientes se forman en la superficie interior de la pieza bruta. Estos engranajes tienden a ser m\u00e1s resistentes y eficientes que el pi\u00f1\u00f3n con el que engranan. Para un correcto funcionamiento, el di\u00e1metro primitivo del engranaje interno debe ser al menos 1,5 veces mayor que el del pi\u00f1\u00f3n de acoplamiento; de lo contrario, las puntas de los dientes interferir\u00e1n entre s\u00ed.<\/p>\n<p class=\"break-words\" dir=\"auto\">Los engranajes internos ofrecen a los dise\u00f1adores la ventaja de lograr mayores relaciones de contacto y transmisi\u00f3n en distancias entre centros m\u00e1s cortas que los engranajes rectos est\u00e1ndar. Adem\u00e1s, permiten ajustar la velocidad sin alterar la direcci\u00f3n, eliminando as\u00ed la necesidad de un engranaje loco, necesario con los engranajes rectos tradicionales.<\/p>\n<\/div>\n<h2>Especificaci\u00f3n del producto<\/h2>\n<div class=\"table-responsive\">\n<table class=\"table\" style=\"width: 101.427%; height: 279px;\" border=\"1\">\n<tbody>\n<tr>\n<td>Forma del diente<\/td>\n<td>Seg\u00fan los requisitos del cliente<\/td>\n<\/tr>\n<tr>\n<td>Material<\/td>\n<td>Seg\u00fan los requisitos del cliente<\/td>\n<\/tr>\n<tr>\n<td>Forma<\/td>\n<td>Seg\u00fan los requisitos del cliente<\/td>\n<\/tr>\n<tr>\n<td>Calificaci\u00f3n<\/td>\n<td>Seg\u00fan los requisitos del cliente<\/td>\n<\/tr>\n<tr>\n<td>T\u00e9cnica<\/td>\n<td>Seg\u00fan los requisitos del cliente<\/td>\n<\/tr>\n<tr>\n<td>\u00c1ngulo de presi\u00f3n<\/td>\n<td>Seg\u00fan los requisitos del cliente<\/td>\n<\/tr>\n<tr>\n<td>Di\u00e1metro<\/td>\n<td>Seg\u00fan los requisitos del cliente<\/td>\n<\/tr>\n<tr>\n<td>Tama\u00f1o<\/td>\n<td>Seg\u00fan los requisitos del cliente<\/td>\n<\/tr>\n<tr>\n<td>Cantidad m\u00ednima de pedido<\/td>\n<td>1 Unidad<\/td>\n<\/tr>\n<\/tbody>\n<\/table>\n<div>\n<h3 class=\"\" dir=\"auto\">Excelencia en engranajes rectos internos de FMP para el mercado italiano<\/h3>\n<p class=\"break-words\" dir=\"auto\">FMP es un fabricante l\u00edder de engranajes rectos internos y ofrece productos de la m\u00e1s alta calidad. <a href=\"https:\/\/fmp-components.com\/es\/ring-gear\/\">engranajes anulares<\/a> A industrias de toda Italia, desde Mil\u00e1n hasta Venecia. Nuestro extenso cat\u00e1logo incluye una amplia gama de engranajes, dise\u00f1ados para brindar precisi\u00f3n y confiabilidad en aplicaciones de maquinaria, automoci\u00f3n y m\u00e1s. Ya sea que opere en Florencia o Bolonia, FMP garantiza que cada engranaje recto interno cumpla con los m\u00e1s altos est\u00e1ndares, fabricado con tecnolog\u00eda de vanguardia para apoyar a los pr\u00f3speros sectores industriales de Italia. Somos su socio de confianza para soluciones de engranajes duraderas y eficientes, adaptadas a las necesidades locales.<\/p>\n<h3 class=\"\" dir=\"auto\">Engranajes rectos internos personalizados para sus necesidades espec\u00edficas<\/h3>\n<p class=\"break-words\" dir=\"auto\">En FMP, vamos m\u00e1s all\u00e1 de la oferta est\u00e1ndar, ofreciendo engranajes rectos internos totalmente personalizables que se adaptan a sus proyectos espec\u00edficos. Si se encuentra en Mil\u00e1n, Venecia, Florencia o Bolonia y no encuentra el modelo exacto que necesita en nuestra lista de productos, es probable que a\u00fan no lo hayamos publicado; nuestro inventario est\u00e1 en constante expansi\u00f3n. Cont\u00e1ctenos por correo electr\u00f3nico con sus especificaciones y nuestros ingenieros expertos le responder\u00e1n en 24 horas con opciones personalizadas. Independientemente de la complejidad de su solicitud, en FMP nos dedicamos a brindar un servicio r\u00e1pido y experto, as\u00ed como engranajes de alta calidad, a empresas de toda Italia.<\/p>\n<\/div>\n<\/div>","protected":false},"excerpt":{"rendered":"<p>Los engranajes rectos internos se diferencian de los engranajes rectos t\u00edpicos en que sus dientes se forman en la superficie interior de la pieza bruta. Estos engranajes tienden a ser m\u00e1s resistentes y eficientes que el pi\u00f1\u00f3n con el que engranan. Para un correcto funcionamiento, el di\u00e1metro primitivo del engranaje interno debe ser al menos 1,5 veces mayor que [\u2026]<\/p>","protected":false},"featured_media":4639,"comment_status":"open","ping_status":"closed","template":"","meta":{"_et_pb_use_builder":"","_et_pb_old_content":"","_et_gb_content_width":""},"product_brand":[],"product_cat":[114],"product_tag":[],"class_list":{"0":"post-7787","1":"product","2":"type-product","3":"status-publish","4":"has-post-thumbnail","6":"product_cat-ring-gear","8":"first","9":"instock","10":"shipping-taxable","11":"product-type-simple"},"_links":{"self":[{"href":"https:\/\/fmp-components.com\/es\/wp-json\/wp\/v2\/product\/7787","targetHints":{"allow":["GET"]}}],"collection":[{"href":"https:\/\/fmp-components.com\/es\/wp-json\/wp\/v2\/product"}],"about":[{"href":"https:\/\/fmp-components.com\/es\/wp-json\/wp\/v2\/types\/product"}],"replies":[{"embeddable":true,"href":"https:\/\/fmp-components.com\/es\/wp-json\/wp\/v2\/comments?post=7787"}],"wp:featuredmedia":[{"embeddable":true,"href":"https:\/\/fmp-components.com\/es\/wp-json\/wp\/v2\/media\/4639"}],"wp:attachment":[{"href":"https:\/\/fmp-components.com\/es\/wp-json\/wp\/v2\/media?parent=7787"}],"wp:term":[{"taxonomy":"product_brand","embeddable":true,"href":"https:\/\/fmp-components.com\/es\/wp-json\/wp\/v2\/product_brand?post=7787"},{"taxonomy":"product_cat","embeddable":true,"href":"https:\/\/fmp-components.com\/es\/wp-json\/wp\/v2\/product_cat?post=7787"},{"taxonomy":"product_tag","embeddable":true,"href":"https:\/\/fmp-components.com\/es\/wp-json\/wp\/v2\/product_tag?post=7787"}],"curies":[{"name":"gracias","href":"https:\/\/api.w.org\/{rel}","templated":true}]}}