{"id":7786,"date":"2025-04-04T07:12:32","date_gmt":"2025-04-04T07:12:32","guid":{"rendered":"https:\/\/fmp-components.com\/?post_type=product&#038;p=7786"},"modified":"2025-04-04T07:12:32","modified_gmt":"2025-04-04T07:12:32","slug":"steel-internal-gear","status":"publish","type":"product","link":"https:\/\/fmp-components.com\/es\/product\/steel-internal-gear\/","title":{"rendered":"Engranaje interno de acero"},"content":{"rendered":"<h2>Especificaci\u00f3n del producto<\/h2>\n<div class=\"table-responsive\">\n<table class=\"table\" style=\"width: 99.372%; height: 202px;\" border=\"1\" cellspacing=\"0\" cellpadding=\"0\">\n<tbody>\n<tr>\n<td>Forma del diente<\/td>\n<td>Interno<\/td>\n<\/tr>\n<tr>\n<td>Material<\/td>\n<td>Acero dulce<\/td>\n<\/tr>\n<tr>\n<td>Forma<\/td>\n<td>Redondo<\/td>\n<\/tr>\n<tr>\n<td>Di\u00e1metro<\/td>\n<td>100 mil\u00edmetros<\/td>\n<\/tr>\n<tr>\n<td>Pa\u00eds natal<\/td>\n<td>Porcelana<\/td>\n<\/tr>\n<tr>\n<td>Acabado de la superficie<\/td>\n<td>Recubierto de polvo<\/td>\n<\/tr>\n<tr>\n<td>Dureza<\/td>\n<td>45 HRC<\/td>\n<\/tr>\n<\/tbody>\n<\/table>\n<div>\n<h3 class=\"\" dir=\"auto\">Soluciones de engranajes internos de acero de FMP para industrias italianas<\/h3>\n<p class=\"break-words\" dir=\"auto\">Nuestra amplia gama de <a href=\"https:\/\/fmp-components.com\/es\/ring-gear\/\">engranajes anulares<\/a> Est\u00e1 dise\u00f1ado para satisfacer las diversas necesidades de maquinaria y aplicaciones automotrices, garantizando durabilidad y precisi\u00f3n en cada producto. Ya sea en Florencia o Bolonia, FMP ofrece una variedad de tipos de engranajes, incluyendo dise\u00f1os est\u00e1ndar y especializados, todos fabricados con tecnolog\u00eda avanzada para brindar un rendimiento \u00f3ptimo. Nuestro compromiso con la excelencia nos convierte en un socio de confianza para las empresas que buscan soluciones de engranajes confiables en los centros industriales de Italia.<\/p>\n<h3 class=\"\" dir=\"auto\">Engranajes internos de acero personalizados adaptados a sus necesidades<\/h3>\n<p class=\"break-words\" dir=\"auto\">En FMP, entendemos que cada proyecto es \u00fanico, por eso tambi\u00e9n ofrecemos opciones de engranajes internos de acero totalmente personalizados. Si reside en Mil\u00e1n, Venecia, Florencia o cualquier otro lugar y no encuentra el modelo exacto que necesita en nuestra lista de productos, no se preocupe: actualizamos constantemente nuestra oferta. Simplemente env\u00edenos un correo electr\u00f3nico con sus requisitos y nuestros ingenieros expertos le responder\u00e1n en 24 horas con soluciones a medida. Ya sea un tama\u00f1o espec\u00edfico o un dise\u00f1o a medida para sus operaciones en Bolonia u otras ciudades italianas, FMP est\u00e1 aqu\u00ed para apoyar su negocio con un servicio r\u00e1pido y profesional y una experiencia de fabricaci\u00f3n de primer nivel.<\/p>\n<\/div>\n<\/div>","protected":false},"excerpt":{"rendered":"<p>Product Specification Tooth Form Internal Material Mild Steel Shape Round Diameter 100 mm Country of Origin China Surface Finish Powder Coated Hardness 45 HRC Steel Internal Gear Solutions by FMP for Italian Industries Our extensive range of ring gears is designed to meet the diverse needs of machinery and automotive applications, ensuring durability and precision [&hellip;]<\/p>","protected":false},"featured_media":4647,"comment_status":"open","ping_status":"closed","template":"","meta":{"_et_pb_use_builder":"","_et_pb_old_content":"","_et_gb_content_width":""},"product_brand":[],"product_cat":[114],"product_tag":[],"class_list":{"0":"post-7786","1":"product","2":"type-product","3":"status-publish","4":"has-post-thumbnail","6":"product_cat-ring-gear","8":"first","9":"instock","10":"shipping-taxable","11":"product-type-simple"},"_links":{"self":[{"href":"https:\/\/fmp-components.com\/es\/wp-json\/wp\/v2\/product\/7786","targetHints":{"allow":["GET"]}}],"collection":[{"href":"https:\/\/fmp-components.com\/es\/wp-json\/wp\/v2\/product"}],"about":[{"href":"https:\/\/fmp-components.com\/es\/wp-json\/wp\/v2\/types\/product"}],"replies":[{"embeddable":true,"href":"https:\/\/fmp-components.com\/es\/wp-json\/wp\/v2\/comments?post=7786"}],"wp:featuredmedia":[{"embeddable":true,"href":"https:\/\/fmp-components.com\/es\/wp-json\/wp\/v2\/media\/4647"}],"wp:attachment":[{"href":"https:\/\/fmp-components.com\/es\/wp-json\/wp\/v2\/media?parent=7786"}],"wp:term":[{"taxonomy":"product_brand","embeddable":true,"href":"https:\/\/fmp-components.com\/es\/wp-json\/wp\/v2\/product_brand?post=7786"},{"taxonomy":"product_cat","embeddable":true,"href":"https:\/\/fmp-components.com\/es\/wp-json\/wp\/v2\/product_cat?post=7786"},{"taxonomy":"product_tag","embeddable":true,"href":"https:\/\/fmp-components.com\/es\/wp-json\/wp\/v2\/product_tag?post=7786"}],"curies":[{"name":"gracias","href":"https:\/\/api.w.org\/{rel}","templated":true}]}}