{"id":7781,"date":"2025-04-04T06:46:54","date_gmt":"2025-04-04T06:46:54","guid":{"rendered":"https:\/\/fmp-components.com\/?post_type=product&#038;p=7781"},"modified":"2025-04-04T06:48:36","modified_gmt":"2025-04-04T06:48:36","slug":"internal-gears-for-tractors-and-cranes","status":"publish","type":"product","link":"https:\/\/fmp-components.com\/es\/product\/internal-gears-for-tractors-and-cranes\/","title":{"rendered":"Engranajes internos para tractores y gr\u00faas"},"content":{"rendered":"<h2>Especificaci\u00f3n del producto<\/h2>\n<div class=\"table-responsive\">\n<table class=\"table\" style=\"width: 99.2193%;\" border=\"1\">\n<tbody>\n<tr>\n<td style=\"width: 56.4286%;\">Tipo de producto<\/td>\n<td style=\"width: 281.083%;\">Piezas de engranajes<\/td>\n<\/tr>\n<tr>\n<td style=\"width: 56.4286%;\">Uso\/Aplicaci\u00f3n<\/td>\n<td style=\"width: 281.083%;\">Tractor y gr\u00faa<\/td>\n<\/tr>\n<tr>\n<td style=\"width: 56.4286%;\">Material<\/td>\n<td style=\"width: 281.083%;\">Acero dulce<\/td>\n<\/tr>\n<tr>\n<td style=\"width: 56.4286%;\">Forma<\/td>\n<td style=\"width: 281.083%;\">Redondo<\/td>\n<\/tr>\n<tr>\n<td style=\"width: 56.4286%;\">Tipo de embalaje<\/td>\n<td style=\"width: 281.083%;\">Caja<\/td>\n<\/tr>\n<tr>\n<td style=\"width: 56.4286%;\">Cantidad m\u00ednima de pedido<\/td>\n<td style=\"width: 281.083%;\">N\u00famero 10<\/td>\n<\/tr>\n<\/tbody>\n<\/table>\n<\/div>\n<p>Con la sinceridad y el trabajo duro de nuestros profesionales, hemos creado un nicho para nosotros en este dominio al ofrecer una gama de engranajes internos de primera calidad.<\/p>\n<div>\n<h3 class=\"\" dir=\"auto\">Mejore el rendimiento de tractores y gr\u00faas con engranajes internos de FMP en Italia<\/h3>\n<p class=\"break-words\" dir=\"auto\">Los engranajes internos desempe\u00f1an un papel fundamental en el buen funcionamiento de maquinaria pesada como tractores y gr\u00faas, proporcionando potencia y precisi\u00f3n donde m\u00e1s se necesita. En FMP, fabricamos una amplia variedad de engranajes de corona, incluyendo engranajes internos de alta calidad dise\u00f1ados para soportar las exigencias de los entornos agr\u00edcolas y de construcci\u00f3n. Desde los f\u00e9rtiles campos cerca de Florencia hasta los centros industriales de Mil\u00e1n, nuestros engranajes garantizan durabilidad, eficiencia y un mantenimiento reducido para sus equipos. Ya sea que opere gr\u00faas en los bulliciosos puertos de Venecia o tractores en la campi\u00f1a de Bolonia, FMP ofrece soluciones fiables adaptadas a las diversas industrias de Italia.<\/p>\n<h3 class=\"\" dir=\"auto\">Engranajes internos personalizados para sus necesidades: \u00a1comun\u00edquese con FMP hoy mismo!<\/h3>\n<p class=\"break-words\" dir=\"auto\">FMP se compromete a satisfacer sus necesidades espec\u00edficas con nuestra amplia gama de <a href=\"https:\/\/fmp-components.com\/es\/ring-gear\/\">engranajes anulares<\/a> y capacidades de fabricaci\u00f3n a medida. Si busca engranajes internos para tractores o gr\u00faas y no encuentra el modelo exacto en nuestra lista de productos, es probable que a\u00fan no lo hayamos publicado; nuestro inventario est\u00e1 en constante crecimiento. Cont\u00e1ctenos por correo electr\u00f3nico con sus necesidades, ya sea en Mil\u00e1n, Venecia, Florencia o cualquier otro lugar, y nuestros ingenieros expertos le responder\u00e1n en 24 horas con una soluci\u00f3n personalizada. Conf\u00ede en FMP para ofrecerle una calidad y un soporte excepcionales, impulsando su maquinaria en toda Italia con precisi\u00f3n y experiencia.<\/p>\n<\/div>","protected":false},"excerpt":{"rendered":"<p>Product Specification Product Type Gear Parts Usage\/Application Tractor and crane Material Mild Steel Shape Round Packaging Type Box Minimum Order Quantity 10 Number With our professionals&#8217; sincerity and hard work, we have carved a niche for ourselves in this domain by offering a premium quality gamut of Internal Gear. Boost Tractor and Crane Performance with [&hellip;]<\/p>","protected":false},"featured_media":4638,"comment_status":"open","ping_status":"closed","template":"","meta":{"_et_pb_use_builder":"","_et_pb_old_content":"","_et_gb_content_width":""},"product_brand":[],"product_cat":[114],"product_tag":[],"class_list":{"0":"post-7781","1":"product","2":"type-product","3":"status-publish","4":"has-post-thumbnail","6":"product_cat-ring-gear","8":"first","9":"instock","10":"shipping-taxable","11":"product-type-simple"},"_links":{"self":[{"href":"https:\/\/fmp-components.com\/es\/wp-json\/wp\/v2\/product\/7781","targetHints":{"allow":["GET"]}}],"collection":[{"href":"https:\/\/fmp-components.com\/es\/wp-json\/wp\/v2\/product"}],"about":[{"href":"https:\/\/fmp-components.com\/es\/wp-json\/wp\/v2\/types\/product"}],"replies":[{"embeddable":true,"href":"https:\/\/fmp-components.com\/es\/wp-json\/wp\/v2\/comments?post=7781"}],"wp:featuredmedia":[{"embeddable":true,"href":"https:\/\/fmp-components.com\/es\/wp-json\/wp\/v2\/media\/4638"}],"wp:attachment":[{"href":"https:\/\/fmp-components.com\/es\/wp-json\/wp\/v2\/media?parent=7781"}],"wp:term":[{"taxonomy":"product_brand","embeddable":true,"href":"https:\/\/fmp-components.com\/es\/wp-json\/wp\/v2\/product_brand?post=7781"},{"taxonomy":"product_cat","embeddable":true,"href":"https:\/\/fmp-components.com\/es\/wp-json\/wp\/v2\/product_cat?post=7781"},{"taxonomy":"product_tag","embeddable":true,"href":"https:\/\/fmp-components.com\/es\/wp-json\/wp\/v2\/product_tag?post=7781"}],"curies":[{"name":"gracias","href":"https:\/\/api.w.org\/{rel}","templated":true}]}}