{"id":7774,"date":"2025-04-04T06:19:01","date_gmt":"2025-04-04T06:19:01","guid":{"rendered":"https:\/\/fmp-components.com\/?post_type=product&#038;p=7774"},"modified":"2025-04-04T06:39:10","modified_gmt":"2025-04-04T06:39:10","slug":"automotive-internal-gear","status":"publish","type":"product","link":"https:\/\/fmp-components.com\/es\/product\/automotive-internal-gear\/","title":{"rendered":"Engranaje interno automotriz"},"content":{"rendered":"<h3>especificaci\u00f3n<\/h3>\n<table class=\"table\" style=\"width: 100.875%; height: 310px;\" border=\"1\">\n<tbody>\n<tr>\n<td colspan=\"2\">Engranaje interno automotriz<\/td>\n<\/tr>\n<tr>\n<td>Dimensi\u00f3n<\/td>\n<td>\u03a650 mm<\/td>\n<\/tr>\n<tr>\n<td>M\u00f3dulo<\/td>\n<td>M0.15-M2.2<\/td>\n<\/tr>\n<tr>\n<td>Tipo de material<\/td>\n<td>Metal, Bronce, Acero, Aleaci\u00f3n, POM, Zinc, Aluminio, Hierro, Acero inoxidable, Lat\u00f3n, Cobre<\/td>\n<\/tr>\n<tr>\n<td>Grado de mallado<\/td>\n<td>ISO6, JGMA 1, JIS 6, AGMA 13, estruendo 6, Din5, AGMA12<\/td>\n<\/tr>\n<tr>\n<td>Solicitud<\/td>\n<td>Automotriz, Militar, Aeronaves, Mec\u00e1nica, Industrial, M\u00e9dica<\/td>\n<\/tr>\n<tr>\n<td>Personalizado<\/td>\n<td>Fabricante de equipos originales (ODM)\/fabricante de equipos originales (OEM)<\/td>\n<\/tr>\n<tr>\n<td>Muestra<\/td>\n<td>Muestra disponible<\/td>\n<\/tr>\n<tr>\n<td>Modos de embalaje<\/td>\n<td>Envasado al vac\u00edo con bandeja de pl\u00e1stico<\/td>\n<\/tr>\n<tr>\n<td>Modos de entrega<\/td>\n<td>DHL UPS<\/td>\n<\/tr>\n<tr>\n<td>Certificado<\/td>\n<td>ISO 9001:2008\/TS16949<\/td>\n<\/tr>\n<\/tbody>\n<\/table>\n<p><span style=\"color: #333333; font-size: 22px;\">Optimice sus soluciones de engranajes internos para autom\u00f3viles con FMP en Italia.<\/span><\/p>\n<div>\n<p class=\"break-words\" dir=\"auto\">Engranajes internos, tambi\u00e9n conocidos como <a href=\"https:\/\/fmp-components.com\/es\/ring-gear\/\">engranajes anulares<\/a>Los engranajes anulares desempe\u00f1an un papel fundamental en la transmisi\u00f3n de potencia dentro de sistemas compactos de alto rendimiento. A diferencia de los engranajes externos, cuyos dientes se tallan en el di\u00e1metro exterior, los engranajes internos presentan dientes en la superficie interior de una estructura cil\u00edndrica, lo que los hace ideales para aplicaciones que requieren una transferencia de par eficiente en espacios reducidos. En FMP, nos especializamos en la fabricaci\u00f3n de una amplia gama de engranajes anulares, incluyendo tipos rectos y helicoidales, dise\u00f1ados para satisfacer las necesidades de las industrias en toda Italia, desde los din\u00e1micos centros automotrices de Mil\u00e1n hasta las empresas de ingenier\u00eda de precisi\u00f3n de Venecia.<\/p>\n<p class=\"break-words\" dir=\"auto\">En FMP nos enorgullece ofrecer soluciones personalizadas de engranajes internos que se adaptan a sus necesidades espec\u00edficas. Si busca un modelo en particular y no lo encuentra en nuestro cat\u00e1logo, ya sea que se encuentre en Mil\u00e1n, Venecia, Florencia o cualquier otro lugar, no se preocupe; simplemente significa que a\u00fan no lo hemos incorporado. Env\u00edenos un correo electr\u00f3nico con las especificaciones que necesita y nuestros ingenieros especializados le responder\u00e1n en un plazo de 24 horas con una soluci\u00f3n a medida. Desde la resoluci\u00f3n de problemas de dise\u00f1o como la interferencia entre engranajes hasta la optimizaci\u00f3n de los cambios en el perfil de los dientes para un mejor rendimiento, FMP es su socio de confianza en engranajes internos para la industria automotriz en toda Italia, brindando precisi\u00f3n y confiabilidad en cada proyecto.<\/p>\n<\/div>\n<p><img loading=\"lazy\" decoding=\"async\" class=\"size-full wp-image-7775 aligncenter\" src=\"https:\/\/fmp-components.com\/wp-content\/uploads\/2025\/04\/Internal-gear.webp\" alt=\"engranaje interno\" width=\"771\" height=\"543\" title=\"\" srcset=\"https:\/\/fmp-components.com\/wp-content\/uploads\/2025\/04\/Internal-gear.webp 771w, https:\/\/fmp-components.com\/wp-content\/uploads\/2025\/04\/Internal-gear-480x338.webp 480w\" sizes=\"(min-width: 0px) and (max-width: 480px) 480px, (min-width: 481px) 771px, 100vw\" \/><\/p>","protected":false},"excerpt":{"rendered":"<p>specification Automotive Internal Gear Dimension \u03a650mm Module M0.15-M2.2 Material Type Metal, Bronze, Steel, Alloy, POM, Zinc, Aluminum, Iron, Stainless, Brass, Copper Meshing Grade ISO6, JGMA 1, JIS 6, AGMA 13, DIN 6,Din5,AGMA12 Application Automotive, Military, Aircraft, Mechanical, industrial, Medical Customized ODM\/OEM Sample Sample available Modes of Packing Vacuum-packed with Plastic Tray Modes of Delivery DHL [&hellip;]<\/p>","protected":false},"featured_media":4635,"comment_status":"open","ping_status":"closed","template":"","meta":{"_et_pb_use_builder":"","_et_pb_old_content":"","_et_gb_content_width":""},"product_brand":[],"product_cat":[114],"product_tag":[],"class_list":{"0":"post-7774","1":"product","2":"type-product","3":"status-publish","4":"has-post-thumbnail","6":"product_cat-ring-gear","8":"first","9":"instock","10":"shipping-taxable","11":"product-type-simple"},"_links":{"self":[{"href":"https:\/\/fmp-components.com\/es\/wp-json\/wp\/v2\/product\/7774","targetHints":{"allow":["GET"]}}],"collection":[{"href":"https:\/\/fmp-components.com\/es\/wp-json\/wp\/v2\/product"}],"about":[{"href":"https:\/\/fmp-components.com\/es\/wp-json\/wp\/v2\/types\/product"}],"replies":[{"embeddable":true,"href":"https:\/\/fmp-components.com\/es\/wp-json\/wp\/v2\/comments?post=7774"}],"wp:featuredmedia":[{"embeddable":true,"href":"https:\/\/fmp-components.com\/es\/wp-json\/wp\/v2\/media\/4635"}],"wp:attachment":[{"href":"https:\/\/fmp-components.com\/es\/wp-json\/wp\/v2\/media?parent=7774"}],"wp:term":[{"taxonomy":"product_brand","embeddable":true,"href":"https:\/\/fmp-components.com\/es\/wp-json\/wp\/v2\/product_brand?post=7774"},{"taxonomy":"product_cat","embeddable":true,"href":"https:\/\/fmp-components.com\/es\/wp-json\/wp\/v2\/product_cat?post=7774"},{"taxonomy":"product_tag","embeddable":true,"href":"https:\/\/fmp-components.com\/es\/wp-json\/wp\/v2\/product_tag?post=7774"}],"curies":[{"name":"gracias","href":"https:\/\/api.w.org\/{rel}","templated":true}]}}