{"id":7773,"date":"2025-04-04T06:08:44","date_gmt":"2025-04-04T06:08:44","guid":{"rendered":"https:\/\/fmp-components.com\/?post_type=product&#038;p=7773"},"modified":"2025-04-04T06:38:52","modified_gmt":"2025-04-04T06:38:52","slug":"metal-internal-gear","status":"publish","type":"product","link":"https:\/\/fmp-components.com\/es\/product\/metal-internal-gear\/","title":{"rendered":"Engranaje interno de metal"},"content":{"rendered":"<h2>\u00bfQu\u00e9 es el engranaje interno de metal?<\/h2>\n<p>El engranaje interno met\u00e1lico es un componente de ingenier\u00eda de precisi\u00f3n ampliamente utilizado en sistemas mec\u00e1nicos, caracterizado por sus dientes tallados en la superficie interior de un anillo met\u00e1lico cil\u00edndrico. A diferencia de los engranajes externos, los engranajes internos engranan con los externos dentro de su circunferencia, lo que permite dise\u00f1os compactos y una transmisi\u00f3n de potencia eficiente. Generalmente fabricados con metales de alta resistencia como acero o aleaciones, ofrecen durabilidad y resistencia al desgaste, lo que los hace ideales para aplicaciones en transmisiones automotrices, maquinaria industrial y rob\u00f3tica. Su dise\u00f1o \u00fanico permite un funcionamiento suave, reducci\u00f3n de ruido y mayor capacidad de par en entornos con limitaciones de espacio.<\/p>\n<h3>Especificaci\u00f3n<\/h3>\n<table class=\"table\" style=\"width: 100.982%; height: 321px;\" border=\"1\">\n<tbody>\n<tr>\n<td colspan=\"2\">Engranaje interno de metal<\/td>\n<\/tr>\n<tr>\n<td>Dimensi\u00f3n<\/td>\n<td>\u03a660 mm<\/td>\n<\/tr>\n<tr>\n<td>M\u00f3dulo<\/td>\n<td>M0.15-M3.0<\/td>\n<\/tr>\n<tr>\n<td>Tipo de material<\/td>\n<td>Metal, Bronce, Acero, Aleaci\u00f3n, POM, Zinc, Aluminio, Hierro, Acero inoxidable, Lat\u00f3n, Cobre<\/td>\n<\/tr>\n<tr>\n<td>Grado de mallado<\/td>\n<td>ISO6, JGMA 1, JIS 6, AGMA 13, estruendo 6, Din5, AGMA12<\/td>\n<\/tr>\n<tr>\n<td>Solicitud<\/td>\n<td>Automotriz, Militar, Aeronaves, Mec\u00e1nica, Industrial, M\u00e9dica<\/td>\n<\/tr>\n<tr>\n<td>Personalizado<\/td>\n<td>Fabricante de equipos originales (ODM)\/fabricante de equipos originales (OEM)<\/td>\n<\/tr>\n<tr>\n<td>Muestra<\/td>\n<td>Muestra disponible<\/td>\n<\/tr>\n<tr>\n<td>Modos de embalaje<\/td>\n<td>Envasado al vac\u00edo con bandeja de pl\u00e1stico<\/td>\n<\/tr>\n<tr>\n<td>Modos de entrega<\/td>\n<td>DHL y UPS<\/td>\n<\/tr>\n<tr>\n<td>Certificado<\/td>\n<td>ISO 9001:2008\/TS16949<\/td>\n<\/tr>\n<\/tbody>\n<\/table>\n<div>\n<h3 class=\"\" dir=\"auto\">Engranajes internos de metal: Ingenier\u00eda de precisi\u00f3n de FMP<\/h3>\n<p class=\"break-words\" dir=\"auto\">En cuanto a engranajes internos met\u00e1licos, FMP se posiciona como un fabricante l\u00edder que ofrece engranajes anulares de primera calidad para industrias de toda Italia, desde las grandes potencias industriales de Mil\u00e1n hasta los talleres especializados de Venecia. Estos engranajes son esenciales para la transmisi\u00f3n eficiente de potencia en maquinaria, ofreciendo durabilidad y precisi\u00f3n en aplicaciones que abarcan desde la automoci\u00f3n hasta la maquinaria pesada. En FMP, fabricamos una amplia gama de <a href=\"https:\/\/fmp-components.com\/es\/ring-gear\/\">Engranajes anulares<\/a> Utilizamos metales de alta resistencia y tecnolog\u00eda de vanguardia para garantizar un rendimiento superior adaptado a las necesidades de nuestros clientes en Florencia, Bolonia y alrededores. Nuestro compromiso con la calidad nos convierte en un socio de confianza para las empresas que buscan soluciones mec\u00e1nicas fiables.<\/p>\n<h3 class=\"\" dir=\"auto\">Personalizaci\u00f3n y soporte para clientes italianos<\/h3>\n<p class=\"break-words\" dir=\"auto\">\u00bfNo encuentra el modelo exacto en nuestra lista de productos? No se preocupe, significa que a\u00fan no lo hemos subido. Simplemente env\u00edenos un correo electr\u00f3nico con sus necesidades y nuestros ingenieros expertos le responder\u00e1n en 24 horas con una soluci\u00f3n a su medida. \u00a1Elija FMP para obtener precisi\u00f3n, flexibilidad y excelencia de inspiraci\u00f3n italiana en cada producto que fabricamos!<\/p>\n<\/div>","protected":false},"excerpt":{"rendered":"<p>What is Metal Internal Gear? Metal Internal Gear is a precision-engineered component widely used in mechanical systems, characterized by its teeth being cut into the inner surface of a cylindrical metal ring. Unlike external gears, internal gears mesh with external gears inside their circumference, enabling compact designs and efficient power transmission. Typically made from high-strength [&hellip;]<\/p>","protected":false},"featured_media":4641,"comment_status":"open","ping_status":"closed","template":"","meta":{"_et_pb_use_builder":"","_et_pb_old_content":"","_et_gb_content_width":""},"product_brand":[],"product_cat":[114],"product_tag":[],"class_list":{"0":"post-7773","1":"product","2":"type-product","3":"status-publish","4":"has-post-thumbnail","6":"product_cat-ring-gear","8":"first","9":"instock","10":"shipping-taxable","11":"product-type-simple"},"_links":{"self":[{"href":"https:\/\/fmp-components.com\/es\/wp-json\/wp\/v2\/product\/7773","targetHints":{"allow":["GET"]}}],"collection":[{"href":"https:\/\/fmp-components.com\/es\/wp-json\/wp\/v2\/product"}],"about":[{"href":"https:\/\/fmp-components.com\/es\/wp-json\/wp\/v2\/types\/product"}],"replies":[{"embeddable":true,"href":"https:\/\/fmp-components.com\/es\/wp-json\/wp\/v2\/comments?post=7773"}],"wp:featuredmedia":[{"embeddable":true,"href":"https:\/\/fmp-components.com\/es\/wp-json\/wp\/v2\/media\/4641"}],"wp:attachment":[{"href":"https:\/\/fmp-components.com\/es\/wp-json\/wp\/v2\/media?parent=7773"}],"wp:term":[{"taxonomy":"product_brand","embeddable":true,"href":"https:\/\/fmp-components.com\/es\/wp-json\/wp\/v2\/product_brand?post=7773"},{"taxonomy":"product_cat","embeddable":true,"href":"https:\/\/fmp-components.com\/es\/wp-json\/wp\/v2\/product_cat?post=7773"},{"taxonomy":"product_tag","embeddable":true,"href":"https:\/\/fmp-components.com\/es\/wp-json\/wp\/v2\/product_tag?post=7773"}],"curies":[{"name":"gracias","href":"https:\/\/api.w.org\/{rel}","templated":true}]}}