{"id":7751,"date":"2025-04-04T03:10:57","date_gmt":"2025-04-04T03:10:57","guid":{"rendered":"https:\/\/fmp-components.com\/?post_type=product&#038;p=7751"},"modified":"2025-04-04T05:33:32","modified_gmt":"2025-04-04T05:33:32","slug":"ring-gear-for-cement-mixer","status":"publish","type":"product","link":"https:\/\/fmp-components.com\/es\/product\/ring-gear-for-cement-mixer\/","title":{"rendered":"Engranaje de anillo para mezcladora de cemento"},"content":{"rendered":"<div>\n<h2 dir=\"auto\">Coronas dentadas de alta calidad para hormigoneras de FMP<\/h2>\n<p class=\"break-words\" dir=\"auto\">En los bulliciosos centros de la construcci\u00f3n de Italia, como Mil\u00e1n, Venecia, Florencia y Bolonia, la demanda de hormigoneras fiables es constante. Un componente clave de estas m\u00e1quinas es el <a href=\"https:\/\/fmp-components.com\/es\/ring-gear\/\">engranaje anular<\/a> Para hormigoneras, un engranaje circular robusto impulsa la rotaci\u00f3n del tambor para una mezcla eficiente del hormig\u00f3n. En FMP, nos especializamos en la producci\u00f3n de diversos tipos de coronas dentadas, incluyendo la corona dentada cil\u00edndrica de doble h\u00e9lice con dientes en espiga, fabricada a medida para trabajos pesados, con un m\u00f3dulo grande y segmentos de acero aleado. Elaboradas con acero aleado de alta resistencia y con tratamientos de cementaci\u00f3n o endurecimiento superficial, nuestras coronas dentadas ofrecen una capacidad de carga y durabilidad excepcionales. Ya sea que trabaje en modernos rascacielos en Mil\u00e1n o en la restauraci\u00f3n de edificios hist\u00f3ricos en Florencia, las coronas dentadas de FMP garantizan una transmisi\u00f3n estable con bajo impacto, vibraci\u00f3n y ruido, ideales para maquinaria de alta velocidad y cargas pesadas.<\/p>\n<h2 dir=\"auto\">Especificaci\u00f3n<\/h2>\n<\/div>\n<table style=\"width: 100%;\" border=\"1\" width=\"100%\" cellspacing=\"0\" cellpadding=\"0\">\n<tbody>\n<tr>\n<td colspan=\"2\" width=\"160\">Nombre del producto<\/td>\n<td colspan=\"2\" width=\"611\">Anillo de engranaje<\/td>\n<\/tr>\n<tr>\n<td colspan=\"2\" width=\"160\">Marca<\/td>\n<td colspan=\"2\" width=\"611\">FMP<\/td>\n<\/tr>\n<tr>\n<td colspan=\"2\" width=\"160\">Proceso<\/td>\n<td colspan=\"2\" width=\"611\">Forjado, mecanizado, tratamiento t\u00e9rmico<\/td>\n<\/tr>\n<tr>\n<td colspan=\"2\" width=\"160\"><\/td>\n<td colspan=\"2\" rowspan=\"2\" width=\"611\">grandes m\u00e1quinas de impresi\u00f3n, aviones, maquinaria de producci\u00f3n, industria portuaria, maquinaria para la industria pesada, etc.<\/td>\n<\/tr>\n<tr>\n<td colspan=\"2\" width=\"160\">Solicitud<\/td>\n<\/tr>\n<tr>\n<td colspan=\"2\" width=\"160\">Material de procesamiento<\/td>\n<td colspan=\"2\" width=\"611\">45#40CR 20CRM O20CRNIMO 17CRNIMO620CRMNTI42CRMO etc.<\/td>\n<\/tr>\n<\/tbody>\n<\/table>\n<p>&nbsp;<\/p>\n<table style=\"width: 100%;\" border=\"1\" width=\"100%\" cellspacing=\"0\" cellpadding=\"0\">\n<tbody>\n<tr style=\"height: 27.60pt;\">\n<td class=\"et2\" style=\"height: 27.60pt; width: 48.00pt;\" width=\"80\" height=\"46\">M\u00f3dulo de engranajes<\/td>\n<td class=\"et3\" style=\"width: 48.00pt;\" width=\"80\">8-120<\/td>\n<\/tr>\n<tr style=\"height: 41.40pt;\">\n<td class=\"et4\" style=\"height: 41.40pt; width: 48.00pt;\" width=\"80\" height=\"69\">Rectificado de engranajes<\/td>\n<td class=\"et5\" style=\"width: 48.00pt;\" width=\"80\">M\u00f3dulo MAX 25<\/td>\n<\/tr>\n<tr style=\"height: 41.40pt;\">\n<td class=\"et4\" style=\"height: 41.40pt; width: 48.00pt;\" width=\"80\" height=\"69\">Di\u00e1metro de la rueda dentada<\/td>\n<td class=\"et5\" style=\"width: 48.00pt;\" width=\"80\">M\u00c1X. 13 000 mm<\/td>\n<\/tr>\n<tr style=\"height: 41.40pt;\">\n<td class=\"et4\" style=\"height: 41.40pt; width: 48.00pt;\" width=\"80\" height=\"69\">Di\u00e1metro del engranaje helicoidal<\/td>\n<td class=\"et5\" style=\"width: 48.00pt;\" width=\"80\">M\u00c1X. 2200 mm<\/td>\n<\/tr>\n<tr style=\"height: 41.40pt;\">\n<td class=\"et4\" style=\"height: 41.40pt; width: 48.00pt;\" width=\"80\" height=\"69\">Longitud del eje del engranaje<\/td>\n<td class=\"et5\" style=\"width: 48.00pt;\" width=\"80\">M\u00c1X. 5000 mm<\/td>\n<\/tr>\n<tr style=\"height: 82.80pt;\">\n<td class=\"et4\" style=\"height: 82.80pt; width: 48.00pt;\" width=\"80\" height=\"138\">Tratamiento de dientes de engranaje<\/td>\n<td class=\"et5\" style=\"width: 48.00pt;\" width=\"80\">Endurecimiento superficial, cementaci\u00f3n y temple<\/td>\n<\/tr>\n<tr style=\"height: 55.95pt;\">\n<td class=\"et6\" style=\"height: 55.95pt; width: 48.00pt;\" width=\"80\" height=\"93\">Planta de trabajo<\/td>\n<td class=\"et7\" style=\"width: 48.00pt;\" width=\"80\">Forja, fundici\u00f3n y soldadura<\/td>\n<\/tr>\n<\/tbody>\n<\/table>\n<p><span style=\"color: #333333; font-size: 22px;\">Experiencia de FMP en la fabricaci\u00f3n de engranajes anulares a medida<\/span><\/p>\n<div>\n<p class=\"break-words\" dir=\"auto\">FMP se distingue como socio de confianza para los sectores de la construcci\u00f3n e ingenier\u00eda en Italia, ofreciendo una amplia gama de coronas dentadas, como las de dise\u00f1o recto, helicoidal y de doble h\u00e9lice, todas ellas adaptadas a las especificaciones del cliente. Nuestras avanzadas t\u00e9cnicas de fabricaci\u00f3n, que incluyen la pulvimetalurgia y procesos \u00fanicos de tratamiento t\u00e9rmico, optimizan la estructura del engranaje, aumentando su dureza, resistencia al desgaste y resistencia al impacto. Utilizamos acero de alta resistencia y nos centramos en la estabilidad a largo plazo, garantizando que nuestros componentes rindan al m\u00e1ximo incluso en las exigentes condiciones de la mezcla de cemento. Para las empresas de Venecia que abordan proyectos singulares a orillas de los canales, o para las industrias de ingenier\u00eda de Bolonia, FMP acepta pedidos personalizados para satisfacer sus necesidades espec\u00edficas. Nuestras capacidades abarcan la forja, la fundici\u00f3n y la soldadura a gran escala, con tratamientos adicionales como el rectificado de engranajes y la nitruraci\u00f3n disponibles bajo pedido.<\/p>\n<\/div>\n<table style=\"border-collapse: collapse; width: 101.637%; height: 5px;\" border=\"0\" width=\"270\" cellspacing=\"0\" cellpadding=\"0\">\n<tbody>\n<tr style=\"height: 14.40pt;\">\n<td style=\"height: 14.4pt; width: 34.4985%;\" align=\"right\" width=\"90\" height=\"24\"><img loading=\"lazy\" decoding=\"async\" class=\"size-full wp-image-7756 aligncenter\" src=\"https:\/\/fmp-components.com\/wp-content\/uploads\/2025\/04\/Ring-Gear-For-Cement-Mixer-Factory-1.webp\" alt=\"Corona dentada para f\u00e1brica de hormigoneras\" width=\"889\" height=\"570\" title=\"\" srcset=\"https:\/\/fmp-components.com\/wp-content\/uploads\/2025\/04\/Ring-Gear-For-Cement-Mixer-Factory-1.webp 889w, https:\/\/fmp-components.com\/wp-content\/uploads\/2025\/04\/Ring-Gear-For-Cement-Mixer-Factory-1-480x308.webp 480w\" sizes=\"(min-width: 0px) and (max-width: 480px) 480px, (min-width: 481px) 889px, 100vw\" \/><\/td>\n<td style=\"width: 32.7072%;\" align=\"right\" width=\"90\"><img loading=\"lazy\" decoding=\"async\" class=\"size-full wp-image-7757 aligncenter\" src=\"https:\/\/fmp-components.com\/wp-content\/uploads\/2025\/04\/Ring-Gear-For-Cement-Mixer-Factory-2.webp\" alt=\"Corona dentada para f\u00e1brica de hormigoneras\" width=\"885\" height=\"608\" title=\"\" srcset=\"https:\/\/fmp-components.com\/wp-content\/uploads\/2025\/04\/Ring-Gear-For-Cement-Mixer-Factory-2.webp 885w, https:\/\/fmp-components.com\/wp-content\/uploads\/2025\/04\/Ring-Gear-For-Cement-Mixer-Factory-2-480x330.webp 480w\" sizes=\"(min-width: 0px) and (max-width: 480px) 480px, (min-width: 481px) 885px, 100vw\" \/><\/td>\n<td style=\"width: 31.8642%;\" align=\"right\" width=\"90\"><img loading=\"lazy\" decoding=\"async\" class=\"size-full wp-image-7758 aligncenter\" src=\"https:\/\/fmp-components.com\/wp-content\/uploads\/2025\/04\/Ring-Gear-For-Cement-Mixer-Factory-3.webp\" alt=\"Corona dentada para f\u00e1brica de hormigoneras\" width=\"500\" height=\"360\" title=\"\" srcset=\"https:\/\/fmp-components.com\/wp-content\/uploads\/2025\/04\/Ring-Gear-For-Cement-Mixer-Factory-3.webp 500w, https:\/\/fmp-components.com\/wp-content\/uploads\/2025\/04\/Ring-Gear-For-Cement-Mixer-Factory-3-480x346.webp 480w\" sizes=\"(min-width: 0px) and (max-width: 480px) 480px, (min-width: 481px) 500px, 100vw\" \/><\/td>\n<\/tr>\n<\/tbody>\n<\/table>\n<div>\n<h3 class=\"\" dir=\"auto\">\u00bfNecesita un modelo espec\u00edfico? Contacte con FMP para obtener una respuesta en 24 horas.<\/h3>\n<p class=\"break-words\" dir=\"auto\">En FMP, nos comprometemos a ofrecer soluciones a medida. Simplemente env\u00edenos sus especificaciones por correo electr\u00f3nico y nuestros ingenieros especializados le responder\u00e1n en 24 horas con asesoramiento experto o una propuesta de dise\u00f1o a medida. Nuestra r\u00e1pida respuesta y capacidad para gestionar la fundici\u00f3n de grandes lotes en ciclos cortos nos convierten en la opci\u00f3n ideal para el din\u00e1mico mercado de la construcci\u00f3n en Italia. Mejore la eficiencia de su proyecto con los engranajes anulares duraderos y de alto rendimiento de FMP. \u00a1Cont\u00e1ctenos hoy mismo para impulsar su pr\u00f3xima construcci\u00f3n!<\/p>\n<table style=\"border-collapse: collapse; width: 97.6392%; height: 54px;\" border=\"0\" width=\"243\" cellspacing=\"0\" cellpadding=\"0\">\n<tbody>\n<tr style=\"height: 14.40pt;\">\n<td style=\"height: 14.4pt; width: 31.0307%;\" align=\"right\" width=\"81\" height=\"24\">\u00a0<img loading=\"lazy\" decoding=\"async\" class=\"size-full wp-image-7763 aligncenter\" src=\"https:\/\/fmp-components.com\/wp-content\/uploads\/2025\/04\/Ring-Gear-For-Cement-Mixer-2.webp\" alt=\"Engranaje de anillo para mezcladora de cemento\" width=\"550\" height=\"550\" title=\"\" srcset=\"https:\/\/fmp-components.com\/wp-content\/uploads\/2025\/04\/Ring-Gear-For-Cement-Mixer-2.webp 550w, https:\/\/fmp-components.com\/wp-content\/uploads\/2025\/04\/Ring-Gear-For-Cement-Mixer-2-480x480.webp 480w\" sizes=\"(min-width: 0px) and (max-width: 480px) 480px, (min-width: 481px) 550px, 100vw\" \/><\/td>\n<td style=\"width: 32.7851%;\" align=\"right\" width=\"81\"><img loading=\"lazy\" decoding=\"async\" class=\"size-full wp-image-7764 aligncenter\" src=\"https:\/\/fmp-components.com\/wp-content\/uploads\/2025\/04\/Ring-Gear-For-Cement-Mixer-3.webp\" alt=\"Engranaje de anillo para mezcladora de cemento\" width=\"550\" height=\"550\" title=\"\" srcset=\"https:\/\/fmp-components.com\/wp-content\/uploads\/2025\/04\/Ring-Gear-For-Cement-Mixer-3.webp 550w, https:\/\/fmp-components.com\/wp-content\/uploads\/2025\/04\/Ring-Gear-For-Cement-Mixer-3-480x480.webp 480w\" sizes=\"(min-width: 0px) and (max-width: 480px) 480px, (min-width: 481px) 550px, 100vw\" \/><\/td>\n<td style=\"width: 36.1842%;\" align=\"right\" width=\"81\"><img loading=\"lazy\" decoding=\"async\" class=\"size-full wp-image-7762 aligncenter\" src=\"https:\/\/fmp-components.com\/wp-content\/uploads\/2025\/04\/Ring-Gear-For-Cement-Mixer-5.webp\" alt=\"Engranaje de anillo para mezcladora de cemento\" width=\"1024\" height=\"756\" title=\"\" srcset=\"https:\/\/fmp-components.com\/wp-content\/uploads\/2025\/04\/Ring-Gear-For-Cement-Mixer-5.webp 1024w, https:\/\/fmp-components.com\/wp-content\/uploads\/2025\/04\/Ring-Gear-For-Cement-Mixer-5-980x724.webp 980w, https:\/\/fmp-components.com\/wp-content\/uploads\/2025\/04\/Ring-Gear-For-Cement-Mixer-5-480x354.webp 480w\" sizes=\"(min-width: 0px) and (max-width: 480px) 480px, (min-width: 481px) and (max-width: 980px) 980px, (min-width: 981px) 1024px, 100vw\" \/><\/td>\n<\/tr>\n<\/tbody>\n<\/table>\n<\/div>","protected":false},"excerpt":{"rendered":"<p>High-Quality Ring Gears for Cement Mixers by FMP In the bustling construction hubs of Italy, such as Milan, Venice, Florence, and Bologna, the demand for reliable cement mixers is ever-present. A key component in these machines is the ring gear for cement mixers, a robust circular gear that drives the drum\u2019s rotation to blend concrete [&hellip;]<\/p>","protected":false},"featured_media":7759,"comment_status":"open","ping_status":"closed","template":"","meta":{"_et_pb_use_builder":"","_et_pb_old_content":"","_et_gb_content_width":""},"product_brand":[],"product_cat":[114],"product_tag":[],"class_list":{"0":"post-7751","1":"product","2":"type-product","3":"status-publish","4":"has-post-thumbnail","6":"product_cat-ring-gear","8":"first","9":"instock","10":"shipping-taxable","11":"product-type-simple"},"_links":{"self":[{"href":"https:\/\/fmp-components.com\/es\/wp-json\/wp\/v2\/product\/7751","targetHints":{"allow":["GET"]}}],"collection":[{"href":"https:\/\/fmp-components.com\/es\/wp-json\/wp\/v2\/product"}],"about":[{"href":"https:\/\/fmp-components.com\/es\/wp-json\/wp\/v2\/types\/product"}],"replies":[{"embeddable":true,"href":"https:\/\/fmp-components.com\/es\/wp-json\/wp\/v2\/comments?post=7751"}],"wp:featuredmedia":[{"embeddable":true,"href":"https:\/\/fmp-components.com\/es\/wp-json\/wp\/v2\/media\/7759"}],"wp:attachment":[{"href":"https:\/\/fmp-components.com\/es\/wp-json\/wp\/v2\/media?parent=7751"}],"wp:term":[{"taxonomy":"product_brand","embeddable":true,"href":"https:\/\/fmp-components.com\/es\/wp-json\/wp\/v2\/product_brand?post=7751"},{"taxonomy":"product_cat","embeddable":true,"href":"https:\/\/fmp-components.com\/es\/wp-json\/wp\/v2\/product_cat?post=7751"},{"taxonomy":"product_tag","embeddable":true,"href":"https:\/\/fmp-components.com\/es\/wp-json\/wp\/v2\/product_tag?post=7751"}],"curies":[{"name":"gracias","href":"https:\/\/api.w.org\/{rel}","templated":true}]}}