{"id":7748,"date":"2025-04-04T02:01:13","date_gmt":"2025-04-04T02:01:13","guid":{"rendered":"https:\/\/fmp-components.com\/?post_type=product&#038;p=7748"},"modified":"2025-04-04T05:32:58","modified_gmt":"2025-04-04T05:32:58","slug":"helical-angle-7-internal-helical-ring-gear-2","status":"publish","type":"product","link":"https:\/\/fmp-components.com\/es\/product\/helical-angle-7-internal-helical-ring-gear-2\/","title":{"rendered":"Engranaje de anillo helicoidal interno de \u00e1ngulo helicoidal 7"},"content":{"rendered":"<div class=\"J_module\">\n<div class=\"detail-decorate-json-renderer-container\">\n<div class=\"magic-1\">\n<div class=\"magic-2\">\n<div class=\"magic-3\">\n<div class=\"magic-4\">\n<div>\n<h2 dir=\"auto\">\u00bfQu\u00e9 es un engranaje anular helicoidal interno de \u00e1ngulo 7?<\/h2>\n<p class=\"break-words\" dir=\"auto\">Una h\u00e9lice interna <a href=\"https:\/\/fmp-components.com\/es\/ring-gear\/\">engranaje anular<\/a> Con un \u00e1ngulo de h\u00e9lice de 7 grados, los dientes est\u00e1n cortados con un \u00e1ngulo bajo en el interior del anillo, dise\u00f1ado para minimizar el empuje axial y garantizar un funcionamiento suave. Este tipo se utiliza frecuentemente en sistemas de engranajes planetarios, como los de las transmisiones automotrices, donde un funcionamiento silencioso y una alta capacidad de carga son esenciales. El \u00e1ngulo de 7 grados, inferior a los rangos t\u00edpicos (generalmente de 12\u00b0 a 20\u00b0 para engranajes helicoidales simples), podr\u00eda ser adecuado para aplicaciones espec\u00edficas de bajo empuje, aunque la informaci\u00f3n precisa sobre este \u00e1ngulo es menos com\u00fan en las fuentes est\u00e1ndar.<\/p>\n<\/div>\n<h3 class=\"magic-5\" data-spm-anchor-id=\"a2700.details.0.i31.212e5440VhHX7p\">Capacidad de engranajes\/estr\u00edas<\/h3>\n<\/div>\n<\/div>\n<\/div>\n<\/div>\n<\/div>\n<\/div>\n<div class=\"J_module\">\n<div class=\"ife-detail-decorate-table\">\n<table class=\"all magic-7\" style=\"width: 101.538%; height: 278px;\" border=\"1\">\n<tbody>\n<tr style=\"height: 23px;\">\n<td style=\"height: 23px; width: 215.138%;\" colspan=\"4\" rowspan=\"1\">\n<div class=\"magic-8\">\n<div class=\"magic-5\" data-spm-anchor-id=\"a2700.siteadmin.0.i174.58853333j5JHlI\"><strong>Engranajes internos y estr\u00edas internas<\/strong><\/div>\n<\/div>\n<\/td>\n<\/tr>\n<tr style=\"height: 47px;\">\n<td style=\"height: 47px; width: 37.3853%;\" colspan=\"1\" rowspan=\"1\">\n<div class=\"magic-13\"><\/div>\n<\/td>\n<td style=\"height: 47px; width: 18.578%;\" colspan=\"1\" rowspan=\"1\">\n<div class=\"magic-10\">\n<div class=\"magic-5\"><span class=\"magic-14\">Fresado de dientes<\/span><\/div>\n<\/div>\n<\/td>\n<td style=\"height: 47px; width: 21.1009%;\" colspan=\"1\" rowspan=\"1\">\n<div class=\"magic-11\">\n<div class=\"magic-5\"><span class=\"magic-14\">Moldeado de dientes<\/span><\/div>\n<\/div>\n<\/td>\n<td style=\"height: 47px; width: 138.073%;\" colspan=\"1\" rowspan=\"1\">\n<div class=\"magic-15\">\n<div class=\"magic-5\"><span class=\"magic-14\">Rechinar los dientes<\/span><\/div>\n<\/div>\n<\/td>\n<\/tr>\n<tr style=\"height: 23px;\">\n<td style=\"height: 23px; width: 37.3853%;\" colspan=\"1\" rowspan=\"1\">\n<div class=\"magic-13\"><span class=\"magic-14\">OD m\u00e1xima<\/span><\/div>\n<\/td>\n<td style=\"height: 23px; width: 18.578%;\" colspan=\"1\" rowspan=\"1\">\n<div class=\"magic-10\"><span class=\"magic-14\">2500 mm<\/span><\/div>\n<\/td>\n<td style=\"height: 23px; width: 21.1009%;\" colspan=\"1\" rowspan=\"1\">\n<div class=\"magic-11\"><span class=\"magic-14\">2500 mm<\/span><\/div>\n<\/td>\n<td style=\"height: 23px; width: 138.073%;\" colspan=\"1\" rowspan=\"1\">\n<div class=\"magic-15\"><span class=\"magic-14\">2500 mm<\/span><\/div>\n<\/td>\n<\/tr>\n<tr style=\"height: 23px;\">\n<td style=\"height: 23px; width: 37.3853%;\" colspan=\"1\" rowspan=\"1\">\n<div class=\"magic-13\"><span class=\"magic-14\">Identificaci\u00f3n m\u00ednima<\/span><\/div>\n<\/td>\n<td style=\"height: 23px; width: 18.578%;\" colspan=\"1\" rowspan=\"1\">\n<div class=\"magic-10\"><span class=\"magic-14\">650 mm<\/span><\/div>\n<\/td>\n<td style=\"height: 23px; width: 21.1009%;\" colspan=\"1\" rowspan=\"1\">\n<div class=\"magic-11\"><span class=\"magic-14\">50 mm<\/span><\/div>\n<\/td>\n<td style=\"height: 23px; width: 138.073%;\" colspan=\"1\" rowspan=\"1\">\n<div class=\"magic-15\"><span class=\"magic-14\">100 mm<\/span><\/div>\n<\/td>\n<\/tr>\n<tr style=\"height: 23px;\">\n<td style=\"height: 23px; width: 37.3853%;\" colspan=\"1\" rowspan=\"1\">\n<div class=\"magic-13\"><span class=\"magic-14\">Ancho m\u00e1ximo de la cara<\/span><\/div>\n<\/td>\n<td style=\"height: 23px; width: 18.578%;\" colspan=\"1\" rowspan=\"1\">\n<div class=\"magic-10\"><span class=\"magic-14\">500 mm<\/span><\/div>\n<\/td>\n<td style=\"height: 23px; width: 21.1009%;\" colspan=\"1\" rowspan=\"1\">\n<div class=\"magic-11\"><span class=\"magic-14\">500 mm<\/span><\/div>\n<\/td>\n<td style=\"height: 23px; width: 138.073%;\" colspan=\"1\" rowspan=\"1\">\n<div class=\"magic-15\"><span class=\"magic-14\">500 mm<\/span><\/div>\n<\/td>\n<\/tr>\n<tr style=\"height: 23px;\">\n<td style=\"height: 23px; width: 37.3853%;\" colspan=\"1\" rowspan=\"1\">\n<div class=\"magic-13\"><span class=\"magic-14\">Paso diametral m\u00e1ximo<\/span><\/div>\n<\/td>\n<td style=\"height: 23px; width: 18.578%;\" colspan=\"1\" rowspan=\"1\">\n<div class=\"magic-10\"><span class=\"magic-14\">DP1<\/span><\/div>\n<\/td>\n<td style=\"height: 23px; width: 21.1009%;\" colspan=\"1\" rowspan=\"1\">\n<div class=\"magic-11\"><span class=\"magic-14\">DP1<\/span><\/div>\n<\/td>\n<td style=\"height: 23px; width: 138.073%;\" colspan=\"1\" rowspan=\"1\">\n<div class=\"magic-15\"><span class=\"magic-14\">DP0.5<\/span><\/div>\n<\/td>\n<\/tr>\n<tr style=\"height: 23px;\">\n<td style=\"height: 23px; width: 37.3853%;\" colspan=\"1\" rowspan=\"1\">\n<div class=\"magic-13\"><span class=\"magic-14\">M\u00f3dulo m\u00e1ximo<\/span><\/div>\n<\/td>\n<td style=\"height: 23px; width: 18.578%;\" colspan=\"1\" rowspan=\"1\">\n<div class=\"magic-10\"><span class=\"magic-14\">26 mm<\/span><\/div>\n<\/td>\n<td style=\"height: 23px; width: 21.1009%;\" colspan=\"1\" rowspan=\"1\">\n<div class=\"magic-11\"><span class=\"magic-14\">26 mm<\/span><\/div>\n<\/td>\n<td style=\"height: 23px; width: 138.073%;\" colspan=\"1\" rowspan=\"1\">\n<div class=\"magic-15\"><span class=\"magic-14\">45 mm<\/span><\/div>\n<\/td>\n<\/tr>\n<tr style=\"height: 47px;\">\n<td style=\"height: 47px; width: 37.3853%;\" colspan=\"1\" rowspan=\"1\">\n<div class=\"magic-13\"><span class=\"magic-14\">Grado AGMA \/ Grado DIN<\/span><\/div>\n<\/td>\n<td style=\"height: 47px; width: 18.578%;\" colspan=\"1\" rowspan=\"1\">\n<div class=\"magic-10\"><span class=\"magic-14\">Grado DIN 8<\/span><\/div>\n<\/td>\n<td style=\"height: 47px; width: 21.1009%;\" colspan=\"1\" rowspan=\"1\">\n<div class=\"magic-11\"><span class=\"magic-14\">Grado DIN 8<\/span><\/div>\n<\/td>\n<td style=\"height: 47px; width: 138.073%;\" colspan=\"1\" rowspan=\"1\">\n<div class=\"magic-15\"><span class=\"magic-14\">Grado DIN 4<\/span><\/div>\n<\/td>\n<\/tr>\n<tr style=\"height: 23px;\">\n<td style=\"height: 23px; width: 37.3853%;\" colspan=\"1\" rowspan=\"1\">\n<div class=\"magic-13\"><span class=\"magic-14\">Acabado de diente<\/span><\/div>\n<\/td>\n<td style=\"height: 23px; width: 18.578%;\" colspan=\"1\" rowspan=\"1\">\n<div class=\"magic-10\"><span class=\"magic-14\">Ra 3.2<\/span><\/div>\n<\/td>\n<td style=\"height: 23px; width: 21.1009%;\" colspan=\"1\" rowspan=\"1\">\n<div class=\"magic-11\"><span class=\"magic-14\">Ra 3.2<\/span><\/div>\n<\/td>\n<td style=\"height: 23px; width: 138.073%;\" colspan=\"1\" rowspan=\"1\">\n<div class=\"magic-15\"><span class=\"magic-14\">Ra 0.6<\/span><\/div>\n<\/td>\n<\/tr>\n<tr style=\"height: 23px;\">\n<td style=\"height: 23px; width: 37.3853%;\" colspan=\"1\" rowspan=\"1\">\n<div class=\"magic-13\"><span class=\"magic-14\">\u00c1ngulo m\u00e1ximo de h\u00e9lice<\/span><\/div>\n<\/td>\n<td style=\"height: 23px; width: 18.578%;\" colspan=\"1\" rowspan=\"1\">\n<div class=\"magic-10\"><span class=\"magic-14\">\u00b122,5\u00b0<\/span><\/div>\n<\/td>\n<td style=\"height: 23px; width: 21.1009%;\" colspan=\"1\" rowspan=\"1\">\n<div class=\"magic-11\"><span class=\"magic-14\">\u00b122,5\u00b0<\/span><\/div>\n<\/td>\n<td style=\"height: 23px; width: 138.073%;\" colspan=\"1\" rowspan=\"1\">\n<div class=\"magic-15\"><span class=\"magic-14\">\u00b145\u00b0<\/span><\/div>\n<\/td>\n<\/tr>\n<\/tbody>\n<\/table>\n<\/div>\n<\/div>\n<div class=\"J_module\">\n<div class=\"ife-detail-decorate-table\">\n<table class=\"all magic-7\" style=\"width: 101.751%; height: 259px;\" border=\"1\">\n<tbody>\n<tr>\n<td style=\"width: 231.63%;\" colspan=\"4\" rowspan=\"1\">\n<div class=\"magic-16\">\n<div class=\"magic-5\" data-spm-anchor-id=\"a2700.siteadmin.0.i170.58853333j5JHlI\"><strong>Engranajes externos y estr\u00edas externas<\/strong><\/div>\n<\/div>\n<\/td>\n<\/tr>\n<tr>\n<td style=\"width: 39.9027%;\" colspan=\"1\" rowspan=\"1\">\n<div class=\"magic-19\"><span class=\"magic-14\">OD m\u00e1xima<\/span><\/div>\n<\/td>\n<td style=\"width: 19.2214%;\" colspan=\"1\" rowspan=\"1\">\n<div class=\"magic-17\"><span class=\"magic-14\">1250 mm<\/span><\/div>\n<\/td>\n<td style=\"width: 19.2214%;\" colspan=\"1\" rowspan=\"1\">\n<div class=\"magic-11\"><span class=\"magic-14\">2500 mm<\/span><\/div>\n<\/td>\n<td style=\"width: 153.285%;\" colspan=\"1\" rowspan=\"1\">\n<div class=\"magic-11\"><span class=\"magic-14\">2500 mm<\/span><\/div>\n<\/td>\n<\/tr>\n<tr>\n<td style=\"width: 39.9027%;\" colspan=\"1\" rowspan=\"1\">\n<div class=\"magic-19\"><span class=\"magic-14\">Identificaci\u00f3n m\u00ednima<\/span><\/div>\n<\/td>\n<td style=\"width: 19.2214%;\" colspan=\"1\" rowspan=\"1\">\n<div class=\"magic-17\"><span class=\"magic-14\">20 mm<\/span><\/div>\n<\/td>\n<td style=\"width: 19.2214%;\" colspan=\"1\" rowspan=\"1\">\n<div class=\"magic-11\"><span class=\"magic-14\">200 mm<\/span><\/div>\n<\/td>\n<td style=\"width: 153.285%;\" colspan=\"1\" rowspan=\"1\">\n<div class=\"magic-11\"><span class=\"magic-14\">20 mm<\/span><\/div>\n<\/td>\n<\/tr>\n<tr>\n<td style=\"width: 39.9027%;\" colspan=\"1\" rowspan=\"1\">\n<div class=\"magic-19\"><span class=\"magic-14\">Ancho m\u00e1ximo de la cara<\/span><\/div>\n<\/td>\n<td style=\"width: 19.2214%;\" colspan=\"1\" rowspan=\"1\">\n<div class=\"magic-17\"><span class=\"magic-14\">500 mm<\/span><\/div>\n<\/td>\n<td style=\"width: 19.2214%;\" colspan=\"1\" rowspan=\"1\">\n<div class=\"magic-11\"><span class=\"magic-14\">500 mm<\/span><\/div>\n<\/td>\n<td style=\"width: 153.285%;\" colspan=\"1\" rowspan=\"1\">\n<div class=\"magic-11\"><span class=\"magic-14\">1480 mm<\/span><\/div>\n<\/td>\n<\/tr>\n<tr>\n<td style=\"width: 39.9027%;\" colspan=\"1\" rowspan=\"1\">\n<div class=\"magic-19\"><span class=\"magic-14\">Paso diametral m\u00e1ximo<\/span><\/div>\n<\/td>\n<td style=\"width: 19.2214%;\" colspan=\"1\" rowspan=\"1\">\n<div class=\"magic-17\"><span class=\"magic-14\">DP 1<\/span><\/div>\n<\/td>\n<td style=\"width: 19.2214%;\" colspan=\"1\" rowspan=\"1\">\n<div class=\"magic-11\"><span class=\"magic-14\">DP 1<\/span><\/div>\n<\/td>\n<td style=\"width: 153.285%;\" colspan=\"1\" rowspan=\"1\">\n<div class=\"magic-11\"><span class=\"magic-14\">DP 0.5<\/span><\/div>\n<\/td>\n<\/tr>\n<tr>\n<td style=\"width: 39.9027%;\" colspan=\"1\" rowspan=\"1\">\n<div class=\"magic-19\"><span class=\"magic-14\">M\u00f3dulo m\u00e1ximo<\/span><\/div>\n<\/td>\n<td style=\"width: 19.2214%;\" colspan=\"1\" rowspan=\"1\">\n<div class=\"magic-17\"><span class=\"magic-14\">26 mil\u00edmetros<\/span><\/div>\n<\/td>\n<td style=\"width: 19.2214%;\" colspan=\"1\" rowspan=\"1\">\n<div class=\"magic-11\"><span class=\"magic-14\">26 mil\u00edmetros<\/span><\/div>\n<\/td>\n<td style=\"width: 153.285%;\" colspan=\"1\" rowspan=\"1\">\n<div class=\"magic-11\"><span class=\"magic-14\">45 mil\u00edmetros<\/span><\/div>\n<\/td>\n<\/tr>\n<tr>\n<td style=\"width: 39.9027%;\" colspan=\"1\" rowspan=\"1\">\n<div class=\"magic-19\"><span class=\"magic-14\">Grado AGMA \/ Grado DIN<\/span><\/div>\n<\/td>\n<td style=\"width: 19.2214%;\" colspan=\"1\" rowspan=\"1\">\n<div class=\"magic-17\"><span class=\"magic-14\">Grado DIN 8<\/span><\/div>\n<\/td>\n<td style=\"width: 19.2214%;\" colspan=\"1\" rowspan=\"1\">\n<div class=\"magic-11\"><span class=\"magic-14\">Grado DIN 8<\/span><\/div>\n<\/td>\n<td style=\"width: 153.285%;\" colspan=\"1\" rowspan=\"1\">\n<div class=\"magic-11\"><span class=\"magic-14\">Grado DIN 4<\/span><\/div>\n<\/td>\n<\/tr>\n<tr>\n<td style=\"width: 39.9027%;\" colspan=\"1\" rowspan=\"1\">\n<div class=\"magic-19\"><span class=\"magic-14\">Acabado de diente<\/span><\/div>\n<\/td>\n<td style=\"width: 19.2214%;\" colspan=\"1\" rowspan=\"1\">\n<div class=\"magic-17\"><span class=\"magic-14\">Ra 3.2<\/span><\/div>\n<\/td>\n<td style=\"width: 19.2214%;\" colspan=\"1\" rowspan=\"1\">\n<div class=\"magic-11\"><span class=\"magic-14\">Ra 3.2<\/span><\/div>\n<\/td>\n<td style=\"width: 153.285%;\" colspan=\"1\" rowspan=\"1\">\n<div class=\"magic-11\"><span class=\"magic-14\">Ra 0.6<\/span><\/div>\n<\/td>\n<\/tr>\n<tr>\n<td style=\"width: 39.9027%;\" colspan=\"1\" rowspan=\"1\">\n<div class=\"magic-19\"><span class=\"magic-14\">\u00c1ngulo m\u00e1ximo de h\u00e9lice<\/span><\/div>\n<\/td>\n<td style=\"width: 19.2214%;\" colspan=\"1\" rowspan=\"1\">\n<div class=\"magic-17\"><span class=\"magic-14\">\u00b145\u00b0<\/span><\/div>\n<\/td>\n<td style=\"width: 19.2214%;\" colspan=\"1\" rowspan=\"1\">\n<div class=\"magic-11\"><span class=\"magic-14\">\u00b145\u00b0<\/span><\/div>\n<\/td>\n<td style=\"width: 153.285%;\" colspan=\"1\" rowspan=\"1\">\n<div class=\"magic-11\"><span class=\"magic-14\">\u00b145\u00b0<\/span><\/div>\n<\/td>\n<\/tr>\n<\/tbody>\n<\/table>\n<div>\n<h2 dir=\"auto\">Oferta y relevancia local de FMP<\/h2>\n<p class=\"break-words\" dir=\"auto\">FMP se especializa en la fabricaci\u00f3n de una amplia gama de coronas dentadas, incluyendo dise\u00f1os helicoidales internos personalizados, y presta servicios a industrias en Mil\u00e1n, Venecia, Florencia y Bolonia. Si un modelo como la corona dentada helicoidal interna de \u00e1ngulo 7 no aparece en el cat\u00e1logo, los clientes pueden enviar sus especificaciones por correo electr\u00f3nico y los ingenieros de FMP responder\u00e1n en un plazo de 24 horas. Este servicio est\u00e1 adaptado al din\u00e1mico sector de la ingenier\u00eda en Italia, dando soporte a sectores como el automotriz en Bolonia y la fabricaci\u00f3n de precisi\u00f3n en Florencia.<\/p>\n<\/div>\n<\/div>\n<\/div>","protected":false},"excerpt":{"rendered":"<p>What is a Helical Angle 7 Internal Helical Ring Gear? An internal helical ring gear with a helix angle of 7 degrees has teeth cut at a low angle on the inside of a ring, designed for minimal axial thrust and smooth operation. This type is often used in planetary gear systems, such as those [&hellip;]<\/p>","protected":false},"featured_media":4589,"comment_status":"open","ping_status":"closed","template":"","meta":{"_et_pb_use_builder":"","_et_pb_old_content":"","_et_gb_content_width":""},"product_brand":[],"product_cat":[114],"product_tag":[],"class_list":{"0":"post-7748","1":"product","2":"type-product","3":"status-publish","4":"has-post-thumbnail","6":"product_cat-ring-gear","8":"first","9":"instock","10":"shipping-taxable","11":"product-type-simple"},"_links":{"self":[{"href":"https:\/\/fmp-components.com\/es\/wp-json\/wp\/v2\/product\/7748","targetHints":{"allow":["GET"]}}],"collection":[{"href":"https:\/\/fmp-components.com\/es\/wp-json\/wp\/v2\/product"}],"about":[{"href":"https:\/\/fmp-components.com\/es\/wp-json\/wp\/v2\/types\/product"}],"replies":[{"embeddable":true,"href":"https:\/\/fmp-components.com\/es\/wp-json\/wp\/v2\/comments?post=7748"}],"wp:featuredmedia":[{"embeddable":true,"href":"https:\/\/fmp-components.com\/es\/wp-json\/wp\/v2\/media\/4589"}],"wp:attachment":[{"href":"https:\/\/fmp-components.com\/es\/wp-json\/wp\/v2\/media?parent=7748"}],"wp:term":[{"taxonomy":"product_brand","embeddable":true,"href":"https:\/\/fmp-components.com\/es\/wp-json\/wp\/v2\/product_brand?post=7748"},{"taxonomy":"product_cat","embeddable":true,"href":"https:\/\/fmp-components.com\/es\/wp-json\/wp\/v2\/product_cat?post=7748"},{"taxonomy":"product_tag","embeddable":true,"href":"https:\/\/fmp-components.com\/es\/wp-json\/wp\/v2\/product_tag?post=7748"}],"curies":[{"name":"gracias","href":"https:\/\/api.w.org\/{rel}","templated":true}]}}