{"id":774,"date":"2024-12-18T06:44:58","date_gmt":"2024-12-18T06:44:58","guid":{"rendered":"https:\/\/fmp-components.com\/?page_id=8"},"modified":"2024-12-18T06:54:43","modified_gmt":"2024-12-18T06:54:43","slug":"hydraulic-cylinder-for-reach-stacker","status":"publish","type":"product","link":"https:\/\/fmp-components.com\/es\/product\/hydraulic-cylinder-for-reach-stacker\/","title":{"rendered":"Cilindro hidr\u00e1ulico para apilador retr\u00e1ctil"},"content":{"rendered":"<p style=\"text-align: center;\"><span style=\"font-size: 18pt;\">Cilindro hidr\u00e1ulico para apilador retr\u00e1ctil<\/span><\/p>\n<p>El cilindro hidr\u00e1ulico para apiladoras telesc\u00f3picas es un componente hidr\u00e1ulico esencial dise\u00f1ado para optimizar la capacidad de elevaci\u00f3n y extensi\u00f3n de estas m\u00e1quinas, utilizadas en operaciones log\u00edsticas y de manipulaci\u00f3n de contenedores. Este cilindro desempe\u00f1a un papel fundamental al permitir el movimiento suave y preciso de la pluma de la apiladora, facilitando la carga, descarga y apilamiento eficientes de contenedores y cargas pesadas.<\/p>\n<p><img loading=\"lazy\" decoding=\"async\" class=\"alignnone size-full wp-image-788\" src=\"https:\/\/fmp-components.com\/wp-content\/uploads\/2024\/12\/Reach-Stacker-Luffing-Cylinders-2.webp\" alt=\"Cilindros de elevaci\u00f3n del apilador de alcance 2\" width=\"870\" height=\"535\" title=\"\" srcset=\"https:\/\/fmp-components.com\/wp-content\/uploads\/2024\/12\/Reach-Stacker-Luffing-Cylinders-2.webp 870w, https:\/\/fmp-components.com\/wp-content\/uploads\/2024\/12\/Reach-Stacker-Luffing-Cylinders-2-480x295.webp 480w\" sizes=\"(min-width: 0px) and (max-width: 480px) 480px, (min-width: 481px) 870px, 100vw\" \/><\/p>\n<h4>Caracter\u00edsticas principales:<\/h4>\n<ul>\n<li><strong>Alta capacidad de carga:<\/strong> Dise\u00f1ado para soportar pesos significativos, este cilindro hidr\u00e1ulico garantiza un rendimiento fiable durante las operaciones de elevaci\u00f3n de cargas pesadas, lo cual es crucial para una gesti\u00f3n eficiente de la carga.<\/li>\n<li><strong>Construcci\u00f3n robusta:<\/strong> Fabricado con materiales de alta resistencia, est\u00e1 dise\u00f1ado para soportar las exigencias rigurosas de las operaciones de alta exigencia en entornos de transporte y log\u00edstica, garantizando una durabilidad y fiabilidad prolongadas.<\/li>\n<li><strong>Funcionamiento suave:<\/strong> El avanzado dise\u00f1o hidr\u00e1ulico permite movimientos fluidos y controlados, lo que facilita ajustes r\u00e1pidos durante los procesos de carga y descarga, a la vez que minimiza el desgaste del equipo.<\/li>\n<li><strong>Seguridad mejorada:<\/strong> Equipada con elementos de seguridad para evitar sobrecargas y garantizar un funcionamiento seguro, protegiendo tanto a los operarios como a la carga durante las tareas de manipulaci\u00f3n.<\/li>\n<li><strong>Aplicaci\u00f3n vers\u00e1til:<\/strong> Adecuado para diversas configuraciones de apiladoras de alcance, este cilindro hidr\u00e1ulico puede adaptarse a diferentes necesidades operativas, lo que lo convierte en una opci\u00f3n ideal para diversas tareas de manipulaci\u00f3n de contenedores.<\/li>\n<li><strong>Requisitos de bajo mantenimiento:<\/strong> Dise\u00f1ado para un desgaste m\u00ednimo, reduce la necesidad de un mantenimiento frecuente, lo que contribuye a una mayor productividad y a una reducci\u00f3n de los costes operativos.<\/li>\n<\/ul>\n<p>En resumen, el cilindro hidr\u00e1ulico para apiladoras de alcance es un componente vital que optimiza el rendimiento y la eficiencia de estas m\u00e1quinas, mejorando significativamente su eficacia en las operaciones de manipulaci\u00f3n de contenedores y log\u00edstica.<\/p>\n<h2>Cilindro telesc\u00f3pico de apilador de alcance<\/h2>\n<p><img loading=\"lazy\" decoding=\"async\" class=\"size-full wp-image-786 aligncenter\" src=\"https:\/\/fmp-components.com\/wp-content\/uploads\/2024\/12\/Reach-Stacker-Telescopic-Cylinder.webp\" alt=\"Cilindro telesc\u00f3pico de apilador de alcance\" width=\"500\" height=\"200\" title=\"\" srcset=\"https:\/\/fmp-components.com\/wp-content\/uploads\/2024\/12\/Reach-Stacker-Telescopic-Cylinder.webp 500w, https:\/\/fmp-components.com\/wp-content\/uploads\/2024\/12\/Reach-Stacker-Telescopic-Cylinder-480x192.webp 480w\" sizes=\"(min-width: 0px) and (max-width: 480px) 480px, (min-width: 481px) 500px, 100vw\" \/><\/p>\n<table style=\"width: 83.0024%; height: 162px;\" border=\"1\" cellspacing=\"0\" cellpadding=\"0\">\n<tbody>\n<tr>\n<td>Nombre del producto<\/td>\n<td>Cilindro telesc\u00f3pico de apilador de alcance<\/td>\n<\/tr>\n<tr>\n<td>Caracter\u00edsticas:<\/td>\n<td>Realizar el movimiento telesc\u00f3pico lineal de la pluma.<\/td>\n<\/tr>\n<tr>\n<td>Di\u00e1metro del orificio:<\/td>\n<td>200 mm \uff5e220 mm<\/td>\n<\/tr>\n<tr>\n<td>Di\u00e1metro de la varilla:<\/td>\n<td>150 mm \uff5e180 mm<br \/>\nCarrera \u2264 8000 mm<\/td>\n<\/tr>\n<tr>\n<td>Presi\u00f3n:<\/td>\n<td>M\u00e1ximo 30 MPa<\/td>\n<\/tr>\n<tr>\n<td>Aplicaciones:<\/td>\n<td>Apilador de alcance<\/td>\n<\/tr>\n<\/tbody>\n<\/table>\n<p><img loading=\"lazy\" decoding=\"async\" class=\"alignnone wp-image-790\" src=\"https:\/\/fmp-components.com\/wp-content\/uploads\/2024\/12\/Stacker-Telescopic-Cylinder.webp\" alt=\"Cilindro telesc\u00f3pico apilador\" width=\"761\" height=\"457\" title=\"\"><\/p>\n<p><img loading=\"lazy\" decoding=\"async\" class=\"alignnone wp-image-789\" src=\"https:\/\/fmp-components.com\/wp-content\/uploads\/2024\/12\/Stacker-Telescopic-Cylinder-1.webp\" alt=\"Cilindro telesc\u00f3pico apilador\" width=\"764\" height=\"383\" title=\"\"><\/p>\n<h2>Cilindro de elevaci\u00f3n de la apiladora de alcance<\/h2>\n<p><img loading=\"lazy\" decoding=\"async\" class=\"size-full wp-image-784 aligncenter\" src=\"https:\/\/fmp-components.com\/wp-content\/uploads\/2024\/12\/Reach-Stacker-Luffing-Cylinder-1.webp\" alt=\"Cilindro de elevaci\u00f3n de la apiladora de alcance\" width=\"500\" height=\"200\" title=\"\" srcset=\"https:\/\/fmp-components.com\/wp-content\/uploads\/2024\/12\/Reach-Stacker-Luffing-Cylinder-1.webp 500w, https:\/\/fmp-components.com\/wp-content\/uploads\/2024\/12\/Reach-Stacker-Luffing-Cylinder-1-480x192.webp 480w\" sizes=\"(min-width: 0px) and (max-width: 480px) 480px, (min-width: 481px) 500px, 100vw\" \/><\/p>\n<table style=\"width: 84.0327%; height: 185px;\" border=\"1\" cellspacing=\"0\" cellpadding=\"0\">\n<tbody>\n<tr>\n<td>Nombre del producto<\/td>\n<td>Cilindro de elevaci\u00f3n de la apiladora de alcance<\/td>\n<\/tr>\n<tr>\n<td>Caracter\u00edsticas:<\/td>\n<td>Comprende la inclinaci\u00f3n vertical de la pluma.<\/td>\n<\/tr>\n<tr>\n<td>Di\u00e1metro del orificio:<\/td>\n<td>100 mm \uff5e220 mm<\/td>\n<\/tr>\n<tr>\n<td>Di\u00e1metro de la varilla:<\/td>\n<td>60 mm \uff5e140 mm<br \/>\nCarrera \u2264 5000 mm<\/td>\n<\/tr>\n<tr>\n<td>Presi\u00f3n:<\/td>\n<td>M\u00e1ximo 30 MPa<\/td>\n<\/tr>\n<tr>\n<td>Aplicaciones:<\/td>\n<td>Apilador de alcance<\/td>\n<\/tr>\n<\/tbody>\n<\/table>\n<p><img loading=\"lazy\" decoding=\"async\" class=\"alignnone wp-image-782\" src=\"https:\/\/fmp-components.com\/wp-content\/uploads\/2024\/12\/Reach-Stacker-Luffing-Cylinder.webp\" alt=\"Cilindro de elevaci\u00f3n de la apiladora de alcance\" width=\"780\" height=\"285\" title=\"\" srcset=\"https:\/\/fmp-components.com\/wp-content\/uploads\/2024\/12\/Reach-Stacker-Luffing-Cylinder.webp 780w, https:\/\/fmp-components.com\/wp-content\/uploads\/2024\/12\/Reach-Stacker-Luffing-Cylinder-480x175.webp 480w\" sizes=\"(min-width: 0px) and (max-width: 480px) 480px, (min-width: 481px) 780px, 100vw\" \/><\/p>\n<p><img loading=\"lazy\" decoding=\"async\" class=\"alignnone wp-image-787\" src=\"https:\/\/fmp-components.com\/wp-content\/uploads\/2024\/12\/Reach-Stacker-Luffing-Cylinder-2.webp\" alt=\"Cilindro de elevaci\u00f3n del apilador de alcance 2\" width=\"774\" height=\"503\" title=\"\"><\/p>\n<h2>Cilindro de direcci\u00f3n de la apiladora retr\u00e1ctil<\/h2>\n<p><img loading=\"lazy\" decoding=\"async\" class=\"size-full wp-image-785 aligncenter\" src=\"https:\/\/fmp-components.com\/wp-content\/uploads\/2024\/12\/Reach-Stacker-Steering-Cylinder.webp\" alt=\"Cilindro de direcci\u00f3n de la apiladora retr\u00e1ctil\" width=\"500\" height=\"200\" title=\"\" srcset=\"https:\/\/fmp-components.com\/wp-content\/uploads\/2024\/12\/Reach-Stacker-Steering-Cylinder.webp 500w, https:\/\/fmp-components.com\/wp-content\/uploads\/2024\/12\/Reach-Stacker-Steering-Cylinder-480x192.webp 480w\" sizes=\"(min-width: 0px) and (max-width: 480px) 480px, (min-width: 481px) 500px, 100vw\" \/><\/p>\n<table style=\"width: 84.0349%; height: 200px;\" border=\"1\" cellspacing=\"0\" cellpadding=\"0\">\n<tbody>\n<tr style=\"height: 23px;\">\n<td style=\"height: 23px;\">Nombre del producto<\/td>\n<td style=\"height: 23px;\">Cilindro de elevaci\u00f3n de la apiladora de alcance<\/td>\n<\/tr>\n<tr style=\"height: 23px;\">\n<td style=\"height: 23px;\">Caracter\u00edsticas:<\/td>\n<td style=\"height: 23px;\">Realizar el ajuste de la direcci\u00f3n de los neum\u00e1ticos de la gr\u00faa<\/td>\n<\/tr>\n<tr style=\"height: 23px;\">\n<td style=\"height: 23px;\">Di\u00e1metro del orificio:<\/td>\n<td style=\"height: 23px;\">80 mm \uff5e200 mm<\/td>\n<\/tr>\n<tr style=\"height: 47px;\">\n<td style=\"height: 47px;\">Di\u00e1metro de la varilla:<\/td>\n<td style=\"height: 47px;\">60 mm \uff5e100 mm<br \/>\nCarrera \u2264 9500 mm<\/td>\n<\/tr>\n<tr style=\"height: 23px;\">\n<td style=\"height: 23px;\">Presi\u00f3n:<\/td>\n<td style=\"height: 23px;\">M\u00e1ximo 25 MPa<\/td>\n<\/tr>\n<tr style=\"height: 23px;\">\n<td style=\"height: 23px;\">Aplicaciones:<\/td>\n<td style=\"height: 23px;\">Apilador de alcance<\/td>\n<\/tr>\n<\/tbody>\n<\/table>\n<p><img loading=\"lazy\" decoding=\"async\" class=\"alignnone wp-image-793\" src=\"https:\/\/fmp-components.com\/wp-content\/uploads\/2024\/12\/Reach-Stacker-Steering-Cylinder-1.webp\" alt=\"Cilindro de direcci\u00f3n de la apiladora retr\u00e1ctil\" width=\"794\" height=\"269\" title=\"\" srcset=\"https:\/\/fmp-components.com\/wp-content\/uploads\/2024\/12\/Reach-Stacker-Steering-Cylinder-1.webp 794w, https:\/\/fmp-components.com\/wp-content\/uploads\/2024\/12\/Reach-Stacker-Steering-Cylinder-1-480x163.webp 480w\" sizes=\"(min-width: 0px) and (max-width: 480px) 480px, (min-width: 481px) 794px, 100vw\" \/><\/p>\n<p><img loading=\"lazy\" decoding=\"async\" class=\"alignnone size-full wp-image-794\" src=\"https:\/\/fmp-components.com\/wp-content\/uploads\/2024\/12\/Reach-Stacker-Steering-Cylinder1.webp\" alt=\"Cilindro de direcci\u00f3n de la apiladora retr\u00e1ctil1\" width=\"828\" height=\"297\" title=\"\" srcset=\"https:\/\/fmp-components.com\/wp-content\/uploads\/2024\/12\/Reach-Stacker-Steering-Cylinder1.webp 828w, https:\/\/fmp-components.com\/wp-content\/uploads\/2024\/12\/Reach-Stacker-Steering-Cylinder1-480x172.webp 480w\" sizes=\"(min-width: 0px) and (max-width: 480px) 480px, (min-width: 481px) 828px, 100vw\" \/><\/p>\n<h2>Ventajas del cilindro hidr\u00e1ulico de la apiladora retr\u00e1ctil<\/h2>\n<p>El cilindro hidr\u00e1ulico para apiladoras de alcance ofrece varias ventajas significativas que mejoran el rendimiento y la fiabilidad de las apiladoras de alcance en operaciones de log\u00edstica y manipulaci\u00f3n de contenedores.<\/p>\n<p>Una de sus principales ventajas es su elevada capacidad de carga, que permite al cilindro hidr\u00e1ulico levantar y maniobrar contenedores y cargas pesadas de forma segura. Esta capacidad resulta fundamental para una gesti\u00f3n eficiente de la carga en entornos log\u00edsticos y de transporte mar\u00edtimo de gran actividad.<\/p>\n<p>El cilindro proporciona un control preciso, lo que permite movimientos suaves y exactos de la pluma de la apiladora. Esta precisi\u00f3n ayuda a los operarios a posicionar los contenedores con exactitud, reduciendo el riesgo de accidentes y mejorando la eficiencia operativa general.<\/p>\n<p>Fabricado con materiales robustos, el cilindro hidr\u00e1ulico est\u00e1 dise\u00f1ado para soportar las exigentes condiciones de las operaciones de alta exigencia. Su durabilidad garantiza un rendimiento prolongado, incluso en entornos adversos, reduciendo la frecuencia de reparaciones y sustituciones.<\/p>\n<p>Otra ventaja son las caracter\u00edsticas de seguridad mejoradas integradas en el dise\u00f1o hidr\u00e1ulico. Estas caracter\u00edsticas ayudan a prevenir la sobrecarga y garantizan un funcionamiento seguro, protegiendo tanto el equipo como al personal durante las tareas de manipulaci\u00f3n.<\/p>\n<p>El cilindro hidr\u00e1ulico tambi\u00e9n facilita un funcionamiento suave, lo que minimiza el desgaste tanto del cilindro como de la propia apiladora. Este funcionamiento fluido mejora la productividad al permitir procesos de carga y descarga m\u00e1s r\u00e1pidos.<\/p>\n<p>Adem\u00e1s, la versatilidad del cilindro hidr\u00e1ulico permite su uso en varios modelos de apiladoras de alcance, lo que lo hace adaptable a diferentes necesidades operativas y mejora su utilidad en el manejo de contenedores.<\/p>\n<p>Por \u00faltimo, los bajos requisitos de mantenimiento del cilindro hidr\u00e1ulico contribuyen a reducir el tiempo de inactividad y los costes operativos. Su dise\u00f1o se centra en la fiabilidad y la durabilidad, lo que garantiza que las apiladoras de alcance funcionen de forma eficiente sin interrupciones frecuentes.<\/p>\n<p>En resumen, el cilindro hidr\u00e1ulico para apiladoras de alcance es esencial para optimizar la eficiencia, la seguridad y la fiabilidad de estas m\u00e1quinas, mejorando significativamente su rendimiento en las operaciones de manipulaci\u00f3n de contenedores y log\u00edstica.<\/p>\n<p><img loading=\"lazy\" decoding=\"async\" class=\"alignnone  wp-image-795\" src=\"https:\/\/fmp-components.com\/wp-content\/uploads\/2024\/12\/Choose-Reach-Stacker-Steering-Cylinder.webp\" alt=\"Cilindro de direcci\u00f3n del apilador de alcance de selecci\u00f3n\" width=\"853\" height=\"443\" title=\"\"><\/p>\n<h3>Acerca de FMP<\/h3>\n<p>FMP es una empresa especializada en la fabricaci\u00f3n de cilindros hidr\u00e1ulicos. Desde su fundaci\u00f3n, la empresa se ha centrado en la investigaci\u00f3n y fabricaci\u00f3n de tecnolog\u00eda hidr\u00e1ulica, pasando de una gama de productos diversificada que inclu\u00eda maquinaria de cosecha y construcci\u00f3n a una especializaci\u00f3n en componentes para tractores agr\u00edcolas. Con m\u00e1s de una d\u00e9cada de experiencia en fabricaci\u00f3n y gesti\u00f3n, FMP garantiza productos de alta calidad mediante t\u00e9cnicas de producci\u00f3n avanzadas.<\/p>\n<p>A medida que la empresa ha evolucionado, ha desarrollado una l\u00ednea integral de producci\u00f3n de mecanizado, una l\u00ednea de ensamblaje y una l\u00ednea de recubrimiento. Nuestro equipo est\u00e1 formado por personal directivo cualificado, dise\u00f1adores mec\u00e1nicos con amplia experiencia y t\u00e9cnicos altamente capacitados que trabajan en equipo para mantener una calidad de producci\u00f3n estable, a la vez que controlan eficazmente la continuidad y la eficiencia del proceso.<\/p>\n<p>FMP defiende la filosof\u00eda de \u00abInnovaci\u00f3n tecnol\u00f3gica que impulsa el progreso, calidad que crea marcas, artesan\u00eda que garantiza la calidad y relaciones mutuamente beneficiosas a largo plazo\u00bb. Nuestro compromiso de ofrecer productos de alta calidad y un servicio al cliente superior sigue siendo un objetivo fundamental para satisfacer las cambiantes necesidades del mercado.<\/p>\n<p><img loading=\"lazy\" decoding=\"async\" class=\"alignnone size-full wp-image-426\" src=\"https:\/\/fmp-components.com\/wp-content\/uploads\/2024\/12\/Sanitation-Machinery-Locking-Hydraulic-Cylinder-factory.webp\" sizes=\"(min-width: 0px) and (max-width: 480px) 480px, (min-width: 481px) and (max-width: 980px) 980px, (min-width: 981px) and (max-width: 1280px) 1280px, (min-width: 1281px) 1414px, 100vw\" srcset=\"https:\/\/fmp-components.com\/wp-content\/uploads\/2024\/12\/Sanitation-Machinery-Locking-Hydraulic-Cylinder-factory.webp 1414w, https:\/\/fmp-components.com\/wp-content\/uploads\/2024\/12\/Sanitation-Machinery-Locking-Hydraulic-Cylinder-factory-1280x529.webp 1280w, https:\/\/fmp-components.com\/wp-content\/uploads\/2024\/12\/Sanitation-Machinery-Locking-Hydraulic-Cylinder-factory-980x405.webp 980w, https:\/\/fmp-components.com\/wp-content\/uploads\/2024\/12\/Sanitation-Machinery-Locking-Hydraulic-Cylinder-factory-480x198.webp 480w\" alt=\"F\u00e1brica de cilindros hidr\u00e1ulicos de bloqueo de maquinaria de saneamiento\" width=\"1414\" height=\"584\" title=\"\"><\/p>\n<p>Autor: CX<\/p>","protected":false},"excerpt":{"rendered":"<p>El cilindro hidr\u00e1ulico para apiladoras telesc\u00f3picas es un componente hidr\u00e1ulico vital dise\u00f1ado para proporcionar la fuerza de elevaci\u00f3n y extensi\u00f3n necesaria para la pluma de la apiladora. Este cilindro permite movimientos suaves y precisos, lo que facilita a los operadores la elevaci\u00f3n, el descenso y la extensi\u00f3n eficientes de los brazos de la apiladora para manipular contenedores y cargas pesadas con facilidad. Fabricado con materiales de alta resistencia, est\u00e1 dise\u00f1ado para soportar las exigencias de las operaciones intensivas en entornos log\u00edsticos y de transporte mar\u00edtimo, garantizando su durabilidad y fiabilidad. Su avanzado dise\u00f1o hidr\u00e1ulico facilita ajustes r\u00e1pidos y un mayor control, mejorando la eficiencia operativa y la seguridad durante las tareas de manipulaci\u00f3n de contenedores. Este cilindro hidr\u00e1ulico es esencial para optimizar el rendimiento de las apiladoras telesc\u00f3picas, contribuyendo significativamente a una gesti\u00f3n eficaz de la carga en puertos y almacenes.<\/p>","protected":false},"featured_media":783,"comment_status":"open","ping_status":"closed","template":"","meta":{"_et_pb_use_builder":"","_et_pb_old_content":"","_et_gb_content_width":""},"product_brand":[],"product_cat":[28],"product_tag":[],"class_list":{"0":"post-774","1":"product","2":"type-product","3":"status-publish","4":"has-post-thumbnail","6":"product_cat-offshore-hydraulic-cylinders","8":"first","9":"instock","10":"shipping-taxable","11":"product-type-simple"},"_links":{"self":[{"href":"https:\/\/fmp-components.com\/es\/wp-json\/wp\/v2\/product\/774","targetHints":{"allow":["GET"]}}],"collection":[{"href":"https:\/\/fmp-components.com\/es\/wp-json\/wp\/v2\/product"}],"about":[{"href":"https:\/\/fmp-components.com\/es\/wp-json\/wp\/v2\/types\/product"}],"replies":[{"embeddable":true,"href":"https:\/\/fmp-components.com\/es\/wp-json\/wp\/v2\/comments?post=774"}],"wp:featuredmedia":[{"embeddable":true,"href":"https:\/\/fmp-components.com\/es\/wp-json\/wp\/v2\/media\/783"}],"wp:attachment":[{"href":"https:\/\/fmp-components.com\/es\/wp-json\/wp\/v2\/media?parent=774"}],"wp:term":[{"taxonomy":"product_brand","embeddable":true,"href":"https:\/\/fmp-components.com\/es\/wp-json\/wp\/v2\/product_brand?post=774"},{"taxonomy":"product_cat","embeddable":true,"href":"https:\/\/fmp-components.com\/es\/wp-json\/wp\/v2\/product_cat?post=774"},{"taxonomy":"product_tag","embeddable":true,"href":"https:\/\/fmp-components.com\/es\/wp-json\/wp\/v2\/product_tag?post=774"}],"curies":[{"name":"gracias","href":"https:\/\/api.w.org\/{rel}","templated":true}]}}