{"id":7721,"date":"2025-04-03T05:48:55","date_gmt":"2025-04-03T05:48:55","guid":{"rendered":"https:\/\/fmp-components.com\/?post_type=product&#038;p=7721"},"modified":"2025-04-03T05:54:27","modified_gmt":"2025-04-03T05:54:27","slug":"internal-planetary-gear","status":"publish","type":"product","link":"https:\/\/fmp-components.com\/es\/product\/internal-planetary-gear\/","title":{"rendered":"Engranaje planetario interno"},"content":{"rendered":"<h2>Engranajes planetarios internos: precisi\u00f3n y potencia de FMP<\/h2>\n<p>Los engranajes planetarios internos, un componente vital de los mecanismos de engranajes planetarios, son reconocidos por su capacidad para ofrecer un alto par y una reducci\u00f3n precisa de la velocidad en dise\u00f1os compactos. Estos sistemas cuentan con un engranaje solar central, engranajes planetarios orbitales y una corona dentada interna que engrana internamente con los engranajes planetarios. Esta configuraci\u00f3n \u00fanica hace que los engranajes planetarios internos sean esenciales para industrias de toda Italia, desde los talleres automotrices de Mil\u00e1n hasta los centros de maquinaria de Bolonia. En FMP, nos especializamos en la fabricaci\u00f3n de estos avanzados sistemas de engranajes, ofreciendo soluciones a medida para satisfacer las diversas necesidades de nuestros clientes.<\/p>\n<div>\n<h3>\u00bfQu\u00e9 son los engranajes planetarios internos?<\/h3>\n<p class=\"break-words\">Un sistema de engranajes planetarios internos consta de:<\/p>\n<ul class=\"marker:text-secondary\">\n<li class=\"break-words\"><strong>Sun Gear<\/strong>:El engranaje central que impulsa el mecanismo.<\/li>\n<li class=\"break-words\"><strong>Engranajes planetarios<\/strong>:Engranajes que orbitan alrededor del engranaje solar, conectados por un portador.<\/li>\n<li class=\"break-words\"><strong>Engranaje interno (engranaje anular)<\/strong>:Un engranaje con dientes en su superficie interior, que engranan con los engranajes planetarios.<\/li>\n<\/ul>\n<p class=\"break-words\">A diferencia de los sistemas de engranajes externos, el dise\u00f1o de engranajes internos permite relaciones de reducci\u00f3n m\u00e1s altas en un espacio reducido, lo que lo hace ideal para aplicaciones que requieren eficiencia energ\u00e9tica y de espacio. Al fijar diferentes componentes (como el engranaje interno o el portador), el sistema puede lograr diferentes relaciones de reducci\u00f3n, lo que ofrece flexibilidad a los ingenieros de todo el mundo.<\/p>\n<\/div>\n<h3>Especificaci\u00f3n<\/h3>\n<table style=\"width: 100%;\" border=\"1\" width=\"100%\" cellspacing=\"0\" cellpadding=\"0\">\n<tbody>\n<tr>\n<td width=\"80\">N\u00famero de modelo<\/td>\n<td width=\"531\">M3, M4, M5, M8, M12 y etc.<\/td>\n<\/tr>\n<tr>\n<td width=\"80\">Material<\/td>\n<td width=\"531\">Lat\u00f3n, acero C45, acero inoxidable, cobre, POM, aluminio, aleaci\u00f3n, etc.<\/td>\n<\/tr>\n<tr>\n<td rowspan=\"2\" width=\"80\">Tratamiento de superficies<\/td>\n<td width=\"531\">Zincado, Niquelado, Pasivaci\u00f3n, Oxidaci\u00f3n, Anodizaci\u00f3n,<\/td>\n<\/tr>\n<tr>\n<td width=\"531\">Geomet, Dacromet, \u00f3xido negro, fosfataci\u00f3n, recubrimiento en polvo y electroforesis<\/td>\n<\/tr>\n<tr>\n<td width=\"80\">Est\u00e1ndar<\/td>\n<td width=\"531\">ISO, DIN, ANSI, JIS, BS y no est\u00e1ndar.<\/td>\n<\/tr>\n<tr>\n<td width=\"80\">Precisi\u00f3n<\/td>\n<td width=\"531\">DIN6,DIN7,DIN8,DIN9.<\/td>\n<\/tr>\n<tr>\n<td width=\"80\">Tratamiento dental<\/td>\n<td width=\"531\">Endurecido, fresado o rectificado<\/td>\n<\/tr>\n<tr>\n<td width=\"80\">Tolerancia<\/td>\n<td width=\"531\">0,001 mm-0,01 mm-0,1 mm<\/td>\n<\/tr>\n<tr>\n<td width=\"80\">Finalizar<\/td>\n<td width=\"531\">granallado\/chorro de arena, tratamiento t\u00e9rmico, recocido, templado, pulido, anodizado, galvanizado<\/td>\n<\/tr>\n<tr>\n<td width=\"80\">Embalaje de art\u00edculos<\/td>\n<td width=\"531\">Bolsa de pl\u00e1stico + cajas de cart\u00f3n o embalaje de madera<\/td>\n<\/tr>\n<tr>\n<td width=\"80\">Plazo de producci\u00f3n<\/td>\n<td width=\"531\">20 d\u00edas h\u00e1biles para la muestra, 25 d\u00edas para el volumen<\/td>\n<\/tr>\n<tr>\n<td rowspan=\"8\" width=\"80\">Solicitud<\/td>\n<td width=\"531\">1. M\u00e1quina de control autom\u00e1tico<\/td>\n<\/tr>\n<tr>\n<td width=\"531\">2. Industria de semiconductores<\/td>\n<\/tr>\n<tr>\n<td width=\"531\">3. Maquinaria para la industria general<\/td>\n<\/tr>\n<tr>\n<td width=\"531\">4. Equipo m\u00e9dico<\/td>\n<\/tr>\n<tr>\n<td width=\"531\">5. Equipos de energ\u00eda solar<\/td>\n<\/tr>\n<tr>\n<td width=\"531\">6. M\u00e1quina herramienta<\/td>\n<\/tr>\n<tr>\n<td width=\"531\">7. Sistema de estacionamiento<\/td>\n<\/tr>\n<tr>\n<td width=\"531\">8. Equipos de transporte ferroviario y a\u00e9reo de alta velocidad, etc.<\/td>\n<\/tr>\n<\/tbody>\n<\/table>\n<div>\n<h3>\u00bfPor qu\u00e9 elegir engranajes planetarios internos?<\/h3>\n<p class=\"break-words\">Los beneficios de los engranajes planetarios internos incluyen:<\/p>\n<ul class=\"marker:text-secondary\">\n<li class=\"break-words\"><strong>Altas relaciones de reducci\u00f3n<\/strong>:Se logra mediante la interacci\u00f3n del engranaje interno con los engranajes planetarios.<\/li>\n<li class=\"break-words\"><strong>Tama\u00f1o compacto<\/strong>:Perfecto para aplicaciones con limitaciones de espacio.<\/li>\n<li class=\"break-words\"><strong>Salida de par robusta<\/strong>:Ideal para tareas pesadas.<\/li>\n<li class=\"break-words\"><strong>Versatilidad<\/strong>:Las configuraciones ajustables se adaptan a una variedad de necesidades.<\/li>\n<\/ul>\n<p class=\"break-words\">Para las empresas del sector automovil\u00edstico de Mil\u00e1n o de las zonas industriales de Florencia, estas ventajas se traducen en mayor eficiencia y durabilidad.<\/p>\n<h2>FMP: Su experto en engranajes planetarios internos en Italia<\/h2>\n<p class=\"break-words\">En FMP, nos enorgullecemos de ser un fabricante l\u00edder de engranajes planetarios internos, con clientes desde Venecia hasta Bolonia. Nuestra oferta incluye:<\/p>\n<ul class=\"marker:text-secondary\">\n<li class=\"break-words\"><strong>Gama diversa<\/strong>:Producimos varios tipos de engranajes planetarios internos, desde dise\u00f1os est\u00e1ndar hasta sistemas complejos.<\/li>\n<li class=\"break-words\"><strong>Personalizaci\u00f3n<\/strong>\u00bfNecesita una soluci\u00f3n a medida? Nuestros ingenieros pueden dise\u00f1ar y fabricar engranajes planetarios internos personalizados seg\u00fan sus especificaciones.<\/li>\n<li class=\"break-words\"><strong>Artesan\u00eda de precisi\u00f3n<\/strong>Aprovechando tecnolog\u00eda avanzada, garantizamos que cada engranaje cumpla con estrictos est\u00e1ndares de calidad.<\/li>\n<\/ul>\n<table style=\"width: 100.875%; height: 89px;\" border=\"0\" width=\"240\" cellspacing=\"0\" cellpadding=\"0\">\n<tbody>\n<tr>\n<td width=\"80\" height=\"24\"><img loading=\"lazy\" decoding=\"async\" class=\"size-full wp-image-7717 aligncenter\" src=\"https:\/\/fmp-components.com\/wp-content\/uploads\/2025\/04\/Planetary-Gear-set-factory-2-scaled.webp\" sizes=\"(min-width: 0px) and (max-width: 480px) 480px, (min-width: 481px) and (max-width: 980px) 980px, (min-width: 981px) and (max-width: 1280px) 1280px, (min-width: 1281px) 2560px, 100vw\" srcset=\"https:\/\/fmp-components.com\/wp-content\/uploads\/2025\/04\/Planetary-Gear-set-factory-2-scaled.webp 2560w, https:\/\/fmp-components.com\/wp-content\/uploads\/2025\/04\/Planetary-Gear-set-factory-2-1280x1280.webp 1280w, https:\/\/fmp-components.com\/wp-content\/uploads\/2025\/04\/Planetary-Gear-set-factory-2-980x980.webp 980w, https:\/\/fmp-components.com\/wp-content\/uploads\/2025\/04\/Planetary-Gear-set-factory-2-480x480.webp 480w\" alt=\"\u884c\u661f\u9f7f\u8f6e\u7ec4\u5de5\u5382\" width=\"2560\" height=\"2560\" title=\"\"><\/td>\n<td width=\"80\"><img loading=\"lazy\" decoding=\"async\" class=\"size-full wp-image-7718 aligncenter\" src=\"https:\/\/fmp-components.com\/wp-content\/uploads\/2025\/04\/Planetary-Gear-set-factory-4.webp\" sizes=\"(min-width: 0px) and (max-width: 480px) 480px, (min-width: 481px) 600px, 100vw\" srcset=\"https:\/\/fmp-components.com\/wp-content\/uploads\/2025\/04\/Planetary-Gear-set-factory-4.webp 600w, https:\/\/fmp-components.com\/wp-content\/uploads\/2025\/04\/Planetary-Gear-set-factory-4-480x480.webp 480w\" alt=\"\u884c\u661f\u9f7f\u8f6e\u7ec4\u5de5\u5382\" width=\"600\" height=\"600\" title=\"\"><\/td>\n<td width=\"80\"><strong><img loading=\"lazy\" decoding=\"async\" class=\"size-full wp-image-7719 aligncenter\" src=\"https:\/\/fmp-components.com\/wp-content\/uploads\/2025\/04\/Planetary-Gear-set-factory-1-scaled.webp\" sizes=\"(min-width: 0px) and (max-width: 480px) 480px, (min-width: 481px) and (max-width: 980px) 980px, (min-width: 981px) and (max-width: 1280px) 1280px, (min-width: 1281px) 2560px, 100vw\" srcset=\"https:\/\/fmp-components.com\/wp-content\/uploads\/2025\/04\/Planetary-Gear-set-factory-1-scaled.webp 2560w, https:\/\/fmp-components.com\/wp-content\/uploads\/2025\/04\/Planetary-Gear-set-factory-1-1280x1280.webp 1280w, https:\/\/fmp-components.com\/wp-content\/uploads\/2025\/04\/Planetary-Gear-set-factory-1-980x980.webp 980w, https:\/\/fmp-components.com\/wp-content\/uploads\/2025\/04\/Planetary-Gear-set-factory-1-480x480.webp 480w\" alt=\"\u884c\u661f\u9f7f\u8f6e\u7ec4\u5de5\u5382\" width=\"2560\" height=\"2560\" title=\"\"><\/strong><\/td>\n<\/tr>\n<\/tbody>\n<\/table>\n<\/div>","protected":false},"excerpt":{"rendered":"<p>Internal Planetary Gears: Precision and Power by FMP Internal planetary gears, a vital component of planetary gear mechanisms, are renowned for their ability to deliver high torque and precise speed reduction in compact designs. These systems feature a central sun gear, orbiting planet gears, and an internal ring gear that meshes internally with the planet [&hellip;]<\/p>","protected":false},"featured_media":4625,"comment_status":"open","ping_status":"closed","template":"","meta":{"_et_pb_use_builder":"","_et_pb_old_content":"","_et_gb_content_width":""},"product_brand":[],"product_cat":[113],"product_tag":[],"class_list":{"0":"post-7721","1":"product","2":"type-product","3":"status-publish","4":"has-post-thumbnail","6":"product_cat-planetary-gear","8":"first","9":"instock","10":"shipping-taxable","11":"product-type-simple"},"_links":{"self":[{"href":"https:\/\/fmp-components.com\/es\/wp-json\/wp\/v2\/product\/7721","targetHints":{"allow":["GET"]}}],"collection":[{"href":"https:\/\/fmp-components.com\/es\/wp-json\/wp\/v2\/product"}],"about":[{"href":"https:\/\/fmp-components.com\/es\/wp-json\/wp\/v2\/types\/product"}],"replies":[{"embeddable":true,"href":"https:\/\/fmp-components.com\/es\/wp-json\/wp\/v2\/comments?post=7721"}],"wp:featuredmedia":[{"embeddable":true,"href":"https:\/\/fmp-components.com\/es\/wp-json\/wp\/v2\/media\/4625"}],"wp:attachment":[{"href":"https:\/\/fmp-components.com\/es\/wp-json\/wp\/v2\/media?parent=7721"}],"wp:term":[{"taxonomy":"product_brand","embeddable":true,"href":"https:\/\/fmp-components.com\/es\/wp-json\/wp\/v2\/product_brand?post=7721"},{"taxonomy":"product_cat","embeddable":true,"href":"https:\/\/fmp-components.com\/es\/wp-json\/wp\/v2\/product_cat?post=7721"},{"taxonomy":"product_tag","embeddable":true,"href":"https:\/\/fmp-components.com\/es\/wp-json\/wp\/v2\/product_tag?post=7721"}],"curies":[{"name":"gracias","href":"https:\/\/api.w.org\/{rel}","templated":true}]}}