{"id":751,"date":"2024-12-18T05:37:50","date_gmt":"2024-12-18T05:37:50","guid":{"rendered":"https:\/\/fmp-components.com\/?page_id=8"},"modified":"2024-12-18T05:39:02","modified_gmt":"2024-12-18T05:39:02","slug":"pile-driving-barge-luffing-cylinder","status":"publish","type":"product","link":"https:\/\/fmp-components.com\/es\/product\/pile-driving-barge-luffing-cylinder\/","title":{"rendered":"Cilindro de abatimiento de barcazas para hincar pilotes"},"content":{"rendered":"<p style=\"text-align: center;\"><span style=\"font-size: 18pt;\">Cilindro de abatimiento de barcazas para hincar pilotes<\/span><\/p>\n<p>El cilindro de abatimiento de la barcaza de hinca de pilotes es un componente hidr\u00e1ulico esencial dise\u00f1ado para permitir el movimiento de abatimiento del brazo de la gr\u00faa en las barcazas de hinca de pilotes. Este cilindro desempe\u00f1a un papel crucial al proporcionar la fuerza necesaria para subir y bajar el brazo de la gr\u00faa, lo que permite un posicionamiento preciso del hinca de pilotes durante las operaciones de instalaci\u00f3n.<\/p>\n<p><img loading=\"lazy\" decoding=\"async\" class=\"alignnone size-full wp-image-754\" src=\"https:\/\/fmp-components.com\/wp-content\/uploads\/2024\/12\/Pile-Driving-Barge-Luffing-Cylinder-1-1.webp\" alt=\"Cilindro de abatimiento de barcaza para hincar pilotes 1\" width=\"1024\" height=\"675\" title=\"\" srcset=\"https:\/\/fmp-components.com\/wp-content\/uploads\/2024\/12\/Pile-Driving-Barge-Luffing-Cylinder-1-1.webp 1024w, https:\/\/fmp-components.com\/wp-content\/uploads\/2024\/12\/Pile-Driving-Barge-Luffing-Cylinder-1-1-980x646.webp 980w, https:\/\/fmp-components.com\/wp-content\/uploads\/2024\/12\/Pile-Driving-Barge-Luffing-Cylinder-1-1-480x316.webp 480w\" sizes=\"(min-width: 0px) and (max-width: 480px) 480px, (min-width: 481px) and (max-width: 980px) 980px, (min-width: 981px) 1024px, 100vw\" \/><\/p>\n<h4>Caracter\u00edsticas principales:<\/h4>\n<ul>\n<li><strong>Alta capacidad de carga:<\/strong> Dise\u00f1ado para manejar cargas significativas, el cilindro de elevaci\u00f3n garantiza movimientos estables y controlados del brazo de la gr\u00faa durante las actividades de hincado de pilotes.<\/li>\n<li><strong>Construcci\u00f3n robusta:<\/strong> Fabricado con materiales de alta resistencia, este cilindro est\u00e1 dise\u00f1ado para soportar los duros entornos marinos y las altas presiones asociadas con las operaciones de hincado de pilotes, lo que garantiza una larga durabilidad y confiabilidad.<\/li>\n<li><strong>Funcionamiento suave:<\/strong> El dise\u00f1o hidr\u00e1ulico avanzado permite ajustes suaves y eficientes, facilitando el posicionamiento r\u00e1pido y preciso del equipo de hincado de pilotes.<\/li>\n<li><strong>Seguridad mejorada:<\/strong> Equipado con mecanismos de seguridad que evitan la sobreextensi\u00f3n y garantizan un funcionamiento seguro, contribuyendo a la seguridad general de las operaciones de hincado de pilotes.<\/li>\n<li><strong>Aplicaci\u00f3n vers\u00e1til:<\/strong> Adecuado para varios tipos de barcazas de hincado de pilotes, este cilindro abatible puede adaptarse a diferentes necesidades operativas, lo que lo hace ideal para diversos proyectos de construcci\u00f3n marina.<\/li>\n<li><strong>Requisitos de bajo mantenimiento:<\/strong> Dise\u00f1ado para un desgaste m\u00ednimo, reduce la necesidad de mantenimiento frecuente, lo que contribuye a aumentar la productividad y reducir los costos operativos.<\/li>\n<\/ul>\n<p>El cilindro de abatimiento para barcazas de hincado de pilotes es indispensable para optimizar el rendimiento de las operaciones de hincado de pilotes, mejorando significativamente la eficiencia y eficacia de los proyectos de construcci\u00f3n de cimientos e ingenier\u00eda marina.<\/p>\n<h2>Cilindro de abatimiento de barcazas para hincar pilotes<\/h2>\n<p><img loading=\"lazy\" decoding=\"async\" class=\"size-full wp-image-753 aligncenter\" src=\"https:\/\/fmp-components.com\/wp-content\/uploads\/2024\/12\/Pile-Driving-Barge-Luffing-Cylinder-1.webp\" alt=\"Cilindro de abatimiento de barcazas para hincar pilotes\" width=\"600\" height=\"600\" title=\"\" srcset=\"https:\/\/fmp-components.com\/wp-content\/uploads\/2024\/12\/Pile-Driving-Barge-Luffing-Cylinder-1.webp 600w, https:\/\/fmp-components.com\/wp-content\/uploads\/2024\/12\/Pile-Driving-Barge-Luffing-Cylinder-1-480x480.webp 480w\" sizes=\"(min-width: 0px) and (max-width: 480px) 480px, (min-width: 481px) 600px, 100vw\" \/><\/p>\n<table style=\"width: 97.7861%; height: 234px;\" border=\"1\" cellspacing=\"0\" cellpadding=\"0\">\n<tbody>\n<tr style=\"height: 23px;\">\n<td style=\"height: 23px; width: 12.6359%;\">Nombre del producto<\/td>\n<td style=\"height: 23px; width: 110.054%;\">Cilindro de abatimiento de barcazas para hincar pilotes<\/td>\n<\/tr>\n<tr style=\"height: 47px;\">\n<td style=\"height: 47px; width: 12.6359%;\">Caracter\u00edsticas:<\/td>\n<td style=\"height: 47px; width: 110.054%;\">Balancea el marco del pilote y soporta la carga, y la fuerza externa recibida no solo es grande sino tambi\u00e9n compleja.<\/td>\n<\/tr>\n<tr style=\"height: 47px;\">\n<td style=\"height: 47px; width: 12.6359%;\">Di\u00e1metro del orificio:<\/td>\n<td style=\"height: 47px; width: 110.054%;\">Hasta 1400 mm<\/td>\n<\/tr>\n<tr style=\"height: 47px;\">\n<td style=\"height: 47px; width: 12.6359%;\">Di\u00e1metro de la varilla:<\/td>\n<td style=\"height: 47px; width: 110.054%;\">Hasta 900 mm<br \/>\nCarrera hasta 15500 mm<\/td>\n<\/tr>\n<tr style=\"height: 47px;\">\n<td style=\"height: 47px; width: 12.6359%;\">Fuerza de empuje:<\/td>\n<td style=\"height: 47px; width: 110.054%;\">28465KN<br \/>\n(presi\u00f3n 25MPa)<\/td>\n<\/tr>\n<tr style=\"height: 23px;\">\n<td style=\"height: 23px; width: 12.6359%;\">Aplicaciones:<\/td>\n<td style=\"height: 23px; width: 110.054%;\">Plataforma offshore autoelevable<\/td>\n<\/tr>\n<\/tbody>\n<\/table>\n<h2>Aplicaciones del cilindro de abatimiento de barcazas para hincado de pilotes<\/h2>\n<p>El cilindro de abatimiento para barcazas de hincado de pilotes se utiliza en diversos proyectos de construcci\u00f3n naval y de hincado de pilotes, desempe\u00f1ando un papel fundamental para garantizar la estabilidad y seguridad de diversas estructuras. A continuaci\u00f3n, se presentan algunas aplicaciones clave:<\/p>\n<p>En la construcci\u00f3n de puentes, los cilindros de abatimiento son esenciales para hincar pilotes en el lecho fluvial o marino, creando cimentaciones robustas para los pilares y estribos. Este proceso es crucial para garantizar la integridad de la estructura del puente.<\/p>\n<p>Para la construcci\u00f3n de muelles y embarcaderos, estos cilindros facilitan la instalaci\u00f3n de pilotes que forman cimentaciones estables para muelles, embarcaderos y otras estructuras costeras. Al anclar firmemente estas cimentaciones, pueden soportar las cargas impuestas por los buques y los equipos de manipulaci\u00f3n de carga.<\/p>\n<p>En el desarrollo de parques e\u00f3licos marinos, se emplean cilindros de abatimiento para instalar cimentaciones monopilote para aerogeneradores. Su precisa capacidad de posicionamiento permite hincar los pilotes con precisi\u00f3n en el lecho marino, garantizando una base segura para los aerogeneradores.<\/p>\n<p>En la construcci\u00f3n de estructuras de muelles y delfines, cruciales para el amarre de buques y la protecci\u00f3n de los puertos, se utilizan cilindros de abatimiento para hincar pilotes en el agua o el lecho marino. Esto crea cimientos duraderos que resisten las fuerzas ejercidas por el agua y los buques.<\/p>\n<p>En la construcci\u00f3n de plataformas petroleras y de gas, los cilindros de abatimiento son cruciales para hincar pilotes en el lecho marino, formando la base de la estructura de soporte de la plataforma. Esto garantiza la estabilidad y la seguridad de la plataforma en condiciones marinas adversas.<\/p>\n<p>Adem\u00e1s, en proyectos de expansi\u00f3n y dragado de puertos, los cilindros de abatimiento facilitan la instalaci\u00f3n de nuevos pilotes o la sustituci\u00f3n de los existentes. Esto es vital para modernizar la infraestructura y dar cabida a buques de mayor tama\u00f1o, aumentar la capacidad portuaria y optimizar los canales de navegaci\u00f3n.<\/p>\n<p>En general, la versatilidad y eficacia del cilindro de abatimiento para barcazas de hincado de pilotes lo convierten en una herramienta indispensable en diversas aplicaciones de construcci\u00f3n marina.<\/p>\n<p><img loading=\"lazy\" decoding=\"async\" class=\"alignnone wp-image-752\" src=\"https:\/\/fmp-components.com\/wp-content\/uploads\/2024\/12\/Pile-Driving-Barge-Luffing-Cylinder.webp\" alt=\"Cilindro de abatimiento de barcazas para hincar pilotes\" width=\"955\" height=\"480\" title=\"\" srcset=\"https:\/\/fmp-components.com\/wp-content\/uploads\/2024\/12\/Pile-Driving-Barge-Luffing-Cylinder.webp 955w, https:\/\/fmp-components.com\/wp-content\/uploads\/2024\/12\/Pile-Driving-Barge-Luffing-Cylinder-480x241.webp 480w\" sizes=\"(min-width: 0px) and (max-width: 480px) 480px, (min-width: 481px) 955px, 100vw\" \/><\/p>\n<h3>Acerca de FMP<\/h3>\n<p>FMP es una empresa especializada en la fabricaci\u00f3n de cilindros hidr\u00e1ulicos. Desde su fundaci\u00f3n, la empresa se ha centrado en la investigaci\u00f3n y fabricaci\u00f3n de tecnolog\u00eda hidr\u00e1ulica, pasando de una gama de productos diversificada que inclu\u00eda maquinaria de cosecha y construcci\u00f3n a una especializaci\u00f3n en componentes para tractores agr\u00edcolas. Con m\u00e1s de una d\u00e9cada de experiencia en fabricaci\u00f3n y gesti\u00f3n, FMP garantiza productos de alta calidad mediante t\u00e9cnicas de producci\u00f3n avanzadas.<\/p>\n<p>A medida que la empresa ha evolucionado, ha desarrollado una l\u00ednea integral de producci\u00f3n de mecanizado, una l\u00ednea de ensamblaje y una l\u00ednea de recubrimiento. Nuestro equipo est\u00e1 formado por personal directivo cualificado, dise\u00f1adores mec\u00e1nicos con amplia experiencia y t\u00e9cnicos altamente capacitados que trabajan en equipo para mantener una calidad de producci\u00f3n estable, a la vez que controlan eficazmente la continuidad y la eficiencia del proceso.<\/p>\n<p>FMP defiende la filosof\u00eda de \u00abInnovaci\u00f3n tecnol\u00f3gica que impulsa el progreso, calidad que crea marcas, artesan\u00eda que garantiza la calidad y relaciones mutuamente beneficiosas a largo plazo\u00bb. Nuestro compromiso de ofrecer productos de alta calidad y un servicio al cliente superior sigue siendo un objetivo fundamental para satisfacer las cambiantes necesidades del mercado.<\/p>\n<p><img loading=\"lazy\" decoding=\"async\" class=\"alignnone size-full wp-image-426\" src=\"https:\/\/fmp-components.com\/wp-content\/uploads\/2024\/12\/Sanitation-Machinery-Locking-Hydraulic-Cylinder-factory.webp\" sizes=\"(min-width: 0px) and (max-width: 480px) 480px, (min-width: 481px) and (max-width: 980px) 980px, (min-width: 981px) and (max-width: 1280px) 1280px, (min-width: 1281px) 1414px, 100vw\" srcset=\"https:\/\/fmp-components.com\/wp-content\/uploads\/2024\/12\/Sanitation-Machinery-Locking-Hydraulic-Cylinder-factory.webp 1414w, https:\/\/fmp-components.com\/wp-content\/uploads\/2024\/12\/Sanitation-Machinery-Locking-Hydraulic-Cylinder-factory-1280x529.webp 1280w, https:\/\/fmp-components.com\/wp-content\/uploads\/2024\/12\/Sanitation-Machinery-Locking-Hydraulic-Cylinder-factory-980x405.webp 980w, https:\/\/fmp-components.com\/wp-content\/uploads\/2024\/12\/Sanitation-Machinery-Locking-Hydraulic-Cylinder-factory-480x198.webp 480w\" alt=\"F\u00e1brica de cilindros hidr\u00e1ulicos de bloqueo de maquinaria de saneamiento\" width=\"1414\" height=\"584\" title=\"\"><\/p>\n<p>Autor: CX<\/p>","protected":false},"excerpt":{"rendered":"<p>El cilindro de abatimiento para barcazas de hincado de pilotes es un componente hidr\u00e1ulico esencial dise\u00f1ado para facilitar el movimiento de abatimiento del brazo de la gr\u00faa en barcazas de hincado de pilotes. Este cilindro proporciona la fuerza necesaria para subir y bajar el brazo, lo que permite un posicionamiento preciso del hincador de pilotes durante las operaciones de instalaci\u00f3n. Fabricado con materiales de alta resistencia, est\u00e1 dise\u00f1ado para soportar las exigentes condiciones de los entornos marinos, garantizando durabilidad y fiabilidad incluso bajo altas presiones. Su suave acci\u00f3n hidr\u00e1ulica permite ajustes r\u00e1pidos, mejorando la eficiencia operativa y la seguridad durante las actividades de hincado de pilotes. Este cilindro de abatimiento es esencial para optimizar el rendimiento de las barcazas de hincado de pilotes, contribuyendo significativamente a la eficacia de la construcci\u00f3n de cimentaciones y los proyectos de ingenier\u00eda naval.<\/p>","protected":false},"featured_media":753,"comment_status":"open","ping_status":"closed","template":"","meta":{"_et_pb_use_builder":"","_et_pb_old_content":"","_et_gb_content_width":""},"product_brand":[],"product_cat":[28],"product_tag":[],"class_list":{"0":"post-751","1":"product","2":"type-product","3":"status-publish","4":"has-post-thumbnail","6":"product_cat-offshore-hydraulic-cylinders","8":"first","9":"instock","10":"shipping-taxable","11":"product-type-simple"},"_links":{"self":[{"href":"https:\/\/fmp-components.com\/es\/wp-json\/wp\/v2\/product\/751","targetHints":{"allow":["GET"]}}],"collection":[{"href":"https:\/\/fmp-components.com\/es\/wp-json\/wp\/v2\/product"}],"about":[{"href":"https:\/\/fmp-components.com\/es\/wp-json\/wp\/v2\/types\/product"}],"replies":[{"embeddable":true,"href":"https:\/\/fmp-components.com\/es\/wp-json\/wp\/v2\/comments?post=751"}],"wp:featuredmedia":[{"embeddable":true,"href":"https:\/\/fmp-components.com\/es\/wp-json\/wp\/v2\/media\/753"}],"wp:attachment":[{"href":"https:\/\/fmp-components.com\/es\/wp-json\/wp\/v2\/media?parent=751"}],"wp:term":[{"taxonomy":"product_brand","embeddable":true,"href":"https:\/\/fmp-components.com\/es\/wp-json\/wp\/v2\/product_brand?post=751"},{"taxonomy":"product_cat","embeddable":true,"href":"https:\/\/fmp-components.com\/es\/wp-json\/wp\/v2\/product_cat?post=751"},{"taxonomy":"product_tag","embeddable":true,"href":"https:\/\/fmp-components.com\/es\/wp-json\/wp\/v2\/product_tag?post=751"}],"curies":[{"name":"gracias","href":"https:\/\/api.w.org\/{rel}","templated":true}]}}