{"id":7460,"date":"2025-03-26T08:31:31","date_gmt":"2025-03-26T08:31:31","guid":{"rendered":"https:\/\/fmp-components.com\/?post_type=product&#038;p=7460"},"modified":"2025-03-26T08:38:13","modified_gmt":"2025-03-26T08:38:13","slug":"spur-gears-european-standard","status":"publish","type":"product","link":"https:\/\/fmp-components.com\/es\/product\/spur-gears-european-standard\/","title":{"rendered":"Engranajes rectos (norma europea)"},"content":{"rendered":"<div>\n<h3>Engranajes rectos de alta calidad (norma europea) de FMP<\/h3>\n<p class=\"break-words\">FMP es un fabricante italiano l\u00edder de engranajes rectos (norma europea) y ofrece una amplia gama de engranajes rectos dise\u00f1ados para satisfacer las necesidades de diversas industrias. Nuestros engranajes rectos cumplen con las normas europeas, como la norma DIN, lo que garantiza una precisi\u00f3n y fiabilidad excepcionales. Tanto si trabaja en el sector de la ingenier\u00eda mec\u00e1nica como en el de la automoci\u00f3n o la aeroespacial, FMP ofrece productos de primera calidad adaptados a sus necesidades. Adem\u00e1s de nuestra oferta est\u00e1ndar, nos especializamos en soluciones de engranajes rectos a medida. Si no encuentra el modelo que necesita en nuestra lista de productos, no se preocupe, simplemente significa que a\u00fan no lo hemos publicado. Env\u00edenos un correo electr\u00f3nico con sus requisitos y nuestros ingenieros expertos le responder\u00e1n con una soluci\u00f3n profesional en 24 horas.<\/p>\n<h3>Especificaci\u00f3n<\/h3>\n<\/div>\n<p><img loading=\"lazy\" decoding=\"async\" class=\"size-full wp-image-7461 aligncenter\" src=\"https:\/\/fmp-components.com\/wp-content\/uploads\/2025\/03\/hex5.webp\" alt=\"Engranajes rectos (norma europea)\" width=\"664\" height=\"934\" title=\"\" srcset=\"https:\/\/fmp-components.com\/wp-content\/uploads\/2025\/03\/hex5.webp 664w, https:\/\/fmp-components.com\/wp-content\/uploads\/2025\/03\/hex5-480x675.webp 480w\" sizes=\"(min-width: 0px) and (max-width: 480px) 480px, (min-width: 481px) 664px, 100vw\" \/> <img loading=\"lazy\" decoding=\"async\" class=\"size-full wp-image-7462 aligncenter\" src=\"https:\/\/fmp-components.com\/wp-content\/uploads\/2025\/03\/hex5-1.webp\" alt=\"Engranajes rectos (norma europea)\" width=\"664\" height=\"918\" title=\"\" srcset=\"https:\/\/fmp-components.com\/wp-content\/uploads\/2025\/03\/hex5-1.webp 664w, https:\/\/fmp-components.com\/wp-content\/uploads\/2025\/03\/hex5-1-480x664.webp 480w\" sizes=\"(min-width: 0px) and (max-width: 480px) 480px, (min-width: 481px) 664px, 100vw\" \/><\/p>\n<div>\n<h3>Al servicio de Italia con experiencia local<\/h3>\n<p class=\"break-words\">Nuestros productos gozan de confianza en Italia y en todo el mundo, ofreciendo a las empresas soluciones de engranajes de alta calidad que les ayudan a alcanzar el \u00e9xito. Al elegir FMP, trabaja con una empresa italiana comprometida con la excelencia, que ofrece soluciones est\u00e1ndar y personalizadas. <a href=\"https:\/\/fmp-components.com\/es\/spur-gear-2\/\">engranajes rectos<\/a> Para optimizar sus operaciones. Cont\u00e1ctenos hoy mismo y perm\u00edtanos ayudarle a impulsar su negocio con nuestra experiencia en engranajes rectos (conforme a las normas europeas).<\/p>\n<\/div>","protected":false},"excerpt":{"rendered":"<p>High-Quality Spur Gears (European Standard) by FMP FMP is a leading Italian manufacturer of Spur Gears (European Standard), offering a wide range of spur gears designed to meet the needs of various industries. Our spur gears comply with European standards, such as the DIN standard, ensuring exceptional precision and reliability. Whether you\u2019re in mechanical engineering, [&hellip;]<\/p>","protected":false},"featured_media":7463,"comment_status":"open","ping_status":"closed","template":"","meta":{"_et_pb_use_builder":"","_et_pb_old_content":"","_et_gb_content_width":""},"product_brand":[],"product_cat":[109],"product_tag":[],"class_list":{"0":"post-7460","1":"product","2":"type-product","3":"status-publish","4":"has-post-thumbnail","6":"product_cat-spur-gear","8":"first","9":"instock","10":"shipping-taxable","11":"product-type-simple"},"_links":{"self":[{"href":"https:\/\/fmp-components.com\/es\/wp-json\/wp\/v2\/product\/7460","targetHints":{"allow":["GET"]}}],"collection":[{"href":"https:\/\/fmp-components.com\/es\/wp-json\/wp\/v2\/product"}],"about":[{"href":"https:\/\/fmp-components.com\/es\/wp-json\/wp\/v2\/types\/product"}],"replies":[{"embeddable":true,"href":"https:\/\/fmp-components.com\/es\/wp-json\/wp\/v2\/comments?post=7460"}],"wp:featuredmedia":[{"embeddable":true,"href":"https:\/\/fmp-components.com\/es\/wp-json\/wp\/v2\/media\/7463"}],"wp:attachment":[{"href":"https:\/\/fmp-components.com\/es\/wp-json\/wp\/v2\/media?parent=7460"}],"wp:term":[{"taxonomy":"product_brand","embeddable":true,"href":"https:\/\/fmp-components.com\/es\/wp-json\/wp\/v2\/product_brand?post=7460"},{"taxonomy":"product_cat","embeddable":true,"href":"https:\/\/fmp-components.com\/es\/wp-json\/wp\/v2\/product_cat?post=7460"},{"taxonomy":"product_tag","embeddable":true,"href":"https:\/\/fmp-components.com\/es\/wp-json\/wp\/v2\/product_tag?post=7460"}],"curies":[{"name":"gracias","href":"https:\/\/api.w.org\/{rel}","templated":true}]}}