{"id":7451,"date":"2025-03-26T07:59:56","date_gmt":"2025-03-26T07:59:56","guid":{"rendered":"https:\/\/fmp-components.com\/?post_type=product&#038;p=7451"},"modified":"2025-03-26T08:37:56","modified_gmt":"2025-03-26T08:37:56","slug":"plastic-spur-gears","status":"publish","type":"product","link":"https:\/\/fmp-components.com\/es\/product\/plastic-spur-gears\/","title":{"rendered":"Engranajes rectos de pl\u00e1stico"},"content":{"rendered":"<h2>Engranajes rectos de pl\u00e1stico: calidad y personalizaci\u00f3n<\/h2>\n<p class=\"break-words\">Los engranajes rectos de pl\u00e1stico son componentes vitales de la maquinaria moderna y desempe\u00f1an un papel clave en industrias como la automotriz, la electr\u00f3nica y la de equipos m\u00e9dicos. Estos engranajes ligeros y duraderos est\u00e1n dise\u00f1ados para transmitir el movimiento eficientemente, a la vez que reducen el ruido y el desgaste. En FMP, nos enorgullecemos de ser un fabricante l\u00edder de engranajes rectos de pl\u00e1stico. <a href=\"https:\/\/fmp-components.com\/es\/spur-gear-2\/\">Engranajes rectos<\/a>Ofrecemos una amplia gama de opciones est\u00e1ndar y personalizaci\u00f3n a medida para satisfacer sus necesidades espec\u00edficas. Ya sea que se encuentre en Mil\u00e1n, Venecia, Florencia o Bolonia, FMP es su socio de confianza para soluciones de engranajes de alta calidad.<\/p>\n<table style=\"border-collapse: collapse; width: 98.5%; height: 51px;\" border=\"0\" width=\"240\" cellspacing=\"0\" cellpadding=\"0\">\n<tbody>\n<tr style=\"height: 14.40pt;\">\n<td style=\"height: 14.40pt; width: 48.00pt;\" align=\"right\" width=\"80\" height=\"24\">\u00a0\u00a0<img loading=\"lazy\" decoding=\"async\" class=\"size-full wp-image-7456 aligncenter\" src=\"https:\/\/fmp-components.com\/wp-content\/uploads\/2025\/03\/plastic-spur-gear-5_1.webp\" alt=\"engranaje recto de pl\u00e1stico\" width=\"600\" height=\"600\" title=\"\" srcset=\"https:\/\/fmp-components.com\/wp-content\/uploads\/2025\/03\/plastic-spur-gear-5_1.webp 600w, https:\/\/fmp-components.com\/wp-content\/uploads\/2025\/03\/plastic-spur-gear-5_1-480x480.webp 480w\" sizes=\"(min-width: 0px) and (max-width: 480px) 480px, (min-width: 481px) 600px, 100vw\" \/><\/td>\n<td style=\"width: 48.00pt;\" align=\"right\" width=\"80\"><img loading=\"lazy\" decoding=\"async\" class=\"size-full wp-image-7457 aligncenter\" src=\"https:\/\/fmp-components.com\/wp-content\/uploads\/2025\/03\/plastic-spur-gear-4_1.webp\" alt=\"engranaje recto de pl\u00e1stico\" width=\"800\" height=\"800\" title=\"\" srcset=\"https:\/\/fmp-components.com\/wp-content\/uploads\/2025\/03\/plastic-spur-gear-4_1.webp 800w, https:\/\/fmp-components.com\/wp-content\/uploads\/2025\/03\/plastic-spur-gear-4_1-480x480.webp 480w\" sizes=\"(min-width: 0px) and (max-width: 480px) 480px, (min-width: 481px) 800px, 100vw\" \/><\/td>\n<td style=\"width: 48.00pt;\" align=\"right\" width=\"80\"><img loading=\"lazy\" decoding=\"async\" class=\"size-full wp-image-7458 aligncenter\" src=\"https:\/\/fmp-components.com\/wp-content\/uploads\/2025\/03\/plastic-spur-gear-3.webp\" alt=\"engranaje recto de pl\u00e1stico\" width=\"600\" height=\"600\" title=\"\" srcset=\"https:\/\/fmp-components.com\/wp-content\/uploads\/2025\/03\/plastic-spur-gear-3.webp 600w, https:\/\/fmp-components.com\/wp-content\/uploads\/2025\/03\/plastic-spur-gear-3-480x480.webp 480w\" sizes=\"(min-width: 0px) and (max-width: 480px) 480px, (min-width: 481px) 600px, 100vw\" \/><\/td>\n<\/tr>\n<\/tbody>\n<\/table>\n<h3>FMP: Su fabricante experto de engranajes rectos de pl\u00e1stico<\/h3>\n<p class=\"break-words\">FMP es un fabricante profesional especializado en la producci\u00f3n de engranajes rectos de pl\u00e1stico. Con tecnolog\u00eda de vanguardia y un equipo de ingenier\u00eda cualificado, ofrecemos productos que cumplen rigurosos est\u00e1ndares de calidad. Nuestro compromiso con la excelencia nos convierte en un proveedor preferente para empresas de toda Italia y el extranjero.<\/p>\n<div>\n<h3>Caracter\u00edsticas de los engranajes rectos de pl\u00e1stico de FMP<\/h3>\n<p class=\"break-words\">Nuestros engranajes rectos de pl\u00e1stico se fabrican con materiales de primera calidad, lo que ofrece ventajas distintivas sobre las alternativas met\u00e1licas tradicionales. Esto es lo que distingue a nuestros productos:<\/p>\n<ul class=\"marker:text-secondary\">\n<li class=\"break-words\"><strong>Durabilidad<\/strong>Dise\u00f1ado para resistir el desgaste, lo que garantiza confiabilidad a largo plazo incluso en condiciones exigentes.<\/li>\n<li class=\"break-words\"><strong>Dise\u00f1o ligero<\/strong>:Perfecto para aplicaciones donde reducir el peso es esencial, como en dispositivos port\u00e1tiles o veh\u00edculos.<\/li>\n<li class=\"break-words\"><strong>Operaci\u00f3n de bajo ruido<\/strong>:Minimiza la salida de sonido, lo que los hace ideales para entornos sensibles al ruido, como instalaciones m\u00e9dicas u oficinas.<\/li>\n<li class=\"break-words\"><strong>Resistencia a la corrosi\u00f3n<\/strong>:A diferencia de los engranajes de metal, nuestros engranajes de pl\u00e1stico resisten el \u00f3xido y la degradaci\u00f3n, ofreciendo un rendimiento superior en entornos hostiles.<\/li>\n<\/ul>\n<p class=\"break-words\">Producimos varios tipos de engranajes rectos de pl\u00e1stico para adaptarse a diferentes aplicaciones, desde modelos est\u00e1ndar hasta dise\u00f1os especializados con mayor resistencia o especificaciones \u00fanicas.<\/p>\n<div>\n<h2>Engranajes rectos de pl\u00e1stico personalizados adaptados a sus necesidades<\/h2>\n<p class=\"break-words\">En FMP, entendemos que las soluciones est\u00e1ndar no siempre se adaptan a todos los proyectos. Por eso ofrecemos servicios integrales de personalizaci\u00f3n. Ya sea que necesite un tama\u00f1o, material o configuraci\u00f3n espec\u00edficos, nuestro equipo est\u00e1 capacitado para dise\u00f1ar y fabricar engranajes rectos de pl\u00e1stico seg\u00fan sus especificaciones exactas.<\/p>\n<p class=\"break-words\">Si no encuentra el modelo que necesita en nuestra lista de productos, no se preocupe, puede que simplemente no hayamos actualizado nuestro cat\u00e1logo. Cont\u00e1ctenos por correo electr\u00f3nico a <a href=\"mailto:info@fmpcomponents.it\">info@fmpcomponents.it<\/a>\u00a0Con detalles de sus requisitos. Nuestros ingenieros le responder\u00e1n en 24 horas, brind\u00e1ndole asesoramiento experto y una soluci\u00f3n a su medida.<\/p>\n<table style=\"border-collapse: collapse; width: 98.5%; height: 41px;\" border=\"0\" width=\"240\" cellspacing=\"0\" cellpadding=\"0\">\n<tbody>\n<tr style=\"height: 14.40pt;\">\n<td style=\"height: 14.40pt; width: 48.00pt;\" align=\"right\" width=\"80\" height=\"24\"><img loading=\"lazy\" decoding=\"async\" class=\"size-full wp-image-7455 aligncenter\" src=\"https:\/\/fmp-components.com\/wp-content\/uploads\/2025\/03\/plastic-spur-gear-6_1.webp\" alt=\"engranaje recto de pl\u00e1stico\" width=\"600\" height=\"600\" title=\"\" srcset=\"https:\/\/fmp-components.com\/wp-content\/uploads\/2025\/03\/plastic-spur-gear-6_1.webp 600w, https:\/\/fmp-components.com\/wp-content\/uploads\/2025\/03\/plastic-spur-gear-6_1-480x480.webp 480w\" sizes=\"(min-width: 0px) and (max-width: 480px) 480px, (min-width: 481px) 600px, 100vw\" \/><\/td>\n<td style=\"width: 48.00pt;\" align=\"right\" width=\"80\"><img loading=\"lazy\" decoding=\"async\" class=\"alignnone size-full wp-image-7459\" src=\"https:\/\/fmp-components.com\/wp-content\/uploads\/2025\/03\/plastic-spur-gear-2.webp\" alt=\"engranaje recto de pl\u00e1stico\" width=\"720\" height=\"720\" title=\"\" srcset=\"https:\/\/fmp-components.com\/wp-content\/uploads\/2025\/03\/plastic-spur-gear-2.webp 720w, https:\/\/fmp-components.com\/wp-content\/uploads\/2025\/03\/plastic-spur-gear-2-480x480.webp 480w\" sizes=\"(min-width: 0px) and (max-width: 480px) 480px, (min-width: 481px) 720px, 100vw\" \/><\/td>\n<td style=\"width: 48.00pt;\" align=\"right\" width=\"80\"><img loading=\"lazy\" decoding=\"async\" class=\"alignnone size-full wp-image-7454\" src=\"https:\/\/fmp-components.com\/wp-content\/uploads\/2025\/03\/plastic-spur-gear-7.webp\" alt=\"engranaje recto de pl\u00e1stico\" width=\"600\" height=\"600\" title=\"\" srcset=\"https:\/\/fmp-components.com\/wp-content\/uploads\/2025\/03\/plastic-spur-gear-7.webp 600w, https:\/\/fmp-components.com\/wp-content\/uploads\/2025\/03\/plastic-spur-gear-7-480x480.webp 480w\" sizes=\"(min-width: 0px) and (max-width: 480px) 480px, (min-width: 481px) 600px, 100vw\" \/><\/td>\n<\/tr>\n<\/tbody>\n<\/table>\n<\/div>\n<\/div>","protected":false},"excerpt":{"rendered":"<p>Plastic Spur Gears: Quality and Customization Plastic Spur Gears are vital components in modern machinery, playing a key role in industries such as automotive, electronics, and medical equipment. These lightweight, durable gears are designed to transmit motion efficiently while reducing noise and wear. At FMP, we take pride in being a leading manufacturer of Plastic [&hellip;]<\/p>","protected":false},"featured_media":7452,"comment_status":"open","ping_status":"closed","template":"","meta":{"_et_pb_use_builder":"","_et_pb_old_content":"","_et_gb_content_width":""},"product_brand":[],"product_cat":[109],"product_tag":[],"class_list":{"0":"post-7451","1":"product","2":"type-product","3":"status-publish","4":"has-post-thumbnail","6":"product_cat-spur-gear","8":"first","9":"instock","10":"shipping-taxable","11":"product-type-simple"},"_links":{"self":[{"href":"https:\/\/fmp-components.com\/es\/wp-json\/wp\/v2\/product\/7451","targetHints":{"allow":["GET"]}}],"collection":[{"href":"https:\/\/fmp-components.com\/es\/wp-json\/wp\/v2\/product"}],"about":[{"href":"https:\/\/fmp-components.com\/es\/wp-json\/wp\/v2\/types\/product"}],"replies":[{"embeddable":true,"href":"https:\/\/fmp-components.com\/es\/wp-json\/wp\/v2\/comments?post=7451"}],"wp:featuredmedia":[{"embeddable":true,"href":"https:\/\/fmp-components.com\/es\/wp-json\/wp\/v2\/media\/7452"}],"wp:attachment":[{"href":"https:\/\/fmp-components.com\/es\/wp-json\/wp\/v2\/media?parent=7451"}],"wp:term":[{"taxonomy":"product_brand","embeddable":true,"href":"https:\/\/fmp-components.com\/es\/wp-json\/wp\/v2\/product_brand?post=7451"},{"taxonomy":"product_cat","embeddable":true,"href":"https:\/\/fmp-components.com\/es\/wp-json\/wp\/v2\/product_cat?post=7451"},{"taxonomy":"product_tag","embeddable":true,"href":"https:\/\/fmp-components.com\/es\/wp-json\/wp\/v2\/product_tag?post=7451"}],"curies":[{"name":"gracias","href":"https:\/\/api.w.org\/{rel}","templated":true}]}}