{"id":7420,"date":"2025-03-26T03:25:42","date_gmt":"2025-03-26T03:25:42","guid":{"rendered":"https:\/\/fmp-components.com\/?post_type=product&#038;p=7420"},"modified":"2025-03-26T08:36:10","modified_gmt":"2025-03-26T08:36:10","slug":"forging-spur-gear","status":"publish","type":"product","link":"https:\/\/fmp-components.com\/es\/product\/forging-spur-gear\/","title":{"rendered":"Forja de engranajes rectos"},"content":{"rendered":"<h2>Forja de engranajes rectos: Fabricaci\u00f3n de precisi\u00f3n de FMP para Italia y el extranjero<\/h2>\n<p class=\"break-words\">Cuando se trata de producir productos de alta calidad <a href=\"https:\/\/fmp-components.com\/es\/spur-gear-2\/\">engranajes rectos<\/a>La forja sigue siendo una t\u00e9cnica de fabricaci\u00f3n avanzada y consagrada por el tiempo. En FMP Company, nos especializamos en la fabricaci\u00f3n de engranajes rectos de forja que satisfacen las diversas necesidades de las industrias en toda Italia, desde los centros automotrices de Mil\u00e1n hasta los talleres de ingenier\u00eda de Venecia, pasando por los innovadores en maquinaria de Florencia y las potencias industriales de Bolonia. Entregamos engranajes rectos con forma casi neta o con forma neta que requieren un acabado m\u00ednimo, lo que garantiza resistencia, durabilidad y eficiencia para aplicaciones en los sectores automotriz, aeroespacial, agr\u00edcola, energ\u00e9tico y m\u00e1s.<\/p>\n<p><img loading=\"lazy\" decoding=\"async\" class=\"size-full wp-image-7421 aligncenter\" src=\"https:\/\/fmp-components.com\/wp-content\/uploads\/2025\/03\/forged-spur-gears-product-1.webp\" alt=\"engranajes rectos forjados\" width=\"2000\" height=\"800\" title=\"\" srcset=\"https:\/\/fmp-components.com\/wp-content\/uploads\/2025\/03\/forged-spur-gears-product-1.webp 2000w, https:\/\/fmp-components.com\/wp-content\/uploads\/2025\/03\/forged-spur-gears-product-1-1280x512.webp 1280w, https:\/\/fmp-components.com\/wp-content\/uploads\/2025\/03\/forged-spur-gears-product-1-980x392.webp 980w, https:\/\/fmp-components.com\/wp-content\/uploads\/2025\/03\/forged-spur-gears-product-1-480x192.webp 480w\" sizes=\"(min-width: 0px) and (max-width: 480px) 480px, (min-width: 481px) and (max-width: 980px) 980px, (min-width: 981px) and (max-width: 1280px) 1280px, (min-width: 1281px) 2000px, 100vw\" \/><\/p>\n<h3>\u00bfQu\u00e9 son los engranajes rectos forjados?<\/h3>\n<p class=\"break-words\">Los engranajes rectos forjados se crean mediante un meticuloso proceso de forjado en matriz, en el que piezas met\u00e1licas calentadas (como acero de baja aleaci\u00f3n, lat\u00f3n, aleaciones de aluminio, acero inoxidable, titanio o aleaciones resistentes al calor) se moldean bajo intensa presi\u00f3n mediante matrices especializadas. Este proceso comprime el grano del metal, lo que da como resultado engranajes con una excepcional resistencia a la fatiga y capacidad de carga. A diferencia de los engranajes tallados, los engranajes rectos forjados presentan un flujo de grano contorneado que sigue el perfil del diente, lo que aumenta la resistencia sin aumentar el tama\u00f1o. En FMP, utilizamos t\u00e9cnicas como el forjado en matriz cerrada y el forjado de alta velocidad de energ\u00eda (HERF) para producir engranajes que cumplen con estrictas tolerancias y est\u00e1ndares de acabado superficial.<\/p>\n<div>\n<h3>El proceso de forja en FMP<\/h3>\n<p class=\"break-words\">En FMP Company, nuestro proceso de forjado est\u00e1 dise\u00f1ado para ofrecer precisi\u00f3n, eficiencia y durabilidad, atendiendo a una amplia gama de industrias, incluyendo aplicaciones de maquinaria pesada en Italia y el extranjero. Ya sea un engranaje recto compacto para uso automotriz o un enorme engranaje recto forjado de 40CrMn de 600 mm de di\u00e1metro para molinos de bolas, nuestras t\u00e9cnicas avanzadas garantizan una calidad superior. As\u00ed es como damos vida a nuestros engranajes rectos forjados:<\/p>\n<ol class=\"marker:text-secondary\">\n<li class=\"break-words\"><strong>Calefacci\u00f3n de la pieza bruta del engranaje<\/strong>Calentamos las palanquillas met\u00e1licas a temperaturas precisas, como 1230 \u00b0C para el acero 8620 o rangos personalizados para el 40CrMn, para mejorar la trabajabilidad y garantizar un forjado uniforme. Este paso es crucial para lograr la resistencia requerida en engranajes de alta resistencia.<\/li>\n<li class=\"break-words\"><strong>Forja en matriz<\/strong>Utilizando prensas de \u00faltima generaci\u00f3n y forjado de alta velocidad (HERF), moldeamos palanquillas en formas casi finales con m\u00ednimos golpes. Los cilindros de alta velocidad generan fuerzas de hasta 353.000 J para forjar un engranaje recto de 4,5 kg a partir de una palanquilla de acero 8620 de 75 mm de un solo golpe, o hasta 271.000 J para un volante de inercia automotriz de 11 kg fabricado en fundici\u00f3n gris de grado 40.<\/li>\n<li class=\"break-words\"><strong>Recorte y acabado<\/strong>El material sobrante se recorta con precisi\u00f3n y los engranajes se refinan seg\u00fan especificaciones exactas. Para los engranajes est\u00e1ndar, dejamos entre 0,13 y 0,51 mm de material para el mecanizado final, mientras que los componentes de alta resistencia, como nuestros engranajes rectos de 600 mm de 40CrMn para molinos de bolas, se forjan a dimensiones casi terminadas con tolerancias de hasta +0,00\/-0,18 mm.<\/li>\n<\/ol>\n<h4>Forja para maquinaria pesada<\/h4>\n<p class=\"break-words\">M\u00e1s all\u00e1 de las aplicaciones est\u00e1ndar, FMP destaca en la producci\u00f3n de engranajes rectos forjados para maquinaria pesada. Un ejemplo de ello es nuestro engranaje recto forjado de 40CrMn: con un di\u00e1metro de 600 mm, este robusto componente est\u00e1 dise\u00f1ado espec\u00edficamente para molinos de bolas utilizados en miner\u00eda y procesamiento industrial. Forjado en acero 40CrMn de alta resistencia, ofrece una durabilidad y resistencia al desgaste excepcionales, lo que lo hace ideal para entornos exigentes. Fabricado en Luoyang, este engranaje se entrega con un pedido m\u00ednimo de 10 unidades, se empaqueta en robustas cajas de madera y se entrega en un plazo de 25 d\u00edas laborables. Con una capacidad de suministro de 10\u00a0000 unidades y un peso m\u00e1ximo de forja de 40 toneladas, FMP est\u00e1 preparada para satisfacer las necesidades de la industria pesada italiana, desde las plantas de fabricaci\u00f3n de Mil\u00e1n hasta los proveedores de equipos de miner\u00eda de Bolonia.<\/p>\n<table style=\"border-collapse: collapse; width: 99.375%; height: 139px;\" border=\"0\" width=\"160\" cellspacing=\"0\" cellpadding=\"0\">\n<tbody>\n<tr style=\"height: 14.40pt;\">\n<td class=\"et2\" style=\"height: 28.8pt; width: 67.3831%;\" rowspan=\"2\" width=\"80\" height=\"48\"><img loading=\"lazy\" decoding=\"async\" class=\"alignnone size-full wp-image-7427\" src=\"https:\/\/fmp-components.com\/wp-content\/uploads\/2025\/03\/Forging-Spur-Gear-heavy-machinery-4.webp\" alt=\"Forja de engranajes rectos, maquinaria pesada\" width=\"1024\" height=\"1024\" title=\"\" srcset=\"https:\/\/fmp-components.com\/wp-content\/uploads\/2025\/03\/Forging-Spur-Gear-heavy-machinery-4.webp 1024w, https:\/\/fmp-components.com\/wp-content\/uploads\/2025\/03\/Forging-Spur-Gear-heavy-machinery-4-980x980.webp 980w, https:\/\/fmp-components.com\/wp-content\/uploads\/2025\/03\/Forging-Spur-Gear-heavy-machinery-4-480x480.webp 480w\" sizes=\"(min-width: 0px) and (max-width: 480px) 480px, (min-width: 481px) and (max-width: 980px) 980px, (min-width: 981px) 1024px, 100vw\" \/><\/td>\n<td style=\"width: 32.4905%;\" align=\"right\" width=\"80\"><img loading=\"lazy\" decoding=\"async\" class=\"size-full wp-image-7426 aligncenter\" src=\"https:\/\/fmp-components.com\/wp-content\/uploads\/2025\/03\/Forging-Spur-Gear-heavy-machinery-3.webp\" alt=\"Forja de engranajes rectos, maquinaria pesada\" width=\"1024\" height=\"1024\" title=\"\" srcset=\"https:\/\/fmp-components.com\/wp-content\/uploads\/2025\/03\/Forging-Spur-Gear-heavy-machinery-3.webp 1024w, https:\/\/fmp-components.com\/wp-content\/uploads\/2025\/03\/Forging-Spur-Gear-heavy-machinery-3-980x980.webp 980w, https:\/\/fmp-components.com\/wp-content\/uploads\/2025\/03\/Forging-Spur-Gear-heavy-machinery-3-480x480.webp 480w\" sizes=\"(min-width: 0px) and (max-width: 480px) 480px, (min-width: 481px) and (max-width: 980px) 980px, (min-width: 981px) 1024px, 100vw\" \/><\/td>\n<\/tr>\n<tr style=\"height: 14.40pt;\">\n<td style=\"width: 32.4905%;\" align=\"right\"><img loading=\"lazy\" decoding=\"async\" class=\"size-full wp-image-7428 aligncenter\" src=\"https:\/\/fmp-components.com\/wp-content\/uploads\/2025\/03\/Forging-Spur-Gear-heavy-machinery-5.webp\" alt=\"Forja de engranajes rectos, maquinaria pesada\" width=\"1024\" height=\"1024\" title=\"\" srcset=\"https:\/\/fmp-components.com\/wp-content\/uploads\/2025\/03\/Forging-Spur-Gear-heavy-machinery-5.webp 1024w, https:\/\/fmp-components.com\/wp-content\/uploads\/2025\/03\/Forging-Spur-Gear-heavy-machinery-5-980x980.webp 980w, https:\/\/fmp-components.com\/wp-content\/uploads\/2025\/03\/Forging-Spur-Gear-heavy-machinery-5-480x480.webp 480w\" sizes=\"(min-width: 0px) and (max-width: 480px) 480px, (min-width: 481px) and (max-width: 980px) 980px, (min-width: 981px) 1024px, 100vw\" \/><\/td>\n<\/tr>\n<\/tbody>\n<\/table>\n<table style=\"border-collapse: collapse; width: 97.3538%; height: 5px;\" border=\"0\" width=\"162\" cellspacing=\"0\" cellpadding=\"0\">\n<tbody>\n<tr style=\"height: 14.40pt;\">\n<td style=\"height: 14.4pt; width: 43.6129%;\" align=\"right\" width=\"81\" height=\"24\"><img loading=\"lazy\" decoding=\"async\" class=\"size-full wp-image-7425 aligncenter\" src=\"https:\/\/fmp-components.com\/wp-content\/uploads\/2025\/03\/Forging-Spur-Gear-heavy-machinery-2.webp\" alt=\"Forja de engranajes rectos, maquinaria pesada\" width=\"1024\" height=\"1024\" title=\"\" srcset=\"https:\/\/fmp-components.com\/wp-content\/uploads\/2025\/03\/Forging-Spur-Gear-heavy-machinery-2.webp 1024w, https:\/\/fmp-components.com\/wp-content\/uploads\/2025\/03\/Forging-Spur-Gear-heavy-machinery-2-980x980.webp 980w, https:\/\/fmp-components.com\/wp-content\/uploads\/2025\/03\/Forging-Spur-Gear-heavy-machinery-2-480x480.webp 480w\" sizes=\"(min-width: 0px) and (max-width: 480px) 480px, (min-width: 481px) and (max-width: 980px) 980px, (min-width: 981px) 1024px, 100vw\" \/><\/td>\n<td style=\"width: 56.2581%;\" align=\"right\" width=\"81\"><img loading=\"lazy\" decoding=\"async\" class=\"size-full wp-image-7429 aligncenter\" src=\"https:\/\/fmp-components.com\/wp-content\/uploads\/2025\/03\/Forging-Spur-Gear-heavy-machinery-1.webp\" alt=\"Forja de engranajes rectos, maquinaria pesada\" width=\"1024\" height=\"768\" title=\"\" srcset=\"https:\/\/fmp-components.com\/wp-content\/uploads\/2025\/03\/Forging-Spur-Gear-heavy-machinery-1.webp 1024w, https:\/\/fmp-components.com\/wp-content\/uploads\/2025\/03\/Forging-Spur-Gear-heavy-machinery-1-980x735.webp 980w, https:\/\/fmp-components.com\/wp-content\/uploads\/2025\/03\/Forging-Spur-Gear-heavy-machinery-1-480x360.webp 480w\" sizes=\"(min-width: 0px) and (max-width: 480px) 480px, (min-width: 481px) and (max-width: 980px) 980px, (min-width: 981px) 1024px, 100vw\" \/><\/td>\n<\/tr>\n<\/tbody>\n<\/table>\n<h4>Excelencia t\u00e9cnica en cada marcha<\/h4>\n<p class=\"break-words\">Nuestras capacidades se extienden a ejes de engranajes de gran tama\u00f1o y piezas forjadas a medida, como nuestros ejes de engranajes rectos de gran m\u00f3dulo, fabricados a medida con materiales como 35#, 45#, 40Cr o 42CrMo. Estos componentes, con di\u00e1metros de hasta 1850 mm y longitudes de hasta 12 metros, se utilizan ampliamente en transmisiones, variadores de velocidad y sistemas rotativos para equipos civiles e industriales. Con una precisi\u00f3n de mecanizado de 0,01 mm y rigurosas pruebas (ultras\u00f3nicas, magn\u00e9ticas, de tracci\u00f3n y de penetraci\u00f3n), garantizamos que cada engranaje cumpla con las normas internacionales DIN, GB e ISO.<\/p>\n<h4>Ejemplos del mundo real<\/h4>\n<ul class=\"marker:text-secondary\">\n<li class=\"break-words\">Un engranaje recto de 4,5 kg forjado en acero 8620 logra una forma casi final con un espesor final de red y un stock de dientes m\u00ednimo, listo para el acabado en aplicaciones como transmisiones de autom\u00f3viles.<\/li>\n<li class=\"break-words\">Un volante de inercia automotriz de 11 kg, forjado en hierro fundido gris grado 40 a 955 \u00b0C con 271 000 J, cumple tolerancias estrictas para un uso inmediato.<\/li>\n<li class=\"break-words\">Nuestro engranaje recto de 40CrMn de 600 mm, construido para molinos de bolas, demuestra nuestra capacidad para forjar engranajes grandes y de alto rendimiento para maquinaria pesada, con tratamientos de superficie como temple o pulido disponibles a pedido.<\/li>\n<\/ul>\n<p class=\"break-words\">En FMP, combinamos la forja de precisi\u00f3n con la capacidad de manejar demandas de trabajo pesado, garantizando que nuestros engranajes brinden confiabilidad y rendimiento inigualables.<\/p>\n<table style=\"border-collapse: collapse; width: 99.875%; height: 99px;\" border=\"0\" width=\"160\" cellspacing=\"0\" cellpadding=\"0\">\n<tbody>\n<tr style=\"height: 14.40pt;\">\n<td style=\"height: 14.40pt; width: 48.00pt;\" align=\"right\" width=\"80\" height=\"24\"><img loading=\"lazy\" decoding=\"async\" class=\"size-full wp-image-7430 aligncenter\" src=\"https:\/\/fmp-components.com\/wp-content\/uploads\/2025\/03\/Forging-Spur-Gear-heavy-machinery-7.webp\" alt=\"Forja de engranajes rectos, maquinaria pesada\" width=\"680\" height=\"680\" title=\"\" srcset=\"https:\/\/fmp-components.com\/wp-content\/uploads\/2025\/03\/Forging-Spur-Gear-heavy-machinery-7.webp 680w, https:\/\/fmp-components.com\/wp-content\/uploads\/2025\/03\/Forging-Spur-Gear-heavy-machinery-7-480x480.webp 480w\" sizes=\"(min-width: 0px) and (max-width: 480px) 480px, (min-width: 481px) 680px, 100vw\" \/><\/td>\n<td style=\"width: 48.00pt;\" align=\"right\" width=\"80\"><img loading=\"lazy\" decoding=\"async\" class=\"size-full wp-image-7431 aligncenter\" src=\"https:\/\/fmp-components.com\/wp-content\/uploads\/2025\/03\/Forging-Spur-Gear-heavy-machinery-6.webp\" alt=\"Forja de engranajes rectos, maquinaria pesada\" width=\"680\" height=\"680\" title=\"\" srcset=\"https:\/\/fmp-components.com\/wp-content\/uploads\/2025\/03\/Forging-Spur-Gear-heavy-machinery-6.webp 680w, https:\/\/fmp-components.com\/wp-content\/uploads\/2025\/03\/Forging-Spur-Gear-heavy-machinery-6-480x480.webp 480w\" sizes=\"(min-width: 0px) and (max-width: 480px) 480px, (min-width: 481px) 680px, 100vw\" \/><\/td>\n<\/tr>\n<\/tbody>\n<\/table>\n<\/div>","protected":false},"excerpt":{"rendered":"<p>Forging Spur Gears: Precision Manufacturing by FMP Company for Italy and Beyond When it comes to producing high-quality spur gears, forging remains a time-honored and advanced manufacturing technique. At FMP Company, we specialize in crafting forging spur gears that meet the diverse needs of industries across Italy\u2014from Milan\u2019s automotive hubs to Venice\u2019s engineering workshops, Florence\u2019s [&hellip;]<\/p>","protected":false},"featured_media":7422,"comment_status":"open","ping_status":"closed","template":"","meta":{"_et_pb_use_builder":"","_et_pb_old_content":"","_et_gb_content_width":""},"product_brand":[],"product_cat":[109],"product_tag":[],"class_list":{"0":"post-7420","1":"product","2":"type-product","3":"status-publish","4":"has-post-thumbnail","6":"product_cat-spur-gear","8":"first","9":"instock","10":"shipping-taxable","11":"product-type-simple"},"_links":{"self":[{"href":"https:\/\/fmp-components.com\/es\/wp-json\/wp\/v2\/product\/7420","targetHints":{"allow":["GET"]}}],"collection":[{"href":"https:\/\/fmp-components.com\/es\/wp-json\/wp\/v2\/product"}],"about":[{"href":"https:\/\/fmp-components.com\/es\/wp-json\/wp\/v2\/types\/product"}],"replies":[{"embeddable":true,"href":"https:\/\/fmp-components.com\/es\/wp-json\/wp\/v2\/comments?post=7420"}],"wp:featuredmedia":[{"embeddable":true,"href":"https:\/\/fmp-components.com\/es\/wp-json\/wp\/v2\/media\/7422"}],"wp:attachment":[{"href":"https:\/\/fmp-components.com\/es\/wp-json\/wp\/v2\/media?parent=7420"}],"wp:term":[{"taxonomy":"product_brand","embeddable":true,"href":"https:\/\/fmp-components.com\/es\/wp-json\/wp\/v2\/product_brand?post=7420"},{"taxonomy":"product_cat","embeddable":true,"href":"https:\/\/fmp-components.com\/es\/wp-json\/wp\/v2\/product_cat?post=7420"},{"taxonomy":"product_tag","embeddable":true,"href":"https:\/\/fmp-components.com\/es\/wp-json\/wp\/v2\/product_tag?post=7420"}],"curies":[{"name":"gracias","href":"https:\/\/api.w.org\/{rel}","templated":true}]}}