{"id":7390,"date":"2025-03-25T02:48:22","date_gmt":"2025-03-25T02:48:22","guid":{"rendered":"https:\/\/fmp-components.com\/?post_type=product&#038;p=7390"},"modified":"2025-03-26T08:40:29","modified_gmt":"2025-03-26T08:40:29","slug":"tractor-spur-gears","status":"publish","type":"product","link":"https:\/\/fmp-components.com\/es\/product\/tractor-spur-gears\/","title":{"rendered":"Engranajes rectos del tractor"},"content":{"rendered":"<div>\n<h3>El papel de los engranajes rectos en los tractores<\/h3>\n<p class=\"break-words\">Cuando se trata de la robusta maquinaria que impulsa las zonas agr\u00edcolas m\u00e1s importantes de Italia, como los f\u00e9rtiles campos cerca de Mil\u00e1n, las ondulantes colinas de la Toscana alrededor de Florencia o las productivas llanuras de Bolonia, los tractores son indispensables. En el coraz\u00f3n de estas m\u00e1quinas se encuentra un componente cr\u00edtico: el <a href=\"https:\/\/fmp-components.com\/es\/spur-gear-2\/\">engranaje recto<\/a>Como fabricante l\u00edder de engranajes rectos de alta calidad, FMP Company se enorgullece de apoyar a industrias de toda Italia, desde Venecia hasta Florencia, con soluciones de ingenier\u00eda de precisi\u00f3n adaptadas a aplicaciones de tractores y m\u00e1s.<\/p>\n<table style=\"border-collapse: collapse; width: 97.3608%; height: 31px;\" border=\"0\" width=\"243\" cellspacing=\"0\" cellpadding=\"0\">\n<tbody>\n<tr style=\"height: 14.40pt;\">\n<td style=\"height: 14.40pt; width: 48.60pt;\" align=\"right\" width=\"81\" height=\"24\">\u00a0<img loading=\"lazy\" decoding=\"async\" class=\"size-full wp-image-7393 aligncenter\" src=\"https:\/\/fmp-components.com\/wp-content\/uploads\/2025\/03\/spur-gear-in-tractor-2.webp\" alt=\"engranaje recto en el tractor\" width=\"800\" height=\"800\" title=\"\" srcset=\"https:\/\/fmp-components.com\/wp-content\/uploads\/2025\/03\/spur-gear-in-tractor-2.webp 800w, https:\/\/fmp-components.com\/wp-content\/uploads\/2025\/03\/spur-gear-in-tractor-2-480x480.webp 480w\" sizes=\"(min-width: 0px) and (max-width: 480px) 480px, (min-width: 481px) 800px, 100vw\" \/><\/td>\n<td style=\"width: 48.60pt;\" align=\"right\" width=\"81\"><img loading=\"lazy\" decoding=\"async\" class=\"size-full wp-image-7394 aligncenter\" src=\"https:\/\/fmp-components.com\/wp-content\/uploads\/2025\/03\/spur-gear-in-tractor-3.webp\" alt=\"engranaje recto en el tractor\" width=\"800\" height=\"800\" title=\"\" srcset=\"https:\/\/fmp-components.com\/wp-content\/uploads\/2025\/03\/spur-gear-in-tractor-3.webp 800w, https:\/\/fmp-components.com\/wp-content\/uploads\/2025\/03\/spur-gear-in-tractor-3-480x480.webp 480w\" sizes=\"(min-width: 0px) and (max-width: 480px) 480px, (min-width: 481px) 800px, 100vw\" \/><\/td>\n<td style=\"width: 48.60pt;\" align=\"right\" width=\"81\"><img loading=\"lazy\" decoding=\"async\" class=\"size-full wp-image-7392 aligncenter\" src=\"https:\/\/fmp-components.com\/wp-content\/uploads\/2025\/03\/spur-gear-in-tractor-1.webp\" alt=\"engranaje recto en el tractor\" width=\"800\" height=\"800\" title=\"\" srcset=\"https:\/\/fmp-components.com\/wp-content\/uploads\/2025\/03\/spur-gear-in-tractor-1.webp 800w, https:\/\/fmp-components.com\/wp-content\/uploads\/2025\/03\/spur-gear-in-tractor-1-480x480.webp 480w\" sizes=\"(min-width: 0px) and (max-width: 480px) 480px, (min-width: 481px) 800px, 100vw\" \/><\/td>\n<\/tr>\n<\/tbody>\n<\/table>\n<\/div>\n<h3>Presupuesto<\/h3>\n<table style=\"width: 103.5%; height: 281px;\" border=\"1\">\n<tbody>\n<tr>\n<td style=\"width: 33.1311%;\"><strong>Nombre del producto<\/strong><\/td>\n<td style=\"width: 66.1408%;\">Engranaje recto de tractor con 17 marchas<\/td>\n<\/tr>\n<tr>\n<td style=\"width: 33.1311%;\"><strong>Solicitud\u00a0<\/strong><\/td>\n<td style=\"width: 66.1408%;\">Tractor<\/td>\n<\/tr>\n<tr>\n<td style=\"width: 33.1311%;\"><strong>Materiales<\/strong><\/td>\n<td style=\"width: 66.1408%;\">Acero<\/td>\n<\/tr>\n<tr>\n<td style=\"width: 33.1311%;\"><strong>Tama\u00f1o<\/strong><\/td>\n<td style=\"width: 66.1408%;\">5 cm x 9 cm x 9 cm<\/td>\n<\/tr>\n<tr>\n<td style=\"width: 33.1311%;\"><strong>Peso<\/strong><\/td>\n<td style=\"width: 66.1408%;\">0,87 kilogramos<\/td>\n<\/tr>\n<tr>\n<td style=\"width: 33.1311%;\"><strong>Fabricante de equipos originales (OEM)\u00a0<\/strong><\/td>\n<td style=\"width: 66.1408%;\">50-1701212A<\/td>\n<\/tr>\n<tr>\n<td style=\"width: 33.1311%;\"><strong>Cantidad m\u00ednima de pedido<\/strong><\/td>\n<td style=\"width: 66.1408%;\">30<\/td>\n<\/tr>\n<tr>\n<td style=\"width: 33.1311%;\"><strong>Di\u00e1metro<\/strong><\/td>\n<td style=\"width: 66.1408%;\">9 cm<\/td>\n<\/tr>\n<tr>\n<td style=\"width: 33.1311%;\"><strong>Calidad<\/strong><\/td>\n<td style=\"width: 66.1408%;\">100%probado<\/td>\n<\/tr>\n<tr>\n<td style=\"width: 33.1311%;\"><strong>Embalaje<\/strong><\/td>\n<td style=\"width: 66.1408%;\">Caja de cart\u00f3n<\/td>\n<\/tr>\n<\/tbody>\n<\/table>\n<div>\n<h2>Engranajes rectos en maquinaria de tractor<\/h2>\n<p class=\"break-words\">En los tractores, los engranajes rectos desempe\u00f1an un papel fundamental en el sistema de transmisi\u00f3n, garantizando una transmisi\u00f3n de potencia uniforme del motor a las ruedas. Por ejemplo, nuestros engranajes rectos, al igual que los utilizados en aplicaciones de polvo para maquinaria de tractores con piezas metal\u00fargicas, est\u00e1n dise\u00f1ados con precisi\u00f3n (precisi\u00f3n ISO6) para soportar las exigentes condiciones del trabajo agr\u00edcola. As\u00ed es como contribuyen:<\/p>\n<ul class=\"marker:text-secondary\">\n<li class=\"break-words\"><strong>Transmisi\u00f3n de potencia<\/strong>:Los engranajes rectos transfieren eficientemente la energ\u00eda rotacional entre ejes paralelos, impulsando las ruedas y los accesorios del tractor.<\/li>\n<li class=\"break-words\"><strong>Durabilidad<\/strong>Fabricados con materiales robustos como 16MnCrn5 y tratados t\u00e9rmicamente mediante carburaci\u00f3n hasta una dureza de 58-62 HRC, nuestros engranajes resisten el desgaste de las tareas pesadas.<\/li>\n<li class=\"break-words\"><strong>Precisi\u00f3n<\/strong>Con un m\u00f3dulo de 4,6 y un \u00e1ngulo de presi\u00f3n de 20\u00b0, nuestros engranajes rectos presentan modificaciones de perfil y avance (optimizadas seg\u00fan el diagrama K) para lograr un ruido m\u00ednimo y una eficiencia m\u00e1xima.<\/li>\n<\/ul>\n<p class=\"break-words\">Desde los vi\u00f1edos de Florencia hasta los centros industriales de Mil\u00e1n, los agricultores y fabricantes italianos conf\u00edan en tractores equipados con engranajes rectos fiables para mantener la productividad. Ya sea arando campos cerca de Bolonia o transportando mercanc\u00edas en Venecia, estos engranajes garantizan un rendimiento constante.<\/p>\n<div>\n<h4>\u00bfPor qu\u00e9 elegir la empresa FMP para engranajes rectos?<\/h4>\n<p class=\"break-words\">En FMP, nos especializamos en la producci\u00f3n de una amplia gama de engranajes rectos adaptados a diversas industrias, incluida la agr\u00edcola. Nuestra l\u00ednea de productos incluye dise\u00f1os est\u00e1ndar y opciones totalmente personalizables para satisfacer sus necesidades espec\u00edficas. Gracias a nuestros a\u00f1os de experiencia, atendemos a clientes en toda Italia, garantizando que empresas de Mil\u00e1n, Venecia, Florencia, Bolonia y otras ciudades tengan acceso a componentes de primera calidad.<\/p>\n<ul class=\"marker:text-secondary\">\n<li class=\"break-words\"><strong>Variedad<\/strong>:Fabricamos engranajes rectos para tractores, equipos metal\u00fargicos y m\u00e1s, todos elaborados con precisi\u00f3n y cuidado.<\/li>\n<li class=\"break-words\"><strong>Personalizaci\u00f3n<\/strong>\u00bfNecesita un engranaje \u00fanico para su tractor? Aceptamos pedidos personalizados que se ajusten a sus especificaciones exactas.<\/li>\n<li class=\"break-words\"><strong>Apoyo<\/strong>Si no encuentra el modelo que necesita en nuestra lista de productos, \u00a1no se preocupe! Es posible que a\u00fan no est\u00e9 disponible. Simplemente env\u00edenos un correo electr\u00f3nico con sus requisitos y nuestros ingenieros le responder\u00e1n en 24 horas con una soluci\u00f3n.<\/li>\n<\/ul>\n<p class=\"break-words\">El sector agr\u00edcola italiano se nutre de la innovaci\u00f3n y la fiabilidad, y en FMP nos enorgullece contribuir a este legado. En FMP, nos comprometemos a impulsar su \u00e9xito, paso a paso.<\/p>\n<\/div>\n<\/div>","protected":false},"excerpt":{"rendered":"<p>The Role of Spur Gears in Tractors When it comes to the robust machinery powering Italy\u2019s agricultural heartlands\u2014such as the fertile fields near Milan, the rolling hills of Tuscany around Florence, or the productive plains of Bologna\u2014tractors are indispensable. At the core of these machines lies a critical component: the spur gear. As a leading [&hellip;]<\/p>","protected":false},"featured_media":7393,"comment_status":"open","ping_status":"closed","template":"","meta":{"_et_pb_use_builder":"","_et_pb_old_content":"","_et_gb_content_width":""},"product_brand":[],"product_cat":[109],"product_tag":[],"class_list":{"0":"post-7390","1":"product","2":"type-product","3":"status-publish","4":"has-post-thumbnail","6":"product_cat-spur-gear","8":"first","9":"instock","10":"shipping-taxable","11":"product-type-simple"},"_links":{"self":[{"href":"https:\/\/fmp-components.com\/es\/wp-json\/wp\/v2\/product\/7390","targetHints":{"allow":["GET"]}}],"collection":[{"href":"https:\/\/fmp-components.com\/es\/wp-json\/wp\/v2\/product"}],"about":[{"href":"https:\/\/fmp-components.com\/es\/wp-json\/wp\/v2\/types\/product"}],"replies":[{"embeddable":true,"href":"https:\/\/fmp-components.com\/es\/wp-json\/wp\/v2\/comments?post=7390"}],"wp:featuredmedia":[{"embeddable":true,"href":"https:\/\/fmp-components.com\/es\/wp-json\/wp\/v2\/media\/7393"}],"wp:attachment":[{"href":"https:\/\/fmp-components.com\/es\/wp-json\/wp\/v2\/media?parent=7390"}],"wp:term":[{"taxonomy":"product_brand","embeddable":true,"href":"https:\/\/fmp-components.com\/es\/wp-json\/wp\/v2\/product_brand?post=7390"},{"taxonomy":"product_cat","embeddable":true,"href":"https:\/\/fmp-components.com\/es\/wp-json\/wp\/v2\/product_cat?post=7390"},{"taxonomy":"product_tag","embeddable":true,"href":"https:\/\/fmp-components.com\/es\/wp-json\/wp\/v2\/product_tag?post=7390"}],"curies":[{"name":"gracias","href":"https:\/\/api.w.org\/{rel}","templated":true}]}}