{"id":7372,"date":"2025-03-24T03:00:29","date_gmt":"2025-03-24T03:00:29","guid":{"rendered":"https:\/\/fmp-components.com\/?post_type=product&#038;p=7372"},"modified":"2025-04-08T02:34:44","modified_gmt":"2025-04-08T02:34:44","slug":"crossed-helical-gear-screw-gear","status":"publish","type":"product","link":"https:\/\/fmp-components.com\/es\/product\/crossed-helical-gear-screw-gear\/","title":{"rendered":"Engranaje helicoidal cruzado (engranaje de tornillo)"},"content":{"rendered":"<div>\n<h2 dir=\"auto\">Engranajes helicoidales (engranajes helicoidales cruzados)<\/h2>\n<p class=\"break-words\" dir=\"auto\">Los engranajes helicoidales cruzados, tambi\u00e9n conocidos como engranajes de tornillo, son engranajes especiales que permiten mover objetos entre dos ejes (como varillas giratorias) que no se tocan ni est\u00e1n alineados. Los engranajes helicoidales convencionales para ejes rectos tienen el mismo \u00e1ngulo de torsi\u00f3n, pero giran en sentidos opuestos. En los engranajes helicoidales cruzados, los \u00e1ngulos de torsi\u00f3n pueden ser cualquiera que se necesite, y el \u00e1ngulo entre los ejes suele ser la suma de los dos \u00e1ngulos de torsi\u00f3n. Un \u00e1ngulo com\u00fan es de 90 grados, como una esquina, pero tambi\u00e9n se pueden usar otros \u00e1ngulos. Estos engranajes solo se tocan en puntos muy peque\u00f1os, no en l\u00edneas largas, por lo que no son tan resistentes ni eficientes como otros engranajes y no pueden soportar cargas muy pesadas.<\/p>\n<h3 dir=\"auto\">C\u00f3mo son y c\u00f3mo funcionan<\/h3>\n<ul class=\"marker:text-secondary\" dir=\"auto\">\n<li class=\"break-words\"><strong>Mirar<\/strong>Los engranajes helicoidales tienen dientes que giran en espiral sobre un disco redondo. Los dientes pueden inclinarse hacia la derecha o hacia la izquierda.<\/li>\n<li class=\"break-words\"><strong>Movimiento<\/strong>Cuando giran, no ruedan como otros engranajes, sino que se retuercen como un tornillo en la madera. Esto hace que se deslicen entre s\u00ed en puntos peque\u00f1os en lugar de rodar suavemente.<\/li>\n<li class=\"break-words\"><strong>Velocidad<\/strong>La velocidad de giro depende de la cantidad de dientes que tenga el engranaje motriz (el que lo inicia) en comparaci\u00f3n con el engranaje conducido (el que lo sigue). Es simplemente la relaci\u00f3n entre el n\u00famero de dientes de uno y el del otro; \u00a1sin reglas complicadas como en otros engranajes!<\/li>\n<\/ul>\n<h3 dir=\"auto\">Materiales y combinaci\u00f3n<\/h3>\n<ul class=\"marker:text-secondary\" dir=\"auto\">\n<li class=\"break-words\"><strong>De qu\u00e9 est\u00e1n hechos<\/strong>Si ambos engranajes son del mismo material, pueden rozarse demasiado y rayarse. Por lo tanto, es mejor usar materiales diferentes, como acero con pl\u00e1stico o acero inoxidable con bronce.<\/li>\n<li class=\"break-words\"><strong>opciones<\/strong>Se pueden conseguir en acero (resistentes), acero inoxidable (no se oxidan, ideales para maquinaria alimentaria), bronce de aluminio (resistentes al desgaste) o pl\u00e1stico (ligeros y no necesitan aceite).<\/li>\n<\/ul>\n<h3 dir=\"auto\">C\u00f3mo funcionan y d\u00f3nde se utilizan<\/h3>\n<ul class=\"marker:text-secondary\" dir=\"auto\">\n<li class=\"break-words\"><strong>Fuerza y \u200b\u200bvelocidad<\/strong>No son las mejores para transportar objetos pesados \u200b\u200bni para girar a gran velocidad debido al deslizamiento. Funcionan mejor para trabajos de intensidad media.<\/li>\n<li class=\"break-words\"><strong>Empleos<\/strong>Es posible encontrarlos en m\u00e1quinas que fabrican cosas, mueven objetos como cintas transportadoras o hacen funcionar bombas; es decir, m\u00e1quinas que no necesitan mucha energ\u00eda.<\/li>\n<li class=\"break-words\"><strong>Aceite<\/strong>Como se deslizan mucho, necesitan un aceite especial (como aceite para engranajes hipoides) para evitar que se desgasten demasiado r\u00e1pido.<\/li>\n<\/ul>\n<h3 dir=\"auto\">Partes buenas y no tan buenas<\/h3>\n<ul class=\"marker:text-secondary\" dir=\"auto\">\n<li class=\"break-words\"><strong>\u00a1Cosas buenas!<\/strong>Son silenciosos al funcionar y se pueden mover ligeramente de lado a lado sin que afecten a su funcionamiento. Son ideales para ejes que se cruzan pero no se tocan.<\/li>\n<li class=\"break-words\"><strong>Cosas no tan buenas<\/strong>El deslizamiento reduce su eficiencia y no soportan grandes cargas porque solo hacen contacto en puntos muy peque\u00f1os. Adem\u00e1s, ejercen mucha presi\u00f3n lateral, por lo que requieren soportes robustos.<\/li>\n<\/ul>\n<h3 dir=\"auto\">Tipos y detalles<\/h3>\n<ul class=\"marker:text-secondary\" dir=\"auto\">\n<li class=\"break-words\"><strong>Tipos<\/strong>Vienen en tama\u00f1os llamados m\u00f3dulos del 1 al 4, con entre 10 y 30 dientes. Se les pueden a\u00f1adir agujeros o modificarlos ligeramente si es necesario.<\/li>\n<li class=\"break-words\"><strong>\u00c1ngulos de torsi\u00f3n<\/strong>A menudo tienen un giro de 45 grados, y se pueden combinar de diferentes maneras (girando ambas en el mismo sentido o en sentidos opuestos), dependiendo de c\u00f3mo est\u00e9n configurados los ejes.<\/li>\n<\/ul>\n<p class=\"break-words\" dir=\"auto\">En resumen, los engranajes helicoidales son geniales para mover cosas entre ejes cruzados de forma silenciosa y sencilla, pero no son los engranajes m\u00e1s fuertes ni los m\u00e1s r\u00e1pidos porque se deslizan en lugar de rodar y solo se tocan en puntos peque\u00f1os.<\/p>\n<\/div>\n<h2>Engranajes helicoidales cruzados (engranajes de tornillo): Ingenier\u00eda de precisi\u00f3n de FMP Company<\/h2>\n<p>Los engranajes helicoidales cruzados, com\u00fanmente conocidos como engranajes de tornillo, son un tipo especializado de engranaje hiperboloide dise\u00f1ado espec\u00edficamente para acoplarse a ejes oblicuos, es decir, ejes que se cruzan sin intersecarse. A diferencia de los engranajes tradicionales <a href=\"https:\/\/fmp-components.com\/es\/helical-gears\/\">engranajes helicoidales<\/a> Con ejes paralelos, los engranajes helicoidales permiten la transmisi\u00f3n de movimiento entre ejes no paralelos ni intersecantes, generalmente a un \u00e1ngulo de 90\u00b0, aunque son posibles otras configuraciones. Esto los convierte en un componente esencial en sistemas mec\u00e1nicos que requieren alineaciones de ejes vers\u00e1tiles. En Italia, donde la innovaci\u00f3n industrial florece en ciudades como Mil\u00e1n, Venecia, Florencia y Bolonia, la demanda de engranajes helicoidales de alta calidad est\u00e1 en constante aumento, y FMP Company se enorgullece de satisfacer esta necesidad con soluciones dise\u00f1adas por expertos.<\/p>\n<p><img loading=\"lazy\" decoding=\"async\" class=\"wp-image-7376 aligncenter\" src=\"https:\/\/fmp-components.com\/wp-content\/uploads\/2025\/03\/screw-gear-crossed-helical-gear-product-9.webp\" alt=\"engranaje helicoidal cruzado\" width=\"958\" height=\"239\" title=\"\" srcset=\"https:\/\/fmp-components.com\/wp-content\/uploads\/2025\/03\/screw-gear-crossed-helical-gear-product-9.webp 958w, https:\/\/fmp-components.com\/wp-content\/uploads\/2025\/03\/screw-gear-crossed-helical-gear-product-9-480x120.webp 480w\" sizes=\"(min-width: 0px) and (max-width: 480px) 480px, (min-width: 481px) 958px, 100vw\" \/><\/p>\n<p>Los engranajes helicoidales funcionan con un movimiento helicoidal caracter\u00edstico, en lugar de un rodamiento puro, debido a sus diferentes \u00e1ngulos de h\u00e9lice (aunque con el mismo sentido de giro). Este movimiento de deslizamiento de los flancos, si bien requiere una lubricaci\u00f3n especial como aceite para engranajes hipoides para minimizar el desgaste, ofrece ventajas \u00fanicas como un funcionamiento silencioso y flexibilidad axial. A diferencia de los engranajes helicoidales paralelos, que pasan de contacto puntual a contacto lineal, los engranajes helicoidales cruzados mantienen el contacto puntual, lo que los hace ideales para aplicaciones de par y velocidad moderados, como accionamientos para m\u00e1quinas herramienta. En comparaci\u00f3n con los engranajes sinf\u00edn, que proporcionan un par mayor mediante contacto lineal, los engranajes helicoidales destacan por su funcionamiento m\u00e1s silencioso, perfecto para industrias de precisi\u00f3n en centros urbanos din\u00e1micos como Mil\u00e1n y Florencia.<\/p>\n<h2>Especificaci\u00f3n de engranajes helicoidales cruzados<\/h2>\n<table class=\"table\" border=\"1\" width=\"100%\" cellspacing=\"0\" cellpadding=\"0\">\n<tbody>\n<tr class=\"firstRow\">\n<td>N\u00famero de modelo<\/td>\n<td>M1, M1.5, M2, M2.5, M3, M4, M5, M8, M12 y dem\u00e1s.<\/td>\n<\/tr>\n<tr>\n<td>Material<\/td>\n<td>Lat\u00f3n, acero C45, acero inoxidable, cobre, POM, aluminio, aleaci\u00f3n, etc.<\/td>\n<\/tr>\n<tr>\n<td>Tratamiento de superficie<\/td>\n<td>Zincado, Niquelado, Pasivaci\u00f3n, Oxidaci\u00f3n, Anodizado, Geomet, Dacromet, \u00d3xido Negro, Fosfatado, Recubrimiento en Polvo y Electroforesis.<\/td>\n<\/tr>\n<tr>\n<td>Est\u00e1ndar<\/td>\n<td>ISO, DIN, ANSI, JIS, BS y no est\u00e1ndar.<\/td>\n<\/tr>\n<tr>\n<td>Precisi\u00f3n<\/td>\n<td>DIN6,DIN7,DIN8,DIN9.<\/td>\n<\/tr>\n<tr>\n<td>Tratamiento dental<\/td>\n<td>Endurecido, fresado o rectificado<\/td>\n<\/tr>\n<tr>\n<td>Tolerancia<\/td>\n<td>0,001 mm-0,01 mm-0,1 mm<\/td>\n<\/tr>\n<tr>\n<td>Finalizar<\/td>\n<td>granallado\/chorro de arena, tratamiento t\u00e9rmico, recocido, templado, pulido, anodizado, galvanizado<\/td>\n<\/tr>\n<tr>\n<td>art\u00edculos embalaje<\/td>\n<td>Bolsa de pl\u00e1stico + cajas de cart\u00f3n o embalaje de madera<\/td>\n<\/tr>\n<tr>\n<td>Condiciones de pago<\/td>\n<td>T\/T, L\/C<\/td>\n<\/tr>\n<tr>\n<td>plazo de entrega de producci\u00f3n<\/td>\n<td>20 d\u00edas h\u00e1biles para la muestra, 25 d\u00edas para el pedido al por mayor.<\/td>\n<\/tr>\n<tr>\n<td>Muestras<\/td>\n<td>El rango de precios de muestra es de $2 a $100. El cliente paga la solicitud expresa de muestra.<\/td>\n<\/tr>\n<tr>\n<td>Solicitud<\/td>\n<td>1. M\u00e1quina de control autom\u00e1tico 2. Industria de semiconductores 3. Maquinaria industrial general 4. Equipos m\u00e9dicos 5. Equipos de energ\u00eda solar 6. M\u00e1quinas herramienta 7. Sistemas de estacionamiento 8. Equipos de transporte ferroviario de alta velocidad y a\u00e9reo, etc.<\/td>\n<\/tr>\n<\/tbody>\n<\/table>\n<h2 class=\"break-words\">Tipos de engranajes helicoidales (engranajes helicoidales cruzados)<\/h2>\n<div>\n<table style=\"width: 100%;\" border=\"1\" width=\"100%\" cellspacing=\"0\" cellpadding=\"0\">\n<thead class=\"border-b border-primary\/20\">\n<tr class=\"border-primary\/10\">\n<th class=\"break-words\"><strong>Categor\u00eda<\/strong><\/th>\n<th class=\"break-words\"><strong>Composici\u00f3n del material<\/strong><\/th>\n<th class=\"break-words\"><strong>Gama de m\u00f3dulos<\/strong><\/th>\n<th class=\"break-words\"><strong>\u00c1ngulo de h\u00e9lice<\/strong><\/th>\n<th class=\"break-words\"><strong>Conteo de dientes<\/strong><\/th>\n<th class=\"break-words\"><strong>Resistencia (a la tracci\u00f3n)<\/strong><\/th>\n<th class=\"break-words\"><strong>Resistencia a la corrosi\u00f3n<\/strong><\/th>\n<th class=\"break-words\"><strong>Aplicaciones t\u00edpicas<\/strong><\/th>\n<\/tr>\n<\/thead>\n<tbody>\n<tr class=\"border-primary\/10\">\n<td class=\"break-words\"><strong>Engranajes de tornillo de acero<\/strong><\/td>\n<td class=\"break-words\">Acero al carbono o acero aleado (por ejemplo, AISI 1045, 4140)<\/td>\n<td class=\"break-words\">1 a 4<\/td>\n<td class=\"break-words\">45\u00b0 t\u00edpico<\/td>\n<td class=\"break-words\">De 10 a 50+<\/td>\n<td class=\"break-words\">500\u20131000 MPa<\/td>\n<td class=\"break-words\">De bajo a moderado<\/td>\n<td class=\"break-words\">Maquinaria industrial, sistemas automotrices<\/td>\n<\/tr>\n<tr class=\"border-primary\/10\">\n<td class=\"break-words\"><strong>Engranajes de tornillo de acero inoxidable<\/strong><\/td>\n<td class=\"break-words\">Acero inoxidable (por ejemplo, SUS303, SUS304)<\/td>\n<td class=\"break-words\">1 a 4<\/td>\n<td class=\"break-words\">45\u00b0 t\u00edpico<\/td>\n<td class=\"break-words\">De 10 a 50+<\/td>\n<td class=\"break-words\">500\u2013700 MPa<\/td>\n<td class=\"break-words\">Alto<\/td>\n<td class=\"break-words\">Maquinaria para la industria alimentaria, equipos marinos<\/td>\n<\/tr>\n<tr class=\"border-primary\/10\">\n<td class=\"break-words\"><strong>Engranajes de tornillo de bronce de aluminio<\/strong><\/td>\n<td class=\"break-words\">Bronce de aluminio (por ejemplo, CuAl10Fe5Ni5)<\/td>\n<td class=\"break-words\">1 a 4<\/td>\n<td class=\"break-words\">45\u00b0 t\u00edpico<\/td>\n<td class=\"break-words\">De 10 a 50+<\/td>\n<td class=\"break-words\">600\u2013800 MPa<\/td>\n<td class=\"break-words\">Muy alto<\/td>\n<td class=\"break-words\">Motores sinf\u00edn, ambientes corrosivos<\/td>\n<\/tr>\n<tr class=\"border-primary\/10\">\n<td class=\"break-words\"><strong>Engranajes de tornillo de pl\u00e1stico<\/strong><\/td>\n<td class=\"break-words\">Nylon, acetal o nylon MC<\/td>\n<td class=\"break-words\">1 a 3<\/td>\n<td class=\"break-words\">45\u00b0 t\u00edpico<\/td>\n<td class=\"break-words\">De 10 a 40+<\/td>\n<td class=\"break-words\">50\u2013100 MPa<\/td>\n<td class=\"break-words\">Alto<\/td>\n<td class=\"break-words\">Sistemas de baja potencia, aplicaciones sensibles al ruido<\/td>\n<\/tr>\n<tr class=\"border-primary\/10\">\n<td class=\"break-words\"><strong>Engranajes de tornillo met\u00e1licos<\/strong><\/td>\n<td class=\"break-words\">Metal general (por ejemplo, lat\u00f3n, hierro fundido)<\/td>\n<td class=\"break-words\">1 a 4<\/td>\n<td class=\"break-words\">45\u00b0 t\u00edpico<\/td>\n<td class=\"break-words\">De 10 a 50+<\/td>\n<td class=\"break-words\">300\u2013800 MPa<\/td>\n<td class=\"break-words\">Var\u00eda (de bajo a alto)<\/td>\n<td class=\"break-words\">Transmisi\u00f3n de potencia general, maquinaria<\/td>\n<\/tr>\n<\/tbody>\n<\/table>\n<div>\n<h3 class=\"\" dir=\"auto\">Notas sobre las especificaciones:<\/h3>\n<ol class=\"marker:text-secondary\" dir=\"auto\">\n<li class=\"break-words\"><strong>Gama de m\u00f3dulos<\/strong>El m\u00f3dulo (una medida del tama\u00f1o del diente del engranaje) normalmente oscila entre 1 y 4 para la mayor\u00eda de los engranajes helicoidales, aunque pueden estar disponibles m\u00f3dulos m\u00e1s peque\u00f1os o m\u00e1s grandes seg\u00fan la aplicaci\u00f3n.<\/li>\n<li class=\"break-words\"><strong>\u00c1ngulo de h\u00e9lice<\/strong>Los engranajes helicoidales suelen utilizar un \u00e1ngulo de h\u00e9lice de 45\u00b0 para permitir la transmisi\u00f3n del movimiento de ejes no paralelos y sin intersecci\u00f3n, aunque esto puede variar ligeramente.<\/li>\n<li class=\"break-words\"><strong>Conteo de dientes<\/strong>El n\u00famero de dientes depende del tama\u00f1o del engranaje y de la aplicaci\u00f3n, generalmente oscila entre 10 y m\u00e1s de 50.<\/li>\n<li class=\"break-words\"><strong>Resistencia (a la tracci\u00f3n)<\/strong>La resistencia a la tracci\u00f3n var\u00eda seg\u00fan el material; el acero y el bronce de aluminio ofrecen una alta resistencia, mientras que el pl\u00e1stico tiene una resistencia menor pero es ligero.<\/li>\n<li class=\"break-words\"><strong>Resistencia a la corrosi\u00f3n<\/strong>El acero inoxidable y el bronce de aluminio destacan en ambientes corrosivos, mientras que el acero al carbono requiere recubrimientos o tratamientos para un rendimiento similar.<\/li>\n<li class=\"break-words\"><strong>Aplicaciones<\/strong>Cada material se adapta a necesidades espec\u00edficas: el acero por su durabilidad, el acero inoxidable por su higiene, el bronce de aluminio por su resistencia al desgaste, el pl\u00e1stico por su bajo nivel de ruido y peso, y otros metales por su versatilidad.<\/li>\n<\/ol>\n<p class=\"break-words\" dir=\"auto\">Esta tabla proporciona las especificaciones de los engranajes helicoidales por categor\u00eda. Para obtener detalles exactos, consulte <a href=\"mailto:info@fmpcomponents.it\">correo electr\u00f3nico<\/a> a nosotros.<\/p>\n<\/div>\n<\/div>\n<div>\n<h2>\u00bfPor qu\u00e9 elegir FMP?<\/h2>\n<p class=\"break-words\">Como fabricante de confianza, FMP Company produce una amplia gama de engranajes helicoidales cruzados (engranajes de tornillo) para diversas aplicaciones industriales. Tanto si busca modelos est\u00e1ndar en Mil\u00e1n como si necesita un dise\u00f1o a medida en Venecia, ofrecemos personalizaci\u00f3n para garantizar el m\u00e1ximo rendimiento de su maquinaria. Nuestros engranajes est\u00e1n dise\u00f1ados con precisi\u00f3n, cumpliendo con los m\u00e1s altos est\u00e1ndares de durabilidad y eficiencia. Si consulta nuestro cat\u00e1logo de productos \u2014ya sea desde Florencia, Bolonia o cualquier otro lugar\u2014 y no encuentra el modelo exacto que necesita, tenga la seguridad de que probablemente est\u00e9 a punto de incorporarse. Simplemente env\u00edenos un correo electr\u00f3nico con sus requisitos y nuestros ingenieros especializados le responder\u00e1n en 24 horas con una soluci\u00f3n a medida.<\/p>\n<p class=\"break-words\">FMP Company se compromete a impulsar el sector industrial italiano con tecnolog\u00eda superior en engranajes helicoidales. Desde las vanguardistas f\u00e1bricas de Mil\u00e1n hasta la hist\u00f3rica artesan\u00eda de Florencia, y desde la innovaci\u00f3n mar\u00edtima de Venecia hasta la experiencia mec\u00e1nica de Bolonia, estamos aqu\u00ed para potenciar sus operaciones con engranajes helicoidales cruzados fiables y dise\u00f1ados a medida. Cont\u00e1ctenos hoy mismo para conocer nuestra oferta o solicitar informaci\u00f3n sobre un modelo espec\u00edfico; nuestro equipo est\u00e1 listo para ayudarle con prontitud, garantizando que sus proyectos se desarrollen seg\u00fan lo previsto con la calidad y precisi\u00f3n que usted merece.<\/p>\n<p><img loading=\"lazy\" decoding=\"async\" class=\"wp-image-7374 aligncenter\" src=\"https:\/\/fmp-components.com\/wp-content\/uploads\/2025\/03\/screw-gear-crossed-helical-gear-product-7.webp\" alt=\"engranaje helicoidal cruzado\" width=\"932\" height=\"621\" title=\"\" srcset=\"https:\/\/fmp-components.com\/wp-content\/uploads\/2025\/03\/screw-gear-crossed-helical-gear-product-7.webp 932w, https:\/\/fmp-components.com\/wp-content\/uploads\/2025\/03\/screw-gear-crossed-helical-gear-product-7-480x320.webp 480w\" sizes=\"(min-width: 0px) and (max-width: 480px) 480px, (min-width: 481px) 932px, 100vw\" \/><\/p>\n<\/div>","protected":false},"excerpt":{"rendered":"<p>Screw Gears (Crossed Helical Gears) Screw gears, sometimes called crossed helical gears, are special gears that help move things between two shafts (like sticks that spin) that don\u2019t touch and aren\u2019t lined up straight. Regular helical gears for straight shafts have the same twist angle but twist in opposite ways. For screw gears, the twist [&hellip;]<\/p>","protected":false},"featured_media":7375,"comment_status":"open","ping_status":"closed","template":"","meta":{"_et_pb_use_builder":"","_et_pb_old_content":"","_et_gb_content_width":""},"product_brand":[],"product_cat":[108],"product_tag":[],"class_list":{"0":"post-7372","1":"product","2":"type-product","3":"status-publish","4":"has-post-thumbnail","6":"product_cat-helical-gear","8":"first","9":"instock","10":"shipping-taxable","11":"product-type-simple"},"_links":{"self":[{"href":"https:\/\/fmp-components.com\/es\/wp-json\/wp\/v2\/product\/7372","targetHints":{"allow":["GET"]}}],"collection":[{"href":"https:\/\/fmp-components.com\/es\/wp-json\/wp\/v2\/product"}],"about":[{"href":"https:\/\/fmp-components.com\/es\/wp-json\/wp\/v2\/types\/product"}],"replies":[{"embeddable":true,"href":"https:\/\/fmp-components.com\/es\/wp-json\/wp\/v2\/comments?post=7372"}],"wp:featuredmedia":[{"embeddable":true,"href":"https:\/\/fmp-components.com\/es\/wp-json\/wp\/v2\/media\/7375"}],"wp:attachment":[{"href":"https:\/\/fmp-components.com\/es\/wp-json\/wp\/v2\/media?parent=7372"}],"wp:term":[{"taxonomy":"product_brand","embeddable":true,"href":"https:\/\/fmp-components.com\/es\/wp-json\/wp\/v2\/product_brand?post=7372"},{"taxonomy":"product_cat","embeddable":true,"href":"https:\/\/fmp-components.com\/es\/wp-json\/wp\/v2\/product_cat?post=7372"},{"taxonomy":"product_tag","embeddable":true,"href":"https:\/\/fmp-components.com\/es\/wp-json\/wp\/v2\/product_tag?post=7372"}],"curies":[{"name":"gracias","href":"https:\/\/api.w.org\/{rel}","templated":true}]}}